{"id":16,"date":"2024-04-26T06:59:14","date_gmt":"2024-04-26T04:59:14","guid":{"rendered":"https:\/\/wanicki.pl\/sip\/o-nas\/"},"modified":"2026-01-13T15:38:03","modified_gmt":"2026-01-13T14:38:03","slug":"o-nas","status":"publish","type":"page","link":"https:\/\/wanicki.pl\/agro\/o-nas\/","title":{"rendered":"O nas"},"content":{"rendered":"<div class=\"wp-block-wanicki-page-hero-header page-hero-header\">\n    <div class=\"page-hero-header__image page-hero-header__image--desktop\"\n          style=\"background-image: url(https:\/\/wanicki.pl\/agro\/wp-content\/uploads\/sites\/16\/2024\/05\/DJI_0870-scaled.jpg)\" ><\/div>\n    <div class=\"page-hero-header__image page-hero-header__image--mobile\"\n          style=\"background-image: url(https:\/\/wanicki.pl\/agro\/wp-content\/uploads\/sites\/16\/2024\/05\/DJI_0870-scaled.jpg)\"\n            >\n    <\/div>\n    <div class=\"page-hero-header__container container\">\n        <h1 class=\"page-hero-header__title\"><strong>TW\u00d3J NIEZAWODNY PARTNER W ROLNICTWIE<\/strong><\/h1>\n                    <div class=\"page-hero-header__subtitle\"><p><span style=\"font-weight: 400;\">Jeste\u015bmy firm\u0105 z wieloletni\u0105 tradycj\u0105 i bogatym do\u015bwiadczeniem, kt\u00f3ra od ponad 10 lat aktywnie wspiera rozw\u00f3j polskiego sektora agro. Nasz\u0105 misj\u0105 jest zapewnianie naszym klientom niezawodnego wsparcia i najwy\u017cszej jako\u015bci us\u0142ug, dzi\u0119ki kt\u00f3rym mog\u0105 oni rozwija\u0107 swoje gospodarstwa.<\/span><\/p>\n<\/div>\n                    <\/div>\n<\/div>\n\n\n<div class=\"wp-block-wanicki-image-with-text image-with-text \">\n\n    <div class=\"image-with-text__image\">\n                    <div class=\"image-with-text__image-photo\"\n                 style=\"background-image: url(https:\/\/wanicki.pl\/agro\/wp-content\/uploads\/sites\/16\/2024\/08\/D50_4184-scaled.jpg)\"><\/div>\n            <\/div>\n\n    <div class=\"image-with-text__info  \">\n                    <div class=\"image-with-text__info-title-wrapper\">\n                <h2 class=\"image-with-text__info-title image-with-text__info-title--big\">MISJA i WIZJA<\/h2>\n                                    <\/div>\n                            <div class=\"image-with-text__info-text\">\n                <p><strong>MISJA:<\/strong> Wspieramy sukces polskich rolnik\u00f3w, dostarczaj\u0105c innowacyjne rozwi\u0105zania technologiczne, profesjonalne doradztwo oraz niezawodny serwis 24\/7, buduj\u0105c trwa\u0142e partnerstwa i przyczyniaj\u0105c si\u0119 do rozwoju nowoczesnego rolnictwa w Polsce.<\/p>\n<p><strong>WIZJA:<\/strong> Lider w dostarczaniu kompleksowych rozwi\u0105za\u0144 dla nowoczesnego rolnictwa.<\/p>\n\n            <\/div>\n                        \n    <\/div>\n\n<\/div>\n\n\n\n<div style=\"height:35px\" aria-hidden=\"true\" class=\"wp-block-spacer\"><\/div>\n\n\n\n<h2 class=\"wp-block-heading has-text-align-center\">nasze oddzia\u0142y<\/h2>\n\n\n\n<figure class=\"wp-block-image aligncenter size-large\"><img loading=\"lazy\" decoding=\"async\" width=\"819\" height=\"1024\" src=\"https:\/\/wanicki.pl\/agro\/wp-content\/uploads\/sites\/16\/2026\/01\/mapa2026-819x1024.jpg\" alt=\"\" class=\"wp-image-3223\" srcset=\"https:\/\/wanicki.pl\/agro\/wp-content\/uploads\/sites\/16\/2026\/01\/mapa2026-819x1024.jpg 819w, https:\/\/wanicki.pl\/agro\/wp-content\/uploads\/sites\/16\/2026\/01\/mapa2026-240x300.jpg 240w, https:\/\/wanicki.pl\/agro\/wp-content\/uploads\/sites\/16\/2026\/01\/mapa2026-768x960.jpg 768w, https:\/\/wanicki.pl\/agro\/wp-content\/uploads\/sites\/16\/2026\/01\/mapa2026.jpg 1080w\" sizes=\"auto, (max-width: 819px) 100vw, 819px\" \/><\/figure>\n\n\n\n<div style=\"height:35px\" aria-hidden=\"true\" class=\"wp-block-spacer\"><\/div>\n\n\n<div class=\"wp-block-wanicki-brands-with-image brands-with-image\">\n\n    <div class=\"brands-with-image__info\">\n                    <h2 class=\"brands-with-image__info-title  brands-with-image__info-title--big \">NASZE MARKI<\/h2>\n                                    <div class=\"brands-with-image__info-text\">\n                <p>Jako autoryzowany dealer marek <strong>John Deere,Kramer, Monosem, SIP, SaMASZ, BEDNAR, <span data-olk-copy-source=\"MessageBody\">Rolex Quality Farming <\/span><\/strong>dzia\u0142aj\u0105cy na terenie o\u015bmiu wojew\u00f3dztw oferujemy naszym klientom kompleksowe rozwi\u0105zania i pe\u0142en pakiet us\u0142ug, dostosowany do ich indywidualnych potrzeb.<\/p>\n\n            <\/div>\n            <\/div>\n    <div class=\"brands-with-image__image-wrapper\">\n            <div class=\"brands-with-image__image\"\n                 >\n                <div class=\"brands-with-image__grid\">\n                                                                        <a class=\"brands-with-image__item\" href=\"https:\/\/wanicki.pl\/johndeere\/\">\n                                                                    <img loading=\"lazy\" decoding=\"async\" width=\"291\" height=\"210\" src=\"https:\/\/wanicki.pl\/agro\/wp-content\/uploads\/sites\/16\/2024\/04\/John-Deere.png\" class=\"brands-with-image__item-icon\" alt=\"\" srcset=\"https:\/\/wanicki.pl\/agro\/wp-content\/uploads\/sites\/16\/2024\/04\/John-Deere.png 291w, https:\/\/wanicki.pl\/agro\/wp-content\/uploads\/sites\/16\/2024\/04\/John-Deere-24x17.png 24w, https:\/\/wanicki.pl\/agro\/wp-content\/uploads\/sites\/16\/2024\/04\/John-Deere-36x26.png 36w, https:\/\/wanicki.pl\/agro\/wp-content\/uploads\/sites\/16\/2024\/04\/John-Deere-48x35.png 48w\" sizes=\"auto, (max-width: 291px) 100vw, 291px\" \/>\n                                                            <\/a>\n                        \n                                                                        <a class=\"brands-with-image__item\" href=\"https:\/\/wanicki.pl\/kramer\/\">\n                                                                    <img loading=\"lazy\" decoding=\"async\" width=\"300\" height=\"83\" src=\"https:\/\/wanicki.pl\/agro\/wp-content\/uploads\/sites\/16\/2024\/04\/Logo_Kramer-Werke_GmbH.svg-1-300x83.png\" class=\"brands-with-image__item-icon\" alt=\"\" srcset=\"https:\/\/wanicki.pl\/agro\/wp-content\/uploads\/sites\/16\/2024\/04\/Logo_Kramer-Werke_GmbH.svg-1-300x83.png 300w, https:\/\/wanicki.pl\/agro\/wp-content\/uploads\/sites\/16\/2024\/04\/Logo_Kramer-Werke_GmbH.svg-1-768x212.png 768w, https:\/\/wanicki.pl\/agro\/wp-content\/uploads\/sites\/16\/2024\/04\/Logo_Kramer-Werke_GmbH.svg-1-24x7.png 24w, https:\/\/wanicki.pl\/agro\/wp-content\/uploads\/sites\/16\/2024\/04\/Logo_Kramer-Werke_GmbH.svg-1-36x10.png 36w, https:\/\/wanicki.pl\/agro\/wp-content\/uploads\/sites\/16\/2024\/04\/Logo_Kramer-Werke_GmbH.svg-1-48x13.png 48w, https:\/\/wanicki.pl\/agro\/wp-content\/uploads\/sites\/16\/2024\/04\/Logo_Kramer-Werke_GmbH.svg-1.png 915w\" sizes=\"auto, (max-width: 300px) 100vw, 300px\" \/>\n                                                            <\/a>\n                        \n                                                                        <a class=\"brands-with-image__item\" href=\"https:\/\/wanicki.pl\/monosem\/\">\n                                                                    <img loading=\"lazy\" decoding=\"async\" width=\"300\" height=\"39\" src=\"https:\/\/wanicki.pl\/agro\/wp-content\/uploads\/sites\/16\/2024\/04\/Logo_Monosem-300x39.png\" class=\"brands-with-image__item-icon\" alt=\"\" srcset=\"https:\/\/wanicki.pl\/agro\/wp-content\/uploads\/sites\/16\/2024\/04\/Logo_Monosem-300x39.png 300w, https:\/\/wanicki.pl\/agro\/wp-content\/uploads\/sites\/16\/2024\/04\/Logo_Monosem-1024x135.png 1024w, https:\/\/wanicki.pl\/agro\/wp-content\/uploads\/sites\/16\/2024\/04\/Logo_Monosem-768x101.png 768w, https:\/\/wanicki.pl\/agro\/wp-content\/uploads\/sites\/16\/2024\/04\/Logo_Monosem-1536x202.png 1536w, https:\/\/wanicki.pl\/agro\/wp-content\/uploads\/sites\/16\/2024\/04\/Logo_Monosem-2048x269.png 2048w, https:\/\/wanicki.pl\/agro\/wp-content\/uploads\/sites\/16\/2024\/04\/Logo_Monosem-24x3.png 24w, https:\/\/wanicki.pl\/agro\/wp-content\/uploads\/sites\/16\/2024\/04\/Logo_Monosem-36x5.png 36w, https:\/\/wanicki.pl\/agro\/wp-content\/uploads\/sites\/16\/2024\/04\/Logo_Monosem-48x6.png 48w\" sizes=\"auto, (max-width: 300px) 100vw, 300px\" \/>\n                                                            <\/a>\n                        \n                                                                        <a class=\"brands-with-image__item\" href=\"https:\/\/wanicki.pl\/sip\/\">\n                                                                    <img loading=\"lazy\" decoding=\"async\" width=\"300\" height=\"300\" src=\"https:\/\/wanicki.pl\/agro\/wp-content\/uploads\/sites\/16\/2024\/04\/SIP-LOGO-1-300x300.png\" class=\"brands-with-image__item-icon\" alt=\"\" srcset=\"https:\/\/wanicki.pl\/agro\/wp-content\/uploads\/sites\/16\/2024\/04\/SIP-LOGO-1-300x300.png 300w, https:\/\/wanicki.pl\/agro\/wp-content\/uploads\/sites\/16\/2024\/04\/SIP-LOGO-1-150x150.png 150w, https:\/\/wanicki.pl\/agro\/wp-content\/uploads\/sites\/16\/2024\/04\/SIP-LOGO-1-24x24.png 24w, https:\/\/wanicki.pl\/agro\/wp-content\/uploads\/sites\/16\/2024\/04\/SIP-LOGO-1-36x36.png 36w, https:\/\/wanicki.pl\/agro\/wp-content\/uploads\/sites\/16\/2024\/04\/SIP-LOGO-1-48x48.png 48w, https:\/\/wanicki.pl\/agro\/wp-content\/uploads\/sites\/16\/2024\/04\/SIP-LOGO-1.png 413w\" sizes=\"auto, (max-width: 300px) 100vw, 300px\" \/>\n                                                            <\/a>\n                        \n                                                                        <a class=\"brands-with-image__item\" href=\"https:\/\/wanicki.pl\/samasz\/\">\n                                                                    <img loading=\"lazy\" decoding=\"async\" width=\"300\" height=\"110\" src=\"https:\/\/wanicki.pl\/agro\/wp-content\/uploads\/sites\/16\/2024\/04\/SaMASZ-logo-komunalne-pomaranczowe-300x110.png\" class=\"brands-with-image__item-icon\" alt=\"\" srcset=\"https:\/\/wanicki.pl\/agro\/wp-content\/uploads\/sites\/16\/2024\/04\/SaMASZ-logo-komunalne-pomaranczowe-300x110.png 300w, https:\/\/wanicki.pl\/agro\/wp-content\/uploads\/sites\/16\/2024\/04\/SaMASZ-logo-komunalne-pomaranczowe-1024x375.png 1024w, https:\/\/wanicki.pl\/agro\/wp-content\/uploads\/sites\/16\/2024\/04\/SaMASZ-logo-komunalne-pomaranczowe-768x281.png 768w, https:\/\/wanicki.pl\/agro\/wp-content\/uploads\/sites\/16\/2024\/04\/SaMASZ-logo-komunalne-pomaranczowe-24x9.png 24w, https:\/\/wanicki.pl\/agro\/wp-content\/uploads\/sites\/16\/2024\/04\/SaMASZ-logo-komunalne-pomaranczowe-36x13.png 36w, https:\/\/wanicki.pl\/agro\/wp-content\/uploads\/sites\/16\/2024\/04\/SaMASZ-logo-komunalne-pomaranczowe-48x18.png 48w, https:\/\/wanicki.pl\/agro\/wp-content\/uploads\/sites\/16\/2024\/04\/SaMASZ-logo-komunalne-pomaranczowe.png 1400w\" sizes=\"auto, (max-width: 300px) 100vw, 300px\" \/>\n                                                            <\/a>\n                        \n                                                                        <a class=\"brands-with-image__item\" href=\"https:\/\/wanicki.pl\/agro\/bednar\/\">\n                                                                    <img loading=\"lazy\" decoding=\"async\" width=\"300\" height=\"77\" src=\"https:\/\/wanicki.pl\/agro\/wp-content\/uploads\/sites\/16\/2025\/03\/BEDNAR_logo_2019_RGB-300x77.png\" class=\"brands-with-image__item-icon\" alt=\"\" srcset=\"https:\/\/wanicki.pl\/agro\/wp-content\/uploads\/sites\/16\/2025\/03\/BEDNAR_logo_2019_RGB-300x77.png 300w, https:\/\/wanicki.pl\/agro\/wp-content\/uploads\/sites\/16\/2025\/03\/BEDNAR_logo_2019_RGB.png 662w\" sizes=\"auto, (max-width: 300px) 100vw, 300px\" \/>\n                                                            <\/a>\n                        \n                                                                        <a class=\"brands-with-image__item\" href=\"https:\/\/rol-ex.com.pl\/\">\n                                                                    <img loading=\"lazy\" decoding=\"async\" width=\"300\" height=\"212\" src=\"https:\/\/wanicki.pl\/agro\/wp-content\/uploads\/sites\/16\/2025\/07\/Rolex-black-300x212.png\" class=\"brands-with-image__item-icon\" alt=\"\" srcset=\"https:\/\/wanicki.pl\/agro\/wp-content\/uploads\/sites\/16\/2025\/07\/Rolex-black-300x212.png 300w, https:\/\/wanicki.pl\/agro\/wp-content\/uploads\/sites\/16\/2025\/07\/Rolex-black-1024x722.png 1024w, https:\/\/wanicki.pl\/agro\/wp-content\/uploads\/sites\/16\/2025\/07\/Rolex-black-768x542.png 768w, https:\/\/wanicki.pl\/agro\/wp-content\/uploads\/sites\/16\/2025\/07\/Rolex-black.png 1500w\" sizes=\"auto, (max-width: 300px) 100vw, 300px\" \/>\n                                                            <\/a>\n                        \n                                    <\/div>\n            <\/div>\n    <\/div>\n<\/div>\n\n\n<div class=\"wp-block-wanicki-image-with-text image-with-text \">\n\n    <div class=\"image-with-text__image\">\n                    <div class=\"image-with-text__image-photo\"\n                 style=\"background-image: url(https:\/\/wanicki.pl\/agro\/wp-content\/uploads\/sites\/16\/2024\/05\/P1059832-scaled-e1715068179695.jpg)\"><\/div>\n            <\/div>\n\n    <div class=\"image-with-text__info  \">\n                    <div class=\"image-with-text__info-title-wrapper\">\n                <h2 class=\"image-with-text__info-title image-with-text__info-title--big\">NASZA OFERTA<\/h2>\n                                    <\/div>\n                            <div class=\"image-with-text__info-text\">\n                <p>Oferujemy szeroki wachlarz us\u0142ug, w ramach kt\u00f3rych znajdziesz wszystko, czego potrzebujesz do efektywnej pracy w rolnictwie i bran\u017cy komunalnej:<\/p>\n<ul>\n<li style=\"font-weight: 400\"><strong>Sprzeda\u017c nowych i u\u017cywanych maszyn rolniczych<\/strong>: Szeroki wyb\u00f3r maszyn renomowanych marek, dostosowanych do indywidualnych potrzeb ka\u017cdego klienta.<\/li>\n<li><strong>Technologie rolnictwa precyzyjnego<\/strong>: Nasi specjali\u015bci pomog\u0105 w doborze technologii, kt\u00f3ra pozwoli Ci zwi\u0119kszy\u0107 zyski.<\/li>\n<li style=\"font-weight: 400\"><strong>Sklep z cz\u0119\u015bciami do maszyn rolniczych i akcesoriami:<\/strong> Oryginalne cz\u0119\u015bci zamienne i akcesoria zapewniaj\u0105ce bezawaryjn\u0105 prac\u0119 maszyn.<\/li>\n<li style=\"font-weight: 400\"><strong>Autoryzowany serwis dost\u0119pny stacjonarnie i w terenie<\/strong>: Zesp\u00f3\u0142 do\u015bwiadczonych serwisant\u00f3w zapewnia szybk\u0105 i fachow\u0105 pomoc w ka\u017cdym miejscu.<\/li>\n<li style=\"font-weight: 400\"><strong>Finansowanie zakupu maszyn:<\/strong> Pomagamy naszym klientom w uzyskaniu korzystnego finansowania zakupu maszyn rolniczych.<\/li>\n<li style=\"font-weight: 400\"><strong>Doradztwo rolnicze:<\/strong> Nasi specjali\u015bci doradz\u0105 w wyborze maszyn i us\u0142ug, dostosowanych do Twoich potrzeb.<\/li>\n<li style=\"font-weight: 400\"><strong>Szkolenia z zakresu obs\u0142ugi maszyn rolniczych: <\/strong>Prowadzimy szkolenia, kt\u00f3re pozwol\u0105 Ci w pe\u0142ni wykorzysta\u0107 mo\u017cliwo\u015bci Twoich maszyn.<\/li>\n<\/ul>\n<p>&nbsp;<\/p>\n\n            <\/div>\n                            <a href=\"https:\/\/wanicki.pl\/\" class=\"btn btn--primary image-with-text__button \"\n               >Dowiedz si\u0119 wi\u0119cej<\/a>\n                \n    <\/div>\n\n<\/div>\n\n\n<div class=\"wp-block-wanicki-spacer spacer \" style=\"--height: 80px;  --xl-height: 80px; --lg-height: 80px; --md-height: 80px; --sm-height: 80px; --xs-height: 80px;\">\n<\/div>\n\n\n\n<h2 class=\"wp-block-heading has-text-align-center has-4-xl-font-size\" style=\"font-style:normal;font-weight:400;text-transform:uppercase\">Chcemy tworzy\u0107 przysz\u0142o\u015b\u0107 rolnictwa razem z Tob\u0105, bo w\u0142a\u015bnie<strong> #NaszaWTymROLA,<\/strong> by wiedzie\u0107, kiedy i czego b\u0119dziesz potrzebowa\u0107\u2026 jutro<\/h2>\n\n\n<div class=\"wp-block-wanicki-spacer spacer \" style=\"--height: 80px;  --xl-height: 80px; --lg-height: 80px; --md-height: 80px; --sm-height: 80px; --xs-height: 80px;\">\n<\/div>\n\n\n\n<figure class=\"wp-block-embed is-type-video is-provider-youtube wp-block-embed-youtube wp-embed-aspect-16-9 wp-has-aspect-ratio\"><div class=\"wp-block-embed__wrapper\">\n<iframe loading=\"lazy\" title=\"Przysz\u0142o\u015b\u0107 zaczyna si\u0119 teraz! | Wanicki - Nasza w Tym Rola\" width=\"500\" height=\"281\" src=\"https:\/\/www.youtube.com\/embed\/X8qOjqXMLA8?feature=oembed\" frameborder=\"0\" allow=\"accelerometer; autoplay; clipboard-write; encrypted-media; gyroscope; picture-in-picture; web-share\" referrerpolicy=\"strict-origin-when-cross-origin\" allowfullscreen><\/iframe>\n<\/div><\/figure>\n","protected":false},"excerpt":{"rendered":"<p>nasze oddzia\u0142y Chcemy tworzy\u0107 przysz\u0142o\u015b\u0107 rolnictwa razem z Tob\u0105, bo w\u0142a\u015bnie #NaszaWTymROLA, by wiedzie\u0107, kiedy i czego b\u0119dziesz potrzebowa\u0107\u2026 jutro<\/p>\n","protected":false},"author":1,"featured_media":0,"parent":0,"menu_order":0,"comment_status":"closed","ping_status":"closed","template":"","meta":{"_acf_changed":false,"_seopress_robots_primary_cat":"","_seopress_titles_title":"O nas - Wanicki","_seopress_titles_desc":"Wanicki  \u2705 Zobacz jak pracuje Dealer Jutra \u2705 Poznaj nasz\u0105 ofert\u0119 i marki","_seopress_robots_index":"","inline_featured_image":false,"footnotes":""},"class_list":["post-16","page","type-page","status-publish","hentry"],"acf":[],"_links":{"self":[{"href":"https:\/\/wanicki.pl\/agro\/wp-json\/wp\/v2\/pages\/16","targetHints":{"allow":["GET"]}}],"collection":[{"href":"https:\/\/wanicki.pl\/agro\/wp-json\/wp\/v2\/pages"}],"about":[{"href":"https:\/\/wanicki.pl\/agro\/wp-json\/wp\/v2\/types\/page"}],"author":[{"embeddable":true,"href":"https:\/\/wanicki.pl\/agro\/wp-json\/wp\/v2\/users\/1"}],"replies":[{"embeddable":true,"href":"https:\/\/wanicki.pl\/agro\/wp-json\/wp\/v2\/comments?post=16"}],"version-history":[{"count":30,"href":"https:\/\/wanicki.pl\/agro\/wp-json\/wp\/v2\/pages\/16\/revisions"}],"predecessor-version":[{"id":3225,"href":"https:\/\/wanicki.pl\/agro\/wp-json\/wp\/v2\/pages\/16\/revisions\/3225"}],"wp:attachment":[{"href":"https:\/\/wanicki.pl\/agro\/wp-json\/wp\/v2\/media?parent=16"}],"curies":[{"name":"wp","href":"https:\/\/api.w.org\/{rel}","templated":true}]}}