{"id":1984,"date":"2024-10-02T09:36:27","date_gmt":"2024-10-02T07:36:27","guid":{"rendered":"https:\/\/wanicki.pl\/agro\/?page_id=1984"},"modified":"2025-06-05T09:51:04","modified_gmt":"2025-06-05T07:51:04","slug":"mlody-rolnik","status":"publish","type":"page","link":"https:\/\/wanicki.pl\/agro\/mlody-rolnik\/","title":{"rendered":"SKORZYSTAJ! PROGRAM M\u0141ODY ROLNIK"},"content":{"rendered":"<div class=\"wp-block-wanicki-hero-header hero-header\">\n    <div class=\"hero-header__image hero-header__image--desktop\"\n          style=\"background-image: url(https:\/\/wanicki.pl\/agro\/wp-content\/uploads\/sites\/16\/2024\/10\/p0040467_mwsky_rrd_n.webp)\" ><\/div>\n    <div class=\"hero-header__image hero-header__image--mobile\"\n          style=\"background-image: url(https:\/\/wanicki.pl\/agro\/wp-content\/uploads\/sites\/16\/2024\/10\/p0040467_mwsky_rrd_n.webp)\"\n         >\n    <\/div>\n    <div class=\"hero-header__container container\">\n        <h1 class=\"hero-header__title\">SKORZYSTAJ Z <br><strong>PROGRAMU M\u0141ODY ROLNIK<\/strong> Z NASZYM WSPARCIEM<\/h1>\n                    <div class=\"hero-header__subtitle\"><p>#NaszaWTymROLA, by wspiera\u0107 m\u0142odych rolnik\u00f3w w rozwoju gospodarstw! Skorzystaj z\u00a0 programu dotacyjnego <strong data-start=\"306\" data-end=\"330\">ARiMR \u201eM\u0142ody rolnik\u201d<\/strong> i wyposa\u017c swoje gospodarstwo w nowoczesne maszyny \u2013 na \u015bwietnych warunkach! Je\u015bli jeste\u015b m\u0142odym rolnikiem i chcesz rozwin\u0105\u0107 swoje gospodarstwo, ten program jest w\u0142a\u015bnie dla Ciebie!<\/p>\n<\/div>\n                            <a href=\"https:\/\/wanicki.pl\/agro\/mlody-rolnik\/#formularz\"\n               class=\"btn \"\n                           >WYPE\u0141NIAM FORMULARZ<\/a>\n            <\/div>\n<\/div>\n\n\n<div class=\"wp-block-wanicki-image-with-text image-with-text  image-with-text--reversed \">\n\n    <div class=\"image-with-text__image\">\n                    <div class=\"image-with-text__image-photo\"\n                 style=\"background-image: url(https:\/\/wanicki.pl\/agro\/wp-content\/uploads\/sites\/16\/2024\/10\/R2G000108_01-scaled.jpg)\"><\/div>\n            <\/div>\n\n    <div class=\"image-with-text__info  image-with-text__info--reversed  \">\n                    <div class=\"image-with-text__info-title-wrapper\">\n                <h2 class=\"image-with-text__info-title image-with-text__info-title--big\">Sprawd\u017a, czy spe\u0142niasz warunki:<\/h2>\n                                    <\/div>\n                            <div class=\"image-with-text__info-text\">\n                <p data-start=\"341\" data-end=\"717\">\u2705 Masz <strong data-start=\"348\" data-end=\"368\">mniej ni\u017c 41 lat<\/strong><\/p>\n<p data-start=\"341\" data-end=\"717\"><br data-start=\"368\" data-end=\"371\" \/>\u2705 Twoje gospodarstwo dzia\u0142a <strong data-start=\"399\" data-end=\"429\">nie d\u0142u\u017cej ni\u017c 24 miesi\u0105ce<\/strong><\/p>\n<p data-start=\"341\" data-end=\"717\"><br data-start=\"429\" data-end=\"432\" \/>\u2705 <strong data-start=\"434\" data-end=\"466\">Nie korzysta\u0142e\u015b\/a\u015b wcze\u015bniej<\/strong> z programu \u201ePremie dla m\u0142odych rolnik\u00f3w\u201d<\/p>\n<p data-start=\"341\" data-end=\"717\"><br data-start=\"507\" data-end=\"510\" \/>\u2705 <strong data-start=\"512\" data-end=\"564\">Nie musisz mie\u0107 wykszta\u0142cenia rolniczego od razu<\/strong> \u2013 masz a\u017c <strong data-start=\"575\" data-end=\"606\">3 lata na jego uzupe\u0142nienie!<\/strong><\/p>\n<p data-start=\"341\" data-end=\"717\"><br data-start=\"606\" data-end=\"609\" \/>\u2705 Gospodarstwo mo\u017cesz rozpocz\u0105\u0107 od \u015bredniej wojew\u00f3dzkiej powierzchni <strong data-start=\"678\" data-end=\"717\">dopiero po podpisaniu umowy z ARiMR<\/strong><\/p>\n<p data-start=\"341\" data-end=\"717\">\n<p data-start=\"341\" data-end=\"717\">\n<p data-start=\"341\" data-end=\"717\">\n<p data-start=\"341\" data-end=\"717\"><span style=\"color: #ff0000;\"><strong>\u2757NAB\u00d3R TRWA od 2 czerwca do 31 lipca 2025\u2757<\/strong><\/span><\/p>\n\n            <\/div>\n                        \n    <\/div>\n\n<\/div>\n\n\n<div class=\"wp-block-wanicki-image-with-text image-with-text \">\n\n    <div class=\"image-with-text__image\">\n                    <div class=\"image-with-text__image-photo\"\n                 style=\"background-image: url(https:\/\/wanicki.pl\/agro\/wp-content\/uploads\/sites\/16\/2025\/03\/6M-200-1-scaled-1.webp)\"><\/div>\n            <\/div>\n\n    <div class=\"image-with-text__info  \">\n                    <div class=\"image-with-text__info-title-wrapper\">\n                <h2 class=\"image-with-text__info-title image-with-text__info-title--big\">Ile mo\u017cesz dosta\u0107?<\/h2>\n                                    <\/div>\n                            <div class=\"image-with-text__info-text\">\n                <p data-start=\"748\" data-end=\"842\">\ud83d\udcb8 <strong data-start=\"751\" data-end=\"784\">200 000 z\u0142 bezzwrotnej premii<\/strong><\/p>\n<p data-start=\"748\" data-end=\"842\">\ud83d\udd39 I rata \u2013 <strong data-start=\"799\" data-end=\"813\">140 000 z\u0142<\/strong><br data-start=\"813\" data-end=\"816\" \/>\ud83d\udd39 II rata \u2013 <strong data-start=\"829\" data-end=\"842\">60 000 z\u0142<\/strong><\/p>\n\n            <\/div>\n                        \n    <\/div>\n\n<\/div>\n\n\n<div class=\"wp-block-wanicki-image-with-text image-with-text  image-with-text--reversed \">\n\n    <div class=\"image-with-text__image\">\n                    <div class=\"image-with-text__image-photo\"\n                 style=\"background-image: url(https:\/\/wanicki.pl\/agro\/wp-content\/uploads\/sites\/16\/2025\/03\/6M125-1-scaled.webp)\"><\/div>\n            <\/div>\n\n    <div class=\"image-with-text__info  image-with-text__info--reversed  \">\n                    <div class=\"image-with-text__info-title-wrapper\">\n                <h2 class=\"image-with-text__info-title image-with-text__info-title--big\">Na co mo\u017cesz przeznaczy\u0107 pieni\u0105dze?<\/h2>\n                                    <\/div>\n                            <div class=\"image-with-text__info-text\">\n                <p data-start=\"884\" data-end=\"1107\"><strong data-start=\"887\" data-end=\"902\">Minimum 70%<\/strong> musisz przeznaczy\u0107 na inwestycje trwa\u0142e, takie jak:<\/p>\n<p data-start=\"884\" data-end=\"1107\">\u2022 nowe maszyny i urz\u0105dzenia<br data-start=\"984\" data-end=\"987\" \/>\u2022 grunty rolne<br data-start=\"1001\" data-end=\"1004\" \/>\u2022 zakup zwierz\u0105t do stada podstawowego<br data-start=\"1042\" data-end=\"1045\" \/>\u2022 budowa i modernizacja budynk\u00f3w gospodarczych i inwentarskich<\/p>\n<p data-start=\"1109\" data-end=\"1255\"><strong data-start=\"1112\" data-end=\"1122\">Do 30%<\/strong> mo\u017cesz wykorzysta\u0107 na \u015brodki do produkcji:<\/p>\n<p data-start=\"1109\" data-end=\"1255\">\u2022 paliwo rolnicze<br data-start=\"1185\" data-end=\"1188\" \/>\u2022 nawozy i \u015brodki ochrony ro\u015blin<br data-start=\"1220\" data-end=\"1223\" \/>\u2022 pasze<br data-start=\"1230\" data-end=\"1233\" \/>\u2022 inne \u015brodki obrotowe<\/p>\n\n            <\/div>\n                        \n    <\/div>\n\n<\/div>\n\n\n<div class=\"wp-block-wanicki-image-with-text image-with-text \">\n\n    <div class=\"image-with-text__image\">\n                    <div class=\"image-with-text__image-photo\"\n                 style=\"background-image: url(https:\/\/wanicki.pl\/agro\/wp-content\/uploads\/sites\/16\/2024\/09\/74001v_gpc_n.webp)\"><\/div>\n            <\/div>\n\n    <div class=\"image-with-text__info  \">\n                    <div class=\"image-with-text__info-title-wrapper\">\n                <h2 class=\"image-with-text__info-title image-with-text__info-title--big\">POTRZEBUJESZ POMOCY W NAPISANIU WNIOSKU?<\/h2>\n                                    <\/div>\n                            <div class=\"image-with-text__info-text\">\n                <p>Chcia\u0142by\u015b skorzysta\u0107 z dotacji, ale nie wiesz od czego zacz\u0105\u0107?<\/p>\n<p>Mamy idealne rozwi\u0105zanie dla Ciebie!<\/p>\n<p>Oferujemy <span style=\"font-size: 18pt;\"><strong>BEZP\u0141ATN\u0104 POMOC <\/strong><\/span>naszego specjalisty ds. dotacji!<\/p>\n<ul>\n<li>Przygotujemy dla Ciebie wniosek, spe\u0142niaj\u0105c wszystkie wymogi programu.<\/li>\n<li>B\u0119dziemy Ci\u0119 wspiera\u0107 na ka\u017cdym etapie \u2013 od weryfikacji wniosku po jego rozliczenie.<\/li>\n<li>Dopasujemy si\u0119 do Twoich potrzeb \u2013 spotkania mog\u0105 odbywa\u0107 si\u0119 online lub tradycyjnie.<\/li>\n<li>Podpowiemy, jakie dokumenty s\u0105 potrzebne i jak je poprawnie wype\u0142ni\u0107.<\/li>\n<li>Po zako\u0144czeniu inwestycji pomo\u017cemy Ci rozliczy\u0107 dotacj\u0119 zgodnie z wymogami programu.<\/li>\n<\/ul>\n<p>Jeste\u015b zainteresowany? Nie czekaj!<\/p>\n\n            <\/div>\n                            <a href=\"tel:538130261\" class=\"btn btn--primary image-with-text__button \"\n               >Zadzwo\u0144 do nas<\/a>\n                            <div class=\"image-with-text__extra-links\">\n                                                                <\/div>\n        \n    <\/div>\n\n<\/div>\n\n\n<div class=\"wp-block-wanicki-job-form job-form__container\" id=\"formularz\">\n    <div class=\"container job-form\">\n        <div class=\"job-form__info\">\n            <h2 class=\"job-form__info-title\">Jeste\u015b zainteresowany\/a nasz\u0105 ofert\u0105?<\/h2>\n                    <p class=\"job-form__info-text\">\n                Wype\u0142nij poni\u017cszy formularz kontaktowy, a nasi specjali\u015bci skontaktuj\u0105 si\u0119 z Tob\u0105 tak szybko jak to mo\u017cliwe. Wsp\u00f3lnie dobierzemy rozwi\u0105zania i maszyny idealne dla Twojego gospodarstwa oraz pomo\u017cemy Ci przej\u015b\u0107 przez ca\u0142y proces sk\u0142adania wniosku o dotacj\u0119.\n            <\/p>\n        <\/div>\n        <div class=\"job-form__form\">\n            \n<div class=\"wpcf7 no-js\" id=\"wpcf7-f2028-o1\" lang=\"pl-PL\" dir=\"ltr\" data-wpcf7-id=\"2028\">\n<div class=\"screen-reader-response\"><p role=\"status\" aria-live=\"polite\" aria-atomic=\"true\"><\/p> <ul><\/ul><\/div>\n<form action=\"\/agro\/wp-json\/wp\/v2\/pages\/1984#wpcf7-f2028-o1\" method=\"post\" class=\"wpcf7-form init\" aria-label=\"Formularz kontaktowy\" novalidate=\"novalidate\" data-status=\"init\">\n<fieldset class=\"hidden-fields-container\"><input type=\"hidden\" name=\"_wpcf7\" value=\"2028\" \/><input type=\"hidden\" name=\"_wpcf7_version\" value=\"6.1.5\" \/><input type=\"hidden\" name=\"_wpcf7_locale\" value=\"pl_PL\" \/><input type=\"hidden\" name=\"_wpcf7_unit_tag\" value=\"wpcf7-f2028-o1\" \/><input type=\"hidden\" name=\"_wpcf7_container_post\" value=\"0\" \/><input type=\"hidden\" name=\"_wpcf7_posted_data_hash\" value=\"\" \/><input type=\"hidden\" name=\"_wpcf7_recaptcha_response\" value=\"\" \/>\n<\/fieldset>\n<div class=\"form-columns\">\n\t<p><label><span class=\"form-label\">Imi\u0119*<\/span><span class=\"wpcf7-form-control-wrap\" data-name=\"your-name\"><input size=\"40\" maxlength=\"400\" class=\"wpcf7-form-control wpcf7-text wpcf7-validates-as-required\" aria-required=\"true\" aria-invalid=\"false\" value=\"\" type=\"text\" name=\"your-name\" \/><\/span><\/label><br \/>\n<label><span class=\"form-label\">Nazwisko*<\/span><span class=\"wpcf7-form-control-wrap\" data-name=\"your-surname\"><input size=\"40\" maxlength=\"400\" class=\"wpcf7-form-control wpcf7-text wpcf7-validates-as-required\" aria-required=\"true\" aria-invalid=\"false\" value=\"\" type=\"text\" name=\"your-surname\" \/><\/span><\/label>\n\t<\/p>\n<\/div>\n<div class=\"form-columns\">\n\t<p><label><span class=\"form-label\">Email*<\/span><span class=\"wpcf7-form-control-wrap\" data-name=\"your-email\"><input size=\"40\" maxlength=\"400\" class=\"wpcf7-form-control wpcf7-email wpcf7-validates-as-required wpcf7-text wpcf7-validates-as-email\" aria-required=\"true\" aria-invalid=\"false\" value=\"\" type=\"email\" name=\"your-email\" \/><\/span><\/label><br \/>\n<label><span class=\"form-label\">Numer telefonu*<\/span><span class=\"wpcf7-form-control-wrap\" data-name=\"your-phone\"><input size=\"40\" maxlength=\"400\" class=\"wpcf7-form-control wpcf7-tel wpcf7-validates-as-required wpcf7-text wpcf7-validates-as-tel\" aria-required=\"true\" aria-invalid=\"false\" value=\"\" type=\"tel\" name=\"your-phone\" \/><\/span><\/label>\n\t<\/p>\n<\/div>\n<p><label><span class=\"form-label\">Kod pocztowy*<\/span><span class=\"wpcf7-form-control-wrap\" data-name=\"your-postcode\"><input size=\"40\" maxlength=\"400\" class=\"wpcf7-form-control wpcf7-text wpcf7-validates-as-required\" aria-required=\"true\" aria-invalid=\"false\" value=\"\" type=\"text\" name=\"your-postcode\" \/><\/span><\/label><br \/>\n<br \/>\n<\/p>\n<div class=\"checkbox-input\" style=\"font-size: 0.75em\">\n\t<p><span class=\"wpcf7-form-control-wrap\" data-name=\"your-acceptance\"><span class=\"wpcf7-form-control wpcf7-acceptance\"><span class=\"wpcf7-list-item\"><input type=\"checkbox\" name=\"your-acceptance\" value=\"1\" aria-invalid=\"false\" \/><\/span><\/span><\/span>\n\t<\/p>\n\t<div>\n\t\t<p>*O\u015bwiadczam, \u017ce zapozna\u0142em si\u0119 z <a href='\/polityka-prywatnosci\/' target=\"_blank\">Polityk\u0105 prywatno\u015bci oraz Regulaminem \u015bwiadczenia us\u0142ug drog\u0105 elektroniczn\u0105<\/a> i akceptuj\u0119 ich tre\u015b\u0107.\n\t\t<\/p>\n\t<\/div>\n<\/div>\n<div class=\"checkbox-input\" style=\"font-size: 0.75em\">\n\t<p><span class=\"wpcf7-form-control-wrap\" data-name=\"your-acceptance-info\"><span class=\"wpcf7-form-control wpcf7-acceptance optional\"><span class=\"wpcf7-list-item\"><input type=\"checkbox\" name=\"your-acceptance-info\" value=\"1\" aria-invalid=\"false\" \/><\/span><\/span><\/span>\n\t<\/p>\n\t<div>\n\t\t<p>Wyra\u017cam zgod\u0119 na przesy\u0142anie informacji handlowej skierowanej za pomoc\u0105 \u015brodk\u00f3w komunikacji elektronicznej oraz na u\u017cywanie telekomunikacyjnych urz\u0105dze\u0144 ko\u0144cowych i automatycznych system\u00f3w wywo\u0142uj\u0105cych dla cel\u00f3w marketingu bezpo\u015bredniego przez Grup\u0119 Wanicki*\n\t\t<\/p>\n\t<\/div>\n<\/div>\n<div style=\"font-size: 0.75em\">\n\t<p>Zgoda obejmuje kontakt za po\u015brednictwem:\n\t<\/p>\n<\/div>\n<div class=\"checkbox-input\" style=\"font-size: 0.75em\">\n\t<p>        <span class=\"wpcf7-form-control-wrap\" data-name=\"checkall-69dd063cd7268\">\r\n            <span class=\"wpcf7-form-control wpcf7-acceptance optional\">\r\n                <span class=\"wpcf7-list-item\">\r\n                    <input type=\"checkbox\" name=\"checkall-69dd063cd7268\" aria-invalid=\"false\" id=\"checkall-69dd063cd7268\" \/>\r\n                <\/span>\r\n            <\/span>\r\n        <\/span>\r\n        <div>\r\n            <p>\r\n                <br \/>\nZaznacz wszystkie pola            <\/p>\r\n        <\/div>\r\n    \n\t<\/p>\n<\/div>\n<div class=\"checkbox-input\" style=\"font-size: 0.75em\">\n\t<p><span class=\"wpcf7-form-control-wrap\" data-name=\"your-acceptance-email\"><span class=\"wpcf7-form-control wpcf7-acceptance optional\"><span class=\"wpcf7-list-item\"><input type=\"checkbox\" name=\"your-acceptance-email\" value=\"1\" aria-invalid=\"false\" \/><\/span><\/span><\/span>\n\t<\/p>\n\t<div>\n\t\t<p>E-mail\n\t\t<\/p>\n\t<\/div>\n<\/div>\n<div class=\"checkbox-input\" style=\"font-size: 0.75em\">\n\t<p><span class=\"wpcf7-form-control-wrap\" data-name=\"your-acceptance-sms\"><span class=\"wpcf7-form-control wpcf7-acceptance optional\"><span class=\"wpcf7-list-item\"><input type=\"checkbox\" name=\"your-acceptance-sms\" value=\"1\" aria-invalid=\"false\" \/><\/span><\/span><\/span>\n\t<\/p>\n\t<div>\n\t\t<p>SMS\n\t\t<\/p>\n\t<\/div>\n<\/div>\n<div class=\"checkbox-input\" style=\"font-size: 0.75em\">\n\t<p><span class=\"wpcf7-form-control-wrap\" data-name=\"your-acceptance-tel\"><span class=\"wpcf7-form-control wpcf7-acceptance optional\"><span class=\"wpcf7-list-item\"><input type=\"checkbox\" name=\"your-acceptance-tel\" value=\"1\" aria-invalid=\"false\" \/><\/span><\/span><\/span>\n\t<\/p>\n\t<div>\n\t\t<p>Kontakt telefoniczny\n\t\t<\/p>\n\t<\/div>\n<\/div>\n<div style=\"font-size: 0.75em\">\n\t<p>*przez Grup\u0119 Wanicki rozumie si\u0119 nast\u0119puj\u0105ce sp\u00f3\u0142ki: Firma Wanicki sp. z o.o. z siedzib\u0105 w Mogilanach, ul. My\u015blenicka 19, 32-031 Mogilany, KRS: 0000214618; Wanicki Serwis sp. z o.o. z siedzib\u0105 w Mogilanach, ul. My\u015blenicka 19, 32.-031 Mogilany, KRS: 0000225703, MW Wanicki sp. z o.o. z siedzib\u0105 w Mogilanach, ul. My\u015blenicka 19, 32.-031 Mogilany, KRS: 0000290954; BW Wanicki sp. z o.o. z siedzib\u0105 w Mogilanach, ul. My\u015blenicka 19, 32.-031 Mogilany, KRS: 0000277732; SW Wanicki sp. z o.o. z siedzib\u0105 w Mogilanach, ul. My\u015blenicka 19, 32.-031 Mogilany, KRS: 0000318232; Nedpol Truck Service sp. z o.o. z siedzib\u0105 w Romanowie, Roman\u00f3w 10b, 42-260 Roman\u00f3w, KRS: 0000062292; WW Wanicki sp. z o.o. z siedzib\u0105 w Trzcianie, Trzciana 162, 36-071 Trzciana, KRS: 0000214811; PT Wanicki sp. z o.o. z siedzib\u0105 w Mogilanach, ul. My\u015blenicka 19, 32.-031 Mogilany, KRS: 0001069064; Wanicki Rental sp. z o.o. z siedzib\u0105 w Mogilanach, ul. My\u015blenicka 19, 32.-031 Mogilany, KRS: 0000997992.\n\t<\/p>\n<\/div>\n<p><input class=\"wpcf7-form-control wpcf7-submit has-spinner\" type=\"submit\" value=\"Wy\u015blij wiadomo\u015b\u0107\" \/>\n<\/p><div class=\"wpcf7-response-output\" aria-hidden=\"true\"><\/div>\n<\/form>\n<\/div>\n        <\/div>\n    <\/div>\n<\/div>\n","protected":false},"excerpt":{"rendered":"","protected":false},"author":2,"featured_media":0,"parent":0,"menu_order":0,"comment_status":"closed","ping_status":"closed","template":"","meta":{"_acf_changed":false,"_seopress_robots_primary_cat":"","_seopress_titles_title":"M\u0142ody rolnik - dotacje - Wanicki","_seopress_titles_desc":"Skorzystaj z programu dotacyjnego ARiMR \u201eM\u0142ody rolnik\u201d i wyposa\u017c swoje gospodarstwo w nowoczesne maszyny \u2013 na \u015bwietnych warunkach!","_seopress_robots_index":"","inline_featured_image":false,"footnotes":""},"class_list":["post-1984","page","type-page","status-publish","hentry"],"acf":[],"_links":{"self":[{"href":"https:\/\/wanicki.pl\/agro\/wp-json\/wp\/v2\/pages\/1984","targetHints":{"allow":["GET"]}}],"collection":[{"href":"https:\/\/wanicki.pl\/agro\/wp-json\/wp\/v2\/pages"}],"about":[{"href":"https:\/\/wanicki.pl\/agro\/wp-json\/wp\/v2\/types\/page"}],"author":[{"embeddable":true,"href":"https:\/\/wanicki.pl\/agro\/wp-json\/wp\/v2\/users\/2"}],"replies":[{"embeddable":true,"href":"https:\/\/wanicki.pl\/agro\/wp-json\/wp\/v2\/comments?post=1984"}],"version-history":[{"count":41,"href":"https:\/\/wanicki.pl\/agro\/wp-json\/wp\/v2\/pages\/1984\/revisions"}],"predecessor-version":[{"id":2746,"href":"https:\/\/wanicki.pl\/agro\/wp-json\/wp\/v2\/pages\/1984\/revisions\/2746"}],"wp:attachment":[{"href":"https:\/\/wanicki.pl\/agro\/wp-json\/wp\/v2\/media?parent=1984"}],"curies":[{"name":"wp","href":"https:\/\/api.w.org\/{rel}","templated":true}]}}