{"id":26,"date":"2024-04-26T07:24:25","date_gmt":"2024-04-26T05:24:25","guid":{"rendered":"https:\/\/wanicki.pl\/sip\/?page_id=26"},"modified":"2025-08-27T12:44:08","modified_gmt":"2025-08-27T10:44:08","slug":"maszyny-rolnicze","status":"publish","type":"page","link":"https:\/\/wanicki.pl\/agro\/uslugi\/maszyny-rolnicze\/","title":{"rendered":"Maszyny rolnicze"},"content":{"rendered":"<div class=\"wp-block-wanicki-page-hero-header page-hero-header\">\n    <div class=\"page-hero-header__image page-hero-header__image--desktop\"\n          style=\"background-image: url(https:\/\/wanicki.pl\/agro\/wp-content\/uploads\/sites\/16\/2024\/05\/P1059936-1-scaled-e1715069225401.jpg)\" ><\/div>\n    <div class=\"page-hero-header__image page-hero-header__image--mobile\"\n          style=\"background-image: url(https:\/\/wanicki.pl\/agro\/wp-content\/uploads\/sites\/16\/2024\/05\/P1059936-1-scaled-e1715069225401.jpg)\"\n            >\n    <\/div>\n    <div class=\"page-hero-header__container container\">\n        <h1 class=\"page-hero-header__title\"><strong>MASZYNY ROLNICZE, KT\u00d3RE NAP\u0118DZAJ\u0104 TW\u00d3J SUKCES!<\/strong><\/h1>\n                    <div class=\"page-hero-header__subtitle\"><p><span style=\"font-weight: 400;\">Jeste\u015bmy kompleksowym partnerem, kt\u00f3ry rozumie potrzeby wsp\u00f3\u0142czesnych rolnik\u00f3w i oferuje im szeroki wachlarz rozwi\u0105za\u0144, kt\u00f3re pomagaj\u0105 im zwi\u0119ksza\u0107 wydajno\u015b\u0107 i rentowno\u015b\u0107 gospodarstw.<\/span><\/p>\n<\/div>\n                    <\/div>\n<\/div>\n\n\n<div class=\"wp-block-wanicki-image-with-text image-with-text  image-with-text--reversed \">\n\n    <div class=\"image-with-text__image\">\n                    <div class=\"image-with-text__image-photo\"\n                 style=\"background-image: url(https:\/\/wanicki.pl\/agro\/wp-content\/uploads\/sites\/16\/2024\/05\/John-Deere-7R-310-1-scaled-e1715070992199.jpg)\"><\/div>\n            <\/div>\n\n    <div class=\"image-with-text__info  image-with-text__info--reversed  \">\n                    <div class=\"image-with-text__info-title-wrapper\">\n                <h2 class=\"image-with-text__info-title image-with-text__info-title--big\">Wydajno\u015b\u0107 i rentowno\u015b\u0107 dzi\u0119ki najlepszym maszynom<\/h2>\n                                    <\/div>\n                            <div class=\"image-with-text__info-text\">\n                <p><span style=\"font-size: 12pt;\"><strong>Co Ci zapewniamy?\u00a0<\/strong><\/span><\/p>\n<ul>\n<li><span style=\"font-size: 12pt;\"><strong>Szeroki wyb\u00f3r maszyn rolniczych<\/strong>:\u00a0 najszerszy wyb\u00f3r maszyn rolniczych w regionie, od renomowanych marek takich jak John Deere, Kramer, Monosem, SIP, SaMASZ, BEDNAR. Dzi\u0119ki temu klienci mog\u0105 znale\u017a\u0107 w jednym miejscu wszystko, czego potrzebuj\u0105 do wyposa\u017cenia swojego gospodarstwa, niezale\u017cnie od jego wielko\u015bci i specyfiki produkcji.<\/span><\/li>\n<li><span style=\"font-size: 12pt;\"><strong style=\"color: #333333;\">Do\u015bwiadczony zesp\u00f3\u0142:<\/strong><span style=\"color: #333333;\"> Nasi specjali\u015bci posiadaj\u0105 wieloletnie do\u015bwiadczenie w bran\u017cy rolniczej i doskonale znaj\u0105 si\u0119 na oferowanych przez nas maszynach. Doradz\u0105 w doborze odpowiedniego sprz\u0119tu i technologii rolnictwa precyzyjnego do indywidualnych potrzeb i w zakresie jego u\u017cytkowania.<\/span><\/span><\/li>\n<li><span style=\"font-size: 12pt;\"><strong>Atrakcyjne ceny:<\/strong>\u00a0 Oferujemy konkurencyjne ceny maszyn rolniczych, a tak\u017ce szeroki wachlarz opcji finansowania, kt\u00f3re u\u0142atwi\u0105 Ci zakup wymarzonego sprz\u0119tu.<\/span><\/li>\n<li><span style=\"font-size: 12pt;\"><strong style=\"color: #333333;\">Serwis na najwy\u017cszym poziomie:<\/strong><span style=\"color: #333333;\"> Zapewniamy kompleksowy serwis oferowanych przez nas maszyn, w tym naprawy, przegl\u0105dy i konserwacj\u0119. Gwarantujemy szybk\u0105 i fachow\u0105 pomoc w przypadku awarii.<\/span><\/span><\/li>\n<li><span style=\"font-size: 12pt;\"><strong>Dodatkowe us\u0142ugi<\/strong>: Maj\u0105c na uwadze kompleksow\u0105 obs\u0142ug\u0119 zapewniamy, m.in. szkolenia z zakresu obs\u0142ugi maszyn, doradztwo oraz pomoc w pozyskiwaniu dotacji unijnych.<\/span><\/li>\n<\/ul>\n<p><span style=\"font-size: 12pt;\"><em>Wanicki to nie tylko maszyny rolnicze, to gwarancja sukcesu w rolnictwie!<\/em><\/span><\/p>\n\n            <\/div>\n                        \n    <\/div>\n\n<\/div>\n\n\n<div class=\"wp-block-wanicki-spacer spacer \" style=\"--height: 100px;  --xl-height: 100px; --lg-height: 100px; --md-height: 50px; --sm-height: 25px; --xs-height: 25px;\">\n<\/div>\n\n\n<div class=\"wp-block-wanicki-brands-grid brands-grid\">\n\n    <div class=\"container brands-grid__container\">\n\n        <div class=\"brands-grid__info\">\n                            <h3 class=\"brands-grid__info-title\">Zapoznaj si\u0119 z nasz\u0105 ofert\u0105 <\/h3>\n                                                <div class=\"brands-grid__info-text\"><p>Reprezentujemy \u015bwiatowe, zaufane i sprawdzone marki w rolnictwie.<\/p>\n<\/div>\n                    <\/div>\n\n        <div class=\"brands-grid__grid\">\n                                                <a class=\"brands-grid__item\" href=\"https:\/\/wanicki.pl\/johndeere\" target=\"\">\n                                                    <img loading=\"lazy\" decoding=\"async\" width=\"291\" height=\"210\" src=\"https:\/\/wanicki.pl\/agro\/wp-content\/uploads\/sites\/16\/2024\/04\/John-Deere.png\" class=\"brands-grid__item-icon\" alt=\"\" srcset=\"https:\/\/wanicki.pl\/agro\/wp-content\/uploads\/sites\/16\/2024\/04\/John-Deere.png 291w, https:\/\/wanicki.pl\/agro\/wp-content\/uploads\/sites\/16\/2024\/04\/John-Deere-24x17.png 24w, https:\/\/wanicki.pl\/agro\/wp-content\/uploads\/sites\/16\/2024\/04\/John-Deere-36x26.png 36w, https:\/\/wanicki.pl\/agro\/wp-content\/uploads\/sites\/16\/2024\/04\/John-Deere-48x35.png 48w\" sizes=\"auto, (max-width: 291px) 100vw, 291px\" \/>\n                                            <\/a>\n                \n                                                <a class=\"brands-grid__item\" href=\"https:\/\/wanicki.pl\/kramer\" target=\"\">\n                                                    <img loading=\"lazy\" decoding=\"async\" width=\"300\" height=\"83\" src=\"https:\/\/wanicki.pl\/agro\/wp-content\/uploads\/sites\/16\/2024\/04\/Logo_Kramer-Werke_GmbH.svg-1-300x83.png\" class=\"brands-grid__item-icon\" alt=\"\" srcset=\"https:\/\/wanicki.pl\/agro\/wp-content\/uploads\/sites\/16\/2024\/04\/Logo_Kramer-Werke_GmbH.svg-1-300x83.png 300w, https:\/\/wanicki.pl\/agro\/wp-content\/uploads\/sites\/16\/2024\/04\/Logo_Kramer-Werke_GmbH.svg-1-768x212.png 768w, https:\/\/wanicki.pl\/agro\/wp-content\/uploads\/sites\/16\/2024\/04\/Logo_Kramer-Werke_GmbH.svg-1-24x7.png 24w, https:\/\/wanicki.pl\/agro\/wp-content\/uploads\/sites\/16\/2024\/04\/Logo_Kramer-Werke_GmbH.svg-1-36x10.png 36w, https:\/\/wanicki.pl\/agro\/wp-content\/uploads\/sites\/16\/2024\/04\/Logo_Kramer-Werke_GmbH.svg-1-48x13.png 48w, https:\/\/wanicki.pl\/agro\/wp-content\/uploads\/sites\/16\/2024\/04\/Logo_Kramer-Werke_GmbH.svg-1.png 915w\" sizes=\"auto, (max-width: 300px) 100vw, 300px\" \/>\n                                            <\/a>\n                \n                                                <a class=\"brands-grid__item\" href=\"https:\/\/wanicki.pl\/monosem\/\" target=\"\">\n                                                    <img loading=\"lazy\" decoding=\"async\" width=\"300\" height=\"39\" src=\"https:\/\/wanicki.pl\/agro\/wp-content\/uploads\/sites\/16\/2024\/04\/Logo_Monosem-300x39.png\" class=\"brands-grid__item-icon\" alt=\"\" srcset=\"https:\/\/wanicki.pl\/agro\/wp-content\/uploads\/sites\/16\/2024\/04\/Logo_Monosem-300x39.png 300w, https:\/\/wanicki.pl\/agro\/wp-content\/uploads\/sites\/16\/2024\/04\/Logo_Monosem-1024x135.png 1024w, https:\/\/wanicki.pl\/agro\/wp-content\/uploads\/sites\/16\/2024\/04\/Logo_Monosem-768x101.png 768w, https:\/\/wanicki.pl\/agro\/wp-content\/uploads\/sites\/16\/2024\/04\/Logo_Monosem-1536x202.png 1536w, https:\/\/wanicki.pl\/agro\/wp-content\/uploads\/sites\/16\/2024\/04\/Logo_Monosem-2048x269.png 2048w, https:\/\/wanicki.pl\/agro\/wp-content\/uploads\/sites\/16\/2024\/04\/Logo_Monosem-24x3.png 24w, https:\/\/wanicki.pl\/agro\/wp-content\/uploads\/sites\/16\/2024\/04\/Logo_Monosem-36x5.png 36w, https:\/\/wanicki.pl\/agro\/wp-content\/uploads\/sites\/16\/2024\/04\/Logo_Monosem-48x6.png 48w\" sizes=\"auto, (max-width: 300px) 100vw, 300px\" \/>\n                                            <\/a>\n                \n                                                <a class=\"brands-grid__item\" href=\"https:\/\/wanicki.pl\/sip\" target=\"\">\n                                                    <img loading=\"lazy\" decoding=\"async\" width=\"300\" height=\"300\" src=\"https:\/\/wanicki.pl\/agro\/wp-content\/uploads\/sites\/16\/2024\/04\/SIP-LOGO-1-300x300.png\" class=\"brands-grid__item-icon\" alt=\"\" srcset=\"https:\/\/wanicki.pl\/agro\/wp-content\/uploads\/sites\/16\/2024\/04\/SIP-LOGO-1-300x300.png 300w, https:\/\/wanicki.pl\/agro\/wp-content\/uploads\/sites\/16\/2024\/04\/SIP-LOGO-1-150x150.png 150w, https:\/\/wanicki.pl\/agro\/wp-content\/uploads\/sites\/16\/2024\/04\/SIP-LOGO-1-24x24.png 24w, https:\/\/wanicki.pl\/agro\/wp-content\/uploads\/sites\/16\/2024\/04\/SIP-LOGO-1-36x36.png 36w, https:\/\/wanicki.pl\/agro\/wp-content\/uploads\/sites\/16\/2024\/04\/SIP-LOGO-1-48x48.png 48w, https:\/\/wanicki.pl\/agro\/wp-content\/uploads\/sites\/16\/2024\/04\/SIP-LOGO-1.png 413w\" sizes=\"auto, (max-width: 300px) 100vw, 300px\" \/>\n                                            <\/a>\n                \n                                                <a class=\"brands-grid__item\" href=\"https:\/\/wanicki.pl\/johndeere\/oferta\/maszyny-komunalne-i-ogrodowe\/osprzet-komunalny-samasz\/\" target=\"_blank\">\n                                                    <img loading=\"lazy\" decoding=\"async\" width=\"300\" height=\"110\" src=\"https:\/\/wanicki.pl\/agro\/wp-content\/uploads\/sites\/16\/2024\/04\/SaMASZ-logo-komunalne-pomaranczowe-300x110.png\" class=\"brands-grid__item-icon\" alt=\"\" srcset=\"https:\/\/wanicki.pl\/agro\/wp-content\/uploads\/sites\/16\/2024\/04\/SaMASZ-logo-komunalne-pomaranczowe-300x110.png 300w, https:\/\/wanicki.pl\/agro\/wp-content\/uploads\/sites\/16\/2024\/04\/SaMASZ-logo-komunalne-pomaranczowe-1024x375.png 1024w, https:\/\/wanicki.pl\/agro\/wp-content\/uploads\/sites\/16\/2024\/04\/SaMASZ-logo-komunalne-pomaranczowe-768x281.png 768w, https:\/\/wanicki.pl\/agro\/wp-content\/uploads\/sites\/16\/2024\/04\/SaMASZ-logo-komunalne-pomaranczowe-24x9.png 24w, https:\/\/wanicki.pl\/agro\/wp-content\/uploads\/sites\/16\/2024\/04\/SaMASZ-logo-komunalne-pomaranczowe-36x13.png 36w, https:\/\/wanicki.pl\/agro\/wp-content\/uploads\/sites\/16\/2024\/04\/SaMASZ-logo-komunalne-pomaranczowe-48x18.png 48w, https:\/\/wanicki.pl\/agro\/wp-content\/uploads\/sites\/16\/2024\/04\/SaMASZ-logo-komunalne-pomaranczowe.png 1400w\" sizes=\"auto, (max-width: 300px) 100vw, 300px\" \/>\n                                            <\/a>\n                \n                                                <a class=\"brands-grid__item\" href=\"https:\/\/wanicki.pl\/agro\/bednar\/\" target=\"_blank\">\n                                                    <img loading=\"lazy\" decoding=\"async\" width=\"300\" height=\"77\" src=\"https:\/\/wanicki.pl\/agro\/wp-content\/uploads\/sites\/16\/2025\/03\/BEDNAR_logo_2019_RGB-300x77.png\" class=\"brands-grid__item-icon\" alt=\"\" srcset=\"https:\/\/wanicki.pl\/agro\/wp-content\/uploads\/sites\/16\/2025\/03\/BEDNAR_logo_2019_RGB-300x77.png 300w, https:\/\/wanicki.pl\/agro\/wp-content\/uploads\/sites\/16\/2025\/03\/BEDNAR_logo_2019_RGB.png 662w\" sizes=\"auto, (max-width: 300px) 100vw, 300px\" \/>\n                                            <\/a>\n                \n                                                <div class=\"brands-grid__item\">\n                                                    <img loading=\"lazy\" decoding=\"async\" width=\"300\" height=\"212\" src=\"https:\/\/wanicki.pl\/agro\/wp-content\/uploads\/sites\/16\/2025\/07\/Rolex-black-300x212.png\" class=\"brands-grid__item-icon\" alt=\"\" srcset=\"https:\/\/wanicki.pl\/agro\/wp-content\/uploads\/sites\/16\/2025\/07\/Rolex-black-300x212.png 300w, https:\/\/wanicki.pl\/agro\/wp-content\/uploads\/sites\/16\/2025\/07\/Rolex-black-1024x722.png 1024w, https:\/\/wanicki.pl\/agro\/wp-content\/uploads\/sites\/16\/2025\/07\/Rolex-black-768x542.png 768w, https:\/\/wanicki.pl\/agro\/wp-content\/uploads\/sites\/16\/2025\/07\/Rolex-black.png 1500w\" sizes=\"auto, (max-width: 300px) 100vw, 300px\" \/>\n                                            <\/div>\n                \n                    <\/div>\n\n    <\/div>\n\n<\/div>\n\n\n<div class=\"wp-block-wanicki-spacer spacer \" style=\"--height: 100px;  --xl-height: 100px; --lg-height: 100px; --md-height: 50px; --sm-height: 25px; --xs-height: 25px;\">\n<\/div>\n\n\n<div class=\"wp-block-wanicki-job-form job-form__container\" id=\"\">\n    <div class=\"container job-form\">\n        <div class=\"job-form__info\">\n            <h2 class=\"job-form__info-title\">Jeste\u015b zainteresowany nasz\u0105 ofert\u0105?<\/h2>\n                    <p class=\"job-form__info-text\">\n                Wype\u0142nij formularz kontaktowy!\n            <\/p>\n        <\/div>\n        <div class=\"job-form__form\">\n            \n<div class=\"wpcf7 no-js\" id=\"wpcf7-f538-o1\" lang=\"pl-PL\" dir=\"ltr\" data-wpcf7-id=\"538\">\n<div class=\"screen-reader-response\"><p role=\"status\" aria-live=\"polite\" aria-atomic=\"true\"><\/p> <ul><\/ul><\/div>\n<form action=\"\/agro\/wp-json\/wp\/v2\/pages\/26#wpcf7-f538-o1\" method=\"post\" class=\"wpcf7-form init\" aria-label=\"Formularz kontaktowy\" novalidate=\"novalidate\" data-status=\"init\">\n<fieldset class=\"hidden-fields-container\"><input type=\"hidden\" name=\"_wpcf7\" value=\"538\" \/><input type=\"hidden\" name=\"_wpcf7_version\" value=\"6.1.5\" \/><input type=\"hidden\" name=\"_wpcf7_locale\" value=\"pl_PL\" \/><input type=\"hidden\" name=\"_wpcf7_unit_tag\" value=\"wpcf7-f538-o1\" \/><input type=\"hidden\" name=\"_wpcf7_container_post\" value=\"0\" \/><input type=\"hidden\" name=\"_wpcf7_posted_data_hash\" value=\"\" \/><input type=\"hidden\" name=\"_wpcf7_recaptcha_response\" value=\"\" \/>\n<\/fieldset>\n<div class=\"form-columns\">\n\t<p><label><span class=\"form-label\">Imi\u0119*<\/span><span class=\"wpcf7-form-control-wrap\" data-name=\"your-name\"><input size=\"40\" maxlength=\"400\" class=\"wpcf7-form-control wpcf7-text wpcf7-validates-as-required\" aria-required=\"true\" aria-invalid=\"false\" value=\"\" type=\"text\" name=\"your-name\" \/><\/span><\/label><br \/>\n<label><span class=\"form-label\">Nazwisko*<\/span><span class=\"wpcf7-form-control-wrap\" data-name=\"your-surname\"><input size=\"40\" maxlength=\"400\" class=\"wpcf7-form-control wpcf7-text\" aria-invalid=\"false\" value=\"\" type=\"text\" name=\"your-surname\" \/><\/span><\/label>\n\t<\/p>\n<\/div>\n<div class=\"form-columns\">\n\t<p><label><span class=\"form-label\">Email*<\/span><span class=\"wpcf7-form-control-wrap\" data-name=\"your-email\"><input size=\"40\" maxlength=\"400\" class=\"wpcf7-form-control wpcf7-email wpcf7-validates-as-required wpcf7-text wpcf7-validates-as-email\" aria-required=\"true\" aria-invalid=\"false\" value=\"\" type=\"email\" name=\"your-email\" \/><\/span><\/label><br \/>\n<label><span class=\"form-label\">Numer telefonu*<\/span><span class=\"wpcf7-form-control-wrap\" data-name=\"your-phone\"><input size=\"40\" maxlength=\"400\" class=\"wpcf7-form-control wpcf7-tel wpcf7-validates-as-required wpcf7-text wpcf7-validates-as-tel\" aria-required=\"true\" aria-invalid=\"false\" value=\"\" type=\"tel\" name=\"your-phone\" \/><\/span><\/label>\n\t<\/p>\n<\/div>\n<div class=\"form-columns\">\n\t<p><label><span class=\"form-label\">Najbli\u017cszy oddzia\u0142*<\/span><span class=\"wpcf7-form-control-wrap\" data-name=\"your-recipient\"><select class=\"wpcf7-form-control wpcf7-select qty qty--select select-input\" aria-invalid=\"false\" name=\"your-recipient\"><option value=\"Re\u0144ska Wie\u015b\">Re\u0144ska Wie\u015b<\/option><option value=\"Kielce\">Kielce<\/option><option value=\"Wolb\u00f3rz\">Wolb\u00f3rz<\/option><option value=\"Kutno\">Kutno<\/option><option value=\"Bramki\">Bramki<\/option><option value=\"Gr\u00f3jec\">Gr\u00f3jec<\/option><option value=\"D\u0105browa Tarnowska\">D\u0105browa Tarnowska<\/option><option value=\"Jaros\u0142aw\">Jaros\u0142aw<\/option><option value=\"Pu\u0142ankowice\">Pu\u0142ankowice<\/option><option value=\"Sitaniec\">Sitaniec<\/option><option value=\"Wola Piasecka\">Wola Piasecka<\/option><\/select><\/span><br \/>\n<\/label><br \/>\n<label><span class=\"form-label\">Kod pocztowy*<\/span><span class=\"wpcf7-form-control-wrap\" data-name=\"your-postcode\"><input size=\"40\" maxlength=\"400\" class=\"wpcf7-form-control wpcf7-text wpcf7-validates-as-required\" aria-required=\"true\" aria-invalid=\"false\" value=\"\" type=\"text\" name=\"your-postcode\" \/><\/span><\/label><br \/>\n<label><span class=\"form-label\">Interesuje mnie maszyna* <\/span><span class=\"wpcf7-form-control-wrap\" data-name=\"your-vehicle\"><input size=\"40\" maxlength=\"400\" class=\"wpcf7-form-control wpcf7-text wpcf7-validates-as-required\" aria-required=\"true\" aria-invalid=\"false\" placeholder=\"wpisz rodzaj\/model maszyny...\" value=\"\" type=\"text\" name=\"your-vehicle\" \/><\/span><\/label>\n\t<\/p>\n<\/div>\n<div class=\"checkbox-input\" style=\"font-size: 0.75em\">\n\t<p><span class=\"wpcf7-form-control-wrap\" data-name=\"your-acceptance\"><span class=\"wpcf7-form-control wpcf7-acceptance\"><span class=\"wpcf7-list-item\"><input type=\"checkbox\" name=\"your-acceptance\" value=\"1\" aria-invalid=\"false\" \/><\/span><\/span><\/span>\n\t<\/p>\n\t<div>\n\t\t<p>*O\u015bwiadczam, \u017ce zapozna\u0142em si\u0119 z <a href='\/polityka-prywatnosci\/' target=\"_blank\">Polityk\u0105 prywatno\u015bci oraz Regulaminem \u015bwiadczenia us\u0142ug drog\u0105 elektroniczn\u0105<\/a> i akceptuj\u0119 ich tre\u015b\u0107.\n\t\t<\/p>\n\t<\/div>\n<\/div>\n<div class=\"checkbox-input\" style=\"font-size: 0.75em\">\n\t<p><span class=\"wpcf7-form-control-wrap\" data-name=\"your-acceptance-info\"><span class=\"wpcf7-form-control wpcf7-acceptance optional\"><span class=\"wpcf7-list-item\"><input type=\"checkbox\" name=\"your-acceptance-info\" value=\"1\" aria-invalid=\"false\" \/><\/span><\/span><\/span>\n\t<\/p>\n\t<div>\n\t\t<p>Wyra\u017cam zgod\u0119 na przesy\u0142anie informacji handlowej skierowanej za pomoc\u0105 \u015brodk\u00f3w komunikacji elektronicznej oraz na u\u017cywanie telekomunikacyjnych urz\u0105dze\u0144 ko\u0144cowych i automatycznych system\u00f3w wywo\u0142uj\u0105cych dla cel\u00f3w marketingu bezpo\u015bredniego przez Grup\u0119 Wanicki*\n\t\t<\/p>\n\t<\/div>\n<\/div>\n<div style=\"font-size: 0.75em\">\n\t<p>Zgoda obejmuje kontakt za po\u015brednictwem:\n\t<\/p>\n<\/div>\n<div class=\"checkbox-input\" style=\"font-size: 0.75em\">\n\t<p>        <span class=\"wpcf7-form-control-wrap\" data-name=\"checkall-6a048eec461b2\">\r\n            <span class=\"wpcf7-form-control wpcf7-acceptance optional\">\r\n                <span class=\"wpcf7-list-item\">\r\n                    <input type=\"checkbox\" name=\"checkall-6a048eec461b2\" aria-invalid=\"false\" id=\"checkall-6a048eec461b2\" \/>\r\n                <\/span>\r\n            <\/span>\r\n        <\/span>\r\n        <div>\r\n            <p>\r\n                <br \/>\nZaznacz wszystkie pola            <\/p>\r\n        <\/div>\r\n    \n\t<\/p>\n<\/div>\n<div class=\"checkbox-input\" style=\"font-size: 0.75em\">\n\t<p><span class=\"wpcf7-form-control-wrap\" data-name=\"your-acceptance-email\"><span class=\"wpcf7-form-control wpcf7-acceptance optional\"><span class=\"wpcf7-list-item\"><input type=\"checkbox\" name=\"your-acceptance-email\" value=\"1\" aria-invalid=\"false\" \/><\/span><\/span><\/span>\n\t<\/p>\n\t<div>\n\t\t<p>E-mail\n\t\t<\/p>\n\t<\/div>\n<\/div>\n<div class=\"checkbox-input\" style=\"font-size: 0.75em\">\n\t<p><span class=\"wpcf7-form-control-wrap\" data-name=\"your-acceptance-sms\"><span class=\"wpcf7-form-control wpcf7-acceptance optional\"><span class=\"wpcf7-list-item\"><input type=\"checkbox\" name=\"your-acceptance-sms\" value=\"1\" aria-invalid=\"false\" \/><\/span><\/span><\/span>\n\t<\/p>\n\t<div>\n\t\t<p>SMS\n\t\t<\/p>\n\t<\/div>\n<\/div>\n<div class=\"checkbox-input\" style=\"font-size: 0.75em\">\n\t<p><span class=\"wpcf7-form-control-wrap\" data-name=\"your-acceptance-tel\"><span class=\"wpcf7-form-control wpcf7-acceptance optional\"><span class=\"wpcf7-list-item\"><input type=\"checkbox\" name=\"your-acceptance-tel\" value=\"1\" aria-invalid=\"false\" \/><\/span><\/span><\/span>\n\t<\/p>\n\t<div>\n\t\t<p>Kontakt telefoniczny\n\t\t<\/p>\n\t<\/div>\n<\/div>\n<div style=\"font-size: 0.75em\">\n\t<p>*przez Grup\u0119 Wanicki rozumie si\u0119 nast\u0119puj\u0105ce sp\u00f3\u0142ki: Firma Wanicki sp. z o.o. z siedzib\u0105 w Mogilanach, ul. My\u015blenicka 19, 32-031 Mogilany, KRS: 0000214618; Wanicki Serwis sp. z o.o. z siedzib\u0105 w Mogilanach, ul. My\u015blenicka 19, 32.-031 Mogilany, KRS: 0000225703, MW Wanicki sp. z o.o. z siedzib\u0105 w Mogilanach, ul. My\u015blenicka 19, 32.-031 Mogilany, KRS: 0000290954; BW Wanicki sp. z o.o. z siedzib\u0105 w Mogilanach, ul. My\u015blenicka 19, 32.-031 Mogilany, KRS: 0000277732; SW Wanicki sp. z o.o. z siedzib\u0105 w Mogilanach, ul. My\u015blenicka 19, 32.-031 Mogilany, KRS: 0000318232; Nedpol Truck Service sp. z o.o. z siedzib\u0105 w Romanowie, Roman\u00f3w 10b, 42-260 Roman\u00f3w, KRS: 0000062292; WW Wanicki sp. z o.o. z siedzib\u0105 w Trzcianie, Trzciana 162, 36-071 Trzciana, KRS: 0000214811; PT Wanicki sp. z o.o. z siedzib\u0105 w Mogilanach, ul. My\u015blenicka 19, 32.-031 Mogilany, KRS: 0001069064; Wanicki Rental sp. z o.o. z siedzib\u0105 w Mogilanach, ul. My\u015blenicka 19, 32.-031 Mogilany, KRS: 0000997992.\n\t<\/p>\n<\/div>\n<p><input class=\"wpcf7-form-control wpcf7-submit has-spinner\" type=\"submit\" value=\"Wy\u015blij wiadomo\u015b\u0107\" \/>\n<\/p><div class=\"wpcf7-response-output\" aria-hidden=\"true\"><\/div>\n<\/form>\n<\/div>\n        <\/div>\n    <\/div>\n<\/div>\n","protected":false},"excerpt":{"rendered":"","protected":false},"author":1,"featured_media":0,"parent":468,"menu_order":0,"comment_status":"closed","ping_status":"closed","template":"","meta":{"_acf_changed":false,"_seopress_robots_primary_cat":"","_seopress_titles_title":"Maszyny rolnicze - Agro Wanicki","_seopress_titles_desc":"Agro Wanicki  \u2705 Szeroki wyb\u00f3r maszyn rolniczych \u2705 Atrakcyjne ceny \u2705 Serwis na najwy\u017cszym poziomie  \u2705 Zobacz wi\u0119cej!","_seopress_robots_index":"","_seopress_analysis_target_kw":"maszyny rolnicze","inline_featured_image":false,"footnotes":""},"class_list":["post-26","page","type-page","status-publish","hentry"],"acf":[],"_links":{"self":[{"href":"https:\/\/wanicki.pl\/agro\/wp-json\/wp\/v2\/pages\/26","targetHints":{"allow":["GET"]}}],"collection":[{"href":"https:\/\/wanicki.pl\/agro\/wp-json\/wp\/v2\/pages"}],"about":[{"href":"https:\/\/wanicki.pl\/agro\/wp-json\/wp\/v2\/types\/page"}],"author":[{"embeddable":true,"href":"https:\/\/wanicki.pl\/agro\/wp-json\/wp\/v2\/users\/1"}],"replies":[{"embeddable":true,"href":"https:\/\/wanicki.pl\/agro\/wp-json\/wp\/v2\/comments?post=26"}],"version-history":[{"count":37,"href":"https:\/\/wanicki.pl\/agro\/wp-json\/wp\/v2\/pages\/26\/revisions"}],"predecessor-version":[{"id":2958,"href":"https:\/\/wanicki.pl\/agro\/wp-json\/wp\/v2\/pages\/26\/revisions\/2958"}],"up":[{"embeddable":true,"href":"https:\/\/wanicki.pl\/agro\/wp-json\/wp\/v2\/pages\/468"}],"wp:attachment":[{"href":"https:\/\/wanicki.pl\/agro\/wp-json\/wp\/v2\/media?parent=26"}],"curies":[{"name":"wp","href":"https:\/\/api.w.org\/{rel}","templated":true}]}}