{"id":3324,"date":"2026-03-31T15:43:28","date_gmt":"2026-03-31T13:43:28","guid":{"rendered":"https:\/\/wanicki.pl\/agro\/?page_id=3324"},"modified":"2026-04-01T09:34:02","modified_gmt":"2026-04-01T07:34:02","slug":"zwiekszaj-plony-z-bednar","status":"publish","type":"page","link":"https:\/\/wanicki.pl\/agro\/zwiekszaj-plony-z-bednar\/","title":{"rendered":"Zwi\u0119kszaj plony z Bednar"},"content":{"rendered":"<div class=\"wp-block-wanicki-hero-header hero-header\">\n    <div class=\"hero-header__image hero-header__image--desktop\"\n          style=\"background-image: url(https:\/\/wanicki.pl\/agro\/wp-content\/uploads\/sites\/16\/2026\/03\/1920x1080-1.png)\" ><\/div>\n    <div class=\"hero-header__image hero-header__image--mobile\"\n          style=\"background-image: url(https:\/\/wanicki.pl\/agro\/wp-content\/uploads\/sites\/16\/2026\/03\/1920x1080-1.png)\"\n         >\n    <\/div>\n    <div class=\"hero-header__container container\">\n        <h1 class=\"hero-header__title\">ZWI\u0118KSZAJ PLONY Z BEDNAR<br><strong>10% RABATU NA WYBRANE MODELE<\/strong><\/h1>\n                    <div class=\"hero-header__subtitle\"><p><strong><span style=\"font-size: 18pt;\">Tylko do 3O KWIETNIA 2026r. !<\/span><\/strong><\/p>\n<p>&nbsp;<\/p>\n<p><span style=\"font-size: 8pt;\">*Szczeg\u00f3\u0142y akcji promocyjnej w Regulaminie akcji poni\u017cej.<\/span><\/p>\n<p><span style=\"font-size: 8pt;\">**Oferta ma charakter informacyjny i nie stanowi oferty handlowej w rozumieniu KC (art. 71, art. 63).<\/span><\/p>\n<\/div>\n                            <a href=\"https:\/\/wanicki.pl\/agro\/zwiekszaj-plony-z-bednar\/#formularz\"\n               class=\"btn \"\n                           >JESTEM ZAINTERESOWANY<\/a>\n            <\/div>\n<\/div>\n\n\n<div class=\"wp-block-wanicki-job-form job-form__container\" id=\"formularz\">\n    <div class=\"container job-form\">\n        <div class=\"job-form__info\">\n            <h2 class=\"job-form__info-title\">Jeste\u015b zainteresowany?<\/h2>\n                    <p class=\"job-form__info-text\">\n                Wype\u0142nij formularz kontaktowy, a my skontaktujemy si\u0119 i przedstawimy szczeg\u00f3\u0142y oferty!\n            <\/p>\n        <\/div>\n        <div class=\"job-form__form\">\n            \n<div class=\"wpcf7 no-js\" id=\"wpcf7-f3327-o1\" lang=\"pl-PL\" dir=\"ltr\" data-wpcf7-id=\"3327\">\n<div class=\"screen-reader-response\"><p role=\"status\" aria-live=\"polite\" aria-atomic=\"true\"><\/p> <ul><\/ul><\/div>\n<form action=\"\/agro\/wp-json\/wp\/v2\/pages\/3324#wpcf7-f3327-o1\" method=\"post\" class=\"wpcf7-form init\" aria-label=\"Formularz kontaktowy\" novalidate=\"novalidate\" data-status=\"init\">\n<fieldset class=\"hidden-fields-container\"><input type=\"hidden\" name=\"_wpcf7\" value=\"3327\" \/><input type=\"hidden\" name=\"_wpcf7_version\" value=\"6.1.5\" \/><input type=\"hidden\" name=\"_wpcf7_locale\" value=\"pl_PL\" \/><input type=\"hidden\" name=\"_wpcf7_unit_tag\" value=\"wpcf7-f3327-o1\" \/><input type=\"hidden\" name=\"_wpcf7_container_post\" value=\"0\" \/><input type=\"hidden\" name=\"_wpcf7_posted_data_hash\" value=\"\" \/><input type=\"hidden\" name=\"_wpcf7_recaptcha_response\" value=\"\" \/>\n<\/fieldset>\n<div class=\"form-columns\">\n\t<p><label><span class=\"form-label\">Imi\u0119 i Nazwisko*<\/span><span class=\"wpcf7-form-control-wrap\" data-name=\"your-name\"><input size=\"40\" maxlength=\"400\" class=\"wpcf7-form-control wpcf7-text wpcf7-validates-as-required\" aria-required=\"true\" aria-invalid=\"false\" value=\"\" type=\"text\" name=\"your-name\" \/><\/span><\/label><br \/>\n<label><span class=\"form-label\">Email*<\/span><span class=\"wpcf7-form-control-wrap\" data-name=\"your-email\"><input size=\"40\" maxlength=\"400\" class=\"wpcf7-form-control wpcf7-email wpcf7-validates-as-required wpcf7-text wpcf7-validates-as-email\" aria-required=\"true\" aria-invalid=\"false\" value=\"\" type=\"email\" name=\"your-email\" \/><\/span><\/label>\n\t<\/p>\n<\/div>\n<div class=\"form-columns\">\n\t<p><label><span class=\"form-label\">Numer telefonu*<\/span><span class=\"wpcf7-form-control-wrap\" data-name=\"your-phone\"><input size=\"40\" maxlength=\"400\" class=\"wpcf7-form-control wpcf7-tel wpcf7-validates-as-required wpcf7-text wpcf7-validates-as-tel\" aria-required=\"true\" aria-invalid=\"false\" value=\"\" type=\"tel\" name=\"your-phone\" \/><\/span><\/label><br \/>\n<label><span class=\"form-label\">Kod pocztowy*<\/span><span class=\"wpcf7-form-control-wrap\" data-name=\"your-postcode\"><input size=\"40\" maxlength=\"400\" class=\"wpcf7-form-control wpcf7-text wpcf7-validates-as-required\" aria-required=\"true\" aria-invalid=\"false\" value=\"\" type=\"text\" name=\"your-postcode\" \/><\/span><\/label>\n\t<\/p>\n<\/div>\n<div class=\"checkbox-input\" style=\"font-size: 0.75em\">\n\t<p><span class=\"wpcf7-form-control-wrap\" data-name=\"your-acceptance\"><span class=\"wpcf7-form-control wpcf7-acceptance\"><span class=\"wpcf7-list-item\"><input type=\"checkbox\" name=\"your-acceptance\" value=\"1\" aria-invalid=\"false\" \/><\/span><\/span><\/span>\n\t<\/p>\n\t<div>\n\t\t<p>*O\u015bwiadczam, \u017ce zapozna\u0142em si\u0119 z <a href='\/polityka-prywatnosci\/' target=\"_blank\">Polityk\u0105 prywatno\u015bci oraz Regulaminem \u015bwiadczenia us\u0142ug drog\u0105 elektroniczn\u0105<\/a> i akceptuj\u0119 ich tre\u015b\u0107.\n\t\t<\/p>\n\t<\/div>\n<\/div>\n<div class=\"checkbox-input\" style=\"font-size: 0.75em\">\n\t<p><span class=\"wpcf7-form-control-wrap\" data-name=\"your-acceptance-info\"><span class=\"wpcf7-form-control wpcf7-acceptance optional\"><span class=\"wpcf7-list-item\"><input type=\"checkbox\" name=\"your-acceptance-info\" value=\"1\" aria-invalid=\"false\" \/><\/span><\/span><\/span>\n\t<\/p>\n\t<div>\n\t\t<p>Wyra\u017cam zgod\u0119 na przesy\u0142anie informacji handlowej skierowanej za pomoc\u0105 \u015brodk\u00f3w komunikacji elektronicznej oraz na u\u017cywanie telekomunikacyjnych urz\u0105dze\u0144 ko\u0144cowych i automatycznych system\u00f3w wywo\u0142uj\u0105cych dla cel\u00f3w marketingu bezpo\u015bredniego przez Grup\u0119 Wanicki*\n\t\t<\/p>\n\t<\/div>\n<\/div>\n<div style=\"font-size: 0.75em\">\n\t<p>Zgoda obejmuje kontakt za po\u015brednictwem:\n\t<\/p>\n<\/div>\n<div class=\"checkbox-input\" style=\"font-size: 0.75em\">\n\t<p>        <span class=\"wpcf7-form-control-wrap\" data-name=\"checkall-69db460955615\">\r\n            <span class=\"wpcf7-form-control wpcf7-acceptance optional\">\r\n                <span class=\"wpcf7-list-item\">\r\n                    <input type=\"checkbox\" name=\"checkall-69db460955615\" aria-invalid=\"false\" id=\"checkall-69db460955615\" \/>\r\n                <\/span>\r\n            <\/span>\r\n        <\/span>\r\n        <div>\r\n            <p>\r\n                <br \/>\nZaznacz wszystkie pola            <\/p>\r\n        <\/div>\r\n    \n\t<\/p>\n<\/div>\n<div class=\"checkbox-input\" style=\"font-size: 0.75em\">\n\t<p><span class=\"wpcf7-form-control-wrap\" data-name=\"your-acceptance-email\"><span class=\"wpcf7-form-control wpcf7-acceptance optional\"><span class=\"wpcf7-list-item\"><input type=\"checkbox\" name=\"your-acceptance-email\" value=\"1\" aria-invalid=\"false\" \/><\/span><\/span><\/span>\n\t<\/p>\n\t<div>\n\t\t<p>E-mail\n\t\t<\/p>\n\t<\/div>\n<\/div>\n<div class=\"checkbox-input\" style=\"font-size: 0.75em\">\n\t<p><span class=\"wpcf7-form-control-wrap\" data-name=\"your-acceptance-sms\"><span class=\"wpcf7-form-control wpcf7-acceptance optional\"><span class=\"wpcf7-list-item\"><input type=\"checkbox\" name=\"your-acceptance-sms\" value=\"1\" aria-invalid=\"false\" \/><\/span><\/span><\/span>\n\t<\/p>\n\t<div>\n\t\t<p>SMS\n\t\t<\/p>\n\t<\/div>\n<\/div>\n<div class=\"checkbox-input\" style=\"font-size: 0.75em\">\n\t<p><span class=\"wpcf7-form-control-wrap\" data-name=\"your-acceptance-tel\"><span class=\"wpcf7-form-control wpcf7-acceptance optional\"><span class=\"wpcf7-list-item\"><input type=\"checkbox\" name=\"your-acceptance-tel\" value=\"1\" aria-invalid=\"false\" \/><\/span><\/span><\/span>\n\t<\/p>\n\t<div>\n\t\t<p>Kontakt telefoniczny\n\t\t<\/p>\n\t<\/div>\n<\/div>\n<div style=\"font-size: 0.75em\">\n\t<p>*przez Grup\u0119 Wanicki rozumie si\u0119 nast\u0119puj\u0105ce sp\u00f3\u0142ki: Firma Wanicki sp. z o.o. z siedzib\u0105 w Mogilanach, ul. My\u015blenicka 19, 32-031 Mogilany, KRS: 0000214618; Wanicki Serwis sp. z o.o. z siedzib\u0105 w Mogilanach, ul. My\u015blenicka 19, 32.-031 Mogilany, KRS: 0000225703, MW Wanicki sp. z o.o. z siedzib\u0105 w Mogilanach, ul. My\u015blenicka 19, 32.-031 Mogilany, KRS: 0000290954; BW Wanicki sp. z o.o. z siedzib\u0105 w Mogilanach, ul. My\u015blenicka 19, 32.-031 Mogilany, KRS: 0000277732; SW Wanicki sp. z o.o. z siedzib\u0105 w Mogilanach, ul. My\u015blenicka 19, 32.-031 Mogilany, KRS: 0000318232; Nedpol Truck Service sp. z o.o. z siedzib\u0105 w Romanowie, Roman\u00f3w 10b, 42-260 Roman\u00f3w, KRS: 0000062292; WW Wanicki sp. z o.o. z siedzib\u0105 w Trzcianie, Trzciana 162, 36-071 Trzciana, KRS: 0000214811; PT Wanicki sp. z o.o. z siedzib\u0105 w Mogilanach, ul. My\u015blenicka 19, 32.-031 Mogilany, KRS: 0001069064; Wanicki Rental sp. z o.o. z siedzib\u0105 w Mogilanach, ul. My\u015blenicka 19, 32.-031 Mogilany, KRS: 0000997992.\n\t<\/p>\n<\/div>\n<p><input class=\"wpcf7-form-control wpcf7-submit has-spinner\" type=\"submit\" value=\"Prosz\u0119 o kontakt\" \/>\n<\/p><div class=\"wpcf7-response-output\" aria-hidden=\"true\"><\/div>\n<\/form>\n<\/div>\n        <\/div>\n    <\/div>\n<\/div>\n\n\n<div class=\"wp-block-wanicki-image-with-text image-with-text \">\n\n    <div class=\"image-with-text__image\">\n                    <div class=\"image-with-text__image-photo\"\n                 style=\"background-image: url(https:\/\/wanicki.pl\/agro\/wp-content\/uploads\/sites\/16\/2026\/03\/1080x1350_5v-copy-2.png)\"><\/div>\n            <\/div>\n\n    <div class=\"image-with-text__info   image-with-text__info--white \">\n                    <div class=\"image-with-text__info-title-wrapper\">\n                <h2 class=\"image-with-text__info-title\">Wykorzystaj potencja\u0142 swojej gleby<\/h2>\n                                    <\/div>\n                            <div class=\"image-with-text__info-text\">\n                <p data-start=\"176\" data-end=\"399\">Wi\u0119kszy plon zaczyna si\u0119 od dobrych decyzji podejmowanych du\u017co wcze\u015bniej.<\/p>\n<p data-start=\"176\" data-end=\"399\"><br data-start=\"477\" data-end=\"480\" \/>Je\u015bli chcesz lepiej przygotowa\u0107 gleb\u0119 i zadba\u0107 o precyzyjny siew, postaw na maszyny, kt\u00f3re wspieraj\u0105 ten etap pracy.<\/p>\n<p data-start=\"176\" data-end=\"399\">A teraz wybrane <strong>siewniki i brony talerzowe Bednar<\/strong> kupisz z <strong data-start=\"642\" data-end=\"657\">rabatem 10%<\/strong>, wi\u0119c to dobry moment, \u017ceby zainwestowa\u0107 w lepszy start upraw.<\/p>\n\n            <\/div>\n                            <a href=\"https:\/\/wanicki.pl\/agro\/wp-content\/uploads\/sites\/16\/2026\/04\/Regulamin-Akcji-Zwiekszaj-plony-z-Bednar.pdf\" class=\"btn btn--primary image-with-text__button \"\n               >REGULAMIN AKCJI<\/a>\n                            <div class=\"image-with-text__extra-links\">\n                                                                <\/div>\n        \n    <\/div>\n\n<\/div>\n\n\n<div class=\"wp-block-wanicki-image-with-text image-with-text  image-with-text--reversed \">\n\n    <div class=\"image-with-text__image\">\n                    <div class=\"image-with-text__image-photo\"\n                 style=\"background-image: url(https:\/\/wanicki.pl\/agro\/wp-content\/uploads\/sites\/16\/2026\/03\/1080x1350_2-copy-2.png)\"><\/div>\n            <\/div>\n\n    <div class=\"image-with-text__info  image-with-text__info--reversed   image-with-text__info--white \">\n                    <div class=\"image-with-text__info-title-wrapper\">\n                <h2 class=\"image-with-text__info-title\">Brona talerzowa SWIFTERDISC X05000F<\/h2>\n                                    <\/div>\n                            <div class=\"image-with-text__info-text\">\n                <p data-start=\"63\" data-end=\"328\"><strong data-start=\"63\" data-end=\"95\">Bednar SwifterDisc XO 5000 F<\/strong> to brona talerzowa dla tych, kt\u00f3rzy chc\u0105 przygotowa\u0107 pole szybko, dok\u0142adnie i bez zb\u0119dnych przestoj\u00f3w. Daje du\u017c\u0105 elastyczno\u015b\u0107 pracy, dobrze radzi sobie w r\u00f3\u017cnych warunkach i pomaga sprawnie przygotowa\u0107 gleb\u0119 pod kolejny etap uprawy.<\/p>\n<p>&nbsp;<\/p>\n\n            <\/div>\n                            <a href=\"https:\/\/www.bednar.com\/pl\/swifterdisc-xo_f-2\/\" class=\"btn btn--primary image-with-text__button \"\n               >POZNAJ BRONY TALERZOWE BEDNAR<\/a>\n                            <div class=\"image-with-text__extra-links\">\n                                                                <\/div>\n        \n    <\/div>\n\n<\/div>\n\n\n<div class=\"wp-block-wanicki-image-with-text image-with-text \">\n\n    <div class=\"image-with-text__image\">\n                    <div class=\"image-with-text__image-photo\"\n                 style=\"background-image: url(https:\/\/wanicki.pl\/agro\/wp-content\/uploads\/sites\/16\/2026\/03\/1080x1350_3-copy-2.png)\"><\/div>\n            <\/div>\n\n    <div class=\"image-with-text__info   image-with-text__info--white \">\n                    <div class=\"image-with-text__info-title-wrapper\">\n                <h2 class=\"image-with-text__info-title\">siewnik Omega OO6000FL<\/h2>\n                                    <\/div>\n                            <div class=\"image-with-text__info-text\">\n                <p data-start=\"176\" data-end=\"399\"><strong data-start=\"507\" data-end=\"539\">Bednar SwifterDisc XO6000F<\/strong> to brona talerzowa stworzona do szybkiej i wydajnej pracy na wi\u0119kszym areale. Pomaga sprawnie przygotowa\u0107 pole, oszcz\u0119dza\u0107 czas i utrzyma\u0107 wysokie tempo prac w sezonie.<\/p>\n<p data-start=\"176\" data-end=\"399\"><strong data-start=\"709\" data-end=\"748\">Teraz model obj\u0119ty jest rabatem 10%<\/strong>, dzi\u0119ki czemu inwestujesz w wydajn\u0105 maszyn\u0119 na jeszcze lepszych warunkach.<\/p>\n\n            <\/div>\n                            <a href=\"https:\/\/www.bednar.com\/pl\/swifterdisc-xo_f-2\/\" class=\"btn btn--primary image-with-text__button \"\n               >DOWIEDZ SI\u0118 WI\u0118CEJ<\/a>\n                            <div class=\"image-with-text__extra-links\">\n                                                                <\/div>\n        \n    <\/div>\n\n<\/div>\n\n\n\n<p><a href=\"https:\/\/wanicki.pl\/agro\/wp-admin\/post.php?post=3324&amp;action=edit#\"><\/a><\/p>\n\n\n<div class=\"wp-block-wanicki-image-with-text image-with-text  image-with-text--reversed \">\n\n    <div class=\"image-with-text__image\">\n                    <div class=\"image-with-text__image-photo\"\n                 style=\"background-image: url(https:\/\/wanicki.pl\/agro\/wp-content\/uploads\/sites\/16\/2026\/03\/1080x1350_4-copy-2.png)\"><\/div>\n            <\/div>\n\n    <div class=\"image-with-text__info  image-with-text__info--reversed   image-with-text__info--white \">\n                    <div class=\"image-with-text__info-title-wrapper\">\n                <h2 class=\"image-with-text__info-title\">Co dok\u0142adnie zyskujesz?<\/h2>\n                                    <\/div>\n                            <div class=\"image-with-text__info-text\">\n                <p data-section-id=\"b5v7wd\" data-start=\"1602\" data-end=\"1631\"><strong data-start=\"8\" data-end=\"35\">Bednar Omega OO6000FL<\/strong> to siewnik dla tych, kt\u00f3rzy chc\u0105 po\u0142\u0105czy\u0107 precyzyjny siew z wysok\u0105 wydajno\u015bci\u0105 pracy. Du\u017ca pojemno\u015b\u0107 zbiornika, mo\u017cliwo\u015b\u0107 siewu z nawo\u017ceniem oraz solidne wyposa\u017cenie robocze sprawiaj\u0105, \u017ce maszyna pomaga lepiej wykorzysta\u0107 czas w sezonie i sprawnie wykona\u0107 wi\u0119cej pracy w jednym przeje\u017adzie.<\/p>\n\n            <\/div>\n                            <a href=\"https:\/\/www.bednar.com\/pl\/omega-oo_fl\/\" class=\"btn btn--primary image-with-text__button \"\n               >POZNAJ SIEWNIKI BEDNAR<\/a>\n                            <div class=\"image-with-text__extra-links\">\n                                                                <\/div>\n        \n    <\/div>\n\n<\/div>\n","protected":false},"excerpt":{"rendered":"","protected":false},"author":15,"featured_media":3325,"parent":0,"menu_order":0,"comment_status":"closed","ping_status":"closed","template":"","meta":{"_acf_changed":false,"_seopress_robots_primary_cat":"","_seopress_titles_title":"Gwarancja odkupu I Wanicki","_seopress_titles_desc":"Kup now\u0105 maszyn\u0119 John Deere i zyskaj 5 lat finansowania 0%, ochron\u0119 PowerGard Protection Plus oraz gwarancj\u0119 odkupu po 5 latach.","_seopress_robots_index":"","inline_featured_image":false,"footnotes":""},"class_list":["post-3324","page","type-page","status-publish","has-post-thumbnail","hentry"],"acf":[],"_links":{"self":[{"href":"https:\/\/wanicki.pl\/agro\/wp-json\/wp\/v2\/pages\/3324","targetHints":{"allow":["GET"]}}],"collection":[{"href":"https:\/\/wanicki.pl\/agro\/wp-json\/wp\/v2\/pages"}],"about":[{"href":"https:\/\/wanicki.pl\/agro\/wp-json\/wp\/v2\/types\/page"}],"author":[{"embeddable":true,"href":"https:\/\/wanicki.pl\/agro\/wp-json\/wp\/v2\/users\/15"}],"replies":[{"embeddable":true,"href":"https:\/\/wanicki.pl\/agro\/wp-json\/wp\/v2\/comments?post=3324"}],"version-history":[{"count":14,"href":"https:\/\/wanicki.pl\/agro\/wp-json\/wp\/v2\/pages\/3324\/revisions"}],"predecessor-version":[{"id":3352,"href":"https:\/\/wanicki.pl\/agro\/wp-json\/wp\/v2\/pages\/3324\/revisions\/3352"}],"wp:featuredmedia":[{"embeddable":true,"href":"https:\/\/wanicki.pl\/agro\/wp-json\/wp\/v2\/media\/3325"}],"wp:attachment":[{"href":"https:\/\/wanicki.pl\/agro\/wp-json\/wp\/v2\/media?parent=3324"}],"curies":[{"name":"wp","href":"https:\/\/api.w.org\/{rel}","templated":true}]}}