{"id":139,"date":"2024-04-12T16:21:21","date_gmt":"2024-04-12T14:21:21","guid":{"rendered":"https:\/\/wanicki.pl\/daf\/?page_id=139"},"modified":"2025-07-16T14:13:39","modified_gmt":"2025-07-16T12:13:39","slug":"daf-multisupport","status":"publish","type":"page","link":"https:\/\/wanicki.pl\/daf\/daf-multisupport\/","title":{"rendered":"DAF MultiSupport"},"content":{"rendered":"<div class=\"wp-block-wanicki-page-hero-header page-hero-header\">\n    <div class=\"page-hero-header__image page-hero-header__image--desktop\"\n          style=\"background-image: url(https:\/\/wanicki.pl\/daf\/wp-content\/uploads\/sites\/3\/2024\/05\/Z623825_Easy-Resize.com_.jpg)\" ><\/div>\n    <div class=\"page-hero-header__image page-hero-header__image--mobile\"\n          style=\"background-image: url(https:\/\/wanicki.pl\/daf\/wp-content\/uploads\/sites\/3\/2024\/05\/Z623825_Easy-Resize.com_.jpg)\"\n            >\n    <\/div>\n    <div class=\"page-hero-header__container container\">\n        <h1 class=\"page-hero-header__title\"><strong>DAF MULTISUPPORT<\/strong><\/h1>\n                    <div class=\"page-hero-header__subtitle\"><p>Dostosowane us\u0142ugi naprawcze i serwisowe dla Twojej firmy<\/p>\n<\/div>\n                    <\/div>\n<\/div>\n\n\n<div class=\"wp-block-wanicki-image-with-text image-with-text \">\n\n    <div class=\"image-with-text__image\">\n                    <div class=\"image-with-text__image-photo\"\n                 style=\"background-image: url(https:\/\/wanicki.pl\/daf\/wp-content\/uploads\/sites\/3\/2024\/05\/Z623780_Easy-Resize.com_.jpg)\"><\/div>\n            <\/div>\n\n    <div class=\"image-with-text__info   image-with-text__info--white \">\n                    <div class=\"image-with-text__info-title-wrapper\">\n                <h2 class=\"image-with-text__info-title image-with-text__info-title--big\">CO OFERUJEMY?<\/h2>\n                                    <\/div>\n                            <div class=\"image-with-text__info-text\">\n                <p>DAF MultiSupport oferuje r\u00f3\u017cnorodne pakiety us\u0142ug naprawczych i serwisowych, kt\u00f3re przed\u0142u\u017caj\u0105 czas eksploatacji pojazd\u00f3w, umo\u017cliwiaj\u0105 kontrol\u0119 nad kosztami i minimalizuj\u0105 ryzyko awarii.<\/p>\n<p>Klient sam decyduje o zakresie us\u0142ug, a istnieje tak\u017ce mo\u017cliwo\u015b\u0107 rozszerzenia kontraktu o opiek\u0119 nad wyposa\u017ceniem i konstrukcj\u0105 przyczepy lub naczepy.<\/p>\n\n            <\/div>\n                        \n    <\/div>\n\n<\/div>\n\n\n<div class=\"wp-block-wanicki-image-with-text image-with-text  image-with-text--reversed \">\n\n    <div class=\"image-with-text__image\">\n                    <div class=\"image-with-text__image-photo\"\n                 style=\"background-image: url(https:\/\/wanicki.pl\/daf\/wp-content\/uploads\/sites\/3\/2024\/05\/Z623770_Easy-Resize.com_.jpg)\"><\/div>\n            <\/div>\n\n    <div class=\"image-with-text__info  image-with-text__info--reversed  \">\n                    <div class=\"image-with-text__info-title-wrapper\">\n                <h2 class=\"image-with-text__info-title image-with-text__info-title--big\">ZAOPIEKUJEMY SI\u0118 TOB\u0104<\/h2>\n                                    <\/div>\n                            <div class=\"image-with-text__info-text\">\n                <p><strong>Zapewniamy elastyczn\u0105 obs\u0142ug\u0119 zar\u00f3wno w kraju, jak i za granic\u0105, gwarantuj\u0105c doskona\u0142e utrzymanie floty i maksymaln\u0105 dost\u0119pno\u015b\u0107 pojazd\u00f3w.<\/strong><\/p>\n<p>Umowa z DAF MultiSupport pozwala przedsi\u0119biorcom skoncentrowa\u0107 si\u0119 na prowadzeniu swojej dzia\u0142alno\u015bci, maj\u0105c pewno\u015b\u0107, \u017ce obs\u0142uga techniczna jest w najlepszych r\u0119kach.<\/p>\n\n            <\/div>\n                        \n    <\/div>\n\n<\/div>\n\n\n<div class=\"wp-block-wanicki-image-with-text image-with-text \">\n\n    <div class=\"image-with-text__image\">\n                    <div class=\"image-with-text__image-photo\"\n                 style=\"background-image: url(https:\/\/wanicki.pl\/daf\/wp-content\/uploads\/sites\/3\/2024\/05\/P1028343_Easy-Resize.com_.jpg)\"><\/div>\n            <\/div>\n\n    <div class=\"image-with-text__info  \">\n                    <div class=\"image-with-text__info-title-wrapper\">\n                <h2 class=\"image-with-text__info-title image-with-text__info-title--big\">DAF ITS<\/h2>\n                                    <\/div>\n                            <div class=\"image-with-text__info-text\">\n                <p>W razie awarii lub innych nieprzewidzianych zdarze\u0144 mo\u017cna w pe\u0142ni polega\u0107 na naszym serwisie International Truck Service od DAF.<\/p>\n<p><strong>Dzia\u0142amy dla Pa\u0144stwa 24 godziny na dob\u0119, 7 dni w tygodniu, przez ca\u0142y rok.<\/strong><\/p>\n<p>Nasi do\u015bwiadczeni operatorzy s\u0105 gotowi zapewni\u0107 wszelk\u0105 niezb\u0119dn\u0105 pomoc, aby szybko przywr\u00f3ci\u0107 pojazd ci\u0119\u017carowy do dzia\u0142ania.<\/p>\n<p>&nbsp;<\/p>\n<p><strong>Zadzwo\u0144 do DAF ITS:<\/strong><\/p>\n\n            <\/div>\n                            <a href=\"tel:+ 31 40 241 3000\" class=\"btn btn--primary image-with-text__button \"\n               >+ 31 40 241 3000<\/a>\n                \n    <\/div>\n\n<\/div>\n","protected":false},"excerpt":{"rendered":"","protected":false},"author":1,"featured_media":0,"parent":0,"menu_order":0,"comment_status":"closed","ping_status":"closed","template":"","meta":{"_acf_changed":false,"_seopress_robots_primary_cat":"","_seopress_titles_title":"DAF MultiSupport - DAF - Wanicki.pl","_seopress_titles_desc":"Wanicki - dealer DAF \u2705 Pakiety us\u0142ug naprawczych i serwisowych \u2705 DAF ITS 24\/7 \u2705 Dowiedz si\u0119 wi\u0119cej","_seopress_robots_index":"","inline_featured_image":false,"footnotes":""},"class_list":["post-139","page","type-page","status-publish","hentry"],"acf":[],"_links":{"self":[{"href":"https:\/\/wanicki.pl\/daf\/wp-json\/wp\/v2\/pages\/139","targetHints":{"allow":["GET"]}}],"collection":[{"href":"https:\/\/wanicki.pl\/daf\/wp-json\/wp\/v2\/pages"}],"about":[{"href":"https:\/\/wanicki.pl\/daf\/wp-json\/wp\/v2\/types\/page"}],"author":[{"embeddable":true,"href":"https:\/\/wanicki.pl\/daf\/wp-json\/wp\/v2\/users\/1"}],"replies":[{"embeddable":true,"href":"https:\/\/wanicki.pl\/daf\/wp-json\/wp\/v2\/comments?post=139"}],"version-history":[{"count":20,"href":"https:\/\/wanicki.pl\/daf\/wp-json\/wp\/v2\/pages\/139\/revisions"}],"predecessor-version":[{"id":4416,"href":"https:\/\/wanicki.pl\/daf\/wp-json\/wp\/v2\/pages\/139\/revisions\/4416"}],"wp:attachment":[{"href":"https:\/\/wanicki.pl\/daf\/wp-json\/wp\/v2\/media?parent=139"}],"curies":[{"name":"wp","href":"https:\/\/api.w.org\/{rel}","templated":true}]}}