{"id":153,"date":"2024-04-12T16:29:44","date_gmt":"2024-04-12T14:29:44","guid":{"rendered":"https:\/\/wanicki.pl\/daf\/?page_id=153"},"modified":"2025-01-20T13:00:37","modified_gmt":"2025-01-20T12:00:37","slug":"daf-ecodrive","status":"publish","type":"page","link":"https:\/\/wanicki.pl\/daf\/daf-ecodrive\/","title":{"rendered":"DAF Ecodrive+"},"content":{"rendered":"<div class=\"wp-block-wanicki-page-hero-header page-hero-header\">\n    <div class=\"page-hero-header__image page-hero-header__image--desktop\"\n         ><\/div>\n    <div class=\"page-hero-header__image page-hero-header__image--mobile\"\n         >\n    <\/div>\n    <div class=\"page-hero-header__container container\">\n        <h1 class=\"page-hero-header__title\"><strong>DAF ECODRIVE+<\/strong><\/h1>\n                    <div class=\"page-hero-header__subtitle\"><p>Szkolenie kierowc\u00f3w DAF Driver Academy<\/p>\n<\/div>\n                    <\/div>\n<\/div>\n\n\n<div class=\"wp-block-wanicki-image-with-text image-with-text  image-with-text--reversed \">\n\n    <div class=\"image-with-text__image\">\n                    <div class=\"image-with-text__image-photo\"\n                 style=\"background-image: url(https:\/\/wanicki.pl\/daf\/wp-content\/uploads\/sites\/3\/2024\/05\/STS4153-Driver-in-truck_Easy-Resize.com_.jpg)\"><\/div>\n            <\/div>\n\n    <div class=\"image-with-text__info  image-with-text__info--reversed  \">\n                    <div class=\"image-with-text__info-title-wrapper\">\n                <h2 class=\"image-with-text__info-title image-with-text__info-title--big\">OFEROWANE SZKOLENIA<\/h2>\n                                    <\/div>\n                            <div class=\"image-with-text__info-text\">\n                <p>Wiedza i umiej\u0119tno\u015bci kierowc\u00f3w maj\u0105 kluczowe znaczenie dla osi\u0105gni\u0119cia maksymalnej wydajno\u015bci pojazdu.<\/p>\n<p>Podczas szkole\u0144 oferowanych przez Akademi\u0119 DAF kierowcy zdobywaj\u0105 umiej\u0119tno\u015bci zwi\u0105zane z oszcz\u0119dzaniem paliwa oraz skutecznym przewidywaniem sytuacji na drodze. To przek\u0142ada si\u0119 na obni\u017cone koszty eksploatacji oraz wysok\u0105 gotowo\u015b\u0107 pojazdu.<\/p>\n<p>Szkolenia prowadzone w ramach Akademii DAF pomagaj\u0105 kierowcom w pe\u0142nym wykorzystaniu funkcji pojazdu ci\u0119\u017carowego, co mo\u017ce skutkowa\u0107 obni\u017ceniem zu\u017cycia paliwa nawet o 3-5%.<\/p>\n\n            <\/div>\n                        \n    <\/div>\n\n<\/div>\n\n\n<div class=\"wp-block-wanicki-image-with-text image-with-text \">\n\n    <div class=\"image-with-text__image\">\n                    <div class=\"image-with-text__image-photo\"\n                 style=\"background-image: url(https:\/\/wanicki.pl\/daf\/wp-content\/uploads\/sites\/3\/2024\/05\/9.png)\"><\/div>\n            <\/div>\n\n    <div class=\"image-with-text__info  \">\n                    <div class=\"image-with-text__info-title-wrapper\">\n                <h2 class=\"image-with-text__info-title image-with-text__info-title--big\">UZYSKIWANE KORZY\u015aCI<\/h2>\n                                    <\/div>\n                            <div class=\"image-with-text__info-text\">\n                <ul>\n<li>Redukcja zu\u017cycia paliwa<\/li>\n<li>Zmniejszenie emisji CO2<\/li>\n<li>Zwi\u0119kszona niezawodno\u015b\u0107 pojazdu<\/li>\n<li>Podniesienie efektywno\u015bci pracy kierowcy<\/li>\n<li>Usprawnienie warunk\u00f3w bezpiecze\u0144stwa i higieny pracy kierowcy oraz ograniczenie wp\u0142ywu na \u015brodowisko<\/li>\n<li>D\u0142u\u017csza sprawno\u015b\u0107 pojazdu<\/li>\n<\/ul>\n\n            <\/div>\n                        \n    <\/div>\n\n<\/div>\n\n\n<div class=\"wp-block-wanicki-image-with-text image-with-text  image-with-text--reversed \">\n\n    <div class=\"image-with-text__image\">\n                    <div class=\"image-with-text__image-photo\"\n                 style=\"background-image: url(https:\/\/wanicki.pl\/daf\/wp-content\/uploads\/sites\/3\/2024\/06\/DAF-expands-roll-out-of-EcoDrive_plus-Training-in-Europe-voucher_Easy-Resize.com_.jpg)\"><\/div>\n            <\/div>\n\n    <div class=\"image-with-text__info  image-with-text__info--reversed  \">\n                            <div class=\"image-with-text__info-text\">\n                <p><!-- wp:heading --><\/p>\n<h2 class=\"wp-block-heading\">PRAKTYKA PRZEDE WSZYSTKIM<\/h2>\n<p><!-- \/wp:heading --> <!-- wp:paragraph --><\/p>\n<p><strong>Nasi trenerzy to praktycy<\/strong>: zdobyli swoj\u0105 wiedz\u0119 poprzez w\u0142asne do\u015bwiadczenia, dzi\u0119ki czemu doskonale znaj\u0105 mo\u017cliwo\u015bci pojazd\u00f3w ci\u0119\u017carowych. Maj\u0105 doskona\u0142\u0105 znajomo\u015b\u0107 bran\u017cy transportowej i s\u0105 w stanie udzieli\u0107 kierowcom cennych wskaz\u00f3wek, kt\u00f3re wp\u0142yn\u0105 r\u00f3wnie\u017c na popraw\u0119 bezpiecze\u0144stwa i komfortu pracy.<\/p>\n<p><!-- \/wp:paragraph --> <!-- wp:heading --><\/p>\n<h2 class=\"wp-block-heading\">JESTE\u015aMY ELASTYCZNI<\/h2>\n<p><!-- \/wp:heading --> <!-- wp:paragraph --><\/p>\n<p>Szkolenia kierowc\u00f3w pojazd\u00f3w DAF mog\u0105 by\u0107 dostosowane do indywidualnych potrzeb kierowc\u00f3w lub firm. Zar\u00f3wno zaj\u0119cia teoretyczne, jak i praktyczne, mog\u0105 by\u0107 przeprowadzane w dogodnym dla Pa\u0144stwa czasie, dostosowanym do planu pracy. Skontaktuj si\u0119 z najbli\u017cszym oddzia\u0142em DAF Wanicki, aby uzyska\u0107 wi\u0119cej informacji na temat r\u00f3\u017cnorodnych opcji szkole\u0144 dla kierowc\u00f3w pojazd\u00f3w DAF.<\/p>\n<p><!-- \/wp:paragraph --><\/p>\n\n            <\/div>\n                        \n    <\/div>\n\n<\/div>\n\n\n<div class=\"wp-block-wanicki-spacer spacer \" style=\"--height: 75px;  --xl-height: 75px; --lg-height: 75px; --md-height: 75px; --sm-height: 75px; --xs-height: 75px;\">\n<\/div>\n\n\n<div class=\"wp-block-wanicki-cta-banner cta-banner\">\n    <div class=\"container\">\n        <div class=\"cta-banner__container\">\n            <div class=\"cta-banner__image\"\n                  style=\"background-image: url(https:\/\/wanicki.pl\/daf\/wp-content\/uploads\/sites\/3\/2024\/06\/01-DAF-introduces-full-range-of-enhanced-safety-features_Easy-Resize.com_-e1719230744834.jpg)\"             ><\/div>\n            <h2 class=\"cta-banner__title\">CHCESZ WIEDZIE\u0106 WI\u0118CEJ O SZKOLENIACH?<\/h2>\n                                    <div class=\"cta-banner__buttons\">\n                                            <a\n                            href=\"https:\/\/www.dafecodrive.pl\/\"\n                            class=\"btn cta-banner__button \"\n                                                        target=\"\"\n                        >\n                            Sprawd\u017a DAF ECODRIVE+\n                        <\/a>\n                                                        <\/div>\n                    <\/div>\n    <\/div>\n<\/div>\n","protected":false},"excerpt":{"rendered":"","protected":false},"author":1,"featured_media":0,"parent":0,"menu_order":0,"comment_status":"closed","ping_status":"closed","template":"","meta":{"_acf_changed":false,"_seopress_robots_primary_cat":"","_seopress_titles_title":"DAF ECODRIVE+ - DAF - Wanicki.pl","_seopress_titles_desc":"Wanicki - dealer DAF \u2705 Szkolenie kierowc\u00f3w DAF Driver Academy \u2705Zredukuj zu\u017cycie paliwa - podnie\u015b efektywno\u015b\u0107 kierowcy \u2705 Sprawd\u017a ofert\u0119","_seopress_robots_index":"","inline_featured_image":false,"footnotes":""},"class_list":["post-153","page","type-page","status-publish","hentry"],"acf":[],"_links":{"self":[{"href":"https:\/\/wanicki.pl\/daf\/wp-json\/wp\/v2\/pages\/153","targetHints":{"allow":["GET"]}}],"collection":[{"href":"https:\/\/wanicki.pl\/daf\/wp-json\/wp\/v2\/pages"}],"about":[{"href":"https:\/\/wanicki.pl\/daf\/wp-json\/wp\/v2\/types\/page"}],"author":[{"embeddable":true,"href":"https:\/\/wanicki.pl\/daf\/wp-json\/wp\/v2\/users\/1"}],"replies":[{"embeddable":true,"href":"https:\/\/wanicki.pl\/daf\/wp-json\/wp\/v2\/comments?post=153"}],"version-history":[{"count":22,"href":"https:\/\/wanicki.pl\/daf\/wp-json\/wp\/v2\/pages\/153\/revisions"}],"predecessor-version":[{"id":3827,"href":"https:\/\/wanicki.pl\/daf\/wp-json\/wp\/v2\/pages\/153\/revisions\/3827"}],"wp:attachment":[{"href":"https:\/\/wanicki.pl\/daf\/wp-json\/wp\/v2\/media?parent=153"}],"curies":[{"name":"wp","href":"https:\/\/api.w.org\/{rel}","templated":true}]}}