{"id":2939,"date":"2024-09-02T07:25:47","date_gmt":"2024-09-02T05:25:47","guid":{"rendered":"https:\/\/wanicki.pl\/daf\/?page_id=2939"},"modified":"2025-09-01T09:15:20","modified_gmt":"2025-09-01T07:15:20","slug":"zawody-mechanikow","status":"publish","type":"page","link":"https:\/\/wanicki.pl\/daf\/zawody-mechanikow\/","title":{"rendered":"Zawody mechanik\u00f3w"},"content":{"rendered":"<div class=\"wp-block-wanicki-page-hero-header page-hero-header\">\n    <div class=\"page-hero-header__image page-hero-header__image--desktop\"\n          style=\"background-image: url(https:\/\/wanicki.pl\/daf\/wp-content\/uploads\/sites\/3\/2025\/08\/1080x1920_ZM25.jpg)\" ><\/div>\n    <div class=\"page-hero-header__image page-hero-header__image--mobile\"\n          style=\"background-image: url(https:\/\/wanicki.pl\/daf\/wp-content\/uploads\/sites\/3\/2025\/08\/1080x1920_ZM25.jpg)\"\n            >\n    <\/div>\n    <div class=\"page-hero-header__container container\">\n        <h1 class=\"page-hero-header__title\">RUSZA II EDYCJA <br><strong>ZAWOD\u00d3W MECHANIK\u00d3W<\/strong> <\/h1>\n                    <div class=\"page-hero-header__subtitle\"><p>Zosta\u0144 najlepszym mechanikiem w Polsce i wygraj 5000 z\u0142.<\/p>\n<\/div>\n                    <\/div>\n<\/div>\n\n\n<div class=\"wp-block-wanicki-image-with-text image-with-text  image-with-text--reversed \">\n\n    <div class=\"image-with-text__image\">\n                    <div class=\"image-with-text__image-photo\"\n                 style=\"background-image: url(https:\/\/wanicki.pl\/daf\/wp-content\/uploads\/sites\/3\/2025\/08\/1200x1200_Dolocz-do-grona-ekspertow-i-zgarnij-5000.jpg)\"><\/div>\n            <\/div>\n\n    <div class=\"image-with-text__info  image-with-text__info--reversed   image-with-text__info--white \">\n                    <div class=\"image-with-text__info-title-wrapper\">\n                <h2 class=\"image-with-text__info-title image-with-text__info-title--big\">TEST ONLINE<\/h2>\n                                    <\/div>\n                            <div class=\"image-with-text__info-text\">\n                <ul>\n<li>Test online zawiera 6 pyta\u0144. Ka\u017cde pytanie posiada\u00a0<strong>tylko jedn\u0105 prawid\u0142ow\u0105 odpowied\u017a.<\/strong><\/li>\n<li>Pytania opracowali specjali\u015bci serwisu we wsp\u00f3\u0142pracy z DAF.<\/li>\n<li>Zwyci\u0119zcy zostan\u0105 wy\u0142onieni na podstawie\u00a0<strong>najwi\u0119kszej liczby poprawnych odpowiedzi oraz szybko\u015bci\u00a0<\/strong>wykonania testu.<\/li>\n<li>Uczestnik ma\u00a0<strong>10 minut\u00a0<\/strong>na wype\u0142nienie testu.<\/li>\n<li>Ka\u017cdy uczestnik ma tylko\u00a0<strong>jedn\u0105 mo\u017cliwo\u015b\u0107 wzi\u0119cia udzia\u0142u\u00a0<\/strong>w wyzwaniu.<\/li>\n<\/ul>\n\n            <\/div>\n                            <a href=\"https:\/\/forms.office.com\/e\/HLuGWD3uZh\" class=\"btn btn--primary image-with-text__button \"\n               >WYPE\u0141NIJ TEST<\/a>\n                \n    <\/div>\n\n<\/div>\n\n\n<div class=\"wp-block-wanicki-recruitment-steps recruitment-steps\">\n    <div class=\"recruitment-steps__image\">\n                    <div class=\"recruitment-steps__image-wrapper\">\n                <img decoding=\"async\" class=\"recruitment-steps__image-img\" src=\"https:\/\/wanicki.pl\/daf\/wp-content\/uploads\/sites\/3\/2024\/10\/ELE3684-scaled.jpg\" alt=\"\"\/>\n            <\/div>\n            <\/div>\n\n    <div class=\"recruitment-steps__content\">\n                    <h2 class=\"recruitment-steps__content-title\">CO MUSISZ ZROBI\u0106:<\/h2>\n                                    <div class=\"recruitment-steps__content-steps\">\n                                    <div class=\"recruitment-steps__step\">\n                        <div class=\"recruitment-steps__step-number\">\n                            1\n                        <\/div>\n                        <div class=\"recruitment-steps__step-content\">\n                            <p class=\"recruitment-steps__step-name\">\n                                WYPE\u0141NIJ TEST ONLINE\n                            <\/p>\n                            <p class=\"recruitment-steps__step-text\">\n                                w dniach 01.09.2025 do 15.09.2025.\n                            <\/p>\n                        <\/div>\n                    <\/div>\n                                    <div class=\"recruitment-steps__step\">\n                        <div class=\"recruitment-steps__step-number\">\n                            2\n                        <\/div>\n                        <div class=\"recruitment-steps__step-content\">\n                            <p class=\"recruitment-steps__step-name\">\n                                POTWIERD\u0179 SWOJE DANE OSOBOWE\n                            <\/p>\n                            <p class=\"recruitment-steps__step-text\">\n                                Zaproszenie na fina\u0142 wy\u015blemy do najlepszej 30-tki.\n                            <\/p>\n                        <\/div>\n                    <\/div>\n                                    <div class=\"recruitment-steps__step\">\n                        <div class=\"recruitment-steps__step-number\">\n                            3\n                        <\/div>\n                        <div class=\"recruitment-steps__step-content\">\n                            <p class=\"recruitment-steps__step-name\">\n                                FINA\u0141 04.10.2025 W WANICKI KAJETAN\u00d3W\n                            <\/p>\n                            <p class=\"recruitment-steps__step-text\">\n                                Zmierz si\u0119 z najlepszymi i walcz o 5000 z\u0142!\n                            <\/p>\n                        <\/div>\n                    <\/div>\n                            <\/div>\n            <\/div>\n\n\n<\/div>\n\n\n<div class=\"wp-block-wanicki-cta-banner cta-banner\">\n    <div class=\"container\">\n        <div class=\"cta-banner__container\">\n            <div class=\"cta-banner__image\"\n                  style=\"background-image: url(https:\/\/wanicki.pl\/daf\/wp-content\/uploads\/sites\/3\/2025\/08\/1080x1920_ZM25.jpg)\"             ><\/div>\n            <h4 class=\"cta-banner__title\">ZAWODY MECHANIK\u00d3W <br>  wype\u0142nij test i we\u017a udzia\u0142 w rywalizacji\u00a0o\u00a05000\u00a0z\u0142!<\/h4>\n                                    <div class=\"cta-banner__buttons\">\n                                            <a\n                            href=\"https:\/\/forms.office.com\/e\/HLuGWD3uZh\"\n                            class=\"btn cta-banner__button \"\n                                                        target=\"\"\n                        >\n                            Wype\u0142niam test\n                        <\/a>\n                                                        <\/div>\n                    <\/div>\n    <\/div>\n<\/div>\n\n\n<div class=\"wp-block-wanicki-recruitment-steps recruitment-steps\">\n    <div class=\"recruitment-steps__image\">\n                    <div class=\"recruitment-steps__image-wrapper\">\n                <img decoding=\"async\" class=\"recruitment-steps__image-img\" src=\"https:\/\/wanicki.pl\/daf\/wp-content\/uploads\/sites\/3\/2024\/07\/Z621186-scaled-e1721656540255.jpg\" alt=\"\"\/>\n            <\/div>\n            <\/div>\n\n    <div class=\"recruitment-steps__content\">\n                    <h2 class=\"recruitment-steps__content-title\">FINA\u0141 SK\u0141ADA SI\u0118 Z 2 etap\u00f3w<\/h2>\n                                    <div class=\"recruitment-steps__content-steps\">\n                                    <div class=\"recruitment-steps__step\">\n                        <div class=\"recruitment-steps__step-number\">\n                            1\n                        <\/div>\n                        <div class=\"recruitment-steps__step-content\">\n                            <p class=\"recruitment-steps__step-name\">\n                                TEST WIEDZY\n                            <\/p>\n                            <p class=\"recruitment-steps__step-text\">\n                                5 najlepszych uczestnik\u00f3w przechodzi do kolejnego etapu.\n                            <\/p>\n                        <\/div>\n                    <\/div>\n                                    <div class=\"recruitment-steps__step\">\n                        <div class=\"recruitment-steps__step-number\">\n                            2\n                        <\/div>\n                        <div class=\"recruitment-steps__step-content\">\n                            <p class=\"recruitment-steps__step-name\">\n                                ZADANIA PRAKTYCZNE\n                            <\/p>\n                            <p class=\"recruitment-steps__step-text\">\n                                naprawa usterki pojazdu ci\u0119\u017carowego DAF.\n                            <\/p>\n                        <\/div>\n                    <\/div>\n                            <\/div>\n            <\/div>\n\n\n<\/div>\n\n\n\n<div class=\"wp-block-columns is-layout-flex wp-container-core-columns-is-layout-9d6595d7 wp-block-columns-is-layout-flex\">\n<div class=\"wp-block-column is-layout-flow wp-block-column-is-layout-flow\"><\/div>\n<\/div>\n\n\n\n<div class=\"wp-block-columns width: 100%; has-background is-layout-flex wp-container-core-columns-is-layout-9d6595d7 wp-block-columns-is-layout-flex\" style=\"background-color:#353e47\">\n<div class=\"wp-block-column is-layout-flow wp-block-column-is-layout-flow\" style=\"flex-basis:5%\"><\/div>\n\n\n\n<div class=\"wp-block-column is-vertically-aligned-center is-layout-flow wp-block-column-is-layout-flow\" style=\"flex-basis:60%\">\n<h3 class=\"wp-block-heading has-text-align-left has-white-color has-text-color has-link-color wp-elements-14005ca2d450da713c580de8a4486e51\" style=\"font-style:normal;font-weight:500\"><strong>PATRON ZAWOD\u00d3W <\/strong><\/h3>\n<\/div>\n\n\n\n<div class=\"wp-block-column is-vertically-aligned-center is-layout-flow wp-block-column-is-layout-flow\" style=\"flex-basis:15%\">\n<figure class=\"wp-block-image aligncenter size-large is-resized\"><img loading=\"lazy\" decoding=\"async\" width=\"1024\" height=\"995\" src=\"https:\/\/wanicki.pl\/daf\/wp-content\/uploads\/sites\/3\/2024\/07\/MadeForDAF_Logo_White_35x305cm_plik_podgladowy-1024x995.png\" alt=\"\" class=\"wp-image-3026\" style=\"width:96px;height:auto\" srcset=\"https:\/\/wanicki.pl\/daf\/wp-content\/uploads\/sites\/3\/2024\/07\/MadeForDAF_Logo_White_35x305cm_plik_podgladowy-1024x995.png 1024w, https:\/\/wanicki.pl\/daf\/wp-content\/uploads\/sites\/3\/2024\/07\/MadeForDAF_Logo_White_35x305cm_plik_podgladowy-300x292.png 300w, https:\/\/wanicki.pl\/daf\/wp-content\/uploads\/sites\/3\/2024\/07\/MadeForDAF_Logo_White_35x305cm_plik_podgladowy-768x747.png 768w, https:\/\/wanicki.pl\/daf\/wp-content\/uploads\/sites\/3\/2024\/07\/MadeForDAF_Logo_White_35x305cm_plik_podgladowy-1536x1493.png 1536w, https:\/\/wanicki.pl\/daf\/wp-content\/uploads\/sites\/3\/2024\/07\/MadeForDAF_Logo_White_35x305cm_plik_podgladowy-2048x1991.png 2048w\" sizes=\"auto, (max-width: 1024px) 100vw, 1024px\" \/><\/figure>\n<\/div>\n\n\n\n<div class=\"wp-block-column is-vertically-aligned-center is-layout-flow wp-block-column-is-layout-flow\" style=\"flex-basis:15%\">\n<figure class=\"wp-block-image aligncenter size-large is-resized\"><img decoding=\"async\" src=\"https:\/\/wanicki.pl\/daf\/wp-content\/uploads\/sites\/3\/2024\/06\/download-4.svg\" alt=\"\" class=\"wp-image-2315\" style=\"width:136px;height:auto\"\/><\/figure>\n<\/div>\n\n\n\n<div class=\"wp-block-column is-layout-flow wp-block-column-is-layout-flow\" style=\"flex-basis:5%\"><\/div>\n<\/div>\n\n\n<div class=\"wp-block-wanicki-image-with-text image-with-text  image-with-text--reversed \">\n\n    <div class=\"image-with-text__image\">\n                    <div class=\"image-with-text__image-photo\"\n                 style=\"background-image: url(https:\/\/wanicki.pl\/daf\/wp-content\/uploads\/sites\/3\/2025\/08\/1080x1080KK_PK.jpg)\"><\/div>\n            <\/div>\n\n    <div class=\"image-with-text__info  image-with-text__info--reversed   image-with-text__info--white \">\n                    <div class=\"image-with-text__info-title-wrapper\">\n                <h2 class=\"image-with-text__info-title image-with-text__info-title--big\">Zmierz si\u0119 z najlepszymi<\/h2>\n                                    <\/div>\n                            <div class=\"image-with-text__info-text\">\n                <p>Ambasadorem wydarzenia s\u0105<br \/>\nKarol Kruk &#8211; <strong>Mechanik Roku 2024, DAF Trucks Polska\u00a0<\/strong> oraz<br \/>\nPatryk Kruk &#8211; <strong>uczestnik programu TVN Turbo &#8222;Mobilni Mechanicy&#8221;<\/strong><\/p>\n<p>Karol oraz Patryk b\u0119d\u0105 Nam towarzyszy\u0107\u00a0 podczas fina\u0142u zawod\u00f3w, a zwyci\u0119zca b\u0119dzie mia\u0142 okazj\u0119 spotka\u0107 si\u0119 z nim podczas uroczystej kolacji po zako\u0144czeniu wydarzenia.<\/p>\n\n            <\/div>\n                        \n    <\/div>\n\n<\/div>\n\n\n<div id=\"zawody_mech_form\"><div class=\"wp-block-wanicki-cta-banner cta-banner\">\n    <div class=\"container\">\n        <div class=\"cta-banner__container\">\n            <div class=\"cta-banner__image\"\n                  style=\"background-image: url(https:\/\/wanicki.pl\/daf\/wp-content\/uploads\/sites\/3\/2025\/08\/1080x1920_ZM25.jpg)\"             ><\/div>\n            <h4 class=\"cta-banner__title\">II Edycja zawod\u00f3w mechanik\u00f3w<\/h4>\n                                    <div class=\"cta-banner__buttons\">\n                                                                <a\n                            href=\"https:\/\/wanicki.pl\/daf\/wp-content\/uploads\/sites\/3\/2025\/08\/Regulamin-konkursu-mechanikow-2025-.pdf\"\n                            class=\"btn cta-banner__button \"\n                                                        target=\"_blank\"\n                        >\n                            REGULAMIN ZAWOD\u00d3W\n                        <\/a>\n                                    <\/div>\n                    <\/div>\n    <\/div>\n<\/div>\n<\/div>\n\n<div class=\"wp-block-wanicki-quote quote container\">\n    <blockquote class=\"quote__content\">\n        <svg class=\"quote__bg-icon\" viewBox=\"0 0 251 215\" fill=\"none\" xmlns=\"http:\/\/www.w3.org\/2000\/svg\">\n<g opacity=\"0.1\">\n<path d=\"M250.25 107.8V0.600098H136.649V107.8H212.25C212.25 147 178.25 179 136.649 179V215C199.45 215 250.25 167 250.25 107.8Z\" fill=\"#00263D\"\/>\n<path d=\"M0.25 179V215C63.0504 215 114.251 167 114.251 107.8V0.600098H0.25V107.8H76.2505C76.2505 147 42.2503 179 0.25 179Z\" fill=\"#00263D\"\/>\n<\/g>\n<\/svg>        <div class=\"quote__top\">\n                            <div class=\"quote__text\">\n                    <p><span style=\"font-size: 18pt\">&#8222;Twoje umiej\u0119tno\u015bci to fundament naszego rozwoju&#8221;<\/span><\/p>\n\n                <\/div>\n                    <\/div>\n                    <div class=\"quote__bottom\">\n                                    <p class=\"quote__person\">Grupa Wanicki <\/p>\n                                            <\/div>\n            <\/blockquote>\n<\/div>\n\n\n<div class=\"wp-block-wanicki-video video\">\n\n    <div class=\"container video__container\">\n                <div class=\"video__oembed\">\n            <iframe loading=\"lazy\" title=\"Zawody Mechaniko\u0301w! Zmierz si\u0119 z najlepszymi! | Wanicki\" width=\"640\" height=\"360\" src=\"https:\/\/www.youtube.com\/embed\/jscJXsqirJ0?feature=oembed\" frameborder=\"0\" allow=\"accelerometer; autoplay; clipboard-write; encrypted-media; gyroscope; picture-in-picture; web-share\" referrerpolicy=\"strict-origin-when-cross-origin\" allowfullscreen><\/iframe>\n        <\/div>\n    <\/div>\n\n    <div class=\"video__background\"><\/div>\n\n<\/div>\n\n\n\n<p class=\"has-2-xl-font-size\">Zobacz jak wygl\u0105da\u0142a I edycja:<\/p>\n\n\n\n<figure class=\"wp-block-embed is-type-video is-provider-youtube wp-block-embed-youtube wp-embed-aspect-16-9 wp-has-aspect-ratio\"><div class=\"wp-block-embed__wrapper\">\n<iframe loading=\"lazy\" title=\"Najlepszy MECHANIK CI\u0118\u017bAR\u00d3WEK w Polsce | Wanicki Trucks\" width=\"500\" height=\"281\" src=\"https:\/\/www.youtube.com\/embed\/Wju_uPnbFHs?feature=oembed\" frameborder=\"0\" allow=\"accelerometer; autoplay; clipboard-write; encrypted-media; gyroscope; picture-in-picture; web-share\" referrerpolicy=\"strict-origin-when-cross-origin\" allowfullscreen><\/iframe>\n<\/div><\/figure>\n","protected":false},"excerpt":{"rendered":"<p>PATRON ZAWOD\u00d3W Zobacz jak wygl\u0105da\u0142a I edycja:<\/p>\n","protected":false},"author":6,"featured_media":4535,"parent":0,"menu_order":0,"comment_status":"closed","ping_status":"closed","template":"","meta":{"_acf_changed":false,"_seopress_robots_primary_cat":"","_seopress_titles_title":"Zawody mechanik\u00f3w - DAF - Wanicki.pl","_seopress_titles_desc":"Wanicki - dealer DAF \u2705 Zawody mechanik\u00f3w Wanicki \u2705 We\u017a udzia\u0142 w konkursie i 5 000 z\u0142 \u2705Sprawd\u017a czy jeste\u015b MADE FOR DAF","_seopress_robots_index":"","inline_featured_image":false,"footnotes":""},"class_list":["post-2939","page","type-page","status-publish","has-post-thumbnail","hentry"],"acf":[],"_links":{"self":[{"href":"https:\/\/wanicki.pl\/daf\/wp-json\/wp\/v2\/pages\/2939","targetHints":{"allow":["GET"]}}],"collection":[{"href":"https:\/\/wanicki.pl\/daf\/wp-json\/wp\/v2\/pages"}],"about":[{"href":"https:\/\/wanicki.pl\/daf\/wp-json\/wp\/v2\/types\/page"}],"author":[{"embeddable":true,"href":"https:\/\/wanicki.pl\/daf\/wp-json\/wp\/v2\/users\/6"}],"replies":[{"embeddable":true,"href":"https:\/\/wanicki.pl\/daf\/wp-json\/wp\/v2\/comments?post=2939"}],"version-history":[{"count":393,"href":"https:\/\/wanicki.pl\/daf\/wp-json\/wp\/v2\/pages\/2939\/revisions"}],"predecessor-version":[{"id":4613,"href":"https:\/\/wanicki.pl\/daf\/wp-json\/wp\/v2\/pages\/2939\/revisions\/4613"}],"wp:featuredmedia":[{"embeddable":true,"href":"https:\/\/wanicki.pl\/daf\/wp-json\/wp\/v2\/media\/4535"}],"wp:attachment":[{"href":"https:\/\/wanicki.pl\/daf\/wp-json\/wp\/v2\/media?parent=2939"}],"curies":[{"name":"wp","href":"https:\/\/api.w.org\/{rel}","templated":true}]}}