{"id":4423,"date":"2025-07-18T10:47:28","date_gmt":"2025-07-18T08:47:28","guid":{"rendered":"https:\/\/wanicki.pl\/daf\/?page_id=4423"},"modified":"2025-07-18T12:23:14","modified_gmt":"2025-07-18T10:23:14","slug":"paccar-power-solutions","status":"publish","type":"page","link":"https:\/\/wanicki.pl\/daf\/paccar-power-solutions\/","title":{"rendered":"PACCAR Power Solutions"},"content":{"rendered":"<div class=\"wp-block-wanicki-page-hero-header page-hero-header\">\n    <div class=\"page-hero-header__image page-hero-header__image--desktop\"\n          style=\"background-image: url(https:\/\/wanicki.pl\/daf\/wp-content\/uploads\/sites\/3\/2025\/07\/Przechwytywanieb-vvvb.png)\" ><\/div>\n    <div class=\"page-hero-header__image page-hero-header__image--mobile\"\n          style=\"background-image: url(https:\/\/wanicki.pl\/daf\/wp-content\/uploads\/sites\/3\/2025\/07\/Przechwytywanieb-vvvb.png)\"\n            >\n    <\/div>\n    <div class=\"page-hero-header__container container\">\n        <h1 class=\"page-hero-header__title\">\u0141ADOWARKI <br><strong>DO POJAZD\u00d3W ELEKTRYCZNYCH<\/strong><\/h1>\n                    <div class=\"page-hero-header__subtitle\"><p>Elastyczne systemy \u0142adowania dopasowane do Twojej floty<\/p>\n<\/div>\n                    <\/div>\n<\/div>\n\n\n<div class=\"wp-block-wanicki-image-with-text image-with-text \">\n\n    <div class=\"image-with-text__image\">\n                    <div class=\"image-with-text__image-photo\"\n                 style=\"background-image: url(https:\/\/wanicki.pl\/daf\/wp-content\/uploads\/sites\/3\/2025\/07\/Przechwytywanieccccsa.png)\"><\/div>\n            <\/div>\n\n    <div class=\"image-with-text__info  \">\n                    <div class=\"image-with-text__info-title-wrapper\">\n                <h2 class=\"image-with-text__info-title image-with-text__info-title--big\">Systemy \u0142adowania skrojone na miar\u0119 potrzeb<\/h2>\n                                    <\/div>\n                            <div class=\"image-with-text__info-text\">\n                <p>PACCAR zapewnia kompleksowe rozwi\u0105zania \u0142adowania, kt\u00f3re \u0142\u0105cz\u0105 najwy\u017csz\u0105 jako\u015b\u0107, niezawodno\u015b\u0107 i intuicyjn\u0105 obs\u0142ug\u0119. Kluczowe cechy wszystkich \u0142adowarek to optymalny czas pracy, zaawansowana \u0142\u0105czno\u015b\u0107 oraz prostota u\u017cytkowania. Oferta obejmuje cztery r\u00f3\u017cne serie \u0142adowarek, zaprojektowane z my\u015bl\u0105 o r\u00f3\u017cnorodnych potrzebach operacyjnych \u2013 od codziennego \u0142adowania w bazie, przez zastosowania komercyjne, a\u017c po mobilne i wysokowydajne instalacje dla wymagaj\u0105cych flot. Ka\u017cda seria zawiera urz\u0105dzenia dostosowane do konkretnych scenariuszy u\u017cytkowania, umo\u017cliwiaj\u0105c precyzyjny dob\u00f3r technologii \u0142adowania do specyfiki dzia\u0142alno\u015bci klienta.<\/p>\n\n            <\/div>\n                        \n    <\/div>\n\n<\/div>\n\n\n<div class=\"wp-block-wanicki-image-with-text image-with-text  image-with-text--reversed \">\n\n    <div class=\"image-with-text__image\">\n                    <div class=\"image-with-text__image-photo\"\n                 style=\"background-image: url(https:\/\/wanicki.pl\/daf\/wp-content\/uploads\/sites\/3\/2025\/07\/Przechwytywanieccc12.png)\"><\/div>\n            <\/div>\n\n    <div class=\"image-with-text__info  image-with-text__info--reversed  \">\n                    <div class=\"image-with-text__info-title-wrapper\">\n                <h2 class=\"image-with-text__info-title image-with-text__info-title--big\">PacCharge AC<\/h2>\n                                    <\/div>\n                            <div class=\"image-with-text__info-text\">\n                <ul>\n<li>Inteligentne i niezawodne \u0142adowanie pr\u0105dem przemiennym<\/li>\n<li>Do samochod\u00f3w osobowych i dostawczych<\/li>\n<li>\u0141atwy monta\u017c na\u015bcienny lub na s\u0142upku<\/li>\n<li>Obs\u0142uga standardowych typ\u00f3w wtyczek EV<\/li>\n<li>Mo\u017cliwo\u015b\u0107 u\u017cytkowania wewn\u0105trz i na zewn\u0105trz<\/li>\n<li>Idealne rozwi\u0105zanie do zak\u0142ad\u00f3w pracy i na parkingi publiczne<\/li>\n<li>Konstrukcja oszcz\u0119dzaj\u0105ca miejsce i umo\u017cliwiaj\u0105ca elastyczn\u0105 lokalizacj\u0119<\/li>\n<\/ul>\n\n            <\/div>\n                        \n    <\/div>\n\n<\/div>\n\n\n<div class=\"wp-block-wanicki-image-with-text image-with-text \">\n\n    <div class=\"image-with-text__image\">\n                    <div class=\"image-with-text__image-photo\"\n                 style=\"background-image: url(https:\/\/wanicki.pl\/daf\/wp-content\/uploads\/sites\/3\/2025\/07\/Przechwytywanie21212.png)\"><\/div>\n            <\/div>\n\n    <div class=\"image-with-text__info  \">\n                    <div class=\"image-with-text__info-title-wrapper\">\n                <h2 class=\"image-with-text__info-title image-with-text__info-title--big\">PaCMObile<\/h2>\n                                    <\/div>\n                            <div class=\"image-with-text__info-text\">\n                <ul>\n<li>\u0141adowarka DC (40 kW)<\/li>\n<li>Mobilno\u015b\u0107 \u2014 osadzona na ko\u0142ach, plug and play<\/li>\n<li>Idealne rozwi\u0105zanie do warsztat\u00f3w, baz i na wydarzenia<\/li>\n<li>Obs\u0142uga RFID<\/li>\n<li>Dost\u0119pna z przewodami AC\/DC (3 m\/3 m lub 5 m\/5 m)<\/li>\n<li>Lekka i kompaktowa<\/li>\n<\/ul>\n\n            <\/div>\n                        \n    <\/div>\n\n<\/div>\n\n\n<div class=\"wp-block-wanicki-image-with-text image-with-text  image-with-text--reversed \">\n\n    <div class=\"image-with-text__image\">\n                    <div class=\"image-with-text__image-photo\"\n                 style=\"background-image: url(https:\/\/wanicki.pl\/daf\/wp-content\/uploads\/sites\/3\/2025\/07\/Przechwytywanie25858.png)\"><\/div>\n            <\/div>\n\n    <div class=\"image-with-text__info  image-with-text__info--reversed  \">\n                    <div class=\"image-with-text__info-title-wrapper\">\n                <h2 class=\"image-with-text__info-title image-with-text__info-title--big\">chargemax<\/h2>\n                                    <\/div>\n                            <div class=\"image-with-text__info-text\">\n                <ul>\n<li>\u0141adowanie pr\u0105dem sta\u0142ym od 120 kW do 400 kW<\/li>\n<li>Podzia\u0142 mocy \u0142adowania dla \u0142adowarek 120 kW i 180 kW<\/li>\n<li>Dynamiczne r\u00f3wnowa\u017cenie obci\u0105\u017cenia (DLBS) dla \u0142adowarek 240 kW, 320 kW i 400 kW<\/li>\n<li>Jednoczesne \u0142adowanie dw\u00f3ch pojazd\u00f3w ci\u0119\u017carowych<\/li>\n<li>Mo\u017cliwo\u015b\u0107 rozbudowy od \u0142adowarki 120 kW (\u0142adowarka 180 kW nie podlega modernizacji)<\/li>\n<li>10-calowy ekran dotykowy (opcjonalny 24-calowy ekran reklamowy)<\/li>\n<li>Norma MID<\/li>\n<li>Opcjonalny pomiar z certyfikatem Eichrecht<\/li>\n<li>RFID, terminal p\u0142atniczy i opcje ch\u0142odzonego przewodu<\/li>\n<li>Idealne rozwi\u0105zanie do baz pojazd\u00f3w ci\u0119\u017carowych i centr\u00f3w dystrybucji<\/li>\n<\/ul>\n\n            <\/div>\n                        \n    <\/div>\n\n<\/div>\n\n\n<div class=\"wp-block-wanicki-image-with-text image-with-text \">\n\n    <div class=\"image-with-text__image\">\n                    <div class=\"image-with-text__image-photo\"\n                 style=\"background-image: url(https:\/\/wanicki.pl\/daf\/wp-content\/uploads\/sites\/3\/2025\/07\/Przechwytywaniefdgbfdrgbz.png)\"><\/div>\n            <\/div>\n\n    <div class=\"image-with-text__info  \">\n                    <div class=\"image-with-text__info-title-wrapper\">\n                <h2 class=\"image-with-text__info-title image-with-text__info-title--big\">powerchoice<\/h2>\n                                    <\/div>\n                            <div class=\"image-with-text__info-text\">\n                <ul>\n<li>Ultraszybkie \u0142adowanie pr\u0105dem sta\u0142ym: 180 &#8211; 400 kW<\/li>\n<li>System modu\u0142owy z maksymalnie 6 dystrybutorami<\/li>\n<li>Dystrybutory mo\u017cna optymalnie instalowa\u0107 w odleg\u0142o\u015bci do 80 m od jednostki g\u0142\u00f3wnej (wi\u0119ksze odleg\u0142o\u015bci s\u0105 mo\u017cliwe pod warunkiem zastosowania dodatkowych \u015brodk\u00f3w)<\/li>\n<li>Idealne rozwi\u0105zanie dla du\u017cych flot lub mieszanych baz pojazd\u00f3w<\/li>\n<li>Technologia DLBS do wydajnego zarz\u0105dzania obci\u0105\u017ceniem<\/li>\n<li>CCS2 z pr\u0105dem szczytowym do 600 A<\/li>\n<li>Opcje dla 10-calowego ekranu dotykowego (\u0142adowarka HMI) i 19- lub 24-calowych ekran\u00f3w reklamowych (PD400 i PD600)<\/li>\n<li>Gotowo\u015b\u0107 do obs\u0142ugi RFID i terminali p\u0142atniczych<\/li>\n<li>Mo\u017cliwo\u015b\u0107 konfiguracji pod k\u0105tem u\u017cytku nocnego lub szybkiego dziennego<\/li>\n<\/ul>\n\n            <\/div>\n                        \n    <\/div>\n\n<\/div>\n\n\n<div class=\"wp-block-wanicki-image-with-text image-with-text  image-with-text--reversed \">\n\n    <div class=\"image-with-text__image\">\n                    <div class=\"image-with-text__image-photo\"\n                 style=\"background-image: url(https:\/\/wanicki.pl\/daf\/wp-content\/uploads\/sites\/3\/2025\/07\/PACCAR-power-solutions-Charging-stations-e1752830727786.jpg)\"><\/div>\n            <\/div>\n\n    <div class=\"image-with-text__info  image-with-text__info--reversed  \">\n                    <div class=\"image-with-text__info-title-wrapper\">\n                <h2 class=\"image-with-text__info-title image-with-text__info-title--big\">Inteligentne magazynowanie i zarz\u0105dzanie energi\u0105 z EMS<\/h2>\n                                    <\/div>\n                            <div class=\"image-with-text__info-text\">\n                <p>Zintegrowany z systemem magazynowania energii BESS, zaawansowany system zarz\u0105dzania energi\u0105 (EMS) optymalizuje przep\u0142yw i wykorzystanie energii. Dzi\u0119ki analizie prognozy pogody, cen pr\u0105du i zapotrzebowania, EMS wsp\u00f3\u0142pracuje z sieci\u0105 energetyczn\u0105 oraz lokalnymi \u017ar\u00f3d\u0142ami \u2013 np. instalacjami fotowoltaicznymi \u2013 by zapewni\u0107 dost\u0119pno\u015b\u0107 energii wtedy, gdy jest najbardziej potrzebna i najta\u0144sza.<\/p>\n\n            <\/div>\n                        \n    <\/div>\n\n<\/div>\n\n\n<div class=\"wp-block-wanicki-job-form job-form__container\" id=\"\">\n    <div class=\"container job-form\">\n        <div class=\"job-form__info\">\n            <h2 class=\"job-form__info-title\">POTRZEBUJESZ POMOCY? <\/h2>\n                    <p class=\"job-form__info-text\">\n                Skontaktuj si\u0119 z nami!\n            <\/p>\n        <\/div>\n        <div class=\"job-form__form\">\n            \n<div class=\"wpcf7 no-js\" id=\"wpcf7-f2900-o1\" lang=\"pl-PL\" dir=\"ltr\" data-wpcf7-id=\"2900\">\n<div class=\"screen-reader-response\"><p role=\"status\" aria-live=\"polite\" aria-atomic=\"true\"><\/p> <ul><\/ul><\/div>\n<form action=\"\/daf\/wp-json\/wp\/v2\/pages\/4423#wpcf7-f2900-o1\" method=\"post\" class=\"wpcf7-form init\" aria-label=\"Formularz kontaktowy\" novalidate=\"novalidate\" data-status=\"init\">\n<fieldset class=\"hidden-fields-container\"><input type=\"hidden\" name=\"_wpcf7\" value=\"2900\" \/><input type=\"hidden\" name=\"_wpcf7_version\" value=\"6.1.5\" \/><input type=\"hidden\" name=\"_wpcf7_locale\" value=\"pl_PL\" \/><input type=\"hidden\" name=\"_wpcf7_unit_tag\" value=\"wpcf7-f2900-o1\" \/><input type=\"hidden\" name=\"_wpcf7_container_post\" value=\"0\" \/><input type=\"hidden\" name=\"_wpcf7_posted_data_hash\" value=\"\" \/><input type=\"hidden\" name=\"_wpcf7_recaptcha_response\" value=\"\" \/>\n<\/fieldset>\n<div class=\"form-columns\">\n\t<p><label><span class=\"form-label\">Imi\u0119*<\/span><span class=\"wpcf7-form-control-wrap\" data-name=\"your-name\"><input size=\"40\" maxlength=\"400\" class=\"wpcf7-form-control wpcf7-text wpcf7-validates-as-required\" aria-required=\"true\" aria-invalid=\"false\" value=\"\" type=\"text\" name=\"your-name\" \/><\/span><\/label><br \/>\n<label><span class=\"form-label\">Nazwisko*<\/span><span class=\"wpcf7-form-control-wrap\" data-name=\"your-surname\"><input size=\"40\" maxlength=\"400\" class=\"wpcf7-form-control wpcf7-text wpcf7-validates-as-required\" aria-required=\"true\" aria-invalid=\"false\" value=\"\" type=\"text\" name=\"your-surname\" \/><\/span><\/label>\n\t<\/p>\n<\/div>\n<div class=\"form-columns\">\n\t<p><label><span class=\"form-label\">Email*<\/span><span class=\"wpcf7-form-control-wrap\" data-name=\"your-email\"><input size=\"40\" maxlength=\"400\" class=\"wpcf7-form-control wpcf7-email wpcf7-validates-as-required wpcf7-text wpcf7-validates-as-email\" aria-required=\"true\" aria-invalid=\"false\" value=\"\" type=\"email\" name=\"your-email\" \/><\/span><\/label><br \/>\n<label><span class=\"form-label\">Numer telefonu*<\/span><span class=\"wpcf7-form-control-wrap\" data-name=\"your-phone\"><input size=\"40\" maxlength=\"400\" class=\"wpcf7-form-control wpcf7-tel wpcf7-validates-as-required wpcf7-text wpcf7-validates-as-tel\" aria-required=\"true\" aria-invalid=\"false\" value=\"\" type=\"tel\" name=\"your-phone\" \/><\/span><\/label>\n\t<\/p>\n<\/div>\n<div class=\"form-columns\">\n\t<p><label><span class=\"form-label\">Najbli\u017cszy oddzia\u0142<\/span><span class=\"wpcf7-form-control-wrap\" data-name=\"your-recipient\"><select class=\"wpcf7-form-control wpcf7-select qty qty--select select-input\" aria-invalid=\"false\" name=\"your-recipient\"><option value=\"Mogilany\">Mogilany<\/option><option value=\"Trzciana\">Trzciana<\/option><option value=\"\u015awidnik\">\u015awidnik<\/option><option value=\"Roman\u00f3w\">Roman\u00f3w<\/option><option value=\"Ustro\u0144\">Ustro\u0144<\/option><option value=\"Kajetan\u00f3w\">Kajetan\u00f3w<\/option><\/select><\/span><br \/>\n<\/label><br \/>\n\t<\/p>\n<\/div>\n<div class=\"checkbox-input\" style=\"font-size: 0.75em\">\n\t<p>        <span class=\"wpcf7-form-control-wrap\" data-name=\"checkall-69dd06010280c\">\r\n            <span class=\"wpcf7-form-control wpcf7-acceptance optional\">\r\n                <span class=\"wpcf7-list-item\">\r\n                    <input type=\"checkbox\" name=\"checkall-69dd06010280c\" aria-invalid=\"false\" id=\"checkall-69dd06010280c\" \/>\r\n                <\/span>\r\n            <\/span>\r\n        <\/span>\r\n        <div>\r\n            <p>\r\n                Zaznacz wszystkie pola            <\/p>\r\n        <\/div>\r\n    \n\t<\/p>\n<\/div>\n<div class=\"checkbox-input\" style=\"font-size: 0.75em\">\n\t<p><span class=\"wpcf7-form-control-wrap\" data-name=\"your-acceptance\"><span class=\"wpcf7-form-control wpcf7-acceptance\"><span class=\"wpcf7-list-item\"><input type=\"checkbox\" name=\"your-acceptance\" value=\"1\" aria-invalid=\"false\" \/><\/span><\/span><\/span>\n\t<\/p>\n\t<div>\n\t\t<p>*O\u015bwiadczam, \u017ce zapozna\u0142em si\u0119 z <a href='\/polityka-prywatnosci\/' target=\"_blank\">Polityk\u0105 prywatno\u015bci oraz Regulaminem \u015bwiadczenia us\u0142ug drog\u0105 elektroniczn\u0105<\/a> i akceptuj\u0119 ich tre\u015b\u0107.\n\t\t<\/p>\n\t<\/div>\n<\/div>\n<div class=\"checkbox-input\" style=\"font-size: 0.75em\">\n\t<p><span class=\"wpcf7-form-control-wrap\" data-name=\"your-acceptance-info\"><span class=\"wpcf7-form-control wpcf7-acceptance optional\"><span class=\"wpcf7-list-item\"><input type=\"checkbox\" name=\"your-acceptance-info\" value=\"1\" aria-invalid=\"false\" \/><\/span><\/span><\/span>\n\t<\/p>\n\t<div>\n\t\t<p>Wyra\u017cam zgod\u0119 na przesy\u0142anie informacji handlowej skierowanej za pomoc\u0105 \u015brodk\u00f3w komunikacji elektronicznej oraz na u\u017cywanie telekomunikacyjnych urz\u0105dze\u0144 ko\u0144cowych i automatycznych system\u00f3w wywo\u0142uj\u0105cych dla cel\u00f3w marketingu bezpo\u015bredniego przez Grup\u0119 Wanicki*\n\t\t<\/p>\n\t<\/div>\n<\/div>\n<div style=\"font-size: 0.75em\">\n\t<p>Zgoda obejmuje kontakt za po\u015brednictwem:\n\t<\/p>\n<\/div>\n<div class=\"checkbox-input\" style=\"font-size: 0.75em\">\n\t<p><span class=\"wpcf7-form-control-wrap\" data-name=\"your-acceptance-email\"><span class=\"wpcf7-form-control wpcf7-acceptance optional\"><span class=\"wpcf7-list-item\"><input type=\"checkbox\" name=\"your-acceptance-email\" value=\"1\" aria-invalid=\"false\" \/><\/span><\/span><\/span>\n\t<\/p>\n\t<div>\n\t\t<p>E-mail\n\t\t<\/p>\n\t<\/div>\n<\/div>\n<div class=\"checkbox-input\" style=\"font-size: 0.75em\">\n\t<p><span class=\"wpcf7-form-control-wrap\" data-name=\"your-acceptance-sms\"><span class=\"wpcf7-form-control wpcf7-acceptance optional\"><span class=\"wpcf7-list-item\"><input type=\"checkbox\" name=\"your-acceptance-sms\" value=\"1\" aria-invalid=\"false\" \/><\/span><\/span><\/span>\n\t<\/p>\n\t<div>\n\t\t<p>SMS\n\t\t<\/p>\n\t<\/div>\n<\/div>\n<div class=\"checkbox-input\" style=\"font-size: 0.75em\">\n\t<p><span class=\"wpcf7-form-control-wrap\" data-name=\"your-acceptance-tel\"><span class=\"wpcf7-form-control wpcf7-acceptance optional\"><span class=\"wpcf7-list-item\"><input type=\"checkbox\" name=\"your-acceptance-tel\" value=\"1\" aria-invalid=\"false\" \/><\/span><\/span><\/span>\n\t<\/p>\n\t<div>\n\t\t<p>Kontakt telefoniczny\n\t\t<\/p>\n\t<\/div>\n<\/div>\n<div style=\"font-size: 0.75em\">\n\t<p>*przez Grup\u0119 Wanicki rozumie si\u0119 nast\u0119puj\u0105ce sp\u00f3\u0142ki: Firma Wanicki sp. z o.o. z siedzib\u0105 w Mogilanach, ul. My\u015blenicka 19, 32-031 Mogilany, KRS: 0000214618; Wanicki Serwis sp. z o.o. z siedzib\u0105 w Mogilanach, ul. My\u015blenicka 19, 32.-031 Mogilany, KRS: 0000225703, MW Wanicki sp. z o.o. z siedzib\u0105 w Mogilanach, ul. My\u015blenicka 19, 32.-031 Mogilany, KRS: 0000290954; BW Wanicki sp. z o.o. z siedzib\u0105 w Mogilanach, ul. My\u015blenicka 19, 32.-031 Mogilany, KRS: 0000277732; SW Wanicki sp. z o.o. z siedzib\u0105 w Mogilanach, ul. My\u015blenicka 19, 32.-031 Mogilany, KRS: 0000318232; Nedpol Truck Service sp. z o.o. z siedzib\u0105 w Romanowie, Roman\u00f3w 10b, 42-260 Roman\u00f3w, KRS: 0000062292; WW Wanicki sp. z o.o. z siedzib\u0105 w Trzcianie, Trzciana 162, 36-071 Trzciana, KRS: 0000214811; PT Wanicki sp. z o.o. z siedzib\u0105 w Mogilanach, ul. My\u015blenicka 19, 32.-031 Mogilany, KRS: 0001069064; Wanicki Rental sp. z o.o. z siedzib\u0105 w Mogilanach, ul. My\u015blenicka 19, 32.-031 Mogilany, KRS: 0000997992.\n\t<\/p>\n<\/div>\n<p><input class=\"wpcf7-form-control wpcf7-submit has-spinner\" type=\"submit\" value=\"Prosz\u0119 o kontakt\" \/>\n<\/p><div class=\"wpcf7-response-output\" aria-hidden=\"true\"><\/div>\n<\/form>\n<\/div>\n        <\/div>\n    <\/div>\n<\/div>\n\n\n\n<p><\/p>\n","protected":false},"excerpt":{"rendered":"","protected":false},"author":4,"featured_media":0,"parent":0,"menu_order":0,"comment_status":"closed","ping_status":"closed","template":"","meta":{"_acf_changed":false,"_seopress_robots_primary_cat":"","_seopress_titles_title":"\u0141adowarki Elektryczne- DAF - Wanicki","_seopress_titles_desc":"Wanicki - dealer DAF \u2705 \u0142adowarki elektryczne \u2705elektromobilno\u015b\u0107 \u2705 magazynowanie egenrgii","_seopress_robots_index":"","inline_featured_image":false,"footnotes":""},"class_list":["post-4423","page","type-page","status-publish","hentry"],"acf":[],"_links":{"self":[{"href":"https:\/\/wanicki.pl\/daf\/wp-json\/wp\/v2\/pages\/4423","targetHints":{"allow":["GET"]}}],"collection":[{"href":"https:\/\/wanicki.pl\/daf\/wp-json\/wp\/v2\/pages"}],"about":[{"href":"https:\/\/wanicki.pl\/daf\/wp-json\/wp\/v2\/types\/page"}],"author":[{"embeddable":true,"href":"https:\/\/wanicki.pl\/daf\/wp-json\/wp\/v2\/users\/4"}],"replies":[{"embeddable":true,"href":"https:\/\/wanicki.pl\/daf\/wp-json\/wp\/v2\/comments?post=4423"}],"version-history":[{"count":9,"href":"https:\/\/wanicki.pl\/daf\/wp-json\/wp\/v2\/pages\/4423\/revisions"}],"predecessor-version":[{"id":4469,"href":"https:\/\/wanicki.pl\/daf\/wp-json\/wp\/v2\/pages\/4423\/revisions\/4469"}],"wp:attachment":[{"href":"https:\/\/wanicki.pl\/daf\/wp-json\/wp\/v2\/media?parent=4423"}],"curies":[{"name":"wp","href":"https:\/\/api.w.org\/{rel}","templated":true}]}}