{"id":4474,"date":"2025-07-24T12:24:16","date_gmt":"2025-07-24T10:24:16","guid":{"rendered":"https:\/\/wanicki.pl\/daf\/?page_id=4474"},"modified":"2025-07-28T13:00:15","modified_gmt":"2025-07-28T11:00:15","slug":"najem-pojazdow-komunalnych","status":"publish","type":"page","link":"https:\/\/wanicki.pl\/daf\/najem-pojazdow-komunalnych\/","title":{"rendered":"Najem pojazd\u00f3w komunalnych"},"content":{"rendered":"<div class=\"wp-block-wanicki-hero-header hero-header\">\n    <div class=\"hero-header__image hero-header__image--desktop\"\n          style=\"background-image: url(https:\/\/wanicki.pl\/daf\/wp-content\/uploads\/sites\/3\/2025\/07\/20250407_102948.jpg)\" ><\/div>\n    <div class=\"hero-header__image hero-header__image--mobile\"\n          style=\"background-image: url(https:\/\/wanicki.pl\/daf\/wp-content\/uploads\/sites\/3\/2025\/07\/20250407_102948.jpg)\"\n         >\n    <\/div>\n    <div class=\"hero-header__container container\">\n        <h1 class=\"hero-header__title\">\u015amieciarki, hakowce i bramowce <br><strong>Najem pojazd\u00f3w komunalnych <\/strong> <\/h1>\n                    <div class=\"hero-header__subtitle\"><p><strong><span style=\"font-size: 18pt;\">Nie czekaj. Ilo\u015b\u0107 sztuk ograniczona!\u00a0<\/span><\/strong><\/p>\n<p>&nbsp;<\/p>\n<p>&nbsp;<\/p>\n<p>&nbsp;<\/p>\n<p><span style=\"font-size: 8pt;\">*Szczeg\u00f3\u0142y akcji promocyjnej w Regulaminie dost\u0119pnym na stronie akcji.<\/span><\/p>\n<p><span style=\"font-size: 8pt;\">**Oferta ma charakter informacyjny i nie stanowi oferty handlowej w rozumieniu KC (art. 71, art. 63).<\/span><\/p>\n<\/div>\n                            <a href=\"https:\/\/wanicki.pl\/daf\/najem-pojazdow-komunalnych\/#formularz\"\n               class=\"btn \"\n                           >WYPE\u0141NIAM FORMULARZ<\/a>\n            <\/div>\n<\/div>\n\n\n<div id=\"formularz\"><div class=\"wp-block-wanicki-job-form job-form__container\" id=\"formularz\">\n    <div class=\"container job-form\">\n        <div class=\"job-form__info\">\n            <h2 class=\"job-form__info-title\">Zainteresowany? Oddzwonimy!<\/h2>\n                    <p class=\"job-form__info-text\">\n                Skorzystaj z tej wyj\u0105tkowej okazji! Wype\u0142nij formularz, a my skontaktujemy si\u0119 i przedstawimy szczeg\u00f3\u0142y.\n            <\/p>\n        <\/div>\n        <div class=\"job-form__form\">\n            \n<div class=\"wpcf7 no-js\" id=\"wpcf7-f4497-o1\" lang=\"pl-PL\" dir=\"ltr\" data-wpcf7-id=\"4497\">\n<div class=\"screen-reader-response\"><p role=\"status\" aria-live=\"polite\" aria-atomic=\"true\"><\/p> <ul><\/ul><\/div>\n<form action=\"\/daf\/wp-json\/wp\/v2\/pages\/4474#wpcf7-f4497-o1\" method=\"post\" class=\"wpcf7-form init\" aria-label=\"Formularz kontaktowy\" novalidate=\"novalidate\" data-status=\"init\">\n<fieldset class=\"hidden-fields-container\"><input type=\"hidden\" name=\"_wpcf7\" value=\"4497\" \/><input type=\"hidden\" name=\"_wpcf7_version\" value=\"6.1.5\" \/><input type=\"hidden\" name=\"_wpcf7_locale\" value=\"pl_PL\" \/><input type=\"hidden\" name=\"_wpcf7_unit_tag\" value=\"wpcf7-f4497-o1\" \/><input type=\"hidden\" name=\"_wpcf7_container_post\" value=\"0\" \/><input type=\"hidden\" name=\"_wpcf7_posted_data_hash\" value=\"\" \/><input type=\"hidden\" name=\"_wpcf7_recaptcha_response\" value=\"\" \/>\n<\/fieldset>\n<div class=\"form-columns\">\n\t<p><label><span class=\"form-label\">Imi\u0119*<\/span><span class=\"wpcf7-form-control-wrap\" data-name=\"your-name\"><input size=\"40\" maxlength=\"400\" class=\"wpcf7-form-control wpcf7-text wpcf7-validates-as-required\" aria-required=\"true\" aria-invalid=\"false\" value=\"\" type=\"text\" name=\"your-name\" \/><\/span><\/label><br \/>\n<label><span class=\"form-label\">Nazwisko*<\/span><span class=\"wpcf7-form-control-wrap\" data-name=\"your-surname\"><input size=\"40\" maxlength=\"400\" class=\"wpcf7-form-control wpcf7-text wpcf7-validates-as-required\" aria-required=\"true\" aria-invalid=\"false\" value=\"\" type=\"text\" name=\"your-surname\" \/><\/span><\/label>\n\t<\/p>\n<\/div>\n<div class=\"form-columns\">\n\t<p><label><span class=\"form-label\">Email*<\/span><span class=\"wpcf7-form-control-wrap\" data-name=\"your-email\"><input size=\"40\" maxlength=\"400\" class=\"wpcf7-form-control wpcf7-email wpcf7-validates-as-required wpcf7-text wpcf7-validates-as-email\" aria-required=\"true\" aria-invalid=\"false\" value=\"\" type=\"email\" name=\"your-email\" \/><\/span><\/label><br \/>\n<label><span class=\"form-label\">Numer telefonu*<\/span><span class=\"wpcf7-form-control-wrap\" data-name=\"your-phone\"><input size=\"40\" maxlength=\"400\" class=\"wpcf7-form-control wpcf7-tel wpcf7-validates-as-required wpcf7-text wpcf7-validates-as-tel\" aria-required=\"true\" aria-invalid=\"false\" value=\"\" type=\"tel\" name=\"your-phone\" \/><\/span><\/label>\n\t<\/p>\n<\/div>\n<p><label><span class=\"form-label\">Kod pocztowy*<\/span><span class=\"wpcf7-form-control-wrap\" data-name=\"your-postcode\"><input size=\"40\" maxlength=\"400\" class=\"wpcf7-form-control wpcf7-text wpcf7-validates-as-required\" aria-required=\"true\" aria-invalid=\"false\" value=\"\" type=\"text\" name=\"your-postcode\" \/><\/span><\/label>\n<\/p>\n<div class=\"checkbox-input\" style=\"font-size: 0.75em\">\n\t<p>        <span class=\"wpcf7-form-control-wrap\" data-name=\"checkall-69dd4271b9f04\">\r\n            <span class=\"wpcf7-form-control wpcf7-acceptance optional\">\r\n                <span class=\"wpcf7-list-item\">\r\n                    <input type=\"checkbox\" name=\"checkall-69dd4271b9f04\" aria-invalid=\"false\" id=\"checkall-69dd4271b9f04\" \/>\r\n                <\/span>\r\n            <\/span>\r\n        <\/span>\r\n        <div>\r\n            <p>\r\n                Zaznacz wszystkie pola            <\/p>\r\n        <\/div>\r\n    \n\t<\/p>\n<\/div>\n<div class=\"checkbox-input\" style=\"font-size: 0.75em\">\n\t<p><span class=\"wpcf7-form-control-wrap\" data-name=\"your-acceptance\"><span class=\"wpcf7-form-control wpcf7-acceptance\"><span class=\"wpcf7-list-item\"><input type=\"checkbox\" name=\"your-acceptance\" value=\"1\" aria-invalid=\"false\" \/><\/span><\/span><\/span>\n\t<\/p>\n\t<div>\n\t\t<p>*O\u015bwiadczam, \u017ce zapozna\u0142em si\u0119 z <a href='\/polityka-prywatnosci\/' target=\"_blank\">Polityk\u0105 prywatno\u015bci oraz Regulaminem \u015bwiadczenia us\u0142ug drog\u0105 elektroniczn\u0105<\/a> i akceptuj\u0119 ich tre\u015b\u0107.\n\t\t<\/p>\n\t<\/div>\n<\/div>\n<div class=\"checkbox-input\" style=\"font-size: 0.75em\">\n\t<p><span class=\"wpcf7-form-control-wrap\" data-name=\"your-acceptance-info\"><span class=\"wpcf7-form-control wpcf7-acceptance optional\"><span class=\"wpcf7-list-item\"><input type=\"checkbox\" name=\"your-acceptance-info\" value=\"1\" aria-invalid=\"false\" \/><\/span><\/span><\/span>\n\t<\/p>\n\t<div>\n\t\t<p>Wyra\u017cam zgod\u0119 na przesy\u0142anie informacji handlowej skierowanej za pomoc\u0105 \u015brodk\u00f3w komunikacji elektronicznej oraz na u\u017cywanie telekomunikacyjnych urz\u0105dze\u0144 ko\u0144cowych i automatycznych system\u00f3w wywo\u0142uj\u0105cych dla cel\u00f3w marketingu bezpo\u015bredniego przez Grup\u0119 Wanicki*\n\t\t<\/p>\n\t<\/div>\n<\/div>\n<div style=\"font-size: 0.75em\">\n\t<p>Zgoda obejmuje kontakt za po\u015brednictwem:\n\t<\/p>\n<\/div>\n<div class=\"checkbox-input\" style=\"font-size: 0.75em\">\n\t<p><span class=\"wpcf7-form-control-wrap\" data-name=\"your-acceptance-email\"><span class=\"wpcf7-form-control wpcf7-acceptance optional\"><span class=\"wpcf7-list-item\"><input type=\"checkbox\" name=\"your-acceptance-email\" value=\"1\" aria-invalid=\"false\" \/><\/span><\/span><\/span>\n\t<\/p>\n\t<div>\n\t\t<p>E-mail\n\t\t<\/p>\n\t<\/div>\n<\/div>\n<div class=\"checkbox-input\" style=\"font-size: 0.75em\">\n\t<p><span class=\"wpcf7-form-control-wrap\" data-name=\"your-acceptance-sms\"><span class=\"wpcf7-form-control wpcf7-acceptance optional\"><span class=\"wpcf7-list-item\"><input type=\"checkbox\" name=\"your-acceptance-sms\" value=\"1\" aria-invalid=\"false\" \/><\/span><\/span><\/span>\n\t<\/p>\n\t<div>\n\t\t<p>SMS\n\t\t<\/p>\n\t<\/div>\n<\/div>\n<div class=\"checkbox-input\" style=\"font-size: 0.75em\">\n\t<p><span class=\"wpcf7-form-control-wrap\" data-name=\"your-acceptance-tel\"><span class=\"wpcf7-form-control wpcf7-acceptance optional\"><span class=\"wpcf7-list-item\"><input type=\"checkbox\" name=\"your-acceptance-tel\" value=\"1\" aria-invalid=\"false\" \/><\/span><\/span><\/span>\n\t<\/p>\n\t<div>\n\t\t<p>Kontakt telefoniczny\n\t\t<\/p>\n\t<\/div>\n<\/div>\n<div style=\"font-size: 0.75em\">\n\t<p>*przez Grup\u0119 Wanicki rozumie si\u0119 nast\u0119puj\u0105ce sp\u00f3\u0142ki: Firma Wanicki sp. z o.o. z siedzib\u0105 w Mogilanach, ul. My\u015blenicka 19, 32-031 Mogilany, KRS: 0000214618; Wanicki Serwis sp. z o.o. z siedzib\u0105 w Mogilanach, ul. My\u015blenicka 19, 32.-031 Mogilany, KRS: 0000225703, MW Wanicki sp. z o.o. z siedzib\u0105 w Mogilanach, ul. My\u015blenicka 19, 32.-031 Mogilany, KRS: 0000290954; BW Wanicki sp. z o.o. z siedzib\u0105 w Mogilanach, ul. My\u015blenicka 19, 32.-031 Mogilany, KRS: 0000277732; SW Wanicki sp. z o.o. z siedzib\u0105 w Mogilanach, ul. My\u015blenicka 19, 32.-031 Mogilany, KRS: 0000318232; Nedpol Truck Service sp. z o.o. z siedzib\u0105 w Romanowie, Roman\u00f3w 10b, 42-260 Roman\u00f3w, KRS: 0000062292; WW Wanicki sp. z o.o. z siedzib\u0105 w Trzcianie, Trzciana 162, 36-071 Trzciana, KRS: 0000214811; PT Wanicki sp. z o.o. z siedzib\u0105 w Mogilanach, ul. My\u015blenicka 19, 32.-031 Mogilany, KRS: 0001069064; Wanicki Rental sp. z o.o. z siedzib\u0105 w Mogilanach, ul. My\u015blenicka 19, 32.-031 Mogilany, KRS: 0000997992.\n\t<\/p>\n<\/div>\n<p><input class=\"wpcf7-form-control wpcf7-submit has-spinner\" type=\"submit\" value=\"Wy\u015blij wiadomo\u015b\u0107\" \/>\n<\/p><div class=\"wpcf7-response-output\" aria-hidden=\"true\"><\/div>\n<\/form>\n<\/div>\n        <\/div>\n    <\/div>\n<\/div>\n<\/div>\n\n<div class=\"wp-block-wanicki-image-with-text image-with-text \">\n\n    <div class=\"image-with-text__image\">\n                    <div class=\"image-with-text__image-photo\"\n                 style=\"background-image: url(https:\/\/wanicki.pl\/daf\/wp-content\/uploads\/sites\/3\/2025\/07\/20250407_102948.jpg)\"><\/div>\n            <\/div>\n\n    <div class=\"image-with-text__info  \">\n                    <div class=\"image-with-text__info-title-wrapper\">\n                <h2 class=\"image-with-text__info-title\">Miesi\u0119czna rata za \u015bmieciark\u0119 zamiast du\u017cej inwestycji?<\/h2>\n                                    <\/div>\n                            <div class=\"image-with-text__info-text\">\n                <p>Z nami to mo\u017cliwe!<\/p>\n<p>Od<strong> 14 400 z\u0142<\/strong> netto\/msc. mo\u017cesz naj\u0105\u0107 \u015bmieciark\u0119 na okres <strong>36 -72 miesi\u0119cy<\/strong>, z <strong>pe\u0142n\u0105 obs\u0142ug\u0105 serwisow\u0105<\/strong>, ubezpieczeniem <strong>OC i AC<\/strong>, <strong>ogumieniem<\/strong> i <strong>ca\u0142odobowym assistance<\/strong>.<\/p>\n<p><span class=\"TextRun SCXW2515275 BCX0\" lang=\"PL-PL\" xml:lang=\"PL-PL\" data-contrast=\"none\"><span class=\"NormalTextRun SCXW2515275 BCX0\">A po zako\u0144czeniu <\/span><span class=\"NormalTextRun ContextualSpellingAndGrammarErrorV2Themed SCXW2515275 BCX0\">zdecyduj<\/span><span class=\"NormalTextRun SCXW2515275 BCX0\"> czy przed\u0142u\u017casz, czy oddajesz. <\/span><\/span><span class=\"EOP SCXW2515275 BCX0\" data-ccp-props=\"{&quot;134233117&quot;:false,&quot;134233118&quot;:false,&quot;335557856&quot;:16777215,&quot;335559685&quot;:0,&quot;335559737&quot;:0,&quot;335559738&quot;:0,&quot;335559739&quot;:0}\">\u00a0<\/span><\/p>\n<p>Zainteresowany?<\/p>\n\n            <\/div>\n                            <a href=\"https:\/\/wanicki.pl\/daf\/najem-pojazdow-komunalnych\/#formularz\" class=\"btn btn--primary image-with-text__button \"\n               >WYPE\u0141NIJ FORMULARZ<\/a>\n                            <div class=\"image-with-text__extra-links\">\n                                                            <a href=\"https:\/\/wanicki.pl\/daf\/wp-content\/uploads\/sites\/3\/2025\/07\/Regulamin-akcji-najem-dlugoterminowy-smieciarek.pdf\" class=\"image-with-text__extra-link\">Regulamin akcji<\/a>\n                                                <\/div>\n        \n    <\/div>\n\n<\/div>\n\n\n<div class=\"wp-block-wanicki-image-with-text image-with-text  image-with-text--reversed \">\n\n    <div class=\"image-with-text__image\">\n                    <div class=\"image-with-text__image-photo\"\n                 style=\"background-image: url(https:\/\/wanicki.pl\/daf\/wp-content\/uploads\/sites\/3\/2025\/07\/IMG_0879-scaled.jpg)\"><\/div>\n            <\/div>\n\n    <div class=\"image-with-text__info  image-with-text__info--reversed  \">\n                    <div class=\"image-with-text__info-title-wrapper\">\n                <h2 class=\"image-with-text__info-title\">Poznaj dost\u0119pne modele<\/h2>\n                                    <\/div>\n                            <div class=\"image-with-text__info-text\">\n                <h3><\/h3>\n<p><a href=\"https:\/\/readytogo.com.pl\/pojazdy\/daf-cf340-fan-smieciarka-geesink\/\"><strong>DAF CF340 FAN z zabudow\u0105 Geesink<\/strong><\/a><\/p>\n<p><a href=\"https:\/\/readytogo.com.pl\/pojazdy\/daf-xd300-fa-smieciarka-norba\/\"><strong>DAF XD300 FA z zabudow\u0105 Norba<\/strong><\/a><\/p>\n<p><a href=\"https:\/\/readytogo.com.pl\/pojazdy\/daf-cf340-fan-smieciarka-norba\/\"><strong>DAF CF340 FAN z zabudow\u0105 Norba<\/strong><\/a><\/p>\n<p><a href=\"https:\/\/readytogo.com.pl\/pojazdy\/daf-xd340-fan-z-zabudowa-smieciarka-geesink\/\"><strong>DAF XD340 FAN z zabudow\u0105 Geesink<\/strong><\/a><\/p>\n<p><strong>DAF XB310 FA z zabudow\u0105 bramow\u0105<\/strong><\/p>\n<p><strong>DAF XD450 FAN z zabudow\u0105 hakow\u0105<\/strong><\/p>\n<p>&nbsp;<\/p>\n\n            <\/div>\n                            <a href=\"tel:724360482\" class=\"btn btn--primary image-with-text__button \"\n               >Zainteresowany? ZADZWO\u0143 DO NAS<\/a>\n                \n    <\/div>\n\n<\/div>\n\n\n<div\n        class=\"wp-block-wanicki-select-branches-map select-branches-map\"\n        data-json='[{\"title\":\"Wolb\\u00f3rz (Piotrk\\u00f3w Trybunalski)\",\"phone\":\"44 788 30 01\",\"address\":\"Zwierzyniec 5E, 97-320 Wolb\\u00f3rz\",\"mapCardContent\":\"\",\"location\":{\"address\":\"Zwierzyniec 5E, 97-320 Wolb\\u00f3rz, Poland\",\"lat\":51.492059,\"lng\":19.8357895}}]'\n>\n            <div class=\"select-branches-map__content\">\n            <div class=\"container\">\n                <h3 class=\"select-branches-map__text\">ZAPRASZAMY DO NASZEGO ODDZIA\u0141U<\/h3>\n            <\/div>\n        <\/div>\n                <div class=\"select-branches-map__map-wrapper\">\n            <div class=\"select-branches-map__map\" id=\"select-branches-map\"\n                 data-marker=\"https:\/\/wanicki.pl\/daf\/wp-content\/themes\/wanicki-theme\/public\/images\/icons\/marker.dc0996.svg\"><\/div>\n            <script>(g => {\n                    var h, a, k, p = \"The Google Maps JavaScript API\", c = \"google\",\n                        l = \"importLibrary\", q = \"__ib__\", m = document, b = window;\n                    b = b[ c ] || (b[ c ] = {});\n                    var d = b.maps || (b.maps = {}), r = new Set, e = new URLSearchParams,\n                        u = () => h || (h = new Promise(async (f, n) => {\n                            await (a = m.createElement(\"script\"));\n                            e.set(\"libraries\", [ ...r ] + \"\");\n                            for (k in g) e.set(k.replace(\/[A-Z]\/g, t => \"_\" + t[ 0 ].toLowerCase()), g[ k ]);\n                            e.set(\"callback\", c + \".maps.\" + q);\n                            a.src = `https:\/\/maps.${ c }apis.com\/maps\/api\/js?` + e;\n                            d[ q ] = f;\n                            a.onerror = () => h = n(Error(p + \" could not load.\"));\n                            a.nonce = m.querySelector(\"script[nonce]\")?.nonce || \"\";\n                            m.head.append(a);\n                        }));\n                    d[ l ] ? console.warn(p + \" only loads once. Ignoring:\", g) : d[ l ] = (f, ...n) => r.add(f) && u()\n                        .then(() => d[ l ](f, ...n));\n                })\n                ({ key: \"AIzaSyDIjChV9femcMPQiA9ep0n-DWUrP7Y3SUg\", v: \"weekly\" });<\/script>\n        <\/div>\n    <\/div>\n","protected":false},"excerpt":{"rendered":"","protected":false},"author":15,"featured_media":4476,"parent":0,"menu_order":0,"comment_status":"closed","ping_status":"closed","template":"","meta":{"_acf_changed":false,"_seopress_robots_primary_cat":"","_seopress_titles_title":"Najem pojazd\u00f3w komunalnych","_seopress_titles_desc":"Wynajem d\u0142ugoterminowy \u015bmieciarek \u2013 bez niespodzianek i bez zb\u0119dnych koszt\u00f3w. \r\nCzynsz najmu zawiera: \r\nUbezpieczenie OC + AC \r\nKompleksowy serwis pojazdu i zabudowy (przegl\u0105dy, badania, naprawy) \r\nOgumienie \u2013 wymiana i serwis \r\nCa\u0142odobowy assistance","_seopress_robots_index":"","inline_featured_image":false,"footnotes":""},"class_list":["post-4474","page","type-page","status-publish","has-post-thumbnail","hentry"],"acf":[],"_links":{"self":[{"href":"https:\/\/wanicki.pl\/daf\/wp-json\/wp\/v2\/pages\/4474","targetHints":{"allow":["GET"]}}],"collection":[{"href":"https:\/\/wanicki.pl\/daf\/wp-json\/wp\/v2\/pages"}],"about":[{"href":"https:\/\/wanicki.pl\/daf\/wp-json\/wp\/v2\/types\/page"}],"author":[{"embeddable":true,"href":"https:\/\/wanicki.pl\/daf\/wp-json\/wp\/v2\/users\/15"}],"replies":[{"embeddable":true,"href":"https:\/\/wanicki.pl\/daf\/wp-json\/wp\/v2\/comments?post=4474"}],"version-history":[{"count":13,"href":"https:\/\/wanicki.pl\/daf\/wp-json\/wp\/v2\/pages\/4474\/revisions"}],"predecessor-version":[{"id":4516,"href":"https:\/\/wanicki.pl\/daf\/wp-json\/wp\/v2\/pages\/4474\/revisions\/4516"}],"wp:featuredmedia":[{"embeddable":true,"href":"https:\/\/wanicki.pl\/daf\/wp-json\/wp\/v2\/media\/4476"}],"wp:attachment":[{"href":"https:\/\/wanicki.pl\/daf\/wp-json\/wp\/v2\/media?parent=4474"}],"curies":[{"name":"wp","href":"https:\/\/api.w.org\/{rel}","templated":true}]}}