{"id":4792,"date":"2025-12-05T10:15:24","date_gmt":"2025-12-05T09:15:24","guid":{"rendered":"https:\/\/wanicki.pl\/daf\/?page_id=4792"},"modified":"2025-12-12T08:13:49","modified_gmt":"2025-12-12T07:13:49","slug":"prawo-jazdy-c-e","status":"publish","type":"page","link":"https:\/\/wanicki.pl\/daf\/prawo-jazdy-c-e\/","title":{"rendered":"Nowe przepisy w prawo jazdy C + E"},"content":{"rendered":"<div class=\"wp-block-wanicki-hero-header hero-header\">\n    <div class=\"hero-header__image hero-header__image--desktop\"\n          style=\"background-image: url(https:\/\/wanicki.pl\/daf\/wp-content\/uploads\/sites\/3\/2025\/12\/Projekt-bez-nazwy-1.png)\" ><\/div>\n    <div class=\"hero-header__image hero-header__image--mobile\"\n          style=\"background-image: url(https:\/\/wanicki.pl\/daf\/wp-content\/uploads\/sites\/3\/2025\/12\/Projekt-bez-nazwy-1.png)\"\n            >\n    <\/div>\n    <div class=\"hero-header__container container\">\n        <h1 class=\"hero-header__title\">DOSTOSUJ SI\u0118 DO ZMIAN C + E BEZ DU\u017bYCH KOSZT\u00d3W! <br><strong>CI\u0104GNIK DAF CF JU\u017b OD 38 000 Z\u0141!<\/strong> <\/h1>\n                    <div class=\"hero-header__subtitle\"><p><strong><span style=\"font-size: 18pt;\">Nie czekaj. Nowe przepisy b\u0119d\u0105 obowi\u0105zywa\u0107 <\/span><\/strong><\/p>\n<p><strong><span style=\"font-size: 18pt;\">od 1 stycznia 2026r.<\/span><\/strong><\/p>\n<p>&nbsp;<\/p>\n<p>&nbsp;<\/p>\n<p>&nbsp;<\/p>\n<p><span style=\"font-size: 8pt;\">*Szczeg\u00f3\u0142y akcji promocyjnej w Regulaminie dost\u0119pnym na stronie akcji.<\/span><\/p>\n<p><span style=\"font-size: 8pt;\">**Oferta ma charakter informacyjny i nie stanowi oferty handlowej w rozumieniu KC (art. 71, art. 63).<\/span><\/p>\n<\/div>\n                            <a href=\"https:\/\/wanicki.pl\/daf\/prawo-jazdy-c-e\/#formularz\"\n               class=\"btn \"\n                           >WYPE\u0141NIAM FORMULARZ<\/a>\n            <\/div>\n<\/div>\n\n\n<div id=\"formularz\"><div class=\"wp-block-wanicki-job-form job-form__container\" id=\"formularz\">\n    <div class=\"container job-form\">\n        <div class=\"job-form__info\">\n            <h2 class=\"job-form__info-title\">Zainteresowany tak\u0105 ofert\u0105? Oddzwonimy!<\/h2>\n                    <p class=\"job-form__info-text\">\n                Skorzystaj z tej wyj\u0105tkowej okazji! Wype\u0142nij formularz, a my skontaktujemy si\u0119 i przedstawimy szczeg\u00f3\u0142y.\n            <\/p>\n        <\/div>\n        <div class=\"job-form__form\">\n            \n<div class=\"wpcf7 no-js\" id=\"wpcf7-f4793-o1\" lang=\"pl-PL\" dir=\"ltr\" data-wpcf7-id=\"4793\">\n<div class=\"screen-reader-response\"><p role=\"status\" aria-live=\"polite\" aria-atomic=\"true\"><\/p> <ul><\/ul><\/div>\n<form action=\"\/daf\/wp-json\/wp\/v2\/pages\/4792#wpcf7-f4793-o1\" method=\"post\" class=\"wpcf7-form init\" aria-label=\"Formularz kontaktowy\" novalidate=\"novalidate\" data-status=\"init\">\n<fieldset class=\"hidden-fields-container\"><input type=\"hidden\" name=\"_wpcf7\" value=\"4793\" \/><input type=\"hidden\" name=\"_wpcf7_version\" value=\"6.1.5\" \/><input type=\"hidden\" name=\"_wpcf7_locale\" value=\"pl_PL\" \/><input type=\"hidden\" name=\"_wpcf7_unit_tag\" value=\"wpcf7-f4793-o1\" \/><input type=\"hidden\" name=\"_wpcf7_container_post\" value=\"0\" \/><input type=\"hidden\" name=\"_wpcf7_posted_data_hash\" value=\"\" \/><input type=\"hidden\" name=\"_wpcf7_recaptcha_response\" value=\"\" \/>\n<\/fieldset>\n<div class=\"form-columns\">\n\t<p><label><span class=\"form-label\">Imi\u0119*<\/span><span class=\"wpcf7-form-control-wrap\" data-name=\"your-name\"><input size=\"40\" maxlength=\"400\" class=\"wpcf7-form-control wpcf7-text wpcf7-validates-as-required\" aria-required=\"true\" aria-invalid=\"false\" value=\"\" type=\"text\" name=\"your-name\" \/><\/span><\/label><br \/>\n<label><span class=\"form-label\">Nazwisko*<\/span><span class=\"wpcf7-form-control-wrap\" data-name=\"your-surname\"><input size=\"40\" maxlength=\"400\" class=\"wpcf7-form-control wpcf7-text wpcf7-validates-as-required\" aria-required=\"true\" aria-invalid=\"false\" value=\"\" type=\"text\" name=\"your-surname\" \/><\/span><\/label>\n\t<\/p>\n<\/div>\n<div class=\"form-columns\">\n\t<p><label><span class=\"form-label\">Email*<\/span><span class=\"wpcf7-form-control-wrap\" data-name=\"your-email\"><input size=\"40\" maxlength=\"400\" class=\"wpcf7-form-control wpcf7-email wpcf7-validates-as-required wpcf7-text wpcf7-validates-as-email\" aria-required=\"true\" aria-invalid=\"false\" value=\"\" type=\"email\" name=\"your-email\" \/><\/span><\/label><br \/>\n<label><span class=\"form-label\">Numer telefonu*<\/span><span class=\"wpcf7-form-control-wrap\" data-name=\"your-phone\"><input size=\"40\" maxlength=\"400\" class=\"wpcf7-form-control wpcf7-tel wpcf7-validates-as-required wpcf7-text wpcf7-validates-as-tel\" aria-required=\"true\" aria-invalid=\"false\" value=\"\" type=\"tel\" name=\"your-phone\" \/><\/span><\/label>\n\t<\/p>\n<\/div>\n<p><label><span class=\"form-label\">Kod pocztowy*<\/span><span class=\"wpcf7-form-control-wrap\" data-name=\"your-postcode\"><input size=\"40\" maxlength=\"400\" class=\"wpcf7-form-control wpcf7-text wpcf7-validates-as-required\" aria-required=\"true\" aria-invalid=\"false\" value=\"\" type=\"text\" name=\"your-postcode\" \/><\/span><\/label>\n<\/p>\n<div class=\"checkbox-input\" style=\"font-size: 0.75em\">\n\t<p>        <span class=\"wpcf7-form-control-wrap\" data-name=\"checkall-69dd443f0429b\">\r\n            <span class=\"wpcf7-form-control wpcf7-acceptance optional\">\r\n                <span class=\"wpcf7-list-item\">\r\n                    <input type=\"checkbox\" name=\"checkall-69dd443f0429b\" aria-invalid=\"false\" id=\"checkall-69dd443f0429b\" \/>\r\n                <\/span>\r\n            <\/span>\r\n        <\/span>\r\n        <div>\r\n            <p>\r\n                Zaznacz wszystkie pola            <\/p>\r\n        <\/div>\r\n    \n\t<\/p>\n<\/div>\n<div class=\"checkbox-input\" style=\"font-size: 0.75em\">\n\t<p><span class=\"wpcf7-form-control-wrap\" data-name=\"your-acceptance\"><span class=\"wpcf7-form-control wpcf7-acceptance\"><span class=\"wpcf7-list-item\"><input type=\"checkbox\" name=\"your-acceptance\" value=\"1\" aria-invalid=\"false\" \/><\/span><\/span><\/span>\n\t<\/p>\n\t<div>\n\t\t<p>*O\u015bwiadczam, \u017ce zapozna\u0142em si\u0119 z <a href='\/polityka-prywatnosci\/' target=\"_blank\">Polityk\u0105 prywatno\u015bci oraz Regulaminem \u015bwiadczenia us\u0142ug drog\u0105 elektroniczn\u0105<\/a> i akceptuj\u0119 ich tre\u015b\u0107.\n\t\t<\/p>\n\t<\/div>\n<\/div>\n<div class=\"checkbox-input\" style=\"font-size: 0.75em\">\n\t<p><span class=\"wpcf7-form-control-wrap\" data-name=\"your-acceptance-info\"><span class=\"wpcf7-form-control wpcf7-acceptance optional\"><span class=\"wpcf7-list-item\"><input type=\"checkbox\" name=\"your-acceptance-info\" value=\"1\" aria-invalid=\"false\" \/><\/span><\/span><\/span>\n\t<\/p>\n\t<div>\n\t\t<p>Wyra\u017cam zgod\u0119 na przesy\u0142anie informacji handlowej skierowanej za pomoc\u0105 \u015brodk\u00f3w komunikacji elektronicznej oraz na u\u017cywanie telekomunikacyjnych urz\u0105dze\u0144 ko\u0144cowych i automatycznych system\u00f3w wywo\u0142uj\u0105cych dla cel\u00f3w marketingu bezpo\u015bredniego przez Grup\u0119 Wanicki*\n\t\t<\/p>\n\t<\/div>\n<\/div>\n<div style=\"font-size: 0.75em\">\n\t<p>Zgoda obejmuje kontakt za po\u015brednictwem:\n\t<\/p>\n<\/div>\n<div class=\"checkbox-input\" style=\"font-size: 0.75em\">\n\t<p><span class=\"wpcf7-form-control-wrap\" data-name=\"your-acceptance-email\"><span class=\"wpcf7-form-control wpcf7-acceptance optional\"><span class=\"wpcf7-list-item\"><input type=\"checkbox\" name=\"your-acceptance-email\" value=\"1\" aria-invalid=\"false\" \/><\/span><\/span><\/span>\n\t<\/p>\n\t<div>\n\t\t<p>E-mail\n\t\t<\/p>\n\t<\/div>\n<\/div>\n<div class=\"checkbox-input\" style=\"font-size: 0.75em\">\n\t<p><span class=\"wpcf7-form-control-wrap\" data-name=\"your-acceptance-sms\"><span class=\"wpcf7-form-control wpcf7-acceptance optional\"><span class=\"wpcf7-list-item\"><input type=\"checkbox\" name=\"your-acceptance-sms\" value=\"1\" aria-invalid=\"false\" \/><\/span><\/span><\/span>\n\t<\/p>\n\t<div>\n\t\t<p>SMS\n\t\t<\/p>\n\t<\/div>\n<\/div>\n<div class=\"checkbox-input\" style=\"font-size: 0.75em\">\n\t<p><span class=\"wpcf7-form-control-wrap\" data-name=\"your-acceptance-tel\"><span class=\"wpcf7-form-control wpcf7-acceptance optional\"><span class=\"wpcf7-list-item\"><input type=\"checkbox\" name=\"your-acceptance-tel\" value=\"1\" aria-invalid=\"false\" \/><\/span><\/span><\/span>\n\t<\/p>\n\t<div>\n\t\t<p>Kontakt telefoniczny\n\t\t<\/p>\n\t<\/div>\n<\/div>\n<div style=\"font-size: 0.75em\">\n\t<p>*przez Grup\u0119 Wanicki rozumie si\u0119 nast\u0119puj\u0105ce sp\u00f3\u0142ki: Firma Wanicki sp. z o.o. z siedzib\u0105 w Mogilanach, ul. My\u015blenicka 19, 32-031 Mogilany, KRS: 0000214618; Wanicki Serwis sp. z o.o. z siedzib\u0105 w Mogilanach, ul. My\u015blenicka 19, 32.-031 Mogilany, KRS: 0000225703, MW Wanicki sp. z o.o. z siedzib\u0105 w Mogilanach, ul. My\u015blenicka 19, 32.-031 Mogilany, KRS: 0000290954; BW Wanicki sp. z o.o. z siedzib\u0105 w Mogilanach, ul. My\u015blenicka 19, 32.-031 Mogilany, KRS: 0000277732; SW Wanicki sp. z o.o. z siedzib\u0105 w Mogilanach, ul. My\u015blenicka 19, 32.-031 Mogilany, KRS: 0000318232; Nedpol Truck Service sp. z o.o. z siedzib\u0105 w Romanowie, Roman\u00f3w 10b, 42-260 Roman\u00f3w, KRS: 0000062292; WW Wanicki sp. z o.o. z siedzib\u0105 w Trzcianie, Trzciana 162, 36-071 Trzciana, KRS: 0000214811; PT Wanicki sp. z o.o. z siedzib\u0105 w Mogilanach, ul. My\u015blenicka 19, 32.-031 Mogilany, KRS: 0001069064; Wanicki Rental sp. z o.o. z siedzib\u0105 w Mogilanach, ul. My\u015blenicka 19, 32.-031 Mogilany, KRS: 0000997992.\n\t<\/p>\n<\/div>\n<p><input class=\"wpcf7-form-control wpcf7-submit has-spinner\" type=\"submit\" value=\"Wy\u015blij wiadomo\u015b\u0107\" \/>\n<\/p><div class=\"wpcf7-response-output\" aria-hidden=\"true\"><\/div>\n<\/form>\n<\/div>\n        <\/div>\n    <\/div>\n<\/div>\n<\/div>\n\n<div class=\"wp-block-wanicki-image-with-text image-with-text \">\n\n    <div class=\"image-with-text__image\">\n                    <div class=\"image-with-text__image-photo\"\n                 style=\"background-image: url(https:\/\/wanicki.pl\/daf\/wp-content\/uploads\/sites\/3\/2025\/12\/Zdjecie-WhatsApp-2025-12-08-o-00.11.35_85892e25.jpg)\"><\/div>\n            <\/div>\n\n    <div class=\"image-with-text__info  \">\n                    <div class=\"image-with-text__info-title-wrapper\">\n                <h2 class=\"image-with-text__info-title\">Egzamin C+E w nowej formie<\/h2>\n                                    <\/div>\n                            <div class=\"image-with-text__info-text\">\n                <p><span style=\"font-size: 12pt;\">Od <strong>1 stycznia 2026 r.<\/strong> egzaminy na prawo jazdy kategorii C+E b\u0119d\u0105 przeprowadzane wy\u0142\u0105cznie na zestawach sk\u0142adaj\u0105cych si\u0119 z <strong>ci\u0105gnika siod\u0142owego i naczepy,\u00a0<\/strong>o nast\u0119puj\u0105cy parametrach<\/span><\/p>\n<ul>\n<li><span style=\"color: #262f38; font-size: 12pt; letter-spacing: 0.7px;\">d\u0142ugo\u015b\u0107 zestawu nie mo\u017ce by\u0107 mniejsza ni\u017c <strong>16 metr\u00f3w<\/strong>,<\/span><\/li>\n<li><span style=\"font-size: 12pt;\">dopuszczalna masa ca\u0142kowita \u2013 minimum <strong>20 ton<\/strong>,<\/span><\/li>\n<li><span style=\"font-size: 12pt;\">rzeczywista masa z balastem \u2013 co najmniej <strong>15 ton<\/strong>.<\/span><\/li>\n<\/ul>\n<p>Mamy w ofercie<strong data-start=\"586\" data-end=\"618\">\u00a040 sztuk ci\u0105gnik\u00f3w DAF CF<\/strong>, kt\u00f3re spe\u0142niaj\u0105 wszystkie nowe wymogi egzaminacyjne i to ju\u017c <strong data-start=\"683\" data-end=\"705\">od 38 000 z\u0142 netto<\/strong>.<\/p>\n\n            <\/div>\n                            <a href=\"https:\/\/wanicki.pl\/daf\/prawo-jazdy-c-e\/#formularz\" class=\"btn btn--primary image-with-text__button \"\n               >WYPE\u0141NIAM FORMULARZ<\/a>\n                            <div class=\"image-with-text__extra-links\">\n                                                            <a href=\"https:\/\/wanicki.pl\/daf\/wp-content\/uploads\/sites\/3\/2025\/12\/Regulamin-Akcji-Kampania-nowe-przypisy-C-E.pdf\" class=\"image-with-text__extra-link\">Regulamin akcji<\/a>\n                                                <\/div>\n        \n    <\/div>\n\n<\/div>\n\n\n<div class=\"wp-block-wanicki-cta-banner cta-banner\">\n    <div class=\"container\">\n        <div class=\"cta-banner__container\">\n            <div class=\"cta-banner__image\"\n                  style=\"background-image: url(https:\/\/wanicki.pl\/daf\/wp-content\/uploads\/sites\/3\/2025\/12\/IMG-20250312-WA0040-1.jpg)\"             ><\/div>\n            <h2 class=\"cta-banner__title\">Poznaj DAF CF<\/h2>\n                                    <div class=\"cta-banner__buttons\">\n                                            <a\n                            href=\"https:\/\/wanicki-uzywane.pl\/wanicki_vehicle_type\/ciagniki-siodlowe\/daf-cf-440-ft-standard-2015-rok-3\/\"\n                            class=\"btn cta-banner__button \"\n                                                        target=\"_blank\"\n                        >\n                            SPRAWDZAM\n                        <\/a>\n                                                        <\/div>\n                    <\/div>\n    <\/div>\n<\/div>\n\n\n<div class=\"wp-block-wanicki-image-with-text image-with-text  image-with-text--reversed \">\n\n    <div class=\"image-with-text__image\">\n                    <div class=\"image-with-text__image-photo\"\n                 style=\"background-image: url(https:\/\/wanicki.pl\/daf\/wp-content\/uploads\/sites\/3\/2025\/12\/IMG-20250312-WA0038-1.jpg)\"><\/div>\n            <\/div>\n\n    <div class=\"image-with-text__info  image-with-text__info--reversed  \">\n                    <div class=\"image-with-text__info-title-wrapper\">\n                <h2 class=\"image-with-text__info-title\">Dlaczego DAF CF to idealny wyb\u00f3r?<\/h2>\n                                    <\/div>\n                            <div class=\"image-with-text__info-text\">\n                <ul data-start=\"100\" data-end=\"859\">\n<li data-start=\"100\" data-end=\"206\">\n<p data-start=\"102\" data-end=\"206\"><strong data-start=\"102\" data-end=\"135\">Idealny pod nowe przepisy C+E<\/strong><\/p>\n<\/li>\n<li data-start=\"100\" data-end=\"206\">\n<p data-start=\"102\" data-end=\"206\"><strong data-start=\"209\" data-end=\"235\">L\u017cejszy i zwrotniejszy<\/strong> ni\u017c du\u017ce modele pokroju DAF XF<\/p>\n<\/li>\n<li data-start=\"315\" data-end=\"393\">\n<p data-start=\"317\" data-end=\"393\"><strong data-start=\"317\" data-end=\"347\">Ni\u017csze koszty eksploatacji<\/strong><\/p>\n<\/li>\n<li data-start=\"479\" data-end=\"556\">\n<p data-start=\"481\" data-end=\"556\"><strong data-start=\"481\" data-end=\"507\">Niezawodna konstrukcja<\/strong><\/p>\n<\/li>\n<li data-start=\"654\" data-end=\"753\">\n<p data-start=\"656\" data-end=\"753\"><strong data-start=\"656\" data-end=\"693\">Dost\u0119pne od r\u0119ki<\/strong><\/p>\n<\/li>\n<li data-start=\"754\" data-end=\"859\">\n<p data-start=\"756\" data-end=\"859\"><strong data-start=\"756\" data-end=\"787\">Cena ju\u017c od 38 000 z\u0142 netto<\/strong> \u2013 najta\u0144sza i najszybsza droga do dostosowania floty do przepis\u00f3w 2026.<\/p>\n<\/li>\n<\/ul>\n\n            <\/div>\n                            <a href=\"tel:817105584\" class=\"btn btn--primary image-with-text__button \"\n               >ZADZWO\u0143 DO NAS<\/a>\n                \n    <\/div>\n\n<\/div>\n","protected":false},"excerpt":{"rendered":"","protected":false},"author":15,"featured_media":4806,"parent":0,"menu_order":0,"comment_status":"closed","ping_status":"closed","template":"","meta":{"_acf_changed":false,"_seopress_robots_primary_cat":"","_seopress_titles_title":"Dostosuj si\u0119 do nowych przepis\u00f3w w prawo jazdy C + E","_seopress_titles_desc":"Mamy w ofercie\u00a040 sztuk ci\u0105gnik\u00f3w DAF CF, kt\u00f3re spe\u0142niaj\u0105 wszystkie nowe wymogi egzaminacyjne i to ju\u017c od 38 000 z\u0142 netto.","_seopress_robots_index":"","inline_featured_image":false,"footnotes":""},"class_list":["post-4792","page","type-page","status-publish","has-post-thumbnail","hentry"],"acf":[],"_links":{"self":[{"href":"https:\/\/wanicki.pl\/daf\/wp-json\/wp\/v2\/pages\/4792","targetHints":{"allow":["GET"]}}],"collection":[{"href":"https:\/\/wanicki.pl\/daf\/wp-json\/wp\/v2\/pages"}],"about":[{"href":"https:\/\/wanicki.pl\/daf\/wp-json\/wp\/v2\/types\/page"}],"author":[{"embeddable":true,"href":"https:\/\/wanicki.pl\/daf\/wp-json\/wp\/v2\/users\/15"}],"replies":[{"embeddable":true,"href":"https:\/\/wanicki.pl\/daf\/wp-json\/wp\/v2\/comments?post=4792"}],"version-history":[{"count":14,"href":"https:\/\/wanicki.pl\/daf\/wp-json\/wp\/v2\/pages\/4792\/revisions"}],"predecessor-version":[{"id":4866,"href":"https:\/\/wanicki.pl\/daf\/wp-json\/wp\/v2\/pages\/4792\/revisions\/4866"}],"wp:featuredmedia":[{"embeddable":true,"href":"https:\/\/wanicki.pl\/daf\/wp-json\/wp\/v2\/media\/4806"}],"wp:attachment":[{"href":"https:\/\/wanicki.pl\/daf\/wp-json\/wp\/v2\/media?parent=4792"}],"curies":[{"name":"wp","href":"https:\/\/api.w.org\/{rel}","templated":true}]}}