{"id":4887,"date":"2025-12-23T08:54:34","date_gmt":"2025-12-23T07:54:34","guid":{"rendered":"https:\/\/wanicki.pl\/daf\/?page_id=4887"},"modified":"2026-02-04T09:18:46","modified_gmt":"2026-02-04T08:18:46","slug":"electric","status":"publish","type":"page","link":"https:\/\/wanicki.pl\/daf\/electric\/","title":{"rendered":"Electric"},"content":{"rendered":"<div class=\"wp-block-wanicki-hero-header hero-header\">\n    <div class=\"hero-header__image hero-header__image--desktop\"\n          style=\"background-image: url(https:\/\/wanicki.pl\/daf\/wp-content\/uploads\/sites\/3\/2025\/12\/WhatsApp-Image-2025-12-23-at-03.51.55-2.jpeg)\" ><\/div>\n    <div class=\"hero-header__image hero-header__image--mobile\"\n          style=\"background-image: url(https:\/\/wanicki.pl\/daf\/wp-content\/uploads\/sites\/3\/2025\/12\/WhatsApp-Image-2025-12-23-at-03.51.55-2.jpeg)\"\n            >\n    <\/div>\n    <div class=\"hero-header__container container\">\n        <h1 class=\"hero-header__title\">DAF XF i XD Electric  <br><strong>Truck of the Year 2026<\/strong> <\/h1>\n                    <div class=\"hero-header__subtitle\"><h3><span data-olk-copy-source=\"MessageBody\">Lider elektrycznej zmiany<\/span><\/h3>\n<\/div>\n                    <\/div>\n<\/div>\n\n\n<div class=\"wp-block-wanicki-job-form job-form__container\" id=\"\">\n    <div class=\"container job-form\">\n        <div class=\"job-form__info\">\n            <h2 class=\"job-form__info-title\">Chcesz wiedzie\u0107 wi\u0119cej?<\/h2>\n                    <p class=\"job-form__info-text\">\n                Wype\u0142nij formularz kontaktowy, a my skontaktujemy si\u0119 i przedstawimy szczeg\u00f3\u0142y oferty.\n            <\/p>\n        <\/div>\n        <div class=\"job-form__form\">\n            \n<div class=\"wpcf7 no-js\" id=\"wpcf7-f4917-o1\" lang=\"pl-PL\" dir=\"ltr\" data-wpcf7-id=\"4917\">\n<div class=\"screen-reader-response\"><p role=\"status\" aria-live=\"polite\" aria-atomic=\"true\"><\/p> <ul><\/ul><\/div>\n<form action=\"\/daf\/wp-json\/wp\/v2\/pages\/4887#wpcf7-f4917-o1\" method=\"post\" class=\"wpcf7-form init\" aria-label=\"Formularz kontaktowy\" novalidate=\"novalidate\" data-status=\"init\">\n<fieldset class=\"hidden-fields-container\"><input type=\"hidden\" name=\"_wpcf7\" value=\"4917\" \/><input type=\"hidden\" name=\"_wpcf7_version\" value=\"6.1.5\" \/><input type=\"hidden\" name=\"_wpcf7_locale\" value=\"pl_PL\" \/><input type=\"hidden\" name=\"_wpcf7_unit_tag\" value=\"wpcf7-f4917-o1\" \/><input type=\"hidden\" name=\"_wpcf7_container_post\" value=\"0\" \/><input type=\"hidden\" name=\"_wpcf7_posted_data_hash\" value=\"\" \/><input type=\"hidden\" name=\"_wpcf7_recaptcha_response\" value=\"\" \/>\n<\/fieldset>\n<div class=\"form-columns\">\n\t<p><label><span class=\"form-label\">Imi\u0119*<\/span><span class=\"wpcf7-form-control-wrap\" data-name=\"your-name\"><input size=\"40\" maxlength=\"400\" class=\"wpcf7-form-control wpcf7-text wpcf7-validates-as-required\" aria-required=\"true\" aria-invalid=\"false\" value=\"\" type=\"text\" name=\"your-name\" \/><\/span><\/label><br \/>\n<label><span class=\"form-label\">Nazwisko*<\/span><span class=\"wpcf7-form-control-wrap\" data-name=\"your-surname\"><input size=\"40\" maxlength=\"400\" class=\"wpcf7-form-control wpcf7-text wpcf7-validates-as-required\" aria-required=\"true\" aria-invalid=\"false\" value=\"\" type=\"text\" name=\"your-surname\" \/><\/span><\/label>\n\t<\/p>\n<\/div>\n<div class=\"form-columns\">\n\t<p><label><span class=\"form-label\">Email*<\/span><span class=\"wpcf7-form-control-wrap\" data-name=\"your-email\"><input size=\"40\" maxlength=\"400\" class=\"wpcf7-form-control wpcf7-email wpcf7-validates-as-required wpcf7-text wpcf7-validates-as-email\" aria-required=\"true\" aria-invalid=\"false\" value=\"\" type=\"email\" name=\"your-email\" \/><\/span><\/label><br \/>\n<label><span class=\"form-label\">Numer telefonu*<\/span><span class=\"wpcf7-form-control-wrap\" data-name=\"your-phone\"><input size=\"40\" maxlength=\"400\" class=\"wpcf7-form-control wpcf7-tel wpcf7-validates-as-required wpcf7-text wpcf7-validates-as-tel\" aria-required=\"true\" aria-invalid=\"false\" value=\"\" type=\"tel\" name=\"your-phone\" \/><\/span><\/label>\n\t<\/p>\n<\/div>\n<p><label><span class=\"form-label\">Kod pocztowy*<\/span><span class=\"wpcf7-form-control-wrap\" data-name=\"your-postcode\"><input size=\"40\" maxlength=\"400\" class=\"wpcf7-form-control wpcf7-text wpcf7-validates-as-required\" aria-required=\"true\" aria-invalid=\"false\" value=\"\" type=\"text\" name=\"your-postcode\" \/><\/span><\/label>\n<\/p>\n<div class=\"checkbox-input\" style=\"font-size: 0.75em\">\n\t<p>        <span class=\"wpcf7-form-control-wrap\" data-name=\"checkall-69dd198a3ff47\">\r\n            <span class=\"wpcf7-form-control wpcf7-acceptance optional\">\r\n                <span class=\"wpcf7-list-item\">\r\n                    <input type=\"checkbox\" name=\"checkall-69dd198a3ff47\" aria-invalid=\"false\" id=\"checkall-69dd198a3ff47\" \/>\r\n                <\/span>\r\n            <\/span>\r\n        <\/span>\r\n        <div>\r\n            <p>\r\n                Zaznacz wszystkie pola            <\/p>\r\n        <\/div>\r\n    \n\t<\/p>\n<\/div>\n<div class=\"checkbox-input\" style=\"font-size: 0.75em\">\n\t<p><span class=\"wpcf7-form-control-wrap\" data-name=\"your-acceptance\"><span class=\"wpcf7-form-control wpcf7-acceptance\"><span class=\"wpcf7-list-item\"><input type=\"checkbox\" name=\"your-acceptance\" value=\"1\" aria-invalid=\"false\" \/><\/span><\/span><\/span>\n\t<\/p>\n\t<div>\n\t\t<p>*O\u015bwiadczam, \u017ce zapozna\u0142em si\u0119 z <a href='\/polityka-prywatnosci\/' target=\"_blank\">Polityk\u0105 prywatno\u015bci oraz Regulaminem \u015bwiadczenia us\u0142ug drog\u0105 elektroniczn\u0105<\/a> i akceptuj\u0119 ich tre\u015b\u0107.\n\t\t<\/p>\n\t<\/div>\n<\/div>\n<div class=\"checkbox-input\" style=\"font-size: 0.75em\">\n\t<p><span class=\"wpcf7-form-control-wrap\" data-name=\"your-acceptance-info\"><span class=\"wpcf7-form-control wpcf7-acceptance optional\"><span class=\"wpcf7-list-item\"><input type=\"checkbox\" name=\"your-acceptance-info\" value=\"1\" aria-invalid=\"false\" \/><\/span><\/span><\/span>\n\t<\/p>\n\t<div>\n\t\t<p>Wyra\u017cam zgod\u0119 na przesy\u0142anie informacji handlowej skierowanej za pomoc\u0105 \u015brodk\u00f3w komunikacji elektronicznej oraz na u\u017cywanie telekomunikacyjnych urz\u0105dze\u0144 ko\u0144cowych i automatycznych system\u00f3w wywo\u0142uj\u0105cych dla cel\u00f3w marketingu bezpo\u015bredniego przez Grup\u0119 Wanicki*\n\t\t<\/p>\n\t<\/div>\n<\/div>\n<div style=\"font-size: 0.75em\">\n\t<p>Zgoda obejmuje kontakt za po\u015brednictwem:\n\t<\/p>\n<\/div>\n<div class=\"checkbox-input\" style=\"font-size: 0.75em\">\n\t<p><span class=\"wpcf7-form-control-wrap\" data-name=\"your-acceptance-email\"><span class=\"wpcf7-form-control wpcf7-acceptance optional\"><span class=\"wpcf7-list-item\"><input type=\"checkbox\" name=\"your-acceptance-email\" value=\"1\" aria-invalid=\"false\" \/><\/span><\/span><\/span>\n\t<\/p>\n\t<div>\n\t\t<p>E-mail\n\t\t<\/p>\n\t<\/div>\n<\/div>\n<div class=\"checkbox-input\" style=\"font-size: 0.75em\">\n\t<p><span class=\"wpcf7-form-control-wrap\" data-name=\"your-acceptance-sms\"><span class=\"wpcf7-form-control wpcf7-acceptance optional\"><span class=\"wpcf7-list-item\"><input type=\"checkbox\" name=\"your-acceptance-sms\" value=\"1\" aria-invalid=\"false\" \/><\/span><\/span><\/span>\n\t<\/p>\n\t<div>\n\t\t<p>SMS\n\t\t<\/p>\n\t<\/div>\n<\/div>\n<div class=\"checkbox-input\" style=\"font-size: 0.75em\">\n\t<p><span class=\"wpcf7-form-control-wrap\" data-name=\"your-acceptance-tel\"><span class=\"wpcf7-form-control wpcf7-acceptance optional\"><span class=\"wpcf7-list-item\"><input type=\"checkbox\" name=\"your-acceptance-tel\" value=\"1\" aria-invalid=\"false\" \/><\/span><\/span><\/span>\n\t<\/p>\n\t<div>\n\t\t<p>Kontakt telefoniczny\n\t\t<\/p>\n\t<\/div>\n<\/div>\n<div style=\"font-size: 0.75em\">\n\t<p>*przez Grup\u0119 Wanicki rozumie si\u0119 nast\u0119puj\u0105ce sp\u00f3\u0142ki: Firma Wanicki sp. z o.o. z siedzib\u0105 w Mogilanach, ul. My\u015blenicka 19, 32-031 Mogilany, KRS: 0000214618; Wanicki Serwis sp. z o.o. z siedzib\u0105 w Mogilanach, ul. My\u015blenicka 19, 32.-031 Mogilany, KRS: 0000225703, MW Wanicki sp. z o.o. z siedzib\u0105 w Mogilanach, ul. My\u015blenicka 19, 32.-031 Mogilany, KRS: 0000290954; BW Wanicki sp. z o.o. z siedzib\u0105 w Mogilanach, ul. My\u015blenicka 19, 32.-031 Mogilany, KRS: 0000277732; SW Wanicki sp. z o.o. z siedzib\u0105 w Mogilanach, ul. My\u015blenicka 19, 32.-031 Mogilany, KRS: 0000318232; Nedpol Truck Service sp. z o.o. z siedzib\u0105 w Romanowie, Roman\u00f3w 10b, 42-260 Roman\u00f3w, KRS: 0000062292; WW Wanicki sp. z o.o. z siedzib\u0105 w Trzcianie, Trzciana 162, 36-071 Trzciana, KRS: 0000214811; PT Wanicki sp. z o.o. z siedzib\u0105 w Mogilanach, ul. My\u015blenicka 19, 32.-031 Mogilany, KRS: 0001069064; Wanicki Rental sp. z o.o. z siedzib\u0105 w Mogilanach, ul. My\u015blenicka 19, 32.-031 Mogilany, KRS: 0000997992.\n\t<\/p>\n<\/div>\n<p><input class=\"wpcf7-form-control wpcf7-submit has-spinner\" type=\"submit\" value=\"Wy\u015blij wiadomo\u015b\u0107\" \/>\n<\/p><div class=\"wpcf7-response-output\" aria-hidden=\"true\"><\/div>\n<\/form>\n<\/div>\n        <\/div>\n    <\/div>\n<\/div>\n\n\n<div class=\"wp-block-wanicki-image-with-text image-with-text \">\n\n    <div class=\"image-with-text__image\">\n                    <div class=\"image-with-text__image-photo\"\n                 style=\"background-image: url(https:\/\/wanicki.pl\/daf\/wp-content\/uploads\/sites\/3\/2025\/12\/WhatsApp-Image-2025-12-22-at-10.51.29.jpeg)\"><\/div>\n            <\/div>\n\n    <div class=\"image-with-text__info  \">\n                    <div class=\"image-with-text__info-title-wrapper\">\n                <h2 class=\"image-with-text__info-title\">International Truck of the Year 2026<\/h2>\n                                    <\/div>\n                            <div class=\"image-with-text__info-text\">\n                <p><strong>Modele DAF XD Electric i XF Electric zdobywcami presti\u017cowego tytu\u0142u \u201eInternational Truck of the Year 2026\u201d<\/strong><\/p>\n<p>&nbsp;<\/p>\n<p>To potwierdzenie, \u017ce elektryczne pojazdy DAF wyznaczaj\u0105 nowe standardy w bezpiecze\u0144stwie, efektywno\u015bci energetycznej i komforcie jazdy \u2013 wspieraj\u0105c firmy transportowe w budowie nowoczesnej, zr\u00f3wnowa\u017conej floty.<\/p>\n<p><strong data-start=\"632\" data-end=\"659\">Dlaczego zwyci\u0119\u017cy\u0142 DAF? <\/strong>Wydajno\u015b\u0107 i dopracowany, mocny uk\u0142ad nap\u0119dowy. Zaawansowana architektura techniczna nowej generacji, wysoka efektywno\u015b\u0107 energetyczna. Trwa\u0142e i bezpieczne akumulatory LFP<\/p>\n\n            <\/div>\n                            <a href=\"https:\/\/wanicki.pl\/daf\/oferta\/pojazdy\/electric\/\" class=\"btn btn--primary image-with-text__button \"\n               >DOWIED\u0179 SI\u0118 WI\u0118CEJ <\/a>\n                            <div class=\"image-with-text__extra-links\">\n                                                                <\/div>\n        \n    <\/div>\n\n<\/div>\n\n\n<div class=\"wp-block-wanicki-image-with-text image-with-text  image-with-text--reversed \">\n\n    <div class=\"image-with-text__image\">\n                    <div class=\"image-with-text__image-photo\"\n                 style=\"background-image: url(https:\/\/wanicki.pl\/daf\/wp-content\/uploads\/sites\/3\/2025\/12\/WhatsApp-Image-2025-12-22-at-10.51.31-1.jpeg)\"><\/div>\n            <\/div>\n\n    <div class=\"image-with-text__info  image-with-text__info--reversed  \">\n                    <div class=\"image-with-text__info-title-wrapper\">\n                <h2 class=\"image-with-text__info-title\">DAF XD i XF Electric<\/h2>\n                                    <\/div>\n                            <div class=\"image-with-text__info-text\">\n                <p data-start=\"675\" data-end=\"735\"><strong data-start=\"675\" data-end=\"735\">Maksymalna wydajno\u015b\u0107 i zasi\u0119g w transporcie bezemisyjnym<\/strong><\/p>\n<p data-start=\"737\" data-end=\"1147\">Modele DAF XD i XF Electric powsta\u0142y z my\u015bl\u0105 o ci\u0119\u017cszych zadaniach oraz transporcie d\u0142ugodystansowym. Pot\u0119\u017cne silniki elektryczne, modu\u0142owe zestawy akumulator\u00f3w LFP i zasi\u0119g przekraczaj\u0105cy 500 km umo\u017cliwiaj\u0105 realizacj\u0119 nawet do 1000 km dziennie bez emisji. Zaawansowana aerodynamika, szybkie \u0142adowanie oraz wysoki poziom komfortu i bezpiecze\u0144stwa czyni\u0105 XD i XF Electric solidnym fundamentem nowoczesnej floty.<\/p>\n\n            <\/div>\n                            <a href=\"https:\/\/wanicki.pl\/daf\/oferta\/pojazdy\/electric\/\" class=\"btn btn--primary image-with-text__button \"\n               >DOWIED\u0179 SI\u0118 WI\u0118CEJ <\/a>\n                            <div class=\"image-with-text__extra-links\">\n                                                                <\/div>\n        \n    <\/div>\n\n<\/div>\n\n\n<div class=\"wp-block-wanicki-image-with-text image-with-text \">\n\n    <div class=\"image-with-text__image\">\n                    <div class=\"image-with-text__image-photo\"\n                 style=\"background-image: url(https:\/\/wanicki.pl\/daf\/wp-content\/uploads\/sites\/3\/2025\/12\/XB-electric.png)\"><\/div>\n            <\/div>\n\n    <div class=\"image-with-text__info  \">\n                    <div class=\"image-with-text__info-title-wrapper\">\n                <h2 class=\"image-with-text__info-title\">DAF XB Electric<\/h2>\n                                    <\/div>\n                            <div class=\"image-with-text__info-text\">\n                <p data-start=\"203\" data-end=\"257\"><strong data-start=\"203\" data-end=\"257\">Zwrotna elektryczna ci\u0119\u017car\u00f3wka do miasta i regionu<\/strong><\/p>\n<p data-start=\"259\" data-end=\"641\">DAF XB Electric zosta\u0142 zaprojektowany z my\u015bl\u0105 o dystrybucji miejskiej i regionalnej. Kompaktowa kabina, niski pr\u00f3g wej\u015bcia i ma\u0142y promie\u0144 skr\u0119tu zapewniaj\u0105 doskona\u0142\u0105 zwrotno\u015b\u0107 w zat\u0142oczonych centrach miast. Zasi\u0119g do 350 km, bezpieczne i trwa\u0142e akumulatory LFP oraz mo\u017cliwo\u015b\u0107 szybkiego \u0142adowania sprawiaj\u0105, \u017ce XB Electric to niezawodne, zeroemisyjne rozwi\u0105zanie do codziennej pracy.<\/p>\n\n            <\/div>\n                            <a href=\"https:\/\/wanicki.pl\/daf\/oferta\/pojazdy\/electric\/daf-xb-electric\/\" class=\"btn btn--primary image-with-text__button \"\n               >ZOBACZ POJAZD<\/a>\n                            <div class=\"image-with-text__extra-links\">\n                                                                <\/div>\n        \n    <\/div>\n\n<\/div>\n\n\n<div class=\"wp-block-wanicki-image-with-text image-with-text  image-with-text--reversed \">\n\n    <div class=\"image-with-text__image\">\n                    <div class=\"image-with-text__image-photo\"\n                 style=\"background-image: url(https:\/\/wanicki.pl\/daf\/wp-content\/uploads\/sites\/3\/2025\/12\/Przechwytywanie-electric-e1766488604678.png)\"><\/div>\n            <\/div>\n\n    <div class=\"image-with-text__info  image-with-text__info--reversed  \">\n                    <div class=\"image-with-text__info-title-wrapper\">\n                <h2 class=\"image-with-text__info-title\">Nawet do 60% dofinansowania na elektryczne ci\u0119\u017car\u00f3wki DAF<\/h2>\n                                    <\/div>\n                            <div class=\"image-with-text__info-text\">\n                <p data-start=\"212\" data-end=\"248\"><strong data-start=\"212\" data-end=\"248\">Realne wsparcie dla Twojej floty<\/strong><\/p>\n<p data-start=\"250\" data-end=\"563\">Zakup lub leasing zeroemisyjnego pojazdu ci\u0119\u017carowego marki DAF mo\u017ce zosta\u0107 obj\u0119ty atrakcyjnym dofinansowaniem w ramach programu Narodowego Funduszu Ochrony \u015arodowiska i Gospodarki Wodnej (NFO\u015aiGW). Celem programu jest redukcja emisji zanieczyszcze\u0144 poprzez wsparcie inwestycji w nowoczesny, bezemisyjny transport.<\/p>\n<p data-start=\"565\" data-end=\"594\"><strong data-start=\"565\" data-end=\"594\">Najwa\u017cniejsze informacje:<\/strong><\/p>\n<ul data-start=\"595\" data-end=\"783\">\n<li data-start=\"595\" data-end=\"648\">\n<p data-start=\"597\" data-end=\"648\">do <strong data-start=\"600\" data-end=\"622\">60% dofinansowania<\/strong> koszt\u00f3w kwalifikowanych<\/p>\n<\/li>\n<li data-start=\"649\" data-end=\"717\">\n<p data-start=\"651\" data-end=\"717\">wsparcie na <strong data-start=\"663\" data-end=\"684\">zakup lub leasing<\/strong> nowych pojazd\u00f3w zeroemisyjnych<\/p>\n<\/li>\n<li data-start=\"718\" data-end=\"751\">\n<p data-start=\"720\" data-end=\"751\">pojazdy kategorii <strong data-start=\"738\" data-end=\"749\">N2 i N3<\/strong><\/p>\n<\/li>\n<li data-start=\"752\" data-end=\"783\">\n<p data-start=\"754\" data-end=\"783\">bud\u017cet programu: <strong data-start=\"771\" data-end=\"783\">2 mld z\u0142<\/strong><\/p>\n<\/li>\n<\/ul>\n<p><strong>Skontaktuj si\u0119 z nami \u2013 pomo\u017cemy dobra\u0107 odpowiedni model DAF i przeprowadzimy Ci\u0119 przez ca\u0142y proces uzyskania dofinansowania.<\/strong><\/p>\n\n            <\/div>\n                            <a href=\"https:\/\/www.gov.pl\/web\/nfosigw\/wsparcie-zakupu-lub-leasingu-pojazdow-zeroemisyjnych-kategorii-n2-i-n3\" class=\"btn btn--primary image-with-text__button \"\n               >SZCZEG\u00d3\u0141Y PROGRAMU<\/a>\n                            <div class=\"image-with-text__extra-links\">\n                                                                <\/div>\n        \n    <\/div>\n\n<\/div>\n\n\n<div class=\"wp-block-wanicki-image-with-text image-with-text \">\n\n    <div class=\"image-with-text__image\">\n                    <div class=\"image-with-text__image-photo\"\n                 style=\"background-image: url(https:\/\/wanicki.pl\/daf\/wp-content\/uploads\/sites\/3\/2025\/12\/WhatsApp-Image-2025-12-22-at-10.51.31.jpeg)\"><\/div>\n            <\/div>\n\n    <div class=\"image-with-text__info  \">\n                    <div class=\"image-with-text__info-title-wrapper\">\n                <h2 class=\"image-with-text__info-title\">Partner transformacji energetycznej<\/h2>\n                                    <\/div>\n                            <div class=\"image-with-text__info-text\">\n                <p data-start=\"190\" data-end=\"227\"><strong data-start=\"190\" data-end=\"227\">Wi\u0119cej ni\u017c elektryczna ci\u0119\u017car\u00f3wka<\/strong><\/p>\n<p data-start=\"229\" data-end=\"573\">Przej\u015bcie na transport elektryczny to proces, kt\u00f3ry wykracza poza sam zakup pojazdu. DAF oferuje kompleksowe wsparcie na ka\u017cdym etapie transformacji energetycznej \u2013 od doboru pojazd\u00f3w, przez serwis i infrastruktur\u0119 \u0142adowania, po optymalizacj\u0119 dostaw energii. Dzi\u0119ki temu klienci zyskuj\u0105 pewno\u015b\u0107, ci\u0105g\u0142o\u015b\u0107 operacyjn\u0105 i realne korzy\u015bci biznesowe.<\/p>\n<p data-start=\"229\" data-end=\"573\"><strong data-start=\"870\" data-end=\"908\">Indywidualne rozwi\u0105zania \u0142adowania<\/strong><br data-start=\"908\" data-end=\"911\" \/>DAF oferuje pe\u0142n\u0105 gam\u0119 \u0142adowarek PACCAR o mocy od 20 do 360 kW \u2013 od nocnego \u0142adowania w bazie po ultraszybkie \u0142adowanie w trakcie pracy. Dodatkowo, we wsp\u00f3\u0142pracy z PACCAR Power Solutions, wspiera projektowanie mikrosieci obejmuj\u0105cych panele fotowoltaiczne, magazyny energii i systemy zarz\u0105dzania energi\u0105, zawsze dopasowane do wielko\u015bci floty i realnych potrzeb klienta.<\/p>\n\n            <\/div>\n                            <a href=\"https:\/\/wanicki.pl\/daf\/paccar-power-solutions\/\" class=\"btn btn--primary image-with-text__button \"\n               >DOWIED\u0179 SI\u0118 WI\u0118CEJ <\/a>\n                            <div class=\"image-with-text__extra-links\">\n                                                                <\/div>\n        \n    <\/div>\n\n<\/div>\n\n\n<div class=\"wp-block-wanicki-cta-banner cta-banner\">\n    <div class=\"container\">\n        <div class=\"cta-banner__container\">\n            <div class=\"cta-banner__image\"\n                  style=\"background-image: url(https:\/\/wanicki.pl\/daf\/wp-content\/uploads\/sites\/3\/2025\/12\/WhatsApp-Image-2025-12-23-at-03.51.55-1.jpeg)\"             ><\/div>\n            <h2 class=\"cta-banner__title\">SKONFIGURUJ SW\u00d3J POJAZD<\/h2>\n                                    <div class=\"cta-banner__buttons\">\n                                            <a\n                            href=\"https:\/\/www.daftrucks.pl\/pl-pl\/trucks\/3d-daf-truck-configurator\"\n                            class=\"btn cta-banner__button \"\n                                                        target=\"_blank\"\n                        >\n                            KONFIGURATOR\n                        <\/a>\n                                                        <\/div>\n                    <\/div>\n    <\/div>\n<\/div>\n\n\n\n<p><\/p>\n","protected":false},"excerpt":{"rendered":"","protected":false},"author":15,"featured_media":0,"parent":0,"menu_order":0,"comment_status":"closed","ping_status":"closed","template":"","meta":{"_acf_changed":false,"_seopress_robots_primary_cat":"","_seopress_titles_title":"Elektryczny DAF - lider elektrycznych zmian","_seopress_titles_desc":"Modele DAF XD i XF Electric powsta\u0142y z my\u015bl\u0105 o ci\u0119\u017cszych zadaniach oraz transporcie d\u0142ugodystansowym. Pot\u0119\u017cne silniki elektryczne, modu\u0142owe zestawy akumulator\u00f3w LFP i zasi\u0119g przekraczaj\u0105cy 500 km umo\u017cliwiaj\u0105 realizacj\u0119 nawet do 1000 km dziennie","_seopress_robots_index":"","inline_featured_image":false,"footnotes":""},"class_list":["post-4887","page","type-page","status-publish","hentry"],"acf":[],"_links":{"self":[{"href":"https:\/\/wanicki.pl\/daf\/wp-json\/wp\/v2\/pages\/4887","targetHints":{"allow":["GET"]}}],"collection":[{"href":"https:\/\/wanicki.pl\/daf\/wp-json\/wp\/v2\/pages"}],"about":[{"href":"https:\/\/wanicki.pl\/daf\/wp-json\/wp\/v2\/types\/page"}],"author":[{"embeddable":true,"href":"https:\/\/wanicki.pl\/daf\/wp-json\/wp\/v2\/users\/15"}],"replies":[{"embeddable":true,"href":"https:\/\/wanicki.pl\/daf\/wp-json\/wp\/v2\/comments?post=4887"}],"version-history":[{"count":17,"href":"https:\/\/wanicki.pl\/daf\/wp-json\/wp\/v2\/pages\/4887\/revisions"}],"predecessor-version":[{"id":5077,"href":"https:\/\/wanicki.pl\/daf\/wp-json\/wp\/v2\/pages\/4887\/revisions\/5077"}],"wp:attachment":[{"href":"https:\/\/wanicki.pl\/daf\/wp-json\/wp\/v2\/media?parent=4887"}],"curies":[{"name":"wp","href":"https:\/\/api.w.org\/{rel}","templated":true}]}}