{"id":5108,"date":"2026-02-16T14:07:03","date_gmt":"2026-02-16T13:07:03","guid":{"rendered":"https:\/\/wanicki.pl\/daf\/?page_id=5108"},"modified":"2026-04-16T15:30:04","modified_gmt":"2026-04-16T13:30:04","slug":"33-na-pierwszy-serwis","status":"publish","type":"page","link":"https:\/\/wanicki.pl\/daf\/33-na-pierwszy-serwis\/","title":{"rendered":"33% na pierwszy serwis"},"content":{"rendered":"<div class=\"wp-block-wanicki-hero-header hero-header\">\n    <div class=\"hero-header__image hero-header__image--desktop\"\n          style=\"background-image: url(https:\/\/wanicki.pl\/daf\/wp-content\/uploads\/sites\/3\/2024\/06\/STS4307-1-min-scaled.jpg)\" ><\/div>\n    <div class=\"hero-header__image hero-header__image--mobile\"\n          style=\"background-image: url(https:\/\/wanicki.pl\/daf\/wp-content\/uploads\/sites\/3\/2024\/06\/STS4307-1-min-scaled.jpg)\"\n            >\n    <\/div>\n    <div class=\"hero-header__container container\">\n        <h1 class=\"hero-header__title\">UNIKALNA OFERTA ! <br><strong>RABAT 33% NA PIERWSZY SERWIS<\/strong> <\/h1>\n                    <div class=\"hero-header__subtitle\"><p>Tw\u00f3j ci\u0105gnik jeszcze u nas nie by\u0142? <b data-path-to-node=\"4,1,0\" data-index-in-node=\"51\">Odbierz 33% rabatu na start!<\/b><\/p>\n<p>&nbsp;<\/p>\n<p>&nbsp;<\/p>\n<p>&nbsp;<\/p>\n<p><span style=\"font-size: 8pt;\">*Szczeg\u00f3\u0142y akcji promocyjnej w Regulaminie dost\u0119pnym na stronie akcji.<\/span><\/p>\n<p><span style=\"font-size: 8pt;\">**Oferta ma charakter informacyjny i nie stanowi oferty handlowej w rozumieniu KC (art. 71, art. 63).<\/span><\/p>\n<\/div>\n                            <a href=\"https:\/\/wanicki.pl\/daf\/33-na-pierwszy-serwis\/#formularz\"\n               class=\"btn \"\n                           >WYPE\u0141NIAM FORMULARZ<\/a>\n            <\/div>\n<\/div>\n\n\n<div id=\"formularz\"><div class=\"wp-block-wanicki-job-form job-form__container\" id=\"formularz\">\n    <div class=\"container job-form\">\n        <div class=\"job-form__info\">\n            <h2 class=\"job-form__info-title\">ZAINTERESOWANY? WYPE\u0141NIJ FORMULARZ<\/h2>\n                    <p class=\"job-form__info-text\">\n                Skorzystaj z tej wyj\u0105tkowej okazji! Wype\u0142nij formularz, a my skontaktujemy si\u0119 i przedstawimy szczeg\u00f3\u0142y.\n            <\/p>\n        <\/div>\n        <div class=\"job-form__form\">\n            \n<div class=\"wpcf7 no-js\" id=\"wpcf7-f5109-o1\" lang=\"pl-PL\" dir=\"ltr\" data-wpcf7-id=\"5109\">\n<div class=\"screen-reader-response\"><p role=\"status\" aria-live=\"polite\" aria-atomic=\"true\"><\/p> <ul><\/ul><\/div>\n<form action=\"\/daf\/wp-json\/wp\/v2\/pages\/5108#wpcf7-f5109-o1\" method=\"post\" class=\"wpcf7-form init\" aria-label=\"Formularz kontaktowy\" novalidate=\"novalidate\" data-status=\"init\">\n<fieldset class=\"hidden-fields-container\"><input type=\"hidden\" name=\"_wpcf7\" value=\"5109\" \/><input type=\"hidden\" name=\"_wpcf7_version\" value=\"6.1.5\" \/><input type=\"hidden\" name=\"_wpcf7_locale\" value=\"pl_PL\" \/><input type=\"hidden\" name=\"_wpcf7_unit_tag\" value=\"wpcf7-f5109-o1\" \/><input type=\"hidden\" name=\"_wpcf7_container_post\" value=\"0\" \/><input type=\"hidden\" name=\"_wpcf7_posted_data_hash\" value=\"\" \/><input type=\"hidden\" name=\"_wpcf7_recaptcha_response\" value=\"\" \/>\n<\/fieldset>\n<div class=\"form-columns\">\n\t<p><label><span class=\"form-label\">Imi\u0119*<\/span><span class=\"wpcf7-form-control-wrap\" data-name=\"your-name\"><input size=\"40\" maxlength=\"400\" class=\"wpcf7-form-control wpcf7-text wpcf7-validates-as-required\" aria-required=\"true\" aria-invalid=\"false\" value=\"\" type=\"text\" name=\"your-name\" \/><\/span><\/label><br \/>\n<label><span class=\"form-label\">Nazwisko*<\/span><span class=\"wpcf7-form-control-wrap\" data-name=\"your-surname\"><input size=\"40\" maxlength=\"400\" class=\"wpcf7-form-control wpcf7-text wpcf7-validates-as-required\" aria-required=\"true\" aria-invalid=\"false\" value=\"\" type=\"text\" name=\"your-surname\" \/><\/span><\/label>\n\t<\/p>\n<\/div>\n<div class=\"form-columns\">\n\t<p><label><span class=\"form-label\">Email*<\/span><span class=\"wpcf7-form-control-wrap\" data-name=\"your-email\"><input size=\"40\" maxlength=\"400\" class=\"wpcf7-form-control wpcf7-email wpcf7-validates-as-required wpcf7-text wpcf7-validates-as-email\" aria-required=\"true\" aria-invalid=\"false\" value=\"\" type=\"email\" name=\"your-email\" \/><\/span><\/label><br \/>\n<label><span class=\"form-label\">Numer telefonu*<\/span><span class=\"wpcf7-form-control-wrap\" data-name=\"your-phone\"><input size=\"40\" maxlength=\"400\" class=\"wpcf7-form-control wpcf7-tel wpcf7-validates-as-required wpcf7-text wpcf7-validates-as-tel\" aria-required=\"true\" aria-invalid=\"false\" value=\"\" type=\"tel\" name=\"your-phone\" \/><\/span><\/label>\n\t<\/p>\n<\/div>\n<p><label><span class=\"form-label\">Kod pocztowy*<\/span><span class=\"wpcf7-form-control-wrap\" data-name=\"your-postcode\"><input size=\"40\" maxlength=\"400\" class=\"wpcf7-form-control wpcf7-text wpcf7-validates-as-required\" aria-required=\"true\" aria-invalid=\"false\" value=\"\" type=\"text\" name=\"your-postcode\" \/><\/span><\/label>\n<\/p>\n<div class=\"checkbox-input\" style=\"font-size: 0.75em\">\n\t<p>        <span class=\"wpcf7-form-control-wrap\" data-name=\"checkall-6a058554d53b2\">\r\n            <span class=\"wpcf7-form-control wpcf7-acceptance optional\">\r\n                <span class=\"wpcf7-list-item\">\r\n                    <input type=\"checkbox\" name=\"checkall-6a058554d53b2\" aria-invalid=\"false\" id=\"checkall-6a058554d53b2\" \/>\r\n                <\/span>\r\n            <\/span>\r\n        <\/span>\r\n        <div>\r\n            <p>\r\n                Zaznacz wszystkie pola            <\/p>\r\n        <\/div>\r\n    \n\t<\/p>\n<\/div>\n<div class=\"checkbox-input\" style=\"font-size: 0.75em\">\n\t<p><span class=\"wpcf7-form-control-wrap\" data-name=\"your-acceptance\"><span class=\"wpcf7-form-control wpcf7-acceptance\"><span class=\"wpcf7-list-item\"><input type=\"checkbox\" name=\"your-acceptance\" value=\"1\" aria-invalid=\"false\" \/><\/span><\/span><\/span>\n\t<\/p>\n\t<div>\n\t\t<p>*O\u015bwiadczam, \u017ce zapozna\u0142em si\u0119 z <a href='\/polityka-prywatnosci\/' target=\"_blank\">Polityk\u0105 prywatno\u015bci oraz Regulaminem \u015bwiadczenia us\u0142ug drog\u0105 elektroniczn\u0105<\/a> i akceptuj\u0119 ich tre\u015b\u0107.\n\t\t<\/p>\n\t<\/div>\n<\/div>\n<div class=\"checkbox-input\" style=\"font-size: 0.75em\">\n\t<p><span class=\"wpcf7-form-control-wrap\" data-name=\"your-acceptance-info\"><span class=\"wpcf7-form-control wpcf7-acceptance optional\"><span class=\"wpcf7-list-item\"><input type=\"checkbox\" name=\"your-acceptance-info\" value=\"1\" aria-invalid=\"false\" \/><\/span><\/span><\/span>\n\t<\/p>\n\t<div>\n\t\t<p>Wyra\u017cam zgod\u0119 na przesy\u0142anie informacji handlowej skierowanej za pomoc\u0105 \u015brodk\u00f3w komunikacji elektronicznej oraz na u\u017cywanie telekomunikacyjnych urz\u0105dze\u0144 ko\u0144cowych i automatycznych system\u00f3w wywo\u0142uj\u0105cych dla cel\u00f3w marketingu bezpo\u015bredniego przez Grup\u0119 Wanicki*\n\t\t<\/p>\n\t<\/div>\n<\/div>\n<div style=\"font-size: 0.75em\">\n\t<p>Zgoda obejmuje kontakt za po\u015brednictwem:\n\t<\/p>\n<\/div>\n<div class=\"checkbox-input\" style=\"font-size: 0.75em\">\n\t<p><span class=\"wpcf7-form-control-wrap\" data-name=\"your-acceptance-email\"><span class=\"wpcf7-form-control wpcf7-acceptance optional\"><span class=\"wpcf7-list-item\"><input type=\"checkbox\" name=\"your-acceptance-email\" value=\"1\" aria-invalid=\"false\" \/><\/span><\/span><\/span>\n\t<\/p>\n\t<div>\n\t\t<p>E-mail\n\t\t<\/p>\n\t<\/div>\n<\/div>\n<div class=\"checkbox-input\" style=\"font-size: 0.75em\">\n\t<p><span class=\"wpcf7-form-control-wrap\" data-name=\"your-acceptance-sms\"><span class=\"wpcf7-form-control wpcf7-acceptance optional\"><span class=\"wpcf7-list-item\"><input type=\"checkbox\" name=\"your-acceptance-sms\" value=\"1\" aria-invalid=\"false\" \/><\/span><\/span><\/span>\n\t<\/p>\n\t<div>\n\t\t<p>SMS\n\t\t<\/p>\n\t<\/div>\n<\/div>\n<div class=\"checkbox-input\" style=\"font-size: 0.75em\">\n\t<p><span class=\"wpcf7-form-control-wrap\" data-name=\"your-acceptance-tel\"><span class=\"wpcf7-form-control wpcf7-acceptance optional\"><span class=\"wpcf7-list-item\"><input type=\"checkbox\" name=\"your-acceptance-tel\" value=\"1\" aria-invalid=\"false\" \/><\/span><\/span><\/span>\n\t<\/p>\n\t<div>\n\t\t<p>Kontakt telefoniczny\n\t\t<\/p>\n\t<\/div>\n<\/div>\n<div style=\"font-size: 0.75em\">\n\t<p>*przez Grup\u0119 Wanicki rozumie si\u0119 nast\u0119puj\u0105ce sp\u00f3\u0142ki: Firma Wanicki sp. z o.o. z siedzib\u0105 w Mogilanach, ul. My\u015blenicka 19, 32-031 Mogilany, KRS: 0000214618; Wanicki Serwis sp. z o.o. z siedzib\u0105 w Mogilanach, ul. My\u015blenicka 19, 32.-031 Mogilany, KRS: 0000225703, MW Wanicki sp. z o.o. z siedzib\u0105 w Mogilanach, ul. My\u015blenicka 19, 32.-031 Mogilany, KRS: 0000290954; BW Wanicki sp. z o.o. z siedzib\u0105 w Mogilanach, ul. My\u015blenicka 19, 32.-031 Mogilany, KRS: 0000277732; SW Wanicki sp. z o.o. z siedzib\u0105 w Mogilanach, ul. My\u015blenicka 19, 32.-031 Mogilany, KRS: 0000318232; Nedpol Truck Service sp. z o.o. z siedzib\u0105 w Romanowie, Roman\u00f3w 10b, 42-260 Roman\u00f3w, KRS: 0000062292; WW Wanicki sp. z o.o. z siedzib\u0105 w Trzcianie, Trzciana 162, 36-071 Trzciana, KRS: 0000214811; PT Wanicki sp. z o.o. z siedzib\u0105 w Mogilanach, ul. My\u015blenicka 19, 32.-031 Mogilany, KRS: 0001069064; Wanicki Rental sp. z o.o. z siedzib\u0105 w Mogilanach, ul. My\u015blenicka 19, 32.-031 Mogilany, KRS: 0000997992.\n\t<\/p>\n<\/div>\n<p><input class=\"wpcf7-form-control wpcf7-submit has-spinner\" type=\"submit\" value=\"Wy\u015blij wiadomo\u015b\u0107\" \/>\n<\/p><div class=\"wpcf7-response-output\" aria-hidden=\"true\"><\/div>\n<\/form>\n<\/div>\n        <\/div>\n    <\/div>\n<\/div>\n<\/div>\n\n<div class=\"wp-block-wanicki-image-with-text image-with-text \">\n\n    <div class=\"image-with-text__image\">\n                    <div class=\"image-with-text__image-photo\"\n                 style=\"background-image: url(https:\/\/wanicki.pl\/daf\/wp-content\/uploads\/sites\/3\/2025\/09\/ChatGPT-Image-30-wrz-2025-13_38_58.png)\"><\/div>\n            <\/div>\n\n    <div class=\"image-with-text__info  \">\n                    <div class=\"image-with-text__info-title-wrapper\">\n                <h2 class=\"image-with-text__info-title\">Sprawd\u017a nasz serwis i to 33% taniej<\/h2>\n                                    <\/div>\n                            <div class=\"image-with-text__info-text\">\n                <p>Masz w swojej flocie pojazd, kt\u00f3ry jeszcze u nas nie by\u0142?<br \/>\nTo idealny moment, aby\u015b sprawdzi\u0142 jako\u015b\u0107 us\u0142ug w <b data-path-to-node=\"3\" data-index-in-node=\"126\">Wanicki<\/b> i przy okazji konkretnie zaoszcz\u0119dzi\u0142.<\/p>\n<p>Niezale\u017cnie od tego, czym je\u017adzisz, mamy dla Ciebie powitalny <b data-path-to-node=\"3\" data-index-in-node=\"290\">rabat 33% na us\u0142ug\u0119 serwisow\u0105<\/b>.<\/p>\n<p>Nie ryzykuj przestoj\u00f3w na trasie i oddaj sw\u00f3j ci\u0105gnik w r\u0119ce profesjonalist\u00f3w, kt\u00f3rzy na co dzie\u0144 pracuj\u0105 wed\u0142ug najwy\u017cszych standard\u00f3w.<\/p>\n<p>Aby skorzysta\u0107 z promocji, wystarczy, \u017ce przed rozpocz\u0119ciem prac podasz naszemu doradcy tajne has\u0142o:<b data-path-to-node=\"3\" data-index-in-node=\"582\">\u00a0PIERWSZY SERWIS<\/b>.<\/p>\n\n            <\/div>\n                            <a href=\"https:\/\/wanicki.pl\/daf\/33-na-pierwszy-serwis\/#formularz\" class=\"btn btn--primary image-with-text__button \"\n               >Skorzystaj z oferty<\/a>\n                            <div class=\"image-with-text__extra-links\">\n                                                            <a href=\"https:\/\/wanicki.pl\/daf\/wp-content\/uploads\/sites\/3\/2026\/04\/Regulamin-Akcji-pierwszy-serwis-33.pdf\" class=\"image-with-text__extra-link\">Regulamin akcji<\/a>\n                                                <\/div>\n        \n    <\/div>\n\n<\/div>\n\n\n<div class=\"wp-block-wanicki-cta-banner cta-banner\">\n    <div class=\"container\">\n        <div class=\"cta-banner__container\">\n            <div class=\"cta-banner__image\"\n                  style=\"background-image: url(https:\/\/wanicki.pl\/daf\/wp-content\/uploads\/sites\/3\/2025\/09\/Batteries-keep-your-truck-going-1.jpg)\"             ><\/div>\n            <h2 class=\"cta-banner__title\">ZNAJD\u0179 NAJBLI\u017bSZY SERWIS<\/h2>\n                                    <div class=\"cta-banner__buttons\">\n                                            <a\n                            href=\"https:\/\/wanicki.pl\/serwis\/pojazdy-ciezarowe-uzytkowe-i-budowlane\/\"\n                            class=\"btn cta-banner__button \"\n                                                        target=\"_blank\"\n                        >\n                            ZNAJD\u0179\n                        <\/a>\n                                                        <\/div>\n                    <\/div>\n    <\/div>\n<\/div>\n","protected":false},"excerpt":{"rendered":"","protected":false},"author":15,"featured_media":4673,"parent":0,"menu_order":0,"comment_status":"closed","ping_status":"closed","template":"","meta":{"_acf_changed":false,"_seopress_robots_primary_cat":"","_seopress_titles_title":"Rabat 33% na pierwszy serwis","_seopress_titles_desc":"Co\u015b stuka? \u015awieci si\u0119 kontrolka? A mo\u017ce czas na przegl\u0105d?\r\nNie ryzykuj przestoju na trasie. Przyjed\u017a do nas i zgarnij rabat 33% na pierwszy serwis","_seopress_robots_index":"","_seopress_analysis_target_kw":"","inline_featured_image":false,"footnotes":""},"class_list":["post-5108","page","type-page","status-publish","has-post-thumbnail","hentry"],"acf":[],"_links":{"self":[{"href":"https:\/\/wanicki.pl\/daf\/wp-json\/wp\/v2\/pages\/5108","targetHints":{"allow":["GET"]}}],"collection":[{"href":"https:\/\/wanicki.pl\/daf\/wp-json\/wp\/v2\/pages"}],"about":[{"href":"https:\/\/wanicki.pl\/daf\/wp-json\/wp\/v2\/types\/page"}],"author":[{"embeddable":true,"href":"https:\/\/wanicki.pl\/daf\/wp-json\/wp\/v2\/users\/15"}],"replies":[{"embeddable":true,"href":"https:\/\/wanicki.pl\/daf\/wp-json\/wp\/v2\/comments?post=5108"}],"version-history":[{"count":5,"href":"https:\/\/wanicki.pl\/daf\/wp-json\/wp\/v2\/pages\/5108\/revisions"}],"predecessor-version":[{"id":5191,"href":"https:\/\/wanicki.pl\/daf\/wp-json\/wp\/v2\/pages\/5108\/revisions\/5191"}],"wp:featuredmedia":[{"embeddable":true,"href":"https:\/\/wanicki.pl\/daf\/wp-json\/wp\/v2\/media\/4673"}],"wp:attachment":[{"href":"https:\/\/wanicki.pl\/daf\/wp-json\/wp\/v2\/media?parent=5108"}],"curies":[{"name":"wp","href":"https:\/\/api.w.org\/{rel}","templated":true}]}}