{"id":5211,"date":"2026-04-23T11:56:08","date_gmt":"2026-04-23T09:56:08","guid":{"rendered":"https:\/\/wanicki.pl\/daf\/?page_id=5211"},"modified":"2026-04-23T15:40:55","modified_gmt":"2026-04-23T13:40:55","slug":"ostatni-dzwonek-vecto-2-i-3","status":"publish","type":"page","link":"https:\/\/wanicki.pl\/daf\/ostatni-dzwonek-vecto-2-i-3\/","title":{"rendered":"Ostatni dzwonek &#8211; Vecto 2 i 3"},"content":{"rendered":"<div class=\"wp-block-wanicki-hero-header hero-header\">\n    <div class=\"hero-header__image hero-header__image--desktop\"\n          style=\"background-image: url(https:\/\/wanicki.pl\/daf\/wp-content\/uploads\/sites\/3\/2026\/04\/New-Generation-DAF-Range-01-scaled.jpg)\" ><\/div>\n    <div class=\"hero-header__image hero-header__image--mobile\"\n          style=\"background-image: url(https:\/\/wanicki.pl\/daf\/wp-content\/uploads\/sites\/3\/2026\/04\/New-Generation-DAF-Range-01-scaled.jpg)\"\n            >\n    <\/div>\n    <div class=\"hero-header__container container\">\n        <h1 class=\"hero-header__title\">ZAREJESTRUJ DAF PRZED 1 LIPCA I ZYSKAJ NAWET<br><strong>6 LAT NI\u017bSZYCH OP\u0141AT DROGOWYCH<\/strong><\/h1>\n                    <div class=\"hero-header__subtitle\"><p>DAFy zarejestrowane do 30 czerwca mog\u0105 uzyska\u0107 3. klas\u0119 VECTO, czyli najta\u0144sz\u0105 dost\u0119pn\u0105 dla diesla, i utrzyma\u0107 j\u0105 przez 6 lat.<\/p>\n<p>&nbsp;<\/p>\n<p>&nbsp;<\/p>\n<p>&nbsp;<\/p>\n<p><span style=\"font-size: 8pt;\">*Szczeg\u00f3\u0142y akcji promocyjnej w Regulaminie dost\u0119pnym na stronie akcji.<\/span><\/p>\n<p><span style=\"font-size: 8pt;\">**Oferta ma charakter informacyjny i nie stanowi oferty handlowej w rozumieniu KC (art. 71, art. 63).<\/span><\/p>\n<\/div>\n                            <a href=\"https:\/\/wanicki.pl\/daf\/ostatni-dzwonek-vecto-2-i-3\/#formularz\"\n               class=\"btn \"\n                           >WYPE\u0141NIAM FORMULARZ<\/a>\n            <\/div>\n<\/div>\n\n\n<div id=\"formularz\"><div class=\"wp-block-wanicki-job-form job-form__container\" id=\"formularz\">\n    <div class=\"container job-form\">\n        <div class=\"job-form__info\">\n            <h2 class=\"job-form__info-title\">Nie czekaj. Wype\u0142nij formularz i za\u0142ap si\u0119 na ni\u017csze op\u0142aty drogowe<\/h2>\n                    <p class=\"job-form__info-text\">\n                Skontaktuj si\u0119 z nami!\n            <\/p>\n        <\/div>\n        <div class=\"job-form__form\">\n            \n<div class=\"wpcf7 no-js\" id=\"wpcf7-f5214-o1\" lang=\"pl-PL\" dir=\"ltr\" data-wpcf7-id=\"5214\">\n<div class=\"screen-reader-response\"><p role=\"status\" aria-live=\"polite\" aria-atomic=\"true\"><\/p> <ul><\/ul><\/div>\n<form action=\"\/daf\/wp-json\/wp\/v2\/pages\/5211#wpcf7-f5214-o1\" method=\"post\" class=\"wpcf7-form init\" aria-label=\"Formularz kontaktowy\" novalidate=\"novalidate\" data-status=\"init\">\n<fieldset class=\"hidden-fields-container\"><input type=\"hidden\" name=\"_wpcf7\" value=\"5214\" \/><input type=\"hidden\" name=\"_wpcf7_version\" value=\"6.1.5\" \/><input type=\"hidden\" name=\"_wpcf7_locale\" value=\"pl_PL\" \/><input type=\"hidden\" name=\"_wpcf7_unit_tag\" value=\"wpcf7-f5214-o1\" \/><input type=\"hidden\" name=\"_wpcf7_container_post\" value=\"0\" \/><input type=\"hidden\" name=\"_wpcf7_posted_data_hash\" value=\"\" \/><input type=\"hidden\" name=\"_wpcf7_recaptcha_response\" value=\"\" \/>\n<\/fieldset>\n<div class=\"form-columns\">\n\t<p><label><span class=\"form-label\">Imi\u0119*<\/span><span class=\"wpcf7-form-control-wrap\" data-name=\"your-name\"><input size=\"40\" maxlength=\"400\" class=\"wpcf7-form-control wpcf7-text wpcf7-validates-as-required\" aria-required=\"true\" aria-invalid=\"false\" value=\"\" type=\"text\" name=\"your-name\" \/><\/span><\/label><br \/>\n<label><span class=\"form-label\">Nazwisko*<\/span><span class=\"wpcf7-form-control-wrap\" data-name=\"your-surname\"><input size=\"40\" maxlength=\"400\" class=\"wpcf7-form-control wpcf7-text wpcf7-validates-as-required\" aria-required=\"true\" aria-invalid=\"false\" value=\"\" type=\"text\" name=\"your-surname\" \/><\/span><\/label>\n\t<\/p>\n<\/div>\n<div class=\"form-columns\">\n\t<p><label><span class=\"form-label\">Email*<\/span><span class=\"wpcf7-form-control-wrap\" data-name=\"your-email\"><input size=\"40\" maxlength=\"400\" class=\"wpcf7-form-control wpcf7-email wpcf7-validates-as-required wpcf7-text wpcf7-validates-as-email\" aria-required=\"true\" aria-invalid=\"false\" value=\"\" type=\"email\" name=\"your-email\" \/><\/span><\/label><br \/>\n<label><span class=\"form-label\">Numer telefonu*<\/span><span class=\"wpcf7-form-control-wrap\" data-name=\"your-phone\"><input size=\"40\" maxlength=\"400\" class=\"wpcf7-form-control wpcf7-tel wpcf7-validates-as-required wpcf7-text wpcf7-validates-as-tel\" aria-required=\"true\" aria-invalid=\"false\" value=\"\" type=\"tel\" name=\"your-phone\" \/><\/span><\/label>\n\t<\/p>\n<\/div>\n<p><label><span class=\"form-label\">Kod pocztowy*<\/span><span class=\"wpcf7-form-control-wrap\" data-name=\"your-postcode\"><input size=\"40\" maxlength=\"400\" class=\"wpcf7-form-control wpcf7-text wpcf7-validates-as-required\" aria-required=\"true\" aria-invalid=\"false\" value=\"\" type=\"text\" name=\"your-postcode\" \/><\/span><\/label>\n<\/p>\n<div class=\"checkbox-input\" style=\"font-size: 0.75em\">\n\t<p>        <span class=\"wpcf7-form-control-wrap\" data-name=\"checkall-69eb917bb123f\">\r\n            <span class=\"wpcf7-form-control wpcf7-acceptance optional\">\r\n                <span class=\"wpcf7-list-item\">\r\n                    <input type=\"checkbox\" name=\"checkall-69eb917bb123f\" aria-invalid=\"false\" id=\"checkall-69eb917bb123f\" \/>\r\n                <\/span>\r\n            <\/span>\r\n        <\/span>\r\n        <div>\r\n            <p>\r\n                Zaznacz wszystkie pola            <\/p>\r\n        <\/div>\r\n    \n\t<\/p>\n<\/div>\n<div class=\"checkbox-input\" style=\"font-size: 0.75em\">\n\t<p><span class=\"wpcf7-form-control-wrap\" data-name=\"your-acceptance\"><span class=\"wpcf7-form-control wpcf7-acceptance\"><span class=\"wpcf7-list-item\"><input type=\"checkbox\" name=\"your-acceptance\" value=\"1\" aria-invalid=\"false\" \/><\/span><\/span><\/span>\n\t<\/p>\n\t<div>\n\t\t<p>*O\u015bwiadczam, \u017ce zapozna\u0142em si\u0119 z <a href='\/polityka-prywatnosci\/' target=\"_blank\">Polityk\u0105 prywatno\u015bci oraz Regulaminem \u015bwiadczenia us\u0142ug drog\u0105 elektroniczn\u0105<\/a> i akceptuj\u0119 ich tre\u015b\u0107.\n\t\t<\/p>\n\t<\/div>\n<\/div>\n<div class=\"checkbox-input\" style=\"font-size: 0.75em\">\n\t<p><span class=\"wpcf7-form-control-wrap\" data-name=\"your-acceptance-info\"><span class=\"wpcf7-form-control wpcf7-acceptance optional\"><span class=\"wpcf7-list-item\"><input type=\"checkbox\" name=\"your-acceptance-info\" value=\"1\" aria-invalid=\"false\" \/><\/span><\/span><\/span>\n\t<\/p>\n\t<div>\n\t\t<p>Wyra\u017cam zgod\u0119 na przesy\u0142anie informacji handlowej skierowanej za pomoc\u0105 \u015brodk\u00f3w komunikacji elektronicznej oraz na u\u017cywanie telekomunikacyjnych urz\u0105dze\u0144 ko\u0144cowych i automatycznych system\u00f3w wywo\u0142uj\u0105cych dla cel\u00f3w marketingu bezpo\u015bredniego przez Grup\u0119 Wanicki*\n\t\t<\/p>\n\t<\/div>\n<\/div>\n<div style=\"font-size: 0.75em\">\n\t<p>Zgoda obejmuje kontakt za po\u015brednictwem:\n\t<\/p>\n<\/div>\n<div class=\"checkbox-input\" style=\"font-size: 0.75em\">\n\t<p><span class=\"wpcf7-form-control-wrap\" data-name=\"your-acceptance-email\"><span class=\"wpcf7-form-control wpcf7-acceptance optional\"><span class=\"wpcf7-list-item\"><input type=\"checkbox\" name=\"your-acceptance-email\" value=\"1\" aria-invalid=\"false\" \/><\/span><\/span><\/span>\n\t<\/p>\n\t<div>\n\t\t<p>E-mail\n\t\t<\/p>\n\t<\/div>\n<\/div>\n<div class=\"checkbox-input\" style=\"font-size: 0.75em\">\n\t<p><span class=\"wpcf7-form-control-wrap\" data-name=\"your-acceptance-sms\"><span class=\"wpcf7-form-control wpcf7-acceptance optional\"><span class=\"wpcf7-list-item\"><input type=\"checkbox\" name=\"your-acceptance-sms\" value=\"1\" aria-invalid=\"false\" \/><\/span><\/span><\/span>\n\t<\/p>\n\t<div>\n\t\t<p>SMS\n\t\t<\/p>\n\t<\/div>\n<\/div>\n<div class=\"checkbox-input\" style=\"font-size: 0.75em\">\n\t<p><span class=\"wpcf7-form-control-wrap\" data-name=\"your-acceptance-tel\"><span class=\"wpcf7-form-control wpcf7-acceptance optional\"><span class=\"wpcf7-list-item\"><input type=\"checkbox\" name=\"your-acceptance-tel\" value=\"1\" aria-invalid=\"false\" \/><\/span><\/span><\/span>\n\t<\/p>\n\t<div>\n\t\t<p>Kontakt telefoniczny\n\t\t<\/p>\n\t<\/div>\n<\/div>\n<div style=\"font-size: 0.75em\">\n\t<p>*przez Grup\u0119 Wanicki rozumie si\u0119 nast\u0119puj\u0105ce sp\u00f3\u0142ki: Firma Wanicki sp. z o.o. z siedzib\u0105 w Mogilanach, ul. My\u015blenicka 19, 32-031 Mogilany, KRS: 0000214618; Wanicki Serwis sp. z o.o. z siedzib\u0105 w Mogilanach, ul. My\u015blenicka 19, 32.-031 Mogilany, KRS: 0000225703, MW Wanicki sp. z o.o. z siedzib\u0105 w Mogilanach, ul. My\u015blenicka 19, 32.-031 Mogilany, KRS: 0000290954; BW Wanicki sp. z o.o. z siedzib\u0105 w Mogilanach, ul. My\u015blenicka 19, 32.-031 Mogilany, KRS: 0000277732; SW Wanicki sp. z o.o. z siedzib\u0105 w Mogilanach, ul. My\u015blenicka 19, 32.-031 Mogilany, KRS: 0000318232; Nedpol Truck Service sp. z o.o. z siedzib\u0105 w Romanowie, Roman\u00f3w 10b, 42-260 Roman\u00f3w, KRS: 0000062292; WW Wanicki sp. z o.o. z siedzib\u0105 w Trzcianie, Trzciana 162, 36-071 Trzciana, KRS: 0000214811; PT Wanicki sp. z o.o. z siedzib\u0105 w Mogilanach, ul. My\u015blenicka 19, 32.-031 Mogilany, KRS: 0001069064; Wanicki Rental sp. z o.o. z siedzib\u0105 w Mogilanach, ul. My\u015blenicka 19, 32.-031 Mogilany, KRS: 0000997992.\n\t<\/p>\n<\/div>\n<p><input class=\"wpcf7-form-control wpcf7-submit has-spinner\" type=\"submit\" value=\"Wy\u015blij wiadomo\u015b\u0107\" \/>\n<\/p><div class=\"wpcf7-response-output\" aria-hidden=\"true\"><\/div>\n<\/form>\n<\/div>\n        <\/div>\n    <\/div>\n<\/div>\n<\/div>\n\n<div class=\"wp-block-wanicki-image-with-text image-with-text \">\n\n    <div class=\"image-with-text__image\">\n                    <div class=\"image-with-text__image-photo\"\n                 style=\"background-image: url(https:\/\/wanicki.pl\/daf\/wp-content\/uploads\/sites\/3\/2026\/04\/New-Generation-DAF-XD-450-FT-and-XG-430-FT-02-scaled.jpg)\"><\/div>\n            <\/div>\n\n    <div class=\"image-with-text__info  \">\n                    <div class=\"image-with-text__info-title-wrapper\">\n                <h2 class=\"image-with-text__info-title\">ZAREJESTRUJ DAFa przed 1 lipca<\/h2>\n                                    <\/div>\n                            <div class=\"image-with-text__info-text\">\n                <p data-start=\"647\" data-end=\"728\"><strong data-start=\"647\" data-end=\"728\">Dzi\u015b mo\u017cesz zyska\u0107 nawet 4 800 euro oszcz\u0119dno\u015bci w 6 lat na jednym poje\u017adzie.<\/strong><\/p>\n<p data-start=\"730\" data-end=\"1052\">Rejestracja DAFa przed 1 lipca pozwala skorzysta\u0107 z obecnych zasad VECTO. Po tej dacie przepisy staj\u0105 si\u0119 bardziej wymagaj\u0105ce, a uzyskanie korzystniejszej klasy CO\u2082 mo\u017ce by\u0107 po prostu trudniejsze. To oznacza, \u017ce decyzja podj\u0119ta teraz mo\u017ce da\u0107 Twojej flocie przewag\u0119 kosztow\u0105 na lata.<\/p>\n<p data-start=\"1054\" data-end=\"1102\"><strong data-start=\"1054\" data-end=\"1102\">Zainteresowany? Mamy DAFy dost\u0119pne od r\u0119ki.<\/strong><\/p>\n\n            <\/div>\n                            <a href=\"https:\/\/wanicki.pl\/daf\/ostatni-dzwonek-vecto-2-i-3\/#formularz\" class=\"btn btn--primary image-with-text__button \"\n               >SKORZYSTAJ Z OFERTY<\/a>\n                            <div class=\"image-with-text__extra-links\">\n                                                                <\/div>\n        \n    <\/div>\n\n<\/div>\n\n\n<div class=\"wp-block-wanicki-image-with-text image-with-text  image-with-text--reversed \">\n\n    <div class=\"image-with-text__image\">\n                    <div class=\"image-with-text__image-photo\"\n                 style=\"background-image: url(https:\/\/wanicki.pl\/daf\/wp-content\/uploads\/sites\/3\/2024\/09\/xsxsaxsa.png)\"><\/div>\n            <\/div>\n\n    <div class=\"image-with-text__info  image-with-text__info--reversed  \">\n                    <div class=\"image-with-text__info-title-wrapper\">\n                <h2 class=\"image-with-text__info-title\">Dlaczego klasa 3 VECTO ma dzi\u015b tak du\u017ce znaczenie?<\/h2>\n                                    <\/div>\n                            <div class=\"image-with-text__info-text\">\n                <p data-start=\"2175\" data-end=\"2394\">Dla pojazd\u00f3w spalinowych <strong>klasa 3<\/strong> to obecnie najbardziej korzystny scenariusz kosztowy. To w\u0142a\u015bnie ona daje przewo\u017anikowi szans\u0119, by utrzyma\u0107 <strong>ni\u017cszy koszt u\u017cytkowania pojazdu<\/strong> i przez d\u0142ugi czas pracowa\u0107 na lepszej mar\u017cy.<\/p>\n<p data-start=\"2396\" data-end=\"2716\">Najwa\u017cniejsze jest to, \u017ce taki wynik nie pojawia si\u0119 przypadkiem. Osi\u0105ga si\u0119 go dzi\u0119ki <strong>odpowiednio dobranej konfiguracji auta<\/strong>. To w\u0142a\u015bnie tutaj DAF pokazuje swoj\u0105 przewag\u0119, bo mo\u017ce \u0142\u0105czy\u0107 to, czego firmy transportowe naprawd\u0119 potrzebuj\u0105: <strong data-start=\"2634\" data-end=\"2715\">komfort, du\u017c\u0105 kabin\u0119, gotowo\u015b\u0107 do pracy i korzy\u015b\u0107 kosztow\u0105 wynikaj\u0105c\u0105 z VECTO<\/strong>.<\/p>\n\n            <\/div>\n                            <a href=\"tel:888888824\" class=\"btn btn--primary image-with-text__button \"\n               >ZADZWO\u0143<\/a>\n                            <div class=\"image-with-text__extra-links\">\n                                                                <\/div>\n        \n    <\/div>\n\n<\/div>\n\n\n<div class=\"wp-block-wanicki-image-with-text image-with-text \">\n\n    <div class=\"image-with-text__image\">\n                    <div class=\"image-with-text__image-photo\"\n                 style=\"background-image: url(https:\/\/wanicki.pl\/daf\/wp-content\/uploads\/sites\/3\/2025\/01\/New-Generation-DAF-XG-480-FT-11-scaled.jpg)\"><\/div>\n            <\/div>\n\n    <div class=\"image-with-text__info  \">\n                    <div class=\"image-with-text__info-title-wrapper\">\n                <h2 class=\"image-with-text__info-title\">ZAOSZCZ\u0118D\u0179 nawet 4800 euro na jednym poje\u017adzie<\/h2>\n                                    <\/div>\n                            <div class=\"image-with-text__info-text\">\n                <p data-start=\"81\" data-end=\"482\">Je\u015bli ci\u0119\u017car\u00f3wka pokonuje rocznie oko\u0142o <strong data-start=\"121\" data-end=\"135\">100 000 km<\/strong>, oszcz\u0119dno\u015b\u0107 mo\u017ce wynie\u015b\u0107 nawet <strong data-start=\"168\" data-end=\"188\">800 euro rocznie<\/strong>.<\/p>\n<p data-start=\"81\" data-end=\"482\">W perspektywie <strong data-start=\"205\" data-end=\"236\">6 lat daje to ju\u017c 4800 euro<\/strong> na jednym poje\u017adzie.<\/p>\n<p data-start=\"81\" data-end=\"482\">Przy wi\u0119kszej flocie ta przewaga ro\u015bnie jeszcze szybciej, dlatego odpowiednio dobrany DAF z w\u0142a\u015bciw\u0105 konfiguracj\u0105 <strong>VECTO<\/strong> to nie tylko zakup nowej ci\u0119\u017car\u00f3wki, ale tak\u017ce realny spos\u00f3b na ni\u017csze koszty i lepsz\u0105 rentowno\u015b\u0107 firmy.<\/p>\n<p data-start=\"81\" data-end=\"482\">Nie czekaj, skontaktuj si\u0119 z nami i zd\u0105\u017c zarejestrowa\u0107 swojego nowego DAFa<strong> przed 1 lipca<\/strong>.<\/p>\n\n            <\/div>\n                            <a href=\"https:\/\/wanicki.pl\/daf\/ostatni-dzwonek-vecto-2-i-3\/#formularz\" class=\"btn btn--primary image-with-text__button \"\n               >SKONTAKTUJ SI\u0118 <\/a>\n                            <div class=\"image-with-text__extra-links\">\n                                                                <\/div>\n        \n    <\/div>\n\n<\/div>\n\n\n<div class=\"wp-block-wanicki-cta-banner cta-banner\">\n    <div class=\"container\">\n        <div class=\"cta-banner__container\">\n            <div class=\"cta-banner__image\"\n                  style=\"background-image: url(https:\/\/wanicki.pl\/daf\/wp-content\/uploads\/sites\/3\/2025\/02\/vdvsdvsd123.png)\"             ><\/div>\n            <h2 class=\"cta-banner__title\">Poznaj modele DAF<\/h2>\n                                    <div class=\"cta-banner__buttons\">\n                                            <a\n                            href=\"https:\/\/wanicki.pl\/daf\/oferta\/pojazdy\/my25\/\"\n                            class=\"btn cta-banner__button \"\n                                                        target=\"_blank\"\n                        >\n                            SPRAWDZAM\n                        <\/a>\n                                                        <\/div>\n                    <\/div>\n    <\/div>\n<\/div>\n","protected":false},"excerpt":{"rendered":"","protected":false},"author":15,"featured_media":5212,"parent":0,"menu_order":0,"comment_status":"closed","ping_status":"closed","template":"","meta":{"_acf_changed":false,"_seopress_robots_primary_cat":"","_seopress_titles_title":"Zarejestruj DAF przed 1 lipca i zyskaj nawet 6 lat ni\u017cszych op\u0142at drogowych","_seopress_titles_desc":"DAFy zarejestrowane do 30 czerwca mog\u0105 uzyska\u0107 3. klas\u0119 VECTO, czyli najta\u0144sz\u0105 dost\u0119pn\u0105 dla diesla, i utrzyma\u0107 j\u0105 przez 6 lat.","_seopress_robots_index":"","inline_featured_image":false,"footnotes":""},"class_list":["post-5211","page","type-page","status-publish","has-post-thumbnail","hentry"],"acf":[],"_links":{"self":[{"href":"https:\/\/wanicki.pl\/daf\/wp-json\/wp\/v2\/pages\/5211","targetHints":{"allow":["GET"]}}],"collection":[{"href":"https:\/\/wanicki.pl\/daf\/wp-json\/wp\/v2\/pages"}],"about":[{"href":"https:\/\/wanicki.pl\/daf\/wp-json\/wp\/v2\/types\/page"}],"author":[{"embeddable":true,"href":"https:\/\/wanicki.pl\/daf\/wp-json\/wp\/v2\/users\/15"}],"replies":[{"embeddable":true,"href":"https:\/\/wanicki.pl\/daf\/wp-json\/wp\/v2\/comments?post=5211"}],"version-history":[{"count":9,"href":"https:\/\/wanicki.pl\/daf\/wp-json\/wp\/v2\/pages\/5211\/revisions"}],"predecessor-version":[{"id":5235,"href":"https:\/\/wanicki.pl\/daf\/wp-json\/wp\/v2\/pages\/5211\/revisions\/5235"}],"wp:featuredmedia":[{"embeddable":true,"href":"https:\/\/wanicki.pl\/daf\/wp-json\/wp\/v2\/media\/5212"}],"wp:attachment":[{"href":"https:\/\/wanicki.pl\/daf\/wp-json\/wp\/v2\/media?parent=5211"}],"curies":[{"name":"wp","href":"https:\/\/api.w.org\/{rel}","templated":true}]}}