{"id":76,"date":"2024-04-12T15:42:05","date_gmt":"2024-04-12T13:42:05","guid":{"rendered":"https:\/\/wanicki.pl\/daf\/?page_id=76"},"modified":"2024-09-09T10:57:44","modified_gmt":"2024-09-09T08:57:44","slug":"uslugi-finansowe","status":"publish","type":"page","link":"https:\/\/wanicki.pl\/daf\/uslugi-finansowe\/","title":{"rendered":"Us\u0142ugi finansowe"},"content":{"rendered":"<div class=\"wp-block-wanicki-page-hero-header page-hero-header\">\n    <div class=\"page-hero-header__image page-hero-header__image--desktop\"\n          style=\"background-image: url(https:\/\/wanicki.pl\/daf\/wp-content\/uploads\/sites\/3\/2024\/05\/DFT109-RANGEBEELD-8000x4500mm_v2_Easy-Resize.com_.jpg)\" ><\/div>\n    <div class=\"page-hero-header__image page-hero-header__image--mobile\"\n          style=\"background-image: url(https:\/\/wanicki.pl\/daf\/wp-content\/uploads\/sites\/3\/2024\/05\/DFT109-RANGEBEELD-8000x4500mm_v2_Easy-Resize.com_.jpg)\"\n            >\n    <\/div>\n    <div class=\"page-hero-header__container container\">\n        <h1 class=\"page-hero-header__title\"><strong>US\u0141UGI FINANSOWE<\/strong><\/h1>\n                    <div class=\"page-hero-header__subtitle\"><p>Firma PACCAR Financial, b\u0119d\u0105ca cz\u0119\u015bci\u0105 DAF Trucks N.V., jest profesjonaln\u0105 organizacj\u0105 zajmuj\u0105c\u0105 si\u0119 finansowaniem zakupu pojazd\u00f3w od 50 lat.<\/p>\n<\/div>\n                    <\/div>\n<\/div>\n\n\n<div class=\"wp-block-wanicki-image-with-text image-with-text  image-with-text--reversed \">\n\n    <div class=\"image-with-text__image\">\n                    <div class=\"image-with-text__image-photo\"\n                 style=\"background-image: url(https:\/\/wanicki.pl\/daf\/wp-content\/uploads\/sites\/3\/2024\/04\/2023232.jpg)\"><\/div>\n            <\/div>\n\n    <div class=\"image-with-text__info  image-with-text__info--reversed  \">\n                    <div class=\"image-with-text__info-title-wrapper\">\n                <h2 class=\"image-with-text__info-title image-with-text__info-title--big\">CO OFERUJEMY?<\/h2>\n                                    <\/div>\n                            <div class=\"image-with-text__info-text\">\n                <p><strong>PACCAR Financial Europe, europejska instytucja finansowa, oferuje szeroki wachlarz produkt\u00f3w i rozwi\u0105za\u0144 dopasowanych do indywidualnych potrzeb klient\u00f3w.<\/strong><\/p>\n<p>Jako firma leasingowa, nale\u017c\u0105ca do grupy DAF Trucks N.V., jest wiod\u0105cym dostawc\u0105 finansowania zar\u00f3wno nowych, jak i u\u017cywanych ci\u0119\u017car\u00f3wek marki DAF. Dzi\u0119ki naszemu do\u015bwiadczeniu i ekspertyzie w bran\u017cy transportowej, mo\u017cemy zapewni\u0107 profesjonalne rozwi\u0105zania oraz konkurencyjne opcje finansowe. Dlatego te\u017c finansuje wi\u0119ksz\u0105 liczb\u0119 ci\u0119\u017car\u00f3wek DAF ni\u017c jakakolwiek inna instytucja.<\/p>\n\n            <\/div>\n                        \n    <\/div>\n\n<\/div>\n\n\n<div class=\"wp-block-wanicki-image-with-text image-with-text \">\n\n    <div class=\"image-with-text__image\">\n                    <div class=\"image-with-text__image-photo\"\n                 style=\"background-image: url(https:\/\/wanicki.pl\/daf\/wp-content\/uploads\/sites\/3\/2024\/05\/11.png)\"><\/div>\n            <\/div>\n\n    <div class=\"image-with-text__info   image-with-text__info--white \">\n                    <div class=\"image-with-text__info-title-wrapper\">\n                <h2 class=\"image-with-text__info-title image-with-text__info-title--big\">ZAUFANIE TO PODSTAWA<\/h2>\n                                    <\/div>\n                            <div class=\"image-with-text__info-text\">\n                <p><strong>PACCAR Financial to renomowana instytucja, na kt\u00f3rej mo\u017cna polega\u0107 w kwestii finansowania kompletnych zestaw\u00f3w: nowych i u\u017cywanych pojazd\u00f3w, a tak\u017ce naczep i zabud\u00f3w.<\/strong><\/p>\n<p>Koncentruj\u0105c si\u0119 wy\u0142\u0105cznie na bran\u017cy transportowej, znamy jej specyfik\u0119 i rozumiemy potrzeby przedsi\u0119biorstw dzia\u0142aj\u0105cych w tej dziedzinie. Bez wzgl\u0119du na trasy i rodzaje przewo\u017conych towar\u00f3w, <strong>mo\u017cesz liczy\u0107 na pomoc<\/strong> w zwi\u0119kszeniu elastyczno\u015bci finansowej i rentowno\u015bci Twojego przedsi\u0119biorstwa.<\/p>\n\n            <\/div>\n                        \n    <\/div>\n\n<\/div>\n\n\n<div class=\"wp-block-wanicki-image-with-text image-with-text  image-with-text--reversed \">\n\n    <div class=\"image-with-text__image\">\n                    <div class=\"image-with-text__image-photo\"\n                 style=\"background-image: url(https:\/\/wanicki.pl\/daf\/wp-content\/uploads\/sites\/3\/2024\/04\/Beauty_Shot_XF-1.jpg)\"><\/div>\n            <\/div>\n\n    <div class=\"image-with-text__info  image-with-text__info--reversed  \">\n                    <div class=\"image-with-text__info-title-wrapper\">\n                <h2 class=\"image-with-text__info-title image-with-text__info-title--big\">JAK DEFINIUJEMY SUKCES?<\/h2>\n                                    <\/div>\n                            <div class=\"image-with-text__info-text\">\n                <p><strong>Na drodze do sukcesu odpowiedni pakiet finansowy ma takie samo znaczenie, jak odpowiedni pojazd.<\/strong><\/p>\n<p>Znamy kluczowe czynniki decyduj\u0105ce o powodzeniu naszych klient\u00f3w. Razem mo\u017cemy opracowa\u0107 rozwi\u0105zania, kt\u00f3re spe\u0142ni\u0105 Twoje indywidualne potrzeby finansowe, oferuj\u0105c odpowiednie opcje, warunki i stawki sp\u0142aty.<\/p>\n<p>Poniewa\u017c cenimy sobie dostarczanie spersonalizowanych rozwi\u0105za\u0144, preferujemy spotkania twarz\u0105 w twarz, podczas kt\u00f3rych szczeg\u00f3\u0142owo omawiamy potrzeby firmy.<\/p>\n\n            <\/div>\n                        \n    <\/div>\n\n<\/div>\n\n\n<div class=\"wp-block-wanicki-cta-contact cta-contact\">\n    <div class=\"cta-contact__container\">\n        <div class=\"cta-contact__image\"\n                     ><\/div>\n        <div class=\"container cta-contact__content\">\n                            <h2 class=\"cta-contact__title\">Je\u015bli chcesz pozna\u0107 ofert\u0119, nasi przedstawiciele s\u0105 gotowi odpowiedzie\u0107 na wszystkie Twoje pytania.<\/h2>\n                                                    <\/div>\n    <\/div>\n<\/div>\n\n\n\n<p><\/p>\n","protected":false},"excerpt":{"rendered":"","protected":false},"author":1,"featured_media":0,"parent":0,"menu_order":0,"comment_status":"closed","ping_status":"closed","template":"","meta":{"_acf_changed":false,"_seopress_robots_primary_cat":"","_seopress_titles_title":"Us\u0142ugi finansowe - DAF - Wanicki.pl","_seopress_titles_desc":"Wanicki - dealer DAF \u2705 Finansowanie zakupu nowych i u\u017cywanych ci\u0119\u017car\u00f3wek \u2705 PACCAR Financial \u2705Dowiedz si\u0119 wi\u0119cej","_seopress_robots_index":"","inline_featured_image":false,"footnotes":""},"class_list":["post-76","page","type-page","status-publish","hentry"],"acf":[],"_links":{"self":[{"href":"https:\/\/wanicki.pl\/daf\/wp-json\/wp\/v2\/pages\/76","targetHints":{"allow":["GET"]}}],"collection":[{"href":"https:\/\/wanicki.pl\/daf\/wp-json\/wp\/v2\/pages"}],"about":[{"href":"https:\/\/wanicki.pl\/daf\/wp-json\/wp\/v2\/types\/page"}],"author":[{"embeddable":true,"href":"https:\/\/wanicki.pl\/daf\/wp-json\/wp\/v2\/users\/1"}],"replies":[{"embeddable":true,"href":"https:\/\/wanicki.pl\/daf\/wp-json\/wp\/v2\/comments?post=76"}],"version-history":[{"count":11,"href":"https:\/\/wanicki.pl\/daf\/wp-json\/wp\/v2\/pages\/76\/revisions"}],"predecessor-version":[{"id":3514,"href":"https:\/\/wanicki.pl\/daf\/wp-json\/wp\/v2\/pages\/76\/revisions\/3514"}],"wp:attachment":[{"href":"https:\/\/wanicki.pl\/daf\/wp-json\/wp\/v2\/media?parent=76"}],"curies":[{"name":"wp","href":"https:\/\/api.w.org\/{rel}","templated":true}]}}