{"id":96,"date":"2024-04-12T16:08:32","date_gmt":"2024-04-12T14:08:32","guid":{"rendered":"https:\/\/wanicki.pl\/daf\/?page_id=96"},"modified":"2025-07-21T12:24:54","modified_gmt":"2025-07-21T10:24:54","slug":"naprawa-i-serwis","status":"publish","type":"page","link":"https:\/\/wanicki.pl\/daf\/naprawa-i-serwis\/","title":{"rendered":"Naprawa i serwis"},"content":{"rendered":"<div class=\"wp-block-wanicki-page-hero-header page-hero-header\">\n    <div class=\"page-hero-header__image page-hero-header__image--desktop\"\n          style=\"background-image: url(https:\/\/wanicki.pl\/daf\/wp-content\/uploads\/sites\/3\/2024\/06\/STS4307-1-min-scaled.jpg)\" ><\/div>\n    <div class=\"page-hero-header__image page-hero-header__image--mobile\"\n          style=\"background-image: url(https:\/\/wanicki.pl\/daf\/wp-content\/uploads\/sites\/3\/2024\/06\/STS4307-1-min-scaled.jpg)\"\n            >\n    <\/div>\n    <div class=\"page-hero-header__container container\">\n        <h1 class=\"page-hero-header__title\"><strong>SERWIS DAF<\/strong><\/h1>\n                    <div class=\"page-hero-header__subtitle\"><p>Jeste\u015bmy Twoim pewnym partnerem w kompleksowej obs\u0142udze serwisowej pojazd\u00f3w marki DAF. Nasza sie\u0107 obejmuje 6 autoryzowanych serwis\u00f3w DAF Wanicki, gotowych zapewni\u0107 najwy\u017csz\u0105 jako\u015b\u0107 us\u0142ug dla Twojego pojazdu.<\/p>\n<\/div>\n                    <\/div>\n<\/div>\n\n\n<div class=\"wp-block-wanicki-image-with-text image-with-text  image-with-text--reversed \">\n\n    <div class=\"image-with-text__image\">\n                    <div class=\"image-with-text__image-photo\"\n                 style=\"background-image: url(https:\/\/wanicki.pl\/daf\/wp-content\/uploads\/sites\/3\/2024\/05\/P1028377_Easy-Resize.com_.jpg)\"><\/div>\n            <\/div>\n\n    <div class=\"image-with-text__info  image-with-text__info--reversed  \">\n                    <div class=\"image-with-text__info-title-wrapper\">\n                <h2 class=\"image-with-text__info-title image-with-text__info-title--big\">KOMPLEKSOWA OBS\u0141UGA W JEDNYM PUNKCIE<\/h2>\n                                    <\/div>\n                            <div class=\"image-with-text__info-text\">\n                <p>Jako autoryzowany dealer DAF, zapewniamy pe\u0142n\u0105 gam\u0119 us\u0142ug serwisowych dla pojazd\u00f3w ci\u0119\u017carowych. Niezale\u017cnie od tego, czy potrzebujesz rutynowej konserwacji, kompleksowej naprawy, czy specjalistycznego wsparcia technicznego, nasi specjali\u015bci s\u0105 gotowi, aby Ci pom\u00f3c.<\/p>\n<p>We wszystkich oddzia\u0142ach \u015bwiadczymy, tak\u017ce us\u0142ugi gwarancyjne i pogwarancyjne, zapewniaj\u0105c klientom opiek\u0119 nad ich pojazdami od momentu zakupu do ko\u0144ca okresu gwarancji oraz po jego zako\u0144czeniu.<\/p>\n\n            <\/div>\n                        \n    <\/div>\n\n<\/div>\n\n\n<div class=\"wp-block-wanicki-image-with-text image-with-text \">\n\n    <div class=\"image-with-text__image\">\n                    <div class=\"image-with-text__image-photo\"\n                 style=\"background-image: url(https:\/\/wanicki.pl\/daf\/wp-content\/uploads\/sites\/3\/2024\/05\/Z623780_Easy-Resize.com_.jpg)\"><\/div>\n            <\/div>\n\n    <div class=\"image-with-text__info  \">\n                    <div class=\"image-with-text__info-title-wrapper\">\n                <h2 class=\"image-with-text__info-title image-with-text__info-title--big\">PE\u0141NA GOTOWO\u015a\u0106 DO DZIA\u0141ANIA, ZAR\u00d3WNO W DZIE\u0143, JAK I W NOCY<\/h2>\n                                    <\/div>\n                            <div class=\"image-with-text__info-text\">\n                <p><strong>Stacje serwisowe otwarte s\u0105 od poniedzia\u0142ku do soboty, a w\u00a0sytuacjach awaryjnych nasza pomoc jest dost\u0119pna 24\/7.<\/strong><\/p>\n<p>Priorytetem naszej dzia\u0142alno\u015bci jest profesjonalizm, dlatego w przypadku awarii lub nag\u0142ego zdarzenia mo\u017cesz zawsze skorzysta\u0107 z us\u0142ugi DAF International Truck Service.<\/p>\n<p>&nbsp;<\/p>\n\n            <\/div>\n                            <a href=\"https:\/\/wanicki.pl\/daf\/daf-its\/\" class=\"btn btn--primary image-with-text__button \"\n               >DAF ITS<\/a>\n                \n    <\/div>\n\n<\/div>\n\n\n<div class=\"wp-block-wanicki-image-with-text image-with-text  image-with-text--reversed \">\n\n    <div class=\"image-with-text__image\">\n                    <div class=\"image-with-text__image-photo\"\n                 style=\"background-image: url(https:\/\/wanicki.pl\/daf\/wp-content\/uploads\/sites\/3\/2024\/06\/Z623758-scaled.jpg)\"><\/div>\n            <\/div>\n\n    <div class=\"image-with-text__info  image-with-text__info--reversed  \">\n                    <div class=\"image-with-text__info-title-wrapper\">\n                <h2 class=\"image-with-text__info-title image-with-text__info-title--big\">GOTOWI NA KA\u017bDE WYZWANIE<\/h2>\n                                    <\/div>\n                            <div class=\"image-with-text__info-text\">\n                <p><strong>Nasi wyspecjalizowani eksperci znaj\u0105 pojazdy ci\u0119\u017carowe firmy DAF lepiej ni\u017c ktokolwiek inny.<\/strong><\/p>\n<p>Regularne programy szkoleniowe i kursy pomagaj\u0105 nam utrzyma\u0107 aktualn\u0105 wiedz\u0119 na temat najnowszych technologii w dynamicznie zmieniaj\u0105cym si\u0119 \u015bwiecie.<\/p>\n<p>Posiadamy nie tylko niezb\u0119dne umiej\u0119tno\u015bci, ale r\u00f3wnie\u017c nowoczesne urz\u0105dzenia diagnostyczne, dzi\u0119ki czemu zawsze jeste\u015bmy w stanie znale\u017a\u0107 odpowiednie rozwi\u0105zanie dla Twojego pojazdu.<\/p>\n<p>Oferujemy r\u00f3wnie\u017c <strong>serwisowanie pojazd\u00f3w elektrycznych<\/strong>, zapewniaj\u0105c kompleksow\u0105 obs\u0142ug\u0119 zgodn\u0105 z najwy\u017cszymi standardami. Nasza wiedza i zaawansowane narz\u0119dzia pozwalaj\u0105 nam na skuteczne diagnozowanie i napraw\u0119 nowoczesnych samochod\u00f3w elektrycznych.<\/p>\n<p>&nbsp;<\/p>\n\n            <\/div>\n                        \n    <\/div>\n\n<\/div>\n\n\n<div class=\"wp-block-wanicki-image-with-text image-with-text \">\n\n    <div class=\"image-with-text__image\">\n                    <div class=\"image-with-text__image-photo\"\n                 style=\"background-image: url(https:\/\/wanicki.pl\/daf\/wp-content\/uploads\/sites\/3\/2025\/07\/Przechwytywanieccccsa.png)\"><\/div>\n            <\/div>\n\n    <div class=\"image-with-text__info  \">\n                    <div class=\"image-with-text__info-title-wrapper\">\n                <h2 class=\"image-with-text__info-title image-with-text__info-title--big\">Serwis pojazd\u00f3w elektrycznych <\/h2>\n                                    <\/div>\n                            <div class=\"image-with-text__info-text\">\n                <p><strong>Niezawodne wsparcie ka\u017cdego dnia.<\/strong><\/p>\n<p>Oferujemy kompleksowy serwis dla elektrycznych pojazd\u00f3w ci\u0119\u017carowych, obejmuj\u0105cy zar\u00f3wno uk\u0142ad nap\u0119dowy, jak i systemy \u0142adowania.<\/p>\n<p>Autoryzowane punkty serwisowe s\u0105 wyposa\u017cone w specjalistyczne narz\u0119dzia i przeszkolony personel, gotowy do obs\u0142ugi nowoczesnych technologii zeroemisyjnych. Dzi\u0119ki sta\u0142emu monitorowaniu pojazd\u00f3w, zdalnej diagnostyce i szybkiemu wsparciu technicznemu, klienci mog\u0105 liczy\u0107 na maksymaln\u0105 dost\u0119pno\u015b\u0107 floty oraz najwy\u017cszy poziom bezpiecze\u0144stwa i niezawodno\u015bci.<\/p>\n\n            <\/div>\n                        \n    <\/div>\n\n<\/div>\n\n\n<div class=\"wp-block-wanicki-image-with-text image-with-text  image-with-text--reversed \">\n\n    <div class=\"image-with-text__image\">\n                    <div class=\"image-with-text__image-photo\"\n                 style=\"background-image: url(https:\/\/wanicki.pl\/daf\/wp-content\/uploads\/sites\/3\/2024\/06\/Z623951-1-scaled.jpg)\"><\/div>\n            <\/div>\n\n    <div class=\"image-with-text__info  image-with-text__info--reversed  \">\n                    <div class=\"image-with-text__info-title-wrapper\">\n                <h2 class=\"image-with-text__info-title image-with-text__info-title--big\">CENTRUM NAPRAW POWYPADKOWYCH<\/h2>\n                                    <\/div>\n                            <div class=\"image-with-text__info-text\">\n                <p>W przypadku niefortunnych zdarze\u0144 drogowych, zapewniamy pe\u0142en zakres napraw powypadkowych, obejmuj\u0105cych us\u0142ugi blacharsko-lakiernicze.<\/p>\n<p>Do ka\u017cdej naprawy podchodzimy indywidualnie, zapewniaj\u0105c szybki powr\u00f3t na drog\u0119.<\/p>\n\n            <\/div>\n                            <a href=\"https:\/\/wanicki.pl\/serwis\/centrum-napraw-powypadkowych\/\" class=\"btn btn--primary image-with-text__button \"\n               >CZYTAJ WI\u0118CEJ<\/a>\n                \n    <\/div>\n\n<\/div>\n\n\n<div class=\"wp-block-wanicki-job-form job-form__container\" id=\"\">\n    <div class=\"container job-form\">\n        <div class=\"job-form__info\">\n            <h2 class=\"job-form__info-title\">AWARIA NA DRODZE? SKONTAKTUJ SI\u0118 Z NAMI!<\/h2>\n                    <p class=\"job-form__info-text\">\n                Nasi specjali\u015bci s\u0105 gotowi Ci pom\u00f3c.\n            <\/p>\n        <\/div>\n        <div class=\"job-form__form\">\n            \n<div class=\"wpcf7 no-js\" id=\"wpcf7-f2905-o1\" lang=\"pl-PL\" dir=\"ltr\" data-wpcf7-id=\"2905\">\n<div class=\"screen-reader-response\"><p role=\"status\" aria-live=\"polite\" aria-atomic=\"true\"><\/p> <ul><\/ul><\/div>\n<form action=\"\/daf\/wp-json\/wp\/v2\/pages\/96#wpcf7-f2905-o1\" method=\"post\" class=\"wpcf7-form init\" aria-label=\"Formularz kontaktowy\" novalidate=\"novalidate\" data-status=\"init\">\n<fieldset class=\"hidden-fields-container\"><input type=\"hidden\" name=\"_wpcf7\" value=\"2905\" \/><input type=\"hidden\" name=\"_wpcf7_version\" value=\"6.1.5\" \/><input type=\"hidden\" name=\"_wpcf7_locale\" value=\"pl_PL\" \/><input type=\"hidden\" name=\"_wpcf7_unit_tag\" value=\"wpcf7-f2905-o1\" \/><input type=\"hidden\" name=\"_wpcf7_container_post\" value=\"0\" \/><input type=\"hidden\" name=\"_wpcf7_posted_data_hash\" value=\"\" \/><input type=\"hidden\" name=\"_wpcf7_recaptcha_response\" value=\"\" \/>\n<\/fieldset>\n<div class=\"form-columns\">\n\t<p><label><span class=\"form-label\">Imi\u0119*<\/span><span class=\"wpcf7-form-control-wrap\" data-name=\"your-name\"><input size=\"40\" maxlength=\"400\" class=\"wpcf7-form-control wpcf7-text wpcf7-validates-as-required\" aria-required=\"true\" aria-invalid=\"false\" value=\"\" type=\"text\" name=\"your-name\" \/><\/span><\/label><br \/>\n<label><span class=\"form-label\">Nazwisko*<\/span><span class=\"wpcf7-form-control-wrap\" data-name=\"your-surname\"><input size=\"40\" maxlength=\"400\" class=\"wpcf7-form-control wpcf7-text wpcf7-validates-as-required\" aria-required=\"true\" aria-invalid=\"false\" value=\"\" type=\"text\" name=\"your-surname\" \/><\/span><\/label>\n\t<\/p>\n<\/div>\n<div class=\"form-columns\">\n\t<p><label><span class=\"form-label\">Email*<\/span><span class=\"wpcf7-form-control-wrap\" data-name=\"your-email\"><input size=\"40\" maxlength=\"400\" class=\"wpcf7-form-control wpcf7-email wpcf7-validates-as-required wpcf7-text wpcf7-validates-as-email\" aria-required=\"true\" aria-invalid=\"false\" value=\"\" type=\"email\" name=\"your-email\" \/><\/span><\/label><br \/>\n<label><span class=\"form-label\">Numer telefonu*<\/span><span class=\"wpcf7-form-control-wrap\" data-name=\"your-phone\"><input size=\"40\" maxlength=\"400\" class=\"wpcf7-form-control wpcf7-tel wpcf7-validates-as-required wpcf7-text wpcf7-validates-as-tel\" aria-required=\"true\" aria-invalid=\"false\" value=\"\" type=\"tel\" name=\"your-phone\" \/><\/span><\/label>\n\t<\/p>\n<\/div>\n<div class=\"form-columns\">\n\t<p><label><span class=\"form-label\">Najbli\u017cszy oddzia\u0142<\/span><span class=\"wpcf7-form-control-wrap\" data-name=\"your-recipient\"><select class=\"wpcf7-form-control wpcf7-select qty qty--select select-input\" aria-invalid=\"false\" name=\"your-recipient\"><option value=\"Mogilany\">Mogilany<\/option><option value=\"Trzciana\">Trzciana<\/option><option value=\"\u015awidnik\">\u015awidnik<\/option><option value=\"Roman\u00f3w\">Roman\u00f3w<\/option><option value=\"Ustro\u0144\">Ustro\u0144<\/option><option value=\"Kajetan\u00f3w\">Kajetan\u00f3w<\/option><\/select><\/span><br \/>\n<\/label><br \/>\n<br \/>\n<label><span class=\"form-label\">Kod pocztowy*<\/span><span class=\"wpcf7-form-control-wrap\" data-name=\"your-postcode\"><input size=\"40\" maxlength=\"400\" class=\"wpcf7-form-control wpcf7-text wpcf7-validates-as-required\" aria-required=\"true\" aria-invalid=\"false\" value=\"\" type=\"text\" name=\"your-postcode\" \/><\/span><\/label>\n\t<\/p>\n<\/div>\n<div class=\"checkbox-input\" style=\"font-size: 0.75em\">\n\t<p>        <span class=\"wpcf7-form-control-wrap\" data-name=\"checkall-69d8ea77c7023\">\r\n            <span class=\"wpcf7-form-control wpcf7-acceptance optional\">\r\n                <span class=\"wpcf7-list-item\">\r\n                    <input type=\"checkbox\" name=\"checkall-69d8ea77c7023\" aria-invalid=\"false\" id=\"checkall-69d8ea77c7023\" \/>\r\n                <\/span>\r\n            <\/span>\r\n        <\/span>\r\n        <div>\r\n            <p>\r\n                Zaznacz wszystkie pola            <\/p>\r\n        <\/div>\r\n    \n\t<\/p>\n<\/div>\n<div class=\"checkbox-input\" style=\"font-size: 0.75em\">\n\t<p><span class=\"wpcf7-form-control-wrap\" data-name=\"your-acceptance\"><span class=\"wpcf7-form-control wpcf7-acceptance\"><span class=\"wpcf7-list-item\"><input type=\"checkbox\" name=\"your-acceptance\" value=\"1\" aria-invalid=\"false\" \/><\/span><\/span><\/span>\n\t<\/p>\n\t<div>\n\t\t<p>*O\u015bwiadczam, \u017ce zapozna\u0142em si\u0119 z <a href='\/polityka-prywatnosci\/' target=\"_blank\">Polityk\u0105 prywatno\u015bci oraz Regulaminem \u015bwiadczenia us\u0142ug drog\u0105 elektroniczn\u0105<\/a> i akceptuj\u0119 ich tre\u015b\u0107.\n\t\t<\/p>\n\t<\/div>\n<\/div>\n<div class=\"checkbox-input\" style=\"font-size: 0.75em\">\n\t<p><span class=\"wpcf7-form-control-wrap\" data-name=\"your-acceptance-info\"><span class=\"wpcf7-form-control wpcf7-acceptance optional\"><span class=\"wpcf7-list-item\"><input type=\"checkbox\" name=\"your-acceptance-info\" value=\"1\" aria-invalid=\"false\" \/><\/span><\/span><\/span>\n\t<\/p>\n\t<div>\n\t\t<p>Wyra\u017cam zgod\u0119 na przesy\u0142anie informacji handlowej skierowanej za pomoc\u0105 \u015brodk\u00f3w komunikacji elektronicznej oraz na u\u017cywanie telekomunikacyjnych urz\u0105dze\u0144 ko\u0144cowych i automatycznych system\u00f3w wywo\u0142uj\u0105cych dla cel\u00f3w marketingu bezpo\u015bredniego przez Grup\u0119 Wanicki*\n\t\t<\/p>\n\t<\/div>\n<\/div>\n<div style=\"font-size: 0.75em\">\n\t<p>Zgoda obejmuje kontakt za po\u015brednictwem:\n\t<\/p>\n<\/div>\n<div class=\"checkbox-input\" style=\"font-size: 0.75em\">\n\t<p><span class=\"wpcf7-form-control-wrap\" data-name=\"your-acceptance-email\"><span class=\"wpcf7-form-control wpcf7-acceptance optional\"><span class=\"wpcf7-list-item\"><input type=\"checkbox\" name=\"your-acceptance-email\" value=\"1\" aria-invalid=\"false\" \/><\/span><\/span><\/span>\n\t<\/p>\n\t<div>\n\t\t<p>E-mail\n\t\t<\/p>\n\t<\/div>\n<\/div>\n<div class=\"checkbox-input\" style=\"font-size: 0.75em\">\n\t<p><span class=\"wpcf7-form-control-wrap\" data-name=\"your-acceptance-sms\"><span class=\"wpcf7-form-control wpcf7-acceptance optional\"><span class=\"wpcf7-list-item\"><input type=\"checkbox\" name=\"your-acceptance-sms\" value=\"1\" aria-invalid=\"false\" \/><\/span><\/span><\/span>\n\t<\/p>\n\t<div>\n\t\t<p>SMS\n\t\t<\/p>\n\t<\/div>\n<\/div>\n<div class=\"checkbox-input\" style=\"font-size: 0.75em\">\n\t<p><span class=\"wpcf7-form-control-wrap\" data-name=\"your-acceptance-tel\"><span class=\"wpcf7-form-control wpcf7-acceptance optional\"><span class=\"wpcf7-list-item\"><input type=\"checkbox\" name=\"your-acceptance-tel\" value=\"1\" aria-invalid=\"false\" \/><\/span><\/span><\/span>\n\t<\/p>\n\t<div>\n\t\t<p>Kontakt telefoniczny\n\t\t<\/p>\n\t<\/div>\n<\/div>\n<div style=\"font-size: 0.75em\">\n\t<p>*przez Grup\u0119 Wanicki rozumie si\u0119 nast\u0119puj\u0105ce sp\u00f3\u0142ki: Firma Wanicki sp. z o.o. z siedzib\u0105 w Mogilanach, ul. My\u015blenicka 19, 32-031 Mogilany, KRS: 0000214618; Wanicki Serwis sp. z o.o. z siedzib\u0105 w Mogilanach, ul. My\u015blenicka 19, 32.-031 Mogilany, KRS: 0000225703, MW Wanicki sp. z o.o. z siedzib\u0105 w Mogilanach, ul. My\u015blenicka 19, 32.-031 Mogilany, KRS: 0000290954; BW Wanicki sp. z o.o. z siedzib\u0105 w Mogilanach, ul. My\u015blenicka 19, 32.-031 Mogilany, KRS: 0000277732; SW Wanicki sp. z o.o. z siedzib\u0105 w Mogilanach, ul. My\u015blenicka 19, 32.-031 Mogilany, KRS: 0000318232; Nedpol Truck Service sp. z o.o. z siedzib\u0105 w Romanowie, Roman\u00f3w 10b, 42-260 Roman\u00f3w, KRS: 0000062292; WW Wanicki sp. z o.o. z siedzib\u0105 w Trzcianie, Trzciana 162, 36-071 Trzciana, KRS: 0000214811; PT Wanicki sp. z o.o. z siedzib\u0105 w Mogilanach, ul. My\u015blenicka 19, 32.-031 Mogilany, KRS: 0001069064; Wanicki Rental sp. z o.o. z siedzib\u0105 w Mogilanach, ul. My\u015blenicka 19, 32.-031 Mogilany, KRS: 0000997992.\n\t<\/p>\n<\/div>\n<p><input class=\"wpcf7-form-control wpcf7-submit has-spinner\" type=\"submit\" value=\"Prosz\u0119 o kontakt\" \/>\n<\/p><div class=\"wpcf7-response-output\" aria-hidden=\"true\"><\/div>\n<\/form>\n<\/div>\n        <\/div>\n    <\/div>\n<\/div>\n\n\n<div class=\"wp-block-wanicki-cta-banner cta-banner\">\n    <div class=\"container\">\n        <div class=\"cta-banner__container\">\n            <div class=\"cta-banner__image\"\n                  style=\"background-image: url(https:\/\/wanicki.pl\/daf\/wp-content\/uploads\/sites\/3\/2024\/06\/Z623827-2-2-scaled.jpg)\"             ><\/div>\n            <h2 class=\"cta-banner__title\">DO\u0141\u0104CZ DO GRONA ZADOWOLONYCH KLIENT\u00d3W SERWISU DAF WANICKI <\/h2>\n                                    <div class=\"cta-banner__buttons\">\n                                            <a\n                            href=\"https:\/\/wanicki.pl\/kontakt\/\"\n                            class=\"btn cta-banner__button \"\n                                                        target=\"\"\n                        >\n                            ZNAJD\u0179 NAJBLI\u017bSZY ODDZIA\u0141\n                        <\/a>\n                                                        <\/div>\n                    <\/div>\n    <\/div>\n<\/div>\n","protected":false},"excerpt":{"rendered":"","protected":false},"author":1,"featured_media":0,"parent":0,"menu_order":0,"comment_status":"closed","ping_status":"closed","template":"","meta":{"_acf_changed":false,"_seopress_robots_primary_cat":"","_seopress_titles_title":"Napraw i serwis - DAF - Wanicki.pl","_seopress_titles_desc":"Wanicki - dealer DAF \u2705 Serwis DAF \u2705 6 punkt\u00f3w serwisowych \u2705 DAF ITS 24\/7 \u2705Naprawy powypadkowe ci\u0119\u017car\u00f3wek \u2705 Sprawd\u017a nas!","_seopress_robots_index":"","inline_featured_image":false,"footnotes":""},"class_list":["post-96","page","type-page","status-publish","hentry"],"acf":[],"_links":{"self":[{"href":"https:\/\/wanicki.pl\/daf\/wp-json\/wp\/v2\/pages\/96","targetHints":{"allow":["GET"]}}],"collection":[{"href":"https:\/\/wanicki.pl\/daf\/wp-json\/wp\/v2\/pages"}],"about":[{"href":"https:\/\/wanicki.pl\/daf\/wp-json\/wp\/v2\/types\/page"}],"author":[{"embeddable":true,"href":"https:\/\/wanicki.pl\/daf\/wp-json\/wp\/v2\/users\/1"}],"replies":[{"embeddable":true,"href":"https:\/\/wanicki.pl\/daf\/wp-json\/wp\/v2\/comments?post=96"}],"version-history":[{"count":151,"href":"https:\/\/wanicki.pl\/daf\/wp-json\/wp\/v2\/pages\/96\/revisions"}],"predecessor-version":[{"id":4472,"href":"https:\/\/wanicki.pl\/daf\/wp-json\/wp\/v2\/pages\/96\/revisions\/4472"}],"wp:attachment":[{"href":"https:\/\/wanicki.pl\/daf\/wp-json\/wp\/v2\/media?parent=96"}],"curies":[{"name":"wp","href":"https:\/\/api.w.org\/{rel}","templated":true}]}}