{"id":1540,"date":"2024-04-15T20:51:30","date_gmt":"2024-04-15T18:51:30","guid":{"rendered":"https:\/\/wanicki.pl\/?page_id=1540"},"modified":"2026-03-30T14:30:21","modified_gmt":"2026-03-30T12:30:21","slug":"pojazdy-ciezarowe","status":"publish","type":"page","link":"https:\/\/wanicki.pl\/en\/czesci-i-akcesoria\/pojazdy-ciezarowe\/","title":{"rendered":"Pojazdy ci\u0119\u017carowe"},"content":{"rendered":"<div class=\"wp-block-wanicki-page-hero-header page-hero-header\">\n    <div class=\"page-hero-header__image page-hero-header__image--desktop\"\n          style=\"background-image: url(https:\/\/wanicki.pl\/wp-content\/uploads\/2024\/05\/Z623866-1-scaled.jpg)\" ><\/div>\n    <div class=\"page-hero-header__image page-hero-header__image--mobile\"\n          style=\"background-image: url(https:\/\/wanicki.pl\/wp-content\/uploads\/2024\/05\/Z623866-1-scaled.jpg)\"\n            >\n    <\/div>\n    <div class=\"page-hero-header__container container\">\n        <h1 class=\"page-hero-header__title\">AUTORYZOWANY DEALER  <br><strong>CZ\u0118\u015aCI I AKCESORIA DO SAMOCHOD\u00d3W CI\u0118\u017bAROWYCH<\/strong><\/h1>\n                    <div class=\"page-hero-header__subtitle\"><p>Grupa Wanicki od 35 lat dostarcza cz\u0119\u015bci zamienne do samochod\u00f3w ci\u0119\u017carowych, kt\u00f3re znajdziesz w oddzia\u0142ach stacjonarnych Trucks&amp;Bus oraz sklepie internetowym. Oszcz\u0119dzaj czas i pieni\u0105dze, kupuj\u0105c nowe i u\u017cywane cz\u0119\u015bci do samochod\u00f3w ci\u0119\u017carowych w bezpieczny spos\u00f3b i z b\u0142yskawiczn\u0105 dostaw\u0105.<\/p>\n<\/div>\n                    <\/div>\n<\/div>\n\n\n<div class=\"wp-block-wanicki-job-form job-form__container\" id=\"\">\n    <div class=\"container job-form\">\n        <div class=\"job-form__info\">\n            <h2 class=\"job-form__info-title\">Skontaktuj si\u0119 z nami!<\/h2>\n                    <p class=\"job-form__info-text\">\n                Zostaw sw\u00f3j numer telefonu lub adres email, a nasz przedstawiciel skontaktuje si\u0119 z Tob\u0105 i doradzi w wyborze punktu obs\u0142ugi.\n            <\/p>\n        <\/div>\n        <div class=\"job-form__form\">\n            \n<div class=\"wpcf7 no-js\" id=\"wpcf7-f8810-o1\" lang=\"en-US\" dir=\"ltr\" data-wpcf7-id=\"8810\">\n<div class=\"screen-reader-response\"><p role=\"status\" aria-live=\"polite\" aria-atomic=\"true\"><\/p> <ul><\/ul><\/div>\n<form action=\"\/en\/wp-json\/wp\/v2\/pages\/1540#wpcf7-f8810-o1\" method=\"post\" class=\"wpcf7-form init\" aria-label=\"Contact form\" novalidate=\"novalidate\" data-status=\"init\">\n<fieldset class=\"hidden-fields-container\"><input type=\"hidden\" name=\"_wpcf7\" value=\"8810\" \/><input type=\"hidden\" name=\"_wpcf7_version\" value=\"6.1.5\" \/><input type=\"hidden\" name=\"_wpcf7_locale\" value=\"en_US\" \/><input type=\"hidden\" name=\"_wpcf7_unit_tag\" value=\"wpcf7-f8810-o1\" \/><input type=\"hidden\" name=\"_wpcf7_container_post\" value=\"0\" \/><input type=\"hidden\" name=\"_wpcf7_posted_data_hash\" value=\"\" \/><input type=\"hidden\" name=\"_wpcf7_recaptcha_response\" value=\"\" \/>\n<\/fieldset>\n<div class=\"form-columns\">\n\t<p><label><span class=\"form-label\">Imi\u0119*<\/span><span class=\"wpcf7-form-control-wrap\" data-name=\"your-name\"><input size=\"40\" maxlength=\"400\" class=\"wpcf7-form-control wpcf7-text wpcf7-validates-as-required\" aria-required=\"true\" aria-invalid=\"false\" value=\"\" type=\"text\" name=\"your-name\" \/><\/span><\/label><br \/>\n<label><span class=\"form-label\">Nazwisko*<\/span><span class=\"wpcf7-form-control-wrap\" data-name=\"your-surname\"><input size=\"40\" maxlength=\"400\" class=\"wpcf7-form-control wpcf7-text wpcf7-validates-as-required\" aria-required=\"true\" aria-invalid=\"false\" value=\"\" type=\"text\" name=\"your-surname\" \/><\/span><\/label>\n\t<\/p>\n<\/div>\n<div class=\"form-columns\">\n\t<p><label><span class=\"form-label\">Email*<\/span><span class=\"wpcf7-form-control-wrap\" data-name=\"your-email\"><input size=\"40\" maxlength=\"400\" class=\"wpcf7-form-control wpcf7-email wpcf7-validates-as-required wpcf7-text wpcf7-validates-as-email\" aria-required=\"true\" aria-invalid=\"false\" value=\"\" type=\"email\" name=\"your-email\" \/><\/span><\/label><br \/>\n<label><span class=\"form-label\">Numer telefonu*<\/span><span class=\"wpcf7-form-control-wrap\" data-name=\"your-phone\"><input size=\"40\" maxlength=\"400\" class=\"wpcf7-form-control wpcf7-tel wpcf7-validates-as-required wpcf7-text wpcf7-validates-as-tel\" aria-required=\"true\" aria-invalid=\"false\" value=\"\" type=\"tel\" name=\"your-phone\" \/><\/span><\/label>\n\t<\/p>\n<\/div>\n<div class=\"form-columns\">\n\t<p><label><span class=\"form-label\">Kod pocztowy*<\/span><span class=\"wpcf7-form-control-wrap\" data-name=\"your-postcode\"><input size=\"40\" maxlength=\"400\" class=\"wpcf7-form-control wpcf7-text wpcf7-validates-as-required\" aria-required=\"true\" aria-invalid=\"false\" value=\"\" type=\"text\" name=\"your-postcode\" \/><\/span><\/label>\n\t<\/p>\n<\/div>\n<div class=\"checkbox-input\" style=\"font-size: 0.75em\">\n\t<p><span class=\"wpcf7-form-control-wrap\" data-name=\"your-acceptance\"><span class=\"wpcf7-form-control wpcf7-acceptance\"><span class=\"wpcf7-list-item\"><input type=\"checkbox\" name=\"your-acceptance\" value=\"1\" aria-invalid=\"false\" \/><\/span><\/span><\/span>\n\t<\/p>\n\t<div>\n\t\t<p>*O\u015bwiadczam, \u017ce zapozna\u0142em si\u0119 z <a href='\/polityka-prywatnosci\/' target=\"_blank\">Polityk\u0105 prywatno\u015bci oraz Regulaminem \u015bwiadczenia us\u0142ug drog\u0105 elektroniczn\u0105<\/a> i akceptuj\u0119 ich tre\u015b\u0107.\n\t\t<\/p>\n\t<\/div>\n<\/div>\n<div class=\"checkbox-input\" style=\"font-size: 0.75em\">\n\t<p><span class=\"wpcf7-form-control-wrap\" data-name=\"your-acceptance-info\"><span class=\"wpcf7-form-control wpcf7-acceptance optional\"><span class=\"wpcf7-list-item\"><input type=\"checkbox\" name=\"your-acceptance-info\" value=\"1\" aria-invalid=\"false\" \/><\/span><\/span><\/span>\n\t<\/p>\n\t<div>\n\t\t<p>Wyra\u017cam zgod\u0119 na przesy\u0142anie informacji handlowej skierowanej za pomoc\u0105 \u015brodk\u00f3w komunikacji elektronicznej oraz na u\u017cywanie telekomunikacyjnych urz\u0105dze\u0144 ko\u0144cowych i automatycznych system\u00f3w wywo\u0142uj\u0105cych dla cel\u00f3w marketingu bezpo\u015bredniego przez Grup\u0119 Wanicki*\n\t\t<\/p>\n\t<\/div>\n<\/div>\n<div style=\"font-size: 0.75em\">\n\t<p>Zgoda obejmuje kontakt za po\u015brednictwem:\n\t<\/p>\n<\/div>\n<div class=\"checkbox-input\" style=\"font-size: 0.75em\">\n\t<p>        <span class=\"wpcf7-form-control-wrap\" data-name=\"checkall-69e9aac4133ad\">\r\n            <span class=\"wpcf7-form-control wpcf7-acceptance optional\">\r\n                <span class=\"wpcf7-list-item\">\r\n                    <input type=\"checkbox\" name=\"checkall-69e9aac4133ad\" aria-invalid=\"false\" id=\"checkall-69e9aac4133ad\" \/>\r\n                <\/span>\r\n            <\/span>\r\n        <\/span>\r\n        <div>\r\n            <p>\r\n                <br \/>\nZaznacz wszystkie pola            <\/p>\r\n        <\/div>\r\n    \n\t<\/p>\n<\/div>\n<div class=\"checkbox-input\" style=\"font-size: 0.75em\">\n\t<p><span class=\"wpcf7-form-control-wrap\" data-name=\"your-acceptance-email\"><span class=\"wpcf7-form-control wpcf7-acceptance optional\"><span class=\"wpcf7-list-item\"><input type=\"checkbox\" name=\"your-acceptance-email\" value=\"1\" aria-invalid=\"false\" \/><\/span><\/span><\/span>\n\t<\/p>\n\t<div>\n\t\t<p>E-mail\n\t\t<\/p>\n\t<\/div>\n<\/div>\n<div class=\"checkbox-input\" style=\"font-size: 0.75em\">\n\t<p><span class=\"wpcf7-form-control-wrap\" data-name=\"your-acceptance-sms\"><span class=\"wpcf7-form-control wpcf7-acceptance optional\"><span class=\"wpcf7-list-item\"><input type=\"checkbox\" name=\"your-acceptance-sms\" value=\"1\" aria-invalid=\"false\" \/><\/span><\/span><\/span>\n\t<\/p>\n\t<div>\n\t\t<p>SMS\n\t\t<\/p>\n\t<\/div>\n<\/div>\n<div class=\"checkbox-input\" style=\"font-size: 0.75em\">\n\t<p><span class=\"wpcf7-form-control-wrap\" data-name=\"your-acceptance-tel\"><span class=\"wpcf7-form-control wpcf7-acceptance optional\"><span class=\"wpcf7-list-item\"><input type=\"checkbox\" name=\"your-acceptance-tel\" value=\"1\" aria-invalid=\"false\" \/><\/span><\/span><\/span>\n\t<\/p>\n\t<div>\n\t\t<p>Kontakt telefoniczny\n\t\t<\/p>\n\t<\/div>\n<\/div>\n<div style=\"font-size: 0.75em\">\n\t<p>*przez Grup\u0119 Wanicki rozumie si\u0119 nast\u0119puj\u0105ce sp\u00f3\u0142ki: Firma Wanicki sp. z o.o. z siedzib\u0105 w Mogilanach, ul. My\u015blenicka 19, 32-031 Mogilany, KRS: 0000214618; Wanicki Serwis sp. z o.o. z siedzib\u0105 w Mogilanach, ul. My\u015blenicka 19, 32.-031 Mogilany, KRS: 0000225703, MW Wanicki sp. z o.o. z siedzib\u0105 w Mogilanach, ul. My\u015blenicka 19, 32.-031 Mogilany, KRS: 0000290954; BW Wanicki sp. z o.o. z siedzib\u0105 w Mogilanach, ul. My\u015blenicka 19, 32.-031 Mogilany, KRS: 0000277732; SW Wanicki sp. z o.o. z siedzib\u0105 w Mogilanach, ul. My\u015blenicka 19, 32.-031 Mogilany, KRS: 0000318232; Nedpol Truck Service sp. z o.o. z siedzib\u0105 w Romanowie, Roman\u00f3w 10b, 42-260 Roman\u00f3w, KRS: 0000062292; WW Wanicki sp. z o.o. z siedzib\u0105 w Trzcianie, Trzciana 162, 36-071 Trzciana, KRS: 0000214811; PT Wanicki sp. z o.o. z siedzib\u0105 w Mogilanach, ul. My\u015blenicka 19, 32.-031 Mogilany, KRS: 0001069064; Wanicki Rental sp. z o.o. z siedzib\u0105 w Mogilanach, ul. My\u015blenicka 19, 32.-031 Mogilany, KRS: 0000997992.\n\t<\/p>\n<\/div>\n<p><input class=\"wpcf7-form-control wpcf7-submit has-spinner\" type=\"submit\" value=\"Prosz\u0119 o kontakt\" \/>\n<\/p><div class=\"wpcf7-response-output\" aria-hidden=\"true\"><\/div>\n<\/form>\n<\/div>\n        <\/div>\n    <\/div>\n<\/div>\n\n\n<div class=\"wp-block-wanicki-spacer spacer \" style=\"--height: 100px;  --xl-height: 100px; --lg-height: 100px; --md-height: 50px; --sm-height: 25px; --xs-height: 25px;\">\n<\/div>\n\n\n\n<p class=\"has-text-align-center has-2-xl-font-size\">W naszych oddzia\u0142ach czekaj\u0105 na Ciebie specjali\u015bci ds. cz\u0119\u015bci zamiennych, by wesprze\u0107 Ci\u0119 w wyborze odpowiednich produkt\u00f3w. <\/p>\n\n\n\n<p class=\"has-text-align-center\">Oferujemy cz\u0119\u015bci do samochod\u00f3w ci\u0119\u017carowych renomowanych marek <strong><a href=\"#czesci-daf\">DAF<\/a><\/strong> i <strong>TATRA<\/strong>.<\/p>\n\n\n<div class=\"wp-block-wanicki-spacer spacer \" style=\"--height: 100px;  --xl-height: 100px; --lg-height: 100px; --md-height: 50px; --sm-height: 25px; --xs-height: 25px;\">\n<\/div>\n\n\n<div id=\"czesci-daf\"><div class=\"wp-block-wanicki-image-with-text image-with-text \">\n\n    <div class=\"image-with-text__image\">\n                    <div class=\"image-with-text__image-photo\"\n                 style=\"background-image: url(https:\/\/wanicki.pl\/wp-content\/uploads\/2024\/05\/Z623592-1-1.jpg)\"><\/div>\n            <\/div>\n\n    <div class=\"image-with-text__info  \">\n                    <div class=\"image-with-text__info-title-wrapper\">\n                <h2 class=\"image-with-text__info-title image-with-text__info-title--big\">CZ\u0118\u015aCI DAF<\/h2>\n                                    <\/div>\n                            <div class=\"image-with-text__info-text\">\n                <p><img loading=\"lazy\" decoding=\"async\" class=\"alignnone wp-image-2591\" src=\"https:\/\/wanicki.pl\/wp-content\/uploads\/2024\/05\/DAF_logo.svg.png\" alt=\"\" width=\"173\" height=\"47\" srcset=\"https:\/\/wanicki.pl\/wp-content\/uploads\/2024\/05\/DAF_logo.svg.png 1024w, https:\/\/wanicki.pl\/wp-content\/uploads\/2024\/05\/DAF_logo.svg-300x82.png 300w, https:\/\/wanicki.pl\/wp-content\/uploads\/2024\/05\/DAF_logo.svg-768x210.png 768w\" sizes=\"auto, (max-width: 173px) 100vw, 173px\" \/><\/p>\n<p>&nbsp;<\/p>\n<p><strong>Jako autoryzowany dealer oferujemy pe\u0142n\u0105 gam\u0119 oryginalnych cz\u0119\u015bci zamiennych DAF Genuine Parts, dopasowanych do samochod\u00f3w ci\u0119\u017carowych marki DAF. <\/strong><\/p>\n<p>Wykonane z wysokiej jako\u015bci materia\u0142\u00f3w, zgodnie z normami producenta, zapewniaj\u0105 d\u0142ugotrwa\u0142\u0105 wydajno\u015b\u0107 i\u00a0niezawodno\u015b\u0107 pojazdu. Firma DAF oferuje wygodne warunki gwarancji na wszystkie oryginalne cz\u0119\u015bci.<\/p>\n<p>Montuj\u0105c je w autoryzowanym serwisie, nasi klienci otrzymuj\u0105 nie tylko gwarancj\u0119 na sam produkt, lecz tak\u017ce na koszty jego monta\u017cu.<\/p>\n\n            <\/div>\n                        \n    <\/div>\n\n<\/div>\n<\/div>\n\n<div class=\"wp-block-wanicki-image-with-text image-with-text  image-with-text--reversed \">\n\n    <div class=\"image-with-text__image\">\n                    <div class=\"image-with-text__image-photo\"\n                 style=\"background-image: url(https:\/\/wanicki.pl\/wp-content\/uploads\/2024\/05\/DSC_7690_1-1-1.jpg)\"><\/div>\n            <\/div>\n\n    <div class=\"image-with-text__info  image-with-text__info--reversed  \">\n                    <div class=\"image-with-text__info-title-wrapper\">\n                <h2 class=\"image-with-text__info-title image-with-text__info-title--big\">CZ\u0118\u015aCI DO SAMOCHOD\u00d3W CI\u0118\u017bAROWYCH<\/h2>\n                                    <\/div>\n                            <div class=\"image-with-text__info-text\">\n                <p><strong>Oferujemy cz\u0119\u015bci dedykowane samochodom ci\u0119\u017carowym marek tj. TATRA. <\/strong><\/p>\n<p>Dost\u0119pne s\u0105 w wybranych punktach lub na zam\u00f3wienie, zapewniaj\u0105c elastyczno\u015b\u0107 jakiej potrzebujesz. Nasz bogaty asortyment, doskona\u0142a jako\u015b\u0107 oraz atrakcyjne ceny sprawi\u0105, \u017ce naprawa i konserwacja Twojego pojazdu b\u0119d\u0105 \u0142atwe i ekonomiczne.<\/p>\n\n            <\/div>\n                        \n    <\/div>\n\n<\/div>\n\n\n<div class=\"wp-block-wanicki-image-with-text image-with-text \">\n\n    <div class=\"image-with-text__image\">\n                    <div class=\"image-with-text__image-photo\"\n                 style=\"background-image: url(https:\/\/wanicki.pl\/wp-content\/uploads\/2024\/05\/Z623748-1.jpg)\"><\/div>\n            <\/div>\n\n    <div class=\"image-with-text__info   image-with-text__info--white \">\n                    <div class=\"image-with-text__info-title-wrapper\">\n                <h2 class=\"image-with-text__info-title image-with-text__info-title--big\">CZ\u0118\u015aCI U\u017bYWANE DO SAMOCHOD\u00d3W CI\u0118\u017bAROWYCH<\/h2>\n                                    <\/div>\n                            <div class=\"image-with-text__info-text\">\n                <p><strong>Szeroki wyb\u00f3r cz\u0119\u015bci u\u017cywanych do samochod\u00f3w ci\u0119\u017carowych, umo\u017cliwia naszym klientom optymalizacj\u0119 koszt\u00f3w napraw.<\/strong><\/p>\n<p>W naszym asortymencie znajdziesz zar\u00f3wno oryginalne cz\u0119\u015bci DAF, jak i\u00a0produkty innych renomowanych producent\u00f3w, co daje mo\u017cliwo\u015b\u0107 wyboru najlepszego rozwi\u0105zania dla Twojego pojazdu. Cz\u0119\u015bci u\u017cywane s\u0105 starannie wyselekcjonowane i\u00a0poddane dok\u0142adnej kontroli jako\u015bci, aby zapewni\u0107 naszym klientom pe\u0142ne bezpiecze\u0144stwo i satysfakcj\u0119.<\/p>\n<p>Dzi\u0119ki naszej gwarancji na ka\u017cd\u0105 zakupion\u0105 cz\u0119\u015b\u0107, mo\u017cesz mie\u0107 pe\u0142ne zaufanie do jako\u015bci i wydajno\u015bci produkt\u00f3w, kt\u00f3re oferujemy.<\/p>\n\n            <\/div>\n                            <a href=\"https:\/\/sklep.wanicki.pl\/\" class=\"btn btn--primary image-with-text__button \"\n               >Sklep Wanicki<\/a>\n                \n    <\/div>\n\n<\/div>\n\n\n<div class=\"wp-block-wanicki-image-with-text image-with-text  image-with-text--reversed \">\n\n    <div class=\"image-with-text__image\">\n                    <div class=\"image-with-text__image-photo\"\n                 style=\"background-image: url(https:\/\/wanicki.pl\/wp-content\/uploads\/2024\/05\/CZESCI-TRP-1.jpg)\"><\/div>\n            <\/div>\n\n    <div class=\"image-with-text__info  image-with-text__info--reversed  \">\n                    <div class=\"image-with-text__info-title-wrapper\">\n                <h2 class=\"image-with-text__info-title image-with-text__info-title--big\">CZ\u0118\u015aCI TRP<\/h2>\n                                    <\/div>\n                            <div class=\"image-with-text__info-text\">\n                <p><strong>TRP to marka cz\u0119\u015bci zamiennych producenta DAF, kt\u00f3re stanowi\u0105 rozwini\u0119cie istniej\u0105cej oferty cz\u0119\u015bci DAF Genuine Parts.<\/strong><\/p>\n<p>W ofercie znajdziesz cz\u0119\u015bci do wszystkich marek samochod\u00f3w ci\u0119\u017carowych, naczep oraz przyczep. TRP zapewnia szerok\u0105 gam\u0119 cz\u0119\u015bci, od element\u00f3w zawieszenia przyczep oraz osi, po rampy za\u0142adowcze i materia\u0142y eksploatacyjne dla warsztat\u00f3w.<\/p>\n<p>Cz\u0119\u015bci marki TRP to najwy\u017cej jako\u015bci zamienniki, kt\u00f3rych wydajno\u015b\u0107 jest r\u00f3wna orygina\u0142om przy zachowaniu niskiej ceny.<\/p>\n<p>Ponadto, wszystkie sprzedawane przez nas cz\u0119\u015bci posiadaj\u0105 gwarancj\u0119 zgodn\u0105 z krajowymi warunkami i\u00a0postanowieniami gwarancji firmy DAF.<\/p>\n\n            <\/div>\n                        \n    <\/div>\n\n<\/div>\n\n\n<div class=\"wp-block-wanicki-image-with-text image-with-text \">\n\n    <div class=\"image-with-text__image\">\n                    <div class=\"image-with-text__image-photo\"\n                 style=\"background-image: url(https:\/\/wanicki.pl\/wp-content\/uploads\/2024\/05\/TRP-1-scaled.jpg)\"><\/div>\n            <\/div>\n\n    <div class=\"image-with-text__info  \">\n                    <div class=\"image-with-text__info-title-wrapper\">\n                <h2 class=\"image-with-text__info-title image-with-text__info-title--big\">SKLEP STACJONARNY TRP<\/h2>\n                                    <\/div>\n                            <div class=\"image-with-text__info-text\">\n                <p><strong>Sklep stacjonarny TRP w Zamo\u015bciu oferuje szeroki asortyment cz\u0119\u015bci do samochod\u00f3w ci\u0119\u017carowych oraz naczep r\u00f3\u017cnych marek.<\/strong><\/p>\n<p>W ofercie oryginalne oleje silnikowe, filtry oraz cz\u0119\u015bci do pojazd\u00f3w marki DAF, Scania, Volvo i wiele wi\u0119cej. W sklepie znajdziesz tak\u017ce cz\u0119\u015bci eksploatacyjne, serwisowe oraz sprz\u0119g\u0142a do innych marek. Dzi\u0119ki naszej bogatej ofercie mo\u017cemy sprowadzi\u0107 produkt na specjalne zam\u00f3wienie.<\/p>\n\n            <\/div>\n                        \n    <\/div>\n\n<\/div>\n\n\n<div class=\"wp-block-wanicki-image-with-text image-with-text  image-with-text--reversed \">\n\n    <div class=\"image-with-text__image\">\n                    <div class=\"image-with-text__image-photo\"\n                 style=\"background-image: url(https:\/\/wanicki.pl\/wp-content\/uploads\/2024\/05\/daf_merchandise_sept23_52a3159-1.jpg)\"><\/div>\n            <\/div>\n\n    <div class=\"image-with-text__info  image-with-text__info--reversed  \">\n                    <div class=\"image-with-text__info-title-wrapper\">\n                <h2 class=\"image-with-text__info-title image-with-text__info-title--big\">AKCESORIA DLA KIEROWC\u00d3W<\/h2>\n                                    <\/div>\n                            <div class=\"image-with-text__info-text\">\n                <p><strong>Znajdziesz u nas tak\u017ce szeroki wyb\u00f3r akcesori\u00f3w dla kierowc\u00f3w, kt\u00f3re zapewniaj\u0105 komfort i wygod\u0119 podczas podr\u00f3\u017cy.<\/strong><\/p>\n<p>Oferujemy r\u00f3\u017cnorodne produkty takie jak ekspres do kawy, mikrofal\u00f3wk\u0119 marki DAF, a tak\u017ce klimatyzacj\u0119 postojow\u0105 i wiele innych. Dzi\u0119ki naszym akcesoriom, podr\u00f3\u017c staje si\u0119 bardziej przyjemna i\u00a0komfortowa.<\/p>\n\n            <\/div>\n                            <a href=\"https:\/\/www.dafshop.com\/\" class=\"btn btn--primary image-with-text__button \"\n               >DAF Shop<\/a>\n                \n    <\/div>\n\n<\/div>\n\n\n<div class=\"wp-block-wanicki-featured-products featured-products\">\n    <div class=\"featured-products__container container\">\n                    <h2 class=\"featured-products__title\">Polecane cz\u0119\u015bci i akcesoria dla samochod\u00f3w ci\u0119\u017carowych.<\/h2>\n                                            <div class=\"featured-products__cards\">\n                                    <div class=\"featured-products__card\">\n                                                    <img decoding=\"async\" class=\"featured-products__card-img\"\n                                 src=\"https:\/\/wanicki.pl\/wp-content\/uploads\/2024\/05\/mikrofalowka-daf-1024x752.png\" alt=\"\">\n                                                                            <h3 class=\"featured-products__card-title\">DAF Kuchenka mikrofalowa<\/h3>\n                                                        <div class=\"featured-products__card-price-wrapper\">\n                                                                                <\/div>\n                                            <\/div>\n                                    <div class=\"featured-products__card\">\n                                                    <img decoding=\"async\" class=\"featured-products__card-img\"\n                                 src=\"https:\/\/wanicki.pl\/wp-content\/uploads\/2024\/05\/termos-bez-tla.png\" alt=\"\">\n                                                                            <h3 class=\"featured-products__card-title\">DAF XG Termos &#8211; 480ML<\/h3>\n                                                        <div class=\"featured-products__card-price-wrapper\">\n                                                                                <\/div>\n                                            <\/div>\n                                    <div class=\"featured-products__card\">\n                                                    <img decoding=\"async\" class=\"featured-products__card-img\"\n                                 src=\"https:\/\/wanicki.pl\/wp-content\/uploads\/2024\/05\/akumulator-trp-bez-tla.png\" alt=\"\">\n                                                                            <h3 class=\"featured-products__card-title\">AKUMULATOR TRP XTREME POWER<\/h3>\n                                                        <div class=\"featured-products__card-price-wrapper\">\n                                                                                <\/div>\n                                            <\/div>\n                                    <div class=\"featured-products__card\">\n                                                    <img decoding=\"async\" class=\"featured-products__card-img\"\n                                 src=\"https:\/\/wanicki.pl\/wp-content\/uploads\/2024\/07\/Projekt-bez-nazwy-30.png\" alt=\"\">\n                                                                            <h3 class=\"featured-products__card-title\">FILTR POWIETRZA <\/h3>\n                                                        <div class=\"featured-products__card-price-wrapper\">\n                                                                                <\/div>\n                                            <\/div>\n                            <\/div>\n                    <\/div>\n<\/div>\n","protected":false},"excerpt":{"rendered":"<p>W naszych oddzia\u0142ach czekaj\u0105 na Ciebie specjali\u015bci ds. cz\u0119\u015bci zamiennych, by wesprze\u0107 Ci\u0119 w wyborze odpowiednich produkt\u00f3w. Oferujemy cz\u0119\u015bci do samochod\u00f3w ci\u0119\u017carowych renomowanych marek DAF i TATRA.<\/p>\n","protected":false},"author":1,"featured_media":0,"parent":1545,"menu_order":0,"comment_status":"closed","ping_status":"closed","template":"","meta":{"_acf_changed":false,"_seopress_robots_primary_cat":"","_seopress_titles_title":"Pojazdy ci\u0119\u017carowe - Cz\u0119\u015bci i akcesoria - Wanicki","_seopress_titles_desc":"Zobacz ofert\u0119 \u2705 Cz\u0119\u015bci do ci\u0119\u017car\u00f3wek DAF, TATRA \u2705 TRP - marka cz\u0119\u015bci zamiennych producenta DAF \u2705 Sklepy stacjonarne","_seopress_robots_index":"","inline_featured_image":false,"footnotes":""},"class_list":["post-1540","page","type-page","status-publish","hentry"],"acf":[],"_links":{"self":[{"href":"https:\/\/wanicki.pl\/en\/wp-json\/wp\/v2\/pages\/1540","targetHints":{"allow":["GET"]}}],"collection":[{"href":"https:\/\/wanicki.pl\/en\/wp-json\/wp\/v2\/pages"}],"about":[{"href":"https:\/\/wanicki.pl\/en\/wp-json\/wp\/v2\/types\/page"}],"author":[{"embeddable":true,"href":"https:\/\/wanicki.pl\/en\/wp-json\/wp\/v2\/users\/1"}],"replies":[{"embeddable":true,"href":"https:\/\/wanicki.pl\/en\/wp-json\/wp\/v2\/comments?post=1540"}],"version-history":[{"count":82,"href":"https:\/\/wanicki.pl\/en\/wp-json\/wp\/v2\/pages\/1540\/revisions"}],"predecessor-version":[{"id":9721,"href":"https:\/\/wanicki.pl\/en\/wp-json\/wp\/v2\/pages\/1540\/revisions\/9721"}],"up":[{"embeddable":true,"href":"https:\/\/wanicki.pl\/en\/wp-json\/wp\/v2\/pages\/1545"}],"wp:attachment":[{"href":"https:\/\/wanicki.pl\/en\/wp-json\/wp\/v2\/media?parent=1540"}],"curies":[{"name":"wp","href":"https:\/\/api.w.org\/{rel}","templated":true}]}}