{"id":4004,"date":"2024-06-04T14:32:19","date_gmt":"2024-06-04T12:32:19","guid":{"rendered":"https:\/\/wanicki.pl\/?page_id=4004"},"modified":"2026-03-13T11:18:24","modified_gmt":"2026-03-13T10:18:24","slug":"regulamin-sprzedazy","status":"publish","type":"page","link":"https:\/\/wanicki.pl\/en\/regulamin-sprzedazy\/","title":{"rendered":"Regulaminy i inne dokumenty"},"content":{"rendered":"<div class=\"wp-block-wanicki-page-header page-header\">\n    <div class=\"page-header__image \"\n          style=\"background-image: url(https:\/\/wanicki.pl\/wp-content\/uploads\/2024\/05\/P1059426-1-min-1-scaled.jpg)\"     ><\/div>\n\n    <div class=\"container page-header__container\">\n                    <h1 class=\"page-header__title \">REGULAMINY I INNE DOKUMENTY<\/h1>\n                    <\/div>\n<\/div>\n\n\n<div class=\"wp-block-wanicki-spacer spacer \" style=\"--height: 100px;  --xl-height: 100px; --lg-height: 100px; --md-height: 50px; --sm-height: 25px; --xs-height: 25px;\">\n<\/div>\n\n\n\n<h2 class=\"wp-block-heading\">Og\u00f3lne Warunki Obs\u0142ugi Serwisowej<\/h2>\n\n\n\n<ul class=\"wp-block-list\">\n<li><a href=\"https:\/\/wanicki.pl\/wp-content\/uploads\/2025\/11\/Ogolne-Warunki-Obslugi-Serwisowej-obowiazuje-od-3.11.2025.pdf\" data-type=\"link\" data-id=\"https:\/\/wanicki.pl\/wp-content\/uploads\/2025\/11\/Ogolne-Warunki-Obslugi-Serwisowej-obowiazuje-od-3.11.2025.pdf\">Og\u00f3lne Warunki Obs\u0142ugi Serwisowej od 3.11.2025r.<\/a><\/li>\n<\/ul>\n\n\n\n<h2 class=\"wp-block-heading\">REGULAMIN SPRZEDA\u017bY DAF, TATRA, PIAGGIO, GEESINK,&nbsp;ISUZU<\/h2>\n\n\n\n<ul class=\"wp-block-list\">\n<li><a href=\"https:\/\/wanicki.pl\/wp-content\/uploads\/2024\/06\/Firma-Wanicki-regulamin-sprzedazy-od-27.05.2024-r.pdf\" target=\"_blank\" rel=\"noreferrer noopener\">Firma Wanicki \u2013 regulamin sprzeda\u017cy od 27.05.2024 r. (do pojazd\u00f3w marki Isuzu nabytych od Firmy Wanicki po 9 czerwca 2024 r. zastosowanie znajduje Regulamin Sprzeda\u017cy Isuzu)<\/a><\/li>\n<\/ul>\n\n\n\n<h2 class=\"wp-block-heading\">Regulamin sprzeda\u017cy IRIZAR<\/h2>\n\n\n\n<ul class=\"wp-block-list\">\n<li><a href=\"https:\/\/wanicki.pl\/wp-content\/uploads\/2024\/06\/Irizar-Firma-Wanicki-regulamin-sprzedazy-od-4.12.2023-r.pdf\" target=\"_blank\" rel=\"noreferrer noopener\">Irizar (Firma Wanicki) &#8211; regulamin sprzeda\u017cy &#8211; od 4.12.2023 r.<\/a><\/li>\n<\/ul>\n\n\n\n<h2 class=\"wp-block-heading\">Regulamin sprzeda\u017cy LAMBERET<\/h2>\n\n\n\n<ul class=\"wp-block-list\">\n<li><a href=\"https:\/\/wanicki.pl\/wp-content\/uploads\/2024\/06\/Lamberet-Firma-Wanicki-regulamin-sprzedazy-od-28.06.2024-r.pdf\" target=\"_blank\" rel=\"noreferrer noopener\">Lamberet (Firma Wanicki) &#8211; regulamin sprzedaz\u0307y od 28.06.2024 r.<\/a><\/li>\n<\/ul>\n\n\n\n<h2 class=\"wp-block-heading\">Regulamin sprzeda\u017cy ISUZU<\/h2>\n\n\n\n<ul class=\"wp-block-list\">\n<li><a href=\"https:\/\/wanicki.pl\/wp-content\/uploads\/2024\/06\/Isuzu-Regulamin-sprzedazy-od-10.06.2024-r.pdf\" target=\"_blank\" rel=\"noreferrer noopener\">Isuzu &#8211; Regulamin sprzedaz\u0307y &#8211; od 10.06.2024 r.<\/a><\/li>\n<\/ul>\n\n\n\n<h2 class=\"wp-block-heading\">Regulamin sprzeda\u017cy YANMAR<\/h2>\n\n\n\n<ul class=\"wp-block-list\">\n<li><a href=\"https:\/\/wanicki.pl\/wp-content\/uploads\/2024\/06\/Yanmar-WW-Wanicki-Regulamin-sprzedazy-od-31.05.2022-r.pdf\" target=\"_blank\" rel=\"noreferrer noopener\">Yanmar (WW Wanicki) &#8211; Regulamin sprzedaz\u0307y od 31.05.2022 r.<\/a><\/li>\n<\/ul>\n\n\n\n<h2 class=\"wp-block-heading\">REGULAMIN SPRZEDA\u017bY PT WANICKI<\/h2>\n\n\n\n<ul class=\"wp-block-list\">\n<li><a href=\"https:\/\/wanicki.pl\/wp-content\/uploads\/2025\/10\/PT-Wanicki-regulamin-sprzedazy-07.10.2025-r.pdf\" data-type=\"link\" data-id=\"https:\/\/wanicki.pl\/wp-content\/uploads\/2025\/10\/PT-Wanicki-regulamin-sprzedazy-07.10.2025-r.pdf\">PT Wanicki \u2013 Regulamin sprzeda\u017cy \u2013 od 07.10.2025 r.<\/a><\/li>\n<\/ul>\n\n\n\n<h2 class=\"wp-block-heading\">inne dokumenty<\/h2>\n\n\n\n<ul class=\"wp-block-list\">\n<li><a href=\"https:\/\/wanicki.pl\/wp-content\/uploads\/2024\/09\/Procedura-Zglaszania-Naruszen-i-Ochrony-Sygnalisty-w-Firmie-Wanicki.pdf\" target=\"_blank\" rel=\"noreferrer noopener\">Procedura zg\u0142aszania narusze\u0144 i ochrony sygnalisty w Firmie Wanicki<\/a><\/li>\n\n\n\n<li><a href=\"https:\/\/wanicki.pl\/wp-content\/uploads\/2024\/09\/Procedura-Zglaszania-Naruszen-i-Ochrony-Sygnalisty-w-WW-Wanicki.pdf\">Procedura zg\u0142aszania narusze\u0144 i ochrony sygnalisty w WW Wanicki<\/a><\/li>\n\n\n\n<li><a href=\"https:\/\/wanicki.pl\/wp-content\/uploads\/2024\/06\/Ogolna-informacja-o-monitoringu-RODO-Swidnik-Trzciana-1.pdf\" target=\"_blank\" rel=\"noreferrer noopener\">Og\u00f3lna informacja o monitoringu RODO (\u015awidnik, Trzciana)<\/a><\/li>\n\n\n\n<li><a href=\"https:\/\/wanicki.pl\/wp-content\/uploads\/2024\/06\/Ogolna-informacja-o-monitoringu-RODO-Sobiekursk-1.pdf\" target=\"_blank\" rel=\"noreferrer noopener\">Og\u00f3lna informacja o monitoringu RODO (Sobiekursk)<\/a><\/li>\n\n\n\n<li><a href=\"https:\/\/wanicki.pl\/wp-content\/uploads\/2024\/06\/Ogolna-informacja-o-monitoringu-RODO-Romanow-1.pdf\" target=\"_blank\" rel=\"noreferrer noopener\">Og\u00f3lna informacja o monitoringu RODO (Roman\u00f3w)<\/a><\/li>\n\n\n\n<li><a href=\"https:\/\/wanicki.pl\/wp-content\/uploads\/2024\/06\/Ogolna-informacja-o-monitoringu-RODO-Mogilany-Ledziny-Kajetanow-Ustron-Gorki-Szczukowskie-1.pdf\" target=\"_blank\" rel=\"noreferrer noopener\">Og\u00f3lna informacja o monitoringu RODO (Mogilany, L\u0119dziny, Kajetan\u00f3w, Ustro\u0144, G\u00f3rki Szczukowskie)<\/a><\/li>\n\n\n\n<li><a href=\"https:\/\/wanicki.pl\/wp-content\/uploads\/2024\/06\/Kodeks-Etyki-Firmy-Wanicki-1.pdf\" target=\"_blank\" rel=\"noreferrer noopener\">Kodeks Etyki Firmy Wanicki<\/a><\/li>\n\n\n\n<li><a href=\"https:\/\/wanicki.pl\/wp-content\/uploads\/2024\/12\/Informacja-o-realizowanej-strategii-podatkowej-za-rok-podatkowy-2023.pdf\" data-type=\"link\" data-id=\"https:\/\/wanicki.pl\/wp-content\/uploads\/2024\/12\/Informacja-o-realizowanej-strategii-podatkowej-za-rok-podatkowy-2023.pdf\">Informacja o strategii podatkowej za 2023 r. (Wanicki Serwis)<\/a><\/li>\n\n\n\n<li><a href=\"https:\/\/wanicki.pl\/wp-content\/uploads\/2024\/06\/Informacja-o-strategii-podatkowej-za-2022-r.-Wanicki-Serwis-1.pdf\" target=\"_blank\" rel=\"noreferrer noopener\">Informacja o strategii podatkowej za 2022 r. (Wanicki Serwis)<\/a><\/li>\n\n\n\n<li><a href=\"https:\/\/wanicki.pl\/wp-content\/uploads\/2024\/06\/Informacja-o-strategii-podatkowej-za-2022-r.-Firma-Wanicki-1.pdf\" target=\"_blank\" rel=\"noreferrer noopener\">Informacja o strategii podatkowej za 2022 r. (Firma Wanicki)<\/a><\/li>\n\n\n\n<li><a href=\"https:\/\/wanicki.pl\/wp-content\/uploads\/2024\/06\/Informacja-o-strategii-podatkowej-za-2021-r.-Firma-Wanicki-2.pdf\" target=\"_blank\" rel=\"noreferrer noopener\">Informacja o strategii podatkowej za 2021 r. (Firma Wanicki)<\/a><\/li>\n\n\n\n<li><a href=\"https:\/\/wanicki.pl\/wp-content\/uploads\/2024\/06\/Informacja-o-strategii-podatkowej-za-2020-r.-Firma-Wanicki-1.pdf\" target=\"_blank\" rel=\"noreferrer noopener\">Informacja o strategii podatkowej za 2020 r. (Firma Wanicki)<\/a><\/li>\n\n\n\n<li><a href=\"https:\/\/wanicki.pl\/wp-content\/uploads\/2024\/06\/Infolinia-klauzula-RODO-dla-klientow.pdf\" target=\"_blank\" rel=\"noreferrer noopener\">Infolinia &#8211; klauzula RODO (dla klient\u00f3w)<\/a><\/li>\n\n\n\n<li><a href=\"https:\/\/wanicki.pl\/wp-content\/uploads\/2024\/06\/Deklaracja-Polityki-Zarzadzania-Jakoscia-i-Srodowiskiem-Grupa-Wanicki-1.pdf\" target=\"_blank\" rel=\"noreferrer noopener\">Deklaracja Polityki Zarza\u0328dzania Jakos\u0301cia\u0328 i S\u0301rodowiskiem (Grupa Wanicki)<\/a><\/li>\n\n\n\n<li><a href=\"https:\/\/wanicki.pl\/wp-content\/uploads\/2025\/11\/Warunki-Gwarancji-Wanicki-Serwis.pdf\" data-type=\"link\" data-id=\"https:\/\/wanicki.pl\/wp-content\/uploads\/2025\/11\/Warunki-Gwarancji-Wanicki-Serwis.pdf\">Warunki \u015bwiadczenia us\u0142ug w ramach gwarancji (Wanicki Serwis)<\/a><\/li>\n\n\n\n<li><a href=\"https:\/\/wanicki.pl\/wp-content\/uploads\/2026\/01\/Plan-polaczenia-MW-Wanicki-i-FW-Wanicki-podpisany.pdf\" data-type=\"link\" data-id=\"https:\/\/wanicki.pl\/wp-content\/uploads\/2026\/01\/Plan-polaczenia-MW-Wanicki-i-FW-Wanicki-podpisany.pdf\">Plan po\u0142\u0105czenia sp\u00f3\u0142ek (Firma Wanicki Sp. z o.o. i MW Wanicki Sp. z o.o.)<\/a><\/li>\n\n\n\n<li><a href=\"https:\/\/wanicki.pl\/wp-content\/uploads\/2026\/03\/Plan-polaczenia-FW-WW-i-NTS.pdf\" data-type=\"link\" data-id=\"https:\/\/wanicki.pl\/wp-content\/uploads\/2026\/03\/Plan-polaczenia-FW-WW-i-NTS.pdf\">Plan po\u0142\u0105czenia sp\u00f3\u0142ek (Firma Wanicki Sp. z o.o., Nedpol Truck Service Sp. z o.o. i WW Wanicki Sp. z o.o.)<\/a><\/li>\n<\/ul>\n\n\n\n<p><\/p>\n","protected":false},"excerpt":{"rendered":"<p>Og\u00f3lne Warunki Obs\u0142ugi Serwisowej REGULAMIN SPRZEDA\u017bY DAF, TATRA, PIAGGIO, GEESINK,&nbsp;ISUZU Regulamin sprzeda\u017cy IRIZAR Regulamin sprzeda\u017cy LAMBERET Regulamin sprzeda\u017cy ISUZU Regulamin sprzeda\u017cy YANMAR REGULAMIN SPRZEDA\u017bY PT WANICKI inne dokumenty<\/p>\n","protected":false},"author":1,"featured_media":0,"parent":0,"menu_order":0,"comment_status":"closed","ping_status":"closed","template":"pages-background-header","meta":{"_acf_changed":false,"_seopress_robots_primary_cat":"","_seopress_titles_title":"","_seopress_titles_desc":"","_seopress_robots_index":"","inline_featured_image":false,"footnotes":""},"class_list":["post-4004","page","type-page","status-publish","hentry"],"acf":[],"_links":{"self":[{"href":"https:\/\/wanicki.pl\/en\/wp-json\/wp\/v2\/pages\/4004","targetHints":{"allow":["GET"]}}],"collection":[{"href":"https:\/\/wanicki.pl\/en\/wp-json\/wp\/v2\/pages"}],"about":[{"href":"https:\/\/wanicki.pl\/en\/wp-json\/wp\/v2\/types\/page"}],"author":[{"embeddable":true,"href":"https:\/\/wanicki.pl\/en\/wp-json\/wp\/v2\/users\/1"}],"replies":[{"embeddable":true,"href":"https:\/\/wanicki.pl\/en\/wp-json\/wp\/v2\/comments?post=4004"}],"version-history":[{"count":38,"href":"https:\/\/wanicki.pl\/en\/wp-json\/wp\/v2\/pages\/4004\/revisions"}],"predecessor-version":[{"id":9671,"href":"https:\/\/wanicki.pl\/en\/wp-json\/wp\/v2\/pages\/4004\/revisions\/9671"}],"wp:attachment":[{"href":"https:\/\/wanicki.pl\/en\/wp-json\/wp\/v2\/media?parent=4004"}],"curies":[{"name":"wp","href":"https:\/\/api.w.org\/{rel}","templated":true}]}}