{"id":7171,"date":"2024-02-23T19:35:23","date_gmt":"2024-02-23T18:35:23","guid":{"rendered":"https:\/\/wanicki.pl\/?page_id=7171"},"modified":"2026-03-31T12:33:39","modified_gmt":"2026-03-31T10:33:39","slug":"about-us","status":"publish","type":"page","link":"https:\/\/wanicki.pl\/en\/about-us\/","title":{"rendered":"About us"},"content":{"rendered":"<div class=\"wp-block-wanicki-page-hero-header page-hero-header\">\n    <div class=\"page-hero-header__image page-hero-header__image--desktop\"\n          style=\"background-image: url(https:\/\/wanicki.pl\/wp-content\/uploads\/2024\/06\/baner-o-nas2.jpg)\" ><\/div>\n    <div class=\"page-hero-header__image page-hero-header__image--mobile\"\n          style=\"background-image: url(https:\/\/wanicki.pl\/wp-content\/uploads\/2024\/06\/baner-o-nas2.jpg)\"\n            >\n    <\/div>\n    <div class=\"page-hero-header__container container\">\n        <h1 class=\"page-hero-header__title\"><strong>We drive your growth!<\/strong><\/h1>\n                    <div class=\"page-hero-header__subtitle\"><p>Wanicki is a guarantee of quality and professionalism. Over 35 years in the market. A stable and innovative partner for business.<\/p>\n<\/div>\n                    <\/div>\n<\/div>\n\n\n<div class=\"wp-block-wanicki-image-with-text image-with-text  image-with-text--reversed \">\n\n    <div class=\"image-with-text__image\">\n                    <div class=\"image-with-text__image-photo\"\n                 style=\"background-image: url(https:\/\/wanicki.pl\/wp-content\/uploads\/2024\/06\/o_nas.jpg)\"><\/div>\n            <\/div>\n\n    <div class=\"image-with-text__info  image-with-text__info--reversed  \">\n                    <div class=\"image-with-text__info-title-wrapper\">\n                <h2 class=\"image-with-text__info-title image-with-text__info-title--big\">ABOUT US<\/h2>\n                                    <\/div>\n                            <div class=\"image-with-text__info-text\">\n                <p><strong>Since 1991, we have consistently delivered solutions for your business.<\/strong><\/p>\n<p>Starting with transportation, where we are an authorized dealer of brands such as DAF, Irizar, TATRA, Lamberet, Isuzu Trucks, Piaggio, Yanmar, to a wide range of agricultural machinery from John Deere, Kramer, Monosem, Bednar, SIP, SaMasz, and many others.<\/p>\n<p>Our experience and extensive offer make us the perfect partner for anyone looking for reliable solutions in transportation or agriculture.<\/p>\n\n            <\/div>\n                        \n    <\/div>\n\n<\/div>\n\n\n<div class=\"wp-block-wanicki-spacer spacer \" style=\"--height: 100px;  --xl-height: 100px; --lg-height: 100px; --md-height: 50px; --sm-height: 25px; --xs-height: 25px;\">\n<\/div>\n\n\n\n<div class=\"wp-block-columns no-post is-layout-flex wp-container-core-columns-is-layout-9d6595d7 wp-block-columns-is-layout-flex\">\n<div class=\"wp-block-column is-layout-flow wp-block-column-is-layout-flow\" style=\"flex-basis:50%\">\n<figure class=\"wp-block-image size-full is-resized\"><img loading=\"lazy\" decoding=\"async\" width=\"2560\" height=\"1769\" src=\"https:\/\/wanicki.pl\/wp-content\/uploads\/2026\/03\/mapa_wanicki_agro_30.03-1-scaled.png\" alt=\"\" class=\"wp-image-9699\" style=\"width:1450px;height:auto\" srcset=\"https:\/\/wanicki.pl\/wp-content\/uploads\/2026\/03\/mapa_wanicki_agro_30.03-1-scaled.png 2560w, https:\/\/wanicki.pl\/wp-content\/uploads\/2026\/03\/mapa_wanicki_agro_30.03-1-300x207.png 300w, https:\/\/wanicki.pl\/wp-content\/uploads\/2026\/03\/mapa_wanicki_agro_30.03-1-1024x708.png 1024w, https:\/\/wanicki.pl\/wp-content\/uploads\/2026\/03\/mapa_wanicki_agro_30.03-1-768x531.png 768w, https:\/\/wanicki.pl\/wp-content\/uploads\/2026\/03\/mapa_wanicki_agro_30.03-1-1536x1062.png 1536w, https:\/\/wanicki.pl\/wp-content\/uploads\/2026\/03\/mapa_wanicki_agro_30.03-1-2048x1415.png 2048w\" sizes=\"auto, (max-width: 2560px) 100vw, 2560px\" \/><\/figure>\n<\/div>\n\n\n\n<div class=\"wp-block-column is-layout-flow wp-block-column-is-layout-flow\" style=\"flex-basis:50%\">\n<h2 class=\"wp-block-heading\">HOW DO WE OPERATE?<\/h2>\n\n\n\n<p><strong>We have 21 modern facilities strategically located in central and southern Poland. Equipped with the latest technologies and equipment, they ensure comprehensive and fast service.<\/strong><\/p>\n\n\n\n<p>We offer:<\/p>\n\n\n\n<ul class=\"wp-block-list\">\n<li>Sales and service of trucks, trailers, bodies, and agricultural machinery<\/li>\n\n\n\n<li>Precision farming technologies<\/li>\n\n\n\n<li>Sale of parts: original, new, and used<\/li>\n\n\n\n<li>Vehicle inspection stations<\/li>\n\n\n\n<li>Accident repair center (bodywork and painting services)<\/li>\n\n\n\n<li>Service and maintenance of truck tankers<\/li>\n\n\n\n<li>Financing, insurance, subsidies<\/li>\n\n\n\n<li>Specialized consulting<\/li>\n<\/ul>\n<\/div>\n<\/div>\n\n\n<div class=\"wp-block-wanicki-spacer spacer \" style=\"--height: 100px;  --xl-height: 100px; --lg-height: 100px; --md-height: 50px; --sm-height: 25px; --xs-height: 25px;\">\n<\/div>\n\n\n<div class=\"wp-block-wanicki-image-with-text image-with-text  image-with-text--reversed \">\n\n    <div class=\"image-with-text__image\">\n                    <div class=\"image-with-text__image-photo\"\n                 style=\"background-image: url(https:\/\/wanicki.pl\/wp-content\/uploads\/2024\/06\/o_nas-trucksbus.jpg)\"><\/div>\n            <\/div>\n\n    <div class=\"image-with-text__info  image-with-text__info--reversed   image-with-text__info--white \">\n                    <div class=\"image-with-text__info-title-wrapper\">\n                <h2 class=\"image-with-text__info-title image-with-text__info-title--big\">TRUCKS &amp; BUS<\/h2>\n                                    <\/div>\n                            <div class=\"image-with-text__info-text\">\n                <p>We have been operating in the transportation industry since 1991, starting as a company primarily offering transport services.<\/p>\n<p>In 1994, we expanded our business to include service services.<\/p>\n<p>The new millennium presented us with another challenge \u2013 we signed a dealership agreement with DAF TRUCKS POLSKA.<\/p>\n<p>In the following years, we became dealers for brands such as Irizar, TATRA, Lamberet, Isuzu Trucks, Piaggio, Yanmar, acquired authorization for the Regional Vehicle Inspection Station, and launched a professional accident repair center in Mogilany.<\/p>\n<p>We offer a wide range of services at the highest level and provide full technical support.<br \/>\nWe invest in modern technologies and expand our offer to meet the dynamic challenges of the market.<\/p>\n<p>Our work and commitment are not only appreciated by our clients. This is evidenced by the three-time title of Dealer of the Year, awarded to our branch in Trzciana in 2019, 2021, and 2024.<\/p>\n<p>In 2025, we received the DAF After Sales Award and, for the first time in Poland, became the only dealer to join the DAF Premium League, as one of 6 DAF dealers in Europe with PREMIUM status.<\/p>\n\n            <\/div>\n                        \n    <\/div>\n\n<\/div>\n\n\n<div class=\"wp-block-wanicki-cta-banner cta-banner\">\n    <div class=\"container\">\n        <div class=\"cta-banner__container\">\n            <div class=\"cta-banner__image\"\n                  style=\"background-image: url(https:\/\/wanicki.pl\/wp-content\/uploads\/2024\/06\/o_nas-film1.jpg)\"             ><\/div>\n            <h2 class=\"cta-banner__title\">WE ARE HERE FOR YOU TO DRIVE YOUR GROWTH!<\/h2>\n                                    <div class=\"cta-banner__buttons\">\n                                                                <a\n                            href=\"https:\/\/www.youtube.com\/watch?v=WvWOZ2kO5ig&amp;t=30s\"\n                            class=\"btn cta-banner__button \"\n                                                        target=\"_blank\"\n                        >\n                            Watch the video\n                        <\/a>\n                                    <\/div>\n                    <\/div>\n    <\/div>\n<\/div>\n\n\n<div class=\"wp-block-wanicki-image-with-text image-with-text \">\n\n    <div class=\"image-with-text__image\">\n                    <div class=\"image-with-text__image-photo\"\n                 style=\"background-image: url(https:\/\/wanicki.pl\/wp-content\/uploads\/2024\/06\/o_nas-agro.jpg)\"><\/div>\n            <\/div>\n\n    <div class=\"image-with-text__info   image-with-text__info--white \">\n                    <div class=\"image-with-text__info-title-wrapper\">\n                <h2 class=\"image-with-text__info-title image-with-text__info-title--big\">AGRO<\/h2>\n                                    <\/div>\n                            <div class=\"image-with-text__info-text\">\n                <p>Since 2014, we have been an authorized dealer of John Deere agricultural machinery, supporting farmers in the development of their farms.<\/p>\n<p>Over the years, we have expanded our offer to include machines from brands such as Kramer, Monosem, Bednar, SIP, and Samasz. We have 12 locations across 8 provinces: Lubusz, Mazowieckie, \u015awi\u0119tokrzyskie, Podkarpackie, Ma\u0142opolskie, \u015al\u0105skie, Opolskie, and \u0141\u00f3dzkie.<\/p>\n<p><strong>Our mission:<\/strong> We support the success of Polish farmers by delivering innovative technological solutions, professional advice, and reliable 24\/7 service, building lasting partnerships, and contributing to the development of modern agriculture in Poland.<\/p>\n<p><strong>Vision:<\/strong> &#8220;Leader in providing comprehensive solutions for modern agriculture.&#8221;<\/p>\n<p>We offer our clients:<\/p>\n<ul>\n<li>A wide selection of agricultural machinery from renowned brands<\/li>\n<li>Expert advice on choosing the right equipment<\/li>\n<li>Precision farming solutions<\/li>\n<li>Modern stationary and mobile service<\/li>\n<li>Attractive financing options<\/li>\n<li>Machinery and crop insurance<\/li>\n<li>Advice and support on agricultural subsidies<\/li>\n<li>A wide range of original and replacement parts<\/li>\n<li>Consulting on dairy cattle feeding<\/li>\n<li>Accident damage repairs<\/li>\n<\/ul>\n\n            <\/div>\n                        \n    <\/div>\n\n<\/div>\n\n\n<div class=\"wp-block-wanicki-cta-banner cta-banner\">\n    <div class=\"container\">\n        <div class=\"cta-banner__container\">\n            <div class=\"cta-banner__image\"\n                  style=\"background-image: url(https:\/\/wanicki.pl\/wp-content\/uploads\/2024\/06\/o_nas-film2.jpg)\"             ><\/div>\n            <h2 class=\"cta-banner__title\">THIS IS HOW THE DEALER OF TOMORROW WORKS!<\/h2>\n                                    <div class=\"cta-banner__buttons\">\n                                                                <a\n                            href=\"https:\/\/youtu.be\/X8qOjqXMLA8?si=oQ4h5jSooRxnWSvb\"\n                            class=\"btn cta-banner__button \"\n                                                        target=\"_blank\"\n                        >\n                            WATCH THE VIDEO\n                        <\/a>\n                                    <\/div>\n                    <\/div>\n    <\/div>\n<\/div>\n","protected":false},"excerpt":{"rendered":"<p>HOW DO WE OPERATE? We have 21 modern facilities strategically located in central and southern Poland. Equipped with the latest technologies and equipment, they ensure comprehensive and fast service. We offer:<\/p>\n","protected":false},"author":2,"featured_media":0,"parent":0,"menu_order":0,"comment_status":"closed","ping_status":"closed","template":"","meta":{"_acf_changed":false,"_seopress_robots_primary_cat":"","_seopress_titles_title":"","_seopress_titles_desc":"","_seopress_robots_index":"","inline_featured_image":false,"footnotes":""},"class_list":["post-7171","page","type-page","status-publish","hentry"],"acf":[],"_links":{"self":[{"href":"https:\/\/wanicki.pl\/en\/wp-json\/wp\/v2\/pages\/7171","targetHints":{"allow":["GET"]}}],"collection":[{"href":"https:\/\/wanicki.pl\/en\/wp-json\/wp\/v2\/pages"}],"about":[{"href":"https:\/\/wanicki.pl\/en\/wp-json\/wp\/v2\/types\/page"}],"author":[{"embeddable":true,"href":"https:\/\/wanicki.pl\/en\/wp-json\/wp\/v2\/users\/2"}],"replies":[{"embeddable":true,"href":"https:\/\/wanicki.pl\/en\/wp-json\/wp\/v2\/comments?post=7171"}],"version-history":[{"count":2,"href":"https:\/\/wanicki.pl\/en\/wp-json\/wp\/v2\/pages\/7171\/revisions"}],"predecessor-version":[{"id":9726,"href":"https:\/\/wanicki.pl\/en\/wp-json\/wp\/v2\/pages\/7171\/revisions\/9726"}],"wp:attachment":[{"href":"https:\/\/wanicki.pl\/en\/wp-json\/wp\/v2\/media?parent=7171"}],"curies":[{"name":"wp","href":"https:\/\/api.w.org\/{rel}","templated":true}]}}