{"id":11,"date":"2024-04-26T06:47:08","date_gmt":"2024-04-26T04:47:08","guid":{"rendered":"https:\/\/wanicki.pl\/sip\/?page_id=8"},"modified":"2026-03-31T10:08:26","modified_gmt":"2026-03-31T08:08:26","slug":"strona-glowna","status":"publish","type":"page","link":"https:\/\/wanicki.pl\/irizar\/","title":{"rendered":"Strona g\u0142\u00f3wna"},"content":{"rendered":"<div class=\"wp-block-wanicki-hero-header hero-header\">\n    <div class=\"hero-header__image hero-header__image--desktop\"\n          style=\"background-image: url(https:\/\/wanicki.pl\/irizar\/wp-content\/uploads\/sites\/12\/2024\/07\/baner_irizar-jasny.jpg)\" ><\/div>\n    <div class=\"hero-header__image hero-header__image--mobile\"\n          style=\"background-image: url(https:\/\/wanicki.pl\/irizar\/wp-content\/uploads\/sites\/12\/2024\/07\/baner_irizar-jasny.jpg)\"\n            >\n    <\/div>\n    <div class=\"hero-header__container container\">\n        <h1 class=\"hero-header__title\">FOR A BETTER LIFE<\/h1>\n                    <div class=\"hero-header__subtitle\"><p>Marka IRIZAR- przygotowana na wielotechnologiczn\u0105 i zr\u00f3wnowa\u017con\u0105 przysz\u0142o\u015b\u0107<\/p>\n<\/div>\n                    <\/div>\n<\/div>\n\n\n<div class=\"wp-block-wanicki-icon-link icon-link\">\n\n    \n    \n<\/div>\n\n\n<div class=\"wp-block-wanicki-about-cards about-cards \">\n    <div class=\"container about-cards__container\">\n        <div class=\"about-cards__info\">\n                            <h3 class=\"about-cards__info-title\">AUTORYZOWANY DEALER IRIZAR<\/h3>\n                                                <div class=\"about-cards__info-text\"><p>Firma Wanicki to autoryzowany dealer marki IRIZAR, jednego z najbardziej renomowanych producent\u00f3w autobus\u00f3w i autokar\u00f3w. Dzi\u0119ki wieloletniemu do\u015bwiadczeniu oraz bliskiej wsp\u00f3\u0142pracy z IRIZAR, dostarczamy naszym klientom najwy\u017cszej jako\u015bci pojazdy, kt\u00f3re gwarantuj\u0105 komfort, niezawodno\u015b\u0107 i nowoczesne rozwi\u0105zania technologiczne.<\/p>\n<\/div>\n                        \n        <\/div>\n\n        <div class=\"about-cards__grid about-cards__desktop\">\n                                                <a href=\"https:\/\/wanicki.pl\/irizar\/oferta\/autokary-i-autobusy\/autokary-turystyczne\/\" class=\"about-cards__item about-cards__item--link\"\n                        style=\"background-image: url(https:\/\/wanicki.pl\/irizar\/wp-content\/uploads\/sites\/12\/2024\/04\/JZA_175032_R1-1024x593.jpg)\"                     >\n                        <p class=\"about-cards__item-text\">\n                            AUTOKARY TURYSTYCZNE\n                        <\/p>\n                    <\/a>\n                                                                <a href=\"https:\/\/wanicki.pl\/irizar\/oferta\/autokary-i-autobusy\/autobusy-miejskie\/\" class=\"about-cards__item about-cards__item--link\"\n                        style=\"background-image: url(https:\/\/wanicki.pl\/irizar\/wp-content\/uploads\/sites\/12\/2024\/05\/i4-galeria8_Easy-Resize.com_-1024x644.jpg)\"                     >\n                        <p class=\"about-cards__item-text\">\n                            AUTOBUSY MIEJSKIE\n                        <\/p>\n                    <\/a>\n                                                                <a href=\"https:\/\/wanicki.pl\/irizar\/oferta\/autokary-i-autobusy\/autobusy-elektryczne\/\" class=\"about-cards__item about-cards__item--link\"\n                        style=\"background-image: url(https:\/\/wanicki.pl\/irizar\/wp-content\/uploads\/sites\/12\/2024\/05\/50743388661_ef9b5e9d9c_b_Easy-Resize.com_-1024x683.jpg)\"                     >\n                        <p class=\"about-cards__item-text\">\n                            AUTOBUSY ELEKTRYCZNE\n                        <\/p>\n                    <\/a>\n                                                                <a href=\"https:\/\/wanicki-uzywane.pl\/typ-pojazdu\/autokary\/\" class=\"about-cards__item about-cards__item--link\"\n                        style=\"background-image: url(https:\/\/wanicki.pl\/irizar\/wp-content\/uploads\/sites\/12\/2024\/04\/i3-galeria5_Easy-Resize.com_-1024x682.jpg)\"                     >\n                        <p class=\"about-cards__item-text\">\n                            AUTOKARY I AUTOBUSY U\u017bYWANE \n                        <\/p>\n                    <\/a>\n                                    <\/div>\n\n        <div class=\"about-cards__mobile swiper\">\n            <div class=\"swiper-wrapper\">\n                                                            <div class=\"about-cards__grid swiper-slide\">\n                                                                                                <a href=\"https:\/\/wanicki.pl\/irizar\/oferta\/autokary-i-autobusy\/autokary-turystyczne\/\" class=\"about-cards__item\"\n                                        style=\"background-image: url(https:\/\/wanicki.pl\/irizar\/wp-content\/uploads\/sites\/12\/2024\/04\/JZA_175032_R1-1024x593.jpg)\"                                     >\n                                        <div class=\"about-cards__item-text\">\n                                            AUTOKARY TURYSTYCZNE\n                                        <\/div>\n                                    <\/a>\n                                                                                                                                <a href=\"https:\/\/wanicki.pl\/irizar\/oferta\/autokary-i-autobusy\/autobusy-miejskie\/\" class=\"about-cards__item\"\n                                        style=\"background-image: url(https:\/\/wanicki.pl\/irizar\/wp-content\/uploads\/sites\/12\/2024\/05\/i4-galeria8_Easy-Resize.com_-1024x644.jpg)\"                                     >\n                                        <div class=\"about-cards__item-text\">\n                                            AUTOBUSY MIEJSKIE\n                                        <\/div>\n                                    <\/a>\n                                                                                                                                <a href=\"https:\/\/wanicki.pl\/irizar\/oferta\/autokary-i-autobusy\/autobusy-elektryczne\/\" class=\"about-cards__item\"\n                                        style=\"background-image: url(https:\/\/wanicki.pl\/irizar\/wp-content\/uploads\/sites\/12\/2024\/05\/50743388661_ef9b5e9d9c_b_Easy-Resize.com_-1024x683.jpg)\"                                     >\n                                        <div class=\"about-cards__item-text\">\n                                            AUTOBUSY ELEKTRYCZNE\n                                        <\/div>\n                                    <\/a>\n                                                                                                                                <a href=\"https:\/\/wanicki-uzywane.pl\/typ-pojazdu\/autokary\/\" class=\"about-cards__item\"\n                                        style=\"background-image: url(https:\/\/wanicki.pl\/irizar\/wp-content\/uploads\/sites\/12\/2024\/04\/i3-galeria5_Easy-Resize.com_-1024x682.jpg)\"                                     >\n                                        <div class=\"about-cards__item-text\">\n                                            AUTOKARY I AUTOBUSY U\u017bYWANE \n                                        <\/div>\n                                    <\/a>\n                                                                                    <\/div>\n                                                                                                                                                            <\/div>\n            <div class=\"about-cards__arrows\">\n                <div class=\"about-cards__arrows-button about-cards__arrows-left\">\n                    <svg width=\"12px\" height=\"12px\" class=\"about-cards__arrows-icon\" transform=\"rotate(90)\" fill=\"currentColor\" viewBox=\"0 0 96 96\" xmlns=\"http:\/\/www.w3.org\/2000\/svg\">\n  <path d=\"M81.846 25.388a6.024 6.024 0 0 0-8.45.767L48 56.625l-25.396-30.47a5.999 5.999 0 1 0-9.211 7.689l30.001 36.001a5.997 5.997 0 0 0 9.212 0l30.001-36.002a6.008 6.008 0 0 0-.761-8.455Z\"\/>\n<\/svg>                <\/div>\n                <div class=\"about-cards__arrows-button about-cards__arrows-right\">\n                    <svg width=\"12px\" height=\"12px\" class=\"about-cards__arrows-icon\" transform=\"rotate(-90)\" fill=\"currentColor\" viewBox=\"0 0 96 96\" xmlns=\"http:\/\/www.w3.org\/2000\/svg\">\n  <path d=\"M81.846 25.388a6.024 6.024 0 0 0-8.45.767L48 56.625l-25.396-30.47a5.999 5.999 0 1 0-9.211 7.689l30.001 36.001a5.997 5.997 0 0 0 9.212 0l30.001-36.002a6.008 6.008 0 0 0-.761-8.455Z\"\/>\n<\/svg>                <\/div>\n            <\/div>\n        <\/div>\n    <\/div>\n<\/div>\n\n\n\n<figure class=\"wp-block-image aligncenter size-large\"><img loading=\"lazy\" decoding=\"async\" width=\"1024\" height=\"174\" src=\"https:\/\/wanicki.pl\/irizar\/wp-content\/uploads\/sites\/12\/2024\/05\/brudnopis-1-e1715166175754-1024x174.png\" alt=\"\" class=\"wp-image-1841\" srcset=\"https:\/\/wanicki.pl\/irizar\/wp-content\/uploads\/sites\/12\/2024\/05\/brudnopis-1-e1715166175754-1024x174.png 1024w, https:\/\/wanicki.pl\/irizar\/wp-content\/uploads\/sites\/12\/2024\/05\/brudnopis-1-e1715166175754-300x51.png 300w, https:\/\/wanicki.pl\/irizar\/wp-content\/uploads\/sites\/12\/2024\/05\/brudnopis-1-e1715166175754-768x131.png 768w, https:\/\/wanicki.pl\/irizar\/wp-content\/uploads\/sites\/12\/2024\/05\/brudnopis-1-e1715166175754-1536x261.png 1536w, https:\/\/wanicki.pl\/irizar\/wp-content\/uploads\/sites\/12\/2024\/05\/brudnopis-1-e1715166175754.png 2000w\" sizes=\"auto, (max-width: 1024px) 100vw, 1024px\" \/><\/figure>\n\n\n<div class=\"wp-block-wanicki-about-cards about-cards  about-cards--gray \">\n    <div class=\"container about-cards__container\">\n        <div class=\"about-cards__info\">\n                            <h3 class=\"about-cards__info-title\">US\u0141UGI DLA KLIENT\u00d3W IRIZAR<\/h3>\n                                                <div class=\"about-cards__info-text\"><p>Nasze us\u0142ugi gwarantuj\u0105, \u017ce Twoje pojazdy IRIZAR b\u0119d\u0105 zawsze w doskona\u0142ym stanie technicznym. Dzi\u0119ki do\u015bwiadczonemu zespo\u0142owi technik\u00f3w oraz nowoczesnym narz\u0119dziom, oferujemy szybkie i skuteczne naprawy oraz przegl\u0105dy okresowe, zapewniaj\u0105c d\u0142ugotrwa\u0142\u0105 niezawodno\u015b\u0107.<\/p>\n<p>Oferujemy nie tylko sprzeda\u017c autokar\u00f3w i autobus\u00f3w, ale tak\u017ce szeroki zakres us\u0142ug dodatkowych, kt\u00f3re zapewni\u0105 Ci pe\u0142ne wsparcie na ka\u017cdym etapie eksploatacji Twojego pojazdu. Nasza oferta obejmuje m.in. finansowanie oraz system pomocy drogowej ITS, dzi\u0119ki czemu mo\u017cesz by\u0107 pewny, \u017ce Twoje potrzeby zostan\u0105 w pe\u0142ni zaspokojone.<\/p>\n<\/div>\n                        \n        <\/div>\n\n        <div class=\"about-cards__grid about-cards__desktop\">\n                                                <div class=\"about-cards__item\"\n                          style=\"background-image: url(https:\/\/wanicki.pl\/irizar\/wp-content\/uploads\/sites\/12\/2024\/05\/formacion-4efd44ff-1024x683.webp)\"                     >\n                                                    <p class=\"about-cards__item-text\">\n                                SERWIS\n                            <\/p>\n                                            <\/div>\n                                                                <a href=\"https:\/\/wanicki.pl\/irizar\/czesci-i-serwis\/\" class=\"about-cards__item about-cards__item--link\"\n                        style=\"background-image: url(https:\/\/wanicki.pl\/irizar\/wp-content\/uploads\/sites\/12\/2024\/05\/promocione-y-servicios-d280885f.webp)\"                     >\n                        <p class=\"about-cards__item-text\">\n                            CZ\u0118\u015aCI I AKCESORIA\n                        <\/p>\n                    <\/a>\n                                                                <a href=\"https:\/\/wanicki.pl\/irizar\/its\/\" class=\"about-cards__item about-cards__item--link\"\n                        style=\"background-image: url(https:\/\/wanicki.pl\/irizar\/wp-content\/uploads\/sites\/12\/2024\/05\/res-posventa-39a85262-1024x694.webp)\"                     >\n                        <p class=\"about-cards__item-text\">\n                            ITS\n                        <\/p>\n                    <\/a>\n                                                                <a href=\"https:\/\/wanicki.pl\/irizar\/finansowanie\/\" class=\"about-cards__item about-cards__item--link\"\n                        style=\"background-image: url(https:\/\/wanicki.pl\/irizar\/wp-content\/uploads\/sites\/12\/2024\/05\/gama-eficient-374ea5ec_Easy-Resize.com_-1024x430.jpg)\"                     >\n                        <p class=\"about-cards__item-text\">\n                            FINANSOWANIE\n                        <\/p>\n                    <\/a>\n                                                                <a href=\"https:\/\/wanicki.pl\/irizar\/ubezpieczenie\/\" class=\"about-cards__item about-cards__item--link\"\n                        style=\"background-image: url(https:\/\/wanicki.pl\/irizar\/wp-content\/uploads\/sites\/12\/2024\/04\/i8-galeria-1_Easy-Resize.com_-1024x644.jpg)\"                     >\n                        <p class=\"about-cards__item-text\">\n                            UBEZPIECZENIA\n                        <\/p>\n                    <\/a>\n                                    <\/div>\n\n        <div class=\"about-cards__mobile swiper\">\n            <div class=\"swiper-wrapper\">\n                                                            <div class=\"about-cards__grid swiper-slide\">\n                                                                                                <div class=\"about-cards__item\"\n                                          style=\"background-image: url(https:\/\/wanicki.pl\/irizar\/wp-content\/uploads\/sites\/12\/2024\/05\/formacion-4efd44ff-1024x683.webp)\"                                     >\n                                                                                    <p class=\"about-cards__item-text\">\n                                                SERWIS\n                                            <\/p>\n                                                                            <\/div>\n                                                                                                                                <a href=\"https:\/\/wanicki.pl\/irizar\/czesci-i-serwis\/\" class=\"about-cards__item\"\n                                        style=\"background-image: url(https:\/\/wanicki.pl\/irizar\/wp-content\/uploads\/sites\/12\/2024\/05\/promocione-y-servicios-d280885f.webp)\"                                     >\n                                        <div class=\"about-cards__item-text\">\n                                            CZ\u0118\u015aCI I AKCESORIA\n                                        <\/div>\n                                    <\/a>\n                                                                                                                                <a href=\"https:\/\/wanicki.pl\/irizar\/its\/\" class=\"about-cards__item\"\n                                        style=\"background-image: url(https:\/\/wanicki.pl\/irizar\/wp-content\/uploads\/sites\/12\/2024\/05\/res-posventa-39a85262-1024x694.webp)\"                                     >\n                                        <div class=\"about-cards__item-text\">\n                                            ITS\n                                        <\/div>\n                                    <\/a>\n                                                                                                                                <a href=\"https:\/\/wanicki.pl\/irizar\/finansowanie\/\" class=\"about-cards__item\"\n                                        style=\"background-image: url(https:\/\/wanicki.pl\/irizar\/wp-content\/uploads\/sites\/12\/2024\/05\/gama-eficient-374ea5ec_Easy-Resize.com_-1024x430.jpg)\"                                     >\n                                        <div class=\"about-cards__item-text\">\n                                            FINANSOWANIE\n                                        <\/div>\n                                    <\/a>\n                                                                                    <\/div>\n                                                                                                                                                                                            <div class=\"about-cards__grid swiper-slide\">\n                                                                                                <a href=\"https:\/\/wanicki.pl\/irizar\/ubezpieczenie\/\" class=\"about-cards__item\"\n                                        style=\"background-image: url(https:\/\/wanicki.pl\/irizar\/wp-content\/uploads\/sites\/12\/2024\/04\/i8-galeria-1_Easy-Resize.com_-1024x644.jpg)\"                                     >\n                                        <div class=\"about-cards__item-text\">\n                                            UBEZPIECZENIA\n                                        <\/div>\n                                    <\/a>\n                                                                                    <\/div>\n                                                <\/div>\n            <div class=\"about-cards__arrows\">\n                <div class=\"about-cards__arrows-button about-cards__arrows-left\">\n                    <svg width=\"12px\" height=\"12px\" class=\"about-cards__arrows-icon\" transform=\"rotate(90)\" fill=\"currentColor\" viewBox=\"0 0 96 96\" xmlns=\"http:\/\/www.w3.org\/2000\/svg\">\n  <path d=\"M81.846 25.388a6.024 6.024 0 0 0-8.45.767L48 56.625l-25.396-30.47a5.999 5.999 0 1 0-9.211 7.689l30.001 36.001a5.997 5.997 0 0 0 9.212 0l30.001-36.002a6.008 6.008 0 0 0-.761-8.455Z\"\/>\n<\/svg>                <\/div>\n                <div class=\"about-cards__arrows-button about-cards__arrows-right\">\n                    <svg width=\"12px\" height=\"12px\" class=\"about-cards__arrows-icon\" transform=\"rotate(-90)\" fill=\"currentColor\" viewBox=\"0 0 96 96\" xmlns=\"http:\/\/www.w3.org\/2000\/svg\">\n  <path d=\"M81.846 25.388a6.024 6.024 0 0 0-8.45.767L48 56.625l-25.396-30.47a5.999 5.999 0 1 0-9.211 7.689l30.001 36.001a5.997 5.997 0 0 0 9.212 0l30.001-36.002a6.008 6.008 0 0 0-.761-8.455Z\"\/>\n<\/svg>                <\/div>\n            <\/div>\n        <\/div>\n    <\/div>\n<\/div>\n\n\n\n<h2 class=\"wp-block-heading\">  nasze oddzia\u0142y<\/h2>\n\n\n\n<figure class=\"wp-block-image size-large\"><img loading=\"lazy\" decoding=\"async\" width=\"1024\" height=\"708\" src=\"https:\/\/wanicki.pl\/irizar\/wp-content\/uploads\/sites\/12\/2026\/03\/mapa_wanicki_agro_30.03-1024x708.png\" alt=\"\" class=\"wp-image-2506\" srcset=\"https:\/\/wanicki.pl\/irizar\/wp-content\/uploads\/sites\/12\/2026\/03\/mapa_wanicki_agro_30.03-1024x708.png 1024w, https:\/\/wanicki.pl\/irizar\/wp-content\/uploads\/sites\/12\/2026\/03\/mapa_wanicki_agro_30.03-300x207.png 300w, https:\/\/wanicki.pl\/irizar\/wp-content\/uploads\/sites\/12\/2026\/03\/mapa_wanicki_agro_30.03-768x531.png 768w, https:\/\/wanicki.pl\/irizar\/wp-content\/uploads\/sites\/12\/2026\/03\/mapa_wanicki_agro_30.03-1536x1062.png 1536w, https:\/\/wanicki.pl\/irizar\/wp-content\/uploads\/sites\/12\/2026\/03\/mapa_wanicki_agro_30.03-2048x1415.png 2048w\" sizes=\"auto, (max-width: 1024px) 100vw, 1024px\" \/><\/figure>\n\n\n<div class=\"wp-block-wanicki-image-with-text image-with-text \">\n\n    <div class=\"image-with-text__image\">\n                    <div class=\"image-with-text__image-photo\"\n                 style=\"background-image: url(https:\/\/wanicki.pl\/irizar\/wp-content\/uploads\/sites\/12\/2024\/06\/irizar-mecanico-70fab0e6-e1719492088210.webp)\"><\/div>\n            <\/div>\n\n    <div class=\"image-with-text__info  \">\n                    <div class=\"image-with-text__info-title-wrapper\">\n                <h2 class=\"image-with-text__info-title image-with-text__info-title--big\">DO\u0141\u0104CZ DO NAS &#8211; PRACA DLA LUDZI Z PASJ\u0104<\/h2>\n                                    <\/div>\n                            <div class=\"image-with-text__info-text\">\n                <p><strong>Szukamy ludzi z pasj\u0105, gotowych na wyzwania i ciekaw\u0105 prac\u0119.<\/strong><\/p>\n<p>Nasz zesp\u00f3\u0142 otwarty jest na ludzi z do\u015bwiadczeniem, jak r\u00f3wnie\u017c tych, kt\u00f3rzy stawiaj\u0105 pierwsze kroki w pracy zawodowej. Gwarantujemy \u015bwietne i stabilne warunki pracy, dobr\u0105 atmosfer\u0119 oraz mo\u017cliwo\u015b\u0107 rozwoju poprzez udzia\u0142 w zewn\u0119trznych i wewn\u0119trznych szkoleniach oraz stabiln\u0105 pozycj\u0119 pracodawcy.<\/p>\n\n            <\/div>\n                            <a href=\"https:\/\/wanicki.pl\/oferty-pracy\/\" class=\"btn btn--primary image-with-text__button \"\n               >Sprawd\u017a aktualne oferty pracy<\/a>\n                \n    <\/div>\n\n<\/div>\n\n\n<div class=\"wp-block-wanicki-image-with-text image-with-text  image-with-text--reversed \">\n\n    <div class=\"image-with-text__image\">\n                    <div class=\"image-with-text__image-photo\"\n                 style=\"background-image: url(https:\/\/wanicki.pl\/irizar\/wp-content\/uploads\/sites\/12\/2024\/05\/da760bee-77b4-44ae-8d2f-93f81ced1bcc_Easy-Resize.com_.jpg)\"><\/div>\n            <\/div>\n\n    <div class=\"image-with-text__info  image-with-text__info--reversed   image-with-text__info--white \">\n                    <div class=\"image-with-text__info-title-wrapper\">\n                <h2 class=\"image-with-text__info-title image-with-text__info-title--big\">O NAS<\/h2>\n                                    <\/div>\n                            <div class=\"image-with-text__info-text\">\n                <p><span style=\"font-weight: 400\">Dzia\u0142amy w bran\u017cy motoryzacyjnej od ponad 30 lat i jeste\u015bmy jedynym autoryzowanym przedstawicielem marki IRIZAR w Polsce.\u00a0<\/span><\/p>\n<p><span style=\"font-weight: 400\">Inwestujemy w nowoczesne technologie i rozwijamy nasz\u0105 ofert\u0119, aby sprosta\u0107 dynamicznym wyzwaniom rynku.\u00a0<\/span><\/p>\n<p><span style=\"font-weight: 400\">Warto do nas do\u0142\u0105czy\u0107. Wybieraj\u0105c nasz\u0105 firm\u0119, korzystasz z wieloletniego do\u015bwiadczenia w dostawie cz\u0119\u015bci zamiennych i us\u0142ug serwisowych\u00a0<\/span><span style=\"font-weight: 400\">na terenie ca\u0142ego kraju. <\/span><\/p>\n<p><span style=\"font-weight: 400\">Nasz zesp\u00f3\u0142 do\u015bwiadczonych specjalist\u00f3w jest gwarancj\u0105 udanej wsp\u00f3\u0142pracy.<\/span><\/p>\n\n            <\/div>\n                        \n    <\/div>\n\n<\/div>\n\n\n<div class=\"wp-block-wanicki-cta-banner cta-banner\">\n    <div class=\"container\">\n        <div class=\"cta-banner__container\">\n            <div class=\"cta-banner__image\"\n                  style=\"background-image: url(https:\/\/wanicki.pl\/irizar\/wp-content\/uploads\/sites\/12\/2024\/05\/brudnopis.png)\"             ><\/div>\n            <h2 class=\"cta-banner__title\">SPRAWD\u0179 JAKI MODEL IRIZAR PASUJE NALEPIEJ DO CIEBIE<\/h2>\n                                    <div class=\"cta-banner__buttons\">\n                                            <a\n                            href=\"https:\/\/wanicki.pl\/irizar\/oferta\/autokary-i-autobusy\/\"\n                            class=\"btn cta-banner__button \"\n                                                        target=\"\"\n                        >\n                            Oferta\n                        <\/a>\n                                                        <\/div>\n                    <\/div>\n    <\/div>\n<\/div>\n","protected":false},"excerpt":{"rendered":"<p>nasze oddzia\u0142y<\/p>\n","protected":false},"author":1,"featured_media":0,"parent":0,"menu_order":0,"comment_status":"closed","ping_status":"closed","template":"strona-glowna-marki","meta":{"_acf_changed":false,"_seopress_robots_primary_cat":"","_seopress_titles_title":"Irizar - Wanicki","_seopress_titles_desc":"Wanicki - dealer Irizar \u2705 Sprzeda\u017c pojazd\u00f3w Irizar  \u2705 Serwis \u2705 Cz\u0119\u015bci \u2705 Finansowanie \u2705 6 oddzia\u0142\u00f3w \u2705 Zobacz wi\u0119cej!","_seopress_robots_index":"","inline_featured_image":false,"footnotes":""},"class_list":["post-11","page","type-page","status-publish","hentry"],"acf":[],"_links":{"self":[{"href":"https:\/\/wanicki.pl\/irizar\/wp-json\/wp\/v2\/pages\/11","targetHints":{"allow":["GET"]}}],"collection":[{"href":"https:\/\/wanicki.pl\/irizar\/wp-json\/wp\/v2\/pages"}],"about":[{"href":"https:\/\/wanicki.pl\/irizar\/wp-json\/wp\/v2\/types\/page"}],"author":[{"embeddable":true,"href":"https:\/\/wanicki.pl\/irizar\/wp-json\/wp\/v2\/users\/1"}],"replies":[{"embeddable":true,"href":"https:\/\/wanicki.pl\/irizar\/wp-json\/wp\/v2\/comments?post=11"}],"version-history":[{"count":57,"href":"https:\/\/wanicki.pl\/irizar\/wp-json\/wp\/v2\/pages\/11\/revisions"}],"predecessor-version":[{"id":2508,"href":"https:\/\/wanicki.pl\/irizar\/wp-json\/wp\/v2\/pages\/11\/revisions\/2508"}],"wp:attachment":[{"href":"https:\/\/wanicki.pl\/irizar\/wp-json\/wp\/v2\/media?parent=11"}],"curies":[{"name":"wp","href":"https:\/\/api.w.org\/{rel}","templated":true}]}}