{"id":16,"date":"2024-04-26T06:59:14","date_gmt":"2024-04-26T04:59:14","guid":{"rendered":"https:\/\/wanicki.pl\/sip\/o-nas\/"},"modified":"2024-12-15T16:30:14","modified_gmt":"2024-12-15T15:30:14","slug":"o-nas","status":"publish","type":"page","link":"https:\/\/wanicki.pl\/irizar\/o-nas\/","title":{"rendered":"O nas"},"content":{"rendered":"<div class=\"wp-block-wanicki-page-hero-header page-hero-header\">\n    <div class=\"page-hero-header__image page-hero-header__image--desktop\"\n          style=\"background-image: url(https:\/\/wanicki.pl\/irizar\/wp-content\/uploads\/sites\/12\/2024\/06\/Efficient_3-1-scaled.jpg)\" ><\/div>\n    <div class=\"page-hero-header__image page-hero-header__image--mobile\"\n          style=\"background-image: url(https:\/\/wanicki.pl\/irizar\/wp-content\/uploads\/sites\/12\/2024\/06\/Efficient_3-1-scaled.jpg)\"\n            >\n    <\/div>\n    <div class=\"page-hero-header__container container\">\n        <h1 class=\"page-hero-header__title\"><strong>O NAS<\/strong><\/h1>\n                    <div class=\"page-hero-header__subtitle\"><p>Jeste\u015bmy jedynym autoryzowanym przedstawicielem marki IRIZAR w Polsce.<\/p>\n<\/div>\n                    <\/div>\n<\/div>\n\n\n<div class=\"wp-block-wanicki-image-with-text image-with-text  image-with-text--reversed \">\n\n    <div class=\"image-with-text__image\">\n                    <div class=\"image-with-text__image-photo\"\n                 style=\"background-image: url(https:\/\/wanicki.pl\/irizar\/wp-content\/uploads\/sites\/12\/2024\/04\/JAZ_870044-1-scaled.jpg)\"><\/div>\n            <\/div>\n\n    <div class=\"image-with-text__info  image-with-text__info--reversed  \">\n                    <div class=\"image-with-text__info-title-wrapper\">\n                <h2 class=\"image-with-text__info-title image-with-text__info-title--big\">KIM JESTE\u015aMY? <\/h2>\n                                    <\/div>\n                            <div class=\"image-with-text__info-text\">\n                <p><strong>Jako firma Wanicki dzia\u0142amy od 1991 roku na rynku transportowym, a od 2014 roku tak\u017ce w bran\u017cy agro.<\/strong><\/p>\n<p>Nasze d\u0142ugoletnie do\u015bwiadczenie<br \/>\ngwarantuje jako\u015b\u0107 i profesjonalizm. Jeste\u015bmy autoryzowanym dealerem renomowanych marek.<\/p>\n<p>Oferujemy pe\u0142en wachlarz us\u0142ug na najlepszym poziomie oraz pe\u0142ne wsparcie techniczne. Inwestujemy w nowoczesne technologie i rozwijamy nasz\u0105 ofert\u0119, aby sprosta\u0107 dynamicznym wyzwaniom rynku.<\/p>\n<p>Warto do nas do\u0142\u0105czy\u0107. Wybieraj\u0105c nasz\u0105 firm\u0119, korzystasz z ponad 30-letniego do\u015bwiadczenia w dostawie cz\u0119\u015bci zamiennych i us\u0142ug serwisowych<br \/>\nna terenie ca\u0142ego kraju. Nasz zesp\u00f3\u0142 do\u015bwiadczonych specjalist\u00f3w jest gwarancj\u0105 udanej wsp\u00f3\u0142pracy.<\/p>\n\n            <\/div>\n                        \n    <\/div>\n\n<\/div>\n\n\n<div class=\"wp-block-wanicki-image-with-text image-with-text \">\n\n    <div class=\"image-with-text__image\">\n                    <div class=\"image-with-text__image-photo\"\n                 style=\"background-image: url(https:\/\/wanicki.pl\/irizar\/wp-content\/uploads\/sites\/12\/2024\/04\/Irizar-i6_galeria-2_Easy-Resize.com_.jpg)\"><\/div>\n            <\/div>\n\n    <div class=\"image-with-text__info   image-with-text__info--white \">\n                    <div class=\"image-with-text__info-title-wrapper\">\n                <h2 class=\"image-with-text__info-title image-with-text__info-title--big\">CO OFERUJEMY?<\/h2>\n                                    <\/div>\n                            <div class=\"image-with-text__info-text\">\n                <p><strong>Kompleksowa Obs\u0142uga Serwisowa<\/strong><\/p>\n<p>Nasza oferta serwisowa dla autokar\u00f3w i autobus\u00f3w marki IRIZAR to gwarancja niezawodno\u015bci, bezpiecze\u0144stwa i d\u0142ugowieczno\u015bci Twojego pojazdu. Jako autoryzowany serwis IRIZAR, Grupa Wanicki zapewnia kompleksow\u0105 obs\u0142ug\u0119, obejmuj\u0105c\u0105 zar\u00f3wno naprawy bie\u017c\u0105ce, jak i przegl\u0105dy okresowe.<\/p>\n<p><strong>Profesjonalny Zesp\u00f3\u0142<\/strong><\/p>\n<p>Nasz zesp\u00f3\u0142 sk\u0142ada si\u0119 z wykwalifikowanych i do\u015bwiadczonych serwisant\u00f3w, kt\u00f3rzy doskonale znaj\u0105 specyfik\u0119 pojazd\u00f3w IRIZAR. Dzi\u0119ki regularnym szkoleniom i dost\u0119powi do najnowszych technologii, jeste\u015bmy w stanie szybko i skutecznie diagnozowa\u0107 oraz naprawia\u0107 wszelkie usterki.<\/p>\n<p><strong>Oryginalne Cz\u0119\u015bci Zamienne<\/strong><\/p>\n<p>Stosujemy wy\u0142\u0105cznie oryginalne cz\u0119\u015bci zamienne IRIZAR, co gwarantuje najwy\u017csz\u0105 jako\u015b\u0107 i niezawodno\u015b\u0107 napraw. Dzi\u0119ki temu Twoje autokary i autobusy b\u0119d\u0105 dzia\u0142a\u0142y bez zarzutu przez wiele lat.<\/p>\n<p><strong>Zaawansowane Technologie<\/strong><\/p>\n<p>Nasze punkty serwisowe wyposa\u017cone s\u0105 w nowoczesne urz\u0105dzenia diagnostyczne i naprawcze, co pozwala nam na precyzyjn\u0105 i szybk\u0105 obs\u0142ug\u0119 techniczn\u0105. Dzi\u0119ki temu minimalizujemy czas przestoju Twojego pojazdu, co przek\u0142ada si\u0119 na oszcz\u0119dno\u015b\u0107 czasu i pieni\u0119dzy.<\/p>\n\n            <\/div>\n                        \n    <\/div>\n\n<\/div>\n\n\n<div class=\"wp-block-wanicki-image-with-text image-with-text  image-with-text--reversed \">\n\n    <div class=\"image-with-text__image\">\n                    <div class=\"image-with-text__image-photo\"\n                 style=\"background-image: url(https:\/\/wanicki.pl\/irizar\/wp-content\/uploads\/sites\/12\/2024\/06\/JAZ_610215-1-scaled.jpg)\"><\/div>\n            <\/div>\n\n    <div class=\"image-with-text__info  image-with-text__info--reversed  \">\n                    <div class=\"image-with-text__info-title-wrapper\">\n                <h2 class=\"image-with-text__info-title image-with-text__info-title--big\">DOPASOWANIE<\/h2>\n                                    <\/div>\n                            <div class=\"image-with-text__info-text\">\n                <p><strong>Irizar stawia na zindywidualizowane rozwia\u0328zania. <\/strong><\/p>\n<p>Oferuje swoim klientom s\u0301cis\u0301le dopasowane dzia\u0142ania naprawcze i porady, kto\u0301re przek\u0142adaja\u0328 sie\u0328 na niezawodno\u015b\u0107 pojazd\u00f3w.<\/p>\n<p>Obejmuje to ro\u0301wniez\u0307 zintegrowane zarza\u0328dzanie elektroniczne, rozwia\u0328zania Irizar w zakresie \u0142a\u0328cznos\u0301ci, a takz\u0307e rozwia\u0328zania w obszarze zarza\u0328dzania flota\u0328 i zdalnej diagnostyki, kto\u0301re skutkuja\u0328 znaczna\u0328 redukcja\u0328 zuz\u0307ycia paliwa i emisji spalin.<\/p>\n\n            <\/div>\n                        \n    <\/div>\n\n<\/div>\n\n\n<div class=\"wp-block-wanicki-image-with-text image-with-text \">\n\n    <div class=\"image-with-text__image\">\n                    <div class=\"image-with-text__image-photo\"\n                 style=\"background-image: url(https:\/\/wanicki.pl\/irizar\/wp-content\/uploads\/sites\/12\/2024\/06\/Efficient_3-1-scaled.jpg)\"><\/div>\n            <\/div>\n\n    <div class=\"image-with-text__info  \">\n                    <div class=\"image-with-text__info-title-wrapper\">\n                <h2 class=\"image-with-text__info-title image-with-text__info-title--big\">AUTOKAR WYKONANY NA INDYWIDUALNE ZAM\u00d3WIENIE<\/h2>\n                                    <\/div>\n                            <div class=\"image-with-text__info-text\">\n                <p>Kluczowym wyr\u00f3\u017cnikiem w Irizar jest personalizacja i elastyczno\u015b\u0107 w celu spe\u0142nienia wymaga\u0144 naszych klient\u00f3w.<\/p>\n<p>Zapewniamy niezr\u00f3wnan\u0105 adaptacyjno\u015b\u0107, umo\u017cliwiaj\u0105c klientom konfiguracj\u0119 autokaru i innych opcji wyposa\u017cenia zale\u017cnie od ich potrzeb.<\/p>\n\n            <\/div>\n                        \n    <\/div>\n\n<\/div>\n\n\n<div class=\"wp-block-wanicki-job-form job-form__container\" id=\"\">\n    <div class=\"container job-form\">\n        <div class=\"job-form__info\">\n            <h2 class=\"job-form__info-title\">masz pytanie?<\/h2>\n                    <p class=\"job-form__info-text\">\n                Skontaktuj si\u0119 z nami!\n            <\/p>\n        <\/div>\n        <div class=\"job-form__form\">\n            \n<div class=\"wpcf7 no-js\" id=\"wpcf7-f2086-o1\" lang=\"pl-PL\" dir=\"ltr\" data-wpcf7-id=\"2086\">\n<div class=\"screen-reader-response\"><p role=\"status\" aria-live=\"polite\" aria-atomic=\"true\"><\/p> <ul><\/ul><\/div>\n<form action=\"\/irizar\/wp-json\/wp\/v2\/pages\/16#wpcf7-f2086-o1\" method=\"post\" class=\"wpcf7-form init\" aria-label=\"Formularz kontaktowy\" novalidate=\"novalidate\" data-status=\"init\">\n<fieldset class=\"hidden-fields-container\"><input type=\"hidden\" name=\"_wpcf7\" value=\"2086\" \/><input type=\"hidden\" name=\"_wpcf7_version\" value=\"6.1.5\" \/><input type=\"hidden\" name=\"_wpcf7_locale\" value=\"pl_PL\" \/><input type=\"hidden\" name=\"_wpcf7_unit_tag\" value=\"wpcf7-f2086-o1\" \/><input type=\"hidden\" name=\"_wpcf7_container_post\" value=\"0\" \/><input type=\"hidden\" name=\"_wpcf7_posted_data_hash\" value=\"\" \/><input type=\"hidden\" name=\"_wpcf7_recaptcha_response\" value=\"\" \/>\n<\/fieldset>\n<div class=\"form-columns\">\n\t<p><label><span class=\"form-label\">Imi\u0119*<\/span><span class=\"wpcf7-form-control-wrap\" data-name=\"your-name\"><input size=\"40\" maxlength=\"400\" class=\"wpcf7-form-control wpcf7-text wpcf7-validates-as-required\" aria-required=\"true\" aria-invalid=\"false\" value=\"\" type=\"text\" name=\"your-name\" \/><\/span><\/label><br \/>\n<label><span class=\"form-label\">Nazwisko*<\/span><span class=\"wpcf7-form-control-wrap\" data-name=\"your-surname\"><input size=\"40\" maxlength=\"400\" class=\"wpcf7-form-control wpcf7-text wpcf7-validates-as-required\" aria-required=\"true\" aria-invalid=\"false\" value=\"\" type=\"text\" name=\"your-surname\" \/><\/span><\/label>\n\t<\/p>\n<\/div>\n<div class=\"form-columns\">\n\t<p><label><span class=\"form-label\">Email*<\/span><span class=\"wpcf7-form-control-wrap\" data-name=\"your-email\"><input size=\"40\" maxlength=\"400\" class=\"wpcf7-form-control wpcf7-email wpcf7-validates-as-required wpcf7-text wpcf7-validates-as-email\" aria-required=\"true\" aria-invalid=\"false\" value=\"\" type=\"email\" name=\"your-email\" \/><\/span><\/label><br \/>\n<label><span class=\"form-label\">Numer telefonu*<\/span><span class=\"wpcf7-form-control-wrap\" data-name=\"your-phone\"><input size=\"40\" maxlength=\"400\" class=\"wpcf7-form-control wpcf7-tel wpcf7-validates-as-required wpcf7-text wpcf7-validates-as-tel\" aria-required=\"true\" aria-invalid=\"false\" value=\"\" type=\"tel\" name=\"your-phone\" \/><\/span><\/label>\n\t<\/p>\n<\/div>\n<p><label><span class=\"form-label\">Kod pocztowy*<\/span><span class=\"wpcf7-form-control-wrap\" data-name=\"your-postcode\"><input size=\"40\" maxlength=\"400\" class=\"wpcf7-form-control wpcf7-text wpcf7-validates-as-required\" aria-required=\"true\" aria-invalid=\"false\" value=\"\" type=\"text\" name=\"your-postcode\" \/><\/span><\/label>\n<\/p>\n<div class=\"checkbox-input\" style=\"font-size: 0.75em\">\n\t<p><span class=\"wpcf7-form-control-wrap\" data-name=\"your-acceptance\"><span class=\"wpcf7-form-control wpcf7-acceptance\"><span class=\"wpcf7-list-item\"><input type=\"checkbox\" name=\"your-acceptance\" value=\"1\" aria-invalid=\"false\" \/><\/span><\/span><\/span>\n\t<\/p>\n\t<div>\n\t\t<p>*O\u015bwiadczam, \u017ce zapozna\u0142em si\u0119 z <a href='\/polityka-prywatnosci\/' target=\"_blank\">Polityk\u0105 prywatno\u015bci oraz Regulaminem \u015bwiadczenia us\u0142ug drog\u0105 elektroniczn\u0105<\/a> i akceptuj\u0119 ich tre\u015b\u0107.\n\t\t<\/p>\n\t<\/div>\n<\/div>\n<div class=\"checkbox-input\" style=\"font-size: 0.75em\">\n\t<p><span class=\"wpcf7-form-control-wrap\" data-name=\"your-acceptance-info\"><span class=\"wpcf7-form-control wpcf7-acceptance optional\"><span class=\"wpcf7-list-item\"><input type=\"checkbox\" name=\"your-acceptance-info\" value=\"1\" aria-invalid=\"false\" \/><\/span><\/span><\/span>\n\t<\/p>\n\t<div>\n\t\t<p>Wyra\u017cam zgod\u0119 na przesy\u0142anie informacji handlowej skierowanej za pomoc\u0105 \u015brodk\u00f3w komunikacji elektronicznej oraz na u\u017cywanie telekomunikacyjnych urz\u0105dze\u0144 ko\u0144cowych i automatycznych system\u00f3w wywo\u0142uj\u0105cych dla cel\u00f3w marketingu bezpo\u015bredniego przez Grup\u0119 Wanicki*\n\t\t<\/p>\n\t<\/div>\n<\/div>\n<div style=\"font-size: 0.75em\">\n\t<p>Zgoda obejmuje kontakt za po\u015brednictwem:\n\t<\/p>\n<\/div>\n<div class=\"checkbox-input\" style=\"font-size: 0.75em\">\n\t<p><span class=\"wpcf7-form-control-wrap\" data-name=\"your-acceptance-email\"><span class=\"wpcf7-form-control wpcf7-acceptance optional\"><span class=\"wpcf7-list-item\"><input type=\"checkbox\" name=\"your-acceptance-email\" value=\"1\" aria-invalid=\"false\" \/><\/span><\/span><\/span>\n\t<\/p>\n\t<div>\n\t\t<p>E-mail\n\t\t<\/p>\n\t<\/div>\n<\/div>\n<div class=\"checkbox-input\" style=\"font-size: 0.75em\">\n\t<p><span class=\"wpcf7-form-control-wrap\" data-name=\"your-acceptance-sms\"><span class=\"wpcf7-form-control wpcf7-acceptance optional\"><span class=\"wpcf7-list-item\"><input type=\"checkbox\" name=\"your-acceptance-sms\" value=\"1\" aria-invalid=\"false\" \/><\/span><\/span><\/span>\n\t<\/p>\n\t<div>\n\t\t<p>SMS\n\t\t<\/p>\n\t<\/div>\n<\/div>\n<div class=\"checkbox-input\" style=\"font-size: 0.75em\">\n\t<p><span class=\"wpcf7-form-control-wrap\" data-name=\"your-acceptance-tel\"><span class=\"wpcf7-form-control wpcf7-acceptance optional\"><span class=\"wpcf7-list-item\"><input type=\"checkbox\" name=\"your-acceptance-tel\" value=\"1\" aria-invalid=\"false\" \/><\/span><\/span><\/span>\n\t<\/p>\n\t<div>\n\t\t<p>Kontakt telefoniczny\n\t\t<\/p>\n\t<\/div>\n<\/div>\n<div style=\"font-size: 0.75em\">\n\t<p>*przez Grup\u0119 Wanicki rozumie si\u0119 nast\u0119puj\u0105ce sp\u00f3\u0142ki: Firma Wanicki sp. z o.o. z siedzib\u0105 w Mogilanach, ul. My\u015blenicka 19, 32-031 Mogilany, KRS: 0000214618; Wanicki Serwis sp. z o.o. z siedzib\u0105 w Mogilanach, ul. My\u015blenicka 19, 32.-031 Mogilany, KRS: 0000225703, MW Wanicki sp. z o.o. z siedzib\u0105 w Mogilanach, ul. My\u015blenicka 19, 32.-031 Mogilany, KRS: 0000290954; BW Wanicki sp. z o.o. z siedzib\u0105 w Mogilanach, ul. My\u015blenicka 19, 32.-031 Mogilany, KRS: 0000277732; SW Wanicki sp. z o.o. z siedzib\u0105 w Mogilanach, ul. My\u015blenicka 19, 32.-031 Mogilany, KRS: 0000318232; Nedpol Truck Service sp. z o.o. z siedzib\u0105 w Romanowie, Roman\u00f3w 10b, 42-260 Roman\u00f3w, KRS: 0000062292; WW Wanicki sp. z o.o. z siedzib\u0105 w Trzcianie, Trzciana 162, 36-071 Trzciana, KRS: 0000214811; PT Wanicki sp. z o.o. z siedzib\u0105 w Mogilanach, ul. My\u015blenicka 19, 32.-031 Mogilany, KRS: 0001069064; Wanicki Rental sp. z o.o. z siedzib\u0105 w Mogilanach, ul. My\u015blenicka 19, 32.-031 Mogilany, KRS: 0000997992.\n\t<\/p>\n<\/div>\n<p><input class=\"wpcf7-form-control wpcf7-submit has-spinner\" type=\"submit\" value=\"Prosz\u0119 o kontakt\" \/>\n<\/p><div class=\"wpcf7-response-output\" aria-hidden=\"true\"><\/div>\n<\/form>\n<\/div>\n        <\/div>\n    <\/div>\n<\/div>\n","protected":false},"excerpt":{"rendered":"","protected":false},"author":1,"featured_media":0,"parent":0,"menu_order":0,"comment_status":"closed","ping_status":"closed","template":"","meta":{"_acf_changed":false,"_seopress_robots_primary_cat":"","_seopress_titles_title":"O nas - Irizar - Wanicki","_seopress_titles_desc":"Wanicki - dealer Irizar \u2705Polska firma z polskim kapita\u0142em \u2705 Na rynku od 1991 roku \u2705 Kompleksowa oferta dla bran\u017cy TLS \u2705 Poznaj nas!","_seopress_robots_index":"","inline_featured_image":false,"footnotes":""},"class_list":["post-16","page","type-page","status-publish","hentry"],"acf":[],"_links":{"self":[{"href":"https:\/\/wanicki.pl\/irizar\/wp-json\/wp\/v2\/pages\/16","targetHints":{"allow":["GET"]}}],"collection":[{"href":"https:\/\/wanicki.pl\/irizar\/wp-json\/wp\/v2\/pages"}],"about":[{"href":"https:\/\/wanicki.pl\/irizar\/wp-json\/wp\/v2\/types\/page"}],"author":[{"embeddable":true,"href":"https:\/\/wanicki.pl\/irizar\/wp-json\/wp\/v2\/users\/1"}],"replies":[{"embeddable":true,"href":"https:\/\/wanicki.pl\/irizar\/wp-json\/wp\/v2\/comments?post=16"}],"version-history":[{"count":78,"href":"https:\/\/wanicki.pl\/irizar\/wp-json\/wp\/v2\/pages\/16\/revisions"}],"predecessor-version":[{"id":2195,"href":"https:\/\/wanicki.pl\/irizar\/wp-json\/wp\/v2\/pages\/16\/revisions\/2195"}],"wp:attachment":[{"href":"https:\/\/wanicki.pl\/irizar\/wp-json\/wp\/v2\/media?parent=16"}],"curies":[{"name":"wp","href":"https:\/\/api.w.org\/{rel}","templated":true}]}}