{"id":2112,"date":"2024-07-01T11:09:54","date_gmt":"2024-07-01T09:09:54","guid":{"rendered":"https:\/\/wanicki.pl\/irizar\/?page_id=2112"},"modified":"2024-12-15T16:32:02","modified_gmt":"2024-12-15T15:32:02","slug":"ubezpieczenie","status":"publish","type":"page","link":"https:\/\/wanicki.pl\/irizar\/ubezpieczenie\/","title":{"rendered":"Ubezpieczenie"},"content":{"rendered":"<div class=\"wp-block-wanicki-page-hero-header page-hero-header\">\n    <div class=\"page-hero-header__image page-hero-header__image--desktop\"\n          style=\"background-image: url(https:\/\/wanicki.pl\/irizar\/wp-content\/uploads\/sites\/12\/2024\/07\/JZA_24692-cbfad699.webp)\" ><\/div>\n    <div class=\"page-hero-header__image page-hero-header__image--mobile\"\n          style=\"background-image: url(https:\/\/wanicki.pl\/irizar\/wp-content\/uploads\/sites\/12\/2024\/07\/JZA_24692-cbfad699.webp)\"\n            >\n    <\/div>\n    <div class=\"page-hero-header__container container\">\n        <h1 class=\"page-hero-header__title\"><strong>UBEZPIECZENIE<\/strong><\/h1>\n                    <div class=\"page-hero-header__subtitle\"><p>Twoje Bezpiecze\u0144stwo \u2013 nasz Priorytet!<\/p>\n<p>&nbsp;<\/p>\n<\/div>\n                    <\/div>\n<\/div>\n\n\n<div class=\"wp-block-wanicki-spacer spacer \" style=\"--height: 80px;  --xl-height: 80px; --lg-height: 80px; --md-height: 80px; --sm-height: 80px; --xs-height: 80px;\">\n<\/div>\n\n\n<div class=\"wp-block-wanicki-image-with-text image-with-text  image-with-text--reversed \">\n\n    <div class=\"image-with-text__image\">\n                    <div class=\"image-with-text__image-photo\"\n                 style=\"background-image: url(https:\/\/wanicki.pl\/irizar\/wp-content\/uploads\/sites\/12\/2024\/06\/JAZ_610215-1-scaled.jpg)\"><\/div>\n            <\/div>\n\n    <div class=\"image-with-text__info  image-with-text__info--reversed  \">\n                    <div class=\"image-with-text__info-title-wrapper\">\n                <h2 class=\"image-with-text__info-title\">Kompleksowa Ochrona Twoich Pojazd\u00f3w<\/h2>\n                                    <\/div>\n                            <div class=\"image-with-text__info-text\">\n                <p><strong>Dbaj\u0105c o bezpiecze\u0144stwo i spok\u00f3j naszych klient\u00f3w, oferujemy kompleksowe ubezpieczenia dla autokar\u00f3w i autobus\u00f3w.\u00a0<\/strong><\/p>\n<p>&nbsp;<\/p>\n<p>Nasze ubezpieczenia obejmuj\u0105 pe\u0142en zakres ryzyk, w tym:<\/p>\n<ul>\n<li><strong>OC (Odpowiedzialno\u015b\u0107 Cywilna)<\/strong>: Ochrona przed roszczeniami os\u00f3b trzecich za szkody spowodowane przez pojazd.<\/li>\n<li><strong>AC (Autocasco)<\/strong>: Ochrona przed uszkodzeniami pojazdu, kradzie\u017c\u0105, wandalizmem oraz innymi nieprzewidzianymi zdarzeniami.<\/li>\n<li><strong>NNW (Nast\u0119pstwa Nieszcz\u0119\u015bliwych Wypadk\u00f3w)<\/strong>: Ubezpieczenie pasa\u017cer\u00f3w i kierowc\u00f3w na wypadek nieszcz\u0119\u015bliwych wypadk\u00f3w.<\/li>\n<li><strong>Assistance<\/strong>: Pomoc drogowa, techniczna i medyczna dost\u0119pna 24\/7, zar\u00f3wno w kraju, jak i za granic\u0105.<\/li>\n<li><strong>Ubezpieczenie Szyb<\/strong>: Ochrona przed uszkodzeniami szyb pojazdu.<\/li>\n<\/ul>\n\n            <\/div>\n                        \n    <\/div>\n\n<\/div>\n\n\n<div class=\"wp-block-wanicki-image-with-text image-with-text \">\n\n    <div class=\"image-with-text__image\">\n                    <div class=\"image-with-text__image-photo\"\n                 style=\"background-image: url(https:\/\/wanicki.pl\/irizar\/wp-content\/uploads\/sites\/12\/2024\/04\/i4-galeria8_Easy-Resize.com-1.jpg)\"><\/div>\n            <\/div>\n\n    <div class=\"image-with-text__info  \">\n                    <div class=\"image-with-text__info-title-wrapper\">\n                <h2 class=\"image-with-text__info-title\">Dlaczego Warto Nas Wybra\u0107?<\/h2>\n                                    <\/div>\n                            <div class=\"image-with-text__info-text\">\n                <ul>\n<li><span style=\"font-size: 14pt\"><strong>Indywidualne Podej\u015bcie<\/strong>: Ka\u017cda oferta ubezpieczeniowa jest dostosowana do specyficznych potrzeb klienta i rodzaju dzia\u0142alno\u015bci.<br \/>\n<\/span><\/li>\n<li><span style=\"font-size: 14pt\"><strong>Konkurencyjne Stawki<\/strong>: Oferujemy atrakcyjne ceny ubezpiecze\u0144, kt\u00f3re nie obci\u0105\u017c\u0105 nadmiernie bud\u017cetu Twojej firmy.\n<p><\/span><\/li>\n<li><span style=\"font-size: 14pt\"><strong>Szybka Obs\u0142uga<\/strong>: Nasz zesp\u00f3\u0142 do\u015bwiadczonych doradc\u00f3w szybko i sprawnie przygotuje ofert\u0119 oraz przeprowadzi Ci\u0119 przez ca\u0142y proces zawarcia polisy.\n<p><\/span><\/li>\n<li><span style=\"font-size: 14pt\"><strong>Pe\u0142ne Wsparcie<\/strong>: Zapewniamy wsparcie w przypadku szkody, pomagaj\u0105c w zg\u0142oszeniu roszczenia i koordynacji napraw.<\/span><\/li>\n<\/ul>\n\n            <\/div>\n                        \n    <\/div>\n\n<\/div>\n\n\n<div class=\"wp-block-wanicki-image-with-text image-with-text  image-with-text--reversed \">\n\n    <div class=\"image-with-text__image\">\n                    <div class=\"image-with-text__image-photo\"\n                 style=\"background-image: url(https:\/\/wanicki.pl\/irizar\/wp-content\/uploads\/sites\/12\/2024\/07\/3-valores-6ddcb660.webp)\"><\/div>\n            <\/div>\n\n    <div class=\"image-with-text__info  image-with-text__info--reversed  \">\n                    <div class=\"image-with-text__info-title-wrapper\">\n                <h2 class=\"image-with-text__info-title\">Zaufaj Naszemu Do\u015bwiadczeniu<\/h2>\n                                    <\/div>\n                            <div class=\"image-with-text__info-text\">\n                <p>Od lat wsp\u00f3\u0142pracujemy z renomowanymi towarzystwami ubezpieczeniowymi, oferuj\u0105c naszym klientom sprawdzone i niezawodne rozwi\u0105zania. Dzi\u0119ki naszemu do\u015bwiadczeniu, mo\u017cesz by\u0107 pewien, \u017ce Twoje autokary i autobusy s\u0105 w dobrych r\u0119kach.<\/p>\n\n            <\/div>\n                        \n    <\/div>\n\n<\/div>\n\n\n<div class=\"wp-block-wanicki-cta-contact cta-contact\">\n    <div class=\"cta-contact__container\">\n        <div class=\"cta-contact__image\"\n              style=\"background-image: url(https:\/\/wanicki.pl\/irizar\/wp-content\/uploads\/sites\/12\/2024\/06\/JAZ_868551-1-scaled.jpg)\"         ><\/div>\n        <div class=\"container cta-contact__content\">\n                            <h2 class=\"cta-contact__title\">Masz pytania?<\/h2>\n                                                <div class=\"cta-contact__departments\">\n                                            <div class=\"cta-contact__department\">\n                                                                                        <h4 class=\"cta-contact__department-title\">\n                                    Rafa\u0142 \u017bmigrodzki\n                                <\/h4>\n                                                                                        <div class=\"cta-contact__department-el\">\n                                    <svg class=\"cta-contact__department-phone\" class=\"feather feather-phone-call\" fill=\"none\" height=\"24\" stroke=\"currentColor\" stroke-linecap=\"round\" stroke-linejoin=\"round\" stroke-width=\"2\" viewBox=\"0 0 24 24\" width=\"24\" xmlns=\"http:\/\/www.w3.org\/2000\/svg\">\n  <path d=\"M15.05 5A5 5 0 0 1 19 8.95M15.05 1A9 9 0 0 1 23 8.94m-1 7.98v3a2 2 0 0 1-2.18 2 19.79 19.79 0 0 1-8.63-3.07 19.5 19.5 0 0 1-6-6 19.79 19.79 0 0 1-3.07-8.67A2 2 0 0 1 4.11 2h3a2 2 0 0 1 2 1.72 12.84 12.84 0 0 0 .7 2.81 2 2 0 0 1-.45 2.11L8.09 9.91a16 16 0 0 0 6 6l1.27-1.27a2 2 0 0 1 2.11-.45 12.84 12.84 0 0 0 2.81.7A2 2 0 0 1 22 16.92z\"\/>\n<\/svg>                                    <a href=\"tel:880 021 264\" class=\"cta-contact__department-link\">\n                                        880 021 264\n                                    <\/a>\n                                <\/div>\n                                                                                        <div class=\"cta-contact__department-el\">\n                                    <svg class=\"cta-contact__department-email\" fill=\"currentColor\" height=\"512\" viewBox=\"0 0 512 512\" width=\"512\" xmlns=\"http:\/\/www.w3.org\/2000\/svg\">\n  <path d=\"M256 64C150 64 64 150 64 256s86 192 192 192 192-86 192-192S362 64 256 64Z\" style=\"fill:none;stroke:#000;stroke-miterlimit:10;stroke-width:32px\"\/>\n  <path style=\"fill:none;stroke:#000;stroke-linecap:round;stroke-linejoin:round;stroke-width:32px\" d=\"M256 128v144h96\"\/>\n<\/svg>                                    <a href=\"mailto::rafal.zmigrodzki@wanicki.pl\" class=\"cta-contact__department-link\">\n                                        rafal.zmigrodzki@wanicki.pl\n                                    <\/a>\n                                <\/div>\n                                                    <\/div>\n                                    <\/div>\n                                <\/div>\n    <\/div>\n<\/div>\n\n\n<div class=\"wp-block-wanicki-job-form job-form__container\" id=\"\">\n    <div class=\"container job-form\">\n        <div class=\"job-form__info\">\n            <h2 class=\"job-form__info-title\">Skontaktuj si\u0119 z nami<\/h2>\n                    <p class=\"job-form__info-text\">\n                Ch\u0119tnie odpowiemy na Twoje pytania!\n            <\/p>\n        <\/div>\n        <div class=\"job-form__form\">\n            \n<div class=\"wpcf7 no-js\" id=\"wpcf7-f2082-o1\" lang=\"pl-PL\" dir=\"ltr\" data-wpcf7-id=\"2082\">\n<div class=\"screen-reader-response\"><p role=\"status\" aria-live=\"polite\" aria-atomic=\"true\"><\/p> <ul><\/ul><\/div>\n<form action=\"\/irizar\/wp-json\/wp\/v2\/pages\/2112#wpcf7-f2082-o1\" method=\"post\" class=\"wpcf7-form init\" aria-label=\"Formularz kontaktowy\" novalidate=\"novalidate\" data-status=\"init\">\n<fieldset class=\"hidden-fields-container\"><input type=\"hidden\" name=\"_wpcf7\" value=\"2082\" \/><input type=\"hidden\" name=\"_wpcf7_version\" value=\"6.1.5\" \/><input type=\"hidden\" name=\"_wpcf7_locale\" value=\"pl_PL\" \/><input type=\"hidden\" name=\"_wpcf7_unit_tag\" value=\"wpcf7-f2082-o1\" \/><input type=\"hidden\" name=\"_wpcf7_container_post\" value=\"0\" \/><input type=\"hidden\" name=\"_wpcf7_posted_data_hash\" value=\"\" \/><input type=\"hidden\" name=\"_wpcf7_recaptcha_response\" value=\"\" \/>\n<\/fieldset>\n<div class=\"form-columns\">\n\t<p><label><span class=\"form-label\">Imi\u0119*<\/span><span class=\"wpcf7-form-control-wrap\" data-name=\"your-name\"><input size=\"40\" maxlength=\"400\" class=\"wpcf7-form-control wpcf7-text wpcf7-validates-as-required\" aria-required=\"true\" aria-invalid=\"false\" value=\"\" type=\"text\" name=\"your-name\" \/><\/span><\/label><br \/>\n<label><span class=\"form-label\">Nazwisko*<\/span><span class=\"wpcf7-form-control-wrap\" data-name=\"your-surname\"><input size=\"40\" maxlength=\"400\" class=\"wpcf7-form-control wpcf7-text wpcf7-validates-as-required\" aria-required=\"true\" aria-invalid=\"false\" value=\"\" type=\"text\" name=\"your-surname\" \/><\/span><\/label>\n\t<\/p>\n<\/div>\n<div class=\"form-columns\">\n\t<p><label><span class=\"form-label\">Email*<\/span><span class=\"wpcf7-form-control-wrap\" data-name=\"your-email\"><input size=\"40\" maxlength=\"400\" class=\"wpcf7-form-control wpcf7-email wpcf7-validates-as-required wpcf7-text wpcf7-validates-as-email\" aria-required=\"true\" aria-invalid=\"false\" value=\"\" type=\"email\" name=\"your-email\" \/><\/span><\/label><br \/>\n<label><span class=\"form-label\">Numer telefonu*<\/span><span class=\"wpcf7-form-control-wrap\" data-name=\"your-phone\"><input size=\"40\" maxlength=\"400\" class=\"wpcf7-form-control wpcf7-tel wpcf7-validates-as-required wpcf7-text wpcf7-validates-as-tel\" aria-required=\"true\" aria-invalid=\"false\" value=\"\" type=\"tel\" name=\"your-phone\" \/><\/span><\/label>\n\t<\/p>\n<\/div>\n<div class=\"form-columns\">\n\t<p><label><span class=\"form-label\">Najbli\u017cszy oddzia\u0142<\/span><span class=\"wpcf7-form-control-wrap\" data-name=\"your-recipient\"><select class=\"wpcf7-form-control wpcf7-select qty qty--select select-input\" aria-invalid=\"false\" name=\"your-recipient\"><option value=\"Wolb\u00f3rz\">Wolb\u00f3rz<\/option><option value=\"Roman\u00f3w\">Roman\u00f3w<\/option><option value=\"Kajetan\u00f3w\">Kajetan\u00f3w<\/option><option value=\"Mogilany\">Mogilany<\/option><option value=\"\u015awidnik\">\u015awidnik<\/option><option value=\"Trzciana\">Trzciana<\/option><option value=\"L\u0119dziny\">L\u0119dziny<\/option><option value=\"Ustro\u0144\">Ustro\u0144<\/option><\/select><\/span><br \/>\n<\/label><br \/>\n<label><span class=\"form-label\">Kod pocztowy*<\/span><span class=\"wpcf7-form-control-wrap\" data-name=\"your-postcode\"><input size=\"40\" maxlength=\"400\" class=\"wpcf7-form-control wpcf7-text wpcf7-validates-as-required\" aria-required=\"true\" aria-invalid=\"false\" value=\"\" type=\"text\" name=\"your-postcode\" \/><\/span><\/label>\n\t<\/p>\n<\/div>\n<div class=\"checkbox-input\" style=\"font-size: 0.75em\">\n\t<p><span class=\"wpcf7-form-control-wrap\" data-name=\"your-acceptance\"><span class=\"wpcf7-form-control wpcf7-acceptance\"><span class=\"wpcf7-list-item\"><input type=\"checkbox\" name=\"your-acceptance\" value=\"1\" aria-invalid=\"false\" \/><\/span><\/span><\/span>\n\t<\/p>\n\t<div>\n\t\t<p>*O\u015bwiadczam, \u017ce zapozna\u0142em si\u0119 z <a href='\/polityka-prywatnosci\/' target=\"_blank\">Polityk\u0105 prywatno\u015bci oraz Regulaminem \u015bwiadczenia us\u0142ug drog\u0105 elektroniczn\u0105<\/a> i akceptuj\u0119 ich tre\u015b\u0107.\n\t\t<\/p>\n\t<\/div>\n<\/div>\n<div class=\"checkbox-input\" style=\"font-size: 0.75em\">\n\t<p><span class=\"wpcf7-form-control-wrap\" data-name=\"your-acceptance-info\"><span class=\"wpcf7-form-control wpcf7-acceptance optional\"><span class=\"wpcf7-list-item\"><input type=\"checkbox\" name=\"your-acceptance-info\" value=\"1\" aria-invalid=\"false\" \/><\/span><\/span><\/span>\n\t<\/p>\n\t<div>\n\t\t<p>Wyra\u017cam zgod\u0119 na przesy\u0142anie informacji handlowej skierowanej za pomoc\u0105 \u015brodk\u00f3w komunikacji elektronicznej oraz na u\u017cywanie telekomunikacyjnych urz\u0105dze\u0144 ko\u0144cowych i automatycznych system\u00f3w wywo\u0142uj\u0105cych dla cel\u00f3w marketingu bezpo\u015bredniego przez Grup\u0119 Wanicki*\n\t\t<\/p>\n\t<\/div>\n<\/div>\n<div style=\"font-size: 0.75em\">\n\t<p>Zgoda obejmuje kontakt za po\u015brednictwem:\n\t<\/p>\n<\/div>\n<div class=\"checkbox-input\" style=\"font-size: 0.75em\">\n\t<p><span class=\"wpcf7-form-control-wrap\" data-name=\"your-acceptance-email\"><span class=\"wpcf7-form-control wpcf7-acceptance optional\"><span class=\"wpcf7-list-item\"><input type=\"checkbox\" name=\"your-acceptance-email\" value=\"1\" aria-invalid=\"false\" \/><\/span><\/span><\/span>\n\t<\/p>\n\t<div>\n\t\t<p>E-mail\n\t\t<\/p>\n\t<\/div>\n<\/div>\n<div class=\"checkbox-input\" style=\"font-size: 0.75em\">\n\t<p><span class=\"wpcf7-form-control-wrap\" data-name=\"your-acceptance-sms\"><span class=\"wpcf7-form-control wpcf7-acceptance optional\"><span class=\"wpcf7-list-item\"><input type=\"checkbox\" name=\"your-acceptance-sms\" value=\"1\" aria-invalid=\"false\" \/><\/span><\/span><\/span>\n\t<\/p>\n\t<div>\n\t\t<p>SMS\n\t\t<\/p>\n\t<\/div>\n<\/div>\n<div class=\"checkbox-input\" style=\"font-size: 0.75em\">\n\t<p><span class=\"wpcf7-form-control-wrap\" data-name=\"your-acceptance-tel\"><span class=\"wpcf7-form-control wpcf7-acceptance optional\"><span class=\"wpcf7-list-item\"><input type=\"checkbox\" name=\"your-acceptance-tel\" value=\"1\" aria-invalid=\"false\" \/><\/span><\/span><\/span>\n\t<\/p>\n\t<div>\n\t\t<p>Kontakt telefoniczny\n\t\t<\/p>\n\t<\/div>\n<\/div>\n<div style=\"font-size: 0.75em\">\n\t<p>*przez Grup\u0119 Wanicki rozumie si\u0119 nast\u0119puj\u0105ce sp\u00f3\u0142ki: Firma Wanicki sp. z o.o. z siedzib\u0105 w Mogilanach, ul. My\u015blenicka 19, 32-031 Mogilany, KRS: 0000214618; Wanicki Serwis sp. z o.o. z siedzib\u0105 w Mogilanach, ul. My\u015blenicka 19, 32.-031 Mogilany, KRS: 0000225703, MW Wanicki sp. z o.o. z siedzib\u0105 w Mogilanach, ul. My\u015blenicka 19, 32.-031 Mogilany, KRS: 0000290954; BW Wanicki sp. z o.o. z siedzib\u0105 w Mogilanach, ul. My\u015blenicka 19, 32.-031 Mogilany, KRS: 0000277732; SW Wanicki sp. z o.o. z siedzib\u0105 w Mogilanach, ul. My\u015blenicka 19, 32.-031 Mogilany, KRS: 0000318232; Nedpol Truck Service sp. z o.o. z siedzib\u0105 w Romanowie, Roman\u00f3w 10b, 42-260 Roman\u00f3w, KRS: 0000062292; WW Wanicki sp. z o.o. z siedzib\u0105 w Trzcianie, Trzciana 162, 36-071 Trzciana, KRS: 0000214811; PT Wanicki sp. z o.o. z siedzib\u0105 w Mogilanach, ul. My\u015blenicka 19, 32.-031 Mogilany, KRS: 0001069064; Wanicki Rental sp. z o.o. z siedzib\u0105 w Mogilanach, ul. My\u015blenicka 19, 32.-031 Mogilany, KRS: 0000997992.\n\t<\/p>\n<\/div>\n<p><input class=\"wpcf7-form-control wpcf7-submit has-spinner\" type=\"submit\" value=\"Prosz\u0119 o kontakt\" \/>\n<\/p><div class=\"wpcf7-response-output\" aria-hidden=\"true\"><\/div>\n<\/form>\n<\/div>\n        <\/div>\n    <\/div>\n<\/div>\n","protected":false},"excerpt":{"rendered":"","protected":false},"author":4,"featured_media":0,"parent":0,"menu_order":0,"comment_status":"closed","ping_status":"closed","template":"","meta":{"_acf_changed":false,"_seopress_robots_primary_cat":"","_seopress_titles_title":"Ubezpieczenie - Irizar - Wanicki","_seopress_titles_desc":"Wanicki - dealer Irizar \u2705 OC  \u2705 AC \u2705 NNW \u2705 Assistance \u2705 Ubezpieczenie Szyb \u2705 Zobacz wi\u0119cej!","_seopress_robots_index":"","inline_featured_image":false,"footnotes":""},"class_list":["post-2112","page","type-page","status-publish","hentry"],"acf":[],"_links":{"self":[{"href":"https:\/\/wanicki.pl\/irizar\/wp-json\/wp\/v2\/pages\/2112","targetHints":{"allow":["GET"]}}],"collection":[{"href":"https:\/\/wanicki.pl\/irizar\/wp-json\/wp\/v2\/pages"}],"about":[{"href":"https:\/\/wanicki.pl\/irizar\/wp-json\/wp\/v2\/types\/page"}],"author":[{"embeddable":true,"href":"https:\/\/wanicki.pl\/irizar\/wp-json\/wp\/v2\/users\/4"}],"replies":[{"embeddable":true,"href":"https:\/\/wanicki.pl\/irizar\/wp-json\/wp\/v2\/comments?post=2112"}],"version-history":[{"count":2,"href":"https:\/\/wanicki.pl\/irizar\/wp-json\/wp\/v2\/pages\/2112\/revisions"}],"predecessor-version":[{"id":2114,"href":"https:\/\/wanicki.pl\/irizar\/wp-json\/wp\/v2\/pages\/2112\/revisions\/2114"}],"wp:attachment":[{"href":"https:\/\/wanicki.pl\/irizar\/wp-json\/wp\/v2\/media?parent=2112"}],"curies":[{"name":"wp","href":"https:\/\/api.w.org\/{rel}","templated":true}]}}