{"id":1163,"date":"2024-04-16T19:58:02","date_gmt":"2024-04-16T17:58:02","guid":{"rendered":"https:\/\/wanicki.pl\/johndeere\/?page_id=1163"},"modified":"2026-04-01T12:11:48","modified_gmt":"2026-04-01T10:11:48","slug":"expert-check","status":"publish","type":"page","link":"https:\/\/wanicki.pl\/johndeere\/expert-check\/","title":{"rendered":"Expert Check"},"content":{"rendered":"<div class=\"wp-block-wanicki-page-hero-header page-hero-header\">\n    <div class=\"page-hero-header__image page-hero-header__image--desktop\"\n          style=\"background-image: url(https:\/\/wanicki.pl\/johndeere\/wp-content\/uploads\/sites\/2\/2024\/05\/r2c016887_LSC-scaled.webp)\" ><\/div>\n    <div class=\"page-hero-header__image page-hero-header__image--mobile\"\n          style=\"background-image: url(https:\/\/wanicki.pl\/johndeere\/wp-content\/uploads\/sites\/2\/2024\/05\/r2c016887_LSC-scaled.webp)\"\n            >\n    <\/div>\n    <div class=\"page-hero-header__container container\">\n        <h1 class=\"page-hero-header__title\">PEWNY SEZON BEZ AWARII DZI\u0118KI <br><strong>EXPERT CHECK W WANICKI!<\/strong><\/h1>\n                    <div class=\"page-hero-header__subtitle\"><p>Wykonanie przegl\u0105du maszyny rolniczej to nie tylko kwestia bezpiecze\u0144stwa, ale tak\u017ce efektywno\u015bci!<\/p>\n<\/div>\n                    <\/div>\n<\/div>\n\n\n<div class=\"wp-block-wanicki-image-with-text image-with-text  image-with-text--reversed \">\n\n    <div class=\"image-with-text__image\">\n                    <div class=\"image-with-text__image-photo\"\n                 style=\"background-image: url(https:\/\/wanicki.pl\/johndeere\/wp-content\/uploads\/sites\/2\/2024\/05\/r2g007977_LSC-1-scaled-e1715016493387.webp)\"><\/div>\n            <\/div>\n\n    <div class=\"image-with-text__info  image-with-text__info--reversed   image-with-text__info--white \">\n                    <div class=\"image-with-text__info-title-wrapper\">\n                <h2 class=\"image-with-text__info-title image-with-text__info-title--big\">EXPERT CHECK<\/h2>\n                                    <\/div>\n                            <div class=\"image-with-text__info-text\">\n                <p><strong>Expert Check to us\u0142uga weryfikacji i diagnozy technicznej maszyn rolniczych marki John Deere. <\/strong><\/p>\n<p>Polega na przeprowadzeniu przez wykwalifikowanego technika szczeg\u00f3\u0142owych test\u00f3w i kontroli, aby upewni\u0107 si\u0119, \u017ce maszyna dzia\u0142a prawid\u0142owo i zgodnie z za\u0142o\u017ceniami producenta. Celem tej us\u0142ugi jest zapewnienie optymalnej wydajno\u015bci i bezpiecze\u0144stwa u\u017cytkowania maszyny.<\/p>\n\n            <\/div>\n                        \n    <\/div>\n\n<\/div>\n\n\n<div class=\"wp-block-wanicki-image-with-text image-with-text \">\n\n    <div class=\"image-with-text__image\">\n                    <div class=\"image-with-text__image-photo\"\n                 style=\"background-image: url(https:\/\/wanicki.pl\/johndeere\/wp-content\/uploads\/sites\/2\/2026\/04\/Projekt-bez-nazwy.png)\"><\/div>\n            <\/div>\n\n    <div class=\"image-with-text__info   image-with-text__info--white \">\n                    <div class=\"image-with-text__info-title-wrapper\">\n                <h2 class=\"image-with-text__info-title image-with-text__info-title--big\">Ci\u0105gniki 7+ (starsze ni\u017c 7 lat)<\/h2>\n                                    <\/div>\n                            <div class=\"image-with-text__info-text\">\n                <p><span data-contrast=\"auto\">Starszy John\u00a0Deere\u00a0nie musi oznacza\u0107 wy\u017cszych koszt\u00f3w serwisu.<\/span><span data-ccp-props=\"{}\">\u00a0<\/span><span data-contrast=\"auto\">Je\u015bli Tw\u00f3j ci\u0105gnik\u00a0<strong>ma 7 lat\u00a0lub wi\u0119cej\u00a0i nie by\u0142 obs\u0142ugiwany w naszych serwisach przez ostatnie 24 miesi\u0105ce<\/strong>, mo\u017cesz skorzysta\u0107 z promocyjnych warunk\u00f3w*:<\/span><\/p>\n<ul>\n<li><b><span data-contrast=\"auto\">180 z\u0142 \/roboczogodzina<\/span><\/b><\/li>\n<li><b><span data-contrast=\"auto\">20% rabatu na cz\u0119\u015bci<\/span><\/b><span data-contrast=\"auto\">.<\/span><span data-ccp-props=\"{}\">\u00a0<\/span><\/li>\n<\/ul>\n<p><span data-contrast=\"auto\">W ramach\u00a0<\/span><span data-contrast=\"auto\">Expert\u00a0Check<\/span><span data-contrast=\"auto\">\u00a0nasi specjali\u015bci wykonaj\u0105 kompleksowy przegl\u0105d maszyny przed sezonem, sprawdzaj\u0105c najwa\u017cniejsze punkty kontrolne, kt\u00f3re maj\u0105 wp\u0142yw na jej sprawno\u015b\u0107 i niezawodno\u015b\u0107.<\/span><span data-ccp-props=\"{}\">\u00a0<\/span><span style=\"font-size: 8pt;\">\u00a0<\/span><\/p>\n<p data-prosemirror-content-type=\"node\" data-prosemirror-node-name=\"paragraph\" data-prosemirror-node-block=\"true\" data-pm-slice=\"1 1 [&quot;bulletList&quot;,{&quot;localId&quot;:null},&quot;listItem&quot;,{&quot;localId&quot;:null}]\"><span style=\"color: #ff0000;\"><strong>!\u00a0 Oferta wa\u017cna<\/strong> <strong>do 31.05.2026r. !<\/strong><\/span><\/p>\n<p data-prosemirror-content-type=\"node\" data-prosemirror-node-name=\"paragraph\" data-prosemirror-node-block=\"true\" data-pm-slice=\"1 1 [&quot;bulletList&quot;,{&quot;localId&quot;:null},&quot;listItem&quot;,{&quot;localId&quot;:null}]\"><span style=\"font-size: 8pt;\">*Dotyczy tylko napraw wykonanych stacjonarnie w naszym serwisie. Transport maszyny do serwisu na koszt klienta.<\/span><\/p>\n\n            <\/div>\n                            <a href=\"https:\/\/wanicki.pl\/johndeere\/wp-content\/uploads\/sites\/2\/2026\/04\/Regulamin-Akcji-Expert-Check-7-JD.pdf\" class=\"btn btn--primary image-with-text__button  btn--custom \"\n                style=\"--custom-color: #367c2b\" >REGULAMIN AKCJI<\/a>\n                \n    <\/div>\n\n<\/div>\n\n\n<div class=\"wp-block-wanicki-image-with-text image-with-text  image-with-text--reversed \">\n\n    <div class=\"image-with-text__image\">\n                    <div class=\"image-with-text__image-photo\"\n                 style=\"background-image: url(https:\/\/wanicki.pl\/johndeere\/wp-content\/uploads\/sites\/2\/2025\/09\/1.png)\"><\/div>\n            <\/div>\n\n    <div class=\"image-with-text__info  image-with-text__info--reversed   image-with-text__info--white \">\n                    <div class=\"image-with-text__info-title-wrapper\">\n                <h2 class=\"image-with-text__info-title image-with-text__info-title--big\">Zadbaj o sw\u00f3j sprz\u0119t dzi\u015b!<\/h2>\n                                    <\/div>\n                            <div class=\"image-with-text__info-text\">\n                <p><strong>Jakie maszyny obejmuje przegl\u0105d Expert Check?<\/strong><\/p>\n<ul>\n<li data-prosemirror-content-type=\"node\" data-prosemirror-node-name=\"listItem\" data-prosemirror-node-block=\"true\">\n<p data-prosemirror-content-type=\"node\" data-prosemirror-node-name=\"paragraph\" data-prosemirror-node-block=\"true\">Ci\u0105gniki serii 6 (od 2012 r. wzwy\u017c)<\/p>\n<\/li>\n<li data-prosemirror-content-type=\"node\" data-prosemirror-node-name=\"listItem\" data-prosemirror-node-block=\"true\">\n<p data-prosemirror-content-type=\"node\" data-prosemirror-node-name=\"paragraph\" data-prosemirror-node-block=\"true\">Ci\u0105gniki serii 6030 (do 2011 r.)<\/p>\n<\/li>\n<li data-prosemirror-content-type=\"node\" data-prosemirror-node-name=\"listItem\" data-prosemirror-node-block=\"true\">\n<p data-prosemirror-content-type=\"node\" data-prosemirror-node-name=\"paragraph\" data-prosemirror-node-block=\"true\">Sieczkarnie serii 8\/9000<\/p>\n<\/li>\n<li data-prosemirror-content-type=\"node\" data-prosemirror-node-name=\"listItem\" data-prosemirror-node-block=\"true\">\n<p data-prosemirror-content-type=\"node\" data-prosemirror-node-name=\"paragraph\" data-prosemirror-node-block=\"true\">Kombajny<\/p>\n<\/li>\n<\/ul>\n<p><span style=\"color: #ff0000;\"><strong>!\u00a0 Oferta wa\u017cna<\/strong> <strong>do 30.04.2026r. !<\/strong><\/span><\/p>\n\n            <\/div>\n                            <a href=\"https:\/\/wanicki.pl\/johndeere\/wp-content\/uploads\/sites\/2\/2025\/10\/Regulamin-Akcji-Expert-Check-23.09.2025-r.pdf\" class=\"btn btn--primary image-with-text__button  btn--custom \"\n                style=\"--custom-color: #367c2b\" >REGULAMIN AKCJI <\/a>\n                \n    <\/div>\n\n<\/div>\n\n\n<div class=\"wp-block-wanicki-image-with-text image-with-text \">\n\n    <div class=\"image-with-text__image\">\n                    <div class=\"image-with-text__image-photo\"\n                 style=\"background-image: url(https:\/\/wanicki.pl\/johndeere\/wp-content\/uploads\/sites\/2\/2025\/09\/2.png)\"><\/div>\n            <\/div>\n\n    <div class=\"image-with-text__info   image-with-text__info--white \">\n                    <div class=\"image-with-text__info-title-wrapper\">\n                <h2 class=\"image-with-text__info-title image-with-text__info-title--big\">Ci\u0105gniki serii 6 &#8211; od 2012r. wzwy\u017c<\/h2>\n                                    <\/div>\n                            <div class=\"image-with-text__info-text\">\n                <p>Przegl\u0105d obejmuje ponad 60 punkt\u00f3w kontrolnych.<\/p>\n<p data-prosemirror-content-type=\"node\" data-prosemirror-node-name=\"paragraph\" data-prosemirror-node-block=\"true\" data-pm-slice=\"1 1 [&quot;bulletList&quot;,{&quot;localId&quot;:null},&quot;listItem&quot;,{&quot;localId&quot;:null}]\"><strong data-prosemirror-content-type=\"mark\" data-prosemirror-mark-name=\"strong\">Cena: 699 PLN netto<\/strong><\/p>\n\n            <\/div>\n                        \n    <\/div>\n\n<\/div>\n\n\n<div class=\"wp-block-wanicki-image-with-text image-with-text  image-with-text--reversed \">\n\n    <div class=\"image-with-text__image\">\n                    <div class=\"image-with-text__image-photo\"\n                 style=\"background-image: url(https:\/\/wanicki.pl\/johndeere\/wp-content\/uploads\/sites\/2\/2025\/09\/3.png)\"><\/div>\n            <\/div>\n\n    <div class=\"image-with-text__info  image-with-text__info--reversed   image-with-text__info--white \">\n                    <div class=\"image-with-text__info-title-wrapper\">\n                <h2 class=\"image-with-text__info-title image-with-text__info-title--big\">Ci\u0105gniki serii 6030 &#8211; do 2011r.<\/h2>\n                                    <\/div>\n                            <div class=\"image-with-text__info-text\">\n                <p data-prosemirror-content-type=\"node\" data-prosemirror-node-name=\"paragraph\" data-prosemirror-node-block=\"true\" data-pm-slice=\"1 1 [&quot;bulletList&quot;,{&quot;localId&quot;:null},&quot;listItem&quot;,{&quot;localId&quot;:null}]\">Przegl\u0105d obejmuje ponad 60 punkt\u00f3w kontrolnych.<\/p>\n<p data-prosemirror-content-type=\"node\" data-prosemirror-node-name=\"paragraph\" data-prosemirror-node-block=\"true\" data-pm-slice=\"1 1 [&quot;bulletList&quot;,{&quot;localId&quot;:null},&quot;listItem&quot;,{&quot;localId&quot;:null}]\"><strong>Cena: 699 PLN netto<\/strong><\/p>\n<p data-prosemirror-content-type=\"node\" data-prosemirror-node-name=\"paragraph\" data-prosemirror-node-block=\"true\" data-pm-slice=\"1 1 [&quot;bulletList&quot;,{&quot;localId&quot;:null},&quot;listItem&quot;,{&quot;localId&quot;:null}]\"><span style=\"color: #ff0000;\"><strong>Uwaga!<\/strong><\/span> Je\u015bli klient zastosuje si\u0119 do zalece\u0144 po przegl\u0105dzie, us\u0142uga wynosi 1 z\u0142.<\/p>\n\n            <\/div>\n                        \n    <\/div>\n\n<\/div>\n\n\n<div class=\"wp-block-wanicki-image-with-text image-with-text \">\n\n    <div class=\"image-with-text__image\">\n                    <div class=\"image-with-text__image-photo\"\n                 style=\"background-image: url(https:\/\/wanicki.pl\/johndeere\/wp-content\/uploads\/sites\/2\/2025\/09\/4.png)\"><\/div>\n            <\/div>\n\n    <div class=\"image-with-text__info   image-with-text__info--white \">\n                    <div class=\"image-with-text__info-title-wrapper\">\n                <h2 class=\"image-with-text__info-title image-with-text__info-title--big\">Sieczkarnie serii 8\/9000<\/h2>\n                                    <\/div>\n                            <div class=\"image-with-text__info-text\">\n                <p data-prosemirror-content-type=\"node\" data-prosemirror-node-name=\"paragraph\" data-prosemirror-node-block=\"true\" data-pm-slice=\"1 1 [&quot;bulletList&quot;,{&quot;localId&quot;:null},&quot;listItem&quot;,{&quot;localId&quot;:null}]\">Przegl\u0105d obejmuje ponad 100 punkt\u00f3w kontrolnych.<\/p>\n<p data-prosemirror-content-type=\"node\" data-prosemirror-node-name=\"paragraph\" data-prosemirror-node-block=\"true\" data-pm-slice=\"1 1 [&quot;bulletList&quot;,{&quot;localId&quot;:null},&quot;listItem&quot;,{&quot;localId&quot;:null}]\">Obejmuje r\u00f3wnie\u017c g\u0142owic\u0119 tn\u0105c\u0105 i kana\u0142 przep\u0142ywu masy.<\/p>\n<p data-prosemirror-content-type=\"node\" data-prosemirror-node-name=\"paragraph\" data-prosemirror-node-block=\"true\" data-pm-slice=\"1 1 [&quot;bulletList&quot;,{&quot;localId&quot;:null},&quot;listItem&quot;,{&quot;localId&quot;:null}]\"><strong>Cena: 1499 PLN netto<\/strong><\/p>\n\n            <\/div>\n                        \n    <\/div>\n\n<\/div>\n\n\n<div class=\"wp-block-wanicki-image-with-text image-with-text  image-with-text--reversed \">\n\n    <div class=\"image-with-text__image\">\n                    <div class=\"image-with-text__image-photo\"\n                 style=\"background-image: url(https:\/\/wanicki.pl\/johndeere\/wp-content\/uploads\/sites\/2\/2025\/09\/5.png)\"><\/div>\n            <\/div>\n\n    <div class=\"image-with-text__info  image-with-text__info--reversed   image-with-text__info--white \">\n                    <div class=\"image-with-text__info-title-wrapper\">\n                <h2 class=\"image-with-text__info-title image-with-text__info-title--big\">KOMBAJNY<\/h2>\n                                    <\/div>\n                            <div class=\"image-with-text__info-text\">\n                <p data-prosemirror-content-type=\"node\" data-prosemirror-node-name=\"paragraph\" data-prosemirror-node-block=\"true\" data-pm-slice=\"1 1 [&quot;bulletList&quot;,{&quot;localId&quot;:null},&quot;listItem&quot;,{&quot;localId&quot;:null}]\">Przegl\u0105d obejmuje ponad 100 punkt\u00f3w kontrolnych.<\/p>\n<p data-prosemirror-content-type=\"node\" data-prosemirror-node-name=\"paragraph\" data-prosemirror-node-block=\"true\" data-pm-slice=\"1 1 [&quot;bulletList&quot;,{&quot;localId&quot;:null},&quot;listItem&quot;,{&quot;localId&quot;:null}]\">Obejmuje r\u00f3wnie\u017c heder.<\/p>\n<p data-prosemirror-content-type=\"node\" data-prosemirror-node-name=\"paragraph\" data-prosemirror-node-block=\"true\" data-pm-slice=\"1 1 [&quot;bulletList&quot;,{&quot;localId&quot;:null},&quot;listItem&quot;,{&quot;localId&quot;:null}]\"><strong>Cena: 999 PLN netto<\/strong><\/p>\n\n            <\/div>\n                        \n    <\/div>\n\n<\/div>\n\n\n<div class=\"wp-block-wanicki-job-form job-form__container\" id=\"\">\n    <div class=\"container job-form\">\n        <div class=\"job-form__info\">\n            <h2 class=\"job-form__info-title\">nIE CZEKAJ! UM\u00d3W SI\u0118 NA PRZEGL\u0104D Expert check!<\/h2>\n                    <p class=\"job-form__info-text\">\n                Wype\u0142nij formularz kontaktowy, a my skontaktujemy si\u0119 z Tob\u0105, najszybciej jak to mo\u017cliwe.\n            <\/p>\n        <\/div>\n        <div class=\"job-form__form\">\n            \n<div class=\"wpcf7 no-js\" id=\"wpcf7-f1928-o1\" lang=\"pl-PL\" dir=\"ltr\" data-wpcf7-id=\"1928\">\n<div class=\"screen-reader-response\"><p role=\"status\" aria-live=\"polite\" aria-atomic=\"true\"><\/p> <ul><\/ul><\/div>\n<form action=\"\/johndeere\/wp-json\/wp\/v2\/pages\/1163#wpcf7-f1928-o1\" method=\"post\" class=\"wpcf7-form init\" aria-label=\"Formularz kontaktowy\" novalidate=\"novalidate\" data-status=\"init\">\n<fieldset class=\"hidden-fields-container\"><input type=\"hidden\" name=\"_wpcf7\" value=\"1928\" \/><input type=\"hidden\" name=\"_wpcf7_version\" value=\"6.1.5\" \/><input type=\"hidden\" name=\"_wpcf7_locale\" value=\"pl_PL\" \/><input type=\"hidden\" name=\"_wpcf7_unit_tag\" value=\"wpcf7-f1928-o1\" \/><input type=\"hidden\" name=\"_wpcf7_container_post\" value=\"0\" \/><input type=\"hidden\" name=\"_wpcf7_posted_data_hash\" value=\"\" \/><input type=\"hidden\" name=\"_wpcf7_recaptcha_response\" value=\"\" \/>\n<\/fieldset>\n<div class=\"form-columns\">\n\t<p><label><span class=\"form-label\">Imi\u0119*<\/span><span class=\"wpcf7-form-control-wrap\" data-name=\"your-name\"><input size=\"40\" maxlength=\"400\" class=\"wpcf7-form-control wpcf7-text wpcf7-validates-as-required\" aria-required=\"true\" aria-invalid=\"false\" value=\"\" type=\"text\" name=\"your-name\" \/><\/span><\/label><br \/>\n<label><span class=\"form-label\">Nazwisko*<\/span><span class=\"wpcf7-form-control-wrap\" data-name=\"your-surname\"><input size=\"40\" maxlength=\"400\" class=\"wpcf7-form-control wpcf7-text\" aria-invalid=\"false\" value=\"\" type=\"text\" name=\"your-surname\" \/><\/span><\/label>\n\t<\/p>\n<\/div>\n<div class=\"form-columns\">\n\t<p><label><span class=\"form-label\">Email*<\/span><span class=\"wpcf7-form-control-wrap\" data-name=\"your-email\"><input size=\"40\" maxlength=\"400\" class=\"wpcf7-form-control wpcf7-email wpcf7-validates-as-required wpcf7-text wpcf7-validates-as-email\" aria-required=\"true\" aria-invalid=\"false\" value=\"\" type=\"email\" name=\"your-email\" \/><\/span><\/label><br \/>\n<label><span class=\"form-label\">Numer telefonu*<\/span><span class=\"wpcf7-form-control-wrap\" data-name=\"your-phone\"><input size=\"40\" maxlength=\"400\" class=\"wpcf7-form-control wpcf7-tel wpcf7-validates-as-required wpcf7-text wpcf7-validates-as-tel\" aria-required=\"true\" aria-invalid=\"false\" value=\"\" type=\"tel\" name=\"your-phone\" \/><\/span><\/label>\n\t<\/p>\n<\/div>\n<div class=\"form-columns\">\n\t<p><label><span class=\"form-label\">Kod pocztowy*<\/span><span class=\"wpcf7-form-control-wrap\" data-name=\"your-postcode\"><input size=\"40\" maxlength=\"400\" class=\"wpcf7-form-control wpcf7-text wpcf7-validates-as-required\" aria-required=\"true\" aria-invalid=\"false\" value=\"\" type=\"text\" name=\"your-postcode\" \/><\/span><\/label>\n\t<\/p>\n<\/div>\n<div class=\"form-columns\">\n\t<p><label><span class=\"form-label\">INTERESUJE MNIE EXPERT CHECK<\/span><span class=\"wpcf7-form-control-wrap\" data-name=\"your-category\"><select class=\"wpcf7-form-control wpcf7-select wpcf7-validates-as-required qty qty--select select-input\" aria-required=\"true\" aria-invalid=\"false\" name=\"your-category\"><option value=\"Ci\u0105gniki 7+ (starsze ni\u017c 7 lat)\">Ci\u0105gniki 7+ (starsze ni\u017c 7 lat)<\/option><option value=\"Ci\u0105gniki serii 6 (od 2012 r. wzwy\u017c)\">Ci\u0105gniki serii 6 (od 2012 r. wzwy\u017c)<\/option><option value=\"Ci\u0105gniki serii 6030 (do 2011 r.)\">Ci\u0105gniki serii 6030 (do 2011 r.)<\/option><option value=\"Sieczkarnie serii 8\/9000\">Sieczkarnie serii 8\/9000<\/option><option value=\"Kombajny\">Kombajny<\/option><\/select><\/span><br \/>\n<\/label>\n\t<\/p>\n\t<div class=\"checkbox-input\" style=\"font-size: 0.75em\">\n\t\t<p>        <span class=\"wpcf7-form-control-wrap\" data-name=\"checkall-69db3d99c313a\">\r\n            <span class=\"wpcf7-form-control wpcf7-acceptance optional\">\r\n                <span class=\"wpcf7-list-item\">\r\n                    <input type=\"checkbox\" name=\"checkall-69db3d99c313a\" aria-invalid=\"false\" id=\"checkall-69db3d99c313a\" \/>\r\n                <\/span>\r\n            <\/span>\r\n        <\/span>\r\n        <div>\r\n            <p>\r\n                Zaznacz wszystkie pola            <\/p>\r\n        <\/div>\r\n    \n\t\t<\/p>\n\t<\/div>\n\t<div class=\"checkbox-input\" style=\"font-size: 0.75em\">\n\t\t<p><span class=\"wpcf7-form-control-wrap\" data-name=\"your-acceptance\"><span class=\"wpcf7-form-control wpcf7-acceptance\"><span class=\"wpcf7-list-item\"><input type=\"checkbox\" name=\"your-acceptance\" value=\"1\" aria-invalid=\"false\" \/><\/span><\/span><\/span>\n\t\t<\/p>\n\t\t<div>\n\t\t\t<p>*O\u015bwiadczam, \u017ce zapozna\u0142em si\u0119 z <a href='\/polityka-prywatnosci\/' target=\"_blank\">Polityk\u0105 prywatno\u015bci oraz Regulaminem \u015bwiadczenia us\u0142ug drog\u0105 elektroniczn\u0105<\/a> i akceptuj\u0119 ich tre\u015b\u0107.\n\t\t\t<\/p>\n\t\t<\/div>\n\t<\/div>\n\t<div class=\"checkbox-input\" style=\"font-size: 0.75em\">\n\t\t<p><span class=\"wpcf7-form-control-wrap\" data-name=\"your-acceptance-info\"><span class=\"wpcf7-form-control wpcf7-acceptance optional\"><span class=\"wpcf7-list-item\"><input type=\"checkbox\" name=\"your-acceptance-info\" value=\"1\" aria-invalid=\"false\" \/><\/span><\/span><\/span>\n\t\t<\/p>\n\t\t<div>\n\t\t\t<p>Wyra\u017cam zgod\u0119 na przesy\u0142anie informacji handlowej skierowanej za pomoc\u0105 \u015brodk\u00f3w komunikacji elektronicznej oraz na u\u017cywanie telekomunikacyjnych urz\u0105dze\u0144 ko\u0144cowych i automatycznych system\u00f3w wywo\u0142uj\u0105cych dla cel\u00f3w marketingu bezpo\u015bredniego przez Grup\u0119 Wanicki*\n\t\t\t<\/p>\n\t\t<\/div>\n\t<\/div>\n\t<div style=\"font-size: 0.75em\">\n\t\t<p>Zgoda obejmuje kontakt za po\u015brednictwem:\n\t\t<\/p>\n\t<\/div>\n\t<div class=\"checkbox-input\" style=\"font-size: 0.75em\">\n\t\t<p><span class=\"wpcf7-form-control-wrap\" data-name=\"your-acceptance-email\"><span class=\"wpcf7-form-control wpcf7-acceptance optional\"><span class=\"wpcf7-list-item\"><input type=\"checkbox\" name=\"your-acceptance-email\" value=\"1\" aria-invalid=\"false\" \/><\/span><\/span><\/span>\n\t\t<\/p>\n\t\t<div>\n\t\t\t<p>E-mail\n\t\t\t<\/p>\n\t\t<\/div>\n\t<\/div>\n\t<div class=\"checkbox-input\" style=\"font-size: 0.75em\">\n\t\t<p><span class=\"wpcf7-form-control-wrap\" data-name=\"your-acceptance-sms\"><span class=\"wpcf7-form-control wpcf7-acceptance optional\"><span class=\"wpcf7-list-item\"><input type=\"checkbox\" name=\"your-acceptance-sms\" value=\"1\" aria-invalid=\"false\" \/><\/span><\/span><\/span>\n\t\t<\/p>\n\t\t<div>\n\t\t\t<p>SMS\n\t\t\t<\/p>\n\t\t<\/div>\n\t<\/div>\n\t<div class=\"checkbox-input\" style=\"font-size: 0.75em\">\n\t\t<p><span class=\"wpcf7-form-control-wrap\" data-name=\"your-acceptance-tel\"><span class=\"wpcf7-form-control wpcf7-acceptance optional\"><span class=\"wpcf7-list-item\"><input type=\"checkbox\" name=\"your-acceptance-tel\" value=\"1\" aria-invalid=\"false\" \/><\/span><\/span><\/span>\n\t\t<\/p>\n\t\t<div>\n\t\t\t<p>Kontakt telefoniczny\n\t\t\t<\/p>\n\t\t<\/div>\n\t<\/div>\n\t<div style=\"font-size: 0.75em\">\n\t\t<p>*przez Grup\u0119 Wanicki rozumie si\u0119 nast\u0119puj\u0105ce sp\u00f3\u0142ki: Firma Wanicki sp. z o.o. z siedzib\u0105 w Mogilanach, ul. My\u015blenicka 19, 32-031 Mogilany, KRS: 0000214618; Wanicki Serwis sp. z o.o. z siedzib\u0105 w Mogilanach, ul. My\u015blenicka 19, 32.-031 Mogilany, KRS: 0000225703, MW Wanicki sp. z o.o. z siedzib\u0105 w Mogilanach, ul. My\u015blenicka 19, 32.-031 Mogilany, KRS: 0000290954; BW Wanicki sp. z o.o. z siedzib\u0105 w Mogilanach, ul. My\u015blenicka 19, 32.-031 Mogilany, KRS: 0000277732; SW Wanicki sp. z o.o. z siedzib\u0105 w Mogilanach, ul. My\u015blenicka 19, 32.-031 Mogilany, KRS: 0000318232; Nedpol Truck Service sp. z o.o. z siedzib\u0105 w Romanowie, Roman\u00f3w 10b, 42-260 Roman\u00f3w, KRS: 0000062292; WW Wanicki sp. z o.o. z siedzib\u0105 w Trzcianie, Trzciana 162, 36-071 Trzciana, KRS: 0000214811; PT Wanicki sp. z o.o. z siedzib\u0105 w Mogilanach, ul. My\u015blenicka 19, 32.-031 Mogilany, KRS: 0001069064; Wanicki Rental sp. z o.o. z siedzib\u0105 w Mogilanach, ul. My\u015blenicka 19, 32.-031 Mogilany, KRS: 0000997992.\n\t\t<\/p>\n\t<\/div>\n\t<p><input class=\"wpcf7-form-control wpcf7-submit has-spinner\" type=\"submit\" value=\"Prosz\u0119 o kontakt\" \/>\n\t<\/p>\n<\/div><div class=\"wpcf7-response-output\" aria-hidden=\"true\"><\/div>\n<\/form>\n<\/div>\n        <\/div>\n    <\/div>\n<\/div>\n","protected":false},"excerpt":{"rendered":"","protected":false},"author":1,"featured_media":0,"parent":0,"menu_order":0,"comment_status":"closed","ping_status":"closed","template":"","meta":{"_acf_changed":false,"_seopress_robots_primary_cat":"","_seopress_titles_title":"Expert Check - John Deere - Wanicki","_seopress_titles_desc":"Wanicki - dealer John Deere \u2705 Autoryzowany serwis John Deere \u2705 Weryfikacja i diagnoza techniczna \u2705 Przygotuj si\u0119 do sezonu! \u2705Wykonaj Expert Check!","_seopress_robots_index":"","inline_featured_image":false,"footnotes":""},"class_list":["post-1163","page","type-page","status-publish","hentry"],"acf":[],"_links":{"self":[{"href":"https:\/\/wanicki.pl\/johndeere\/wp-json\/wp\/v2\/pages\/1163","targetHints":{"allow":["GET"]}}],"collection":[{"href":"https:\/\/wanicki.pl\/johndeere\/wp-json\/wp\/v2\/pages"}],"about":[{"href":"https:\/\/wanicki.pl\/johndeere\/wp-json\/wp\/v2\/types\/page"}],"author":[{"embeddable":true,"href":"https:\/\/wanicki.pl\/johndeere\/wp-json\/wp\/v2\/users\/1"}],"replies":[{"embeddable":true,"href":"https:\/\/wanicki.pl\/johndeere\/wp-json\/wp\/v2\/comments?post=1163"}],"version-history":[{"count":53,"href":"https:\/\/wanicki.pl\/johndeere\/wp-json\/wp\/v2\/pages\/1163\/revisions"}],"predecessor-version":[{"id":5336,"href":"https:\/\/wanicki.pl\/johndeere\/wp-json\/wp\/v2\/pages\/1163\/revisions\/5336"}],"wp:attachment":[{"href":"https:\/\/wanicki.pl\/johndeere\/wp-json\/wp\/v2\/media?parent=1163"}],"curies":[{"name":"wp","href":"https:\/\/api.w.org\/{rel}","templated":true}]}}