{"id":2990,"date":"2024-10-29T15:37:38","date_gmt":"2024-10-29T14:37:38","guid":{"rendered":"https:\/\/wanicki.pl\/johndeere\/?page_id=2990"},"modified":"2025-01-20T11:18:03","modified_gmt":"2025-01-20T10:18:03","slug":"alternatives","status":"publish","type":"page","link":"https:\/\/wanicki.pl\/johndeere\/alternatives\/","title":{"rendered":"Alternatives"},"content":{"rendered":"<div class=\"wp-block-wanicki-page-hero-header page-hero-header\">\n    <div class=\"page-hero-header__image page-hero-header__image--desktop\"\n          style=\"background-image: url(https:\/\/wanicki.pl\/johndeere\/wp-content\/uploads\/sites\/2\/2024\/10\/gotowe1.png)\" ><\/div>\n    <div class=\"page-hero-header__image page-hero-header__image--mobile\"\n          style=\"background-image: url(https:\/\/wanicki.pl\/johndeere\/wp-content\/uploads\/sites\/2\/2024\/10\/gotowe3.png)\"\n         >\n    <\/div>\n    <div class=\"page-hero-header__container container\">\n        <h1 class=\"page-hero-header__title\">Dobrze mie\u0107 <br><strong>ALTERNATYW\u0118!<\/strong><\/h1>\n                    <div class=\"page-hero-header__subtitle\"><p><strong>Alternatives by John Deere<\/strong> to najlepszy wyb\u00f3r <strong>cz\u0119\u015bci<\/strong> zamiennych <strong>certyfikowanych do<\/strong><br \/>\n<strong>maszyn u\u017cywanych mniej intensywnie ni\u017c sprz\u0119t podstawowy<\/strong> oraz <strong>maszyn starszych<\/strong>.<\/p>\n<p>Te konkurencyjne cenowo podzespo\u0142y przechodz\u0105 proces <strong>certyfikacji John Deere,<\/strong> kt\u00f3ry potwierdza,<br \/>\n\u017ce zawsze b\u0119d\u0105 pasowa\u0107 lepiej ni\u017c cz\u0119\u015bci innych producent\u00f3w.<\/p>\n<\/div>\n                    <\/div>\n<\/div>\n\n\n<div class=\"wp-block-wanicki-image-with-text image-with-text  image-with-text--reversed \">\n\n    <div class=\"image-with-text__image\">\n                    <div class=\"image-with-text__image-photo\"\n                 style=\"background-image: url(https:\/\/wanicki.pl\/johndeere\/wp-content\/uploads\/sites\/2\/2024\/10\/r2g047274_LSC-scaled-e1730212796850.webp)\"><\/div>\n            <\/div>\n\n    <div class=\"image-with-text__info  image-with-text__info--reversed   image-with-text__info--white \">\n                    <div class=\"image-with-text__info-title-wrapper\">\n                <h2 class=\"image-with-text__info-title image-with-text__info-title--big\">Co obejmuje?<\/h2>\n                                    <\/div>\n                            <div class=\"image-with-text__info-text\">\n                <p>Ponad <strong>2500<\/strong> <strong>certyfikowanych, alternatywnych<\/strong><br \/>\n<strong>cz\u0119\u015bci do maszyn<\/strong> John Deere, wsr\u00f3d nich:<\/p>\n<ul>\n<li>filtry<\/li>\n<li>sprz\u0119g\u0142a<\/li>\n<li>elementy uk\u0142adu hydraulicznego<\/li>\n<li>akumulatory<\/li>\n<li>elementy o\u015bwietlenia<\/li>\n<li>uszczelki<\/li>\n<li>elementy uk\u0142adu elektrycznego<\/li>\n<li>paski<\/li>\n<\/ul>\n\n            <\/div>\n                        \n    <\/div>\n\n<\/div>\n\n\n\n<div style=\"height:20px\" aria-hidden=\"true\" class=\"wp-block-spacer\"><\/div>\n\n\n\n<figure class=\"wp-block-embed is-type-video is-provider-youtube wp-block-embed-youtube wp-embed-aspect-16-9 wp-has-aspect-ratio\"><div class=\"wp-block-embed__wrapper\">\n<iframe loading=\"lazy\" title=\"Alternatives by John Deere \u2013 Zamienniki godne uwagi | Wanicki Agro\" width=\"500\" height=\"281\" src=\"https:\/\/www.youtube.com\/embed\/pWfROTUjh-U?feature=oembed\" frameborder=\"0\" allow=\"accelerometer; autoplay; clipboard-write; encrypted-media; gyroscope; picture-in-picture; web-share\" referrerpolicy=\"strict-origin-when-cross-origin\" allowfullscreen><\/iframe>\n<\/div><\/figure>\n\n\n\n<div style=\"height:20px\" aria-hidden=\"true\" class=\"wp-block-spacer\"><\/div>\n\n\n<div class=\"wp-block-wanicki-image-with-text image-with-text \">\n\n    <div class=\"image-with-text__image\">\n                    <div class=\"image-with-text__image-photo\"\n                 style=\"background-image: url(https:\/\/wanicki.pl\/johndeere\/wp-content\/uploads\/sites\/2\/2024\/10\/r2g081673_LSC-scaled-e1730195825805.webp)\"><\/div>\n            <\/div>\n\n    <div class=\"image-with-text__info   image-with-text__info--white \">\n                    <div class=\"image-with-text__info-title-wrapper\">\n                <h2 class=\"image-with-text__info-title image-with-text__info-title--big\">Jako\u015b\u0107, na kt\u00f3r\u0105 zas\u0142ugujesz!<\/h2>\n                                    <\/div>\n                            <div class=\"image-with-text__info-text\">\n                <p><span style=\"font-size: 12pt\">Cz\u0119\u015bci <strong>Alternatives by John Deere<\/strong> zapewniaj\u0105 wydajno\u015b\u0107, jakiej mo\u017cna oczekiwa\u0107 od marki John Deere i s\u0105 obj\u0119te <strong>12-miesi\u0119czn\u0105 gwarancj\u0105.<\/strong><\/span><\/p>\n<p><span style=\"font-size: 12pt\">Produkty <strong>Alternatives by John Deere <\/strong>charakteryzuj\u0105 si\u0119 doskona\u0142ym stosunkiem <strong>jako\u015bci <\/strong><strong>do ceny.<\/strong><\/span><\/p>\n\n            <\/div>\n                            <a href=\"tel:+48732059056\" class=\"btn btn--primary image-with-text__button  btn--custom \"\n                style=\"--custom-color: #367c2b\" >ZADZWO\u0143<\/a>\n                \n    <\/div>\n\n<\/div>\n\n\n<div class=\"wp-block-wanicki-job-form job-form__container\" id=\"\">\n    <div class=\"container job-form\">\n        <div class=\"job-form__info\">\n            <h2 class=\"job-form__info-title\">Chcesz dowiedzie\u0107 si\u0119 wi\u0119cej? <\/h2>\n                    <p class=\"job-form__info-text\">\n                Wype\u0142nij formularz kontaktowy, a my skontaktujemy si\u0119 z Tob\u0105 najszybciej jak to mo\u017cliwe!\n            <\/p>\n        <\/div>\n        <div class=\"job-form__form\">\n            \n<div class=\"wpcf7 no-js\" id=\"wpcf7-f3016-o1\" lang=\"pl-PL\" dir=\"ltr\" data-wpcf7-id=\"3016\">\n<div class=\"screen-reader-response\"><p role=\"status\" aria-live=\"polite\" aria-atomic=\"true\"><\/p> <ul><\/ul><\/div>\n<form action=\"\/johndeere\/wp-json\/wp\/v2\/pages\/2990#wpcf7-f3016-o1\" method=\"post\" class=\"wpcf7-form init\" aria-label=\"Formularz kontaktowy\" novalidate=\"novalidate\" data-status=\"init\">\n<fieldset class=\"hidden-fields-container\"><input type=\"hidden\" name=\"_wpcf7\" value=\"3016\" \/><input type=\"hidden\" name=\"_wpcf7_version\" value=\"6.1.5\" \/><input type=\"hidden\" name=\"_wpcf7_locale\" value=\"pl_PL\" \/><input type=\"hidden\" name=\"_wpcf7_unit_tag\" value=\"wpcf7-f3016-o1\" \/><input type=\"hidden\" name=\"_wpcf7_container_post\" value=\"0\" \/><input type=\"hidden\" name=\"_wpcf7_posted_data_hash\" value=\"\" \/><input type=\"hidden\" name=\"_wpcf7_recaptcha_response\" value=\"\" \/>\n<\/fieldset>\n<div class=\"form-columns\">\n\t<p><label><span class=\"form-label\">Imi\u0119 i Nazwisko*<\/span><span class=\"wpcf7-form-control-wrap\" data-name=\"your-name\"><input size=\"40\" maxlength=\"400\" class=\"wpcf7-form-control wpcf7-text wpcf7-validates-as-required\" aria-required=\"true\" aria-invalid=\"false\" value=\"\" type=\"text\" name=\"your-name\" \/><\/span><\/label><br \/>\n<label><span class=\"form-label\">Email*<\/span><span class=\"wpcf7-form-control-wrap\" data-name=\"your-email\"><input size=\"40\" maxlength=\"400\" class=\"wpcf7-form-control wpcf7-email wpcf7-validates-as-required wpcf7-text wpcf7-validates-as-email\" aria-required=\"true\" aria-invalid=\"false\" value=\"\" type=\"email\" name=\"your-email\" \/><\/span><\/label>\n\t<\/p>\n<\/div>\n<div class=\"form-columns\">\n\t<p><label><span class=\"form-label\">Numer telefonu*<\/span><span class=\"wpcf7-form-control-wrap\" data-name=\"your-phone\"><input size=\"40\" maxlength=\"400\" class=\"wpcf7-form-control wpcf7-tel wpcf7-validates-as-required wpcf7-text wpcf7-validates-as-tel\" aria-required=\"true\" aria-invalid=\"false\" value=\"\" type=\"tel\" name=\"your-phone\" \/><\/span><\/label><br \/>\n<label><span class=\"form-label\">Kod pocztowy*<\/span><span class=\"wpcf7-form-control-wrap\" data-name=\"your-postcode\"><input size=\"40\" maxlength=\"400\" class=\"wpcf7-form-control wpcf7-text wpcf7-validates-as-required\" aria-required=\"true\" aria-invalid=\"false\" value=\"\" type=\"text\" name=\"your-postcode\" \/><\/span><\/label>\n\t<\/p>\n<\/div>\n<div class=\"checkbox-input\" style=\"font-size: 0.75em\">\n\t<p>        <span class=\"wpcf7-form-control-wrap\" data-name=\"checkall-69f63f731c214\">\r\n            <span class=\"wpcf7-form-control wpcf7-acceptance optional\">\r\n                <span class=\"wpcf7-list-item\">\r\n                    <input type=\"checkbox\" name=\"checkall-69f63f731c214\" aria-invalid=\"false\" id=\"checkall-69f63f731c214\" \/>\r\n                <\/span>\r\n            <\/span>\r\n        <\/span>\r\n        <div>\r\n            <p>\r\n                Zaznacz wszystkie pola            <\/p>\r\n        <\/div>\r\n    \n\t<\/p>\n<\/div>\n<div class=\"checkbox-input\" style=\"font-size: 0.75em\">\n\t<p><span class=\"wpcf7-form-control-wrap\" data-name=\"your-acceptance\"><span class=\"wpcf7-form-control wpcf7-acceptance\"><span class=\"wpcf7-list-item\"><input type=\"checkbox\" name=\"your-acceptance\" value=\"1\" aria-invalid=\"false\" \/><\/span><\/span><\/span>\n\t<\/p>\n\t<div>\n\t\t<p>*O\u015bwiadczam, \u017ce zapozna\u0142em si\u0119 z <a href='\/polityka-prywatnosci\/' target=\"_blank\">Polityk\u0105 prywatno\u015bci oraz Regulaminem \u015bwiadczenia us\u0142ug drog\u0105 elektroniczn\u0105<\/a> i akceptuj\u0119 ich tre\u015b\u0107.\n\t\t<\/p>\n\t<\/div>\n<\/div>\n<div class=\"checkbox-input\" style=\"font-size: 0.75em\">\n\t<p><span class=\"wpcf7-form-control-wrap\" data-name=\"your-acceptance-info\"><span class=\"wpcf7-form-control wpcf7-acceptance optional\"><span class=\"wpcf7-list-item\"><input type=\"checkbox\" name=\"your-acceptance-info\" value=\"1\" aria-invalid=\"false\" \/><\/span><\/span><\/span>\n\t<\/p>\n\t<div>\n\t\t<p>Wyra\u017cam zgod\u0119 na przesy\u0142anie informacji handlowej skierowanej za pomoc\u0105 \u015brodk\u00f3w komunikacji elektronicznej oraz na u\u017cywanie telekomunikacyjnych urz\u0105dze\u0144 ko\u0144cowych i automatycznych system\u00f3w wywo\u0142uj\u0105cych dla cel\u00f3w marketingu bezpo\u015bredniego przez Grup\u0119 Wanicki*\n\t\t<\/p>\n\t<\/div>\n<\/div>\n<div style=\"font-size: 0.75em\">\n\t<p>Zgoda obejmuje kontakt za po\u015brednictwem:\n\t<\/p>\n<\/div>\n<div class=\"checkbox-input\" style=\"font-size: 0.75em\">\n\t<p><span class=\"wpcf7-form-control-wrap\" data-name=\"your-acceptance-email\"><span class=\"wpcf7-form-control wpcf7-acceptance optional\"><span class=\"wpcf7-list-item\"><input type=\"checkbox\" name=\"your-acceptance-email\" value=\"1\" aria-invalid=\"false\" \/><\/span><\/span><\/span>\n\t<\/p>\n\t<div>\n\t\t<p>E-mail\n\t\t<\/p>\n\t<\/div>\n<\/div>\n<div class=\"checkbox-input\" style=\"font-size: 0.75em\">\n\t<p><span class=\"wpcf7-form-control-wrap\" data-name=\"your-acceptance-sms\"><span class=\"wpcf7-form-control wpcf7-acceptance optional\"><span class=\"wpcf7-list-item\"><input type=\"checkbox\" name=\"your-acceptance-sms\" value=\"1\" aria-invalid=\"false\" \/><\/span><\/span><\/span>\n\t<\/p>\n\t<div>\n\t\t<p>SMS\n\t\t<\/p>\n\t<\/div>\n<\/div>\n<div class=\"checkbox-input\" style=\"font-size: 0.75em\">\n\t<p><span class=\"wpcf7-form-control-wrap\" data-name=\"your-acceptance-tel\"><span class=\"wpcf7-form-control wpcf7-acceptance optional\"><span class=\"wpcf7-list-item\"><input type=\"checkbox\" name=\"your-acceptance-tel\" value=\"1\" aria-invalid=\"false\" \/><\/span><\/span><\/span>\n\t<\/p>\n\t<div>\n\t\t<p>Kontakt telefoniczny\n\t\t<\/p>\n\t<\/div>\n<\/div>\n<div style=\"font-size: 0.75em\">\n\t<p>*przez Grup\u0119 Wanicki rozumie si\u0119 nast\u0119puj\u0105ce sp\u00f3\u0142ki: Firma Wanicki sp. z o.o. z siedzib\u0105 w Mogilanach, ul. My\u015blenicka 19, 32-031 Mogilany, KRS: 0000214618; Wanicki Serwis sp. z o.o. z siedzib\u0105 w Mogilanach, ul. My\u015blenicka 19, 32.-031 Mogilany, KRS: 0000225703, MW Wanicki sp. z o.o. z siedzib\u0105 w Mogilanach, ul. My\u015blenicka 19, 32.-031 Mogilany, KRS: 0000290954; BW Wanicki sp. z o.o. z siedzib\u0105 w Mogilanach, ul. My\u015blenicka 19, 32.-031 Mogilany, KRS: 0000277732; SW Wanicki sp. z o.o. z siedzib\u0105 w Mogilanach, ul. My\u015blenicka 19, 32.-031 Mogilany, KRS: 0000318232; Nedpol Truck Service sp. z o.o. z siedzib\u0105 w Romanowie, Roman\u00f3w 10b, 42-260 Roman\u00f3w, KRS: 0000062292; WW Wanicki sp. z o.o. z siedzib\u0105 w Trzcianie, Trzciana 162, 36-071 Trzciana, KRS: 0000214811; PT Wanicki sp. z o.o. z siedzib\u0105 w Mogilanach, ul. My\u015blenicka 19, 32.-031 Mogilany, KRS: 0001069064; Wanicki Rental sp. z o.o. z siedzib\u0105 w Mogilanach, ul. My\u015blenicka 19, 32.-031 Mogilany, KRS: 0000997992.\n\t<\/p>\n<\/div>\n<p><input class=\"wpcf7-form-control wpcf7-submit has-spinner\" type=\"submit\" value=\"Prosz\u0119 o kontakt\" \/>\n<\/p><div class=\"wpcf7-response-output\" aria-hidden=\"true\"><\/div>\n<\/form>\n<\/div>\n        <\/div>\n    <\/div>\n<\/div>\n","protected":false},"excerpt":{"rendered":"","protected":false},"author":2,"featured_media":0,"parent":0,"menu_order":0,"comment_status":"closed","ping_status":"closed","template":"","meta":{"_acf_changed":false,"_seopress_robots_primary_cat":"","_seopress_titles_title":"Doradztwo \u017cywieniowe byd\u0142a mlecznego - John Deere - Agro Wanicki","_seopress_titles_desc":"Agro Wanicki - dealer John Deere \u2705 Wspieramy hodowc\u00f3w byd\u0142a mlecznego \u2705 Kompleksowe us\u0142ugi doradztwa \u017cywieniowego dla hodowc\u00f3w byd\u0142a","_seopress_robots_index":"","inline_featured_image":false,"footnotes":""},"class_list":["post-2990","page","type-page","status-publish","hentry"],"acf":[],"_links":{"self":[{"href":"https:\/\/wanicki.pl\/johndeere\/wp-json\/wp\/v2\/pages\/2990","targetHints":{"allow":["GET"]}}],"collection":[{"href":"https:\/\/wanicki.pl\/johndeere\/wp-json\/wp\/v2\/pages"}],"about":[{"href":"https:\/\/wanicki.pl\/johndeere\/wp-json\/wp\/v2\/types\/page"}],"author":[{"embeddable":true,"href":"https:\/\/wanicki.pl\/johndeere\/wp-json\/wp\/v2\/users\/2"}],"replies":[{"embeddable":true,"href":"https:\/\/wanicki.pl\/johndeere\/wp-json\/wp\/v2\/comments?post=2990"}],"version-history":[{"count":24,"href":"https:\/\/wanicki.pl\/johndeere\/wp-json\/wp\/v2\/pages\/2990\/revisions"}],"predecessor-version":[{"id":3589,"href":"https:\/\/wanicki.pl\/johndeere\/wp-json\/wp\/v2\/pages\/2990\/revisions\/3589"}],"wp:attachment":[{"href":"https:\/\/wanicki.pl\/johndeere\/wp-json\/wp\/v2\/media?parent=2990"}],"curies":[{"name":"wp","href":"https:\/\/api.w.org\/{rel}","templated":true}]}}