{"id":3043,"date":"2024-11-07T09:32:04","date_gmt":"2024-11-07T08:32:04","guid":{"rendered":"https:\/\/wanicki.pl\/johndeere\/?page_id=3043"},"modified":"2026-03-04T09:18:57","modified_gmt":"2026-03-04T08:18:57","slug":"pakiet-essentials","status":"publish","type":"page","link":"https:\/\/wanicki.pl\/johndeere\/pakiet-essentials\/","title":{"rendered":"Pakiet Essentials"},"content":{"rendered":"<div class=\"wp-block-wanicki-page-hero-header page-hero-header\">\n    <div class=\"page-hero-header__image page-hero-header__image--desktop\"\n          style=\"background-image: url(https:\/\/wanicki.pl\/johndeere\/wp-content\/uploads\/sites\/2\/2024\/11\/essentialsbaner.png)\" ><\/div>\n    <div class=\"page-hero-header__image page-hero-header__image--mobile\"\n          style=\"background-image: url(https:\/\/wanicki.pl\/johndeere\/wp-content\/uploads\/sites\/2\/2024\/11\/essentialsbaner.png)\"\n         >\n    <\/div>\n    <div class=\"page-hero-header__container container\">\n        <h1 class=\"page-hero-header__title\">POSTAW NA <br><strong>INTELIGENTNE ROLNICTWO<\/strong> <\/h1>\n                    <div class=\"page-hero-header__subtitle\"><p>Skorzystaj z naszych atrakcyjnych pakiet\u00f3w technologii rolnictwa precyzyjnego i wkrocz na nowy &#8211; <strong>INTELIGENTY poziom rolnictwa<\/strong>!.<\/p>\n<\/div>\n                    <\/div>\n<\/div>\n\n\n<div class=\"wp-block-wanicki-job-form job-form__container\" id=\"\">\n    <div class=\"container job-form\">\n        <div class=\"job-form__info\">\n            <h2 class=\"job-form__info-title\">Jeste\u015b zainteresowany\/a naszym pakietem?<\/h2>\n                    <p class=\"job-form__info-text\">\n                Wype\u0142nij formularz kontaktowy, a my skontaktujemy si\u0119 z Tob\u0105 i pomo\u017cemy w wyborze rozwi\u0105zania idealnego dla Twoich potrzeb.\n            <\/p>\n        <\/div>\n        <div class=\"job-form__form\">\n            \n<div class=\"wpcf7 no-js\" id=\"wpcf7-f3058-o1\" lang=\"pl-PL\" dir=\"ltr\" data-wpcf7-id=\"3058\">\n<div class=\"screen-reader-response\"><p role=\"status\" aria-live=\"polite\" aria-atomic=\"true\"><\/p> <ul><\/ul><\/div>\n<form action=\"\/johndeere\/wp-json\/wp\/v2\/pages\/3043#wpcf7-f3058-o1\" method=\"post\" class=\"wpcf7-form init\" aria-label=\"Formularz kontaktowy\" novalidate=\"novalidate\" data-status=\"init\">\n<fieldset class=\"hidden-fields-container\"><input type=\"hidden\" name=\"_wpcf7\" value=\"3058\" \/><input type=\"hidden\" name=\"_wpcf7_version\" value=\"6.1.5\" \/><input type=\"hidden\" name=\"_wpcf7_locale\" value=\"pl_PL\" \/><input type=\"hidden\" name=\"_wpcf7_unit_tag\" value=\"wpcf7-f3058-o1\" \/><input type=\"hidden\" name=\"_wpcf7_container_post\" value=\"0\" \/><input type=\"hidden\" name=\"_wpcf7_posted_data_hash\" value=\"\" \/><input type=\"hidden\" name=\"_wpcf7_recaptcha_response\" value=\"\" \/>\n<\/fieldset>\n<div class=\"form-columns\">\n\t<p><label><span class=\"form-label\">Imi\u0119 i Nazwisko*<\/span><span class=\"wpcf7-form-control-wrap\" data-name=\"your-name\"><input size=\"40\" maxlength=\"400\" class=\"wpcf7-form-control wpcf7-text wpcf7-validates-as-required\" aria-required=\"true\" aria-invalid=\"false\" value=\"\" type=\"text\" name=\"your-name\" \/><\/span><\/label><br \/>\n<label><span class=\"form-label\">Email*<\/span><span class=\"wpcf7-form-control-wrap\" data-name=\"your-email\"><input size=\"40\" maxlength=\"400\" class=\"wpcf7-form-control wpcf7-email wpcf7-validates-as-required wpcf7-text wpcf7-validates-as-email\" aria-required=\"true\" aria-invalid=\"false\" value=\"\" type=\"email\" name=\"your-email\" \/><\/span><\/label>\n\t<\/p>\n<\/div>\n<div class=\"form-columns\">\n\t<p><label><span class=\"form-label\">Numer telefonu*<\/span><span class=\"wpcf7-form-control-wrap\" data-name=\"your-phone\"><input size=\"40\" maxlength=\"400\" class=\"wpcf7-form-control wpcf7-tel wpcf7-validates-as-required wpcf7-text wpcf7-validates-as-tel\" aria-required=\"true\" aria-invalid=\"false\" value=\"\" type=\"tel\" name=\"your-phone\" \/><\/span><\/label><br \/>\n<label><span class=\"form-label\">Kod pocztowy*<\/span><span class=\"wpcf7-form-control-wrap\" data-name=\"your-postcode\"><input size=\"40\" maxlength=\"400\" class=\"wpcf7-form-control wpcf7-text wpcf7-validates-as-required\" aria-required=\"true\" aria-invalid=\"false\" value=\"\" type=\"text\" name=\"your-postcode\" \/><\/span><\/label>\n\t<\/p>\n<\/div>\n<div class=\"checkbox-input\" style=\"font-size: 0.75em\">\n\t<p>        <span class=\"wpcf7-form-control-wrap\" data-name=\"checkall-69dd0678211c6\">\r\n            <span class=\"wpcf7-form-control wpcf7-acceptance optional\">\r\n                <span class=\"wpcf7-list-item\">\r\n                    <input type=\"checkbox\" name=\"checkall-69dd0678211c6\" aria-invalid=\"false\" id=\"checkall-69dd0678211c6\" \/>\r\n                <\/span>\r\n            <\/span>\r\n        <\/span>\r\n        <div>\r\n            <p>\r\n                <br \/>\nZaznacz wszystkie pola            <\/p>\r\n        <\/div>\r\n    \n\t<\/p>\n<\/div>\n<div class=\"checkbox-input\" style=\"font-size: 0.75em\">\n\t<p><span class=\"wpcf7-form-control-wrap\" data-name=\"your-acceptance\"><span class=\"wpcf7-form-control wpcf7-acceptance\"><span class=\"wpcf7-list-item\"><input type=\"checkbox\" name=\"your-acceptance\" value=\"1\" aria-invalid=\"false\" \/><\/span><\/span><\/span>\n\t<\/p>\n\t<div>\n\t\t<p>*O\u015bwiadczam, \u017ce zapozna\u0142em si\u0119 z <a href='\/polityka-prywatnosci\/' target=\"_blank\">Polityk\u0105 prywatno\u015bci oraz Regulaminem \u015bwiadczenia us\u0142ug drog\u0105 elektroniczn\u0105<\/a> i akceptuj\u0119 ich tre\u015b\u0107.\n\t\t<\/p>\n\t<\/div>\n<\/div>\n<div class=\"checkbox-input\" style=\"font-size: 0.75em\">\n\t<p><span class=\"wpcf7-form-control-wrap\" data-name=\"your-acceptance-info\"><span class=\"wpcf7-form-control wpcf7-acceptance optional\"><span class=\"wpcf7-list-item\"><input type=\"checkbox\" name=\"your-acceptance-info\" value=\"1\" aria-invalid=\"false\" \/><\/span><\/span><\/span>\n\t<\/p>\n\t<div>\n\t\t<p>Wyra\u017cam zgod\u0119 na przesy\u0142anie informacji handlowej skierowanej za pomoc\u0105 \u015brodk\u00f3w komunikacji elektronicznej oraz na u\u017cywanie telekomunikacyjnych urz\u0105dze\u0144 ko\u0144cowych i automatycznych system\u00f3w wywo\u0142uj\u0105cych dla cel\u00f3w marketingu bezpo\u015bredniego przez Grup\u0119 Wanicki*\n\t\t<\/p>\n\t<\/div>\n<\/div>\n<div style=\"font-size: 0.75em\">\n\t<p>Zgoda obejmuje kontakt za po\u015brednictwem:\n\t<\/p>\n<\/div>\n<div class=\"checkbox-input\" style=\"font-size: 0.75em\">\n\t<p><span class=\"wpcf7-form-control-wrap\" data-name=\"your-acceptance-email\"><span class=\"wpcf7-form-control wpcf7-acceptance optional\"><span class=\"wpcf7-list-item\"><input type=\"checkbox\" name=\"your-acceptance-email\" value=\"1\" aria-invalid=\"false\" \/><\/span><\/span><\/span>\n\t<\/p>\n\t<div>\n\t\t<p>E-mail\n\t\t<\/p>\n\t<\/div>\n<\/div>\n<div class=\"checkbox-input\" style=\"font-size: 0.75em\">\n\t<p><span class=\"wpcf7-form-control-wrap\" data-name=\"your-acceptance-sms\"><span class=\"wpcf7-form-control wpcf7-acceptance optional\"><span class=\"wpcf7-list-item\"><input type=\"checkbox\" name=\"your-acceptance-sms\" value=\"1\" aria-invalid=\"false\" \/><\/span><\/span><\/span>\n\t<\/p>\n\t<div>\n\t\t<p>SMS\n\t\t<\/p>\n\t<\/div>\n<\/div>\n<div class=\"checkbox-input\" style=\"font-size: 0.75em\">\n\t<p><span class=\"wpcf7-form-control-wrap\" data-name=\"your-acceptance-tel\"><span class=\"wpcf7-form-control wpcf7-acceptance optional\"><span class=\"wpcf7-list-item\"><input type=\"checkbox\" name=\"your-acceptance-tel\" value=\"1\" aria-invalid=\"false\" \/><\/span><\/span><\/span>\n\t<\/p>\n\t<div>\n\t\t<p>Kontakt telefoniczny\n\t\t<\/p>\n\t<\/div>\n<\/div>\n<div style=\"font-size: 0.75em\">\n\t<p>*przez Grup\u0119 Wanicki rozumie si\u0119 nast\u0119puj\u0105ce sp\u00f3\u0142ki: Firma Wanicki sp. z o.o. z siedzib\u0105 w Mogilanach, ul. My\u015blenicka 19, 32-031 Mogilany, KRS: 0000214618; Wanicki Serwis sp. z o.o. z siedzib\u0105 w Mogilanach, ul. My\u015blenicka 19, 32.-031 Mogilany, KRS: 0000225703, MW Wanicki sp. z o.o. z siedzib\u0105 w Mogilanach, ul. My\u015blenicka 19, 32.-031 Mogilany, KRS: 0000290954; BW Wanicki sp. z o.o. z siedzib\u0105 w Mogilanach, ul. My\u015blenicka 19, 32.-031 Mogilany, KRS: 0000277732; SW Wanicki sp. z o.o. z siedzib\u0105 w Mogilanach, ul. My\u015blenicka 19, 32.-031 Mogilany, KRS: 0000318232; Nedpol Truck Service sp. z o.o. z siedzib\u0105 w Romanowie, Roman\u00f3w 10b, 42-260 Roman\u00f3w, KRS: 0000062292; WW Wanicki sp. z o.o. z siedzib\u0105 w Trzcianie, Trzciana 162, 36-071 Trzciana, KRS: 0000214811; PT Wanicki sp. z o.o. z siedzib\u0105 w Mogilanach, ul. My\u015blenicka 19, 32.-031 Mogilany, KRS: 0001069064; Wanicki Rental sp. z o.o. z siedzib\u0105 w Mogilanach, ul. My\u015blenicka 19, 32.-031 Mogilany, KRS: 0000997992.\n\t<\/p>\n<\/div>\n<p><input class=\"wpcf7-form-control wpcf7-submit has-spinner\" type=\"submit\" value=\"Prosz\u0119 o kontakt\" \/>\n<\/p><div class=\"wpcf7-response-output\" aria-hidden=\"true\"><\/div>\n<\/form>\n<\/div>\n        <\/div>\n    <\/div>\n<\/div>\n\n\n<div class=\"wp-block-wanicki-image-with-text image-with-text \">\n\n    <div class=\"image-with-text__image\">\n                    <div class=\"image-with-text__image-photo\"\n                 style=\"background-image: url(https:\/\/wanicki.pl\/johndeere\/wp-content\/uploads\/sites\/2\/2025\/04\/JDF_Essentials_Visual_1920x1080px_wCallout.jpg)\"><\/div>\n            <\/div>\n\n    <div class=\"image-with-text__info   image-with-text__info--white \">\n                    <div class=\"image-with-text__info-title-wrapper\">\n                <h5 class=\"image-with-text__info-title\">Zyskaj wi\u0119cej dzi\u0119ki technologii rolniczej John Deere w \u015bwietnej cenie!<\/h5>\n                                    <\/div>\n                            <div class=\"image-with-text__info-text\">\n                <p>Zyskaj wi\u0119cej z nowoczesnym pakietem sprz\u0119towym, kt\u00f3ry idealnie odpowiada Twoim potrzebom i bud\u017cetowi. Ciesz si\u0119 nowoczesnymi rozwi\u0105zaniami rolniczymi bez wysokich koszt\u00f3w na start, dzi\u0119ki elastycznym i wygodnym licencjom odnawialnym.<\/p>\n<p>&nbsp;<\/p>\n<p><strong>B\u0104D\u0179 GOTOWY NA PRECYZJ\u0118 Z PAKIETEM ESSENTIAL!<\/strong><\/p>\n<p>Pakiet Essential teraz w promocji z roczn\u0105 licencj\u0105 SF-RTK!<\/p>\n<ul>\n<li><span data-olk-copy-source=\"MessageBody\">Wy\u015bwietlacz G5Plus (12.8 in) z roczn\u0105 licencj\u0105 Guidance (AutoTrac\u2122, AutoTrac\u2122 TIM)<\/span><\/li>\n<li><span data-olk-copy-source=\"MessageBody\">Odbiornik uniwersalny StarFire\u2122 7500 z roczn\u0105 licencj\u0105 SF-RTK (powtarzalna dok\u0142adno\u015b\u0107 2,5 cm mi\u0119dzy przejazdami)<\/span><\/li>\n<li><span data-olk-copy-source=\"MessageBody\">Modem JDLink\u2122 M \u2014 4G<\/span><\/li>\n<li><strong>1 rok licencji SF-RTK ZA DARMO!<\/strong><\/li>\n<\/ul>\n<p style=\"text-align: right;\"><strong>CENA: <\/strong><\/p>\n<p style=\"text-align: right;\"><strong>PAKIET SPRZ\u0118TOWY: 13 000 z\u0142<\/strong><\/p>\n<p style=\"text-align: right;\"><strong>LICENCJA ODNAWIALNA: od 4 400 z\u0142<\/strong><\/p>\n<p>&nbsp;<\/p>\n\n            <\/div>\n                        \n    <\/div>\n\n<\/div>\n\n\n<div class=\"wp-block-wanicki-cta-banner cta-banner\">\n    <div class=\"container\">\n        <div class=\"cta-banner__container\">\n            <div class=\"cta-banner__image\"\n                  style=\"background-image: url(https:\/\/wanicki.pl\/johndeere\/wp-content\/uploads\/sites\/2\/2024\/11\/tloo.png)\"             ><\/div>\n            <h5 class=\"cta-banner__title\">PODSTAWY, ABY ROZPOCZ\u0104\u0106 SWOJ\u0104 PODR\u00d3\u017b Z INTELIGENTYM ROLNICTWEM<\/h5>\n                            <\/div>\n    <\/div>\n<\/div>\n\n\n\n<p><\/p>\n\n\n<div class=\"wp-block-wanicki-image-with-text image-with-text \">\n\n    <div class=\"image-with-text__image\">\n                    <div class=\"image-with-text__image-photo\"\n                 style=\"background-image: url(https:\/\/wanicki.pl\/johndeere\/wp-content\/uploads\/sites\/2\/2024\/11\/wyswietlacz.png)\"><\/div>\n            <\/div>\n\n    <div class=\"image-with-text__info   image-with-text__info--white \">\n                    <div class=\"image-with-text__info-title-wrapper\">\n                <h5 class=\"image-with-text__info-title image-with-text__info-title--big\">WY\u015aWIETLACZ G5 PLUS<\/h5>\n                                    <\/div>\n                            <div class=\"image-with-text__info-text\">\n                <div>\n<div>Wy\u015bwietlacz G5Plus (32,5 cm, 12,8 cala) z ekranem dotykowym HD 1080p u\u0142atwia zarz\u0105dzanie flot\u0105 i dostosowanie widoku pracy, niezale\u017cnie od marki maszyn &#8211; dzi\u0119ki pe\u0142nej zgodno\u015bci wy\u015bwietlacza G5Plus z AEF ISOBUS.<\/div>\n<\/div>\n\n            <\/div>\n                        \n    <\/div>\n\n<\/div>\n\n\n<div class=\"wp-block-wanicki-image-with-text image-with-text \">\n\n    <div class=\"image-with-text__image\">\n                    <div class=\"image-with-text__image-photo\"\n                 style=\"background-image: url(https:\/\/wanicki.pl\/johndeere\/wp-content\/uploads\/sites\/2\/2024\/11\/starfire7500.png)\"><\/div>\n            <\/div>\n\n    <div class=\"image-with-text__info   image-with-text__info--white \">\n                    <div class=\"image-with-text__info-title-wrapper\">\n                <h5 class=\"image-with-text__info-title image-with-text__info-title--big\">ODBIORNIK STARFIRE\u2122<\/h5>\n                                    <\/div>\n                            <div class=\"image-with-text__info-text\">\n                <div>\n<div>\n<div>\n<div>Zyskaj precyzj\u0119 2,5 cm dzi\u0119ki StarFire\u2122 7500 i SF-RTK \u2013 bez potrzeby dodatkowego sprz\u0119tu. Oszcz\u0119dzaj czas i pieni\u0105dze dzi\u0119ki stabilnym liniom i mapom, kt\u00f3re pozostaj\u0105 dok\u0142adne przez lata.<\/div>\n<\/div>\n<\/div>\n<\/div>\n\n            <\/div>\n                        \n    <\/div>\n\n<\/div>\n\n\n<div class=\"wp-block-wanicki-image-with-text image-with-text \">\n\n    <div class=\"image-with-text__image\">\n                    <div class=\"image-with-text__image-photo\"\n                 style=\"background-image: url(https:\/\/wanicki.pl\/johndeere\/wp-content\/uploads\/sites\/2\/2024\/11\/jdlnk.png)\"><\/div>\n            <\/div>\n\n    <div class=\"image-with-text__info   image-with-text__info--white \">\n                    <div class=\"image-with-text__info-title-wrapper\">\n                <h5 class=\"image-with-text__info-title image-with-text__info-title--big\">MODEM JDLINK\u2122 Z DATASYNC<\/h5>\n                                    <\/div>\n                            <div class=\"image-with-text__info-text\">\n                <div>\n<div>\n<div>\n<div>\n<div>\n<div>JDLink\u2122 integruje pola, maszyny i operator\u00f3w, a DataSync automatycznie przesy\u0142a dane do Operations Center\u2122 w czasie rzeczywistym, zapewniaj\u0105c ci\u0105g\u0142y nadz\u00f3r i efektywno\u015b\u0107. Dzi\u0119ki zdalnemu dost\u0119powi do wy\u015bwietlacza Ty i Tw\u00f3j dealer mo\u017cecie natychmiast rozwi\u0105zywa\u0107 problemy i optymalizowa\u0107 prac\u0119 maszyn, aby osi\u0105gn\u0105\u0107 maksymaln\u0105 wydajno\u015b\u0107.<\/div>\n<\/div>\n<\/div>\n<\/div>\n<\/div>\n<\/div>\n\n            <\/div>\n                        \n    <\/div>\n\n<\/div>\n\n\n<div class=\"wp-block-wanicki-image-with-text image-with-text \">\n\n    <div class=\"image-with-text__image\">\n                    <div class=\"image-with-text__image-photo\"\n                 style=\"background-image: url(https:\/\/wanicki.pl\/johndeere\/wp-content\/uploads\/sites\/2\/2024\/11\/jdjd.png)\"><\/div>\n            <\/div>\n\n    <div class=\"image-with-text__info   image-with-text__info--white \">\n                    <div class=\"image-with-text__info-title-wrapper\">\n                <h2 class=\"image-with-text__info-title image-with-text__info-title--big\">JOHN DEERE OPERATIONS CENTER\u2122<\/h2>\n                                    <\/div>\n                            <div class=\"image-with-text__info-text\">\n                <div>\n<div>John Deere Operations Center\u2122 pozwala monitorowa\u0107 pola, maszyny i pracownik\u00f3w z dowolnego miejsca, bezp\u0142atnie. Z ch\u0119ci\u0105 pomo\u017cemy Ci w skonfigurowaniu Twojego konta, aby\u015b m\u00f3g\u0142 zacz\u0105\u0107 odkrywa\u0107 pe\u0142ny potencja\u0142 swojego gospodarstwa.<\/div>\n<\/div>\n\n            <\/div>\n                        \n    <\/div>\n\n<\/div>\n\n\n\n<p><\/p>\n\n\n\n<div style=\"height:20px\" aria-hidden=\"true\" class=\"wp-block-spacer\"><\/div>\n\n\n<div class=\"selected-series\">\n    <div class=\"selected-series__content container\">\n            <\/div>\n<\/div>\n\n\n<div class=\"wp-block-wanicki-products-blocks products-blocks\">\n        <\/div>\n\n\n","protected":false},"excerpt":{"rendered":"","protected":false},"author":2,"featured_media":0,"parent":0,"menu_order":0,"comment_status":"closed","ping_status":"closed","template":"","meta":{"_acf_changed":false,"_seopress_robots_primary_cat":"","_seopress_titles_title":"","_seopress_titles_desc":"","_seopress_robots_index":"","inline_featured_image":false,"footnotes":""},"class_list":["post-3043","page","type-page","status-publish","hentry"],"acf":[],"_links":{"self":[{"href":"https:\/\/wanicki.pl\/johndeere\/wp-json\/wp\/v2\/pages\/3043","targetHints":{"allow":["GET"]}}],"collection":[{"href":"https:\/\/wanicki.pl\/johndeere\/wp-json\/wp\/v2\/pages"}],"about":[{"href":"https:\/\/wanicki.pl\/johndeere\/wp-json\/wp\/v2\/types\/page"}],"author":[{"embeddable":true,"href":"https:\/\/wanicki.pl\/johndeere\/wp-json\/wp\/v2\/users\/2"}],"replies":[{"embeddable":true,"href":"https:\/\/wanicki.pl\/johndeere\/wp-json\/wp\/v2\/comments?post=3043"}],"version-history":[{"count":107,"href":"https:\/\/wanicki.pl\/johndeere\/wp-json\/wp\/v2\/pages\/3043\/revisions"}],"predecessor-version":[{"id":5253,"href":"https:\/\/wanicki.pl\/johndeere\/wp-json\/wp\/v2\/pages\/3043\/revisions\/5253"}],"wp:attachment":[{"href":"https:\/\/wanicki.pl\/johndeere\/wp-json\/wp\/v2\/media?parent=3043"}],"curies":[{"name":"wp","href":"https:\/\/api.w.org\/{rel}","templated":true}]}}