{"id":47,"date":"2024-02-23T12:19:05","date_gmt":"2024-02-23T11:19:05","guid":{"rendered":"https:\/\/wanicki.pl\/johndeere\/?page_id=47"},"modified":"2026-03-31T12:47:26","modified_gmt":"2026-03-31T10:47:26","slug":"o-nas","status":"publish","type":"page","link":"https:\/\/wanicki.pl\/johndeere\/o-nas\/","title":{"rendered":"O nas"},"content":{"rendered":"<div class=\"wp-block-wanicki-page-hero-header page-hero-header\">\n    <div class=\"page-hero-header__image page-hero-header__image--desktop\"\n          style=\"background-image: url(https:\/\/wanicki.pl\/johndeere\/wp-content\/uploads\/sites\/2\/2024\/05\/Z622376-scaled-e1715013828797.jpg)\" ><\/div>\n    <div class=\"page-hero-header__image page-hero-header__image--mobile\"\n          style=\"background-image: url(https:\/\/wanicki.pl\/johndeere\/wp-content\/uploads\/sites\/2\/2024\/05\/Z622376-scaled-e1715013828797.jpg)\"\n            >\n    <\/div>\n    <div class=\"page-hero-header__container container\">\n        <h1 class=\"page-hero-header__title\"><strong>STAWIAMY NA JAKO\u015a\u0106 I INNOWACJE, ABY SPROSTA\u0106 TWOIM POTRZEBOM<\/strong><\/h1>\n                    <div class=\"page-hero-header__subtitle\"><p>Od ponad 10 lat stawiamy na stabilno\u015b\u0107 i niezawodne wsparcie dla polskiego sektora agro. Dzi\u0119ki bogatemu do\u015bwiadczeniu i wieloletniej tradycji, pomagamy rolnikom rozwija\u0107 swoje gospodarstwa i osi\u0105ga\u0107 sukcesy. Nasz\u0105 misj\u0105 jest dostarczanie najwy\u017cszej jako\u015bci us\u0142ug, dostosowanych do indywidualnych potrzeb ka\u017cdego klienta.<\/p>\n<\/div>\n                    <\/div>\n<\/div>\n\n\n<div class=\"wp-block-wanicki-image-with-text image-with-text  image-with-text--reversed \">\n\n    <div class=\"image-with-text__image\">\n                    <div class=\"image-with-text__image-photo\"\n                 style=\"background-image: url(https:\/\/wanicki.pl\/johndeere\/wp-content\/uploads\/sites\/2\/2024\/05\/Z620703-1-scaled-e1715014704448.jpg)\"><\/div>\n            <\/div>\n\n    <div class=\"image-with-text__info  image-with-text__info--reversed  \">\n                    <div class=\"image-with-text__info-title-wrapper\">\n                <h2 class=\"image-with-text__info-title image-with-text__info-title--big\">Kim jeste\u015bmy? <\/h2>\n                                    <\/div>\n                            <div class=\"image-with-text__info-text\">\n                <p><strong>Jeste\u015bmy autoryzowanym dealerem maszyn rolniczych i komunalnych takich marek jak: John Deere, Kramer, Monosem, Sip i SaMASZ, <span data-olk-copy-source=\"MessageBody\">Rolex Quality Farming <\/span>.<\/strong><\/p>\n<p>Od 10 lat aktywnie anga\u017cujemy si\u0119 w rozw\u00f3j polskiego sektora agro oferuj\u0105c obs\u0142ug\u0119 full-service w 11 punktach zlokalizowanych w 8 wojew\u00f3dztwach: lubelskim , mazowieckim, \u015bwi\u0119tokrzyskim, podkarpackim, ma\u0142opolskim, \u015bl\u0105skim, opolskim i \u0142\u00f3dzkim.<\/p>\n<p><strong>NASZA MISJA: <\/strong>Wspieramy sukces polskich rolnik\u00f3w, dostarczaj\u0105c innowacyjne rozwi\u0105zania technologiczne, profesjonalne doradztwo oraz niezawodny serwis 24\/7, buduj\u0105c trwa\u0142e partnerstwa i przyczyniaj\u0105c si\u0119 do rozwoju nowoczesnego rolnictwa w Polsce.<\/p>\n<p><strong>WIZJA:<\/strong> Lider w dostarczaniu kompleksowych rozwi\u0105za\u0144 dla nowoczesnego rolnictwa.<\/p>\n<p>&nbsp;<\/p>\n\n            <\/div>\n                        \n    <\/div>\n\n<\/div>\n\n\n\n<div style=\"height:54px\" aria-hidden=\"true\" class=\"wp-block-spacer\"><\/div>\n\n\n\n<h2 class=\"wp-block-heading has-text-align-center\">NASZE ODDZIA\u0141Y<\/h2>\n\n\n\n<figure class=\"wp-block-image aligncenter size-large\"><img loading=\"lazy\" decoding=\"async\" width=\"1024\" height=\"708\" src=\"https:\/\/wanicki.pl\/johndeere\/wp-content\/uploads\/sites\/2\/2026\/03\/mapa_wanicki_agro_30.03-1024x708.png\" alt=\"\" class=\"wp-image-5313\" srcset=\"https:\/\/wanicki.pl\/johndeere\/wp-content\/uploads\/sites\/2\/2026\/03\/mapa_wanicki_agro_30.03-1024x708.png 1024w, https:\/\/wanicki.pl\/johndeere\/wp-content\/uploads\/sites\/2\/2026\/03\/mapa_wanicki_agro_30.03-300x207.png 300w, https:\/\/wanicki.pl\/johndeere\/wp-content\/uploads\/sites\/2\/2026\/03\/mapa_wanicki_agro_30.03-768x531.png 768w, https:\/\/wanicki.pl\/johndeere\/wp-content\/uploads\/sites\/2\/2026\/03\/mapa_wanicki_agro_30.03-1536x1062.png 1536w, https:\/\/wanicki.pl\/johndeere\/wp-content\/uploads\/sites\/2\/2026\/03\/mapa_wanicki_agro_30.03-2048x1415.png 2048w\" sizes=\"auto, (max-width: 1024px) 100vw, 1024px\" \/><\/figure>\n\n\n\n<div style=\"height:51px\" aria-hidden=\"true\" class=\"wp-block-spacer\"><\/div>\n\n\n<div class=\"wp-block-wanicki-image-with-text image-with-text \">\n\n    <div class=\"image-with-text__image\">\n                    <div class=\"image-with-text__image-photo\"\n                 style=\"background-image: url(https:\/\/wanicki.pl\/johndeere\/wp-content\/uploads\/sites\/2\/2024\/05\/1079365-scaled.jpg)\"><\/div>\n            <\/div>\n\n    <div class=\"image-with-text__info  \">\n                    <div class=\"image-with-text__info-title-wrapper\">\n                <h2 class=\"image-with-text__info-title image-with-text__info-title--big\">Co znajdziesz w naszej ofercie?<\/h2>\n                                    <\/div>\n                            <div class=\"image-with-text__info-text\">\n                <ul>\n<li><strong>Nowe i u\u017cywane maszyny rolnicze<\/strong> renomowanych marek<\/li>\n<li><strong>Technologie rolnictwa precyzyjnego<\/strong> John Deere, kt\u00f3ra umo\u017cliwia optymalizacj\u0119 produkcji rolniczej i zwi\u0119kszenie jej efektywno\u015bci. Rozwi\u0105zania GPS i telematyczne pomagaj\u0105 w precyzyjnym siewie, nawo\u017ceniu, opryskiwaniu i zbiorze plon\u00f3w.<\/li>\n<li><strong>Kompleksowe us\u0142ugi serwisowe<\/strong>, obejmuj\u0105ce naprawy gwarancyjne i pogwarancyjne, przegl\u0105dy okresowe oraz us\u0142ugi mobilne. Nasi do\u015bwiadczeni serwisanci dbaj\u0105 o to, aby Twoje maszyny by\u0142y zawsze sprawne.<\/li>\n<li><strong>Szeroki wyb\u00f3r oryginalnych cz\u0119\u015bci zamiennych<\/strong> oraz zamiennik\u00f3w innych marek. Gwarantujemy szybk\u0105 dost\u0119pno\u015b\u0107 cz\u0119\u015bci i konkurencyjne ceny.<\/li>\n<li><strong>Atrakcyjne opcje finansowania<\/strong> zakupu maszyn, w tym leasing, kredyty, po\u017cyczki. Wsp\u00f3\u0142pracujemy z renomowanymi instytucjami finansowymi, aby zapewni\u0107 Ci najlepsze warunki finansowania.<\/li>\n<li><strong>Ubezpieczenia<\/strong> maszyn rolniczych od r\u00f3\u017cnych ryzyk. Pomagamy w wyborze odpowiedniej polisy, kt\u00f3ra zapewni Ci ochron\u0119 przed nieprzewidzianymi zdarzeniami.<\/li>\n<li><strong>Pomoc w pozyskaniu dotacji<\/strong> na zakup maszyn i technologii rolnictwa precyzyjnego. Nasi eksperci doradz\u0105 Ci, jakie programy dotacyjne s\u0105 dost\u0119pne i pomog\u0105 Ci w skompletowaniu niezb\u0119dnych dokument\u00f3w.<\/li>\n<li><strong>Naprawy powypadkowe <\/strong>&#8211; kompleksowa us\u0142uga naprawy maszyn rolniczych uszkodzonych w wyniku wypadk\u00f3w komunikacyjnych.<\/li>\n<\/ul>\n\n            <\/div>\n                        \n    <\/div>\n\n<\/div>\n\n\n<div class=\"wp-block-wanicki-cta-banner cta-banner\">\n    <div class=\"container\">\n        <div class=\"cta-banner__container\">\n            <div class=\"cta-banner__image\"\n                  style=\"background-image: url(https:\/\/wanicki.pl\/johndeere\/wp-content\/uploads\/sites\/2\/2024\/03\/S770.png)\"             ><\/div>\n            <h2 class=\"cta-banner__title\">Nasza w Tym ROLA by kompleksowo wspiera\u0107 rolnik\u00f3w w rozwoju ich gospodarstw.<\/h2>\n                            <\/div>\n    <\/div>\n<\/div>\n\n\n\n<figure class=\"wp-block-embed is-type-video is-provider-youtube wp-block-embed-youtube wp-embed-aspect-16-9 wp-has-aspect-ratio\"><div class=\"wp-block-embed__wrapper\">\n<iframe loading=\"lazy\" title=\"Przysz\u0142o\u015b\u0107 zaczyna si\u0119 teraz! | Wanicki - Nasza w Tym Rola\" width=\"500\" height=\"281\" src=\"https:\/\/www.youtube.com\/embed\/X8qOjqXMLA8?feature=oembed\" frameborder=\"0\" allow=\"accelerometer; autoplay; clipboard-write; encrypted-media; gyroscope; picture-in-picture; web-share\" referrerpolicy=\"strict-origin-when-cross-origin\" allowfullscreen><\/iframe>\n<\/div><\/figure>\n\n\n\n<p><\/p>\n","protected":false},"excerpt":{"rendered":"<p>NASZE ODDZIA\u0141Y<\/p>\n","protected":false},"author":1,"featured_media":0,"parent":0,"menu_order":0,"comment_status":"closed","ping_status":"closed","template":"","meta":{"_acf_changed":false,"_seopress_robots_primary_cat":"","_seopress_titles_title":"O nas - John Deere - Agro Wanicki","_seopress_titles_desc":"Agro Wanicki - dealer John Deere \u2705 Zobacz jak pracuje Dealer Jutra \u2705 Wspieramy polskich rolnik\u00f3w dostarczaj\u0105c innowacyjne rozwi\u0105zania","_seopress_robots_index":"","inline_featured_image":false,"footnotes":"[]"},"class_list":["post-47","page","type-page","status-publish","hentry"],"acf":[],"_links":{"self":[{"href":"https:\/\/wanicki.pl\/johndeere\/wp-json\/wp\/v2\/pages\/47","targetHints":{"allow":["GET"]}}],"collection":[{"href":"https:\/\/wanicki.pl\/johndeere\/wp-json\/wp\/v2\/pages"}],"about":[{"href":"https:\/\/wanicki.pl\/johndeere\/wp-json\/wp\/v2\/types\/page"}],"author":[{"embeddable":true,"href":"https:\/\/wanicki.pl\/johndeere\/wp-json\/wp\/v2\/users\/1"}],"replies":[{"embeddable":true,"href":"https:\/\/wanicki.pl\/johndeere\/wp-json\/wp\/v2\/comments?post=47"}],"version-history":[{"count":64,"href":"https:\/\/wanicki.pl\/johndeere\/wp-json\/wp\/v2\/pages\/47\/revisions"}],"predecessor-version":[{"id":5315,"href":"https:\/\/wanicki.pl\/johndeere\/wp-json\/wp\/v2\/pages\/47\/revisions\/5315"}],"wp:attachment":[{"href":"https:\/\/wanicki.pl\/johndeere\/wp-json\/wp\/v2\/media?parent=47"}],"curies":[{"name":"wp","href":"https:\/\/api.w.org\/{rel}","templated":true}]}}