{"id":475,"date":"2024-04-04T14:31:31","date_gmt":"2024-04-04T12:31:31","guid":{"rendered":"https:\/\/wanicki.pl\/johndeere\/?page_id=475"},"modified":"2025-06-11T11:42:35","modified_gmt":"2025-06-11T09:42:35","slug":"obietnica-zniwna","status":"publish","type":"page","link":"https:\/\/wanicki.pl\/johndeere\/obietnica-zniwna\/","title":{"rendered":"Obietnica \u017cniwna"},"content":{"rendered":"<div class=\"wp-block-wanicki-page-hero-header page-hero-header\">\n    <div class=\"page-hero-header__image page-hero-header__image--desktop\"\n          style=\"background-image: url(https:\/\/wanicki.pl\/johndeere\/wp-content\/uploads\/sites\/2\/2024\/03\/T670.jpg)\" ><\/div>\n    <div class=\"page-hero-header__image page-hero-header__image--mobile\"\n          style=\"background-image: url(https:\/\/wanicki.pl\/johndeere\/wp-content\/uploads\/sites\/2\/2024\/03\/T670.jpg)\"\n            >\n    <\/div>\n    <div class=\"page-hero-header__container container\">\n        <h1 class=\"page-hero-header__title\"><strong>OBIETNICA \u017bNIWNA<\/strong><\/h1>\n                    <div class=\"page-hero-header__subtitle\"><p>Z nami nie musisz si\u0119 martwi\u0107 o serwis i cz\u0119\u015bci do swojego kombajnu John Deere!<br \/>\nDzi\u0119ki Obietnicy \u017bniwnej zapewniamy Ci niezawodne i ci\u0105g\u0142e wsparcie podczas zbior\u00f3w!<\/p>\n<\/div>\n                    <\/div>\n<\/div>\n\n\n<div class=\"wp-block-wanicki-image-with-text image-with-text \">\n\n    <div class=\"image-with-text__image\">\n                    <div class=\"image-with-text__image-photo\"\n                 style=\"background-image: url(https:\/\/wanicki.pl\/johndeere\/wp-content\/uploads\/sites\/2\/2024\/03\/S770.png)\"><\/div>\n            <\/div>\n\n    <div class=\"image-with-text__info  \">\n                    <div class=\"image-with-text__info-title-wrapper\">\n                <h2 class=\"image-with-text__info-title image-with-text__info-title--big\">CZYM JEST OBIETNICA \u017bNIWNA?<\/h2>\n                                    <\/div>\n                            <div class=\"image-with-text__info-text\">\n                <p><strong>Obietnica \u017bniwna John Deere<\/strong> to specjalna us\u0142uga, kt\u00f3ra zapewnia niezawodne wsparcie rolnikom podczas kluczowego okresu \u017cniw.<\/p>\n<p>Dzi\u0119ki niej mo\u017cesz spa\u0107 spokojnie, maj\u0105c pewno\u015b\u0107, \u017ce awaria maszyny nie wstrzyma Twojej pracy.<\/p>\n\n            <\/div>\n                        \n    <\/div>\n\n<\/div>\n\n\n<div class=\"wp-block-wanicki-image-with-text image-with-text  image-with-text--reversed \">\n\n    <div class=\"image-with-text__image\">\n                    <div class=\"image-with-text__image-photo\"\n                 style=\"background-image: url(https:\/\/wanicki.pl\/johndeere\/wp-content\/uploads\/sites\/2\/2024\/03\/HD40X.png)\"><\/div>\n            <\/div>\n\n    <div class=\"image-with-text__info  image-with-text__info--reversed  \">\n                    <div class=\"image-with-text__info-title-wrapper\">\n                <h2 class=\"image-with-text__info-title image-with-text__info-title--big\">ZA\u0141O\u017bENIA OBIETNICY \u017bNIWNEJ<\/h2>\n                                    <\/div>\n                            <div class=\"image-with-text__info-text\">\n                <p><strong>W ramach Obietnicy \u017bniwnej John Deere:<\/strong><\/p>\n<ul>\n<li>Gwarantujemy sprawn\u0105 dostaw\u0119 cz\u0119\u015bci zamiennych do Twojego kombajnu w ci\u0105gu maksymalnie <strong>24 godzin<\/strong><\/li>\n<li><strong>Serwis w terenie!<\/strong><\/li>\n<li>Z Obietnicy \u017bniwnej mog\u0105 korzysta\u0107 klienci posiadaj\u0105cy nowe i u\u017cywane kombajny marki John Deere, kt\u00f3re przesz\u0142y przegl\u0105d <strong>Expert Check<\/strong> (maszyny nie starsze ni\u017c 7 lat).<\/li>\n<li>Oficjalny czas dostaw dla zam\u00f3wie\u0144 z\u0142o\u017conych pomi\u0119dzy godzin\u0105 21.00 a 7.00 jest liczony od godziny 7.00 nast\u0119pnego dnia.<\/li>\n<li>Zapewniamy <strong>DY\u017bUR TELEFONICZNY <\/strong><strong>w godzinach 16:00 \u2013 21:00.<\/strong><\/li>\n<\/ul>\n\n            <\/div>\n                        \n    <\/div>\n\n<\/div>\n\n\n\n<h2 class=\"wp-block-heading has-text-align-center has-white-background-color has-background\">#NASZAWTYMROLA, BY ZAPEWNI\u0106 CI SPOK\u00d3J I KOMPLEKSOW\u0104 OBS\u0141UG\u0118 PODCZAS ZBIOR\u00d3W!<\/h2>\n\n\n<div class=\"wp-block-wanicki-cta-banner cta-banner\">\n    <div class=\"container\">\n        <div class=\"cta-banner__container\">\n            <div class=\"cta-banner__image\"\n                             ><\/div>\n            <h2 class=\"cta-banner__title\">Potrzebujesz pomocy?<\/h2>\n                                    <div class=\"cta-banner__buttons\">\n                                            <a\n                            href=\"https:\/\/wanicki.pl\/johndeere\/kontakt\/\"\n                            class=\"btn cta-banner__button  btn--custom \"\n                             style=\"--custom-color: #d8bf06\"                             target=\"\"\n                        >\n                            ZNAJD\u0179 NAJBLI\u017bSZY ODDZIA\u0141\n                        <\/a>\n                                                        <\/div>\n                    <\/div>\n    <\/div>\n<\/div>\n","protected":false},"excerpt":{"rendered":"<p>#NASZAWTYMROLA, BY ZAPEWNI\u0106 CI SPOK\u00d3J I KOMPLEKSOW\u0104 OBS\u0141UG\u0118 PODCZAS ZBIOR\u00d3W!<\/p>\n","protected":false},"author":1,"featured_media":0,"parent":0,"menu_order":0,"comment_status":"closed","ping_status":"closed","template":"","meta":{"_acf_changed":false,"_seopress_robots_primary_cat":"","_seopress_titles_title":"Obietnica \u017cniwna 2025 - John Deere - Wanicki","_seopress_titles_desc":"Wanicki - dealer John Deere \u2705 Obietnica \u017cniwna 2025 \u2705 Cz\u0119\u015bci zamienne do kombajnu w 24 h \u2705 Serwis w terenie \u2705 DY\u017bUR TELEFONICZNY \u2705 Dowiedz si\u0119 wi\u0119cej!","_seopress_robots_index":"","inline_featured_image":false,"footnotes":""},"class_list":["post-475","page","type-page","status-publish","hentry"],"acf":[],"_links":{"self":[{"href":"https:\/\/wanicki.pl\/johndeere\/wp-json\/wp\/v2\/pages\/475","targetHints":{"allow":["GET"]}}],"collection":[{"href":"https:\/\/wanicki.pl\/johndeere\/wp-json\/wp\/v2\/pages"}],"about":[{"href":"https:\/\/wanicki.pl\/johndeere\/wp-json\/wp\/v2\/types\/page"}],"author":[{"embeddable":true,"href":"https:\/\/wanicki.pl\/johndeere\/wp-json\/wp\/v2\/users\/1"}],"replies":[{"embeddable":true,"href":"https:\/\/wanicki.pl\/johndeere\/wp-json\/wp\/v2\/comments?post=475"}],"version-history":[{"count":28,"href":"https:\/\/wanicki.pl\/johndeere\/wp-json\/wp\/v2\/pages\/475\/revisions"}],"predecessor-version":[{"id":4342,"href":"https:\/\/wanicki.pl\/johndeere\/wp-json\/wp\/v2\/pages\/475\/revisions\/4342"}],"wp:attachment":[{"href":"https:\/\/wanicki.pl\/johndeere\/wp-json\/wp\/v2\/media?parent=475"}],"curies":[{"name":"wp","href":"https:\/\/api.w.org\/{rel}","templated":true}]}}