{"id":4956,"date":"2025-12-11T15:14:34","date_gmt":"2025-12-11T14:14:34","guid":{"rendered":"https:\/\/wanicki.pl\/johndeere\/?page_id=4956"},"modified":"2025-12-18T11:04:37","modified_gmt":"2025-12-18T10:04:37","slug":"swiateczna-wyprzedaz-magazynu","status":"publish","type":"page","link":"https:\/\/wanicki.pl\/johndeere\/swiateczna-wyprzedaz-magazynu\/","title":{"rendered":"\u015aWI\u0104TECZNA WYPRZEDA\u017b MAGAZYNU!"},"content":{"rendered":"<div class=\"wp-block-wanicki-hero-header hero-header\">\n    <div class=\"hero-header__image hero-header__image--desktop\"\n          style=\"background-image: url(https:\/\/wanicki.pl\/johndeere\/wp-content\/uploads\/sites\/2\/2025\/12\/1920x1080v2.jpg)\" ><\/div>\n    <div class=\"hero-header__image hero-header__image--mobile\"\n          style=\"background-image: url(https:\/\/wanicki.pl\/johndeere\/wp-content\/uploads\/sites\/2\/2025\/12\/1920x1080v2.jpg)\"\n         >\n    <\/div>\n    <div class=\"hero-header__container container\">\n        <h1 class=\"hero-header__title\"><strong>\u015aWI\u0104TECZNA WYPRZEDA\u017b MAGAZYNU!<\/strong> <\/h1>\n                    <div class=\"hero-header__subtitle\"><p>Koniec roku to najlepszy moment na inwestycj\u0119 w gospodarstwo. Przygotowali\u015bmy dla Ciebie limitowan\u0105 ofert\u0119 na wybrane maszyny John Deere \u2014 w wyj\u0105tkowych warunkach finansowania John Deere Financial.<\/p>\n<p>&nbsp;<\/p>\n<p><strong>AKCJA WA\u017bNA DO 31.12.2025r.<\/strong><\/p>\n<\/div>\n                            <a href=\"#formularz\"\n               class=\"btn  btn--custom \"\n                style=\"--custom-color: #d8bf06\"             >JESTEM ZAINTERESOWANY<\/a>\n            <\/div>\n<\/div>\n\n\n<div class=\"wp-block-wanicki-image-with-text image-with-text \">\n\n    <div class=\"image-with-text__image\">\n                    <div class=\"image-with-text__image-photo\"\n                 style=\"background-image: url(https:\/\/wanicki.pl\/johndeere\/wp-content\/uploads\/sites\/2\/2025\/12\/1080x1350v3b-e1765568781810.png)\"><\/div>\n            <\/div>\n\n    <div class=\"image-with-text__info  \">\n                    <div class=\"image-with-text__info-title-wrapper\">\n                <h2 class=\"image-with-text__info-title\">PRASA V451M finansowanie 3 lata 0%*<\/h2>\n                                    <\/div>\n                            <div class=\"image-with-text__info-text\">\n                <p data-start=\"268\" data-end=\"552\">Prasa <strong>V451M<\/strong> to nowoczesna maszyna, kt\u00f3ra gwarantuje <strong data-start=\"343\" data-end=\"363\">wysok\u0105 wydajno\u015b\u0107<\/strong>, <strong data-start=\"365\" data-end=\"392\">powtarzaln\u0105 jako\u015b\u0107 beli<\/strong> i bezproblemow\u0105 prac\u0119 nawet w trudnych warunkach polowych. Zaprojektowana dla gospodarstw, kt\u00f3re ceni\u0105 sobie niezawodno\u015b\u0107, elastyczno\u015b\u0107 i szybkie tempo zbioru.<\/p>\n<p data-start=\"554\" data-end=\"576\"><strong data-start=\"554\" data-end=\"574\">Kluczowe zalety:<\/strong><\/p>\n<ul data-start=\"577\" data-end=\"983\">\n<li data-start=\"577\" data-end=\"664\">\n<p data-start=\"579\" data-end=\"664\"><strong data-start=\"579\" data-end=\"607\">Szeroki podbieracz 2,2 m<\/strong> \u2013 szybki i czysty zbi\u00f3r materia\u0142u w ka\u017cdych warunkach.<\/p>\n<\/li>\n<li data-start=\"665\" data-end=\"768\">\n<p data-start=\"667\" data-end=\"768\"><strong data-start=\"667\" data-end=\"696\">Zmienna komora 1,0\u20131,65 m<\/strong> \u2013 pe\u0142na elastyczno\u015b\u0107 w doborze rozmiaru beli do potrzeb gospodarstwa.<\/p>\n<\/li>\n<li data-start=\"769\" data-end=\"865\">\n<p data-start=\"771\" data-end=\"865\"><strong data-start=\"771\" data-end=\"787\">Rotor 480 mm<\/strong> \u2013 wysoka przepustowo\u015b\u0107 i p\u0142ynny przep\u0142yw materia\u0142u, nawet przy du\u017cej masie.<\/p>\n<\/li>\n<li data-start=\"866\" data-end=\"983\">\n<p data-start=\"868\" data-end=\"983\"><strong data-start=\"868\" data-end=\"899\">Opuszczana pod\u0142oga EasyFlow<\/strong> &#8211; b\u0142yskawiczne usuwanie zator\u00f3w na ca\u0142ej d\u0142ugo\u015bci rotora, minimalizacja przestoj\u00f3w.<\/p>\n<\/li>\n<\/ul>\n<p>\ud83d\udc49<span style=\"color: #339966;\"> <strong data-start=\"988\" data-end=\"1018\">Rata ju\u017c od 2043 z\u0142\/mies.<\/strong><\/span><\/p>\n\n            <\/div>\n                            <a href=\"https:\/\/wanicki.pl\/johndeere\/oferta\/maszyny-rolnicze\/prasy\/zmiennokomorowe\/prasa-john-deere-v451m\/\" class=\"btn btn--primary image-with-text__button  btn--custom \"\n                style=\"--custom-color: #367c2b\" >Wi\u0119cej o V451M<\/a>\n                            <div class=\"image-with-text__extra-links\">\n                                                                <\/div>\n        \n    <\/div>\n\n<\/div>\n\n\n<div class=\"wp-block-wanicki-image-with-text image-with-text  image-with-text--reversed \">\n\n    <div class=\"image-with-text__image\">\n                    <div class=\"image-with-text__image-photo\"\n                 style=\"background-image: url(https:\/\/wanicki.pl\/johndeere\/wp-content\/uploads\/sites\/2\/2025\/12\/1080x1350v1b-e1765568835317.png)\"><\/div>\n            <\/div>\n\n    <div class=\"image-with-text__info  image-with-text__info--reversed  \">\n                    <div class=\"image-with-text__info-title-wrapper\">\n                <h2 class=\"image-with-text__info-title\">Ci\u0105gnik 7R 310 finansowanie 4 lata 0%*<\/h2>\n                                    <\/div>\n                            <div class=\"image-with-text__info-text\">\n                <p data-start=\"153\" data-end=\"372\">Ci\u0105gnik<strong> 7R 310<\/strong> to po\u0142\u0105czenie du\u017cej mocy, komfortu i nowoczesnych technologii. Idealny do najci\u0119\u017cszych prac polowych i transportowych.<\/p>\n<p data-start=\"153\" data-end=\"372\">Model obj\u0119ty<strong> BEZP\u0141ATN\u0104<\/strong> <strong data-start=\"287\" data-end=\"317\">5-letni\u0105 ochron\u0105 PowerGard<\/strong>, kt\u00f3ra zapewnia spok\u00f3j pracy przez ca\u0142y okres u\u017cytkowania.<\/p>\n<p data-start=\"374\" data-end=\"396\"><strong data-start=\"374\" data-end=\"394\">Kluczowe zalety:<\/strong><\/p>\n<ul data-start=\"397\" data-end=\"696\">\n<li data-start=\"397\" data-end=\"466\">\n<p data-start=\"399\" data-end=\"466\"><strong data-start=\"399\" data-end=\"426\">341 KM mocy maksymalnej<\/strong> \u2013 pot\u0119\u017cna si\u0142a do wymagaj\u0105cych zada\u0144.<\/p>\n<\/li>\n<li data-start=\"467\" data-end=\"541\">\n<p data-start=\"469\" data-end=\"541\"><strong data-start=\"469\" data-end=\"502\">Przek\u0142adnia e23 lub AutoPowr\u2122<\/strong> \u2013 p\u0142ynna praca i wysoka efektywno\u015b\u0107.<\/p>\n<\/li>\n<li data-start=\"542\" data-end=\"608\">\n<p data-start=\"544\" data-end=\"608\"><strong data-start=\"544\" data-end=\"574\">Kabina XXL z ActiveSeat II<\/strong> \u2013 maksymalny komfort operatora.<\/p>\n<\/li>\n<li data-start=\"609\" data-end=\"696\">\n<p data-start=\"611\" data-end=\"696\"><strong data-start=\"611\" data-end=\"646\">Rolnictwo precyzyjne John Deere<\/strong> \u2013 dok\u0142adno\u015b\u0107 i oszcz\u0119dno\u015bci na ka\u017cdym hektarze.<\/p>\n<\/li>\n<\/ul>\n<p>\ud83d\udc49<span style=\"color: #339966;\"> <strong data-start=\"988\" data-end=\"1018\">Rata ju\u017c od <span data-olk-copy-source=\"MessageBody\"> 9112 <\/span>z\u0142\/mies.<\/strong><\/span><\/p>\n\n            <\/div>\n                            <a href=\"https:\/\/wanicki.pl\/johndeere\/oferta\/maszyny-rolnicze\/ciagniki\/duze-ciagniki\/seria-7r\/ciagnik-john-deere-7r-310\/\" class=\"btn btn--primary image-with-text__button  btn--custom \"\n                style=\"--custom-color: #367c2b\" >Wi\u0119cej o 7R 310<\/a>\n                            <div class=\"image-with-text__extra-links\">\n                                                                <\/div>\n        \n    <\/div>\n\n<\/div>\n\n\n<div class=\"wp-block-wanicki-image-with-text image-with-text \">\n\n    <div class=\"image-with-text__image\">\n                    <div class=\"image-with-text__image-photo\"\n                 style=\"background-image: url(https:\/\/wanicki.pl\/johndeere\/wp-content\/uploads\/sites\/2\/2025\/12\/1080x1350v2b-1-e1765568857936.png)\"><\/div>\n            <\/div>\n\n    <div class=\"image-with-text__info  \">\n                    <div class=\"image-with-text__info-title-wrapper\">\n                <h2 class=\"image-with-text__info-title\">ci\u0105gnik 8R 340 finansowanie 4 lata 0%*<\/h2>\n                                    <\/div>\n                            <div class=\"image-with-text__info-text\">\n                <p data-start=\"175\" data-end=\"434\">Ci\u0105gnik <strong>8R 340<\/strong> to najwy\u017csza klasa mocy i wydajno\u015bci, stworzona do najci\u0119\u017cszych prac polowych. Zapewnia stabilno\u015b\u0107, trakcj\u0119 i pe\u0142n\u0105 kontrol\u0119 w ka\u017cdych warunkach.<\/p>\n<p data-start=\"175\" data-end=\"434\">Model obj\u0119ty <strong data-start=\"349\" data-end=\"379\">5-letni\u0105 ochron\u0105 PowerGard teraz ze zni\u017ck\u0105 50%<\/strong>, kt\u00f3ra gwarantuje spokojn\u0105 i bezawaryjn\u0105 eksploatacj\u0119.<\/p>\n<p data-start=\"436\" data-end=\"458\"><strong data-start=\"436\" data-end=\"456\">Kluczowe zalety:<\/strong><\/p>\n<ul>\n<li style=\"list-style-type: none;\">\n<ul data-start=\"459\" data-end=\"849\">\n<li data-start=\"459\" data-end=\"565\">\n<p data-start=\"461\" data-end=\"565\"><strong data-start=\"461\" data-end=\"501\">374 KM mocy maksymalnej (silnik 9 l)<\/strong> \u2013 wyj\u0105tkowa si\u0142a do najwi\u0119kszych maszyn i zestaw\u00f3w roboczych.<\/p>\n<\/li>\n<li data-start=\"566\" data-end=\"650\">\n<p data-start=\"568\" data-end=\"650\"><strong data-start=\"568\" data-end=\"599\">Przek\u0142adnia AutoPowr\u2122 (IVT)<\/strong> \u2013 maksymalna p\u0142ynno\u015b\u0107, precyzja i komfort pracy.<\/p>\n<\/li>\n<li data-start=\"651\" data-end=\"750\">\n<p data-start=\"653\" data-end=\"750\"><strong data-start=\"653\" data-end=\"677\">Hydraulika 318 l\/min<\/strong> \u2013 ogromna wydajno\u015b\u0107 i ud\u017awig 9 t do najbardziej wymagaj\u0105cych narz\u0119dzi.<\/p>\n<\/li>\n<li data-start=\"751\" data-end=\"849\">\n<p data-start=\"753\" data-end=\"849\"><strong data-start=\"753\" data-end=\"781\">Wersja Signature Edition<\/strong> \u2013 pakiet najlepszych technologii, komfortu i automatyzacji pracy.<\/p>\n<\/li>\n<\/ul>\n<\/li>\n<\/ul>\n<p>\ud83d\udc49<span style=\"color: #339966;\"> <strong data-start=\"988\" data-end=\"1018\">Rata ju\u017c od 9978<span data-olk-copy-source=\"MessageBody\">\u00a0<\/span>z\u0142\/mies.<\/strong><\/span><\/p>\n\n            <\/div>\n                            <a href=\"https:\/\/wanicki.pl\/johndeere\/oferta\/maszyny-rolnicze\/ciagniki\/duze-ciagniki\/seria-8r\/ciagnik-john-deere-8r-340\/\" class=\"btn btn--primary image-with-text__button  btn--custom \"\n                style=\"--custom-color: #367c2b\" >Wi\u0119cej o 8R 340<\/a>\n                            <div class=\"image-with-text__extra-links\">\n                                                                <\/div>\n        \n    <\/div>\n\n<\/div>\n\n\n<div class=\"wp-block-wanicki-job-form job-form__container\" id=\"formularz\">\n    <div class=\"container job-form\">\n        <div class=\"job-form__info\">\n            <h2 class=\"job-form__info-title\">Jeste\u015b zainteresowany?<\/h2>\n                    <p class=\"job-form__info-text\">\n                NIE CZEKAJ! Wype\u0142nij formularz kontaktowy, a my skontaktujemy si\u0119 i przedstawimy szczeg\u00f3\u0142y.\n            <\/p>\n        <\/div>\n        <div class=\"job-form__form\">\n            \n<div class=\"wpcf7 no-js\" id=\"wpcf7-f4959-o1\" lang=\"pl-PL\" dir=\"ltr\" data-wpcf7-id=\"4959\">\n<div class=\"screen-reader-response\"><p role=\"status\" aria-live=\"polite\" aria-atomic=\"true\"><\/p> <ul><\/ul><\/div>\n<form action=\"\/johndeere\/wp-json\/wp\/v2\/pages\/4956#wpcf7-f4959-o1\" method=\"post\" class=\"wpcf7-form init\" aria-label=\"Formularz kontaktowy\" novalidate=\"novalidate\" data-status=\"init\">\n<fieldset class=\"hidden-fields-container\"><input type=\"hidden\" name=\"_wpcf7\" value=\"4959\" \/><input type=\"hidden\" name=\"_wpcf7_version\" value=\"6.1.5\" \/><input type=\"hidden\" name=\"_wpcf7_locale\" value=\"pl_PL\" \/><input type=\"hidden\" name=\"_wpcf7_unit_tag\" value=\"wpcf7-f4959-o1\" \/><input type=\"hidden\" name=\"_wpcf7_container_post\" value=\"0\" \/><input type=\"hidden\" name=\"_wpcf7_posted_data_hash\" value=\"\" \/><input type=\"hidden\" name=\"_wpcf7_recaptcha_response\" value=\"\" \/>\n<\/fieldset>\n<div class=\"form-columns\">\n\t<p><label><span class=\"form-label\">Imi\u0119 i Nazwisko*<\/span><span class=\"wpcf7-form-control-wrap\" data-name=\"your-name\"><input size=\"40\" maxlength=\"400\" class=\"wpcf7-form-control wpcf7-text wpcf7-validates-as-required\" aria-required=\"true\" aria-invalid=\"false\" value=\"\" type=\"text\" name=\"your-name\" \/><\/span><\/label><br \/>\n<label><span class=\"form-label\">Email*<\/span><span class=\"wpcf7-form-control-wrap\" data-name=\"your-email\"><input size=\"40\" maxlength=\"400\" class=\"wpcf7-form-control wpcf7-email wpcf7-validates-as-required wpcf7-text wpcf7-validates-as-email\" aria-required=\"true\" aria-invalid=\"false\" value=\"\" type=\"email\" name=\"your-email\" \/><\/span><\/label>\n\t<\/p>\n<\/div>\n<div class=\"form-columns\">\n\t<p><label><span class=\"form-label\">Numer telefonu*<\/span><span class=\"wpcf7-form-control-wrap\" data-name=\"your-phone\"><input size=\"40\" maxlength=\"400\" class=\"wpcf7-form-control wpcf7-tel wpcf7-validates-as-required wpcf7-text wpcf7-validates-as-tel\" aria-required=\"true\" aria-invalid=\"false\" value=\"\" type=\"tel\" name=\"your-phone\" \/><\/span><\/label><br \/>\n<label><span class=\"form-label\">Kod pocztowy*<\/span><span class=\"wpcf7-form-control-wrap\" data-name=\"your-postcode\"><input size=\"40\" maxlength=\"400\" class=\"wpcf7-form-control wpcf7-text wpcf7-validates-as-required\" aria-required=\"true\" aria-invalid=\"false\" value=\"\" type=\"text\" name=\"your-postcode\" \/><\/span><\/label>\n\t<\/p>\n<\/div>\n<div class=\"checkbox-input\" style=\"font-size: 0.75em\">\n\t<p>        <span class=\"wpcf7-form-control-wrap\" data-name=\"checkall-69dd443dd8e36\">\r\n            <span class=\"wpcf7-form-control wpcf7-acceptance optional\">\r\n                <span class=\"wpcf7-list-item\">\r\n                    <input type=\"checkbox\" name=\"checkall-69dd443dd8e36\" aria-invalid=\"false\" id=\"checkall-69dd443dd8e36\" \/>\r\n                <\/span>\r\n            <\/span>\r\n        <\/span>\r\n        <div>\r\n            <p>\r\n                Zaznacz wszystkie pola            <\/p>\r\n        <\/div>\r\n    \n\t<\/p>\n<\/div>\n<div class=\"checkbox-input\" style=\"font-size: 0.75em\">\n\t<p><span class=\"wpcf7-form-control-wrap\" data-name=\"your-acceptance\"><span class=\"wpcf7-form-control wpcf7-acceptance\"><span class=\"wpcf7-list-item\"><input type=\"checkbox\" name=\"your-acceptance\" value=\"1\" aria-invalid=\"false\" \/><\/span><\/span><\/span>\n\t<\/p>\n\t<div>\n\t\t<p>*O\u015bwiadczam, \u017ce zapozna\u0142em si\u0119 z <a href='\/polityka-prywatnosci\/' target=\"_blank\">Polityk\u0105 prywatno\u015bci oraz Regulaminem \u015bwiadczenia us\u0142ug drog\u0105 elektroniczn\u0105<\/a> i akceptuj\u0119 ich tre\u015b\u0107.\n\t\t<\/p>\n\t<\/div>\n<\/div>\n<div class=\"checkbox-input\" style=\"font-size: 0.75em\">\n\t<p><span class=\"wpcf7-form-control-wrap\" data-name=\"your-acceptance-info\"><span class=\"wpcf7-form-control wpcf7-acceptance optional\"><span class=\"wpcf7-list-item\"><input type=\"checkbox\" name=\"your-acceptance-info\" value=\"1\" aria-invalid=\"false\" \/><\/span><\/span><\/span>\n\t<\/p>\n\t<div>\n\t\t<p>Wyra\u017cam zgod\u0119 na przesy\u0142anie informacji handlowej skierowanej za pomoc\u0105 \u015brodk\u00f3w komunikacji elektronicznej oraz na u\u017cywanie telekomunikacyjnych urz\u0105dze\u0144 ko\u0144cowych i automatycznych system\u00f3w wywo\u0142uj\u0105cych dla cel\u00f3w marketingu bezpo\u015bredniego przez Grup\u0119 Wanicki*\n\t\t<\/p>\n\t<\/div>\n<\/div>\n<div style=\"font-size: 0.75em\">\n\t<p>Zgoda obejmuje kontakt za po\u015brednictwem:\n\t<\/p>\n<\/div>\n<div class=\"checkbox-input\" style=\"font-size: 0.75em\">\n\t<p><span class=\"wpcf7-form-control-wrap\" data-name=\"your-acceptance-email\"><span class=\"wpcf7-form-control wpcf7-acceptance optional\"><span class=\"wpcf7-list-item\"><input type=\"checkbox\" name=\"your-acceptance-email\" value=\"1\" aria-invalid=\"false\" \/><\/span><\/span><\/span>\n\t<\/p>\n\t<div>\n\t\t<p>E-mail\n\t\t<\/p>\n\t<\/div>\n<\/div>\n<div class=\"checkbox-input\" style=\"font-size: 0.75em\">\n\t<p><span class=\"wpcf7-form-control-wrap\" data-name=\"your-acceptance-sms\"><span class=\"wpcf7-form-control wpcf7-acceptance optional\"><span class=\"wpcf7-list-item\"><input type=\"checkbox\" name=\"your-acceptance-sms\" value=\"1\" aria-invalid=\"false\" \/><\/span><\/span><\/span>\n\t<\/p>\n\t<div>\n\t\t<p>SMS\n\t\t<\/p>\n\t<\/div>\n<\/div>\n<div class=\"checkbox-input\" style=\"font-size: 0.75em\">\n\t<p><span class=\"wpcf7-form-control-wrap\" data-name=\"your-acceptance-tel\"><span class=\"wpcf7-form-control wpcf7-acceptance optional\"><span class=\"wpcf7-list-item\"><input type=\"checkbox\" name=\"your-acceptance-tel\" value=\"1\" aria-invalid=\"false\" \/><\/span><\/span><\/span>\n\t<\/p>\n\t<div>\n\t\t<p>Kontakt telefoniczny\n\t\t<\/p>\n\t<\/div>\n<\/div>\n<div style=\"font-size: 0.75em\">\n\t<p>*przez Grup\u0119 Wanicki rozumie si\u0119 nast\u0119puj\u0105ce sp\u00f3\u0142ki: Firma Wanicki sp. z o.o. z siedzib\u0105 w Mogilanach, ul. My\u015blenicka 19, 32-031 Mogilany, KRS: 0000214618; Wanicki Serwis sp. z o.o. z siedzib\u0105 w Mogilanach, ul. My\u015blenicka 19, 32.-031 Mogilany, KRS: 0000225703, MW Wanicki sp. z o.o. z siedzib\u0105 w Mogilanach, ul. My\u015blenicka 19, 32.-031 Mogilany, KRS: 0000290954; BW Wanicki sp. z o.o. z siedzib\u0105 w Mogilanach, ul. My\u015blenicka 19, 32.-031 Mogilany, KRS: 0000277732; SW Wanicki sp. z o.o. z siedzib\u0105 w Mogilanach, ul. My\u015blenicka 19, 32.-031 Mogilany, KRS: 0000318232; Nedpol Truck Service sp. z o.o. z siedzib\u0105 w Romanowie, Roman\u00f3w 10b, 42-260 Roman\u00f3w, KRS: 0000062292; WW Wanicki sp. z o.o. z siedzib\u0105 w Trzcianie, Trzciana 162, 36-071 Trzciana, KRS: 0000214811; PT Wanicki sp. z o.o. z siedzib\u0105 w Mogilanach, ul. My\u015blenicka 19, 32.-031 Mogilany, KRS: 0001069064; Wanicki Rental sp. z o.o. z siedzib\u0105 w Mogilanach, ul. My\u015blenicka 19, 32.-031 Mogilany, KRS: 0000997992.\n\t<\/p>\n<\/div>\n<p><input class=\"wpcf7-form-control wpcf7-submit has-spinner\" type=\"submit\" value=\"Prosz\u0119 o kontakt\" \/>\n<\/p><div class=\"wpcf7-response-output\" aria-hidden=\"true\"><\/div>\n<\/form>\n<\/div>\n        <\/div>\n    <\/div>\n<\/div>\n\n\n<div class=\"wp-block-wanicki-cta-banner cta-banner\">\n    <div class=\"container\">\n        <div class=\"cta-banner__container\">\n            <div class=\"cta-banner__image\"\n                  style=\"background-image: url(https:\/\/wanicki.pl\/johndeere\/wp-content\/uploads\/sites\/2\/2025\/12\/1920x1080v2.jpg)\"             ><\/div>\n            <h2 class=\"cta-banner__title\">REGULAMIN AKCJI <\/h2>\n                                    <div class=\"cta-banner__buttons\">\n                                            <a\n                            href=\"https:\/\/wanicki.pl\/johndeere\/wp-content\/uploads\/sites\/2\/2025\/12\/Regulamin-Akcji-swiateczna-wyprzedaz-magazynu-2.pdf\"\n                            class=\"btn cta-banner__button  btn--custom \"\n                             style=\"--custom-color: #d8bf06\"                             target=\"\"\n                        >\n                            REGULAMIN\n                        <\/a>\n                                                        <\/div>\n                    <\/div>\n    <\/div>\n<\/div>\n\n\n\n<p><\/p>\n","protected":false},"excerpt":{"rendered":"","protected":false},"author":2,"featured_media":4988,"parent":0,"menu_order":0,"comment_status":"closed","ping_status":"closed","template":"","meta":{"_acf_changed":false,"_seopress_robots_primary_cat":"","_seopress_titles_title":"\u015awi\u0105teczna wyprzeda\u017c magazynu! Tylko do 31.12.2025r.","_seopress_titles_desc":"W te \u015bwi\u0119ta kup sobie prezent, kt\u00f3ry pracuje ca\u0142y rok. Skorzystaj z limitowanej oferty na wybrane maszyny John Deere z finansowaniem 0% i gwarancj\u0105 PowerGard na 5 lat.","_seopress_robots_index":"","inline_featured_image":false,"footnotes":""},"class_list":["post-4956","page","type-page","status-publish","has-post-thumbnail","hentry"],"acf":[],"_links":{"self":[{"href":"https:\/\/wanicki.pl\/johndeere\/wp-json\/wp\/v2\/pages\/4956","targetHints":{"allow":["GET"]}}],"collection":[{"href":"https:\/\/wanicki.pl\/johndeere\/wp-json\/wp\/v2\/pages"}],"about":[{"href":"https:\/\/wanicki.pl\/johndeere\/wp-json\/wp\/v2\/types\/page"}],"author":[{"embeddable":true,"href":"https:\/\/wanicki.pl\/johndeere\/wp-json\/wp\/v2\/users\/2"}],"replies":[{"embeddable":true,"href":"https:\/\/wanicki.pl\/johndeere\/wp-json\/wp\/v2\/comments?post=4956"}],"version-history":[{"count":21,"href":"https:\/\/wanicki.pl\/johndeere\/wp-json\/wp\/v2\/pages\/4956\/revisions"}],"predecessor-version":[{"id":5056,"href":"https:\/\/wanicki.pl\/johndeere\/wp-json\/wp\/v2\/pages\/4956\/revisions\/5056"}],"wp:featuredmedia":[{"embeddable":true,"href":"https:\/\/wanicki.pl\/johndeere\/wp-json\/wp\/v2\/media\/4988"}],"wp:attachment":[{"href":"https:\/\/wanicki.pl\/johndeere\/wp-json\/wp\/v2\/media?parent=4956"}],"curies":[{"name":"wp","href":"https:\/\/api.w.org\/{rel}","templated":true}]}}