{"id":5103,"date":"2026-01-26T09:33:07","date_gmt":"2026-01-26T08:33:07","guid":{"rendered":"https:\/\/wanicki.pl\/johndeere\/?page_id=5103"},"modified":"2026-01-27T14:27:07","modified_gmt":"2026-01-27T13:27:07","slug":"akcja-na-5-finansowanie-ktore-sie-oplaca","status":"publish","type":"page","link":"https:\/\/wanicki.pl\/johndeere\/akcja-na-5-finansowanie-ktore-sie-oplaca\/","title":{"rendered":"Akcja na 5 \u2013 finansowanie, kt\u00f3re si\u0119 op\u0142aca!"},"content":{"rendered":"<div class=\"wp-block-wanicki-hero-header hero-header\">\n    <div class=\"hero-header__image hero-header__image--desktop\"\n          style=\"background-image: url(https:\/\/wanicki.pl\/johndeere\/wp-content\/uploads\/sites\/2\/2026\/01\/1920x1080v3.jpg)\" ><\/div>\n    <div class=\"hero-header__image hero-header__image--mobile\"\n          style=\"background-image: url(https:\/\/wanicki.pl\/johndeere\/wp-content\/uploads\/sites\/2\/2026\/01\/1920x1080v3.jpg)\"\n         >\n    <\/div>\n    <div class=\"hero-header__container container\">\n        <h1 class=\"hero-header__title\"><strong>5 LAT SPOKOJU!<\/strong> <\/h1>\n                    <div class=\"hero-header__subtitle\"><p>Skorzystaj z atrakcyjnego finansowania<strong> 5 lat 0%, <\/strong>niskiego wk\u0142adu w\u0142asnego i <strong>5 lat ochrony<\/strong> PowerGard Protection Plus na zakup nowego ci\u0105gnika!<\/p>\n<p>&nbsp;<\/p>\n<p><span style=\"font-size: 8pt;\">*Szczeg\u00f3\u0142y akcji promocyjnej w Regulaminie akcji poni\u017cej.<\/span><\/p>\n<p><span style=\"font-size: 8pt;\">**Oferta ma charakter informacyjny i nie stanowi oferty handlowej w rozumieniu KC (art. 71, art. 63).<\/span><\/p>\n<\/div>\n                            <a href=\"#formularz\"\n               class=\"btn  btn--custom \"\n                style=\"--custom-color: #d8bf06\"             >ZAMAWIAM OFERT\u0118<\/a>\n            <\/div>\n<\/div>\n\n\n<div id=\"formularz\"><div class=\"wp-block-wanicki-job-form job-form__container\" id=\"formularz\">\n    <div class=\"container job-form\">\n        <div class=\"job-form__info\">\n            <h2 class=\"job-form__info-title\">Zainteresowany ofert\u0105? Oddzwonimy!<\/h2>\n                    <p class=\"job-form__info-text\">\n                NIE CZEKAJ! Wype\u0142nij formularz kontaktowy, a my skontaktujemy si\u0119 i przedstawimy szczeg\u00f3\u0142y.\n            <\/p>\n        <\/div>\n        <div class=\"job-form__form\">\n            \n<div class=\"wpcf7 no-js\" id=\"wpcf7-f5111-o1\" lang=\"pl-PL\" dir=\"ltr\" data-wpcf7-id=\"5111\">\n<div class=\"screen-reader-response\"><p role=\"status\" aria-live=\"polite\" aria-atomic=\"true\"><\/p> <ul><\/ul><\/div>\n<form action=\"\/johndeere\/wp-json\/wp\/v2\/pages\/5103#wpcf7-f5111-o1\" method=\"post\" class=\"wpcf7-form init\" aria-label=\"Formularz kontaktowy\" novalidate=\"novalidate\" data-status=\"init\">\n<fieldset class=\"hidden-fields-container\"><input type=\"hidden\" name=\"_wpcf7\" value=\"5111\" \/><input type=\"hidden\" name=\"_wpcf7_version\" value=\"6.1.5\" \/><input type=\"hidden\" name=\"_wpcf7_locale\" value=\"pl_PL\" \/><input type=\"hidden\" name=\"_wpcf7_unit_tag\" value=\"wpcf7-f5111-o1\" \/><input type=\"hidden\" name=\"_wpcf7_container_post\" value=\"0\" \/><input type=\"hidden\" name=\"_wpcf7_posted_data_hash\" value=\"\" \/><input type=\"hidden\" name=\"_wpcf7_recaptcha_response\" value=\"\" \/>\n<\/fieldset>\n<div class=\"form-columns\">\n\t<p><label><span class=\"form-label\">Imi\u0119*<\/span><span class=\"wpcf7-form-control-wrap\" data-name=\"your-name\"><input size=\"40\" maxlength=\"400\" class=\"wpcf7-form-control wpcf7-text wpcf7-validates-as-required\" aria-required=\"true\" aria-invalid=\"false\" value=\"\" type=\"text\" name=\"your-name\" \/><\/span><\/label><br \/>\n<label><span class=\"form-label\">Nazwisko*<\/span><span class=\"wpcf7-form-control-wrap\" data-name=\"your-surname\"><input size=\"40\" maxlength=\"400\" class=\"wpcf7-form-control wpcf7-text\" aria-invalid=\"false\" value=\"\" type=\"text\" name=\"your-surname\" \/><\/span><\/label>\n\t<\/p>\n<\/div>\n<div class=\"form-columns\">\n\t<p><label><span class=\"form-label\">Email*<\/span><span class=\"wpcf7-form-control-wrap\" data-name=\"your-email\"><input size=\"40\" maxlength=\"400\" class=\"wpcf7-form-control wpcf7-email wpcf7-validates-as-required wpcf7-text wpcf7-validates-as-email\" aria-required=\"true\" aria-invalid=\"false\" value=\"\" type=\"email\" name=\"your-email\" \/><\/span><\/label><br \/>\n<label><span class=\"form-label\">Numer telefonu*<\/span><span class=\"wpcf7-form-control-wrap\" data-name=\"your-phone\"><input size=\"40\" maxlength=\"400\" class=\"wpcf7-form-control wpcf7-tel wpcf7-validates-as-required wpcf7-text wpcf7-validates-as-tel\" aria-required=\"true\" aria-invalid=\"false\" value=\"\" type=\"tel\" name=\"your-phone\" \/><\/span><\/label>\n\t<\/p>\n<\/div>\n<div class=\"form-columns\">\n\t<p><label><span class=\"form-label\">Kod pocztowy*<\/span><span class=\"wpcf7-form-control-wrap\" data-name=\"your-postcode\"><input size=\"40\" maxlength=\"400\" class=\"wpcf7-form-control wpcf7-text wpcf7-validates-as-required\" aria-required=\"true\" aria-invalid=\"false\" value=\"\" type=\"text\" name=\"your-postcode\" \/><\/span><\/label><br \/>\n<label><span class=\"form-label\">Interesuje mnie*<\/span><span class=\"wpcf7-form-control-wrap\" data-name=\"your-vehicle\"><input size=\"40\" maxlength=\"400\" class=\"wpcf7-form-control wpcf7-text wpcf7-validates-as-required\" aria-required=\"true\" aria-invalid=\"false\" placeholder=\"wpisz ...\" value=\"\" type=\"text\" name=\"your-vehicle\" \/><\/span><\/label>\n\t<\/p>\n<\/div>\n<div class=\"checkbox-input\" style=\"font-size: 0.75em\">\n\t<p>        <span class=\"wpcf7-form-control-wrap\" data-name=\"checkall-69dd2f363c3b0\">\r\n            <span class=\"wpcf7-form-control wpcf7-acceptance optional\">\r\n                <span class=\"wpcf7-list-item\">\r\n                    <input type=\"checkbox\" name=\"checkall-69dd2f363c3b0\" aria-invalid=\"false\" id=\"checkall-69dd2f363c3b0\" \/>\r\n                <\/span>\r\n            <\/span>\r\n        <\/span>\r\n        <div>\r\n            <p>\r\n                Zaznacz wszystkie pola            <\/p>\r\n        <\/div>\r\n    \n\t<\/p>\n<\/div>\n<div class=\"checkbox-input\" style=\"font-size: 0.75em\">\n\t<p><span class=\"wpcf7-form-control-wrap\" data-name=\"your-acceptance\"><span class=\"wpcf7-form-control wpcf7-acceptance\"><span class=\"wpcf7-list-item\"><input type=\"checkbox\" name=\"your-acceptance\" value=\"1\" aria-invalid=\"false\" \/><\/span><\/span><\/span>\n\t<\/p>\n\t<div>\n\t\t<p>*O\u015bwiadczam, \u017ce zapozna\u0142em si\u0119 z <a href='\/polityka-prywatnosci\/' target=\"_blank\">Polityk\u0105 prywatno\u015bci oraz Regulaminem \u015bwiadczenia us\u0142ug drog\u0105 elektroniczn\u0105<\/a> i akceptuj\u0119 ich tre\u015b\u0107.\n\t\t<\/p>\n\t<\/div>\n<\/div>\n<div class=\"checkbox-input\" style=\"font-size: 0.75em\">\n\t<p><span class=\"wpcf7-form-control-wrap\" data-name=\"your-acceptance-info\"><span class=\"wpcf7-form-control wpcf7-acceptance optional\"><span class=\"wpcf7-list-item\"><input type=\"checkbox\" name=\"your-acceptance-info\" value=\"1\" aria-invalid=\"false\" \/><\/span><\/span><\/span>\n\t<\/p>\n\t<div>\n\t\t<p>Wyra\u017cam zgod\u0119 na przesy\u0142anie informacji handlowej skierowanej za pomoc\u0105 \u015brodk\u00f3w komunikacji elektronicznej oraz na u\u017cywanie telekomunikacyjnych urz\u0105dze\u0144 ko\u0144cowych i automatycznych system\u00f3w wywo\u0142uj\u0105cych dla cel\u00f3w marketingu bezpo\u015bredniego przez Grup\u0119 Wanicki*\n\t\t<\/p>\n\t<\/div>\n<\/div>\n<div style=\"font-size: 0.75em\">\n\t<p>Zgoda obejmuje kontakt za po\u015brednictwem:\n\t<\/p>\n<\/div>\n<div class=\"checkbox-input\" style=\"font-size: 0.75em\">\n\t<p><span class=\"wpcf7-form-control-wrap\" data-name=\"your-acceptance-email\"><span class=\"wpcf7-form-control wpcf7-acceptance optional\"><span class=\"wpcf7-list-item\"><input type=\"checkbox\" name=\"your-acceptance-email\" value=\"1\" aria-invalid=\"false\" \/><\/span><\/span><\/span>\n\t<\/p>\n\t<div>\n\t\t<p>E-mail\n\t\t<\/p>\n\t<\/div>\n<\/div>\n<div class=\"checkbox-input\" style=\"font-size: 0.75em\">\n\t<p><span class=\"wpcf7-form-control-wrap\" data-name=\"your-acceptance-sms\"><span class=\"wpcf7-form-control wpcf7-acceptance optional\"><span class=\"wpcf7-list-item\"><input type=\"checkbox\" name=\"your-acceptance-sms\" value=\"1\" aria-invalid=\"false\" \/><\/span><\/span><\/span>\n\t<\/p>\n\t<div>\n\t\t<p>SMS\n\t\t<\/p>\n\t<\/div>\n<\/div>\n<div class=\"checkbox-input\" style=\"font-size: 0.75em\">\n\t<p><span class=\"wpcf7-form-control-wrap\" data-name=\"your-acceptance-tel\"><span class=\"wpcf7-form-control wpcf7-acceptance optional\"><span class=\"wpcf7-list-item\"><input type=\"checkbox\" name=\"your-acceptance-tel\" value=\"1\" aria-invalid=\"false\" \/><\/span><\/span><\/span>\n\t<\/p>\n\t<div>\n\t\t<p>Kontakt telefoniczny\n\t\t<\/p>\n\t<\/div>\n<\/div>\n<div style=\"font-size: 0.75em\">\n\t<p>*przez Grup\u0119 Wanicki rozumie si\u0119 nast\u0119puj\u0105ce sp\u00f3\u0142ki: Firma Wanicki sp. z o.o. z siedzib\u0105 w Mogilanach, ul. My\u015blenicka 19, 32-031 Mogilany, KRS: 0000214618; Wanicki Serwis sp. z o.o. z siedzib\u0105 w Mogilanach, ul. My\u015blenicka 19, 32.-031 Mogilany, KRS: 0000225703, MW Wanicki sp. z o.o. z siedzib\u0105 w Mogilanach, ul. My\u015blenicka 19, 32.-031 Mogilany, KRS: 0000290954; BW Wanicki sp. z o.o. z siedzib\u0105 w Mogilanach, ul. My\u015blenicka 19, 32.-031 Mogilany, KRS: 0000277732; SW Wanicki sp. z o.o. z siedzib\u0105 w Mogilanach, ul. My\u015blenicka 19, 32.-031 Mogilany, KRS: 0000318232; Nedpol Truck Service sp. z o.o. z siedzib\u0105 w Romanowie, Roman\u00f3w 10b, 42-260 Roman\u00f3w, KRS: 0000062292; WW Wanicki sp. z o.o. z siedzib\u0105 w Trzcianie, Trzciana 162, 36-071 Trzciana, KRS: 0000214811; PT Wanicki sp. z o.o. z siedzib\u0105 w Mogilanach, ul. My\u015blenicka 19, 32.-031 Mogilany, KRS: 0001069064; Wanicki Rental sp. z o.o. z siedzib\u0105 w Mogilanach, ul. My\u015blenicka 19, 32.-031 Mogilany, KRS: 0000997992.\n\t<\/p>\n<\/div>\n<p><input class=\"wpcf7-form-control wpcf7-submit has-spinner\" type=\"submit\" value=\"Prosz\u0119 o kontakt\" \/>\n<\/p><div class=\"wpcf7-response-output\" aria-hidden=\"true\"><\/div>\n<\/form>\n<\/div>\n        <\/div>\n    <\/div>\n<\/div>\n<\/div>\n\n<div class=\"wp-block-wanicki-image-with-text image-with-text \">\n\n    <div class=\"image-with-text__image\">\n                    <div class=\"image-with-text__image-photo\"\n                 style=\"background-image: url(https:\/\/wanicki.pl\/johndeere\/wp-content\/uploads\/sites\/2\/2026\/01\/1080x1350v2.jpg)\"><\/div>\n            <\/div>\n\n    <div class=\"image-with-text__info  \">\n                    <div class=\"image-with-text__info-title-wrapper\">\n                <h2 class=\"image-with-text__info-title\">Masz plan na inwestycj\u0119?<\/h2>\n                                    <\/div>\n                            <div class=\"image-with-text__info-text\">\n                <p data-start=\"119\" data-end=\"222\">A czy masz te\u017c plan na koszty, kt\u00f3re lubi\u0105 wyskakiwa\u0107 znienacka?<\/p>\n<p data-start=\"224\" data-end=\"310\"><strong data-start=\"224\" data-end=\"238\">AKCJA NA 5<\/strong> to spos\u00f3b na nowy ci\u0105gnik i <strong data-start=\"267\" data-end=\"305\">pe\u0142n\u0105 kontrol\u0119 bud\u017cetu przez 5 lat<\/strong><\/p>\n<p data-start=\"312\" data-end=\"451\">\u2705 <strong data-start=\"314\" data-end=\"339\">5 lat finansowania 0%<\/strong><\/p>\n<p data-start=\"312\" data-end=\"451\">\u2705 <strong data-start=\"344\" data-end=\"366\">Niski wk\u0142ad w\u0142asny &#8211; 25%<\/strong><\/p>\n<p data-start=\"312\" data-end=\"451\">\u2705 <strong data-start=\"371\" data-end=\"414\">5 lat PE\u0141NEJ ochrony PowerGard Protection Plus<\/strong><\/p>\n<p data-start=\"312\" data-end=\"451\">\u2705 <strong data-start=\"419\" data-end=\"449\">Rata ju\u017c od 6 300 z\u0142 \/ kwarta\u0142<\/strong><\/p>\n<p data-start=\"621\" data-end=\"674\">Ty robisz swoje w polu.<\/p>\n<p data-start=\"621\" data-end=\"674\">My pilnujemy reszty.<\/p>\n\n            <\/div>\n                            <a href=\"https:\/\/wanicki.pl\/johndeere\/wp-content\/uploads\/sites\/2\/2026\/01\/Regulamin-Akcji-Akcja-na-5.pdf\" class=\"btn btn--primary image-with-text__button  btn--custom \"\n                style=\"--custom-color: #367c2b\" >REGULAMIN AKCJI<\/a>\n                            <div class=\"image-with-text__extra-links\">\n                                                                <\/div>\n        \n    <\/div>\n\n<\/div>\n\n\n<div class=\"wp-block-wanicki-image-with-text image-with-text  image-with-text--reversed \">\n\n    <div class=\"image-with-text__image\">\n                    <div class=\"image-with-text__image-photo\"\n                 style=\"background-image: url(https:\/\/wanicki.pl\/johndeere\/wp-content\/uploads\/sites\/2\/2026\/01\/1080x1350v1.jpg)\"><\/div>\n            <\/div>\n\n    <div class=\"image-with-text__info  image-with-text__info--reversed  \">\n                    <div class=\"image-with-text__info-title-wrapper\">\n                <h2 class=\"image-with-text__info-title\">DOST\u0118PNE MASZYNY OD R\u0118KI!<\/h2>\n                                    <\/div>\n                            <div class=\"image-with-text__info-text\">\n                <p data-start=\"86\" data-end=\"208\">W ofercie znajdziesz <strong data-start=\"107\" data-end=\"147\">sprawdzone ci\u0105gniki z topowych serii<\/strong>, dopasowane zar\u00f3wno do mniejszych, jak i du\u017cych gospodarstw.<\/p>\n<p data-start=\"210\" data-end=\"269\"><strong data-start=\"210\" data-end=\"257\">Seria 5E \u2013 proste i ekonomiczne rozwi\u0105zania<\/strong><br data-start=\"257\" data-end=\"260\" \/>\u2022 5075E<\/p>\n<p data-start=\"271\" data-end=\"338\"><strong data-start=\"271\" data-end=\"326\">Seria 5M \u2013 uniwersalne ci\u0105gniki do codziennej pracy<\/strong><br data-start=\"326\" data-end=\"329\" \/>\u2022 5105M<\/p>\n<p data-start=\"340\" data-end=\"434\"><strong data-start=\"340\" data-end=\"402\">Seria 6M \u2013 wi\u0119cej mocy i technologii do wymagaj\u0105cych zada\u0144<\/strong><br data-start=\"402\" data-end=\"405\" \/>\u2022 6M 105<br data-start=\"412\" data-end=\"415\" \/>\u2022 6M 155<br data-start=\"422\" data-end=\"425\" \/>\u2022 6M 200<\/p>\n<p data-start=\"436\" data-end=\"529\"><strong data-start=\"436\" data-end=\"475\">Potrzebujesz jeszcze wi\u0119kszej mocy? <\/strong>Akcja obejmuje r\u00f3wnie\u017c modele z wy\u017cszych segment\u00f3w:<\/p>\n<p data-start=\"531\" data-end=\"571\">\u2022 6R 175<br data-start=\"538\" data-end=\"541\" \/>\u2022 7R 310<br data-start=\"548\" data-end=\"551\" \/>\u2022 8R 340<br data-start=\"558\" data-end=\"561\" \/>\u2022 9RX 830<\/p>\n\n            <\/div>\n                                    <div class=\"image-with-text__extra-links\">\n                                                                <\/div>\n        \n    <\/div>\n\n<\/div>\n\n\n<div class=\"wp-block-wanicki-image-with-text image-with-text \">\n\n    <div class=\"image-with-text__image\">\n                    <div class=\"image-with-text__image-photo\"\n                 style=\"background-image: url(https:\/\/wanicki.pl\/johndeere\/wp-content\/uploads\/sites\/2\/2025\/11\/r2g028777_LSC-1-scaled.jpg)\"><\/div>\n            <\/div>\n\n    <div class=\"image-with-text__info  \">\n                    <div class=\"image-with-text__info-title-wrapper\">\n                <h2 class=\"image-with-text__info-title\">5 lat pe\u0142nej ochrony dzi\u0119ki PowerGard Protecion Plus<\/h2>\n                                    <\/div>\n                            <div class=\"image-with-text__info-text\">\n                <p data-start=\"146\" data-end=\"429\"><strong data-start=\"146\" data-end=\"176\">PowerGard\u2122 Protection Plus<\/strong> to kompleksowy plan ochrony na najwy\u017cszym poziomie, obejmuj\u0105cy <strong data-start=\"240\" data-end=\"287\">niemal wszystkie kluczowe elementy ci\u0105gnika. <\/strong>Zabezpiecza to, co decyduje o wydajnej i bezpiecznej pracy maszyny \u2013 od przeniesienia mocy, przez uk\u0142ady robocze, a\u017c po komfort operatora.<\/p>\n<p data-start=\"431\" data-end=\"603\">Ochron\u0105 obj\u0119te s\u0105 m.in.:<br data-start=\"455\" data-end=\"458\" \/>silnik, zesp\u00f3\u0142 nap\u0119dowy, uk\u0142ad hydrauliczny i elektryczny, hamulce, uk\u0142ad kierowniczy, rama, uk\u0142ady pomocnicze silnika oraz stanowisko operatora.<\/p>\n<p data-start=\"605\" data-end=\"883\"><strong data-start=\"605\" data-end=\"626\">Co to daje Tobie?<\/strong><br data-start=\"626\" data-end=\"629\" \/>\u2714 pe\u0142n\u0105 kontrol\u0119 nad kosztami serwisu<br data-start=\"666\" data-end=\"669\" \/>\u2714 brak niespodziewanych wydatk\u00f3w na naprawy<br data-start=\"712\" data-end=\"715\" \/>\u2714 ci\u0105gnik gotowy do pracy w najwa\u017cniejszych momentach sezonu<br data-start=\"775\" data-end=\"778\" \/>\u2714 wi\u0119ksze bezpiecze\u0144stwo i komfort pracy operatora<br data-start=\"828\" data-end=\"831\" \/>\u2714 spok\u00f3j i przewidywalno\u015b\u0107 przez 5 lat u\u017cytkowania<\/p>\n\n            <\/div>\n                            <a href=\"https:\/\/wanicki.pl\/johndeere\/wp-content\/uploads\/sites\/2\/2026\/01\/PowerGard-ulotka.pdf\" class=\"btn btn--primary image-with-text__button  btn--custom \"\n                style=\"--custom-color: #367c2b\" >DOWIEDZ SI\u0118 WI\u0118CEJ<\/a>\n                            <div class=\"image-with-text__extra-links\">\n                                                                <\/div>\n        \n    <\/div>\n\n<\/div>\n\n\n<div class=\"wp-block-wanicki-cta-banner cta-banner\">\n    <div class=\"container\">\n        <div class=\"cta-banner__container\">\n            <div class=\"cta-banner__image\"\n                  style=\"background-image: url(https:\/\/wanicki.pl\/johndeere\/wp-content\/uploads\/sites\/2\/2025\/10\/6m-scaled.webp)\"             ><\/div>\n            <h2 class=\"cta-banner__title\">SPRAWD\u0179 MODELE CI\u0104GNIK\u00d3W<\/h2>\n                                    <div class=\"cta-banner__buttons\">\n                                            <a\n                            href=\"https:\/\/wanicki.pl\/johndeere\/oferta\/maszyny-rolnicze\/ciagniki\/\"\n                            class=\"btn cta-banner__button  btn--custom \"\n                             style=\"--custom-color: #d8bf06\"                             target=\"\"\n                        >\n                            KLIKNIJ TUTAJ\n                        <\/a>\n                                                        <\/div>\n                    <\/div>\n    <\/div>\n<\/div>\n\n\n\n<p><\/p>\n","protected":false},"excerpt":{"rendered":"","protected":false},"author":2,"featured_media":5134,"parent":0,"menu_order":0,"comment_status":"closed","ping_status":"closed","template":"","meta":{"_acf_changed":false,"_seopress_robots_primary_cat":"","_seopress_titles_title":"Akcja na 5 \u2013 finansowanie, kt\u00f3re si\u0119 op\u0142aca!","_seopress_titles_desc":"Nowy ci\u0105gnik bez odsetek przez 5 LAT! Niski wk\u0142ad w\u0142asny, Pe\u0142na ochrona PowerGard Protection Plus - rata ju\u017c od 6 300 z\u0142\/kw. Zadzwo\u0144 i sprawd\u017a dost\u0119pne modele!","_seopress_robots_index":"","inline_featured_image":false,"footnotes":""},"class_list":["post-5103","page","type-page","status-publish","has-post-thumbnail","hentry"],"acf":[],"_links":{"self":[{"href":"https:\/\/wanicki.pl\/johndeere\/wp-json\/wp\/v2\/pages\/5103","targetHints":{"allow":["GET"]}}],"collection":[{"href":"https:\/\/wanicki.pl\/johndeere\/wp-json\/wp\/v2\/pages"}],"about":[{"href":"https:\/\/wanicki.pl\/johndeere\/wp-json\/wp\/v2\/types\/page"}],"author":[{"embeddable":true,"href":"https:\/\/wanicki.pl\/johndeere\/wp-json\/wp\/v2\/users\/2"}],"replies":[{"embeddable":true,"href":"https:\/\/wanicki.pl\/johndeere\/wp-json\/wp\/v2\/comments?post=5103"}],"version-history":[{"count":12,"href":"https:\/\/wanicki.pl\/johndeere\/wp-json\/wp\/v2\/pages\/5103\/revisions"}],"predecessor-version":[{"id":5144,"href":"https:\/\/wanicki.pl\/johndeere\/wp-json\/wp\/v2\/pages\/5103\/revisions\/5144"}],"wp:featuredmedia":[{"embeddable":true,"href":"https:\/\/wanicki.pl\/johndeere\/wp-json\/wp\/v2\/media\/5134"}],"wp:attachment":[{"href":"https:\/\/wanicki.pl\/johndeere\/wp-json\/wp\/v2\/media?parent=5103"}],"curies":[{"name":"wp","href":"https:\/\/api.w.org\/{rel}","templated":true}]}}