{"id":5167,"date":"2026-02-13T13:32:48","date_gmt":"2026-02-13T12:32:48","guid":{"rendered":"https:\/\/wanicki.pl\/johndeere\/?page_id=5167"},"modified":"2026-02-27T11:57:05","modified_gmt":"2026-02-27T10:57:05","slug":"przebijemy-kazda-oferte-ciagniki-komabjny-opryskiwacze-sieczkarnie","status":"publish","type":"page","link":"https:\/\/wanicki.pl\/johndeere\/przebijemy-kazda-oferte-ciagniki-komabjny-opryskiwacze-sieczkarnie\/","title":{"rendered":"Przebijemy ka\u017cd\u0105 ofert\u0119 &#8211; ci\u0105gniki, komabjny, opryskiwacze, sieczkarnie"},"content":{"rendered":"<div class=\"wp-block-wanicki-hero-header hero-header\">\n    <div class=\"hero-header__image hero-header__image--desktop\"\n          style=\"background-image: url(https:\/\/wanicki.pl\/johndeere\/wp-content\/uploads\/sites\/2\/2026\/02\/landing_baner-Ciagniki.png)\" ><\/div>\n    <div class=\"hero-header__image hero-header__image--mobile\"\n          style=\"background-image: url(https:\/\/wanicki.pl\/johndeere\/wp-content\/uploads\/sites\/2\/2026\/02\/landing_baner-Ciagniki.png)\"\n         >\n    <\/div>\n    <div class=\"hero-header__container container\">\n        <h1 class=\"hero-header__title\">Szukasz maszyny rolniczej?<br><strong>PRZEBIJEMY KA\u017bD\u0104 OFERT\u0118<\/strong> <\/h1>\n                    <div class=\"hero-header__subtitle\"><p>Szukasz maszyny rolniczej? PRZEBIJEMY KA\u017bD\u0104 OFERT\u0118<br \/>\nCi\u0105gniki, kombajny, sieczkarnie i opryskiwacze &#8211; najlepsze warunki na rynku.<\/p>\n<p>&nbsp;<\/p>\n<p><span style=\"font-size: 10pt;\"><span class=\"a_GcMg font-feature-liga-off font-feature-clig-off font-feature-calt-off text-decoration-none text-strikethrough-none\">I<\/span><span class=\"a_GcMg font-feature-liga-off font-feature-clig-off font-feature-calt-off text-decoration-none text-strikethrough-none\">nformacja ma charakter reklamowy i nie stanowi oferty w rozumieniu Kodeksu Cywilnego, w szczeg\u00f3lno\u015bci art. 66 \u00a7 1 k.c.\u00a0<\/span><\/span><\/p>\n<\/div>\n                            <a href=\"https:\/\/wanicki.pl\/johndeere\/przebijemy-kazda-oferte-ciagniki-komabjny-opryskiwacze-sieczkarnie\/#formularz\"\n               class=\"btn  btn--custom \"\n                style=\"--custom-color: #d8bf06\"             >ZAMAWIAM OFERT\u0118<\/a>\n            <\/div>\n<\/div>\n\n\n<div id=\"formularz\"><div class=\"wp-block-wanicki-job-form job-form__container\" id=\"formularz\">\n    <div class=\"container job-form\">\n        <div class=\"job-form__info\">\n            <h2 class=\"job-form__info-title\">Zainteresowany ofert\u0105? Oddzwonimy!<\/h2>\n                    <p class=\"job-form__info-text\">\n                NIE CZEKAJ! Wype\u0142nij formularz kontaktowy, a my skontaktujemy si\u0119 i przedstawimy szczeg\u00f3\u0142y.\n            <\/p>\n        <\/div>\n        <div class=\"job-form__form\">\n            \n<div class=\"wpcf7 no-js\" id=\"wpcf7-f5168-o1\" lang=\"pl-PL\" dir=\"ltr\" data-wpcf7-id=\"5168\">\n<div class=\"screen-reader-response\"><p role=\"status\" aria-live=\"polite\" aria-atomic=\"true\"><\/p> <ul><\/ul><\/div>\n<form action=\"\/johndeere\/wp-json\/wp\/v2\/pages\/5167#wpcf7-f5168-o1\" method=\"post\" class=\"wpcf7-form init\" aria-label=\"Formularz kontaktowy\" novalidate=\"novalidate\" data-status=\"init\">\n<fieldset class=\"hidden-fields-container\"><input type=\"hidden\" name=\"_wpcf7\" value=\"5168\" \/><input type=\"hidden\" name=\"_wpcf7_version\" value=\"6.1.5\" \/><input type=\"hidden\" name=\"_wpcf7_locale\" value=\"pl_PL\" \/><input type=\"hidden\" name=\"_wpcf7_unit_tag\" value=\"wpcf7-f5168-o1\" \/><input type=\"hidden\" name=\"_wpcf7_container_post\" value=\"0\" \/><input type=\"hidden\" name=\"_wpcf7_posted_data_hash\" value=\"\" \/><input type=\"hidden\" name=\"_wpcf7_recaptcha_response\" value=\"\" \/>\n<\/fieldset>\n<div class=\"form-columns\">\n\t<p><label><span class=\"form-label\">Imi\u0119*<\/span><span class=\"wpcf7-form-control-wrap\" data-name=\"your-name\"><input size=\"40\" maxlength=\"400\" class=\"wpcf7-form-control wpcf7-text wpcf7-validates-as-required\" aria-required=\"true\" aria-invalid=\"false\" value=\"\" type=\"text\" name=\"your-name\" \/><\/span><\/label><br \/>\n<label><span class=\"form-label\">Nazwisko*<\/span><span class=\"wpcf7-form-control-wrap\" data-name=\"your-surname\"><input size=\"40\" maxlength=\"400\" class=\"wpcf7-form-control wpcf7-text\" aria-invalid=\"false\" value=\"\" type=\"text\" name=\"your-surname\" \/><\/span><\/label>\n\t<\/p>\n<\/div>\n<div class=\"form-columns\">\n\t<p><label><span class=\"form-label\">Email*<\/span><span class=\"wpcf7-form-control-wrap\" data-name=\"your-email\"><input size=\"40\" maxlength=\"400\" class=\"wpcf7-form-control wpcf7-email wpcf7-validates-as-required wpcf7-text wpcf7-validates-as-email\" aria-required=\"true\" aria-invalid=\"false\" value=\"\" type=\"email\" name=\"your-email\" \/><\/span><\/label><br \/>\n<label><span class=\"form-label\">Numer telefonu*<\/span><span class=\"wpcf7-form-control-wrap\" data-name=\"your-phone\"><input size=\"40\" maxlength=\"400\" class=\"wpcf7-form-control wpcf7-tel wpcf7-validates-as-required wpcf7-text wpcf7-validates-as-tel\" aria-required=\"true\" aria-invalid=\"false\" value=\"\" type=\"tel\" name=\"your-phone\" \/><\/span><\/label>\n\t<\/p>\n<\/div>\n<div class=\"form-columns\">\n\t<p><label><span class=\"form-label\">Kod pocztowy*<\/span><span class=\"wpcf7-form-control-wrap\" data-name=\"your-postcode\"><input size=\"40\" maxlength=\"400\" class=\"wpcf7-form-control wpcf7-text wpcf7-validates-as-required\" aria-required=\"true\" aria-invalid=\"false\" value=\"\" type=\"text\" name=\"your-postcode\" \/><\/span><\/label><br \/>\n<label><span class=\"form-label\">Interesuje mnie*<\/span><span class=\"wpcf7-form-control-wrap\" data-name=\"your-vehicle\"><input size=\"40\" maxlength=\"400\" class=\"wpcf7-form-control wpcf7-text wpcf7-validates-as-required\" aria-required=\"true\" aria-invalid=\"false\" placeholder=\"wpisz ...\" value=\"\" type=\"text\" name=\"your-vehicle\" \/><\/span><\/label>\n\t<\/p>\n<\/div>\n<div class=\"checkbox-input\" style=\"font-size: 0.75em\">\n\t<p>        <span class=\"wpcf7-form-control-wrap\" data-name=\"checkall-69dd198927b7d\">\r\n            <span class=\"wpcf7-form-control wpcf7-acceptance optional\">\r\n                <span class=\"wpcf7-list-item\">\r\n                    <input type=\"checkbox\" name=\"checkall-69dd198927b7d\" aria-invalid=\"false\" id=\"checkall-69dd198927b7d\" \/>\r\n                <\/span>\r\n            <\/span>\r\n        <\/span>\r\n        <div>\r\n            <p>\r\n                Zaznacz wszystkie pola            <\/p>\r\n        <\/div>\r\n    \n\t<\/p>\n<\/div>\n<div class=\"checkbox-input\" style=\"font-size: 0.75em\">\n\t<p><span class=\"wpcf7-form-control-wrap\" data-name=\"your-acceptance\"><span class=\"wpcf7-form-control wpcf7-acceptance\"><span class=\"wpcf7-list-item\"><input type=\"checkbox\" name=\"your-acceptance\" value=\"1\" aria-invalid=\"false\" \/><\/span><\/span><\/span>\n\t<\/p>\n\t<div>\n\t\t<p>*O\u015bwiadczam, \u017ce zapozna\u0142em si\u0119 z <a href='\/polityka-prywatnosci\/' target=\"_blank\">Polityk\u0105 prywatno\u015bci oraz Regulaminem \u015bwiadczenia us\u0142ug drog\u0105 elektroniczn\u0105<\/a> i akceptuj\u0119 ich tre\u015b\u0107.\n\t\t<\/p>\n\t<\/div>\n<\/div>\n<div class=\"checkbox-input\" style=\"font-size: 0.75em\">\n\t<p><span class=\"wpcf7-form-control-wrap\" data-name=\"your-acceptance-info\"><span class=\"wpcf7-form-control wpcf7-acceptance optional\"><span class=\"wpcf7-list-item\"><input type=\"checkbox\" name=\"your-acceptance-info\" value=\"1\" aria-invalid=\"false\" \/><\/span><\/span><\/span>\n\t<\/p>\n\t<div>\n\t\t<p>Wyra\u017cam zgod\u0119 na przesy\u0142anie informacji handlowej skierowanej za pomoc\u0105 \u015brodk\u00f3w komunikacji elektronicznej oraz na u\u017cywanie telekomunikacyjnych urz\u0105dze\u0144 ko\u0144cowych i automatycznych system\u00f3w wywo\u0142uj\u0105cych dla cel\u00f3w marketingu bezpo\u015bredniego przez Grup\u0119 Wanicki*\n\t\t<\/p>\n\t<\/div>\n<\/div>\n<div style=\"font-size: 0.75em\">\n\t<p>Zgoda obejmuje kontakt za po\u015brednictwem:\n\t<\/p>\n<\/div>\n<div class=\"checkbox-input\" style=\"font-size: 0.75em\">\n\t<p><span class=\"wpcf7-form-control-wrap\" data-name=\"your-acceptance-email\"><span class=\"wpcf7-form-control wpcf7-acceptance optional\"><span class=\"wpcf7-list-item\"><input type=\"checkbox\" name=\"your-acceptance-email\" value=\"1\" aria-invalid=\"false\" \/><\/span><\/span><\/span>\n\t<\/p>\n\t<div>\n\t\t<p>E-mail\n\t\t<\/p>\n\t<\/div>\n<\/div>\n<div class=\"checkbox-input\" style=\"font-size: 0.75em\">\n\t<p><span class=\"wpcf7-form-control-wrap\" data-name=\"your-acceptance-sms\"><span class=\"wpcf7-form-control wpcf7-acceptance optional\"><span class=\"wpcf7-list-item\"><input type=\"checkbox\" name=\"your-acceptance-sms\" value=\"1\" aria-invalid=\"false\" \/><\/span><\/span><\/span>\n\t<\/p>\n\t<div>\n\t\t<p>SMS\n\t\t<\/p>\n\t<\/div>\n<\/div>\n<div class=\"checkbox-input\" style=\"font-size: 0.75em\">\n\t<p><span class=\"wpcf7-form-control-wrap\" data-name=\"your-acceptance-tel\"><span class=\"wpcf7-form-control wpcf7-acceptance optional\"><span class=\"wpcf7-list-item\"><input type=\"checkbox\" name=\"your-acceptance-tel\" value=\"1\" aria-invalid=\"false\" \/><\/span><\/span><\/span>\n\t<\/p>\n\t<div>\n\t\t<p>Kontakt telefoniczny\n\t\t<\/p>\n\t<\/div>\n<\/div>\n<div style=\"font-size: 0.75em\">\n\t<p>*przez Grup\u0119 Wanicki rozumie si\u0119 nast\u0119puj\u0105ce sp\u00f3\u0142ki: Firma Wanicki sp. z o.o. z siedzib\u0105 w Mogilanach, ul. My\u015blenicka 19, 32-031 Mogilany, KRS: 0000214618; Wanicki Serwis sp. z o.o. z siedzib\u0105 w Mogilanach, ul. My\u015blenicka 19, 32.-031 Mogilany, KRS: 0000225703, MW Wanicki sp. z o.o. z siedzib\u0105 w Mogilanach, ul. My\u015blenicka 19, 32.-031 Mogilany, KRS: 0000290954; BW Wanicki sp. z o.o. z siedzib\u0105 w Mogilanach, ul. My\u015blenicka 19, 32.-031 Mogilany, KRS: 0000277732; SW Wanicki sp. z o.o. z siedzib\u0105 w Mogilanach, ul. My\u015blenicka 19, 32.-031 Mogilany, KRS: 0000318232; Nedpol Truck Service sp. z o.o. z siedzib\u0105 w Romanowie, Roman\u00f3w 10b, 42-260 Roman\u00f3w, KRS: 0000062292; WW Wanicki sp. z o.o. z siedzib\u0105 w Trzcianie, Trzciana 162, 36-071 Trzciana, KRS: 0000214811; PT Wanicki sp. z o.o. z siedzib\u0105 w Mogilanach, ul. My\u015blenicka 19, 32.-031 Mogilany, KRS: 0001069064; Wanicki Rental sp. z o.o. z siedzib\u0105 w Mogilanach, ul. My\u015blenicka 19, 32.-031 Mogilany, KRS: 0000997992.\n\t<\/p>\n<\/div>\n<p><input class=\"wpcf7-form-control wpcf7-submit has-spinner\" type=\"submit\" value=\"Prosz\u0119 o kontakt\" \/>\n<\/p><div class=\"wpcf7-response-output\" aria-hidden=\"true\"><\/div>\n<\/form>\n<\/div>\n        <\/div>\n    <\/div>\n<\/div>\n<\/div>\n\n<div class=\"wp-block-wanicki-image-with-text image-with-text \">\n\n    <div class=\"image-with-text__image\">\n                    <div class=\"image-with-text__image-photo\"\n                 style=\"background-image: url(https:\/\/wanicki.pl\/johndeere\/wp-content\/uploads\/sites\/2\/2026\/02\/landing_baner-_Sieczkarnie-.png)\"><\/div>\n            <\/div>\n\n    <div class=\"image-with-text__info  \">\n                    <div class=\"image-with-text__info-title-wrapper\">\n                <h2 class=\"image-with-text__info-title\">PRZEBIJEMY KA\u017bD\u0104 OFERT\u0118!<\/h2>\n                                    <\/div>\n                            <div class=\"image-with-text__info-text\">\n                <p data-start=\"0\" data-end=\"365\">Planujesz zakup <strong>ci\u0105gnika, kombajnu, sieczkarni<\/strong> lub <strong>opryskiwacza<\/strong>? Zanim podejmiesz decyzj\u0119, sprawd\u017a, czy mo\u017cesz mie\u0107 lepsze warunki ni\u017c te, kt\u00f3re s\u0105 aktualnie dost\u0119pne na rynku.<\/p>\n<p data-start=\"367\" data-end=\"710\" data-is-last-node=\"\" data-is-only-node=\"\">Zakup maszyny to decyzja na lata, dlatego podchodzimy do niej kompleksowo. Przygotowujemy propozycje, kt\u00f3re daj\u0105 realn\u0105 przewag\u0119 i pozwalaj\u0105 uzyska\u0107 korzystniejsze warunki zakupu.<\/p>\n\n            <\/div>\n                            <a href=\"https:\/\/wanicki.pl\/johndeere\/wp-content\/uploads\/sites\/2\/2026\/02\/Regulamin-Przebijemy-kazda-oferte.pdf\" class=\"btn btn--primary image-with-text__button  btn--custom \"\n                style=\"--custom-color: #367c2b\" >REGULAMIN AKCJI<\/a>\n                            <div class=\"image-with-text__extra-links\">\n                                                                <\/div>\n        \n    <\/div>\n\n<\/div>\n\n\n<div class=\"wp-block-wanicki-cta-banner cta-banner\">\n    <div class=\"container\">\n        <div class=\"cta-banner__container\">\n            <div class=\"cta-banner__image\"\n                  style=\"background-image: url(https:\/\/wanicki.pl\/johndeere\/wp-content\/uploads\/sites\/2\/2026\/02\/landing_baner-_Sieczkarnie-.png)\"             ><\/div>\n            <h2 class=\"cta-banner__title\">Poznaj maszyny rolnicze john deere<\/h2>\n                                    <div class=\"cta-banner__buttons\">\n                                            <a\n                            href=\"https:\/\/wanicki.pl\/johndeere\/oferta\/maszyny-rolnicze\/\"\n                            class=\"btn cta-banner__button  btn--custom \"\n                             style=\"--custom-color: #d8bf06\"                             target=\"\"\n                        >\n                            KLIKNIJ TUTAJ\n                        <\/a>\n                                                        <\/div>\n                    <\/div>\n    <\/div>\n<\/div>\n","protected":false},"excerpt":{"rendered":"","protected":false},"author":15,"featured_media":5174,"parent":0,"menu_order":0,"comment_status":"closed","ping_status":"closed","template":"","meta":{"_acf_changed":false,"_seopress_robots_primary_cat":"","_seopress_titles_title":"Przebijemy ka\u017cd\u0105 ofert\u0119 na ci\u0105gniki, kombajny, sieczkarnie i opryskiwacze","_seopress_titles_desc":"Planujesz zakup ci\u0105gnika, kombajnu, sieczkarni lub opryskiwacza? Zanim podejmiesz decyzj\u0119, sprawd\u017a, czy mo\u017cesz mie\u0107 lepsze warunki ni\u017c te, kt\u00f3re s\u0105 aktualnie dost\u0119pne na rynku.","_seopress_robots_index":"","inline_featured_image":false,"footnotes":""},"class_list":["post-5167","page","type-page","status-publish","has-post-thumbnail","hentry"],"acf":[],"_links":{"self":[{"href":"https:\/\/wanicki.pl\/johndeere\/wp-json\/wp\/v2\/pages\/5167","targetHints":{"allow":["GET"]}}],"collection":[{"href":"https:\/\/wanicki.pl\/johndeere\/wp-json\/wp\/v2\/pages"}],"about":[{"href":"https:\/\/wanicki.pl\/johndeere\/wp-json\/wp\/v2\/types\/page"}],"author":[{"embeddable":true,"href":"https:\/\/wanicki.pl\/johndeere\/wp-json\/wp\/v2\/users\/15"}],"replies":[{"embeddable":true,"href":"https:\/\/wanicki.pl\/johndeere\/wp-json\/wp\/v2\/comments?post=5167"}],"version-history":[{"count":20,"href":"https:\/\/wanicki.pl\/johndeere\/wp-json\/wp\/v2\/pages\/5167\/revisions"}],"predecessor-version":[{"id":5311,"href":"https:\/\/wanicki.pl\/johndeere\/wp-json\/wp\/v2\/pages\/5167\/revisions\/5311"}],"wp:featuredmedia":[{"embeddable":true,"href":"https:\/\/wanicki.pl\/johndeere\/wp-json\/wp\/v2\/media\/5174"}],"wp:attachment":[{"href":"https:\/\/wanicki.pl\/johndeere\/wp-json\/wp\/v2\/media?parent=5167"}],"curies":[{"name":"wp","href":"https:\/\/api.w.org\/{rel}","templated":true}]}}