{"id":5374,"date":"2026-04-29T14:50:46","date_gmt":"2026-04-29T12:50:46","guid":{"rendered":"https:\/\/wanicki.pl\/johndeere\/?page_id=5374"},"modified":"2026-04-29T14:51:54","modified_gmt":"2026-04-29T12:51:54","slug":"raport-oszczednosci-w-rolnictwie-precyzyjnym","status":"publish","type":"page","link":"https:\/\/wanicki.pl\/johndeere\/raport-oszczednosci-w-rolnictwie-precyzyjnym\/","title":{"rendered":"Raport &#8211; Oszcz\u0119dno\u015bci w rolnictwie precyzyjnym"},"content":{"rendered":"<div class=\"wp-block-wanicki-hero-header hero-header\">\n    <div class=\"hero-header__image hero-header__image--desktop\"\n          style=\"background-image: url(https:\/\/wanicki.pl\/johndeere\/wp-content\/uploads\/sites\/2\/2026\/04\/r2g080057_LSC-scaled.webp)\" ><\/div>\n    <div class=\"hero-header__image hero-header__image--mobile\"\n          style=\"background-image: url(https:\/\/wanicki.pl\/johndeere\/wp-content\/uploads\/sites\/2\/2026\/04\/r2g080057_LSC-scaled.webp)\"\n         >\n    <\/div>\n    <div class=\"hero-header__container container\">\n        <h1 class=\"hero-header__title\"><strong>OSZCZ\u0118DNO\u015aCI W ROLNICTWIE PRECYZYJNYM<\/strong> POBIERZ DARMOWY RAPORT <\/h1>\n                    <div class=\"hero-header__subtitle\"><p>Poznaj, jak technologia See&amp;Spray, AutoTrac i zmienny wysiew pomagaj\u0105 rolnikom oszcz\u0119dza\u0107 paliwo, \u015brodki i czas.<\/p>\n<\/div>\n                            <a href=\"https:\/\/wanicki.pl\/johndeere\/wp-content\/uploads\/sites\/2\/2026\/04\/raport-oszczednosci-w-rolnictwie-precyzyjnym-pl.pdf\"\n               class=\"btn  btn--custom \"\n                style=\"--custom-color: #d8bf06\"             >POBIERZ RAPORT<\/a>\n            <\/div>\n<\/div>\n\n\n<div class=\"wp-block-wanicki-image-with-text image-with-text \">\n\n    <div class=\"image-with-text__image\">\n                    <div class=\"image-with-text__image-photo\"\n                 style=\"background-image: url(https:\/\/wanicki.pl\/johndeere\/wp-content\/uploads\/sites\/2\/2026\/04\/r2g080584_LSC-scaled.webp)\"><\/div>\n            <\/div>\n\n    <div class=\"image-with-text__info  \">\n                    <div class=\"image-with-text__info-title-wrapper\">\n                <h2 class=\"image-with-text__info-title\">DLA KOGO JEST TEN RAPORT?<\/h2>\n                                    <\/div>\n                            <div class=\"image-with-text__info-text\">\n                <ul>\n<li>\n<p data-start=\"92\" data-end=\"192\">Dla rolnik\u00f3w, kt\u00f3rzy chc\u0105 <strong>zarabia\u0107 wi\u0119cej i podejmowa\u0107 lepsze decyzje<\/strong> dzi\u0119ki danym, a nie domys\u0142om<\/p>\n<\/li>\n<li>\n<p data-start=\"92\" data-end=\"192\">Dla tych, kt\u00f3rzy zastanawiaj\u0105 si\u0119, <strong>czy rolnictwo precyzyjne faktycznie si\u0119 op\u0142aca<\/strong><\/p>\n<\/li>\n<li>\n<p data-start=\"92\" data-end=\"192\">Dla os\u00f3b, kt\u00f3re ju\u017c z tego korzystaj\u0105, ale chc\u0105 <strong>wycisn\u0105\u0107 z technologii jeszcze wi\u0119cej<\/strong><\/p>\n<\/li>\n<li>\n<p data-start=\"92\" data-end=\"192\"><strong>Dla ka\u017cdego gospodarstwa<\/strong> \u2013 ma\u0142ego i du\u017cego<\/p>\n<\/li>\n<li>\n<p data-start=\"92\" data-end=\"192\">Dla tych, kt\u00f3rzy pracuj\u0105 na r\u00f3\u017cnych maszynach albo stawiaj\u0105 na sprawdzone rozwi\u0105zania <span class=\"hover:entity-accent entity-underline inline cursor-pointer align-baseline\"><span class=\"whitespace-normal\">John Deere<\/span><\/span><\/p>\n<\/li>\n<\/ul>\n\n            <\/div>\n                                    <div class=\"image-with-text__extra-links\">\n                                                                <\/div>\n        \n    <\/div>\n\n<\/div>\n\n\n<div class=\"wp-block-wanicki-image-with-text image-with-text  image-with-text--reversed \">\n\n    <div class=\"image-with-text__image\">\n                    <div class=\"image-with-text__image-photo\"\n                 style=\"background-image: url(https:\/\/wanicki.pl\/johndeere\/wp-content\/uploads\/sites\/2\/2026\/04\/r4j016870_rrd-scaled.webp)\"><\/div>\n            <\/div>\n\n    <div class=\"image-with-text__info  image-with-text__info--reversed  \">\n                    <div class=\"image-with-text__info-title-wrapper\">\n                <h2 class=\"image-with-text__info-title\">Czego dowiesz si\u0119 z raportu?<\/h2>\n                                    <\/div>\n                            <div class=\"image-with-text__info-text\">\n                <ul>\n<li>\n<p data-start=\"89\" data-end=\"160\">Jak dzi\u0119ki rolnictwu precyzyjnemu ograniczy\u0107 koszty i zwi\u0119kszy\u0107 plony.<\/p>\n<\/li>\n<li>\n<p data-start=\"89\" data-end=\"160\">Jakie technologie naprawd\u0119 dzia\u0142aj\u0105 i w co warto inwestowa\u0107, \u017ceby si\u0119 zwr\u00f3ci\u0142o.<\/p>\n<\/li>\n<li>\n<p data-start=\"89\" data-end=\"160\">Jak krok po kroku wdro\u017cy\u0107 nowe rozwi\u0105zania w swoim gospodarstwie \u2013 bez chaosu i zgadywania.<\/p>\n<\/li>\n<li>\n<p data-start=\"89\" data-end=\"160\">Jak inni rolnicy wykorzystuj\u0105 te rozwi\u0105zania w praktyce i jakie maj\u0105 z tego efekty.<\/p>\n<\/li>\n<li>\n<p data-start=\"89\" data-end=\"160\">Na czym konkretnie mo\u017cesz zarobi\u0107 \u2013 i gdzie najcz\u0119\u015bciej \u201euciekaj\u0105\u201d pieni\u0105dze.<\/p>\n<\/li>\n<li>\n<p data-start=\"89\" data-end=\"160\">Jakie masz dost\u0119pne opcje finansowania, m.in. przy wsparciu <span class=\"hover:entity-accent entity-underline inline cursor-pointer align-baseline\"><span class=\"whitespace-normal\">John Deere.<\/span><\/span><\/p>\n<\/li>\n<\/ul>\n\n            <\/div>\n                            <a href=\"https:\/\/wanicki.pl\/johndeere\/wp-content\/uploads\/sites\/2\/2026\/04\/raport-oszczednosci-w-rolnictwie-precyzyjnym-pl.pdf\" class=\"btn btn--primary image-with-text__button  btn--custom \"\n                style=\"--custom-color: #367c2b\" >POBIERZ RAPORT<\/a>\n                            <div class=\"image-with-text__extra-links\">\n                                                                <\/div>\n        \n    <\/div>\n\n<\/div>\n\n\n<div class=\"wp-block-wanicki-cta-banner cta-banner\">\n    <div class=\"container\">\n        <div class=\"cta-banner__container\">\n            <div class=\"cta-banner__image\"\n                  style=\"background-image: url(https:\/\/wanicki.pl\/johndeere\/wp-content\/uploads\/sites\/2\/2026\/04\/r2g085418_LSC-scaled.webp)\"             ><\/div>\n            <h2 class=\"cta-banner__title\">ODKRYJ ROLNICTWO PRECYZYJNE<\/h2>\n                                    <div class=\"cta-banner__buttons\">\n                                            <a\n                            href=\"https:\/\/wanicki.pl\/johndeere\/rolnictwo-precyzyjne\/\"\n                            class=\"btn cta-banner__button  btn--custom \"\n                             style=\"--custom-color: #d8bf06\"                             target=\"_blank\"\n                        >\n                            WI\u0118CEJ\n                        <\/a>\n                                                        <\/div>\n                    <\/div>\n    <\/div>\n<\/div>\n\n\n<div class=\"wp-block-wanicki-job-form job-form__container\" id=\"formularz\">\n    <div class=\"container job-form\">\n        <div class=\"job-form__info\">\n            <h2 class=\"job-form__info-title\">MASZ PYTANIA? NAPISZ DO NAS!<\/h2>\n                    <p class=\"job-form__info-text\">\n                Wype\u0142nij formularz kontaktowy, a my skontaktujemy si\u0119 z Tob\u0105!\n            <\/p>\n        <\/div>\n        <div class=\"job-form__form\">\n            \n<div class=\"wpcf7 no-js\" id=\"wpcf7-f5438-o1\" lang=\"pl-PL\" dir=\"ltr\" data-wpcf7-id=\"5438\">\n<div class=\"screen-reader-response\"><p role=\"status\" aria-live=\"polite\" aria-atomic=\"true\"><\/p> <ul><\/ul><\/div>\n<form action=\"\/johndeere\/wp-json\/wp\/v2\/pages\/5374#wpcf7-f5438-o1\" method=\"post\" class=\"wpcf7-form init\" aria-label=\"Formularz kontaktowy\" novalidate=\"novalidate\" data-status=\"init\">\n<fieldset class=\"hidden-fields-container\"><input type=\"hidden\" name=\"_wpcf7\" value=\"5438\" \/><input type=\"hidden\" name=\"_wpcf7_version\" value=\"6.1.5\" \/><input type=\"hidden\" name=\"_wpcf7_locale\" value=\"pl_PL\" \/><input type=\"hidden\" name=\"_wpcf7_unit_tag\" value=\"wpcf7-f5438-o1\" \/><input type=\"hidden\" name=\"_wpcf7_container_post\" value=\"0\" \/><input type=\"hidden\" name=\"_wpcf7_posted_data_hash\" value=\"\" \/><input type=\"hidden\" name=\"_wpcf7_recaptcha_response\" value=\"\" \/>\n<\/fieldset>\n<div class=\"form-columns\">\n\t<p><label><span class=\"form-label\">Imi\u0119*<\/span><span class=\"wpcf7-form-control-wrap\" data-name=\"your-name\"><input size=\"40\" maxlength=\"400\" class=\"wpcf7-form-control wpcf7-text wpcf7-validates-as-required\" aria-required=\"true\" aria-invalid=\"false\" value=\"\" type=\"text\" name=\"your-name\" \/><\/span><\/label><br \/>\n<label><span class=\"form-label\">Nazwisko*<\/span><span class=\"wpcf7-form-control-wrap\" data-name=\"your-surname\"><input size=\"40\" maxlength=\"400\" class=\"wpcf7-form-control wpcf7-text\" aria-invalid=\"false\" value=\"\" type=\"text\" name=\"your-surname\" \/><\/span><\/label>\n\t<\/p>\n<\/div>\n<div class=\"form-columns\">\n\t<p><label><span class=\"form-label\">Email*<\/span><span class=\"wpcf7-form-control-wrap\" data-name=\"your-email\"><input size=\"40\" maxlength=\"400\" class=\"wpcf7-form-control wpcf7-email wpcf7-validates-as-required wpcf7-text wpcf7-validates-as-email\" aria-required=\"true\" aria-invalid=\"false\" value=\"\" type=\"email\" name=\"your-email\" \/><\/span><\/label><br \/>\n<label><span class=\"form-label\">Numer telefonu*<\/span><span class=\"wpcf7-form-control-wrap\" data-name=\"your-phone\"><input size=\"40\" maxlength=\"400\" class=\"wpcf7-form-control wpcf7-tel wpcf7-validates-as-required wpcf7-text wpcf7-validates-as-tel\" aria-required=\"true\" aria-invalid=\"false\" value=\"\" type=\"tel\" name=\"your-phone\" \/><\/span><\/label>\n\t<\/p>\n<\/div>\n<div class=\"form-columns\">\n\t<p><label><span class=\"form-label\">Kod pocztowy*<\/span><span class=\"wpcf7-form-control-wrap\" data-name=\"your-postcode\"><input size=\"40\" maxlength=\"400\" class=\"wpcf7-form-control wpcf7-text wpcf7-validates-as-required\" aria-required=\"true\" aria-invalid=\"false\" value=\"\" type=\"text\" name=\"your-postcode\" \/><\/span><\/label><br \/>\n<label><span class=\"form-label\">Interesuje mnie*<\/span><span class=\"wpcf7-form-control-wrap\" data-name=\"your-vehicle\"><input size=\"40\" maxlength=\"400\" class=\"wpcf7-form-control wpcf7-text wpcf7-validates-as-required\" aria-required=\"true\" aria-invalid=\"false\" placeholder=\"wpisz...\" value=\"\" type=\"text\" name=\"your-vehicle\" \/><\/span><\/label>\n\t<\/p>\n<\/div>\n<div class=\"checkbox-input\" style=\"font-size: 0.75em\">\n\t<p>        <span class=\"wpcf7-form-control-wrap\" data-name=\"checkall-69fa3ea7b0781\">\r\n            <span class=\"wpcf7-form-control wpcf7-acceptance optional\">\r\n                <span class=\"wpcf7-list-item\">\r\n                    <input type=\"checkbox\" name=\"checkall-69fa3ea7b0781\" aria-invalid=\"false\" id=\"checkall-69fa3ea7b0781\" \/>\r\n                <\/span>\r\n            <\/span>\r\n        <\/span>\r\n        <div>\r\n            <p>\r\n                Zaznacz wszystkie pola            <\/p>\r\n        <\/div>\r\n    \n\t<\/p>\n<\/div>\n<div class=\"checkbox-input\" style=\"font-size: 0.75em\">\n\t<p><span class=\"wpcf7-form-control-wrap\" data-name=\"your-acceptance\"><span class=\"wpcf7-form-control wpcf7-acceptance\"><span class=\"wpcf7-list-item\"><input type=\"checkbox\" name=\"your-acceptance\" value=\"1\" aria-invalid=\"false\" \/><\/span><\/span><\/span>\n\t<\/p>\n\t<div>\n\t\t<p>*O\u015bwiadczam, \u017ce zapozna\u0142em si\u0119 z <a href='\/polityka-prywatnosci\/' target=\"_blank\">Polityk\u0105 prywatno\u015bci oraz Regulaminem \u015bwiadczenia us\u0142ug drog\u0105 elektroniczn\u0105<\/a> i akceptuj\u0119 ich tre\u015b\u0107.\n\t\t<\/p>\n\t<\/div>\n<\/div>\n<div class=\"checkbox-input\" style=\"font-size: 0.75em\">\n\t<p><span class=\"wpcf7-form-control-wrap\" data-name=\"your-acceptance-info\"><span class=\"wpcf7-form-control wpcf7-acceptance optional\"><span class=\"wpcf7-list-item\"><input type=\"checkbox\" name=\"your-acceptance-info\" value=\"1\" aria-invalid=\"false\" \/><\/span><\/span><\/span>\n\t<\/p>\n\t<div>\n\t\t<p>Wyra\u017cam zgod\u0119 na przesy\u0142anie informacji handlowej skierowanej za pomoc\u0105 \u015brodk\u00f3w komunikacji elektronicznej oraz na u\u017cywanie telekomunikacyjnych urz\u0105dze\u0144 ko\u0144cowych i automatycznych system\u00f3w wywo\u0142uj\u0105cych dla cel\u00f3w marketingu bezpo\u015bredniego przez Grup\u0119 Wanicki*\n\t\t<\/p>\n\t<\/div>\n<\/div>\n<div style=\"font-size: 0.75em\">\n\t<p>Zgoda obejmuje kontakt za po\u015brednictwem:\n\t<\/p>\n<\/div>\n<div class=\"checkbox-input\" style=\"font-size: 0.75em\">\n\t<p><span class=\"wpcf7-form-control-wrap\" data-name=\"your-acceptance-email\"><span class=\"wpcf7-form-control wpcf7-acceptance optional\"><span class=\"wpcf7-list-item\"><input type=\"checkbox\" name=\"your-acceptance-email\" value=\"1\" aria-invalid=\"false\" \/><\/span><\/span><\/span>\n\t<\/p>\n\t<div>\n\t\t<p>E-mail\n\t\t<\/p>\n\t<\/div>\n<\/div>\n<div class=\"checkbox-input\" style=\"font-size: 0.75em\">\n\t<p><span class=\"wpcf7-form-control-wrap\" data-name=\"your-acceptance-sms\"><span class=\"wpcf7-form-control wpcf7-acceptance optional\"><span class=\"wpcf7-list-item\"><input type=\"checkbox\" name=\"your-acceptance-sms\" value=\"1\" aria-invalid=\"false\" \/><\/span><\/span><\/span>\n\t<\/p>\n\t<div>\n\t\t<p>SMS\n\t\t<\/p>\n\t<\/div>\n<\/div>\n<div class=\"checkbox-input\" style=\"font-size: 0.75em\">\n\t<p><span class=\"wpcf7-form-control-wrap\" data-name=\"your-acceptance-tel\"><span class=\"wpcf7-form-control wpcf7-acceptance optional\"><span class=\"wpcf7-list-item\"><input type=\"checkbox\" name=\"your-acceptance-tel\" value=\"1\" aria-invalid=\"false\" \/><\/span><\/span><\/span>\n\t<\/p>\n\t<div>\n\t\t<p>Kontakt telefoniczny\n\t\t<\/p>\n\t<\/div>\n<\/div>\n<div style=\"font-size: 0.75em\">\n\t<p>*przez Grup\u0119 Wanicki rozumie si\u0119 nast\u0119puj\u0105ce sp\u00f3\u0142ki: Firma Wanicki sp. z o.o. z siedzib\u0105 w Mogilanach, ul. My\u015blenicka 19, 32-031 Mogilany, KRS: 0000214618; Wanicki Serwis sp. z o.o. z siedzib\u0105 w Mogilanach, ul. My\u015blenicka 19, 32.-031 Mogilany, KRS: 0000225703, MW Wanicki sp. z o.o. z siedzib\u0105 w Mogilanach, ul. My\u015blenicka 19, 32.-031 Mogilany, KRS: 0000290954; BW Wanicki sp. z o.o. z siedzib\u0105 w Mogilanach, ul. My\u015blenicka 19, 32.-031 Mogilany, KRS: 0000277732; SW Wanicki sp. z o.o. z siedzib\u0105 w Mogilanach, ul. My\u015blenicka 19, 32.-031 Mogilany, KRS: 0000318232; Nedpol Truck Service sp. z o.o. z siedzib\u0105 w Romanowie, Roman\u00f3w 10b, 42-260 Roman\u00f3w, KRS: 0000062292; WW Wanicki sp. z o.o. z siedzib\u0105 w Trzcianie, Trzciana 162, 36-071 Trzciana, KRS: 0000214811; PT Wanicki sp. z o.o. z siedzib\u0105 w Mogilanach, ul. My\u015blenicka 19, 32.-031 Mogilany, KRS: 0001069064; Wanicki Rental sp. z o.o. z siedzib\u0105 w Mogilanach, ul. My\u015blenicka 19, 32.-031 Mogilany, KRS: 0000997992.\n\t<\/p>\n<\/div>\n<p><input class=\"wpcf7-form-control wpcf7-submit has-spinner\" type=\"submit\" value=\"Prosz\u0119 o kontakt\" \/>\n<\/p><div class=\"wpcf7-response-output\" aria-hidden=\"true\"><\/div>\n<\/form>\n<\/div>\n        <\/div>\n    <\/div>\n<\/div>\n","protected":false},"excerpt":{"rendered":"","protected":false},"author":2,"featured_media":5428,"parent":0,"menu_order":0,"comment_status":"closed","ping_status":"closed","template":"","meta":{"_acf_changed":false,"_seopress_robots_primary_cat":"","_seopress_titles_title":"DARMOWY Raport - Oszcz\u0119dno\u015bci w rolnictwie precyzyjnym","_seopress_titles_desc":"Poznaj, jak technologia See&Spray, AutoTrac i zmienny wysiew pomagaj\u0105 rolnikom oszcz\u0119dza\u0107 paliwo, \u015brodki i czas. Pobierz DARMOWY raport.","_seopress_robots_index":"","inline_featured_image":false,"footnotes":""},"class_list":["post-5374","page","type-page","status-publish","has-post-thumbnail","hentry"],"acf":[],"_links":{"self":[{"href":"https:\/\/wanicki.pl\/johndeere\/wp-json\/wp\/v2\/pages\/5374","targetHints":{"allow":["GET"]}}],"collection":[{"href":"https:\/\/wanicki.pl\/johndeere\/wp-json\/wp\/v2\/pages"}],"about":[{"href":"https:\/\/wanicki.pl\/johndeere\/wp-json\/wp\/v2\/types\/page"}],"author":[{"embeddable":true,"href":"https:\/\/wanicki.pl\/johndeere\/wp-json\/wp\/v2\/users\/2"}],"replies":[{"embeddable":true,"href":"https:\/\/wanicki.pl\/johndeere\/wp-json\/wp\/v2\/comments?post=5374"}],"version-history":[{"count":4,"href":"https:\/\/wanicki.pl\/johndeere\/wp-json\/wp\/v2\/pages\/5374\/revisions"}],"predecessor-version":[{"id":5443,"href":"https:\/\/wanicki.pl\/johndeere\/wp-json\/wp\/v2\/pages\/5374\/revisions\/5443"}],"wp:featuredmedia":[{"embeddable":true,"href":"https:\/\/wanicki.pl\/johndeere\/wp-json\/wp\/v2\/media\/5428"}],"wp:attachment":[{"href":"https:\/\/wanicki.pl\/johndeere\/wp-json\/wp\/v2\/media?parent=5374"}],"curies":[{"name":"wp","href":"https:\/\/api.w.org\/{rel}","templated":true}]}}