{"id":65,"date":"2024-04-25T07:06:45","date_gmt":"2024-04-25T05:06:45","guid":{"rendered":"https:\/\/wanicki.pl\/kramer\/strona-glowna\/"},"modified":"2025-06-18T09:37:19","modified_gmt":"2025-06-18T07:37:19","slug":"strona-glowna","status":"publish","type":"page","link":"https:\/\/wanicki.pl\/kramer\/en\/","title":{"rendered":"Strona g\u0142\u00f3wna"},"content":{"rendered":"<div class=\"wp-block-wanicki-hero-header hero-header\">\n    <div class=\"hero-header__image hero-header__image--desktop\"\n          style=\"background-image: url(https:\/\/wanicki.pl\/kramer\/wp-content\/uploads\/sites\/8\/2024\/07\/baner_kramer-jasny.jpg)\" ><\/div>\n    <div class=\"hero-header__image hero-header__image--mobile\"\n          style=\"background-image: url(https:\/\/wanicki.pl\/kramer\/wp-content\/uploads\/sites\/8\/2024\/07\/baner_kramer-jasny.jpg)\"\n            >\n    <\/div>\n    <div class=\"hero-header__container container\">\n        <h1 class=\"hero-header__title\">\u0141ADOWARKI <br><strong>KRAMER<\/strong><\/h1>\n                    <div class=\"hero-header__subtitle\"><p>Tw\u00f3j partner w pracy na gospodarstwie<\/p>\n<\/div>\n                            <a href=\"https:\/\/wanicki.pl\/kramer\/o-nas\/\"\n               class=\"btn \"\n                           >Dowiedz si\u0119 wi\u0119cej<\/a>\n            <\/div>\n<\/div>\n<div class=\"wp-block-wanicki-icon-link icon-link\">\n\n    \n    \n<\/div>\n<div class=\"wp-block-wanicki-about-cards about-cards \">\n    <div class=\"container about-cards__container\">\n        <div class=\"about-cards__info\">\n                            <h3 class=\"about-cards__info-title\">MOC I PRECYZJA<\/h3>\n                                                <div class=\"about-cards__info-text\"><p>Wybierz kategori\u0119 i znajd\u017a model idealny dla Ciebie! <\/p>\n<\/div>\n                        \n        <\/div>\n\n        <div class=\"about-cards__grid about-cards__desktop\">\n                                                <a href=\"https:\/\/wanicki.pl\/kramer\/oferta\/ladowarki\/ladowarki-kolowe\/\" class=\"about-cards__item about-cards__item--link\"\n                        style=\"background-image: url(https:\/\/wanicki.pl\/kramer\/wp-content\/uploads\/sites\/8\/2024\/04\/LADOWARKI-KOLOWE-1-1-1024x662.png)\"                     >\n                        <p class=\"about-cards__item-text\">\n                            \u0141ADOWARKI KO\u0141OWE\n                        <\/p>\n                    <\/a>\n                                                                <a href=\"https:\/\/wanicki.pl\/kramer\/oferta\/ladowarki\/ladowarki-kolowe-z-wysiegnikiem-teleskopowym\/\" class=\"about-cards__item about-cards__item--link\"\n                        style=\"background-image: url(https:\/\/wanicki.pl\/kramer\/wp-content\/uploads\/sites\/8\/2024\/04\/KA_image_KL12.5_action_Dung_p10-1-1024x661.jpg)\"                     >\n                        <p class=\"about-cards__item-text\">\n                            \u0141ADOWARKI KO\u0141OWE Z WYSI\u0118GNIKIEM TELESKOPOWYM\n                        <\/p>\n                    <\/a>\n                                                                <a href=\"https:\/\/wanicki.pl\/kramer\/oferta\/ladowarki\/ladowarki-teleskopowe\/\" class=\"about-cards__item about-cards__item--link\"\n                        style=\"background-image: url(https:\/\/wanicki.pl\/kramer\/wp-content\/uploads\/sites\/8\/2024\/04\/LADOWARKI-TELESKOPOWE-1-1-1024x682.png)\"                     >\n                        <p class=\"about-cards__item-text\">\n                            \u0141ADOWARKI TELESKOPOWE\n                        <\/p>\n                    <\/a>\n                                    <\/div>\n\n        <div class=\"about-cards__mobile swiper\">\n            <div class=\"swiper-wrapper\">\n                                                            <div class=\"about-cards__grid swiper-slide\">\n                                                                                                <a href=\"https:\/\/wanicki.pl\/kramer\/oferta\/ladowarki\/ladowarki-kolowe\/\" class=\"about-cards__item\"\n                                        style=\"background-image: url(https:\/\/wanicki.pl\/kramer\/wp-content\/uploads\/sites\/8\/2024\/04\/LADOWARKI-KOLOWE-1-1-1024x662.png)\"                                     >\n                                        <div class=\"about-cards__item-text\">\n                                            \u0141ADOWARKI KO\u0141OWE\n                                        <\/div>\n                                    <\/a>\n                                                                                                                                <a href=\"https:\/\/wanicki.pl\/kramer\/oferta\/ladowarki\/ladowarki-kolowe-z-wysiegnikiem-teleskopowym\/\" class=\"about-cards__item\"\n                                        style=\"background-image: url(https:\/\/wanicki.pl\/kramer\/wp-content\/uploads\/sites\/8\/2024\/04\/KA_image_KL12.5_action_Dung_p10-1-1024x661.jpg)\"                                     >\n                                        <div class=\"about-cards__item-text\">\n                                            \u0141ADOWARKI KO\u0141OWE Z WYSI\u0118GNIKIEM TELESKOPOWYM\n                                        <\/div>\n                                    <\/a>\n                                                                                                                                <a href=\"https:\/\/wanicki.pl\/kramer\/oferta\/ladowarki\/ladowarki-teleskopowe\/\" class=\"about-cards__item\"\n                                        style=\"background-image: url(https:\/\/wanicki.pl\/kramer\/wp-content\/uploads\/sites\/8\/2024\/04\/LADOWARKI-TELESKOPOWE-1-1-1024x682.png)\"                                     >\n                                        <div class=\"about-cards__item-text\">\n                                            \u0141ADOWARKI TELESKOPOWE\n                                        <\/div>\n                                    <\/a>\n                                                                                    <\/div>\n                                                                                                                        <\/div>\n            <div class=\"about-cards__arrows\">\n                <div class=\"about-cards__arrows-button about-cards__arrows-left\">\n                    <svg width=\"12px\" height=\"12px\" class=\"about-cards__arrows-icon\" transform=\"rotate(90)\" fill=\"currentColor\" viewBox=\"0 0 96 96\" xmlns=\"http:\/\/www.w3.org\/2000\/svg\">\n  <path d=\"M81.846 25.388a6.024 6.024 0 0 0-8.45.767L48 56.625l-25.396-30.47a5.999 5.999 0 1 0-9.211 7.689l30.001 36.001a5.997 5.997 0 0 0 9.212 0l30.001-36.002a6.008 6.008 0 0 0-.761-8.455Z\"\/>\n<\/svg>                <\/div>\n                <div class=\"about-cards__arrows-button about-cards__arrows-right\">\n                    <svg width=\"12px\" height=\"12px\" class=\"about-cards__arrows-icon\" transform=\"rotate(-90)\" fill=\"currentColor\" viewBox=\"0 0 96 96\" xmlns=\"http:\/\/www.w3.org\/2000\/svg\">\n  <path d=\"M81.846 25.388a6.024 6.024 0 0 0-8.45.767L48 56.625l-25.396-30.47a5.999 5.999 0 1 0-9.211 7.689l30.001 36.001a5.997 5.997 0 0 0 9.212 0l30.001-36.002a6.008 6.008 0 0 0-.761-8.455Z\"\/>\n<\/svg>                <\/div>\n            <\/div>\n        <\/div>\n    <\/div>\n<\/div>\n<div class=\"wp-block-wanicki-about-cards about-cards  about-cards--gray \">\n    <div class=\"container about-cards__container\">\n        <div class=\"about-cards__info\">\n                            <h3 class=\"about-cards__info-title\">US\u0141UGI DLA KLIENT\u00d3W KRAMER<\/h3>\n                                                <div class=\"about-cards__info-text\"><p>Maszyny to za ma\u0142o? Mamy o wiele wi\u0119cej<\/p>\n<\/div>\n                                        <a href=\"#\"\n                   class=\"btn btn--primary about-cards__button\">Wi\u0119cej o firmie<\/a>\n            \n        <\/div>\n\n        <div class=\"about-cards__grid about-cards__desktop\">\n                                                <a href=\"https:\/\/wanicki.pl\/kramer\/serwis\/\" class=\"about-cards__item about-cards__item--link\"\n                        style=\"background-image: url(https:\/\/wanicki.pl\/kramer\/wp-content\/uploads\/sites\/8\/2024\/04\/Z629054-1-1-1024x681.jpg)\"                     >\n                        <p class=\"about-cards__item-text\">\n                            SERWIS\n                        <\/p>\n                    <\/a>\n                                                                <a href=\"https:\/\/wanicki.pl\/kramer\/czesci\/\" class=\"about-cards__item about-cards__item--link\"\n                        style=\"background-image: url(https:\/\/wanicki.pl\/kramer\/wp-content\/uploads\/sites\/8\/2024\/04\/XX_image_SERVICE_detail_maintenance_p01-1-1024x682.jpg)\"                     >\n                        <p class=\"about-cards__item-text\">\n                            CZ\u0118\u015aCI\n                        <\/p>\n                    <\/a>\n                                                                <a href=\"https:\/\/wanicki.pl\/kramer\/finansowanie\/\" class=\"about-cards__item about-cards__item--link\"\n                        style=\"background-image: url(https:\/\/wanicki.pl\/kramer\/wp-content\/uploads\/sites\/8\/2024\/04\/IMG_6126-1-1024x768.jpg)\"                     >\n                        <p class=\"about-cards__item-text\">\n                            FINANSOWANIE\n                        <\/p>\n                    <\/a>\n                                                                <a href=\"https:\/\/wanicki.pl\/kramer\/ubezpieczenia\/\" class=\"about-cards__item about-cards__item--link\"\n                        style=\"background-image: url(https:\/\/wanicki.pl\/kramer\/wp-content\/uploads\/sites\/8\/2024\/04\/KA_image_KL43.8_detail_BrandingKramer_p04-1-1024x683.jpg)\"                     >\n                        <p class=\"about-cards__item-text\">\n                            UBEZPIECZENIA\n                        <\/p>\n                    <\/a>\n                                                                <a href=\"https:\/\/wanicki.pl\/kramer\/wynajem\/\" class=\"about-cards__item about-cards__item--link\"\n                        style=\"background-image: url(https:\/\/wanicki.pl\/kramer\/wp-content\/uploads\/sites\/8\/2024\/04\/KA_image_KL12.5_action_Dung_p10-2-1-1024x661.jpg)\"                     >\n                        <p class=\"about-cards__item-text\">\n                            WYNAJEM\n                        <\/p>\n                    <\/a>\n                                    <\/div>\n\n        <div class=\"about-cards__mobile swiper\">\n            <div class=\"swiper-wrapper\">\n                                                            <div class=\"about-cards__grid swiper-slide\">\n                                                                                                <a href=\"https:\/\/wanicki.pl\/kramer\/serwis\/\" class=\"about-cards__item\"\n                                        style=\"background-image: url(https:\/\/wanicki.pl\/kramer\/wp-content\/uploads\/sites\/8\/2024\/04\/Z629054-1-1-1024x681.jpg)\"                                     >\n                                        <div class=\"about-cards__item-text\">\n                                            SERWIS\n                                        <\/div>\n                                    <\/a>\n                                                                                                                                <a href=\"https:\/\/wanicki.pl\/kramer\/czesci\/\" class=\"about-cards__item\"\n                                        style=\"background-image: url(https:\/\/wanicki.pl\/kramer\/wp-content\/uploads\/sites\/8\/2024\/04\/XX_image_SERVICE_detail_maintenance_p01-1-1024x682.jpg)\"                                     >\n                                        <div class=\"about-cards__item-text\">\n                                            CZ\u0118\u015aCI\n                                        <\/div>\n                                    <\/a>\n                                                                                                                                <a href=\"https:\/\/wanicki.pl\/kramer\/finansowanie\/\" class=\"about-cards__item\"\n                                        style=\"background-image: url(https:\/\/wanicki.pl\/kramer\/wp-content\/uploads\/sites\/8\/2024\/04\/IMG_6126-1-1024x768.jpg)\"                                     >\n                                        <div class=\"about-cards__item-text\">\n                                            FINANSOWANIE\n                                        <\/div>\n                                    <\/a>\n                                                                                                                                <a href=\"https:\/\/wanicki.pl\/kramer\/ubezpieczenia\/\" class=\"about-cards__item\"\n                                        style=\"background-image: url(https:\/\/wanicki.pl\/kramer\/wp-content\/uploads\/sites\/8\/2024\/04\/KA_image_KL43.8_detail_BrandingKramer_p04-1-1024x683.jpg)\"                                     >\n                                        <div class=\"about-cards__item-text\">\n                                            UBEZPIECZENIA\n                                        <\/div>\n                                    <\/a>\n                                                                                    <\/div>\n                                                                                                                                                                                            <div class=\"about-cards__grid swiper-slide\">\n                                                                                                <a href=\"https:\/\/wanicki.pl\/kramer\/wynajem\/\" class=\"about-cards__item\"\n                                        style=\"background-image: url(https:\/\/wanicki.pl\/kramer\/wp-content\/uploads\/sites\/8\/2024\/04\/KA_image_KL12.5_action_Dung_p10-2-1-1024x661.jpg)\"                                     >\n                                        <div class=\"about-cards__item-text\">\n                                            WYNAJEM\n                                        <\/div>\n                                    <\/a>\n                                                                                    <\/div>\n                                                <\/div>\n            <div class=\"about-cards__arrows\">\n                <div class=\"about-cards__arrows-button about-cards__arrows-left\">\n                    <svg width=\"12px\" height=\"12px\" class=\"about-cards__arrows-icon\" transform=\"rotate(90)\" fill=\"currentColor\" viewBox=\"0 0 96 96\" xmlns=\"http:\/\/www.w3.org\/2000\/svg\">\n  <path d=\"M81.846 25.388a6.024 6.024 0 0 0-8.45.767L48 56.625l-25.396-30.47a5.999 5.999 0 1 0-9.211 7.689l30.001 36.001a5.997 5.997 0 0 0 9.212 0l30.001-36.002a6.008 6.008 0 0 0-.761-8.455Z\"\/>\n<\/svg>                <\/div>\n                <div class=\"about-cards__arrows-button about-cards__arrows-right\">\n                    <svg width=\"12px\" height=\"12px\" class=\"about-cards__arrows-icon\" transform=\"rotate(-90)\" fill=\"currentColor\" viewBox=\"0 0 96 96\" xmlns=\"http:\/\/www.w3.org\/2000\/svg\">\n  <path d=\"M81.846 25.388a6.024 6.024 0 0 0-8.45.767L48 56.625l-25.396-30.47a5.999 5.999 0 1 0-9.211 7.689l30.001 36.001a5.997 5.997 0 0 0 9.212 0l30.001-36.002a6.008 6.008 0 0 0-.761-8.455Z\"\/>\n<\/svg>                <\/div>\n            <\/div>\n        <\/div>\n    <\/div>\n<\/div>\n<div class=\"container\">\n    <div class=\"wp-block-wanicki-news-cards news-cards\">\n        <h2 class=\"news-cards__title\">AKTUALNE PROMOCJE<\/h2>\n                <div class=\"news-cards__cards\">\n                            <a href=\"https:\/\/wanicki.pl\/kramer\/2026\/01\/27\/ladowarki-kramer-dostepne-od-reki\/\" class=\"post-miniature\">\n    <div class=\"post-miniature__image-wrapper\">\n        <div class=\"post-miniature__image\" style=\"background-image: url(https:\/\/wanicki.pl\/kramer\/wp-content\/uploads\/sites\/8\/2026\/01\/1080x1350-819x1024.jpg)\"><\/div>\n    <\/div>\n    <div class=\"post-miniature__date badge badge--secondary\">\n        2026-01-27\n    <\/div>\n    <div class=\"post-miniature__down\">\n        <h3 class=\"post-miniature__title\">\n            \u0141adowarki Kramer dost\u0119pne od r\u0119ki! 0%\n        <\/h3>\n        <div class=\"post-miniature__categories\">\n                            <div class=\"post-miniature__categories-item badge\">\n                    Bez kategorii\n                <\/div>\n                            <div class=\"post-miniature__categories-item badge\">\n                    \u0141adowarki Kramer\n                <\/div>\n                            <div class=\"post-miniature__categories-item badge\">\n                    Promocje\n                <\/div>\n                    <\/div>\n    <\/div>\n<\/a>\n                            <a href=\"https:\/\/wanicki.pl\/kramer\/2025\/06\/12\/2-lata-0-kramer-kt557\/\" class=\"post-miniature\">\n    <div class=\"post-miniature__image-wrapper\">\n        <div class=\"post-miniature__image\" style=\"background-image: url(https:\/\/wanicki.pl\/kramer\/wp-content\/uploads\/sites\/8\/2024\/04\/KA_image_KL43.8_detail_BrandingKramer_p04-1-1024x683.jpg)\"><\/div>\n    <\/div>\n    <div class=\"post-miniature__date badge badge--secondary\">\n        2025-06-12\n    <\/div>\n    <div class=\"post-miniature__down\">\n        <h3 class=\"post-miniature__title\">\n            2 lata 0% &#8211; Kramer Kt557\n        <\/h3>\n        <div class=\"post-miniature__categories\">\n                            <div class=\"post-miniature__categories-item badge\">\n                    Promocje\n                <\/div>\n                    <\/div>\n    <\/div>\n<\/a>\n                    <\/div>\n\n        <div class=\"news-cards__button\">\n            <a href=\"https:\/\/wanicki.pl\/kramer\/en\/aktualnosci\/\"\n               class=\"btn btn--primary news-cards__button-button\">Zobacz wszystkie aktualno\u015bci<\/a>\n        <\/div>\n    <\/div>\n<\/div>\n\n<div class=\"wp-block-wanicki-cta-banner cta-banner\">\n    <div class=\"container\">\n        <div class=\"cta-banner__container\">\n            <div class=\"cta-banner__image\"\n                             ><\/div>\n            <h2 class=\"cta-banner__title\">SPRAWD\u0179 MO\u017bLIWO\u015aCI \u0141ADOWAREK KRAMER! UM\u00d3W SI\u0118 NA TESTY!<\/h2>\n                                    <div class=\"cta-banner__buttons\">\n                                            <a\n                            href=\"tel:665663484\"\n                            class=\"btn cta-banner__button \"\n                                                        target=\"\"\n                        >\n                            ZADZWO\u0143\n                        <\/a>\n                                                        <\/div>\n                    <\/div>\n    <\/div>\n<\/div>\n<div class=\"wp-block-wanicki-image-with-text image-with-text  image-with-text--reversed \">\n\n    <div class=\"image-with-text__image\">\n                    <div class=\"image-with-text__image-photo\"\n                 style=\"background-image: url(https:\/\/wanicki.pl\/kramer\/wp-content\/uploads\/sites\/8\/2024\/04\/Z629226-1-1.jpg)\"><\/div>\n            <\/div>\n\n    <div class=\"image-with-text__info  image-with-text__info--reversed  \">\n                    <div class=\"image-with-text__info-title-wrapper\">\n                <h2 class=\"image-with-text__info-title image-with-text__info-title--big\">DO\u0141\u0104CZ DO NAS &#8211; PRACA DLA LUDZI Z PASJ\u0104<\/h2>\n                                    <\/div>\n                            <div class=\"image-with-text__info-text\">\n                <p><strong>Szukamy ludzi z pasj\u0105, gotowych na wyzwania i ciekaw\u0105 prac\u0119.<\/strong><\/p>\n<p>Nasz zesp\u00f3\u0142 otwarty jest na ludzi z do\u015bwiadczeniem, jak r\u00f3wnie\u017c tych, kt\u00f3rzy stawiaj\u0105 pierwsze kroki w pracy zawodowej. Gwarantujemy \u015bwietne i stabilne warunki pracy, dobr\u0105 atmosfer\u0119 oraz mo\u017cliwo\u015b\u0107 rozwoju poprzez udzia\u0142 w zewn\u0119trznych i wewn\u0119trznych szkoleniach oraz stabiln\u0105 pozycj\u0119 pracodawcy.<\/p>\n\n            <\/div>\n                            <a href=\"https:\/\/wanicki.pl\/oferty-pracy\/\" class=\"btn btn--primary image-with-text__button \"\n               >Sprawd\u017a aktualne oferty pracy<\/a>\n                \n    <\/div>\n\n<\/div>\n<div class=\"wp-block-wanicki-image-with-text image-with-text \">\n\n    <div class=\"image-with-text__image\">\n                    <div class=\"image-with-text__image-photo\"\n                 style=\"background-image: url(https:\/\/wanicki.pl\/kramer\/wp-content\/uploads\/sites\/8\/2024\/04\/KA_image_KT144_detail_attachements_p02-1-scaled.jpg)\"><\/div>\n            <\/div>\n\n    <div class=\"image-with-text__info   image-with-text__info--white \">\n                    <div class=\"image-with-text__info-title-wrapper\">\n                <h2 class=\"image-with-text__info-title image-with-text__info-title--big\">O NAS &#8211; AUTORYZOWANY DEALER KRAMER<\/h2>\n                                    <\/div>\n                            <div class=\"image-with-text__info-text\">\n                <p><strong>Jeste\u015bmy autoryzowanym dealerem marki KRAMER. <\/strong><\/p>\n<p>Dzia\u0142amy na terytorium wojew\u00f3dztwa lubelskiego, podkarpackiego, ma\u0142opolskiego i \u015bl\u0105skiego, a tak\u017ce cz\u0119\u015bci wojew\u00f3dztw opolskiego, mazowieckiego, \u015bwi\u0119tokrzyskiego oraz \u0142\u00f3dzkiego. Oferujemy obs\u0142ug\u0119 full-service.<\/p>\n<p>Naszym Klientom staramy si\u0119 zapewni\u0107 profesjonaln\u0105 obs\u0142ug\u0119 sprzeda\u017cow\u0105 oraz posprzeda\u017cow\u0105 dzi\u0119ki ofercie zaufanych marek wraz z mo\u017cliwo\u015bciami finansowania oraz ubezpiecze\u0144. Je\u015bli szukasz mocnej i wydajnej \u0142adowarki, kt\u00f3ra b\u0119dzie Twoim wieloletnim partnerem w pracy &#8211; wybierz \u0142adowarki Kramer<\/p>\n\n            <\/div>\n                        \n    <\/div>\n\n<\/div>\n<div class=\"wp-block-wanicki-cta-banner cta-banner\">\n    <div class=\"container\">\n        <div class=\"cta-banner__container\">\n            <div class=\"cta-banner__image\"\n                  style=\"background-image: url(https:\/\/wanicki.pl\/kramer\/wp-content\/uploads\/sites\/8\/2024\/04\/Z622602-1-scaled.jpg)\"             ><\/div>\n            <h2 class=\"cta-banner__title\">SPRAWD\u0179 nasz\u0105 ofert\u0119 \u0142adowarek KRAMER<\/h2>\n                                    <div class=\"cta-banner__buttons\">\n                                            <a\n                            href=\"https:\/\/wanicki.pl\/kramer\/oferta\/ladowarki\/\"\n                            class=\"btn cta-banner__button \"\n                                                        target=\"\"\n                        >\n                            Oferta\n                        <\/a>\n                                                        <\/div>\n                    <\/div>\n    <\/div>\n<\/div>\n","protected":false},"excerpt":{"rendered":"","protected":false},"author":1,"featured_media":0,"parent":0,"menu_order":0,"comment_status":"closed","ping_status":"closed","template":"strona-glowna-marki","meta":{"_acf_changed":false,"_seopress_robots_primary_cat":"","_seopress_titles_title":"Kramer - Wanicki","_seopress_titles_desc":"Wanicki - dealer Kramer \u2705 Sprzeda\u017c i wynajem \u0142adowarek Kramer \u2705 Serwis \u2705 Cz\u0119\u015bci \u2705 Finansowanie \u2705 11 oddzia\u0142\u00f3w \u2705 Zobacz wi\u0119cej!","_seopress_robots_index":"","inline_featured_image":false,"footnotes":""},"class_list":["post-65","page","type-page","status-publish","hentry"],"acf":[],"_links":{"self":[{"href":"https:\/\/wanicki.pl\/kramer\/en\/wp-json\/wp\/v2\/pages\/65","targetHints":{"allow":["GET"]}}],"collection":[{"href":"https:\/\/wanicki.pl\/kramer\/en\/wp-json\/wp\/v2\/pages"}],"about":[{"href":"https:\/\/wanicki.pl\/kramer\/en\/wp-json\/wp\/v2\/types\/page"}],"author":[{"embeddable":true,"href":"https:\/\/wanicki.pl\/kramer\/en\/wp-json\/wp\/v2\/users\/1"}],"replies":[{"embeddable":true,"href":"https:\/\/wanicki.pl\/kramer\/en\/wp-json\/wp\/v2\/comments?post=65"}],"version-history":[{"count":13,"href":"https:\/\/wanicki.pl\/kramer\/en\/wp-json\/wp\/v2\/pages\/65\/revisions"}],"predecessor-version":[{"id":2256,"href":"https:\/\/wanicki.pl\/kramer\/en\/wp-json\/wp\/v2\/pages\/65\/revisions\/2256"}],"wp:attachment":[{"href":"https:\/\/wanicki.pl\/kramer\/en\/wp-json\/wp\/v2\/media?parent=65"}],"curies":[{"name":"wp","href":"https:\/\/api.w.org\/{rel}","templated":true}]}}