{"id":2233,"date":"2026-01-27T09:05:31","date_gmt":"2026-01-27T08:05:31","guid":{"rendered":"https:\/\/wanicki.pl\/kramer\/?page_id=2233"},"modified":"2026-01-27T15:45:35","modified_gmt":"2026-01-27T14:45:35","slug":"podnosisz-wiecej-placisz-mniej","status":"publish","type":"page","link":"https:\/\/wanicki.pl\/kramer\/podnosisz-wiecej-placisz-mniej\/","title":{"rendered":"Podnosisz wi\u0119cej, p\u0142acisz mniej! 0% na \u0142adowarki!"},"content":{"rendered":"<div class=\"wp-block-wanicki-hero-header hero-header\">\n    <div class=\"hero-header__image hero-header__image--desktop\"\n          style=\"background-image: url(https:\/\/wanicki.pl\/kramer\/wp-content\/uploads\/sites\/8\/2026\/01\/1920x1080.jpg)\" ><\/div>\n    <div class=\"hero-header__image hero-header__image--mobile\"\n          style=\"background-image: url(https:\/\/wanicki.pl\/kramer\/wp-content\/uploads\/sites\/8\/2026\/01\/1920x1080.jpg)\"\n         >\n    <\/div>\n    <div class=\"hero-header__container container\">\n        <h1 class=\"hero-header__title\"><strong>PODNOSISZ WI\u0118CEJ, P\u0141ACISZ MNIEJ!<\/strong> <\/h1>\n                    <div class=\"hero-header__subtitle\"><p>\u0141adowarki Kramer dost\u0119pne od r\u0119ki <strong>z finansowaniem 0%.<\/strong><\/p>\n<p>&nbsp;<\/p>\n<p><span style=\"font-size: 8pt;\">*Szczeg\u00f3\u0142y akcji promocyjnej w Regulaminie akcji poni\u017cej.<\/span><\/p>\n<p><span style=\"font-size: 8pt;\">**Oferta ma charakter informacyjny i nie stanowi oferty handlowej w rozumieniu KC (art. 71, art. 63).<\/span><\/p>\n<\/div>\n                            <a href=\"#formularz\"\n               class=\"btn  btn--custom \"\n                style=\"--custom-color: #519884\"             >ZAMAWIAM OFERT\u0118<\/a>\n            <\/div>\n<\/div>\n\n\n<div class=\"wp-block-wanicki-job-form job-form__container\" id=\"formularz\">\n    <div class=\"container job-form\">\n        <div class=\"job-form__info\">\n            <h2 class=\"job-form__info-title\">Jeste\u015b zainteresowany? <\/h2>\n                    <p class=\"job-form__info-text\">\n                Wype\u0142nij formularz kontaktowy, a my skontaktujemy si\u0119 i przedstawimy szczeg\u00f3\u0142y akcji.\n            <\/p>\n        <\/div>\n        <div class=\"job-form__form\">\n            \n<div class=\"wpcf7 no-js\" id=\"wpcf7-f2338-o1\" lang=\"pl-PL\" dir=\"ltr\" data-wpcf7-id=\"2338\">\n<div class=\"screen-reader-response\"><p role=\"status\" aria-live=\"polite\" aria-atomic=\"true\"><\/p> <ul><\/ul><\/div>\n<form action=\"\/kramer\/wp-json\/wp\/v2\/pages\/2233#wpcf7-f2338-o1\" method=\"post\" class=\"wpcf7-form init\" aria-label=\"Formularz kontaktowy\" novalidate=\"novalidate\" data-status=\"init\">\n<fieldset class=\"hidden-fields-container\"><input type=\"hidden\" name=\"_wpcf7\" value=\"2338\" \/><input type=\"hidden\" name=\"_wpcf7_version\" value=\"6.1.5\" \/><input type=\"hidden\" name=\"_wpcf7_locale\" value=\"pl_PL\" \/><input type=\"hidden\" name=\"_wpcf7_unit_tag\" value=\"wpcf7-f2338-o1\" \/><input type=\"hidden\" name=\"_wpcf7_container_post\" value=\"0\" \/><input type=\"hidden\" name=\"_wpcf7_posted_data_hash\" value=\"\" \/><input type=\"hidden\" name=\"_wpcf7_recaptcha_response\" value=\"\" \/>\n<\/fieldset>\n<div class=\"form-columns\">\n\t<p><label><span class=\"form-label\">Imi\u0119*<\/span><span class=\"wpcf7-form-control-wrap\" data-name=\"your-name\"><input size=\"40\" maxlength=\"400\" class=\"wpcf7-form-control wpcf7-text wpcf7-validates-as-required\" aria-required=\"true\" aria-invalid=\"false\" value=\"\" type=\"text\" name=\"your-name\" \/><\/span><\/label><br \/>\n<label><span class=\"form-label\">Nazwisko*<\/span><span class=\"wpcf7-form-control-wrap\" data-name=\"your-surname\"><input size=\"40\" maxlength=\"400\" class=\"wpcf7-form-control wpcf7-text wpcf7-validates-as-required\" aria-required=\"true\" aria-invalid=\"false\" value=\"\" type=\"text\" name=\"your-surname\" \/><\/span><\/label>\n\t<\/p>\n<\/div>\n<div class=\"form-columns\">\n\t<p><label><span class=\"form-label\">Email*<\/span><span class=\"wpcf7-form-control-wrap\" data-name=\"your-email\"><input size=\"40\" maxlength=\"400\" class=\"wpcf7-form-control wpcf7-email wpcf7-validates-as-required wpcf7-text wpcf7-validates-as-email\" aria-required=\"true\" aria-invalid=\"false\" value=\"\" type=\"email\" name=\"your-email\" \/><\/span><\/label><br \/>\n<label><span class=\"form-label\">Numer telefonu*<\/span><span class=\"wpcf7-form-control-wrap\" data-name=\"your-phone\"><input size=\"40\" maxlength=\"400\" class=\"wpcf7-form-control wpcf7-tel wpcf7-validates-as-required wpcf7-text wpcf7-validates-as-tel\" aria-required=\"true\" aria-invalid=\"false\" value=\"\" type=\"tel\" name=\"your-phone\" \/><\/span><\/label>\n\t<\/p>\n<\/div>\n<p><label><span class=\"form-label\">Kod pocztowy*<\/span><span class=\"wpcf7-form-control-wrap\" data-name=\"your-postcode\"><input size=\"40\" maxlength=\"400\" class=\"wpcf7-form-control wpcf7-text wpcf7-validates-as-required\" aria-required=\"true\" aria-invalid=\"false\" value=\"\" type=\"text\" name=\"your-postcode\" \/><\/span><\/label>\n<\/p>\n<div class=\"checkbox-input\" style=\"font-size: 0.75em\">\n\t<p>        <span class=\"wpcf7-form-control-wrap\" data-name=\"checkall-69dd198a629e5\">\r\n            <span class=\"wpcf7-form-control wpcf7-acceptance optional\">\r\n                <span class=\"wpcf7-list-item\">\r\n                    <input type=\"checkbox\" name=\"checkall-69dd198a629e5\" aria-invalid=\"false\" id=\"checkall-69dd198a629e5\" \/>\r\n                <\/span>\r\n            <\/span>\r\n        <\/span>\r\n        <div>\r\n            <p>\r\n                Zaznacz wszystkie pola            <\/p>\r\n        <\/div>\r\n    \n\t<\/p>\n<\/div>\n<div class=\"checkbox-input\" style=\"font-size: 0.75em\">\n\t<p><span class=\"wpcf7-form-control-wrap\" data-name=\"your-acceptance\"><span class=\"wpcf7-form-control wpcf7-acceptance\"><span class=\"wpcf7-list-item\"><input type=\"checkbox\" name=\"your-acceptance\" value=\"1\" aria-invalid=\"false\" \/><\/span><\/span><\/span>\n\t<\/p>\n\t<div>\n\t\t<p>*O\u015bwiadczam, \u017ce zapozna\u0142em si\u0119 z <a href='\/polityka-prywatnosci\/' target=\"_blank\">Polityk\u0105 prywatno\u015bci oraz Regulaminem \u015bwiadczenia us\u0142ug drog\u0105 elektroniczn\u0105<\/a> i akceptuj\u0119 ich tre\u015b\u0107.\n\t\t<\/p>\n\t<\/div>\n<\/div>\n<div class=\"checkbox-input\" style=\"font-size: 0.75em\">\n\t<p><span class=\"wpcf7-form-control-wrap\" data-name=\"your-acceptance-info\"><span class=\"wpcf7-form-control wpcf7-acceptance optional\"><span class=\"wpcf7-list-item\"><input type=\"checkbox\" name=\"your-acceptance-info\" value=\"1\" aria-invalid=\"false\" \/><\/span><\/span><\/span>\n\t<\/p>\n\t<div>\n\t\t<p>Wyra\u017cam zgod\u0119 na przesy\u0142anie informacji handlowej skierowanej za pomoc\u0105 \u015brodk\u00f3w komunikacji elektronicznej oraz na u\u017cywanie telekomunikacyjnych urz\u0105dze\u0144 ko\u0144cowych i automatycznych system\u00f3w wywo\u0142uj\u0105cych dla cel\u00f3w marketingu bezpo\u015bredniego przez Grup\u0119 Wanicki*\n\t\t<\/p>\n\t<\/div>\n<\/div>\n<div style=\"font-size: 0.75em\">\n\t<p>Zgoda obejmuje kontakt za po\u015brednictwem:\n\t<\/p>\n<\/div>\n<div class=\"checkbox-input\" style=\"font-size: 0.75em\">\n\t<p><span class=\"wpcf7-form-control-wrap\" data-name=\"your-acceptance-email\"><span class=\"wpcf7-form-control wpcf7-acceptance optional\"><span class=\"wpcf7-list-item\"><input type=\"checkbox\" name=\"your-acceptance-email\" value=\"1\" aria-invalid=\"false\" \/><\/span><\/span><\/span>\n\t<\/p>\n\t<div>\n\t\t<p>E-mail\n\t\t<\/p>\n\t<\/div>\n<\/div>\n<div class=\"checkbox-input\" style=\"font-size: 0.75em\">\n\t<p><span class=\"wpcf7-form-control-wrap\" data-name=\"your-acceptance-sms\"><span class=\"wpcf7-form-control wpcf7-acceptance optional\"><span class=\"wpcf7-list-item\"><input type=\"checkbox\" name=\"your-acceptance-sms\" value=\"1\" aria-invalid=\"false\" \/><\/span><\/span><\/span>\n\t<\/p>\n\t<div>\n\t\t<p>SMS\n\t\t<\/p>\n\t<\/div>\n<\/div>\n<div class=\"checkbox-input\" style=\"font-size: 0.75em\">\n\t<p><span class=\"wpcf7-form-control-wrap\" data-name=\"your-acceptance-tel\"><span class=\"wpcf7-form-control wpcf7-acceptance optional\"><span class=\"wpcf7-list-item\"><input type=\"checkbox\" name=\"your-acceptance-tel\" value=\"1\" aria-invalid=\"false\" \/><\/span><\/span><\/span>\n\t<\/p>\n\t<div>\n\t\t<p>Kontakt telefoniczny\n\t\t<\/p>\n\t<\/div>\n<\/div>\n<div style=\"font-size: 0.75em\">\n\t<p>*przez Grup\u0119 Wanicki rozumie si\u0119 nast\u0119puj\u0105ce sp\u00f3\u0142ki: Firma Wanicki sp. z o.o. z siedzib\u0105 w Mogilanach, ul. My\u015blenicka 19, 32-031 Mogilany, KRS: 0000214618; Wanicki Serwis sp. z o.o. z siedzib\u0105 w Mogilanach, ul. My\u015blenicka 19, 32.-031 Mogilany, KRS: 0000225703, MW Wanicki sp. z o.o. z siedzib\u0105 w Mogilanach, ul. My\u015blenicka 19, 32.-031 Mogilany, KRS: 0000290954; BW Wanicki sp. z o.o. z siedzib\u0105 w Mogilanach, ul. My\u015blenicka 19, 32.-031 Mogilany, KRS: 0000277732; SW Wanicki sp. z o.o. z siedzib\u0105 w Mogilanach, ul. My\u015blenicka 19, 32.-031 Mogilany, KRS: 0000318232; Nedpol Truck Service sp. z o.o. z siedzib\u0105 w Romanowie, Roman\u00f3w 10b, 42-260 Roman\u00f3w, KRS: 0000062292; WW Wanicki sp. z o.o. z siedzib\u0105 w Trzcianie, Trzciana 162, 36-071 Trzciana, KRS: 0000214811; PT Wanicki sp. z o.o. z siedzib\u0105 w Mogilanach, ul. My\u015blenicka 19, 32.-031 Mogilany, KRS: 0001069064; Wanicki Rental sp. z o.o. z siedzib\u0105 w Mogilanach, ul. My\u015blenicka 19, 32.-031 Mogilany, KRS: 0000997992.\n\t<\/p>\n<\/div>\n<p><input class=\"wpcf7-form-control wpcf7-submit has-spinner\" type=\"submit\" value=\"Prosz\u0119 o kontakt\" \/>\n<\/p><div class=\"wpcf7-response-output\" aria-hidden=\"true\"><\/div>\n<\/form>\n<\/div>\n        <\/div>\n    <\/div>\n<\/div>\n\n\n<div class=\"wp-block-wanicki-image-with-text image-with-text \">\n\n    <div class=\"image-with-text__image\">\n                    <div class=\"image-with-text__image-photo\"\n                 style=\"background-image: url(https:\/\/wanicki.pl\/kramer\/wp-content\/uploads\/sites\/8\/2026\/01\/1080x1350.jpg)\"><\/div>\n            <\/div>\n\n    <div class=\"image-with-text__info   image-with-text__info--white \">\n                    <div class=\"image-with-text__info-title-wrapper\">\n                <h2 class=\"image-with-text__info-title\">Postaw na jednego, porz\u0105dnego pomocnika<\/h2>\n                                    <\/div>\n                            <div class=\"image-with-text__info-text\">\n                <p data-start=\"232\" data-end=\"453\">Czasem wystarczy jeden porz\u0105dny pomocnik na placu, \u017ceby ca\u0142a praca posz\u0142a sprawniej. Bele, palety, obornik, za\u0142adunki i roz\u0142adunki \u2014 z \u0142adowark\u0105 <strong data-start=\"379\" data-end=\"389\">Kramer<\/strong> robisz to szybciej, bez nerw\u00f3w i zb\u0119dnego kr\u0119cenia si\u0119 w k\u00f3\u0142ko.<\/p>\n<p data-start=\"455\" data-end=\"643\">To sprz\u0119t, kt\u00f3ry realnie <strong data-start=\"480\" data-end=\"570\">oszcz\u0119dza czas, ogranicza r\u0119czn\u0105 prac\u0119 i obni\u017ca koszty codziennej obs\u0142ugi gospodarstwa<\/strong>.<\/p>\n<p data-start=\"455\" data-end=\"643\"><br data-start=\"571\" data-end=\"574\" \/>Dlatego teraz wybrane modele Kramer dost\u0119pne s\u0105 w specjalnej ofercie:<\/p>\n<ul data-start=\"645\" data-end=\"732\">\n<li data-start=\"645\" data-end=\"668\">\n<p data-start=\"647\" data-end=\"668\"><strong data-start=\"647\" data-end=\"666\">finansowanie 0%<\/strong><\/p>\n<\/li>\n<li data-start=\"669\" data-end=\"695\">\n<p data-start=\"671\" data-end=\"695\"><strong data-start=\"671\" data-end=\"693\">niski wk\u0142ad w\u0142asny &#8211; 20%<\/strong><\/p>\n<\/li>\n<li data-start=\"696\" data-end=\"732\">\n<p data-start=\"698\" data-end=\"732\"><strong data-start=\"698\" data-end=\"732\">sprz\u0119t gotowy do pracy od r\u0119ki<\/strong><\/p>\n<\/li>\n<\/ul>\n<p data-start=\"734\" data-end=\"801\">Podnosisz wi\u0119cej. P\u0142acisz mniej. I od razu widzisz r\u00f3\u017cnic\u0119 w pracy.<\/p>\n\n            <\/div>\n                            <a href=\"https:\/\/wanicki.pl\/kramer\/wp-content\/uploads\/sites\/8\/2026\/01\/Regulamin-Akcji-Podnosisz-wiecej-placisz-mniej.pdf\" class=\"btn btn--primary image-with-text__button  btn--custom \"\n                style=\"--custom-color: #519884\" >REGULAMIN AKCJI<\/a>\n                            <div class=\"image-with-text__extra-links\">\n                                                                <\/div>\n        \n    <\/div>\n\n<\/div>\n\n\n<div id=\"pomoc\"><div class=\"wp-block-wanicki-image-with-text image-with-text  image-with-text--reversed \">\n\n    <div class=\"image-with-text__image\">\n                    <div class=\"image-with-text__image-photo\"\n                 style=\"background-image: url(https:\/\/wanicki.pl\/kramer\/wp-content\/uploads\/sites\/8\/2026\/01\/KA_image_BackgroundMachines_detail_Straw_p01.jpg)\"><\/div>\n            <\/div>\n\n    <div class=\"image-with-text__info  image-with-text__info--reversed   image-with-text__info--white \">\n                    <div class=\"image-with-text__info-title-wrapper\">\n                <h2 class=\"image-with-text__info-title\">Maszyna dopasowana do Twojej pracy<\/h2>\n                                    <\/div>\n                            <div class=\"image-with-text__info-text\">\n                <p data-start=\"90\" data-end=\"202\"><strong data-start=\"90\" data-end=\"202\">Dost\u0119pne od r\u0119ki <\/strong>\u0142adowarki Kramer dopasujesz do ka\u017cdej skali pracy \u2014 od prostych zada\u0144 po ci\u0119\u017ckie za\u0142adunki.<\/p>\n<p><strong data-start=\"204\" data-end=\"228\">Modele obj\u0119te akcj\u0105:<\/strong><\/p>\n<ul>\n<li>KL 12.5<\/li>\n<li>KL 14.5<\/li>\n<li>KL 25.5T<\/li>\n<li>KL 70.8<\/li>\n<li>KT 144<\/li>\n<li>KT 307<\/li>\n<li>KT 557<\/li>\n<\/ul>\n<p>&nbsp;<\/p>\n\n            <\/div>\n                            <a href=\"http:\/\/tel.\" class=\"btn btn--primary image-with-text__button  btn--custom \"\n                style=\"--custom-color: #519884\" >ZADZWO\u0143 DO NAS<\/a>\n                \n    <\/div>\n\n<\/div>\n<\/div>\n\n<div class=\"wp-block-wanicki-cta-banner cta-banner\">\n    <div class=\"container\">\n        <div class=\"cta-banner__container\">\n            <div class=\"cta-banner__image\"\n                  style=\"background-image: url(https:\/\/wanicki.pl\/kramer\/wp-content\/uploads\/sites\/8\/2024\/04\/KA_image_KT144_detail_attachements_p02-1-scaled.jpg)\"             ><\/div>\n            <h2 class=\"cta-banner__title\">WI\u0118CEJ O \u0141ADOWARKACH<\/h2>\n                                    <div class=\"cta-banner__buttons\">\n                                            <a\n                            href=\"https:\/\/wanicki.pl\/kramer\/oferta\/ladowarki\/\"\n                            class=\"btn cta-banner__button  btn--custom \"\n                             style=\"--custom-color: #519884\"                             target=\"_blank\"\n                        >\n                            KLIKNIJ TUTAJ\n                        <\/a>\n                                                        <\/div>\n                    <\/div>\n    <\/div>\n<\/div>\n","protected":false},"excerpt":{"rendered":"","protected":false},"author":2,"featured_media":2353,"parent":0,"menu_order":0,"comment_status":"closed","ping_status":"closed","template":"","meta":{"_acf_changed":false,"_seopress_robots_primary_cat":"","_seopress_titles_title":"Podnosisz wi\u0119cej. P\u0142acisz mniej. \u0141adowarki Kramer dost\u0119pne od r\u0119ki!","_seopress_titles_desc":"\u0141adowarki Kramer dost\u0119pne od r\u0119ki. Finansowanie 0%, niski wk\u0142ad w\u0142asny. Sprawdzone maszyny do pracy w ma\u0142ych i du\u017cych gospodarstwach. Sprawd\u017a ofert\u0119!","_seopress_robots_index":"","inline_featured_image":false,"footnotes":""},"class_list":["post-2233","page","type-page","status-publish","has-post-thumbnail","hentry"],"acf":[],"_links":{"self":[{"href":"https:\/\/wanicki.pl\/kramer\/wp-json\/wp\/v2\/pages\/2233","targetHints":{"allow":["GET"]}}],"collection":[{"href":"https:\/\/wanicki.pl\/kramer\/wp-json\/wp\/v2\/pages"}],"about":[{"href":"https:\/\/wanicki.pl\/kramer\/wp-json\/wp\/v2\/types\/page"}],"author":[{"embeddable":true,"href":"https:\/\/wanicki.pl\/kramer\/wp-json\/wp\/v2\/users\/2"}],"replies":[{"embeddable":true,"href":"https:\/\/wanicki.pl\/kramer\/wp-json\/wp\/v2\/comments?post=2233"}],"version-history":[{"count":13,"href":"https:\/\/wanicki.pl\/kramer\/wp-json\/wp\/v2\/pages\/2233\/revisions"}],"predecessor-version":[{"id":2359,"href":"https:\/\/wanicki.pl\/kramer\/wp-json\/wp\/v2\/pages\/2233\/revisions\/2359"}],"wp:featuredmedia":[{"embeddable":true,"href":"https:\/\/wanicki.pl\/kramer\/wp-json\/wp\/v2\/media\/2353"}],"wp:attachment":[{"href":"https:\/\/wanicki.pl\/kramer\/wp-json\/wp\/v2\/media?parent=2233"}],"curies":[{"name":"wp","href":"https:\/\/api.w.org\/{rel}","templated":true}]}}