{"id":56,"date":"2024-04-25T08:32:09","date_gmt":"2024-04-25T06:32:09","guid":{"rendered":"https:\/\/wanicki.pl\/kramer\/?page_id=56"},"modified":"2026-03-31T12:51:38","modified_gmt":"2026-03-31T10:51:38","slug":"o-nas","status":"publish","type":"page","link":"https:\/\/wanicki.pl\/kramer\/o-nas\/","title":{"rendered":"O nas"},"content":{"rendered":"<div class=\"wp-block-wanicki-page-hero-header page-hero-header\">\n    <div class=\"page-hero-header__image page-hero-header__image--desktop\"\n          style=\"background-image: url(https:\/\/wanicki.pl\/kramer\/wp-content\/uploads\/sites\/8\/2024\/04\/4-1-1-1.jpg)\" ><\/div>\n    <div class=\"page-hero-header__image page-hero-header__image--mobile\"\n          style=\"background-image: url(https:\/\/wanicki.pl\/kramer\/wp-content\/uploads\/sites\/8\/2024\/04\/4-1-1-1.jpg)\"\n            >\n    <\/div>\n    <div class=\"page-hero-header__container container\">\n        <h1 class=\"page-hero-header__title\"><strong>O NAS<\/strong><\/h1>\n                    <div class=\"page-hero-header__subtitle\"><p>Jeste\u015bmy autoryzowanym dealerem marki Kramer na terenie o\u015bmiu wojew\u00f3dztw. Odwied\u017a nasz najbli\u017cszy oddzia\u0142 i zapoznaj si\u0119 z pe\u0142n\u0105 ofert\u0105 \u0142adowarek ko\u0142owych i teleskopowych Kramer!<\/p>\n<\/div>\n                    <\/div>\n<\/div>\n\n\n\n<h2 class=\"wp-block-heading has-text-align-center\">NASZE ODDZIA\u0141Y<\/h2>\n\n\n\n<figure class=\"wp-block-image aligncenter size-large\"><img loading=\"lazy\" decoding=\"async\" width=\"1024\" height=\"708\" src=\"https:\/\/wanicki.pl\/kramer\/wp-content\/uploads\/sites\/8\/2026\/03\/mapa_wanicki_agro_30.03-1024x708.png\" alt=\"\" class=\"wp-image-2382\" srcset=\"https:\/\/wanicki.pl\/kramer\/wp-content\/uploads\/sites\/8\/2026\/03\/mapa_wanicki_agro_30.03-1024x708.png 1024w, https:\/\/wanicki.pl\/kramer\/wp-content\/uploads\/sites\/8\/2026\/03\/mapa_wanicki_agro_30.03-300x207.png 300w, https:\/\/wanicki.pl\/kramer\/wp-content\/uploads\/sites\/8\/2026\/03\/mapa_wanicki_agro_30.03-768x531.png 768w, https:\/\/wanicki.pl\/kramer\/wp-content\/uploads\/sites\/8\/2026\/03\/mapa_wanicki_agro_30.03-1536x1062.png 1536w, https:\/\/wanicki.pl\/kramer\/wp-content\/uploads\/sites\/8\/2026\/03\/mapa_wanicki_agro_30.03-2048x1415.png 2048w\" sizes=\"auto, (max-width: 1024px) 100vw, 1024px\" \/><\/figure>\n\n\n<div class=\"wp-block-wanicki-image-with-text image-with-text \">\n\n    <div class=\"image-with-text__image\">\n                    <div class=\"image-with-text__image-photo\"\n                 style=\"background-image: url(https:\/\/wanicki.pl\/kramer\/wp-content\/uploads\/sites\/8\/2024\/08\/DJI_0315-2-scaled.jpg)\"><\/div>\n            <\/div>\n\n    <div class=\"image-with-text__info  \">\n                    <div class=\"image-with-text__info-title-wrapper\">\n                <h2 class=\"image-with-text__info-title image-with-text__info-title--big\">Jaka jest nasza misja?<\/h2>\n                                    <\/div>\n                            <div class=\"image-with-text__info-text\">\n                <p><strong>Misja:<\/strong> \u201eWspieramy sukces polskich rolnik\u00f3w, dostarczaj\u0105c innowacyjne rozwi\u0105zania technologiczne, profesjonalne doradztwo oraz niezawodny serwis 24\/7, buduj\u0105c trwa\u0142e partnerstwa i przyczyniaj\u0105c si\u0119 do rozwoju nowoczesnego rolnictwa w Polsce.\u201d<\/p>\n<p><strong>Wizja:<\/strong> \u201eLider w dostarczaniu kompleksowych rozwi\u0105za\u0144 dla nowoczesnego rolnictwa\u201d.<\/p>\n\n            <\/div>\n                        \n    <\/div>\n\n<\/div>\n\n\n<div class=\"wp-block-wanicki-image-with-text image-with-text  image-with-text--reversed \">\n\n    <div class=\"image-with-text__image\">\n                    <div class=\"image-with-text__image-photo\"\n                 style=\"background-image: url(https:\/\/wanicki.pl\/kramer\/wp-content\/uploads\/sites\/8\/2024\/04\/KT-276.png)\"><\/div>\n            <\/div>\n\n    <div class=\"image-with-text__info  image-with-text__info--reversed  \">\n                    <div class=\"image-with-text__info-title-wrapper\">\n                <h2 class=\"image-with-text__info-title image-with-text__info-title--big\">DO\u015aWIADCZENIE<\/h2>\n                                    <\/div>\n                            <div class=\"image-with-text__info-text\">\n                <p>Od 12 lat aktywnie anga\u017cujemy si\u0119 w rozw\u00f3j polskiego sektora agro , oferuj\u0105c naszym klientom obs\u0142ug\u0119 full-service w punktach zlokalizowanych w wojew\u00f3dztwach: lubelskim , mazowieckim, \u015bwi\u0119tokrzyskim, podkarpackim, ma\u0142opolskim, \u015bl\u0105skim, opolskim i \u0142\u00f3dzkim.<\/p>\n<p>Gwarantujemy profesjonaln\u0105, kompleksow\u0105 obs\u0142ug\u0119, \u015bwiadcz\u0105c us\u0142ugi w ramach trzech g\u0142\u00f3wnych filar\u00f3w:<\/p>\n<ul>\n<li>sprzeda\u017c nowych i u\u017cywanych maszyn rolniczych<\/li>\n<li>sklep z cz\u0119\u015bciami do maszyn rolniczych oraz akcesoriami <a href=\"https:\/\/rolnikkupuje.pl\/\"><strong>www.RolnikKupuje.pl<\/strong><\/a><\/li>\n<li>autoryzowany serwis dost\u0119pny stacjonarnie i w terenie<\/li>\n<\/ul>\n<p>Dzia\u0142amy 6 dni w tygodniu, zapewniaj\u0105c kr\u00f3tkie terminy oczekiwania na serwis oraz atrakcyjne rabaty dla sta\u0142ych klient\u00f3w.<\/p>\n\n            <\/div>\n                        \n    <\/div>\n\n<\/div>\n\n\n<div class=\"wp-block-wanicki-image-with-text image-with-text \">\n\n    <div class=\"image-with-text__image\">\n                    <div class=\"image-with-text__image-photo\"\n                 style=\"background-image: url(https:\/\/wanicki.pl\/kramer\/wp-content\/uploads\/sites\/8\/2024\/04\/KA_image_KL43.8_detail_BrandingKramer_p04-3-1.jpg)\"><\/div>\n            <\/div>\n\n    <div class=\"image-with-text__info   image-with-text__info--white \">\n                    <div class=\"image-with-text__info-title-wrapper\">\n                <h2 class=\"image-with-text__info-title image-with-text__info-title--big\">KRAMER &#8211; PO BEZPIECZNEJ STRONIE<\/h2>\n                                    <\/div>\n                            <div class=\"image-with-text__info-text\">\n                <p><strong>Firma Kramer to marka uznana na rynku od wielu lat, z bogat\u0105 tradycj\u0105 i fundamentaln\u0105 warto\u015bci\u0105: bezpiecze\u0144stwo.<\/strong><\/p>\n<p>\u0141adowarki Kramer to innowacyjne maszyny i bezpieczne pod ka\u017cdym wzgl\u0119dem- wszystkie maszyny posiadaj\u0105 tryb czterech skr\u0119tnych k\u00f3\u0142 oraz jednocz\u0119\u015bciow\u0105 ram\u0119 no\u015bn\u0105.<\/p>\n<p>Dzi\u0119ki wieloletniemu do\u015bwiadczeniu w zakresie rozwoju i produkcji \u0142adowarek, s\u0105 one idealnie dostosowane do potrzeb klient\u00f3w. W celu spe\u0142nienia wymaga\u0144 profesjonalnego rolnictwa pod wzgl\u0119dem us\u0142ug i doradztwa, Kramer oferuje maszyny bezpo\u015brednio w sieci sprzeda\u017cy bran\u017cy rolniczej.<\/p>\n<p>Dzi\u0119ki d\u0142ugiej historii i sta\u0142emu sukcesowi firma Kramer jest optymalnie przygotowana do przysz\u0142ych wyzwa\u0144, poniewa\u017c przysz\u0142o\u015b\u0107 wymaga oryginalno\u015bci.<\/p>\n\n            <\/div>\n                            <a href=\"https:\/\/www.kramer-online.com\/pl\/\" class=\"btn btn--primary image-with-text__button  btn--custom \"\n                style=\"--custom-color: #519884\" >Zobacz stron\u0119 internetow\u0105 KRAMER<\/a>\n                \n    <\/div>\n\n<\/div>\n\n\n<div class=\"wp-block-wanicki-image-with-text image-with-text  image-with-text--reversed \">\n\n    <div class=\"image-with-text__image\">\n                    <div class=\"image-with-text__image-photo\"\n                 style=\"background-image: url(https:\/\/wanicki.pl\/kramer\/wp-content\/uploads\/sites\/8\/2024\/04\/Z622534-1-1.jpg)\"><\/div>\n            <\/div>\n\n    <div class=\"image-with-text__info  image-with-text__info--reversed  \">\n                    <div class=\"image-with-text__info-title-wrapper\">\n                <h2 class=\"image-with-text__info-title image-with-text__info-title--big\">WANICKI &amp; KRAMER<\/h2>\n                                    <\/div>\n                            <div class=\"image-with-text__info-text\">\n                <p><strong>Wsp\u00f3\u0142praca, kt\u00f3ra gwarantuje niezawodne rozwi\u0105zania!<\/strong><\/p>\n<p>Co \u0142\u0105czy obie marki? Zar\u00f3wno dla Kramer jak i dla nas\u00a0 kluczowymi warto\u015bciami s\u0105: <strong>bezpiecze\u0144stwo<\/strong>, <strong>jako\u015b\u0107<\/strong>, <strong>zaanga\u017cowanie<\/strong> i <strong>innowacyjno\u015b\u0107<\/strong>.<\/p>\n<p>B\u0119d\u0105c autoryzowanym partnerem marki Kramer na terenie wojew\u00f3dztwa lubelskiego, mazowieckiego i \u015bwi\u0119tokrzyskiego, dostarczamy polskim rolnikom bezpieczne i idealnie dopasowane do potrzeb rozwi\u0105zania. Decyduj\u0105c si\u0119 na \u0142adowarki marki Kramer, wybierasz do\u015bwiadczenie i innowacyjn\u0105 moc firmy, kt\u00f3re zapewniaj\u0105 bezpiecze\u0144stwo inwestycji i przysz\u0142o\u015bci.<\/p>\n<p>Kr\u00f3tko m\u00f3wi\u0105c, z firm\u0105 Kramer jeste\u015b zawsze po bezpiecznej stronie: <em>\u201cKramer \u2013 on the safe side\u201d<\/em><\/p>\n\n            <\/div>\n                        \n    <\/div>\n\n<\/div>\n\n\n<div class=\"wp-block-wanicki-spacer spacer \" style=\"--height: 50px;  --xl-height: 50px; --lg-height: 50px; --md-height: 50px; --sm-height: 30px; --xs-height: 30px;\">\n<\/div>\n\n\n\n<figure class=\"wp-block-embed is-type-video is-provider-youtube wp-block-embed-youtube wp-embed-aspect-16-9 wp-has-aspect-ratio\"><div class=\"wp-block-embed__wrapper\">\n<iframe loading=\"lazy\" title=\"Przysz\u0142o\u015b\u0107 zaczyna si\u0119 teraz! | Wanicki - Nasza w Tym Rola\" width=\"500\" height=\"281\" src=\"https:\/\/www.youtube.com\/embed\/X8qOjqXMLA8?feature=oembed\" frameborder=\"0\" allow=\"accelerometer; autoplay; clipboard-write; encrypted-media; gyroscope; picture-in-picture; web-share\" referrerpolicy=\"strict-origin-when-cross-origin\" allowfullscreen><\/iframe>\n<\/div><\/figure>\n","protected":false},"excerpt":{"rendered":"<p>NASZE ODDZIA\u0141Y<\/p>\n","protected":false},"author":1,"featured_media":0,"parent":0,"menu_order":0,"comment_status":"closed","ping_status":"closed","template":"","meta":{"_acf_changed":false,"_seopress_robots_primary_cat":"","_seopress_titles_title":"O nas - Kramer -Wanicki","_seopress_titles_desc":"Wanicki - dealer \u0142adowarek Kramer \u2705 Zobacz jak pracuje Dealer Jutra \u2705 Wspieramy polskich rolnik\u00f3w dostarczaj\u0105c innowacyjne rozwi\u0105zania","_seopress_robots_index":"","inline_featured_image":false,"footnotes":""},"class_list":["post-56","page","type-page","status-publish","hentry"],"acf":[],"_links":{"self":[{"href":"https:\/\/wanicki.pl\/kramer\/wp-json\/wp\/v2\/pages\/56","targetHints":{"allow":["GET"]}}],"collection":[{"href":"https:\/\/wanicki.pl\/kramer\/wp-json\/wp\/v2\/pages"}],"about":[{"href":"https:\/\/wanicki.pl\/kramer\/wp-json\/wp\/v2\/types\/page"}],"author":[{"embeddable":true,"href":"https:\/\/wanicki.pl\/kramer\/wp-json\/wp\/v2\/users\/1"}],"replies":[{"embeddable":true,"href":"https:\/\/wanicki.pl\/kramer\/wp-json\/wp\/v2\/comments?post=56"}],"version-history":[{"count":68,"href":"https:\/\/wanicki.pl\/kramer\/wp-json\/wp\/v2\/pages\/56\/revisions"}],"predecessor-version":[{"id":2386,"href":"https:\/\/wanicki.pl\/kramer\/wp-json\/wp\/v2\/pages\/56\/revisions\/2386"}],"wp:attachment":[{"href":"https:\/\/wanicki.pl\/kramer\/wp-json\/wp\/v2\/media?parent=56"}],"curies":[{"name":"wp","href":"https:\/\/api.w.org\/{rel}","templated":true}]}}