{"id":89,"date":"2024-04-25T10:39:04","date_gmt":"2024-04-25T08:39:04","guid":{"rendered":"https:\/\/wanicki.pl\/kramer\/?page_id=89"},"modified":"2024-09-12T12:31:13","modified_gmt":"2024-09-12T10:31:13","slug":"finansowanie","status":"publish","type":"page","link":"https:\/\/wanicki.pl\/kramer\/finansowanie\/","title":{"rendered":"Finansowanie"},"content":{"rendered":"<div class=\"wp-block-wanicki-page-hero-header page-hero-header\">\n    <div class=\"page-hero-header__image page-hero-header__image--desktop\"\n          style=\"background-image: url(https:\/\/wanicki.pl\/kramer\/wp-content\/uploads\/sites\/8\/2024\/04\/KA_image_KL60.8_action_FrontParking_p43-3-1.jpg)\" ><\/div>\n    <div class=\"page-hero-header__image page-hero-header__image--mobile\"\n          style=\"background-image: url(https:\/\/wanicki.pl\/kramer\/wp-content\/uploads\/sites\/8\/2024\/04\/KA_image_KL60.8_action_FrontParking_p43-3-1.jpg)\"\n            >\n    <\/div>\n    <div class=\"page-hero-header__container container\">\n        <h1 class=\"page-hero-header__title\"><strong>FINANSOWANIE ZAKUPU \u0141ADOWAREK KRAMER<\/strong><\/h1>\n                    <div class=\"page-hero-header__subtitle\"><p>Stoisz przed wyborem \u0142adowarki? Zastanawiasz si\u0119, kt\u00f3ra opcja p\u0142atno\u015bci b\u0119dzie optymalna i dopasowana do Twoich potrzeb oraz mo\u017cliwo\u015bci?<\/p>\n<\/div>\n                    <\/div>\n<\/div>\n\n\n<div class=\"wp-block-wanicki-image-with-text image-with-text \">\n\n    <div class=\"image-with-text__image\">\n                    <div class=\"image-with-text__image-photo\"\n                 style=\"background-image: url(https:\/\/wanicki.pl\/kramer\/wp-content\/uploads\/sites\/8\/2024\/04\/Z622554-min-1-scaled.jpg)\"><\/div>\n            <\/div>\n\n    <div class=\"image-with-text__info  \">\n                    <div class=\"image-with-text__info-title-wrapper\">\n                <h2 class=\"image-with-text__info-title image-with-text__info-title--big\">Finansowanie szyte na miar\u0119 Twoich potrzeb<\/h2>\n                                    <\/div>\n                            <div class=\"image-with-text__info-text\">\n                <p>Szukasz sposobu na sfinansowanie zakupu nowej maszyny rolniczej do Twojego gospodarstwa?<\/p>\n<p>Wychodzimy naprzeciw Twoim oczekiwaniom, oferuj\u0105c szeroki wachlarz rozwi\u0105za\u0144 finansowych dopasowanych do Twoich indywidualnych potrzeb i mo\u017cliwo\u015bci.<\/p>\n\n            <\/div>\n                        \n    <\/div>\n\n<\/div>\n\n\n<div class=\"wp-block-wanicki-image-with-text image-with-text  image-with-text--reversed \">\n\n    <div class=\"image-with-text__image\">\n                    <div class=\"image-with-text__image-photo\"\n                 style=\"background-image: url(https:\/\/wanicki.pl\/kramer\/wp-content\/uploads\/sites\/8\/2024\/06\/Z620489-scaled.jpg)\"><\/div>\n            <\/div>\n\n    <div class=\"image-with-text__info  image-with-text__info--reversed  \">\n                    <div class=\"image-with-text__info-title-wrapper\">\n                <h2 class=\"image-with-text__info-title image-with-text__info-title--big\">Dlaczego warto wybra\u0107 nasze finansowanie?<\/h2>\n                                    <\/div>\n                            <div class=\"image-with-text__info-text\">\n                <ul>\n<li data-sourcepos=\"7:1-7:118\"><strong>Szeroki wyb\u00f3r rozwi\u0105za\u0144:<\/strong> Leasing, kredyt, po\u017cyczka leasingowa &#8211; u nas znajdziesz rozwi\u0105zanie idealne dla siebie.<\/li>\n<li data-sourcepos=\"8:1-8:127\"><strong>Atrakcyjne warunki finansowania<\/strong>.<\/li>\n<li data-sourcepos=\"9:1-9:112\"><strong>Szybka i sprawna obs\u0142uga:<\/strong> Nasi specjali\u015bci pomog\u0105 Ci w dope\u0142nieniu formalno\u015bci i dobior\u0105 najlepsz\u0105 ofert\u0119.<\/li>\n<li data-sourcepos=\"10:1-11:0\"><strong>Indywidualne podej\u015bcie:<\/strong> Do ka\u017cdego Klienta podchodzimy indywidualnie, bior\u0105c pod uwag\u0119 jego specyficzne potrzeby i mo\u017cliwo\u015bci.<\/li>\n<\/ul>\n\n            <\/div>\n                        \n    <\/div>\n\n<\/div>\n\n\n<div class=\"wp-block-wanicki-image-with-text image-with-text \">\n\n    <div class=\"image-with-text__image\">\n                    <div class=\"image-with-text__image-photo\"\n                 style=\"background-image: url(https:\/\/wanicki.pl\/kramer\/wp-content\/uploads\/sites\/8\/2024\/04\/KA_EMEA_KT_action4-1-scaled.jpg)\"><\/div>\n            <\/div>\n\n    <div class=\"image-with-text__info  \">\n                    <div class=\"image-with-text__info-title-wrapper\">\n                <h2 class=\"image-with-text__info-title image-with-text__info-title--big\">Finansowanie fabryczne KRAMER<\/h2>\n                                    <\/div>\n                            <div class=\"image-with-text__info-text\">\n                <p>W naszej ofercie posiadamy r\u00f3wnie\u017c mo\u017cliwo\u015b\u0107 finansowania fabrycznego KRAMER<\/p>\n<ul>\n<li>Atrakcyjny koszt finansowania<\/li>\n<li>Promocyjne oferty finansowania z oprocentowaniem od 0%<\/li>\n<li>Niska op\u0142ata manipulacyjna<\/li>\n<li>Atrakcyjne pakiety ubezpiecze\u0144<\/li>\n<li>Minimum formalno\u015bci<\/li>\n<\/ul>\n\n            <\/div>\n                        \n    <\/div>\n\n<\/div>\n\n\n<div class=\"wp-block-wanicki-spacer spacer \" style=\"--height: 80px;  --xl-height: 80px; --lg-height: 80px; --md-height: 80px; --sm-height: 80px; --xs-height: 80px;\">\n<\/div>\n\n\n\n<p class=\"has-text-align-center\">Zainwestuj w <strong>produktywno\u015b\u0107 swojego biznesu<\/strong> i wybierz opcj\u0119 finansowania, kt\u00f3ra b\u0119dzie <strong>idealnie dopasowana do Twoich potrzeb<\/strong>.<\/p>\n\n\n\n<p class=\"has-text-align-center\">Kramer proponuje nast\u0119puj\u0105ce rozwi\u0105zania:<\/p>\n\n\n<div class=\"wp-block-wanicki-spacer spacer \" style=\"--height: 80px;  --xl-height: 80px; --lg-height: 80px; --md-height: 80px; --sm-height: 80px; --xs-height: 80px;\">\n<\/div>\n\n\n<div class=\"wp-block-wanicki-text-with-points text-with-points__wrapper  text-with-points__wrapper--dark-background \">\n\n    <div class=\"container text-with-points\">\n\n        <div class=\"text-with-points__title\">\n            0% * na 12 miesi\u0119cy\n        <\/div>\n\n        <div class=\"text-with-points__content\">\n                            <div class=\"text-with-points__content-text\">\n                    <ul>\n<li>Oprocentowanie: 0%<\/li>\n<li>PO\u017bYCZKA<\/li>\n<li>Wk\u0142ad w\u0142asny: 35%<\/li>\n<li>Okres sp\u0142aty: 12 miesi\u0119cy<\/li>\n<li>Raty: miesi\u0119czne<\/li>\n<\/ul>\n<p>* Oprocentowanie uzale\u017cnione m.in. od kosztu pozyskania pieni\u0105dza od finansuj\u0105cego, od okresu finansowania, udzia\u0142u w\u0142asnego, cz\u0119stotliwo\u015bci sp\u0142at. Powy\u017csze warunki nie stanowi\u0105 oferty w rozumieniu kodeksu cywilnego. Oferta ograniczona czasowo.<\/p>\n\n                <\/div>\n                        <div class=\"text-with-points__points\">\n                                            <\/div>\n        <\/div>\n    <\/div>\n\n<\/div>\n\n\n<div class=\"wp-block-wanicki-text-with-points text-with-points__wrapper \">\n\n    <div class=\"container text-with-points\">\n\n        <div class=\"text-with-points__title\">\n            0% na 24 miesi\u0105ce\n        <\/div>\n\n        <div class=\"text-with-points__content\">\n                            <div class=\"text-with-points__content-text\">\n                    <ul>\n<li>Oprocentowanie: 0%<\/li>\n<li>leasing\/po\u017cyczka<\/li>\n<li>Wk\u0142ad w\u0142asny: 35%<\/li>\n<li>Okres sp\u0142aty: 24 miesi\u0105ce<\/li>\n<li>Raty: miesi\u0119czne<\/li>\n<\/ul>\n<p>* Oferta dotyczy maszyn nowych i stokowych<br \/>\n* Program nie dotyczy \u0142adowarek demo<br \/>\n* Powy\u017csze warunki nie stanowi\u0105 oferty w rozumieniu kodeksu cywilnego<\/p>\n\n                <\/div>\n                        <div class=\"text-with-points__points\">\n                                            <\/div>\n        <\/div>\n    <\/div>\n\n<\/div>\n\n\n<div class=\"wp-block-wanicki-text-with-points text-with-points__wrapper  text-with-points__wrapper--dark-background \">\n\n    <div class=\"container text-with-points\">\n\n        <div class=\"text-with-points__title\">\n            2% na 36 miesi\u0119cy\n        <\/div>\n\n        <div class=\"text-with-points__content\">\n                            <div class=\"text-with-points__content-text\">\n                    <ul>\n<li>Oprocentowanie: 2%<\/li>\n<li>leasing\/po\u017cyczka<\/li>\n<li>Wk\u0142ad w\u0142asny: 35%<\/li>\n<li>Okres sp\u0142aty: 36 miesi\u0119cy<\/li>\n<li>Raty: miesi\u0119czne<\/li>\n<\/ul>\n<p>* Oferta dotyczy maszyn nowych i stokowych<br \/>\n* Program nie dotyczy \u0142adowarek demo<br \/>\n* Powy\u017csze warunki nie stanowi\u0105 oferty w rozumieniu kodeksu cywilnego<\/p>\n\n                <\/div>\n                        <div class=\"text-with-points__points\">\n                                            <\/div>\n        <\/div>\n    <\/div>\n\n<\/div>\n\n\n<div class=\"wp-block-wanicki-text-with-points text-with-points__wrapper \">\n\n    <div class=\"container text-with-points\">\n\n        <div class=\"text-with-points__title\">\n            OFERTA ELASTYCZNA Z OBNI\u017bONYM OPROCENTOWANIEM\n        <\/div>\n\n        <div class=\"text-with-points__content\">\n                            <div class=\"text-with-points__content-text\">\n                    <ul>\n<li>PO\u017bYCZKA<\/li>\n<li>Udzia\u0142 w\u0142asny: 0 \u2013 50 %<\/li>\n<li>Okres finansowania: 12 \u2013 84 miesi\u0119cy<\/li>\n<li>Oprocentowanie: Zale\u017cy od wybranego schematu<\/li>\n<li>Raty: miesi\u0119czne, kwartalne, p\u00f3\u0142roczne, sezonowe<\/li>\n<\/ul>\n\n                <\/div>\n                        <div class=\"text-with-points__points\">\n                                            <\/div>\n        <\/div>\n    <\/div>\n\n<\/div>\n\n\n<div class=\"wp-block-wanicki-job-form job-form__container\" id=\"\">\n    <div class=\"container job-form\">\n        <div class=\"job-form__info\">\n            <h2 class=\"job-form__info-title\">Jeste\u015b zainteresowany ofert\u0105 finansowania?<\/h2>\n                    <p class=\"job-form__info-text\">\n                Skontaktuj si\u0119 z nami!\n            <\/p>\n        <\/div>\n        <div class=\"job-form__form\">\n            \n<div class=\"wpcf7 no-js\" id=\"wpcf7-f1895-o1\" lang=\"pl-PL\" dir=\"ltr\" data-wpcf7-id=\"1895\">\n<div class=\"screen-reader-response\"><p role=\"status\" aria-live=\"polite\" aria-atomic=\"true\"><\/p> <ul><\/ul><\/div>\n<form action=\"\/kramer\/wp-json\/wp\/v2\/pages\/89#wpcf7-f1895-o1\" method=\"post\" class=\"wpcf7-form init\" aria-label=\"Formularz kontaktowy\" novalidate=\"novalidate\" data-status=\"init\">\n<fieldset class=\"hidden-fields-container\"><input type=\"hidden\" name=\"_wpcf7\" value=\"1895\" \/><input type=\"hidden\" name=\"_wpcf7_version\" value=\"6.1.5\" \/><input type=\"hidden\" name=\"_wpcf7_locale\" value=\"pl_PL\" \/><input type=\"hidden\" name=\"_wpcf7_unit_tag\" value=\"wpcf7-f1895-o1\" \/><input type=\"hidden\" name=\"_wpcf7_container_post\" value=\"0\" \/><input type=\"hidden\" name=\"_wpcf7_posted_data_hash\" value=\"\" \/><input type=\"hidden\" name=\"_wpcf7_recaptcha_response\" value=\"\" \/>\n<\/fieldset>\n<div class=\"form-columns\">\n\t<p><label><span class=\"form-label\">Imi\u0119*<\/span><span class=\"wpcf7-form-control-wrap\" data-name=\"your-name\"><input size=\"40\" maxlength=\"400\" class=\"wpcf7-form-control wpcf7-text wpcf7-validates-as-required\" aria-required=\"true\" aria-invalid=\"false\" value=\"\" type=\"text\" name=\"your-name\" \/><\/span><\/label><br \/>\n<label><span class=\"form-label\">Nazwisko*<\/span><span class=\"wpcf7-form-control-wrap\" data-name=\"your-surname\"><input size=\"40\" maxlength=\"400\" class=\"wpcf7-form-control wpcf7-text\" aria-invalid=\"false\" value=\"\" type=\"text\" name=\"your-surname\" \/><\/span><\/label>\n\t<\/p>\n<\/div>\n<div class=\"form-columns\">\n\t<p><label><span class=\"form-label\">Email*<\/span><span class=\"wpcf7-form-control-wrap\" data-name=\"your-email\"><input size=\"40\" maxlength=\"400\" class=\"wpcf7-form-control wpcf7-email wpcf7-validates-as-required wpcf7-text wpcf7-validates-as-email\" aria-required=\"true\" aria-invalid=\"false\" value=\"\" type=\"email\" name=\"your-email\" \/><\/span><\/label><br \/>\n<label><span class=\"form-label\">Numer telefonu*<\/span><span class=\"wpcf7-form-control-wrap\" data-name=\"your-phone\"><input size=\"40\" maxlength=\"400\" class=\"wpcf7-form-control wpcf7-tel wpcf7-validates-as-required wpcf7-text wpcf7-validates-as-tel\" aria-required=\"true\" aria-invalid=\"false\" value=\"\" type=\"tel\" name=\"your-phone\" \/><\/span><\/label>\n\t<\/p>\n<\/div>\n<div class=\"form-columns\">\n\t<p><label><span class=\"form-label\">Najbli\u017cszy oddzia\u0142*<\/span><span class=\"wpcf7-form-control-wrap\" data-name=\"your-recipient\"><select class=\"wpcf7-form-control wpcf7-select qty qty--select select-input\" aria-invalid=\"false\" name=\"your-recipient\"><option value=\"Re\u0144ska\">Re\u0144ska<\/option><option value=\"Kielce\">Kielce<\/option><option value=\"Wolb\u00f3rz\">Wolb\u00f3rz<\/option><option value=\"Kutno\">Kutno<\/option><option value=\"Bramki\">Bramki<\/option><option value=\"Gr\u00f3jec\">Gr\u00f3jec<\/option><option value=\"D\u0105browa Tarnowska\">D\u0105browa Tarnowska<\/option><option value=\"Jaros\u0142aw\">Jaros\u0142aw<\/option><option value=\"Pu\u0142ankowice\">Pu\u0142ankowice<\/option><option value=\"Sitaniec\">Sitaniec<\/option><option value=\"Wola Piasecka\">Wola Piasecka<\/option><\/select><\/span><br \/>\n<\/label><br \/>\n<label><span class=\"form-label\">Kod pocztowy*<\/span><span class=\"wpcf7-form-control-wrap\" data-name=\"your-postcode\"><input size=\"40\" maxlength=\"400\" class=\"wpcf7-form-control wpcf7-text wpcf7-validates-as-required\" aria-required=\"true\" aria-invalid=\"false\" value=\"\" type=\"text\" name=\"your-postcode\" \/><\/span><\/label>\n\t<\/p>\n<\/div>\n<div class=\"checkbox-input\" style=\"font-size: 0.75em\">\n\t<p><span class=\"wpcf7-form-control-wrap\" data-name=\"your-acceptance\"><span class=\"wpcf7-form-control wpcf7-acceptance\"><span class=\"wpcf7-list-item\"><input type=\"checkbox\" name=\"your-acceptance\" value=\"1\" aria-invalid=\"false\" \/><\/span><\/span><\/span>\n\t<\/p>\n\t<div>\n\t\t<p>*O\u015bwiadczam, \u017ce zapozna\u0142em si\u0119 z <a href='\/polityka-prywatnosci\/' target=\"_blank\">Polityk\u0105 prywatno\u015bci oraz Regulaminem \u015bwiadczenia us\u0142ug drog\u0105 elektroniczn\u0105<\/a> i akceptuj\u0119 ich tre\u015b\u0107.\n\t\t<\/p>\n\t<\/div>\n<\/div>\n<div class=\"checkbox-input\" style=\"font-size: 0.75em\">\n\t<p><span class=\"wpcf7-form-control-wrap\" data-name=\"your-acceptance-info\"><span class=\"wpcf7-form-control wpcf7-acceptance optional\"><span class=\"wpcf7-list-item\"><input type=\"checkbox\" name=\"your-acceptance-info\" value=\"1\" aria-invalid=\"false\" \/><\/span><\/span><\/span>\n\t<\/p>\n\t<div>\n\t\t<p>Wyra\u017cam zgod\u0119 na przesy\u0142anie informacji handlowej skierowanej za pomoc\u0105 \u015brodk\u00f3w komunikacji elektronicznej oraz na u\u017cywanie telekomunikacyjnych urz\u0105dze\u0144 ko\u0144cowych i automatycznych system\u00f3w wywo\u0142uj\u0105cych dla cel\u00f3w marketingu bezpo\u015bredniego przez Grup\u0119 Wanicki*\n\t\t<\/p>\n\t<\/div>\n<\/div>\n<div style=\"font-size: 0.75em\">\n\t<p>Zgoda obejmuje kontakt za po\u015brednictwem:\n\t<\/p>\n<\/div>\n<div class=\"checkbox-input\" style=\"font-size: 0.75em\">\n\t<p>        <span class=\"wpcf7-form-control-wrap\" data-name=\"checkall-69dd05ccc0b4e\">\r\n            <span class=\"wpcf7-form-control wpcf7-acceptance optional\">\r\n                <span class=\"wpcf7-list-item\">\r\n                    <input type=\"checkbox\" name=\"checkall-69dd05ccc0b4e\" aria-invalid=\"false\" id=\"checkall-69dd05ccc0b4e\" \/>\r\n                <\/span>\r\n            <\/span>\r\n        <\/span>\r\n        <div>\r\n            <p>\r\n                <br \/>\nZaznacz wszystkie pola            <\/p>\r\n        <\/div>\r\n    \n\t<\/p>\n<\/div>\n<div class=\"checkbox-input\" style=\"font-size: 0.75em\">\n\t<p><span class=\"wpcf7-form-control-wrap\" data-name=\"your-acceptance-email\"><span class=\"wpcf7-form-control wpcf7-acceptance optional\"><span class=\"wpcf7-list-item\"><input type=\"checkbox\" name=\"your-acceptance-email\" value=\"1\" aria-invalid=\"false\" \/><\/span><\/span><\/span>\n\t<\/p>\n\t<div>\n\t\t<p>E-mail\n\t\t<\/p>\n\t<\/div>\n<\/div>\n<div class=\"checkbox-input\" style=\"font-size: 0.75em\">\n\t<p><span class=\"wpcf7-form-control-wrap\" data-name=\"your-acceptance-sms\"><span class=\"wpcf7-form-control wpcf7-acceptance optional\"><span class=\"wpcf7-list-item\"><input type=\"checkbox\" name=\"your-acceptance-sms\" value=\"1\" aria-invalid=\"false\" \/><\/span><\/span><\/span>\n\t<\/p>\n\t<div>\n\t\t<p>SMS\n\t\t<\/p>\n\t<\/div>\n<\/div>\n<div class=\"checkbox-input\" style=\"font-size: 0.75em\">\n\t<p><span class=\"wpcf7-form-control-wrap\" data-name=\"your-acceptance-tel\"><span class=\"wpcf7-form-control wpcf7-acceptance optional\"><span class=\"wpcf7-list-item\"><input type=\"checkbox\" name=\"your-acceptance-tel\" value=\"1\" aria-invalid=\"false\" \/><\/span><\/span><\/span>\n\t<\/p>\n\t<div>\n\t\t<p>Kontakt telefoniczny\n\t\t<\/p>\n\t<\/div>\n<\/div>\n<div style=\"font-size: 0.75em\">\n\t<p>*przez Grup\u0119 Wanicki rozumie si\u0119 nast\u0119puj\u0105ce sp\u00f3\u0142ki: Firma Wanicki sp. z o.o. z siedzib\u0105 w Mogilanach, ul. My\u015blenicka 19, 32-031 Mogilany, KRS: 0000214618; Wanicki Serwis sp. z o.o. z siedzib\u0105 w Mogilanach, ul. My\u015blenicka 19, 32.-031 Mogilany, KRS: 0000225703, MW Wanicki sp. z o.o. z siedzib\u0105 w Mogilanach, ul. My\u015blenicka 19, 32.-031 Mogilany, KRS: 0000290954; BW Wanicki sp. z o.o. z siedzib\u0105 w Mogilanach, ul. My\u015blenicka 19, 32.-031 Mogilany, KRS: 0000277732; SW Wanicki sp. z o.o. z siedzib\u0105 w Mogilanach, ul. My\u015blenicka 19, 32.-031 Mogilany, KRS: 0000318232; Nedpol Truck Service sp. z o.o. z siedzib\u0105 w Romanowie, Roman\u00f3w 10b, 42-260 Roman\u00f3w, KRS: 0000062292; WW Wanicki sp. z o.o. z siedzib\u0105 w Trzcianie, Trzciana 162, 36-071 Trzciana, KRS: 0000214811; PT Wanicki sp. z o.o. z siedzib\u0105 w Mogilanach, ul. My\u015blenicka 19, 32.-031 Mogilany, KRS: 0001069064; Wanicki Rental sp. z o.o. z siedzib\u0105 w Mogilanach, ul. My\u015blenicka 19, 32.-031 Mogilany, KRS: 0000997992.\n\t<\/p>\n<\/div>\n<p><input class=\"wpcf7-form-control wpcf7-submit has-spinner\" type=\"submit\" value=\"Prosz\u0119 o kontakt\" \/>\n<\/p><div class=\"wpcf7-response-output\" aria-hidden=\"true\"><\/div>\n<\/form>\n<\/div>\n        <\/div>\n    <\/div>\n<\/div>\n","protected":false},"excerpt":{"rendered":"<p>Zainwestuj w produktywno\u015b\u0107 swojego biznesu i wybierz opcj\u0119 finansowania, kt\u00f3ra b\u0119dzie idealnie dopasowana do Twoich potrzeb. Kramer proponuje nast\u0119puj\u0105ce rozwi\u0105zania:<\/p>\n","protected":false},"author":1,"featured_media":0,"parent":0,"menu_order":0,"comment_status":"closed","ping_status":"closed","template":"","meta":{"_acf_changed":false,"_seopress_robots_primary_cat":"","_seopress_titles_title":"Finansowanie - Kramer- Agro Wanicki","_seopress_titles_desc":"Agro Wanicki - dealer \u0142adowarek Kramer \u2705 Oferta finansowania zakupu \u0142adowarek Kramer \u2705 Leasing - kredyt - po\u017cyczka \u2705 Sprawd\u017a nasz\u0105 ofert\u0119!","_seopress_robots_index":"","inline_featured_image":false,"footnotes":""},"class_list":["post-89","page","type-page","status-publish","hentry"],"acf":[],"_links":{"self":[{"href":"https:\/\/wanicki.pl\/kramer\/wp-json\/wp\/v2\/pages\/89","targetHints":{"allow":["GET"]}}],"collection":[{"href":"https:\/\/wanicki.pl\/kramer\/wp-json\/wp\/v2\/pages"}],"about":[{"href":"https:\/\/wanicki.pl\/kramer\/wp-json\/wp\/v2\/types\/page"}],"author":[{"embeddable":true,"href":"https:\/\/wanicki.pl\/kramer\/wp-json\/wp\/v2\/users\/1"}],"replies":[{"embeddable":true,"href":"https:\/\/wanicki.pl\/kramer\/wp-json\/wp\/v2\/comments?post=89"}],"version-history":[{"count":50,"href":"https:\/\/wanicki.pl\/kramer\/wp-json\/wp\/v2\/pages\/89\/revisions"}],"predecessor-version":[{"id":2001,"href":"https:\/\/wanicki.pl\/kramer\/wp-json\/wp\/v2\/pages\/89\/revisions\/2001"}],"wp:attachment":[{"href":"https:\/\/wanicki.pl\/kramer\/wp-json\/wp\/v2\/media?parent=89"}],"curies":[{"name":"wp","href":"https:\/\/api.w.org\/{rel}","templated":true}]}}