{"id":1802,"date":"2024-06-26T10:31:43","date_gmt":"2024-06-26T08:31:43","guid":{"rendered":"https:\/\/wanicki.pl\/lamberet\/?page_id=1802"},"modified":"2026-03-31T10:05:15","modified_gmt":"2026-03-31T08:05:15","slug":"strona-glowna","status":"publish","type":"page","link":"https:\/\/wanicki.pl\/lamberet\/","title":{"rendered":"Strona g\u0142\u00f3wna"},"content":{"rendered":"<div class=\"wp-block-wanicki-hero-header hero-header\">\n    <div class=\"hero-header__image hero-header__image--desktop\"\n          style=\"background-image: url(https:\/\/wanicki.pl\/lamberet\/wp-content\/uploads\/sites\/5\/2024\/08\/baner_lamberet-jasny.jpg)\" ><\/div>\n    <div class=\"hero-header__image hero-header__image--mobile\"\n          style=\"background-image: url(https:\/\/wanicki.pl\/lamberet\/wp-content\/uploads\/sites\/5\/2024\/08\/baner_lamberet-jasny.jpg)\"\n            >\n    <\/div>\n    <div class=\"hero-header__container container\">\n        <h1 class=\"hero-header__title\">MOCNE OGNIWO <br><strong>W TRANSPORCIE CH\u0141ODNICZYM<\/strong><\/h1>\n                    <div class=\"hero-header__subtitle\"><p>Firma Wanicki jest autoryzowanym dealerem marki Lamberet. Liczne serwisy na terenie ca\u0142ego kraju- wygoda i bezpiecze\u0144stwo Twojej floty.<\/p>\n<\/div>\n                    <\/div>\n<\/div>\n\n\n<div class=\"wp-block-wanicki-about-cards about-cards \">\n    <div class=\"container about-cards__container\">\n        <div class=\"about-cards__info\">\n                            <h3 class=\"about-cards__info-title\">AUTORYZOWANY DEALER LAMBERET<\/h3>\n                                                <div class=\"about-cards__info-text\"><p>Grupa Wanicki, od lat wiod\u0105cy w bran\u017cy motoryzacyjnej, z dum\u0105 przedstawia si\u0119 jako autoryzowany dealer marki LAMBERET. Nasza firma, za\u0142o\u017cona w 1991 roku, zbudowa\u0142a swoj\u0105 pozycj\u0119 na solidnych fundamentach zaufania i profesjonalizmu. Wsp\u00f3\u0142pracuj\u0105c z LAMBERET, wiod\u0105cym producentem naczep i zabud\u00f3w ch\u0142odniczych, zyskali\u015bmy unikalne do\u015bwiadczenie, kt\u00f3re pozwala nam oferowa\u0107 rozwi\u0105zania najwy\u017cszej jako\u015bci.<\/p>\n<\/div>\n                        \n        <\/div>\n\n        <div class=\"about-cards__grid about-cards__desktop\">\n                                                <a href=\"https:\/\/wanicki.pl\/lamberet\/oferta\/pojazdy\/naczepy\/\" class=\"about-cards__item about-cards__item--link\"\n                        style=\"background-image: url(https:\/\/wanicki.pl\/lamberet\/wp-content\/uploads\/sites\/5\/2024\/07\/SR2_Green_Liner_BD.png)\"                     >\n                        <p class=\"about-cards__item-text\">\n                            NACZEPY\n                        <\/p>\n                    <\/a>\n                                                                <a href=\"https:\/\/wanicki.pl\/lamberet\/oferta\/pojazdy\/zabudowy-samochody-dostawcze\/\" class=\"about-cards__item about-cards__item--link\"\n                        style=\"background-image: url(https:\/\/wanicki.pl\/lamberet\/wp-content\/uploads\/sites\/5\/2024\/06\/montage_Porteur_Frigoline_BD.png)\"                     >\n                        <p class=\"about-cards__item-text\">\n                            ZABUDOWY NA SAMOCHODY DOSTAWCZE\n                        <\/p>\n                    <\/a>\n                                                                <a href=\"https:\/\/wanicki.pl\/lamberet\/oferta\/pojazdy\/ciezarowe\/\" class=\"about-cards__item about-cards__item--link\"\n                        style=\"background-image: url(https:\/\/wanicki.pl\/lamberet\/wp-content\/uploads\/sites\/5\/2024\/07\/SR2_SuperBeef_6.jpg)\"                     >\n                        <p class=\"about-cards__item-text\">\n                            ZABUDOWY NA POJAZDY CI\u0118\u017bAROWE\n                        <\/p>\n                    <\/a>\n                                                                <a href=\"https:\/\/wanicki.pl\/lamberet\/oferta\/pojazdy\/kerstner\/\" class=\"about-cards__item about-cards__item--link\"\n                        style=\"background-image: url(https:\/\/wanicki.pl\/lamberet\/wp-content\/uploads\/sites\/5\/2024\/07\/PrzechwytywanieBGUJJUBJU.png)\"                     >\n                        <p class=\"about-cards__item-text\">\n                            KERSTNER\n                        <\/p>\n                    <\/a>\n                                                                <a href=\"https:\/\/wanicki.pl\/lamberet\/serwis\/\" class=\"about-cards__item about-cards__item--link\"\n                        style=\"background-image: url(https:\/\/wanicki.pl\/lamberet\/wp-content\/uploads\/sites\/5\/2024\/07\/Przechwytywanie52-e1720001266652.png)\"                     >\n                        <p class=\"about-cards__item-text\">\n                            SERWIS\n                        <\/p>\n                    <\/a>\n                                                                <a href=\"https:\/\/wanicki.pl\/lamberet\/czesci\/\" class=\"about-cards__item about-cards__item--link\"\n                        style=\"background-image: url(https:\/\/wanicki.pl\/lamberet\/wp-content\/uploads\/sites\/5\/2024\/07\/Przechwytywaniefrdgdrf.png)\"                     >\n                        <p class=\"about-cards__item-text\">\n                            CZ\u0118\u015aCI\n                        <\/p>\n                    <\/a>\n                                    <\/div>\n\n        <div class=\"about-cards__mobile swiper\">\n            <div class=\"swiper-wrapper\">\n                                                            <div class=\"about-cards__grid swiper-slide\">\n                                                                                                <a href=\"https:\/\/wanicki.pl\/lamberet\/oferta\/pojazdy\/naczepy\/\" class=\"about-cards__item\"\n                                        style=\"background-image: url(https:\/\/wanicki.pl\/lamberet\/wp-content\/uploads\/sites\/5\/2024\/07\/SR2_Green_Liner_BD.png)\"                                     >\n                                        <div class=\"about-cards__item-text\">\n                                            NACZEPY\n                                        <\/div>\n                                    <\/a>\n                                                                                                                                <a href=\"https:\/\/wanicki.pl\/lamberet\/oferta\/pojazdy\/zabudowy-samochody-dostawcze\/\" class=\"about-cards__item\"\n                                        style=\"background-image: url(https:\/\/wanicki.pl\/lamberet\/wp-content\/uploads\/sites\/5\/2024\/06\/montage_Porteur_Frigoline_BD.png)\"                                     >\n                                        <div class=\"about-cards__item-text\">\n                                            ZABUDOWY NA SAMOCHODY DOSTAWCZE\n                                        <\/div>\n                                    <\/a>\n                                                                                                                                <a href=\"https:\/\/wanicki.pl\/lamberet\/oferta\/pojazdy\/ciezarowe\/\" class=\"about-cards__item\"\n                                        style=\"background-image: url(https:\/\/wanicki.pl\/lamberet\/wp-content\/uploads\/sites\/5\/2024\/07\/SR2_SuperBeef_6.jpg)\"                                     >\n                                        <div class=\"about-cards__item-text\">\n                                            ZABUDOWY NA POJAZDY CI\u0118\u017bAROWE\n                                        <\/div>\n                                    <\/a>\n                                                                                                                                <a href=\"https:\/\/wanicki.pl\/lamberet\/oferta\/pojazdy\/kerstner\/\" class=\"about-cards__item\"\n                                        style=\"background-image: url(https:\/\/wanicki.pl\/lamberet\/wp-content\/uploads\/sites\/5\/2024\/07\/PrzechwytywanieBGUJJUBJU.png)\"                                     >\n                                        <div class=\"about-cards__item-text\">\n                                            KERSTNER\n                                        <\/div>\n                                    <\/a>\n                                                                                    <\/div>\n                                                                                                                                                                                            <div class=\"about-cards__grid swiper-slide\">\n                                                                                                <a href=\"https:\/\/wanicki.pl\/lamberet\/serwis\/\" class=\"about-cards__item\"\n                                        style=\"background-image: url(https:\/\/wanicki.pl\/lamberet\/wp-content\/uploads\/sites\/5\/2024\/07\/Przechwytywanie52-e1720001266652.png)\"                                     >\n                                        <div class=\"about-cards__item-text\">\n                                            SERWIS\n                                        <\/div>\n                                    <\/a>\n                                                                                                                                <a href=\"https:\/\/wanicki.pl\/lamberet\/czesci\/\" class=\"about-cards__item\"\n                                        style=\"background-image: url(https:\/\/wanicki.pl\/lamberet\/wp-content\/uploads\/sites\/5\/2024\/07\/Przechwytywaniefrdgdrf.png)\"                                     >\n                                        <div class=\"about-cards__item-text\">\n                                            CZ\u0118\u015aCI\n                                        <\/div>\n                                    <\/a>\n                                                                                    <\/div>\n                                                                                    <\/div>\n            <div class=\"about-cards__arrows\">\n                <div class=\"about-cards__arrows-button about-cards__arrows-left\">\n                    <svg width=\"12px\" height=\"12px\" class=\"about-cards__arrows-icon\" transform=\"rotate(90)\" fill=\"currentColor\" viewBox=\"0 0 96 96\" xmlns=\"http:\/\/www.w3.org\/2000\/svg\">\n  <path d=\"M81.846 25.388a6.024 6.024 0 0 0-8.45.767L48 56.625l-25.396-30.47a5.999 5.999 0 1 0-9.211 7.689l30.001 36.001a5.997 5.997 0 0 0 9.212 0l30.001-36.002a6.008 6.008 0 0 0-.761-8.455Z\"\/>\n<\/svg>                <\/div>\n                <div class=\"about-cards__arrows-button about-cards__arrows-right\">\n                    <svg width=\"12px\" height=\"12px\" class=\"about-cards__arrows-icon\" transform=\"rotate(-90)\" fill=\"currentColor\" viewBox=\"0 0 96 96\" xmlns=\"http:\/\/www.w3.org\/2000\/svg\">\n  <path d=\"M81.846 25.388a6.024 6.024 0 0 0-8.45.767L48 56.625l-25.396-30.47a5.999 5.999 0 1 0-9.211 7.689l30.001 36.001a5.997 5.997 0 0 0 9.212 0l30.001-36.002a6.008 6.008 0 0 0-.761-8.455Z\"\/>\n<\/svg>                <\/div>\n            <\/div>\n        <\/div>\n    <\/div>\n<\/div>\n\n\n<div class=\"wp-block-wanicki-image-with-text image-with-text  image-with-text--reversed \">\n\n    <div class=\"image-with-text__image\">\n                    <div class=\"image-with-text__image-photo\"\n                 style=\"background-image: url(https:\/\/wanicki.pl\/lamberet\/wp-content\/uploads\/sites\/5\/2024\/07\/Lamberet-SR2-Green-Liner_interieur_BD.png)\"><\/div>\n            <\/div>\n\n    <div class=\"image-with-text__info  image-with-text__info--reversed  \">\n                    <div class=\"image-with-text__info-title-wrapper\">\n                <h2 class=\"image-with-text__info-title image-with-text__info-title--big\">Zaufanie i jako\u015b\u0107 <\/h2>\n                                    <\/div>\n                            <div class=\"image-with-text__info-text\">\n                <p><strong>Marka Lamberet, dzi\u0119ki wieloletniemu do\u015bwiadczeniu bran\u017cy, jest gwarantem jako\u015bci i bezpiecze\u0144stwa.<\/strong><\/p>\n<p>Rozbudowana sie\u0107 serwisowa, korzystne warunki finansowania i doradztwo, sprawiaj\u0105 \u017ce Lamberet jest dla setek firm partnerem na wiele dziesi\u0119cioleci.<\/p>\n<p>Jako\u015b\u0107 zabud\u00f3w Ch\u0142odniczych Lamberet zosta\u0142a doceniona w 38 pa\u0144stwach na ca\u0142ym \u015bwiecie, a liczne certyfikaty \u015bwiadcz\u0105 o dba\u0142o\u015bci o ka\u017cdy detal.<\/p>\n\n            <\/div>\n                        \n    <\/div>\n\n<\/div>\n\n\n<div class=\"wp-block-wanicki-image-with-text image-with-text \">\n\n    <div class=\"image-with-text__image\">\n                    <div class=\"image-with-text__image-photo\"\n                 style=\"background-image: url(https:\/\/wanicki.pl\/lamberet\/wp-content\/uploads\/sites\/5\/2024\/07\/SR2_SuperBeef_6.jpg)\"><\/div>\n            <\/div>\n\n    <div class=\"image-with-text__info  \">\n                    <div class=\"image-with-text__info-title-wrapper\">\n                <h2 class=\"image-with-text__info-title image-with-text__info-title--big\">Zabudowy ch\u0142odnicze Lamberet<\/h2>\n                                    <\/div>\n                            <div class=\"image-with-text__info-text\">\n                <p>Od 1935 roku, marka Lamberet dostarcza swoim klientom specjalistyczne zabudowy ch\u0142odnicze.<\/p>\n<p><strong>Dzi\u0119ki unikalnemu systemowi projektowania i produkcji, Lamberet wytwarza jednostki transportowe wyj\u0105tkowej jako\u015bci.<\/strong><\/p>\n<p>Systemy ch\u0142odnicze sprawdzaj\u0105 si\u0119 zar\u00f3wno w transporcie \u017cywno\u015bci, jak i lek\u00f3w czy innych towar\u00f3w wymagaj\u0105cych najbardziej rygorystycznych warunk\u00f3w transportu.<\/p>\n\n            <\/div>\n                        \n    <\/div>\n\n<\/div>\n\n\n\n<h2 class=\"wp-block-heading\">nasze oddzia\u0142y<\/h2>\n\n\n\n<figure class=\"wp-block-image size-large\"><img loading=\"lazy\" decoding=\"async\" width=\"1024\" height=\"708\" src=\"https:\/\/wanicki.pl\/lamberet\/wp-content\/uploads\/sites\/5\/2026\/03\/mapa_wanicki_agro_30.03-1024x708.png\" alt=\"\" class=\"wp-image-2464\" srcset=\"https:\/\/wanicki.pl\/lamberet\/wp-content\/uploads\/sites\/5\/2026\/03\/mapa_wanicki_agro_30.03-1024x708.png 1024w, https:\/\/wanicki.pl\/lamberet\/wp-content\/uploads\/sites\/5\/2026\/03\/mapa_wanicki_agro_30.03-300x207.png 300w, https:\/\/wanicki.pl\/lamberet\/wp-content\/uploads\/sites\/5\/2026\/03\/mapa_wanicki_agro_30.03-768x531.png 768w, https:\/\/wanicki.pl\/lamberet\/wp-content\/uploads\/sites\/5\/2026\/03\/mapa_wanicki_agro_30.03-1536x1062.png 1536w, https:\/\/wanicki.pl\/lamberet\/wp-content\/uploads\/sites\/5\/2026\/03\/mapa_wanicki_agro_30.03-2048x1415.png 2048w\" sizes=\"auto, (max-width: 1024px) 100vw, 1024px\" \/><\/figure>\n\n\n<div class=\"wp-block-wanicki-image-with-text image-with-text \">\n\n    <div class=\"image-with-text__image\">\n                    <div class=\"image-with-text__image-photo\"\n                 style=\"background-image: url(https:\/\/wanicki.pl\/lamberet\/wp-content\/uploads\/sites\/5\/2024\/07\/Z624240-scaled-e1720521681250.jpg)\"><\/div>\n            <\/div>\n\n    <div class=\"image-with-text__info  \">\n                    <div class=\"image-with-text__info-title-wrapper\">\n                <h2 class=\"image-with-text__info-title image-with-text__info-title--big\">DO\u0141\u0104CZ DO NAS \u2013 PRACA DLA LUDZI Z PASJ\u0104<\/h2>\n                                    <\/div>\n                            <div class=\"image-with-text__info-text\">\n                <p><strong>Szukamy ludzi z pasj\u0105, gotowych na wyzwania i ciekaw\u0105 prac\u0119.<\/strong><\/p>\n<p>Nasz zesp\u00f3\u0142 otwarty jest na ludzi z do\u015bwiadczeniem, jak r\u00f3wnie\u017c tych, kt\u00f3rzy stawiaj\u0105 pierwsze kroki w pracy zawodowej. Gwarantujemy \u015bwietne i stabilne warunki pracy, dobr\u0105 atmosfer\u0119 oraz mo\u017cliwo\u015b\u0107 rozwoju poprzez udzia\u0142 w zewn\u0119trznych i wewn\u0119trznych szkoleniach oraz stabiln\u0105 pozycj\u0119 pracodawcy.<\/p>\n\n            <\/div>\n                        \n    <\/div>\n\n<\/div>\n\n\n<div class=\"wp-block-wanicki-cta-banner cta-banner\">\n    <div class=\"container\">\n        <div class=\"cta-banner__container\">\n            <div class=\"cta-banner__image\"\n                  style=\"background-image: url(https:\/\/wanicki.pl\/lamberet\/wp-content\/uploads\/sites\/5\/2024\/07\/bcbcgg.png)\"             ><\/div>\n            <h2 class=\"cta-banner__title\">POTRZEBUJESZ NACZEPY? ZADZWO\u0143!<\/h2>\n                                    <div class=\"cta-banner__buttons\">\n                                            <a\n                            href=\"http:\/\/X\"\n                            class=\"btn cta-banner__button \"\n                                                        target=\"\"\n                        >\n                            tel. 888-888-824\n                        <\/a>\n                                                        <\/div>\n                    <\/div>\n    <\/div>\n<\/div>\n","protected":false},"excerpt":{"rendered":"<p>nasze oddzia\u0142y<\/p>\n","protected":false},"author":1,"featured_media":2020,"parent":0,"menu_order":0,"comment_status":"closed","ping_status":"closed","template":"","meta":{"_acf_changed":false,"_seopress_robots_primary_cat":"","_seopress_titles_title":"Lamberet - Wanicki","_seopress_titles_desc":"Wanicki - dealer Lamberet \u2705 Zabudowy ch\u0142odnicze Lamberet \u2705 Naczepy - Zabudowy na samochody dostawcze - Zabudowy na pojazdy ci\u0119\u017carowe","_seopress_robots_index":"","inline_featured_image":false,"footnotes":""},"class_list":["post-1802","page","type-page","status-publish","has-post-thumbnail","hentry"],"acf":[],"_links":{"self":[{"href":"https:\/\/wanicki.pl\/lamberet\/wp-json\/wp\/v2\/pages\/1802","targetHints":{"allow":["GET"]}}],"collection":[{"href":"https:\/\/wanicki.pl\/lamberet\/wp-json\/wp\/v2\/pages"}],"about":[{"href":"https:\/\/wanicki.pl\/lamberet\/wp-json\/wp\/v2\/types\/page"}],"author":[{"embeddable":true,"href":"https:\/\/wanicki.pl\/lamberet\/wp-json\/wp\/v2\/users\/1"}],"replies":[{"embeddable":true,"href":"https:\/\/wanicki.pl\/lamberet\/wp-json\/wp\/v2\/comments?post=1802"}],"version-history":[{"count":28,"href":"https:\/\/wanicki.pl\/lamberet\/wp-json\/wp\/v2\/pages\/1802\/revisions"}],"predecessor-version":[{"id":2466,"href":"https:\/\/wanicki.pl\/lamberet\/wp-json\/wp\/v2\/pages\/1802\/revisions\/2466"}],"wp:featuredmedia":[{"embeddable":true,"href":"https:\/\/wanicki.pl\/lamberet\/wp-json\/wp\/v2\/media\/2020"}],"wp:attachment":[{"href":"https:\/\/wanicki.pl\/lamberet\/wp-json\/wp\/v2\/media?parent=1802"}],"curies":[{"name":"wp","href":"https:\/\/api.w.org\/{rel}","templated":true}]}}