{"id":1821,"date":"2024-06-26T11:43:49","date_gmt":"2024-06-26T09:43:49","guid":{"rendered":"https:\/\/wanicki.pl\/lamberet\/?page_id=1821"},"modified":"2024-12-15T11:48:04","modified_gmt":"2024-12-15T10:48:04","slug":"finansowanie","status":"publish","type":"page","link":"https:\/\/wanicki.pl\/lamberet\/finansowanie\/","title":{"rendered":"Finansowanie"},"content":{"rendered":"<div class=\"wp-block-wanicki-page-hero-header page-hero-header\">\n    <div class=\"page-hero-header__image page-hero-header__image--desktop\"\n          style=\"background-image: url(https:\/\/wanicki.pl\/lamberet\/wp-content\/uploads\/sites\/5\/2024\/07\/P1086468-scaled.jpg)\" ><\/div>\n    <div class=\"page-hero-header__image page-hero-header__image--mobile\"\n          style=\"background-image: url(https:\/\/wanicki.pl\/lamberet\/wp-content\/uploads\/sites\/5\/2024\/07\/P1086468-scaled.jpg)\"\n            >\n    <\/div>\n    <div class=\"page-hero-header__container container\">\n        <h1 class=\"page-hero-header__title\"><strong>FINANSOWANIE<\/strong><\/h1>\n                    <div class=\"page-hero-header__subtitle\"><p>Zainwestuj w swoj\u0105 flot\u0119 naczep ch\u0142odniczych dzi\u0119ki naszym korzystnym opcjom finansowania! Jako lider w bran\u017cy transportowej, oferujemy elastyczne rozwi\u0105zania finansowe, kt\u00f3re umo\u017cliwi\u0105 Ci szybkie i bezproblemowe pozyskanie niezb\u0119dnego sprz\u0119tu.<\/p>\n<\/div>\n                    <\/div>\n<\/div>\n\n\n<div class=\"wp-block-wanicki-image-with-text image-with-text \">\n\n    <div class=\"image-with-text__image\">\n                    <div class=\"image-with-text__image-photo\"\n                 style=\"background-image: url(https:\/\/wanicki.pl\/lamberet\/wp-content\/uploads\/sites\/5\/2024\/07\/Z624208-scaled.jpg)\"><\/div>\n            <\/div>\n\n    <div class=\"image-with-text__info   image-with-text__info--white \">\n                    <div class=\"image-with-text__info-title-wrapper\">\n                <h2 class=\"image-with-text__info-title image-with-text__info-title--big\">DLACZEGO WARTO SKORZYSTA\u0106 Z FINANSOWANIA<\/h2>\n                                    <\/div>\n                            <div class=\"image-with-text__info-text\">\n                <p>Dzi\u0119ki naszemu do\u015bwiadczeniu i partnerskim relacjom z wiod\u0105cymi instytucjami finansowymi, mo\u017cemy zaoferowa\u0107 Ci konkurencyjne warunki leasingu i kredytu, <strong>dostosowane do Twoich indywidualnych potrzeb i mo\u017cliwo\u015bci finansowych<\/strong>.<\/p>\n\n            <\/div>\n                        \n    <\/div>\n\n<\/div>\n\n\n<div class=\"wp-block-wanicki-image-with-text image-with-text  image-with-text--reversed \">\n\n    <div class=\"image-with-text__image\">\n                    <div class=\"image-with-text__image-photo\"\n                 style=\"background-image: url(https:\/\/wanicki.pl\/lamberet\/wp-content\/uploads\/sites\/5\/2024\/07\/P1086469-scaled.jpg)\"><\/div>\n            <\/div>\n\n    <div class=\"image-with-text__info  image-with-text__info--reversed  \">\n                    <div class=\"image-with-text__info-title-wrapper\">\n                <h2 class=\"image-with-text__info-title image-with-text__info-title--big\">Co zyskujesz?<\/h2>\n                                    <\/div>\n                            <div class=\"image-with-text__info-text\">\n                <p>Wybieraj\u0105c nasze finansowanie naczep ch\u0142odniczych, <strong>zyskujesz nie tylko mo\u017cliwo\u015b\u0107 szybkiego zakupu, ale tak\u017ce dodatkowe korzy\u015bci, takie jak elastyczne raty, niskie oprocentowanie i szybka procedura decyzyjna<\/strong>.<\/p>\n<p>Nie czekaj d\u0142u\u017cej &#8211; skorzystaj z naszego wsparcia finansowego i rozwijaj swoj\u0105 flot\u0119 naczep ch\u0142odniczych z pewno\u015bci\u0105 sukcesu!<\/p>\n<p>Otw\u00f3rz drzwi do nowych mo\u017cliwo\u015bci i zapewnij sobie konkurencyjn\u0105 przewag\u0119 na rynku transportowym ju\u017c dzi\u015b!<\/p>\n\n            <\/div>\n                            <a href=\"http:\/\/+48 888 888 824\" class=\"btn btn--primary image-with-text__button \"\n               >Zadzwo\u0144!<\/a>\n                \n    <\/div>\n\n<\/div>\n\n\n<div class=\"wp-block-wanicki-cta-contact cta-contact\">\n    <div class=\"cta-contact__container\">\n        <div class=\"cta-contact__image\"\n                     ><\/div>\n        <div class=\"container cta-contact__content\">\n                            <h2 class=\"cta-contact__title\">JESTE\u015a ZAINTERESOWANY OFERT\u0104 FINANSOWANIA? Zadzwo\u0144<\/h2>\n                                                <div class=\"cta-contact__departments\">\n                                            <div class=\"cta-contact__department\">\n                                                                                        <h4 class=\"cta-contact__department-title\">\n                                    Tomasz Kursa\n                                <\/h4>\n                                                                                        <div class=\"cta-contact__department-el\">\n                                    <svg class=\"cta-contact__department-phone\" class=\"feather feather-phone-call\" fill=\"none\" height=\"24\" stroke=\"currentColor\" stroke-linecap=\"round\" stroke-linejoin=\"round\" stroke-width=\"2\" viewBox=\"0 0 24 24\" width=\"24\" xmlns=\"http:\/\/www.w3.org\/2000\/svg\">\n  <path d=\"M15.05 5A5 5 0 0 1 19 8.95M15.05 1A9 9 0 0 1 23 8.94m-1 7.98v3a2 2 0 0 1-2.18 2 19.79 19.79 0 0 1-8.63-3.07 19.5 19.5 0 0 1-6-6 19.79 19.79 0 0 1-3.07-8.67A2 2 0 0 1 4.11 2h3a2 2 0 0 1 2 1.72 12.84 12.84 0 0 0 .7 2.81 2 2 0 0 1-.45 2.11L8.09 9.91a16 16 0 0 0 6 6l1.27-1.27a2 2 0 0 1 2.11-.45 12.84 12.84 0 0 0 2.81.7A2 2 0 0 1 22 16.92z\"\/>\n<\/svg>                                    <a href=\"tel:603 931 498\" class=\"cta-contact__department-link\">\n                                        603 931 498\n                                    <\/a>\n                                <\/div>\n                                                                                        <div class=\"cta-contact__department-el\">\n                                    <svg class=\"cta-contact__department-email\" fill=\"currentColor\" height=\"512\" viewBox=\"0 0 512 512\" width=\"512\" xmlns=\"http:\/\/www.w3.org\/2000\/svg\">\n  <path d=\"M256 64C150 64 64 150 64 256s86 192 192 192 192-86 192-192S362 64 256 64Z\" style=\"fill:none;stroke:#000;stroke-miterlimit:10;stroke-width:32px\"\/>\n  <path style=\"fill:none;stroke:#000;stroke-linecap:round;stroke-linejoin:round;stroke-width:32px\" d=\"M256 128v144h96\"\/>\n<\/svg>                                    <a href=\"mailto::tomasz.kursa@wanicki.pl\" class=\"cta-contact__department-link\">\n                                        tomasz.kursa@wanicki.pl\n                                    <\/a>\n                                <\/div>\n                                                    <\/div>\n                                            <div class=\"cta-contact__department\">\n                                                                                        <h4 class=\"cta-contact__department-title\">\n                                    Sylwia Konefa\u0142\n                                <\/h4>\n                                                                                        <div class=\"cta-contact__department-el\">\n                                    <svg class=\"cta-contact__department-phone\" class=\"feather feather-phone-call\" fill=\"none\" height=\"24\" stroke=\"currentColor\" stroke-linecap=\"round\" stroke-linejoin=\"round\" stroke-width=\"2\" viewBox=\"0 0 24 24\" width=\"24\" xmlns=\"http:\/\/www.w3.org\/2000\/svg\">\n  <path d=\"M15.05 5A5 5 0 0 1 19 8.95M15.05 1A9 9 0 0 1 23 8.94m-1 7.98v3a2 2 0 0 1-2.18 2 19.79 19.79 0 0 1-8.63-3.07 19.5 19.5 0 0 1-6-6 19.79 19.79 0 0 1-3.07-8.67A2 2 0 0 1 4.11 2h3a2 2 0 0 1 2 1.72 12.84 12.84 0 0 0 .7 2.81 2 2 0 0 1-.45 2.11L8.09 9.91a16 16 0 0 0 6 6l1.27-1.27a2 2 0 0 1 2.11-.45 12.84 12.84 0 0 0 2.81.7A2 2 0 0 1 22 16.92z\"\/>\n<\/svg>                                    <a href=\"tel:725 751 386\" class=\"cta-contact__department-link\">\n                                        725 751 386\n                                    <\/a>\n                                <\/div>\n                                                                                        <div class=\"cta-contact__department-el\">\n                                    <svg class=\"cta-contact__department-email\" fill=\"currentColor\" height=\"512\" viewBox=\"0 0 512 512\" width=\"512\" xmlns=\"http:\/\/www.w3.org\/2000\/svg\">\n  <path d=\"M256 64C150 64 64 150 64 256s86 192 192 192 192-86 192-192S362 64 256 64Z\" style=\"fill:none;stroke:#000;stroke-miterlimit:10;stroke-width:32px\"\/>\n  <path style=\"fill:none;stroke:#000;stroke-linecap:round;stroke-linejoin:round;stroke-width:32px\" d=\"M256 128v144h96\"\/>\n<\/svg>                                    <a href=\"mailto::sylwia.konefal@wanicki.pl\" class=\"cta-contact__department-link\">\n                                        sylwia.konefal@wanicki.pl\n                                    <\/a>\n                                <\/div>\n                                                    <\/div>\n                                    <\/div>\n                                <\/div>\n    <\/div>\n<\/div>\n\n\n<div class=\"wp-block-wanicki-job-form job-form__container\" id=\"\">\n    <div class=\"container job-form\">\n        <div class=\"job-form__info\">\n            <h2 class=\"job-form__info-title\">JESTE\u015a ZAINTERESOWANY FINANSOWANIEM?<\/h2>\n                    <p class=\"job-form__info-text\">\n                SKONTAKTUJ SI\u0118 Z NAMI!\n            <\/p>\n        <\/div>\n        <div class=\"job-form__form\">\n            \n<div class=\"wpcf7 no-js\" id=\"wpcf7-f2179-o1\" lang=\"pl-PL\" dir=\"ltr\" data-wpcf7-id=\"2179\">\n<div class=\"screen-reader-response\"><p role=\"status\" aria-live=\"polite\" aria-atomic=\"true\"><\/p> <ul><\/ul><\/div>\n<form action=\"\/lamberet\/wp-json\/wp\/v2\/pages\/1821#wpcf7-f2179-o1\" method=\"post\" class=\"wpcf7-form init\" aria-label=\"Formularz kontaktowy\" novalidate=\"novalidate\" data-status=\"init\">\n<fieldset class=\"hidden-fields-container\"><input type=\"hidden\" name=\"_wpcf7\" value=\"2179\" \/><input type=\"hidden\" name=\"_wpcf7_version\" value=\"6.1.5\" \/><input type=\"hidden\" name=\"_wpcf7_locale\" value=\"pl_PL\" \/><input type=\"hidden\" name=\"_wpcf7_unit_tag\" value=\"wpcf7-f2179-o1\" \/><input type=\"hidden\" name=\"_wpcf7_container_post\" value=\"0\" \/><input type=\"hidden\" name=\"_wpcf7_posted_data_hash\" value=\"\" \/><input type=\"hidden\" name=\"_wpcf7_recaptcha_response\" value=\"\" \/>\n<\/fieldset>\n<div class=\"form-columns\">\n\t<p><label><span class=\"form-label\">Imi\u0119*<\/span><span class=\"wpcf7-form-control-wrap\" data-name=\"your-name\"><input size=\"40\" maxlength=\"400\" class=\"wpcf7-form-control wpcf7-text wpcf7-validates-as-required\" aria-required=\"true\" aria-invalid=\"false\" value=\"\" type=\"text\" name=\"your-name\" \/><\/span><\/label><br \/>\n<label><span class=\"form-label\">Nazwisko*<\/span><span class=\"wpcf7-form-control-wrap\" data-name=\"your-surname\"><input size=\"40\" maxlength=\"400\" class=\"wpcf7-form-control wpcf7-text\" aria-invalid=\"false\" value=\"\" type=\"text\" name=\"your-surname\" \/><\/span><\/label>\n\t<\/p>\n<\/div>\n<div class=\"form-columns\">\n\t<p><label><span class=\"form-label\">Email*<\/span><span class=\"wpcf7-form-control-wrap\" data-name=\"your-email\"><input size=\"40\" maxlength=\"400\" class=\"wpcf7-form-control wpcf7-email wpcf7-validates-as-required wpcf7-text wpcf7-validates-as-email\" aria-required=\"true\" aria-invalid=\"false\" value=\"\" type=\"email\" name=\"your-email\" \/><\/span><\/label><br \/>\n<label><span class=\"form-label\">Numer telefonu*<\/span><span class=\"wpcf7-form-control-wrap\" data-name=\"your-phone\"><input size=\"40\" maxlength=\"400\" class=\"wpcf7-form-control wpcf7-tel wpcf7-validates-as-required wpcf7-text wpcf7-validates-as-tel\" aria-required=\"true\" aria-invalid=\"false\" value=\"\" type=\"tel\" name=\"your-phone\" \/><\/span><\/label>\n\t<\/p>\n<\/div>\n<p><label><span class=\"form-label\">Kod pocztowy*<\/span><span class=\"wpcf7-form-control-wrap\" data-name=\"your-postcode\"><input size=\"40\" maxlength=\"400\" class=\"wpcf7-form-control wpcf7-text wpcf7-validates-as-required\" aria-required=\"true\" aria-invalid=\"false\" value=\"\" type=\"text\" name=\"your-postcode\" \/><\/span><\/label>\n<\/p>\n<div class=\"checkbox-input\" style=\"font-size: 0.75em\">\n\t<p><span class=\"wpcf7-form-control-wrap\" data-name=\"your-acceptance\"><span class=\"wpcf7-form-control wpcf7-acceptance\"><span class=\"wpcf7-list-item\"><input type=\"checkbox\" name=\"your-acceptance\" value=\"1\" aria-invalid=\"false\" \/><\/span><\/span><\/span>\n\t<\/p>\n\t<div>\n\t\t<p>*O\u015bwiadczam, \u017ce zapozna\u0142em si\u0119 z <a href='\/polityka-prywatnosci\/' target=\"_blank\">Polityk\u0105 prywatno\u015bci oraz Regulaminem \u015bwiadczenia us\u0142ug drog\u0105 elektroniczn\u0105<\/a> i akceptuj\u0119 ich tre\u015b\u0107.\n\t\t<\/p>\n\t<\/div>\n<\/div>\n<div class=\"checkbox-input\" style=\"font-size: 0.75em\">\n\t<p><span class=\"wpcf7-form-control-wrap\" data-name=\"your-acceptance-info\"><span class=\"wpcf7-form-control wpcf7-acceptance optional\"><span class=\"wpcf7-list-item\"><input type=\"checkbox\" name=\"your-acceptance-info\" value=\"1\" aria-invalid=\"false\" \/><\/span><\/span><\/span>\n\t<\/p>\n\t<div>\n\t\t<p>Wyra\u017cam zgod\u0119 na przesy\u0142anie informacji handlowej skierowanej za pomoc\u0105 \u015brodk\u00f3w komunikacji elektronicznej oraz na u\u017cywanie telekomunikacyjnych urz\u0105dze\u0144 ko\u0144cowych i automatycznych system\u00f3w wywo\u0142uj\u0105cych dla cel\u00f3w marketingu bezpo\u015bredniego przez Grup\u0119 Wanicki*\n\t\t<\/p>\n\t<\/div>\n<\/div>\n<div style=\"font-size: 0.75em\">\n\t<p>Zgoda obejmuje kontakt za po\u015brednictwem:\n\t<\/p>\n<\/div>\n<div class=\"checkbox-input\" style=\"font-size: 0.75em\">\n\t<p><span class=\"wpcf7-form-control-wrap\" data-name=\"your-acceptance-email\"><span class=\"wpcf7-form-control wpcf7-acceptance optional\"><span class=\"wpcf7-list-item\"><input type=\"checkbox\" name=\"your-acceptance-email\" value=\"1\" aria-invalid=\"false\" \/><\/span><\/span><\/span>\n\t<\/p>\n\t<div>\n\t\t<p>E-mail\n\t\t<\/p>\n\t<\/div>\n<\/div>\n<div class=\"checkbox-input\" style=\"font-size: 0.75em\">\n\t<p><span class=\"wpcf7-form-control-wrap\" data-name=\"your-acceptance-sms\"><span class=\"wpcf7-form-control wpcf7-acceptance optional\"><span class=\"wpcf7-list-item\"><input type=\"checkbox\" name=\"your-acceptance-sms\" value=\"1\" aria-invalid=\"false\" \/><\/span><\/span><\/span>\n\t<\/p>\n\t<div>\n\t\t<p>SMS\n\t\t<\/p>\n\t<\/div>\n<\/div>\n<div class=\"checkbox-input\" style=\"font-size: 0.75em\">\n\t<p><span class=\"wpcf7-form-control-wrap\" data-name=\"your-acceptance-tel\"><span class=\"wpcf7-form-control wpcf7-acceptance optional\"><span class=\"wpcf7-list-item\"><input type=\"checkbox\" name=\"your-acceptance-tel\" value=\"1\" aria-invalid=\"false\" \/><\/span><\/span><\/span>\n\t<\/p>\n\t<div>\n\t\t<p>Kontakt telefoniczny\n\t\t<\/p>\n\t<\/div>\n<\/div>\n<div style=\"font-size: 0.75em\">\n\t<p>*przez Grup\u0119 Wanicki rozumie si\u0119 nast\u0119puj\u0105ce sp\u00f3\u0142ki: Firma Wanicki sp. z o.o. z siedzib\u0105 w Mogilanach, ul. My\u015blenicka 19, 32-031 Mogilany, KRS: 0000214618; Wanicki Serwis sp. z o.o. z siedzib\u0105 w Mogilanach, ul. My\u015blenicka 19, 32.-031 Mogilany, KRS: 0000225703, MW Wanicki sp. z o.o. z siedzib\u0105 w Mogilanach, ul. My\u015blenicka 19, 32.-031 Mogilany, KRS: 0000290954; BW Wanicki sp. z o.o. z siedzib\u0105 w Mogilanach, ul. My\u015blenicka 19, 32.-031 Mogilany, KRS: 0000277732; SW Wanicki sp. z o.o. z siedzib\u0105 w Mogilanach, ul. My\u015blenicka 19, 32.-031 Mogilany, KRS: 0000318232; Nedpol Truck Service sp. z o.o. z siedzib\u0105 w Romanowie, Roman\u00f3w 10b, 42-260 Roman\u00f3w, KRS: 0000062292; WW Wanicki sp. z o.o. z siedzib\u0105 w Trzcianie, Trzciana 162, 36-071 Trzciana, KRS: 0000214811; PT Wanicki sp. z o.o. z siedzib\u0105 w Mogilanach, ul. My\u015blenicka 19, 32.-031 Mogilany, KRS: 0001069064; Wanicki Rental sp. z o.o. z siedzib\u0105 w Mogilanach, ul. My\u015blenicka 19, 32.-031 Mogilany, KRS: 0000997992.\n\t<\/p>\n<\/div>\n<p><input class=\"wpcf7-form-control wpcf7-submit has-spinner\" type=\"submit\" value=\"Prosz\u0119 o kontakt\" \/>\n<\/p><div class=\"wpcf7-response-output\" aria-hidden=\"true\"><\/div>\n<\/form>\n<\/div>\n        <\/div>\n    <\/div>\n<\/div>\n","protected":false},"excerpt":{"rendered":"","protected":false},"author":1,"featured_media":0,"parent":0,"menu_order":0,"comment_status":"closed","ping_status":"closed","template":"","meta":{"_acf_changed":false,"_seopress_robots_primary_cat":"","_seopress_titles_title":"Finansowanie- Lamberet - Wanicki","_seopress_titles_desc":"Wanicki - dealer Lamberet \u2705 Zainwestuj w swoj\u0105 flot\u0119 naczep ch\u0142odniczych \u2705 Oferujemy elastyczne rozwi\u0105zania finansowe \u2705 Sprawd\u017a ofert\u0119","_seopress_robots_index":"","inline_featured_image":false,"footnotes":""},"class_list":["post-1821","page","type-page","status-publish","hentry"],"acf":[],"_links":{"self":[{"href":"https:\/\/wanicki.pl\/lamberet\/wp-json\/wp\/v2\/pages\/1821","targetHints":{"allow":["GET"]}}],"collection":[{"href":"https:\/\/wanicki.pl\/lamberet\/wp-json\/wp\/v2\/pages"}],"about":[{"href":"https:\/\/wanicki.pl\/lamberet\/wp-json\/wp\/v2\/types\/page"}],"author":[{"embeddable":true,"href":"https:\/\/wanicki.pl\/lamberet\/wp-json\/wp\/v2\/users\/1"}],"replies":[{"embeddable":true,"href":"https:\/\/wanicki.pl\/lamberet\/wp-json\/wp\/v2\/comments?post=1821"}],"version-history":[{"count":19,"href":"https:\/\/wanicki.pl\/lamberet\/wp-json\/wp\/v2\/pages\/1821\/revisions"}],"predecessor-version":[{"id":2269,"href":"https:\/\/wanicki.pl\/lamberet\/wp-json\/wp\/v2\/pages\/1821\/revisions\/2269"}],"wp:attachment":[{"href":"https:\/\/wanicki.pl\/lamberet\/wp-json\/wp\/v2\/media?parent=1821"}],"curies":[{"name":"wp","href":"https:\/\/api.w.org\/{rel}","templated":true}]}}