{"id":1828,"date":"2024-06-26T13:12:39","date_gmt":"2024-06-26T11:12:39","guid":{"rendered":"https:\/\/wanicki.pl\/lamberet\/?page_id=1828"},"modified":"2024-12-15T11:46:47","modified_gmt":"2024-12-15T10:46:47","slug":"czesci","status":"publish","type":"page","link":"https:\/\/wanicki.pl\/lamberet\/czesci\/","title":{"rendered":"Cz\u0119\u015bci"},"content":{"rendered":"<div class=\"wp-block-wanicki-page-hero-header page-hero-header\">\n    <div class=\"page-hero-header__image page-hero-header__image--desktop\"\n          style=\"background-image: url(https:\/\/wanicki.pl\/lamberet\/wp-content\/uploads\/sites\/5\/2024\/07\/P1086449-scaled.jpg)\" ><\/div>\n    <div class=\"page-hero-header__image page-hero-header__image--mobile\"\n          style=\"background-image: url(https:\/\/wanicki.pl\/lamberet\/wp-content\/uploads\/sites\/5\/2024\/07\/P1086449-scaled.jpg)\"\n            >\n    <\/div>\n    <div class=\"page-hero-header__container container\">\n        <h1 class=\"page-hero-header__title\"><strong>CZ\u0118\u015aCI<\/strong><\/h1>\n                    <div class=\"page-hero-header__subtitle\"><p>Odkryj bogaty wyb\u00f3r cz\u0119\u015bci i cz\u0119\u015bci zamiennych marki Lamberet! Jako autoryzowany dealer Lamberet, oferujemy szeroki asortyment oryginalnych cz\u0119\u015bci, kt\u00f3re zapewni\u0105 niezawodno\u015b\u0107 i d\u0142ugotrwa\u0142\u0105 wydajno\u015b\u0107 Twojego ch\u0142odniowego sprz\u0119tu.<\/p>\n<\/div>\n                    <\/div>\n<\/div>\n\n\n<div class=\"wp-block-wanicki-image-with-text image-with-text \">\n\n    <div class=\"image-with-text__image\">\n                    <div class=\"image-with-text__image-photo\"\n                 style=\"background-image: url(https:\/\/wanicki.pl\/lamberet\/wp-content\/uploads\/sites\/5\/2024\/07\/P1086379-scaled.jpg)\"><\/div>\n            <\/div>\n\n    <div class=\"image-with-text__info   image-with-text__info--white \">\n                    <div class=\"image-with-text__info-title-wrapper\">\n                <h2 class=\"image-with-text__info-title image-with-text__info-title--big\">CZ\u0118\u015aCI LAMBERET<\/h2>\n                                    <\/div>\n                            <div class=\"image-with-text__info-text\">\n                <p>Dzi\u0119ki naszej kompleksowej ofercie, z \u0142atwo\u015bci\u0105 znajdziesz wszystko, czego potrzebujesz do utrzymania swojej ch\u0142odni w doskona\u0142ym stanie technicznym.<\/p>\n<p>Niezale\u017cnie od modelu czy rocznika, nasz sklep posiada wszystkie niezb\u0119dne cz\u0119\u015bci, aby zapewni\u0107 Ci spok\u00f3j i pewno\u015b\u0107 podczas eksploatacji.<\/p>\n<p>Zakup oryginalnych i zamiennych cz\u0119\u015bci u autoryzowanego dealera to gwarancja idealnego dopasowania i niezawodno\u015bci na ka\u017cdym etapie u\u017cytkowania.<\/p>\n<p>Skorzystaj z naszej szerokiej gamy produkt\u00f3w i zadbaj o sprawno\u015b\u0107 ch\u0142odni ju\u017c dzi\u015b!<\/p>\n<p>&nbsp;<\/p>\n<p><img loading=\"lazy\" decoding=\"async\" class=\"alignnone wp-image-1951\" src=\"https:\/\/wanicki.pl\/lamberet\/wp-content\/uploads\/sites\/5\/2024\/07\/logo-lamberet-150x150.png\" alt=\"\" width=\"300\" height=\"81\" srcset=\"https:\/\/wanicki.pl\/lamberet\/wp-content\/uploads\/sites\/5\/2024\/07\/logo-lamberet-300x81.png 300w, https:\/\/wanicki.pl\/lamberet\/wp-content\/uploads\/sites\/5\/2024\/07\/logo-lamberet-1024x277.png 1024w, https:\/\/wanicki.pl\/lamberet\/wp-content\/uploads\/sites\/5\/2024\/07\/logo-lamberet-768x208.png 768w, https:\/\/wanicki.pl\/lamberet\/wp-content\/uploads\/sites\/5\/2024\/07\/logo-lamberet-1536x416.png 1536w, https:\/\/wanicki.pl\/lamberet\/wp-content\/uploads\/sites\/5\/2024\/07\/logo-lamberet.png 1581w\" sizes=\"auto, (max-width: 300px) 100vw, 300px\" \/><\/p>\n<p>W naszym magazynie centralnym zlokalizowanym w \u015awidniku (k. Lublina), posiadamy szeroki wyb\u00f3r oryginalnych cz\u0119\u015bci zamiennych tej renomowanej marki. Na miejscu dost\u0119pne s\u0105 cz\u0119\u015bci do wszystkich oferowanych modeli nadwozi i naczep.<\/p>\n\n            <\/div>\n                        \n    <\/div>\n\n<\/div>\n\n\n<div\n        class=\"wp-block-wanicki-select-branches-map select-branches-map\"\n        data-json='[{\"title\":\"\\u015awidnik (Lublin)\",\"phone\":\"81 710 55 00\",\"address\":\"Piasecka 130, 21-040 \\u015awidnik\",\"mapCardContent\":\"\\u003Cp\\u003EAdres: Piasecka 130, 21-040 \\u015awidnik\\u003Cbr \\\/\\u003E\\nTel: \\u003Cspan style=\\u0022text-decoration: underline;\\u0022\\u003E\\u003Ca href=\\u0022tel:81 710 55 00\\u0022\\u003E81 710 55 00\\u003C\\\/a\\u003E\\u003C\\\/span\\u003E\\u003Cbr \\\/\\u003E\\nGodziny otwarcia:\\u003Cbr \\\/\\u003E\\nPon-pt: \\u003Cstrong\\u003E7:00-22:00\\u003C\\\/strong\\u003E\\u003Cbr \\\/\\u003E\\nSb: \\u003Cstrong\\u003E7:00-14:00\\u003C\\\/strong\\u003E\\u003C\\\/p\\u003E\\n\\u003Cp\\u003E\\u003Ca href=\\u0022https:\\\/\\\/www.google.com\\\/maps\\\/dir\\\/\\\/Piasecka+130,+21-040+%C5%9Awidnik\\\/@51.201074,22.5945733,12z\\\/data=!3m1!4b1!4m8!4m7!1m0!1m5!1m1!1s0x472255b5af70672b:0x34621e2f5c5d8d41!2m2!1d22.6769733!2d51.2011029?entry=ttu\\u0022 target=\\u0022_blank\\u0022 rel=\\u0022noopener\\u0022\\u003E\\u003Cstrong\\u003E\\u003Cspan style=\\u0022text-decoration: underline;\\u0022\\u003EWyznacz tras\\u0119 dojazdu\\u003C\\\/span\\u003E\\u003C\\\/strong\\u003E\\u003C\\\/a\\u003E\\u003C\\\/p\\u003E\\n\",\"location\":{\"address\":\"Piasecka 130, 21-040 \\u015awidnik, Poland\",\"lat\":51.201072,\"lng\":22.6769285}}]'\n>\n            <div class=\"select-branches-map__content\">\n            <div class=\"container\">\n                <h3 class=\"select-branches-map__text\">Odwied\u017a nas w oddziale w \u015awidniku!<\/h3>\n            <\/div>\n        <\/div>\n                <div class=\"select-branches-map__map-wrapper\">\n            <div class=\"select-branches-map__map\" id=\"select-branches-map\"\n                 data-marker=\"https:\/\/wanicki.pl\/lamberet\/wp-content\/themes\/wanicki-theme\/public\/images\/icons\/marker.dc0996.svg\"><\/div>\n            <script>(g => {\n                    var h, a, k, p = \"The Google Maps JavaScript API\", c = \"google\",\n                        l = \"importLibrary\", q = \"__ib__\", m = document, b = window;\n                    b = b[ c ] || (b[ c ] = {});\n                    var d = b.maps || (b.maps = {}), r = new Set, e = new URLSearchParams,\n                        u = () => h || (h = new Promise(async (f, n) => {\n                            await (a = m.createElement(\"script\"));\n                            e.set(\"libraries\", [ ...r ] + \"\");\n                            for (k in g) e.set(k.replace(\/[A-Z]\/g, t => \"_\" + t[ 0 ].toLowerCase()), g[ k ]);\n                            e.set(\"callback\", c + \".maps.\" + q);\n                            a.src = `https:\/\/maps.${ c }apis.com\/maps\/api\/js?` + e;\n                            d[ q ] = f;\n                            a.onerror = () => h = n(Error(p + \" could not load.\"));\n                            a.nonce = m.querySelector(\"script[nonce]\")?.nonce || \"\";\n                            m.head.append(a);\n                        }));\n                    d[ l ] ? console.warn(p + \" only loads once. Ignoring:\", g) : d[ l ] = (f, ...n) => r.add(f) && u()\n                        .then(() => d[ l ](f, ...n));\n                })\n                ({ key: \"AIzaSyDIjChV9femcMPQiA9ep0n-DWUrP7Y3SUg\", v: \"weekly\" });<\/script>\n        <\/div>\n    <\/div>\n\n\n<div class=\"wp-block-wanicki-cta-contact cta-contact\">\n    <div class=\"cta-contact__container\">\n        <div class=\"cta-contact__image\"\n                     ><\/div>\n        <div class=\"container cta-contact__content\">\n                            <h2 class=\"cta-contact__title\">Skontaktuj si\u0119 z naszymi specjalistami<\/h2>\n                                                <div class=\"cta-contact__departments\">\n                                            <div class=\"cta-contact__department\">\n                                                                                        <h4 class=\"cta-contact__department-title\">\n                                    Micha\u0142 Baczkowski\n                                <\/h4>\n                                                                                        <div class=\"cta-contact__department-el\">\n                                    <svg class=\"cta-contact__department-phone\" class=\"feather feather-phone-call\" fill=\"none\" height=\"24\" stroke=\"currentColor\" stroke-linecap=\"round\" stroke-linejoin=\"round\" stroke-width=\"2\" viewBox=\"0 0 24 24\" width=\"24\" xmlns=\"http:\/\/www.w3.org\/2000\/svg\">\n  <path d=\"M15.05 5A5 5 0 0 1 19 8.95M15.05 1A9 9 0 0 1 23 8.94m-1 7.98v3a2 2 0 0 1-2.18 2 19.79 19.79 0 0 1-8.63-3.07 19.5 19.5 0 0 1-6-6 19.79 19.79 0 0 1-3.07-8.67A2 2 0 0 1 4.11 2h3a2 2 0 0 1 2 1.72 12.84 12.84 0 0 0 .7 2.81 2 2 0 0 1-.45 2.11L8.09 9.91a16 16 0 0 0 6 6l1.27-1.27a2 2 0 0 1 2.11-.45 12.84 12.84 0 0 0 2.81.7A2 2 0 0 1 22 16.92z\"\/>\n<\/svg>                                    <a href=\"tel:795 341 567\" class=\"cta-contact__department-link\">\n                                        795 341 567\n                                    <\/a>\n                                <\/div>\n                                                                                        <div class=\"cta-contact__department-el\">\n                                    <svg class=\"cta-contact__department-email\" fill=\"currentColor\" height=\"512\" viewBox=\"0 0 512 512\" width=\"512\" xmlns=\"http:\/\/www.w3.org\/2000\/svg\">\n  <path d=\"M256 64C150 64 64 150 64 256s86 192 192 192 192-86 192-192S362 64 256 64Z\" style=\"fill:none;stroke:#000;stroke-miterlimit:10;stroke-width:32px\"\/>\n  <path style=\"fill:none;stroke:#000;stroke-linecap:round;stroke-linejoin:round;stroke-width:32px\" d=\"M256 128v144h96\"\/>\n<\/svg>                                    <a href=\"mailto::michal.baczkowski@wanicki.pl\" class=\"cta-contact__department-link\">\n                                        michal.baczkowski@wanicki.pl\n                                    <\/a>\n                                <\/div>\n                                                    <\/div>\n                                            <div class=\"cta-contact__department\">\n                                                                                        <h4 class=\"cta-contact__department-title\">\n                                    \u0141ukasz Jamio\u0142kowski\n                                <\/h4>\n                                                                                        <div class=\"cta-contact__department-el\">\n                                    <svg class=\"cta-contact__department-phone\" class=\"feather feather-phone-call\" fill=\"none\" height=\"24\" stroke=\"currentColor\" stroke-linecap=\"round\" stroke-linejoin=\"round\" stroke-width=\"2\" viewBox=\"0 0 24 24\" width=\"24\" xmlns=\"http:\/\/www.w3.org\/2000\/svg\">\n  <path d=\"M15.05 5A5 5 0 0 1 19 8.95M15.05 1A9 9 0 0 1 23 8.94m-1 7.98v3a2 2 0 0 1-2.18 2 19.79 19.79 0 0 1-8.63-3.07 19.5 19.5 0 0 1-6-6 19.79 19.79 0 0 1-3.07-8.67A2 2 0 0 1 4.11 2h3a2 2 0 0 1 2 1.72 12.84 12.84 0 0 0 .7 2.81 2 2 0 0 1-.45 2.11L8.09 9.91a16 16 0 0 0 6 6l1.27-1.27a2 2 0 0 1 2.11-.45 12.84 12.84 0 0 0 2.81.7A2 2 0 0 1 22 16.92z\"\/>\n<\/svg>                                    <a href=\"tel:692 998 413\" class=\"cta-contact__department-link\">\n                                        692 998 413\n                                    <\/a>\n                                <\/div>\n                                                                                        <div class=\"cta-contact__department-el\">\n                                    <svg class=\"cta-contact__department-email\" fill=\"currentColor\" height=\"512\" viewBox=\"0 0 512 512\" width=\"512\" xmlns=\"http:\/\/www.w3.org\/2000\/svg\">\n  <path d=\"M256 64C150 64 64 150 64 256s86 192 192 192 192-86 192-192S362 64 256 64Z\" style=\"fill:none;stroke:#000;stroke-miterlimit:10;stroke-width:32px\"\/>\n  <path style=\"fill:none;stroke:#000;stroke-linecap:round;stroke-linejoin:round;stroke-width:32px\" d=\"M256 128v144h96\"\/>\n<\/svg>                                    <a href=\"mailto::lukasz.jamiolkowski@wanicki.pl\" class=\"cta-contact__department-link\">\n                                        lukasz.jamiolkowski@wanicki.pl\n                                    <\/a>\n                                <\/div>\n                                                    <\/div>\n                                            <div class=\"cta-contact__department\">\n                                                                                        <h4 class=\"cta-contact__department-title\">\n                                    \u0141ukasz Pra\u017cewski\n                                <\/h4>\n                                                                                        <div class=\"cta-contact__department-el\">\n                                    <svg class=\"cta-contact__department-phone\" class=\"feather feather-phone-call\" fill=\"none\" height=\"24\" stroke=\"currentColor\" stroke-linecap=\"round\" stroke-linejoin=\"round\" stroke-width=\"2\" viewBox=\"0 0 24 24\" width=\"24\" xmlns=\"http:\/\/www.w3.org\/2000\/svg\">\n  <path d=\"M15.05 5A5 5 0 0 1 19 8.95M15.05 1A9 9 0 0 1 23 8.94m-1 7.98v3a2 2 0 0 1-2.18 2 19.79 19.79 0 0 1-8.63-3.07 19.5 19.5 0 0 1-6-6 19.79 19.79 0 0 1-3.07-8.67A2 2 0 0 1 4.11 2h3a2 2 0 0 1 2 1.72 12.84 12.84 0 0 0 .7 2.81 2 2 0 0 1-.45 2.11L8.09 9.91a16 16 0 0 0 6 6l1.27-1.27a2 2 0 0 1 2.11-.45 12.84 12.84 0 0 0 2.81.7A2 2 0 0 1 22 16.92z\"\/>\n<\/svg>                                    <a href=\"tel:783 783 342\" class=\"cta-contact__department-link\">\n                                        783 783 342\n                                    <\/a>\n                                <\/div>\n                                                                                        <div class=\"cta-contact__department-el\">\n                                    <svg class=\"cta-contact__department-email\" fill=\"currentColor\" height=\"512\" viewBox=\"0 0 512 512\" width=\"512\" xmlns=\"http:\/\/www.w3.org\/2000\/svg\">\n  <path d=\"M256 64C150 64 64 150 64 256s86 192 192 192 192-86 192-192S362 64 256 64Z\" style=\"fill:none;stroke:#000;stroke-miterlimit:10;stroke-width:32px\"\/>\n  <path style=\"fill:none;stroke:#000;stroke-linecap:round;stroke-linejoin:round;stroke-width:32px\" d=\"M256 128v144h96\"\/>\n<\/svg>                                    <a href=\"mailto::lukasz.prazewski@wanicki.pl\" class=\"cta-contact__department-link\">\n                                        lukasz.prazewski@wanicki.pl\n                                    <\/a>\n                                <\/div>\n                                                    <\/div>\n                                    <\/div>\n                                <\/div>\n    <\/div>\n<\/div>\n\n\n<div class=\"wp-block-wanicki-job-form job-form__container\" id=\"\">\n    <div class=\"container job-form\">\n        <div class=\"job-form__info\">\n            <h2 class=\"job-form__info-title\">NIE ZNALAZ\u0141E\u015a INTERESUJ\u0104CEJ OFERTY?<\/h2>\n                    <p class=\"job-form__info-text\">\n                Prze\u015blij swoje CV do naszej bazy kandydat\u00f3w?\n            <\/p>\n        <\/div>\n        <div class=\"job-form__form\">\n            \n<div class=\"wpcf7 no-js\" id=\"wpcf7-f2178-o1\" lang=\"pl-PL\" dir=\"ltr\" data-wpcf7-id=\"2178\">\n<div class=\"screen-reader-response\"><p role=\"status\" aria-live=\"polite\" aria-atomic=\"true\"><\/p> <ul><\/ul><\/div>\n<form action=\"\/lamberet\/wp-json\/wp\/v2\/pages\/1828#wpcf7-f2178-o1\" method=\"post\" class=\"wpcf7-form init\" aria-label=\"Formularz kontaktowy\" novalidate=\"novalidate\" data-status=\"init\">\n<fieldset class=\"hidden-fields-container\"><input type=\"hidden\" name=\"_wpcf7\" value=\"2178\" \/><input type=\"hidden\" name=\"_wpcf7_version\" value=\"6.1.5\" \/><input type=\"hidden\" name=\"_wpcf7_locale\" value=\"pl_PL\" \/><input type=\"hidden\" name=\"_wpcf7_unit_tag\" value=\"wpcf7-f2178-o1\" \/><input type=\"hidden\" name=\"_wpcf7_container_post\" value=\"0\" \/><input type=\"hidden\" name=\"_wpcf7_posted_data_hash\" value=\"\" \/><input type=\"hidden\" name=\"_wpcf7_recaptcha_response\" value=\"\" \/>\n<\/fieldset>\n<div class=\"form-columns\">\n\t<p><label><span class=\"form-label\">Imi\u0119*<\/span><span class=\"wpcf7-form-control-wrap\" data-name=\"your-name\"><input size=\"40\" maxlength=\"400\" class=\"wpcf7-form-control wpcf7-text wpcf7-validates-as-required\" aria-required=\"true\" aria-invalid=\"false\" value=\"\" type=\"text\" name=\"your-name\" \/><\/span><\/label><br \/>\n<label><span class=\"form-label\">Nazwisko*<\/span><span class=\"wpcf7-form-control-wrap\" data-name=\"your-surname\"><input size=\"40\" maxlength=\"400\" class=\"wpcf7-form-control wpcf7-text\" aria-invalid=\"false\" value=\"\" type=\"text\" name=\"your-surname\" \/><\/span><\/label>\n\t<\/p>\n<\/div>\n<div class=\"form-columns\">\n\t<p><label><span class=\"form-label\">Email*<\/span><span class=\"wpcf7-form-control-wrap\" data-name=\"your-email\"><input size=\"40\" maxlength=\"400\" class=\"wpcf7-form-control wpcf7-email wpcf7-validates-as-required wpcf7-text wpcf7-validates-as-email\" aria-required=\"true\" aria-invalid=\"false\" value=\"\" type=\"email\" name=\"your-email\" \/><\/span><\/label><br \/>\n<label><span class=\"form-label\">Numer telefonu*<\/span><span class=\"wpcf7-form-control-wrap\" data-name=\"your-phone\"><input size=\"40\" maxlength=\"400\" class=\"wpcf7-form-control wpcf7-tel wpcf7-validates-as-required wpcf7-text wpcf7-validates-as-tel\" aria-required=\"true\" aria-invalid=\"false\" value=\"\" type=\"tel\" name=\"your-phone\" \/><\/span><\/label>\n\t<\/p>\n<\/div>\n<div class=\"form-columns\">\n\t<p><label><span class=\"form-label\">Najbli\u017cszy oddzia\u0142*<\/span><span class=\"wpcf7-form-control-wrap\" data-name=\"your-recipient\"><select class=\"wpcf7-form-control wpcf7-select qty qty--select select-input\" aria-invalid=\"false\" name=\"your-recipient\"><option value=\"Mogilany (Krak\u00f3w)\">Mogilany (Krak\u00f3w)<\/option><option value=\"L\u0119dziny (Tychy)\">L\u0119dziny (Tychy)<\/option><option value=\"Trzciana (Rzesz\u00f3w)\">Trzciana (Rzesz\u00f3w)<\/option><option value=\"\u015awidnik (Lublin)\">\u015awidnik (Lublin)<\/option><option value=\"Roman\u00f3w (Cz\u0119stochowa)\">Roman\u00f3w (Cz\u0119stochowa)<\/option><option value=\"Ustro\u0144\">Ustro\u0144<\/option><option value=\"Kajetan\u00f3w (Kielce)\">Kajetan\u00f3w (Kielce)<\/option><option value=\"Wolb\u00f3rz (Piotrk\u00f3w Trybunalski)\">Wolb\u00f3rz (Piotrk\u00f3w Trybunalski)<\/option><\/select><\/span><br \/>\n<\/label><br \/>\n<label><span class=\"form-label\">Kod pocztowy*<\/span><span class=\"wpcf7-form-control-wrap\" data-name=\"your-postcode\"><input size=\"40\" maxlength=\"400\" class=\"wpcf7-form-control wpcf7-text wpcf7-validates-as-required\" aria-required=\"true\" aria-invalid=\"false\" value=\"\" type=\"text\" name=\"your-postcode\" \/><\/span><\/label>\n\t<\/p>\n<\/div>\n<div class=\"checkbox-input\" style=\"font-size: 0.75em\">\n\t<p><span class=\"wpcf7-form-control-wrap\" data-name=\"your-acceptance\"><span class=\"wpcf7-form-control wpcf7-acceptance\"><span class=\"wpcf7-list-item\"><input type=\"checkbox\" name=\"your-acceptance\" value=\"1\" aria-invalid=\"false\" \/><\/span><\/span><\/span>\n\t<\/p>\n\t<div>\n\t\t<p>*O\u015bwiadczam, \u017ce zapozna\u0142em si\u0119 z <a href='\/polityka-prywatnosci\/' target=\"_blank\">Polityk\u0105 prywatno\u015bci oraz Regulaminem \u015bwiadczenia us\u0142ug drog\u0105 elektroniczn\u0105<\/a> i akceptuj\u0119 ich tre\u015b\u0107.\n\t\t<\/p>\n\t<\/div>\n<\/div>\n<div class=\"checkbox-input\" style=\"font-size: 0.75em\">\n\t<p><span class=\"wpcf7-form-control-wrap\" data-name=\"your-acceptance-info\"><span class=\"wpcf7-form-control wpcf7-acceptance optional\"><span class=\"wpcf7-list-item\"><input type=\"checkbox\" name=\"your-acceptance-info\" value=\"1\" aria-invalid=\"false\" \/><\/span><\/span><\/span>\n\t<\/p>\n\t<div>\n\t\t<p>Wyra\u017cam zgod\u0119 na przesy\u0142anie informacji handlowej skierowanej za pomoc\u0105 \u015brodk\u00f3w komunikacji elektronicznej oraz na u\u017cywanie telekomunikacyjnych urz\u0105dze\u0144 ko\u0144cowych i automatycznych system\u00f3w wywo\u0142uj\u0105cych dla cel\u00f3w marketingu bezpo\u015bredniego przez Grup\u0119 Wanicki*\n\t\t<\/p>\n\t<\/div>\n<\/div>\n<div style=\"font-size: 0.75em\">\n\t<p>Zgoda obejmuje kontakt za po\u015brednictwem:\n\t<\/p>\n<\/div>\n<div class=\"checkbox-input\" style=\"font-size: 0.75em\">\n\t<p><span class=\"wpcf7-form-control-wrap\" data-name=\"your-acceptance-email\"><span class=\"wpcf7-form-control wpcf7-acceptance optional\"><span class=\"wpcf7-list-item\"><input type=\"checkbox\" name=\"your-acceptance-email\" value=\"1\" aria-invalid=\"false\" \/><\/span><\/span><\/span>\n\t<\/p>\n\t<div>\n\t\t<p>E-mail\n\t\t<\/p>\n\t<\/div>\n<\/div>\n<div class=\"checkbox-input\" style=\"font-size: 0.75em\">\n\t<p><span class=\"wpcf7-form-control-wrap\" data-name=\"your-acceptance-sms\"><span class=\"wpcf7-form-control wpcf7-acceptance optional\"><span class=\"wpcf7-list-item\"><input type=\"checkbox\" name=\"your-acceptance-sms\" value=\"1\" aria-invalid=\"false\" \/><\/span><\/span><\/span>\n\t<\/p>\n\t<div>\n\t\t<p>SMS\n\t\t<\/p>\n\t<\/div>\n<\/div>\n<div class=\"checkbox-input\" style=\"font-size: 0.75em\">\n\t<p><span class=\"wpcf7-form-control-wrap\" data-name=\"your-acceptance-tel\"><span class=\"wpcf7-form-control wpcf7-acceptance optional\"><span class=\"wpcf7-list-item\"><input type=\"checkbox\" name=\"your-acceptance-tel\" value=\"1\" aria-invalid=\"false\" \/><\/span><\/span><\/span>\n\t<\/p>\n\t<div>\n\t\t<p>Kontakt telefoniczny\n\t\t<\/p>\n\t<\/div>\n<\/div>\n<div style=\"font-size: 0.75em\">\n\t<p>*przez Grup\u0119 Wanicki rozumie si\u0119 nast\u0119puj\u0105ce sp\u00f3\u0142ki: Firma Wanicki sp. z o.o. z siedzib\u0105 w Mogilanach, ul. My\u015blenicka 19, 32-031 Mogilany, KRS: 0000214618; Wanicki Serwis sp. z o.o. z siedzib\u0105 w Mogilanach, ul. My\u015blenicka 19, 32.-031 Mogilany, KRS: 0000225703, MW Wanicki sp. z o.o. z siedzib\u0105 w Mogilanach, ul. My\u015blenicka 19, 32.-031 Mogilany, KRS: 0000290954; BW Wanicki sp. z o.o. z siedzib\u0105 w Mogilanach, ul. My\u015blenicka 19, 32.-031 Mogilany, KRS: 0000277732; SW Wanicki sp. z o.o. z siedzib\u0105 w Mogilanach, ul. My\u015blenicka 19, 32.-031 Mogilany, KRS: 0000318232; Nedpol Truck Service sp. z o.o. z siedzib\u0105 w Romanowie, Roman\u00f3w 10b, 42-260 Roman\u00f3w, KRS: 0000062292; WW Wanicki sp. z o.o. z siedzib\u0105 w Trzcianie, Trzciana 162, 36-071 Trzciana, KRS: 0000214811; PT Wanicki sp. z o.o. z siedzib\u0105 w Mogilanach, ul. My\u015blenicka 19, 32.-031 Mogilany, KRS: 0001069064; Wanicki Rental sp. z o.o. z siedzib\u0105 w Mogilanach, ul. My\u015blenicka 19, 32.-031 Mogilany, KRS: 0000997992.\n\t<\/p>\n<\/div>\n<p><input class=\"wpcf7-form-control wpcf7-submit has-spinner\" type=\"submit\" value=\"Prosz\u0119 o kontakt\" \/>\n<\/p><div class=\"wpcf7-response-output\" aria-hidden=\"true\"><\/div>\n<\/form>\n<\/div>\n        <\/div>\n    <\/div>\n<\/div>\n","protected":false},"excerpt":{"rendered":"","protected":false},"author":1,"featured_media":0,"parent":0,"menu_order":0,"comment_status":"closed","ping_status":"closed","template":"","meta":{"_acf_changed":false,"_seopress_robots_primary_cat":"","_seopress_titles_title":"Cz\u0119\u015bci - Lamberet - Wanicki","_seopress_titles_desc":"Wanicki - dealer Lamberet \u2705 Oryginalne cz\u0119\u015bci i akcesoria do pojazd\u00f3w Lamberet \u2705 Bogaty wyb\u00f3r cz\u0119\u015bci zamiennych \r\n do marki Lamberet! \u2705 Sprawd\u017a ofert\u0119","_seopress_robots_index":"","inline_featured_image":false,"footnotes":""},"class_list":["post-1828","page","type-page","status-publish","hentry"],"acf":[],"_links":{"self":[{"href":"https:\/\/wanicki.pl\/lamberet\/wp-json\/wp\/v2\/pages\/1828","targetHints":{"allow":["GET"]}}],"collection":[{"href":"https:\/\/wanicki.pl\/lamberet\/wp-json\/wp\/v2\/pages"}],"about":[{"href":"https:\/\/wanicki.pl\/lamberet\/wp-json\/wp\/v2\/types\/page"}],"author":[{"embeddable":true,"href":"https:\/\/wanicki.pl\/lamberet\/wp-json\/wp\/v2\/users\/1"}],"replies":[{"embeddable":true,"href":"https:\/\/wanicki.pl\/lamberet\/wp-json\/wp\/v2\/comments?post=1828"}],"version-history":[{"count":34,"href":"https:\/\/wanicki.pl\/lamberet\/wp-json\/wp\/v2\/pages\/1828\/revisions"}],"predecessor-version":[{"id":2267,"href":"https:\/\/wanicki.pl\/lamberet\/wp-json\/wp\/v2\/pages\/1828\/revisions\/2267"}],"wp:attachment":[{"href":"https:\/\/wanicki.pl\/lamberet\/wp-json\/wp\/v2\/media?parent=1828"}],"curies":[{"name":"wp","href":"https:\/\/api.w.org\/{rel}","templated":true}]}}