{"id":2235,"date":"2025-08-28T13:06:41","date_gmt":"2025-08-28T11:06:41","guid":{"rendered":"https:\/\/wanicki.pl\/monosem\/?page_id=2235"},"modified":"2025-09-15T12:38:53","modified_gmt":"2025-09-15T10:38:53","slug":"siewniki-monosem-4-lata-0","status":"publish","type":"page","link":"https:\/\/wanicki.pl\/monosem\/siewniki-monosem-4-lata-0\/","title":{"rendered":"Siewniki Monosem 4 lata 0%"},"content":{"rendered":"<div class=\"wp-block-wanicki-hero-header hero-header\">\n    <div class=\"hero-header__image hero-header__image--desktop\"\n          style=\"background-image: url(https:\/\/wanicki.pl\/monosem\/wp-content\/uploads\/sites\/19\/2025\/08\/Projekt-bez-nazwy-2.png)\" ><\/div>\n    <div class=\"hero-header__image hero-header__image--mobile\"\n          style=\"background-image: url(https:\/\/wanicki.pl\/monosem\/wp-content\/uploads\/sites\/19\/2025\/08\/Projekt-bez-nazwy-2.png)\"\n            >\n    <\/div>\n    <div class=\"hero-header__container container\">\n        <h1 class=\"hero-header__title\">ZADBAJ O DOBRE PLONY OD  POCZ\u0104TKU <br><strong> Z MONOSEM. FINANSOWANIE 0%<\/strong><\/h1>\n                    <div class=\"hero-header__subtitle\"><p><strong><span style=\"font-size: 18pt;\">Tylko do 30 WRZE\u015aNIA 2025r.!<\/span><\/strong><\/p>\n<p>&nbsp;<\/p>\n<p><span style=\"font-size: 8pt;\">*Szczeg\u00f3\u0142y akcji promocyjnej w Regulaminie akcji poni\u017cej.<\/span><\/p>\n<p><span style=\"font-size: 8pt;\">**Oferta ma charakter informacyjny i nie stanowi oferty handlowej w rozumieniu KC (art. 71, art. 63).<\/span><\/p>\n<\/div>\n                            <a href=\"https:\/\/wanicki.pl\/monosem\/siewniki-monosem-4-lata-0\/#formularz\"\n               class=\"btn  btn--custom \"\n                style=\"--custom-color: #1080c3\"             >ZAMAWIAM OFERT\u0118<\/a>\n            <\/div>\n<\/div>\n\n\n<div class=\"wp-block-wanicki-image-with-text image-with-text \">\n\n    <div class=\"image-with-text__image\">\n                    <div class=\"image-with-text__image-photo\"\n                 style=\"background-image: url(https:\/\/wanicki.pl\/monosem\/wp-content\/uploads\/sites\/19\/2025\/08\/WRZESIEN-Agro-1.png)\"><\/div>\n            <\/div>\n\n    <div class=\"image-with-text__info  \">\n                    <div class=\"image-with-text__info-title-wrapper\">\n                <h2 class=\"image-with-text__info-title\">Przygotuj si\u0119 do siewu!<\/h2>\n                                    <\/div>\n                            <div class=\"image-with-text__info-text\">\n                <p>Dobrze rozpocz\u0119ty siew to fundament udanych zbior\u00f3w. Wybieraj\u0105c siewniki<strong> Monosem<\/strong>, inwestujesz w precyzj\u0119, niezawodno\u015b\u0107 i technologi\u0119, kt\u00f3ra pracuje na Tw\u00f3j sukces.<\/p>\n<p>A<strong> do 30 wrze\u015bnia<\/strong> mo\u017cesz skorzysta\u0107 z finansowania <strong>4 lata 0%<\/strong>!<\/p>\n<p><strong>Dlaczego warto postawi\u0107 na Monosem?<\/strong><\/p>\n<ul>\n<li><strong>Perfekcyjne umieszczanie nasion<\/strong><br \/>\nSzczelny i precyzyjny aparat wysiewaj\u0105cy gwarantuje idealne rozmieszczenie nasion, co przek\u0142ada si\u0119 na r\u00f3wnomierne wschody i lepsze plony.<\/li>\n<li><strong>Stabilna i szybka praca<\/strong><br \/>\nNowoczesny system Monoshox z amortyzacj\u0105 dba o stabilno\u015b\u0107 sekcji wysiewaj\u0105cej nawet przy du\u017cych pr\u0119dko\u015bciach jazdy \u2013 pracujesz wydajnie i bez kompromis\u00f3w.<\/li>\n<li><strong>\u015awietna jako\u015b\u0107 i trwa\u0142o\u015b\u0107<\/strong><br \/>\nSolidna konstrukcja oraz komponenty najwy\u017cszej klasy sprawiaj\u0105, \u017ce siewniki Monosem to inwestycja na lata.<\/li>\n<\/ul>\n<p>Ka\u017cdy plon zaczyna si\u0119 od dobrego siewu. Z <strong>Monosem<\/strong> masz pewno\u015b\u0107, \u017ce robisz to najlepiej ju\u017c od pierwszego dnia.<\/p>\n\n            <\/div>\n                            <a href=\"https:\/\/wanicki.pl\/monosem\/siewniki-monosem-4-lata-0\/#formularz\" class=\"btn btn--primary image-with-text__button \"\n               >WYPE\u0141NIAM FORMULARZ<\/a>\n                            <div class=\"image-with-text__extra-links\">\n                                                            <a href=\"https:\/\/wanicki.pl\/monosem\/wp-content\/uploads\/sites\/19\/2025\/08\/Regulamin-Akcji-Finansowanie-maszyn-Monosem.pdf\" class=\"image-with-text__extra-link\">Zobacz REGULAMIN AKCJI <\/a>\n                                                <\/div>\n        \n    <\/div>\n\n<\/div>\n\n\n<div id=\"formularz\"><div class=\"wp-block-wanicki-job-form job-form__container\" id=\"formularz\">\n    <div class=\"container job-form\">\n        <div class=\"job-form__info\">\n            <h2 class=\"job-form__info-title\">Zainteresowany tak\u0105 ofert\u0105? Oddzwonimy!<\/h2>\n                    <p class=\"job-form__info-text\">\n                NIE CZEKAJ! Wype\u0142nij formularz kontaktowy, a my skontaktujemy si\u0119 i przedstawimy szczeg\u00f3\u0142y.\n            <\/p>\n        <\/div>\n        <div class=\"job-form__form\">\n            \n<div class=\"wpcf7 no-js\" id=\"wpcf7-f2237-o1\" lang=\"pl-PL\" dir=\"ltr\" data-wpcf7-id=\"2237\">\n<div class=\"screen-reader-response\"><p role=\"status\" aria-live=\"polite\" aria-atomic=\"true\"><\/p> <ul><\/ul><\/div>\n<form action=\"\/monosem\/wp-json\/wp\/v2\/pages\/2235#wpcf7-f2237-o1\" method=\"post\" class=\"wpcf7-form init\" aria-label=\"Formularz kontaktowy\" novalidate=\"novalidate\" data-status=\"init\">\n<fieldset class=\"hidden-fields-container\"><input type=\"hidden\" name=\"_wpcf7\" value=\"2237\" \/><input type=\"hidden\" name=\"_wpcf7_version\" value=\"6.1.5\" \/><input type=\"hidden\" name=\"_wpcf7_locale\" value=\"pl_PL\" \/><input type=\"hidden\" name=\"_wpcf7_unit_tag\" value=\"wpcf7-f2237-o1\" \/><input type=\"hidden\" name=\"_wpcf7_container_post\" value=\"0\" \/><input type=\"hidden\" name=\"_wpcf7_posted_data_hash\" value=\"\" \/><input type=\"hidden\" name=\"_wpcf7_recaptcha_response\" value=\"\" \/>\n<\/fieldset>\n<div class=\"form-columns\">\n\t<p><label><span class=\"form-label\">Imi\u0119*<\/span><span class=\"wpcf7-form-control-wrap\" data-name=\"your-name\"><input size=\"40\" maxlength=\"400\" class=\"wpcf7-form-control wpcf7-text wpcf7-validates-as-required\" aria-required=\"true\" aria-invalid=\"false\" value=\"\" type=\"text\" name=\"your-name\" \/><\/span><\/label><br \/>\n<label><span class=\"form-label\">Nazwisko*<\/span><span class=\"wpcf7-form-control-wrap\" data-name=\"your-surname\"><input size=\"40\" maxlength=\"400\" class=\"wpcf7-form-control wpcf7-text wpcf7-validates-as-required\" aria-required=\"true\" aria-invalid=\"false\" value=\"\" type=\"text\" name=\"your-surname\" \/><\/span><\/label>\n\t<\/p>\n<\/div>\n<div class=\"form-columns\">\n\t<p><label><span class=\"form-label\">Email*<\/span><span class=\"wpcf7-form-control-wrap\" data-name=\"your-email\"><input size=\"40\" maxlength=\"400\" class=\"wpcf7-form-control wpcf7-email wpcf7-validates-as-required wpcf7-text wpcf7-validates-as-email\" aria-required=\"true\" aria-invalid=\"false\" value=\"\" type=\"email\" name=\"your-email\" \/><\/span><\/label><br \/>\n<label><span class=\"form-label\">Numer telefonu*<\/span><span class=\"wpcf7-form-control-wrap\" data-name=\"your-phone\"><input size=\"40\" maxlength=\"400\" class=\"wpcf7-form-control wpcf7-tel wpcf7-validates-as-required wpcf7-text wpcf7-validates-as-tel\" aria-required=\"true\" aria-invalid=\"false\" value=\"\" type=\"tel\" name=\"your-phone\" \/><\/span><\/label>\n\t<\/p>\n<\/div>\n<div class=\"form-columns\">\n\t<p><label><span class=\"form-label\">Najbli\u017cszy oddzia\u0142<\/span><span class=\"wpcf7-form-control-wrap\" data-name=\"your-recipient\"><select class=\"wpcf7-form-control wpcf7-select qty qty--select select-input\" aria-invalid=\"false\" name=\"your-recipient\"><option value=\"Re\u0144ska Wie\u015b\">Re\u0144ska Wie\u015b<\/option><option value=\"Kielce\">Kielce<\/option><option value=\"Wolb\u00f3rz\">Wolb\u00f3rz<\/option><option value=\"Kutno\">Kutno<\/option><option value=\"Bramki\">Bramki<\/option><option value=\"Gr\u00f3jec\">Gr\u00f3jec<\/option><option value=\"D\u0105browa Tarnowska\">D\u0105browa Tarnowska<\/option><option value=\"Jaros\u0142aw\">Jaros\u0142aw<\/option><option value=\"Pu\u0142ankowice\">Pu\u0142ankowice<\/option><option value=\"Sitaniec\">Sitaniec<\/option><option value=\"Wola Piasecka\">Wola Piasecka<\/option><\/select><\/span><br \/>\n<\/label><br \/>\n<label><span class=\"form-label\">Kod pocztowy*<\/span><span class=\"wpcf7-form-control-wrap\" data-name=\"your-postcode\"><input size=\"40\" maxlength=\"400\" class=\"wpcf7-form-control wpcf7-text wpcf7-validates-as-required\" aria-required=\"true\" aria-invalid=\"false\" value=\"\" type=\"text\" name=\"your-postcode\" \/><\/span><\/label>\n\t<\/p>\n<\/div>\n<p><label><span class=\"form-label\">Interesuje mnie*<\/span><span class=\"wpcf7-form-control-wrap\" data-name=\"your-vehicle\"><input size=\"40\" maxlength=\"400\" class=\"wpcf7-form-control wpcf7-text wpcf7-validates-as-required\" aria-required=\"true\" aria-invalid=\"false\" placeholder=\"wpisz rodzaj\/model maszyny...\" value=\"\" type=\"text\" name=\"your-vehicle\" \/><\/span><\/label>\n<\/p>\n<div class=\"checkbox-input\" style=\"font-size: 0.75em\">\n\t<p><span class=\"wpcf7-form-control-wrap\" data-name=\"your-acceptance\"><span class=\"wpcf7-form-control wpcf7-acceptance\"><span class=\"wpcf7-list-item\"><input type=\"checkbox\" name=\"your-acceptance\" value=\"1\" aria-invalid=\"false\" \/><\/span><\/span><\/span>\n\t<\/p>\n\t<div>\n\t\t<p>*O\u015bwiadczam, \u017ce zapozna\u0142em si\u0119 z <a href='\/polityka-prywatnosci\/' target=\"_blank\">Polityk\u0105 prywatno\u015bci oraz Regulaminem \u015bwiadczenia us\u0142ug drog\u0105 elektroniczn\u0105<\/a> i akceptuj\u0119 ich tre\u015b\u0107.\n\t\t<\/p>\n\t<\/div>\n<\/div>\n<div class=\"checkbox-input\" style=\"font-size: 0.75em\">\n\t<p><span class=\"wpcf7-form-control-wrap\" data-name=\"your-acceptance-info\"><span class=\"wpcf7-form-control wpcf7-acceptance optional\"><span class=\"wpcf7-list-item\"><input type=\"checkbox\" name=\"your-acceptance-info\" value=\"1\" aria-invalid=\"false\" \/><\/span><\/span><\/span>\n\t<\/p>\n\t<div>\n\t\t<p>Wyra\u017cam zgod\u0119 na przesy\u0142anie informacji handlowej skierowanej za pomoc\u0105 \u015brodk\u00f3w komunikacji elektronicznej oraz na u\u017cywanie telekomunikacyjnych urz\u0105dze\u0144 ko\u0144cowych i automatycznych system\u00f3w wywo\u0142uj\u0105cych dla cel\u00f3w marketingu bezpo\u015bredniego przez Grup\u0119 Wanicki*\n\t\t<\/p>\n\t<\/div>\n<\/div>\n<div style=\"font-size: 0.75em\">\n\t<p>Zgoda obejmuje kontakt za po\u015brednictwem:\n\t<\/p>\n<\/div>\n<div class=\"checkbox-input\" style=\"font-size: 0.75em\">\n\t<p>        <span class=\"wpcf7-form-control-wrap\" data-name=\"checkall-69dd1a2ae2811\">\r\n            <span class=\"wpcf7-form-control wpcf7-acceptance optional\">\r\n                <span class=\"wpcf7-list-item\">\r\n                    <input type=\"checkbox\" name=\"checkall-69dd1a2ae2811\" aria-invalid=\"false\" id=\"checkall-69dd1a2ae2811\" \/>\r\n                <\/span>\r\n            <\/span>\r\n        <\/span>\r\n        <div>\r\n            <p>\r\n                <br \/>\nZaznacz wszystkie pola            <\/p>\r\n        <\/div>\r\n    \n\t<\/p>\n<\/div>\n<div class=\"checkbox-input\" style=\"font-size: 0.75em\">\n\t<p><span class=\"wpcf7-form-control-wrap\" data-name=\"your-acceptance-email\"><span class=\"wpcf7-form-control wpcf7-acceptance optional\"><span class=\"wpcf7-list-item\"><input type=\"checkbox\" name=\"your-acceptance-email\" value=\"1\" aria-invalid=\"false\" \/><\/span><\/span><\/span>\n\t<\/p>\n\t<div>\n\t\t<p>E-mail\n\t\t<\/p>\n\t<\/div>\n<\/div>\n<div class=\"checkbox-input\" style=\"font-size: 0.75em\">\n\t<p><span class=\"wpcf7-form-control-wrap\" data-name=\"your-acceptance-sms\"><span class=\"wpcf7-form-control wpcf7-acceptance optional\"><span class=\"wpcf7-list-item\"><input type=\"checkbox\" name=\"your-acceptance-sms\" value=\"1\" aria-invalid=\"false\" \/><\/span><\/span><\/span>\n\t<\/p>\n\t<div>\n\t\t<p>SMS\n\t\t<\/p>\n\t<\/div>\n<\/div>\n<div class=\"checkbox-input\" style=\"font-size: 0.75em\">\n\t<p><span class=\"wpcf7-form-control-wrap\" data-name=\"your-acceptance-tel\"><span class=\"wpcf7-form-control wpcf7-acceptance optional\"><span class=\"wpcf7-list-item\"><input type=\"checkbox\" name=\"your-acceptance-tel\" value=\"1\" aria-invalid=\"false\" \/><\/span><\/span><\/span>\n\t<\/p>\n\t<div>\n\t\t<p>Kontakt telefoniczny\n\t\t<\/p>\n\t<\/div>\n<\/div>\n<div style=\"font-size: 0.75em\">\n\t<p>*przez Grup\u0119 Wanicki rozumie si\u0119 nast\u0119puj\u0105ce sp\u00f3\u0142ki: Firma Wanicki sp. z o.o. z siedzib\u0105 w Mogilanach, ul. My\u015blenicka 19, 32-031 Mogilany, KRS: 0000214618; Wanicki Serwis sp. z o.o. z siedzib\u0105 w Mogilanach, ul. My\u015blenicka 19, 32.-031 Mogilany, KRS: 0000225703, MW Wanicki sp. z o.o. z siedzib\u0105 w Mogilanach, ul. My\u015blenicka 19, 32.-031 Mogilany, KRS: 0000290954; BW Wanicki sp. z o.o. z siedzib\u0105 w Mogilanach, ul. My\u015blenicka 19, 32.-031 Mogilany, KRS: 0000277732; SW Wanicki sp. z o.o. z siedzib\u0105 w Mogilanach, ul. My\u015blenicka 19, 32.-031 Mogilany, KRS: 0000318232; Nedpol Truck Service sp. z o.o. z siedzib\u0105 w Romanowie, Roman\u00f3w 10b, 42-260 Roman\u00f3w, KRS: 0000062292; WW Wanicki sp. z o.o. z siedzib\u0105 w Trzcianie, Trzciana 162, 36-071 Trzciana, KRS: 0000214811; PT Wanicki sp. z o.o. z siedzib\u0105 w Mogilanach, ul. My\u015blenicka 19, 32.-031 Mogilany, KRS: 0001069064; Wanicki Rental sp. z o.o. z siedzib\u0105 w Mogilanach, ul. My\u015blenicka 19, 32.-031 Mogilany, KRS: 0000997992.\n\t<\/p>\n<\/div>\n<p><input class=\"wpcf7-form-control wpcf7-submit has-spinner\" type=\"submit\" value=\"Prosz\u0119 o kontakt\" \/>\n<\/p><div class=\"wpcf7-response-output\" aria-hidden=\"true\"><\/div>\n<\/form>\n<\/div>\n        <\/div>\n    <\/div>\n<\/div>\n<\/div>\n\n<div class=\"wp-block-wanicki-cta-banner cta-banner\">\n    <div class=\"container\">\n        <div class=\"cta-banner__container\">\n            <div class=\"cta-banner__image\"\n                  style=\"background-image: url(https:\/\/wanicki.pl\/monosem\/wp-content\/uploads\/sites\/19\/2024\/07\/MONOSEM.png)\"             ><\/div>\n            <h2 class=\"cta-banner__title\"> Zobacz nasz\u0105 ofert\u0119 siewnik\u00f3w!<\/h2>\n                                    <div class=\"cta-banner__buttons\">\n                                                                <a\n                            href=\"https:\/\/wanicki.pl\/monosem\/oferta\/maszyny\/siewniki\/\"\n                            class=\"btn cta-banner__button  btn--custom \"\n                             style=\"--custom-color: #1080c3\"                             target=\"\"\n                        >\n                            SIEWNIKI MONOSEM\n                        <\/a>\n                                    <\/div>\n                    <\/div>\n    <\/div>\n<\/div>\n\n\n<div id=\"pomoc\"><div class=\"wp-block-wanicki-image-with-text image-with-text  image-with-text--reversed \">\n\n    <div class=\"image-with-text__image\">\n                    <div class=\"image-with-text__image-photo\"\n                 style=\"background-image: url(https:\/\/wanicki.pl\/monosem\/wp-content\/uploads\/sites\/19\/2024\/06\/ValoTerra-3-1-scaled.jpg)\"><\/div>\n            <\/div>\n\n    <div class=\"image-with-text__info  image-with-text__info--reversed  \">\n                    <div class=\"image-with-text__info-title-wrapper\">\n                <h2 class=\"image-with-text__info-title\">Dobierzemy sprz\u0119t pod Twoje pole i potrzeby!<\/h2>\n                                    <\/div>\n                            <div class=\"image-with-text__info-text\">\n                <p>&nbsp;<\/p>\n<p data-start=\"187\" data-end=\"348\">Ka\u017cde gospodarstwo ma swoje specyficzne potrzeby. Dlatego <strong data-start=\"245\" data-end=\"292\">pomo\u017cemy Ci dobra\u0107 odpowiedni model Monosem<\/strong>, uwzgl\u0119dniaj\u0105c rodzaj gleby, area\u0142 oraz spos\u00f3b pracy.<\/p>\n<p data-start=\"350\" data-end=\"501\">Wystarczy, \u017ce si\u0119 z nami skontaktujesz \u2013 doradzimy, podpowiemy najlepsze rozwi\u0105zanie i przygotujemy kompletn\u0105 ofert\u0119 dopasowan\u0105 w\u0142a\u015bnie do Ciebie.<\/p>\n<p data-start=\"503\" data-end=\"590\">Z Monosem masz pewno\u015b\u0107, \u017ce Tw\u00f3j siew b\u0119dzie zawsze precyzyjny, stabilny i wydajny.<\/p>\n\n            <\/div>\n                            <a href=\"tel:732070320\" class=\"btn btn--primary image-with-text__button \"\n               >ZADZWO\u0143 DO NAS<\/a>\n                \n    <\/div>\n\n<\/div>\n<\/div>","protected":false},"excerpt":{"rendered":"","protected":false},"author":15,"featured_media":0,"parent":0,"menu_order":0,"comment_status":"closed","ping_status":"closed","template":"","meta":{"_acf_changed":false,"_seopress_robots_primary_cat":"","_seopress_titles_title":"Siewnik monosem z finansowaniem 0%","_seopress_titles_desc":"Ju\u017c dzi\u015b skorzystaj z atrakcyjnej oferty finansowania 4 lat 0% na siewniki precyzyjne Monosem w Wanicki!","_seopress_robots_index":"","inline_featured_image":false,"footnotes":""},"class_list":["post-2235","page","type-page","status-publish","hentry"],"acf":[],"_links":{"self":[{"href":"https:\/\/wanicki.pl\/monosem\/wp-json\/wp\/v2\/pages\/2235","targetHints":{"allow":["GET"]}}],"collection":[{"href":"https:\/\/wanicki.pl\/monosem\/wp-json\/wp\/v2\/pages"}],"about":[{"href":"https:\/\/wanicki.pl\/monosem\/wp-json\/wp\/v2\/types\/page"}],"author":[{"embeddable":true,"href":"https:\/\/wanicki.pl\/monosem\/wp-json\/wp\/v2\/users\/15"}],"replies":[{"embeddable":true,"href":"https:\/\/wanicki.pl\/monosem\/wp-json\/wp\/v2\/comments?post=2235"}],"version-history":[{"count":8,"href":"https:\/\/wanicki.pl\/monosem\/wp-json\/wp\/v2\/pages\/2235\/revisions"}],"predecessor-version":[{"id":2256,"href":"https:\/\/wanicki.pl\/monosem\/wp-json\/wp\/v2\/pages\/2235\/revisions\/2256"}],"wp:attachment":[{"href":"https:\/\/wanicki.pl\/monosem\/wp-json\/wp\/v2\/media?parent=2235"}],"curies":[{"name":"wp","href":"https:\/\/api.w.org\/{rel}","templated":true}]}}