{"id":26,"date":"2025-09-30T09:54:03","date_gmt":"2025-09-30T07:54:03","guid":{"rendered":"https:\/\/wanicki.pl\/naprawiamywszystko\/?page_id=26"},"modified":"2025-10-07T14:59:04","modified_gmt":"2025-10-07T12:59:04","slug":"naprawy-powypadkowe","status":"publish","type":"page","link":"https:\/\/wanicki.pl\/naprawiamywszystko\/naprawy-powypadkowe\/","title":{"rendered":"NAPRAWY POWYPADKOWE"},"content":{"rendered":"<div class=\"wp-block-wanicki-hero-header hero-header\">\n    <div class=\"hero-header__image hero-header__image--desktop\"\n          style=\"background-image: url(https:\/\/wanicki.pl\/naprawiamywszystko\/wp-content\/uploads\/sites\/21\/2025\/09\/Z624250_Easy-Resize.com_.jpg)\" ><\/div>\n    <div class=\"hero-header__image hero-header__image--mobile\"\n          style=\"background-image: url(https:\/\/wanicki.pl\/naprawiamywszystko\/wp-content\/uploads\/sites\/21\/2025\/09\/Z624250_Easy-Resize.com_.jpg)\"\n            >\n    <\/div>\n    <div class=\"hero-header__container container\">\n        <h1 class=\"hero-header__title\"><strong>NAPRAWY POWYPADKOWE<\/strong><\/h1>\n                    <div class=\"hero-header__subtitle\"><p>KOMPLEKSOWA OBS\u0141UGA WSZYSTKICH POJAZD\u00d3W<\/p>\n<\/div>\n                            <a href=\"tel:+48 817 105 575\"\n               class=\"btn \"\n                           >ZADZWO\u0143<\/a>\n            <\/div>\n<\/div>\n\n\n<div class=\"wp-block-wanicki-job-form job-form__container\" id=\"\">\n    <div class=\"container job-form\">\n        <div class=\"job-form__info\">\n            <h2 class=\"job-form__info-title\">KOLIZJA?<\/h2>\n                    <p class=\"job-form__info-text\">\n                Napisz- naprawiamy wszystko!\n            <\/p>\n        <\/div>\n        <div class=\"job-form__form\">\n            \n<div class=\"wpcf7 no-js\" id=\"wpcf7-f130-o1\" lang=\"pl-PL\" dir=\"ltr\" data-wpcf7-id=\"130\">\n<div class=\"screen-reader-response\"><p role=\"status\" aria-live=\"polite\" aria-atomic=\"true\"><\/p> <ul><\/ul><\/div>\n<form action=\"\/naprawiamywszystko\/wp-json\/wp\/v2\/pages\/26#wpcf7-f130-o1\" method=\"post\" class=\"wpcf7-form init\" aria-label=\"Formularz kontaktowy\" novalidate=\"novalidate\" data-status=\"init\">\n<fieldset class=\"hidden-fields-container\"><input type=\"hidden\" name=\"_wpcf7\" value=\"130\" \/><input type=\"hidden\" name=\"_wpcf7_version\" value=\"6.1.5\" \/><input type=\"hidden\" name=\"_wpcf7_locale\" value=\"pl_PL\" \/><input type=\"hidden\" name=\"_wpcf7_unit_tag\" value=\"wpcf7-f130-o1\" \/><input type=\"hidden\" name=\"_wpcf7_container_post\" value=\"0\" \/><input type=\"hidden\" name=\"_wpcf7_posted_data_hash\" value=\"\" \/>\n<\/fieldset>\n<div class=\"form-columns\">\n\t<p><label><span class=\"form-label\">Imi\u0119*<\/span><span class=\"wpcf7-form-control-wrap\" data-name=\"your-name\"><input size=\"40\" maxlength=\"400\" class=\"wpcf7-form-control wpcf7-text wpcf7-validates-as-required\" aria-required=\"true\" aria-invalid=\"false\" value=\"\" type=\"text\" name=\"your-name\" \/><\/span><\/label><br \/>\n<label><span class=\"form-label\">Nazwisko*<\/span><span class=\"wpcf7-form-control-wrap\" data-name=\"your-surname\"><input size=\"40\" maxlength=\"400\" class=\"wpcf7-form-control wpcf7-text wpcf7-validates-as-required\" aria-required=\"true\" aria-invalid=\"false\" value=\"\" type=\"text\" name=\"your-surname\" \/><\/span><\/label>\n\t<\/p>\n<\/div>\n<div class=\"form-columns\">\n\t<p><label><span class=\"form-label\">Email*<\/span><span class=\"wpcf7-form-control-wrap\" data-name=\"your-email\"><input size=\"40\" maxlength=\"400\" class=\"wpcf7-form-control wpcf7-email wpcf7-validates-as-required wpcf7-text wpcf7-validates-as-email\" aria-required=\"true\" aria-invalid=\"false\" value=\"\" type=\"email\" name=\"your-email\" \/><\/span><\/label><br \/>\n<label><span class=\"form-label\">Numer telefonu*<\/span><span class=\"wpcf7-form-control-wrap\" data-name=\"your-phone\"><input size=\"40\" maxlength=\"400\" class=\"wpcf7-form-control wpcf7-tel wpcf7-validates-as-required wpcf7-text wpcf7-validates-as-tel\" aria-required=\"true\" aria-invalid=\"false\" value=\"\" type=\"tel\" name=\"your-phone\" \/><\/span><\/label><br \/>\n<label><span class=\"form-label\">Kod pocztowy*<\/span><span class=\"wpcf7-form-control-wrap\" data-name=\"your-postcode\"><input size=\"40\" maxlength=\"400\" class=\"wpcf7-form-control wpcf7-text wpcf7-validates-as-required\" aria-required=\"true\" aria-invalid=\"false\" value=\"\" type=\"text\" name=\"your-postcode\" \/><\/span><\/label>\n\t<\/p>\n<\/div>\n<p><label><span class=\"form-label\">Pytanie*<\/span><span class=\"wpcf7-form-control-wrap\" data-name=\"your-question\"><input size=\"40\" maxlength=\"400\" class=\"wpcf7-form-control wpcf7-text wpcf7-validates-as-required\" aria-required=\"true\" aria-invalid=\"false\" value=\"\" type=\"text\" name=\"your-question\" \/><\/span><\/label>\n<\/p>\n<div class=\"checkbox-input\" style=\"font-size: 0.75em\">\n\t<p><span class=\"wpcf7-form-control-wrap\" data-name=\"your-acceptance\"><span class=\"wpcf7-form-control wpcf7-acceptance\"><span class=\"wpcf7-list-item\"><input type=\"checkbox\" name=\"your-acceptance\" value=\"1\" aria-invalid=\"false\" \/><\/span><\/span><\/span>\n\t<\/p>\n\t<div>\n\t\t<p>*O\u015bwiadczam, \u017ce zapozna\u0142em si\u0119 z <a href='\/polityka-prywatnosci\/' target=\"_blank\">Polityk\u0105 prywatno\u015bci oraz Regulaminem \u015bwiadczenia us\u0142ug drog\u0105 elektroniczn\u0105<\/a> i akceptuj\u0119 ich tre\u015b\u0107.\n\t\t<\/p>\n\t<\/div>\n<\/div>\n<div class=\"checkbox-input\" style=\"font-size: 0.75em\">\n\t<p><span class=\"wpcf7-form-control-wrap\" data-name=\"your-acceptance-info\"><span class=\"wpcf7-form-control wpcf7-acceptance optional\"><span class=\"wpcf7-list-item\"><input type=\"checkbox\" name=\"your-acceptance-info\" value=\"1\" aria-invalid=\"false\" \/><\/span><\/span><\/span>\n\t<\/p>\n\t<div>\n\t\t<p>Wyra\u017cam zgod\u0119 na przesy\u0142anie informacji handlowej skierowanej za pomoc\u0105 \u015brodk\u00f3w komunikacji elektronicznej oraz na u\u017cywanie telekomunikacyjnych urz\u0105dze\u0144 ko\u0144cowych i automatycznych system\u00f3w wywo\u0142uj\u0105cych dla cel\u00f3w marketingu bezpo\u015bredniego przez Grup\u0119 Wanicki*\n\t\t<\/p>\n\t<\/div>\n<\/div>\n<div style=\"font-size: 0.75em\">\n\t<p>Zgoda obejmuje kontakt za po\u015brednictwem:\n\t<\/p>\n<\/div>\n<div class=\"checkbox-input\" style=\"font-size: 0.75em\">\n\t<p>        <span class=\"wpcf7-form-control-wrap\" data-name=\"checkall-69d2700b14fec\">\r\n            <span class=\"wpcf7-form-control wpcf7-acceptance optional\">\r\n                <span class=\"wpcf7-list-item\">\r\n                    <input type=\"checkbox\" name=\"checkall-69d2700b14fec\" aria-invalid=\"false\" id=\"checkall-69d2700b14fec\" \/>\r\n                <\/span>\r\n            <\/span>\r\n        <\/span>\r\n        <div>\r\n            <p>\r\n                <br \/>\nZaznacz wszystkie pola            <\/p>\r\n        <\/div>\r\n    \n\t<\/p>\n<\/div>\n<div class=\"checkbox-input\" style=\"font-size: 0.75em\">\n\t<p><span class=\"wpcf7-form-control-wrap\" data-name=\"your-acceptance-email\"><span class=\"wpcf7-form-control wpcf7-acceptance optional\"><span class=\"wpcf7-list-item\"><input type=\"checkbox\" name=\"your-acceptance-email\" value=\"1\" aria-invalid=\"false\" \/><\/span><\/span><\/span>\n\t<\/p>\n\t<div>\n\t\t<p>E-mail\n\t\t<\/p>\n\t<\/div>\n<\/div>\n<div class=\"checkbox-input\" style=\"font-size: 0.75em\">\n\t<p><span class=\"wpcf7-form-control-wrap\" data-name=\"your-acceptance-sms\"><span class=\"wpcf7-form-control wpcf7-acceptance optional\"><span class=\"wpcf7-list-item\"><input type=\"checkbox\" name=\"your-acceptance-sms\" value=\"1\" aria-invalid=\"false\" \/><\/span><\/span><\/span>\n\t<\/p>\n\t<div>\n\t\t<p>SMS\n\t\t<\/p>\n\t<\/div>\n<\/div>\n<div class=\"checkbox-input\" style=\"font-size: 0.75em\">\n\t<p><span class=\"wpcf7-form-control-wrap\" data-name=\"your-acceptance-tel\"><span class=\"wpcf7-form-control wpcf7-acceptance optional\"><span class=\"wpcf7-list-item\"><input type=\"checkbox\" name=\"your-acceptance-tel\" value=\"1\" aria-invalid=\"false\" \/><\/span><\/span><\/span>\n\t<\/p>\n\t<div>\n\t\t<p>Kontakt telefoniczny\n\t\t<\/p>\n\t<\/div>\n<\/div>\n<div style=\"font-size: 0.75em\">\n\t<p>*przez Grup\u0119 Wanicki rozumie si\u0119 nast\u0119puj\u0105ce sp\u00f3\u0142ki: Firma Wanicki sp. z o.o. z siedzib\u0105 w Mogilanach, ul. My\u015blenicka 19, 32-031 Mogilany, KRS: 0000214618; Wanicki Serwis sp. z o.o. z siedzib\u0105 w Mogilanach, ul. My\u015blenicka 19, 32.-031 Mogilany, KRS: 0000225703, MW Wanicki sp. z o.o. z siedzib\u0105 w Mogilanach, ul. My\u015blenicka 19, 32.-031 Mogilany, KRS: 0000290954; BW Wanicki sp. z o.o. z siedzib\u0105 w Mogilanach, ul. My\u015blenicka 19, 32.-031 Mogilany, KRS: 0000277732; SW Wanicki sp. z o.o. z siedzib\u0105 w Mogilanach, ul. My\u015blenicka 19, 32.-031 Mogilany, KRS: 0000318232; Nedpol Truck Service sp. z o.o. z siedzib\u0105 w Romanowie, Roman\u00f3w 10b, 42-260 Roman\u00f3w, KRS: 0000062292; WW Wanicki sp. z o.o. z siedzib\u0105 w Trzcianie, Trzciana 162, 36-071 Trzciana, KRS: 0000214811; PT Wanicki sp. z o.o. z siedzib\u0105 w Mogilanach, ul. My\u015blenicka 19, 32.-031 Mogilany, KRS: 0001069064; Wanicki Rental sp. z o.o. z siedzib\u0105 w Mogilanach, ul. My\u015blenicka 19, 32.-031 Mogilany, KRS: 0000997992.\n\t<\/p>\n<\/div>\n<p><input class=\"wpcf7-form-control wpcf7-submit has-spinner\" type=\"submit\" value=\"Wy\u015blij wiadomo\u015b\u0107\" \/>\n<\/p><div class=\"wpcf7-response-output\" aria-hidden=\"true\"><\/div>\n<\/form>\n<\/div>\n        <\/div>\n    <\/div>\n<\/div>\n\n\n<div class=\"wp-block-wanicki-image-with-text image-with-text \">\n\n    <div class=\"image-with-text__image\">\n                    <div class=\"image-with-text__image-photo\"\n                 style=\"background-image: url(https:\/\/wanicki.pl\/naprawiamywszystko\/wp-content\/uploads\/sites\/21\/2025\/10\/AdobeStock_1023345240-scaled.jpeg)\"><\/div>\n            <\/div>\n\n    <div class=\"image-with-text__info  \">\n                    <div class=\"image-with-text__info-title-wrapper\">\n                <h2 class=\"image-with-text__info-title\">naprawiamy wszystko<\/h2>\n                                    <\/div>\n                            <div class=\"image-with-text__info-text\">\n                <p data-start=\"362\" data-end=\"650\">Oferujemy profesjonalne <strong data-start=\"386\" data-end=\"479\">naprawy powypadkowe samochod\u00f3w dostawczych, ci\u0119\u017carowych, autobus\u00f3w i autokar\u00f3w<\/strong>. Zajmujemy si\u0119 ka\u017cdym etapem procesu \u2013 od diagnostyki, przez <strong data-start=\"541\" data-end=\"564\">naprawy mechaniczne<\/strong>, <strong data-start=\"566\" data-end=\"595\">blacharskie i lakiernicze<\/strong>, a\u017c po pe\u0142n\u0105 obs\u0142ug\u0119 formalno\u015bci z ubezpieczycielem.<\/p>\n<p data-start=\"652\" data-end=\"826\">Dzi\u0119ki naszemu do\u015bwiadczeniu i nowoczesnemu zapleczu technicznemu przywracamy pojazdom pe\u0142n\u0105 sprawno\u015b\u0107 i estetyk\u0119, dbaj\u0105c zar\u00f3wno o bezpiecze\u0144stwo jazdy, jak i wygl\u0105d pojazdu.<\/p>\n\n            <\/div>\n                        \n    <\/div>\n\n<\/div>\n\n\n<div class=\"wp-block-wanicki-image-with-text image-with-text  image-with-text--reversed \">\n\n    <div class=\"image-with-text__image\">\n                    <div class=\"image-with-text__image-photo\"\n                 style=\"background-image: url(https:\/\/wanicki.pl\/naprawiamywszystko\/wp-content\/uploads\/sites\/21\/2025\/09\/PrzechwytywanieCC.png)\"><\/div>\n            <\/div>\n\n    <div class=\"image-with-text__info  image-with-text__info--reversed  \">\n                    <div class=\"image-with-text__info-title-wrapper\">\n                <h2 class=\"image-with-text__info-title\">Zakres napraw powypadkowych<\/h2>\n                                    <\/div>\n                            <div class=\"image-with-text__info-text\">\n                <ul>\n<li data-start=\"1832\" data-end=\"1883\">\n<p data-start=\"1834\" data-end=\"1883\">diagnostyka i naprawy mechaniczne po wypadkach,<\/p>\n<\/li>\n<li data-start=\"1884\" data-end=\"1931\">\n<p data-start=\"1886\" data-end=\"1931\">usuwanie wgniece\u0144 i uszkodze\u0144 blacharskich,<\/p>\n<\/li>\n<li data-start=\"1932\" data-end=\"1977\">\n<p data-start=\"1934\" data-end=\"1977\">lakierowanie element\u00f3w i ca\u0142ych pojazd\u00f3w,<\/p>\n<\/li>\n<li data-start=\"1978\" data-end=\"2030\">\n<p data-start=\"1980\" data-end=\"2030\">prostowanie ram samochod\u00f3w ci\u0119\u017carowych i naczep,<\/p>\n<\/li>\n<li data-start=\"2031\" data-end=\"2070\">\n<p data-start=\"2033\" data-end=\"2070\">naprawy kabin pojazd\u00f3w ci\u0119\u017carowych,<\/p>\n<\/li>\n<li data-start=\"2071\" data-end=\"2118\">\n<p data-start=\"2073\" data-end=\"2118\">wymiana i monta\u017c element\u00f3w konstrukcyjnych,<\/p>\n<\/li>\n<li data-start=\"2119\" data-end=\"2183\">\n<p data-start=\"2121\" data-end=\"2183\">przygotowanie i pe\u0142ne rozliczenie szkody z ubezpieczycielem.<\/p>\n<\/li>\n<\/ul>\n\n            <\/div>\n                        \n    <\/div>\n\n<\/div>\n\n\n<div class=\"wp-block-wanicki-image-with-text image-with-text \">\n\n    <div class=\"image-with-text__image\">\n                    <div class=\"image-with-text__image-photo\"\n                 style=\"background-image: url(https:\/\/wanicki.pl\/naprawiamywszystko\/wp-content\/uploads\/sites\/21\/2025\/09\/Z624338_Easy-Resize.com_.jpg)\"><\/div>\n            <\/div>\n\n    <div class=\"image-with-text__info  \">\n                    <div class=\"image-with-text__info-title-wrapper\">\n                <h2 class=\"image-with-text__info-title\">Dlaczego warto wybra\u0107 nasze naprawy powypadkowe?<\/h2>\n                                    <\/div>\n                            <div class=\"image-with-text__info-text\">\n                <ul>\n<li data-start=\"891\" data-end=\"992\">\n<p data-start=\"893\" data-end=\"992\"><strong data-start=\"893\" data-end=\"916\">Kompleksowa obs\u0142uga<\/strong> \u2013 \u0142\u0105czymy us\u0142ugi mechaniczne, blacharskie i lakiernicze w jednym miejscu.<\/p>\n<\/li>\n<li data-start=\"993\" data-end=\"1143\">\n<p data-start=\"995\" data-end=\"1143\"><strong data-start=\"995\" data-end=\"1036\">Naprawiamy wszystkie rodzaje pojazd\u00f3w<\/strong> \u2013 od samochod\u00f3w osobowych, przez busy i dostawcze, a\u017c po ci\u0119\u017car\u00f3wki, autobusy i pojazdy specjalistyczne.<\/p>\n<\/li>\n<li data-start=\"1144\" data-end=\"1266\">\n<p data-start=\"1146\" data-end=\"1266\"><strong data-start=\"1146\" data-end=\"1174\">Rozliczenia bezgot\u00f3wkowe<\/strong> \u2013 wsp\u00f3\u0142pracujemy z towarzystwami ubezpieczeniowymi, aby\u015b nie musia\u0142 martwi\u0107 si\u0119 kosztami.<\/p>\n<\/li>\n<li data-start=\"1267\" data-end=\"1364\">\n<p data-start=\"1269\" data-end=\"1364\"><strong data-start=\"1269\" data-end=\"1295\">Pomoc w formalno\u015bciach<\/strong> \u2013 zajmujemy si\u0119 zg\u0142oszeniem szkody, dokumentacj\u0105 i kontaktem z TU.<\/p>\n<\/li>\n<li data-start=\"1566\" data-end=\"1684\">\n<p data-start=\"1568\" data-end=\"1684\"><strong data-start=\"1568\" data-end=\"1604\">Nowoczesne technologie naprawcze<\/strong> \u2013 profesjonalne ramy pomiarowe, komory lakiernicze i diagnostyka komputerowa.<\/p>\n<\/li>\n<li data-start=\"1685\" data-end=\"1788\">\n<p data-start=\"1687\" data-end=\"1788\"><strong data-start=\"1687\" data-end=\"1725\">Gwarancja jako\u015bci i bezpiecze\u0144stwa<\/strong> \u2013 ka\u017cda naprawa wykonywana zgodnie z zaleceniami producenta.<\/p>\n<\/li>\n<\/ul>\n\n            <\/div>\n                        \n    <\/div>\n\n<\/div>\n\n\n<div class=\"wp-block-wanicki-cta-banner cta-banner\">\n    <div class=\"container\">\n        <div class=\"cta-banner__container\">\n            <div class=\"cta-banner__image\"\n                  style=\"background-image: url(https:\/\/wanicki.pl\/naprawiamywszystko\/wp-content\/uploads\/sites\/21\/2025\/10\/AdobeStock_1086847119-scaled.jpeg)\"             ><\/div>\n            <h2 class=\"cta-banner__title\">Naprawy powypadkowe bez stresu<\/h2>\n                                    <div class=\"cta-banner__buttons\">\n                                            <a\n                            href=\"#+48 817 105 575\"\n                            class=\"btn cta-banner__button \"\n                                                        target=\"\"\n                        >\n                            ZADZWO\u0143 \n                        <\/a>\n                                                        <\/div>\n                    <\/div>\n    <\/div>\n<\/div>\n","protected":false},"excerpt":{"rendered":"","protected":false},"author":4,"featured_media":0,"parent":0,"menu_order":0,"comment_status":"closed","ping_status":"closed","template":"","meta":{"_acf_changed":false,"_seopress_robots_primary_cat":"","_seopress_titles_title":"","_seopress_titles_desc":"Je\u015bli szukasz warsztatu, kt\u00f3ry zajmie si\u0119 napraw\u0105 samochodu po wypadku od A do Z, jeste\u015b we w\u0142a\u015bciwym miejscu.","_seopress_robots_index":"","inline_featured_image":false,"footnotes":""},"class_list":["post-26","page","type-page","status-publish","hentry"],"acf":[],"_links":{"self":[{"href":"https:\/\/wanicki.pl\/naprawiamywszystko\/wp-json\/wp\/v2\/pages\/26","targetHints":{"allow":["GET"]}}],"collection":[{"href":"https:\/\/wanicki.pl\/naprawiamywszystko\/wp-json\/wp\/v2\/pages"}],"about":[{"href":"https:\/\/wanicki.pl\/naprawiamywszystko\/wp-json\/wp\/v2\/types\/page"}],"author":[{"embeddable":true,"href":"https:\/\/wanicki.pl\/naprawiamywszystko\/wp-json\/wp\/v2\/users\/4"}],"replies":[{"embeddable":true,"href":"https:\/\/wanicki.pl\/naprawiamywszystko\/wp-json\/wp\/v2\/comments?post=26"}],"version-history":[{"count":10,"href":"https:\/\/wanicki.pl\/naprawiamywszystko\/wp-json\/wp\/v2\/pages\/26\/revisions"}],"predecessor-version":[{"id":292,"href":"https:\/\/wanicki.pl\/naprawiamywszystko\/wp-json\/wp\/v2\/pages\/26\/revisions\/292"}],"wp:attachment":[{"href":"https:\/\/wanicki.pl\/naprawiamywszystko\/wp-json\/wp\/v2\/media?parent=26"}],"curies":[{"name":"wp","href":"https:\/\/api.w.org\/{rel}","templated":true}]}}