{"id":42,"date":"2025-09-26T12:29:35","date_gmt":"2025-09-26T10:29:35","guid":{"rendered":"https:\/\/wanicki.pl\/naprawiamywszystko\/?page_id=42"},"modified":"2025-10-07T14:55:19","modified_gmt":"2025-10-07T12:55:19","slug":"lakiernia","status":"publish","type":"page","link":"https:\/\/wanicki.pl\/naprawiamywszystko\/lakiernia\/","title":{"rendered":"LAKIERNIA"},"content":{"rendered":"<div class=\"wp-block-wanicki-hero-header hero-header\">\n    <div class=\"hero-header__image hero-header__image--desktop\"\n          style=\"background-image: url(https:\/\/wanicki.pl\/naprawiamywszystko\/wp-content\/uploads\/sites\/21\/2025\/09\/Z623984-scaled.jpg)\" ><\/div>\n    <div class=\"hero-header__image hero-header__image--mobile\"\n          style=\"background-image: url(https:\/\/wanicki.pl\/naprawiamywszystko\/wp-content\/uploads\/sites\/21\/2025\/09\/Z623984-scaled.jpg)\"\n            >\n    <\/div>\n    <div class=\"hero-header__container container\">\n        <h1 class=\"hero-header__title\"><strong>LAKIERNIA<\/strong><\/h1>\n                    <div class=\"hero-header__subtitle\"><p>US\u0141UGI LAKIERNICZE DLA KA\u017bDEGO POJAZDU<\/p>\n<\/div>\n                            <a href=\"tel:+48 817 105 575\"\n               class=\"btn \"\n                           >ZADZWO\u0143<\/a>\n            <\/div>\n<\/div>\n\n\n<div class=\"wp-block-wanicki-job-form job-form__container\" id=\"\">\n    <div class=\"container job-form\">\n        <div class=\"job-form__info\">\n            <h2 class=\"job-form__info-title\">MASZ PYTANIE?<\/h2>\n                    <p class=\"job-form__info-text\">\n                Skontaktuj si\u0119 z nami!\n            <\/p>\n        <\/div>\n        <div class=\"job-form__form\">\n            \n<div class=\"wpcf7 no-js\" id=\"wpcf7-f140-o1\" lang=\"pl-PL\" dir=\"ltr\" data-wpcf7-id=\"140\">\n<div class=\"screen-reader-response\"><p role=\"status\" aria-live=\"polite\" aria-atomic=\"true\"><\/p> <ul><\/ul><\/div>\n<form action=\"\/naprawiamywszystko\/wp-json\/wp\/v2\/pages\/42#wpcf7-f140-o1\" method=\"post\" class=\"wpcf7-form init\" aria-label=\"Formularz kontaktowy\" novalidate=\"novalidate\" data-status=\"init\">\n<fieldset class=\"hidden-fields-container\"><input type=\"hidden\" name=\"_wpcf7\" value=\"140\" \/><input type=\"hidden\" name=\"_wpcf7_version\" value=\"6.1.5\" \/><input type=\"hidden\" name=\"_wpcf7_locale\" value=\"pl_PL\" \/><input type=\"hidden\" name=\"_wpcf7_unit_tag\" value=\"wpcf7-f140-o1\" \/><input type=\"hidden\" name=\"_wpcf7_container_post\" value=\"0\" \/><input type=\"hidden\" name=\"_wpcf7_posted_data_hash\" value=\"\" \/>\n<\/fieldset>\n<div class=\"form-columns\">\n\t<p><label><span class=\"form-label\">Imi\u0119*<\/span><span class=\"wpcf7-form-control-wrap\" data-name=\"your-name\"><input size=\"40\" maxlength=\"400\" class=\"wpcf7-form-control wpcf7-text wpcf7-validates-as-required\" aria-required=\"true\" aria-invalid=\"false\" value=\"\" type=\"text\" name=\"your-name\" \/><\/span><\/label><br \/>\n<label><span class=\"form-label\">Nazwisko*<\/span><span class=\"wpcf7-form-control-wrap\" data-name=\"your-surname\"><input size=\"40\" maxlength=\"400\" class=\"wpcf7-form-control wpcf7-text wpcf7-validates-as-required\" aria-required=\"true\" aria-invalid=\"false\" value=\"\" type=\"text\" name=\"your-surname\" \/><\/span><\/label>\n\t<\/p>\n<\/div>\n<div class=\"form-columns\">\n\t<p><label><span class=\"form-label\">Email*<\/span><span class=\"wpcf7-form-control-wrap\" data-name=\"your-email\"><input size=\"40\" maxlength=\"400\" class=\"wpcf7-form-control wpcf7-email wpcf7-validates-as-required wpcf7-text wpcf7-validates-as-email\" aria-required=\"true\" aria-invalid=\"false\" value=\"\" type=\"email\" name=\"your-email\" \/><\/span><\/label><br \/>\n<label><span class=\"form-label\">Numer telefonu*<\/span><span class=\"wpcf7-form-control-wrap\" data-name=\"your-phone\"><input size=\"40\" maxlength=\"400\" class=\"wpcf7-form-control wpcf7-tel wpcf7-validates-as-required wpcf7-text wpcf7-validates-as-tel\" aria-required=\"true\" aria-invalid=\"false\" value=\"\" type=\"tel\" name=\"your-phone\" \/><\/span><\/label><br \/>\n<label><span class=\"form-label\">Kod pocztowy*<\/span><span class=\"wpcf7-form-control-wrap\" data-name=\"your-postcode\"><input size=\"40\" maxlength=\"400\" class=\"wpcf7-form-control wpcf7-text wpcf7-validates-as-required\" aria-required=\"true\" aria-invalid=\"false\" value=\"\" type=\"text\" name=\"your-postcode\" \/><\/span><\/label>\n\t<\/p>\n<\/div>\n<p><label><span class=\"form-label\">Pytanie*<\/span><span class=\"wpcf7-form-control-wrap\" data-name=\"your-question\"><input size=\"40\" maxlength=\"400\" class=\"wpcf7-form-control wpcf7-text wpcf7-validates-as-required\" aria-required=\"true\" aria-invalid=\"false\" value=\"\" type=\"text\" name=\"your-question\" \/><\/span><\/label>\n<\/p>\n<div class=\"checkbox-input\" style=\"font-size: 0.75em\">\n\t<p><span class=\"wpcf7-form-control-wrap\" data-name=\"your-acceptance\"><span class=\"wpcf7-form-control wpcf7-acceptance\"><span class=\"wpcf7-list-item\"><input type=\"checkbox\" name=\"your-acceptance\" value=\"1\" aria-invalid=\"false\" \/><\/span><\/span><\/span>\n\t<\/p>\n\t<div>\n\t\t<p>*O\u015bwiadczam, \u017ce zapozna\u0142em si\u0119 z <a href='\/polityka-prywatnosci\/' target=\"_blank\">Polityk\u0105 prywatno\u015bci oraz Regulaminem \u015bwiadczenia us\u0142ug drog\u0105 elektroniczn\u0105<\/a> i akceptuj\u0119 ich tre\u015b\u0107.\n\t\t<\/p>\n\t<\/div>\n<\/div>\n<div class=\"checkbox-input\" style=\"font-size: 0.75em\">\n\t<p><span class=\"wpcf7-form-control-wrap\" data-name=\"your-acceptance-info\"><span class=\"wpcf7-form-control wpcf7-acceptance optional\"><span class=\"wpcf7-list-item\"><input type=\"checkbox\" name=\"your-acceptance-info\" value=\"1\" aria-invalid=\"false\" \/><\/span><\/span><\/span>\n\t<\/p>\n\t<div>\n\t\t<p>Wyra\u017cam zgod\u0119 na przesy\u0142anie informacji handlowej skierowanej za pomoc\u0105 \u015brodk\u00f3w komunikacji elektronicznej oraz na u\u017cywanie telekomunikacyjnych urz\u0105dze\u0144 ko\u0144cowych i automatycznych system\u00f3w wywo\u0142uj\u0105cych dla cel\u00f3w marketingu bezpo\u015bredniego przez Grup\u0119 Wanicki*\n\t\t<\/p>\n\t<\/div>\n<\/div>\n<div style=\"font-size: 0.75em\">\n\t<p>Zgoda obejmuje kontakt za po\u015brednictwem:\n\t<\/p>\n<\/div>\n<div class=\"checkbox-input\" style=\"font-size: 0.75em\">\n\t<p>        <span class=\"wpcf7-form-control-wrap\" data-name=\"checkall-69dd433f4c9a6\">\r\n            <span class=\"wpcf7-form-control wpcf7-acceptance optional\">\r\n                <span class=\"wpcf7-list-item\">\r\n                    <input type=\"checkbox\" name=\"checkall-69dd433f4c9a6\" aria-invalid=\"false\" id=\"checkall-69dd433f4c9a6\" \/>\r\n                <\/span>\r\n            <\/span>\r\n        <\/span>\r\n        <div>\r\n            <p>\r\n                <br \/>\nZaznacz wszystkie pola            <\/p>\r\n        <\/div>\r\n    \n\t<\/p>\n<\/div>\n<div class=\"checkbox-input\" style=\"font-size: 0.75em\">\n\t<p><span class=\"wpcf7-form-control-wrap\" data-name=\"your-acceptance-email\"><span class=\"wpcf7-form-control wpcf7-acceptance optional\"><span class=\"wpcf7-list-item\"><input type=\"checkbox\" name=\"your-acceptance-email\" value=\"1\" aria-invalid=\"false\" \/><\/span><\/span><\/span>\n\t<\/p>\n\t<div>\n\t\t<p>E-mail\n\t\t<\/p>\n\t<\/div>\n<\/div>\n<div class=\"checkbox-input\" style=\"font-size: 0.75em\">\n\t<p><span class=\"wpcf7-form-control-wrap\" data-name=\"your-acceptance-sms\"><span class=\"wpcf7-form-control wpcf7-acceptance optional\"><span class=\"wpcf7-list-item\"><input type=\"checkbox\" name=\"your-acceptance-sms\" value=\"1\" aria-invalid=\"false\" \/><\/span><\/span><\/span>\n\t<\/p>\n\t<div>\n\t\t<p>SMS\n\t\t<\/p>\n\t<\/div>\n<\/div>\n<div class=\"checkbox-input\" style=\"font-size: 0.75em\">\n\t<p><span class=\"wpcf7-form-control-wrap\" data-name=\"your-acceptance-tel\"><span class=\"wpcf7-form-control wpcf7-acceptance optional\"><span class=\"wpcf7-list-item\"><input type=\"checkbox\" name=\"your-acceptance-tel\" value=\"1\" aria-invalid=\"false\" \/><\/span><\/span><\/span>\n\t<\/p>\n\t<div>\n\t\t<p>Kontakt telefoniczny\n\t\t<\/p>\n\t<\/div>\n<\/div>\n<div style=\"font-size: 0.75em\">\n\t<p>*przez Grup\u0119 Wanicki rozumie si\u0119 nast\u0119puj\u0105ce sp\u00f3\u0142ki: Firma Wanicki sp. z o.o. z siedzib\u0105 w Mogilanach, ul. My\u015blenicka 19, 32-031 Mogilany, KRS: 0000214618; Wanicki Serwis sp. z o.o. z siedzib\u0105 w Mogilanach, ul. My\u015blenicka 19, 32.-031 Mogilany, KRS: 0000225703, MW Wanicki sp. z o.o. z siedzib\u0105 w Mogilanach, ul. My\u015blenicka 19, 32.-031 Mogilany, KRS: 0000290954; BW Wanicki sp. z o.o. z siedzib\u0105 w Mogilanach, ul. My\u015blenicka 19, 32.-031 Mogilany, KRS: 0000277732; SW Wanicki sp. z o.o. z siedzib\u0105 w Mogilanach, ul. My\u015blenicka 19, 32.-031 Mogilany, KRS: 0000318232; Nedpol Truck Service sp. z o.o. z siedzib\u0105 w Romanowie, Roman\u00f3w 10b, 42-260 Roman\u00f3w, KRS: 0000062292; WW Wanicki sp. z o.o. z siedzib\u0105 w Trzcianie, Trzciana 162, 36-071 Trzciana, KRS: 0000214811; PT Wanicki sp. z o.o. z siedzib\u0105 w Mogilanach, ul. My\u015blenicka 19, 32.-031 Mogilany, KRS: 0001069064; Wanicki Rental sp. z o.o. z siedzib\u0105 w Mogilanach, ul. My\u015blenicka 19, 32.-031 Mogilany, KRS: 0000997992.\n\t<\/p>\n<\/div>\n<p><input class=\"wpcf7-form-control wpcf7-submit has-spinner\" type=\"submit\" value=\"Wy\u015blij wiadomo\u015b\u0107\" \/>\n<\/p><div class=\"wpcf7-response-output\" aria-hidden=\"true\"><\/div>\n<\/form>\n<\/div>\n        <\/div>\n    <\/div>\n<\/div>\n\n\n<div class=\"wp-block-wanicki-image-with-text image-with-text \">\n\n    <div class=\"image-with-text__image\">\n                    <div class=\"image-with-text__image-photo\"\n                 style=\"background-image: url(https:\/\/wanicki.pl\/naprawiamywszystko\/wp-content\/uploads\/sites\/21\/2025\/09\/Z624007-scaled.jpg)\"><\/div>\n            <\/div>\n\n    <div class=\"image-with-text__info  \">\n                    <div class=\"image-with-text__info-title-wrapper\">\n                <h2 class=\"image-with-text__info-title\">Zakres us\u0142ug lakierniczych<\/h2>\n                                    <\/div>\n                            <div class=\"image-with-text__info-text\">\n                <ul>\n<li data-start=\"1662\" data-end=\"1724\">\n<p data-start=\"1664\" data-end=\"1724\">lakierowanie element\u00f3w karoserii po kolizjach i wypadkach,<\/p>\n<\/li>\n<li data-start=\"1725\" data-end=\"1779\">\n<p data-start=\"1727\" data-end=\"1779\">punktowe naprawy lakiernicze i usuwanie zarysowa\u0144,<\/p>\n<\/li>\n<li data-start=\"1780\" data-end=\"1838\">\n<p data-start=\"1782\" data-end=\"1838\">pe\u0142ne lakierowanie samochod\u00f3w osobowych i dostawczych,<\/p>\n<\/li>\n<li data-start=\"1839\" data-end=\"1874\">\n<p data-start=\"1841\" data-end=\"1874\">renowacja pow\u0142oki lakierniczej,<\/p>\n<\/li>\n<li data-start=\"1875\" data-end=\"1930\">\n<p data-start=\"1877\" data-end=\"1930\">lakierowanie ci\u0119\u017car\u00f3wek, autobus\u00f3w, naczep i kabin,<\/p>\n<\/li>\n<li data-start=\"1931\" data-end=\"1992\">\n<p data-start=\"1933\" data-end=\"1992\">przygotowanie pojazdu do sprzeda\u017cy (od\u015bwie\u017cenie lakieru).<\/p>\n<\/li>\n<\/ul>\n\n            <\/div>\n                                    <div class=\"image-with-text__extra-links\">\n                                                                <\/div>\n        \n    <\/div>\n\n<\/div>\n\n\n<div class=\"wp-block-wanicki-image-with-text image-with-text  image-with-text--reversed \">\n\n    <div class=\"image-with-text__image\">\n                    <div class=\"image-with-text__image-photo\"\n                 style=\"background-image: url(https:\/\/wanicki.pl\/naprawiamywszystko\/wp-content\/uploads\/sites\/21\/2025\/09\/Z624058-scaled.jpg)\"><\/div>\n            <\/div>\n\n    <div class=\"image-with-text__info  image-with-text__info--reversed  \">\n                    <div class=\"image-with-text__info-title-wrapper\">\n                <h2 class=\"image-with-text__info-title\">Dlaczego warto wybra\u0107 nasz\u0105 lakierni\u0119?<\/h2>\n                                    <\/div>\n                            <div class=\"image-with-text__info-text\">\n                <ul>\n<li data-start=\"873\" data-end=\"977\">\n<p data-start=\"875\" data-end=\"977\"><strong data-start=\"875\" data-end=\"908\">Precyzyjne dopasowanie koloru<\/strong> \u2013 komputerowe systemy doboru lakieru gwarantuj\u0105 perfekcyjny efekt.<\/p>\n<\/li>\n<li data-start=\"978\" data-end=\"1063\">\n<p data-start=\"980\" data-end=\"1063\"><strong data-start=\"980\" data-end=\"1003\">Kompleksowa obs\u0142uga<\/strong> \u2013 od drobnych zaprawek po pe\u0142ne lakierowanie powypadkowe.<\/p>\n<\/li>\n<li data-start=\"1064\" data-end=\"1174\">\n<p data-start=\"1066\" data-end=\"1174\"><strong data-start=\"1066\" data-end=\"1108\">Lakierowanie wszystkich typ\u00f3w pojazd\u00f3w<\/strong> \u2013 osobowe, busy, ci\u0119\u017carowe, autobusy i pojazdy specjalistyczne.<\/p>\n<\/li>\n<li data-start=\"1175\" data-end=\"1262\">\n<p data-start=\"1177\" data-end=\"1262\"><strong data-start=\"1177\" data-end=\"1208\">Nowoczesne komory bezpy\u0142owe<\/strong> \u2013 najwy\u017csza jako\u015b\u0107 i trwa\u0142o\u015b\u0107 pow\u0142oki lakierniczej.<\/p>\n<\/li>\n<li data-start=\"1263\" data-end=\"1367\">\n<p data-start=\"1265\" data-end=\"1367\"><strong data-start=\"1265\" data-end=\"1289\">Naprawy bezgot\u00f3wkowe<\/strong> \u2013 wsp\u00f3\u0142praca z towarzystwami ubezpieczeniowymi i pe\u0142na obs\u0142uga formalno\u015bci.<\/p>\n<\/li>\n<li data-start=\"1459\" data-end=\"1549\">\n<p data-start=\"1461\" data-end=\"1549\"><strong data-start=\"1461\" data-end=\"1488\">Do\u015bwiadczeni lakiernicy<\/strong> \u2013 gwarancja precyzji, estetyki i trwa\u0142o\u015bci ka\u017cdej naprawy.<\/p>\n<\/li>\n<li data-start=\"1550\" data-end=\"1619\">\n<p data-start=\"1552\" data-end=\"1619\"><strong data-start=\"1552\" data-end=\"1573\">Gwarancja jako\u015bci<\/strong> \u2013 na wszystkie wykonane us\u0142ugi lakiernicze.<\/p>\n<\/li>\n<\/ul>\n\n            <\/div>\n                                    <div class=\"image-with-text__extra-links\">\n                                                                <\/div>\n        \n    <\/div>\n\n<\/div>\n\n\n<div class=\"wp-block-wanicki-image-with-text image-with-text \">\n\n    <div class=\"image-with-text__image\">\n                    <div class=\"image-with-text__image-photo\"\n                 style=\"background-image: url(https:\/\/wanicki.pl\/naprawiamywszystko\/wp-content\/uploads\/sites\/21\/2025\/09\/Z624069-scaled.jpg)\"><\/div>\n            <\/div>\n\n    <div class=\"image-with-text__info  \">\n                            <div class=\"image-with-text__info-text\">\n                <p data-start=\"316\" data-end=\"593\">Nasza <strong data-start=\"322\" data-end=\"347\">lakiernia samochodowa<\/strong> specjalizuje si\u0119 w kompleksowych <strong data-start=\"381\" data-end=\"408\">naprawach powypadkowych<\/strong> i estetycznych. Oferujemy <strong data-start=\"435\" data-end=\"525\">lakierowanie samochod\u00f3w osobowych, dostawczych, ci\u0119\u017carowych oraz autobus\u00f3w i autokar\u00f3w<\/strong>, przywracaj\u0105c pojazdom idealny wygl\u0105d i trwa\u0142\u0105 ochron\u0119 karoserii.<\/p>\n<p data-start=\"595\" data-end=\"818\">Stosujemy <strong data-start=\"605\" data-end=\"643\">nowoczesne technologie lakiernicze<\/strong>, wysokiej jako\u015bci lakiery i komory bezpy\u0142owe, dzi\u0119ki czemu uzyskujemy perfekcyjn\u0105 powierzchni\u0119, odporno\u015b\u0107 na warunki atmosferyczne i dopasowanie kolorystyczne do orygina\u0142u.<\/p>\n\n            <\/div>\n                                    <div class=\"image-with-text__extra-links\">\n                                                                <\/div>\n        \n    <\/div>\n\n<\/div>\n","protected":false},"excerpt":{"rendered":"","protected":false},"author":4,"featured_media":0,"parent":0,"menu_order":0,"comment_status":"closed","ping_status":"closed","template":"","meta":{"_acf_changed":false,"_seopress_robots_primary_cat":"","_seopress_titles_title":"","_seopress_titles_desc":"","_seopress_robots_index":"","inline_featured_image":false,"footnotes":""},"class_list":["post-42","page","type-page","status-publish","hentry"],"acf":[],"_links":{"self":[{"href":"https:\/\/wanicki.pl\/naprawiamywszystko\/wp-json\/wp\/v2\/pages\/42","targetHints":{"allow":["GET"]}}],"collection":[{"href":"https:\/\/wanicki.pl\/naprawiamywszystko\/wp-json\/wp\/v2\/pages"}],"about":[{"href":"https:\/\/wanicki.pl\/naprawiamywszystko\/wp-json\/wp\/v2\/types\/page"}],"author":[{"embeddable":true,"href":"https:\/\/wanicki.pl\/naprawiamywszystko\/wp-json\/wp\/v2\/users\/4"}],"replies":[{"embeddable":true,"href":"https:\/\/wanicki.pl\/naprawiamywszystko\/wp-json\/wp\/v2\/comments?post=42"}],"version-history":[{"count":7,"href":"https:\/\/wanicki.pl\/naprawiamywszystko\/wp-json\/wp\/v2\/pages\/42\/revisions"}],"predecessor-version":[{"id":287,"href":"https:\/\/wanicki.pl\/naprawiamywszystko\/wp-json\/wp\/v2\/pages\/42\/revisions\/287"}],"wp:attachment":[{"href":"https:\/\/wanicki.pl\/naprawiamywszystko\/wp-json\/wp\/v2\/media?parent=42"}],"curies":[{"name":"wp","href":"https:\/\/api.w.org\/{rel}","templated":true}]}}