{"id":1802,"date":"2024-06-24T12:22:33","date_gmt":"2024-06-24T10:22:33","guid":{"rendered":"https:\/\/wanicki.pl\/piaggio\/?page_id=1802"},"modified":"2024-09-13T11:04:15","modified_gmt":"2024-09-13T09:04:15","slug":"strona-glowna","status":"publish","type":"page","link":"https:\/\/wanicki.pl\/piaggio\/","title":{"rendered":"Strona g\u0142\u00f3wna"},"content":{"rendered":"<div class=\"wp-block-wanicki-hero-header hero-header\">\n    <div class=\"hero-header__image hero-header__image--desktop\"\n          style=\"background-image: url(https:\/\/wanicki.pl\/piaggio\/wp-content\/uploads\/sites\/10\/2024\/08\/baner_piaggio-jasny.jpg)\" ><\/div>\n    <div class=\"hero-header__image hero-header__image--mobile\"\n          style=\"background-image: url(https:\/\/wanicki.pl\/piaggio\/wp-content\/uploads\/sites\/10\/2024\/08\/baner_piaggio-jasny.jpg)\"\n            >\n    <\/div>\n    <div class=\"hero-header__container container\">\n        <h1 class=\"hero-header__title\">PIAGGIO TO WI\u0118CEJ NI\u017b POJAZD <br><strong> PIAGGIO TO STYL \u017bYCIA<\/strong><\/h1>\n                    <\/div>\n<\/div>\n\n\n<div class=\"wp-block-wanicki-icon-link icon-link\">\n\n    \n    \n<\/div>\n\n\n<div class=\"wp-block-wanicki-about-cards about-cards  about-cards--gray \">\n    <div class=\"container about-cards__container\">\n        <div class=\"about-cards__info\">\n                            <h2 class=\"about-cards__info-title\">AUTORYZOWANY IMPORTER I DEALER PIAGGIO <\/h2>\n                                                <div class=\"about-cards__info-text\"><p>Jako wy\u0142\u0105czny autoryzowany importer i dealer pojazd\u00f3w u\u017cytkowych PIAGGIO w Polsce, jeste\u015bmy dumni, \u017ce mo\u017cemy reprezentowa\u0107 t\u0119 w\u0142osk\u0105 mark\u0119, kt\u00f3ra od lat zdobywa serca mi\u0142o\u015bnik\u00f3w motoryzacji na ca\u0142ym \u015bwiecie. Pojazdy u\u017cytkowe Piaggio s\u0105 synonimem niezawodno\u015bci, wszechstronno\u015bci i stylu.<\/p>\n<p>Niezale\u017cnie od tego, czy potrzebujesz zwrotnego pojazdu miejskiego, czy solidnego partnera do pracy \u2013 Piaggio ma co\u015b specjalnie dla Ciebie. Z nami odkryjesz, dlaczego Piaggio to nie tylko pojazd, ale tak\u017ce styl \u017cycia!<\/p>\n<\/div>\n                        \n        <\/div>\n\n        <div class=\"about-cards__grid about-cards__desktop\">\n                                                <a href=\"https:\/\/wanicki.pl\/piaggio\/oferta\/pojazdy\/ape-50-pick-up\/\" class=\"about-cards__item about-cards__item--link\"\n                        style=\"background-image: url(https:\/\/wanicki.pl\/piaggio\/wp-content\/uploads\/sites\/10\/2024\/06\/Top_Fianco-1-1024x682.jpg)\"                     >\n                        <p class=\"about-cards__item-text\">\n                            APE 50 PICK-UP\n                        <\/p>\n                    <\/a>\n                                                                <a href=\"https:\/\/wanicki.pl\/piaggio\/oferta\/pojazdy\/ape-50-van\/\" class=\"about-cards__item about-cards__item--link\"\n                        style=\"background-image: url(https:\/\/wanicki.pl\/piaggio\/wp-content\/uploads\/sites\/10\/2024\/06\/Furgonato_Fianco-1-1024x682.jpg)\"                     >\n                        <p class=\"about-cards__item-text\">\n                            APE 50 VAN\n                        <\/p>\n                    <\/a>\n                                                                <a href=\"https:\/\/wanicki.pl\/piaggio\/oferta\/pojazdy\/ape-50-cross-country\/\" class=\"about-cards__item about-cards__item--link\"\n                        style=\"background-image: url(https:\/\/wanicki.pl\/piaggio\/wp-content\/uploads\/sites\/10\/2024\/06\/Cross_3-4_ANT_Sx-1-1024x682.jpg)\"                     >\n                        <p class=\"about-cards__item-text\">\n                            APE 50 CROSS COUNTRY\n                        <\/p>\n                    <\/a>\n                                    <\/div>\n\n        <div class=\"about-cards__mobile swiper\">\n            <div class=\"swiper-wrapper\">\n                                                            <div class=\"about-cards__grid swiper-slide\">\n                                                                                                <a href=\"https:\/\/wanicki.pl\/piaggio\/oferta\/pojazdy\/ape-50-pick-up\/\" class=\"about-cards__item\"\n                                        style=\"background-image: url(https:\/\/wanicki.pl\/piaggio\/wp-content\/uploads\/sites\/10\/2024\/06\/Top_Fianco-1-1024x682.jpg)\"                                     >\n                                        <div class=\"about-cards__item-text\">\n                                            APE 50 PICK-UP\n                                        <\/div>\n                                    <\/a>\n                                                                                                                                <a href=\"https:\/\/wanicki.pl\/piaggio\/oferta\/pojazdy\/ape-50-van\/\" class=\"about-cards__item\"\n                                        style=\"background-image: url(https:\/\/wanicki.pl\/piaggio\/wp-content\/uploads\/sites\/10\/2024\/06\/Furgonato_Fianco-1-1024x682.jpg)\"                                     >\n                                        <div class=\"about-cards__item-text\">\n                                            APE 50 VAN\n                                        <\/div>\n                                    <\/a>\n                                                                                                                                <a href=\"https:\/\/wanicki.pl\/piaggio\/oferta\/pojazdy\/ape-50-cross-country\/\" class=\"about-cards__item\"\n                                        style=\"background-image: url(https:\/\/wanicki.pl\/piaggio\/wp-content\/uploads\/sites\/10\/2024\/06\/Cross_3-4_ANT_Sx-1-1024x682.jpg)\"                                     >\n                                        <div class=\"about-cards__item-text\">\n                                            APE 50 CROSS COUNTRY\n                                        <\/div>\n                                    <\/a>\n                                                                                    <\/div>\n                                                                                                                        <\/div>\n            <div class=\"about-cards__arrows\">\n                <div class=\"about-cards__arrows-button about-cards__arrows-left\">\n                    <svg width=\"12px\" height=\"12px\" class=\"about-cards__arrows-icon\" transform=\"rotate(90)\" fill=\"currentColor\" viewBox=\"0 0 96 96\" xmlns=\"http:\/\/www.w3.org\/2000\/svg\">\n  <path d=\"M81.846 25.388a6.024 6.024 0 0 0-8.45.767L48 56.625l-25.396-30.47a5.999 5.999 0 1 0-9.211 7.689l30.001 36.001a5.997 5.997 0 0 0 9.212 0l30.001-36.002a6.008 6.008 0 0 0-.761-8.455Z\"\/>\n<\/svg>                <\/div>\n                <div class=\"about-cards__arrows-button about-cards__arrows-right\">\n                    <svg width=\"12px\" height=\"12px\" class=\"about-cards__arrows-icon\" transform=\"rotate(-90)\" fill=\"currentColor\" viewBox=\"0 0 96 96\" xmlns=\"http:\/\/www.w3.org\/2000\/svg\">\n  <path d=\"M81.846 25.388a6.024 6.024 0 0 0-8.45.767L48 56.625l-25.396-30.47a5.999 5.999 0 1 0-9.211 7.689l30.001 36.001a5.997 5.997 0 0 0 9.212 0l30.001-36.002a6.008 6.008 0 0 0-.761-8.455Z\"\/>\n<\/svg>                <\/div>\n            <\/div>\n        <\/div>\n    <\/div>\n<\/div>\n\n\n<div class=\"wp-block-wanicki-image-with-text image-with-text \">\n\n    <div class=\"image-with-text__image\">\n                    <div class=\"image-with-text__image-photo\"\n                 style=\"background-image: url(https:\/\/wanicki.pl\/piaggio\/wp-content\/uploads\/sites\/10\/2024\/06\/MG_7116-scaled-e1719227300846.jpg)\"><\/div>\n            <\/div>\n\n    <div class=\"image-with-text__info  \">\n                    <div class=\"image-with-text__info-title-wrapper\">\n                <h2 class=\"image-with-text__info-title image-with-text__info-title--big\">APE  50<\/h2>\n                                    <\/div>\n                            <div class=\"image-with-text__info-text\">\n                <p><img loading=\"lazy\" decoding=\"async\" class=\"alignleft wp-image-1809\" src=\"https:\/\/wanicki.pl\/piaggio\/wp-content\/uploads\/sites\/10\/2024\/06\/APE-50-LOGO.jpg\" alt=\"\" width=\"196\" height=\"135\" srcset=\"https:\/\/wanicki.pl\/piaggio\/wp-content\/uploads\/sites\/10\/2024\/06\/APE-50-LOGO.jpg 908w, https:\/\/wanicki.pl\/piaggio\/wp-content\/uploads\/sites\/10\/2024\/06\/APE-50-LOGO-300x207.jpg 300w, https:\/\/wanicki.pl\/piaggio\/wp-content\/uploads\/sites\/10\/2024\/06\/APE-50-LOGO-768x529.jpg 768w\" sizes=\"auto, (max-width: 196px) 100vw, 196px\" \/><\/p>\n<p>&nbsp;<\/p>\n<p>&nbsp;<\/p>\n<p>&nbsp;<\/p>\n<p>&nbsp;<\/p>\n<p><strong>Piaggio Ape 50 nale\u017cy do kategorii motorower\u00f3w i mo\u017ce by\u0107 prowadzony ju\u017c od 14 roku \u017cycia z prawem jazdy AM!<\/strong><\/p>\n<p>Idealnie dopasowuje si\u0119 do r\u00f3\u017cnych sytuacji i spe\u0142nia potrzeby zar\u00f3wno profesjonalist\u00f3w, jak i amator\u00f3w. Oferuje wszechstronne i \u0142atwe w obs\u0142udze rozwi\u0105zania transportowe, pozwalaj\u0105c wyr\u00f3\u017cni\u0107 si\u0119 oryginalno\u015bci\u0105.<\/p>\n<p>Ape 50 to niezawodny \u015brodek transportu i skuteczna reklama Twojej firmy.<\/p>\n<p><strong>Dost\u0119pny w wariantach PICK-UP, VAN, CROSS oraz w 8 kolorach. Wszystkie modele spe\u0142niaj\u0105 normy emisji spalin Euro 4.<\/strong><\/p>\n<p>.<\/p>\n\n            <\/div>\n                        \n    <\/div>\n\n<\/div>\n\n\n<div class=\"wp-block-wanicki-about-cards about-cards \">\n    <div class=\"container about-cards__container\">\n        <div class=\"about-cards__info\">\n                            <h2 class=\"about-cards__info-title\">US\u0141UGI DLA KLIENT\u00d3W PIAGGIO<\/h2>\n                                            \n        <\/div>\n\n        <div class=\"about-cards__grid about-cards__desktop\">\n                                                <a href=\"https:\/\/wanicki.pl\/piaggio\/serwis\/\" class=\"about-cards__item about-cards__item--link\"\n                        style=\"background-image: url(https:\/\/wanicki.pl\/piaggio\/wp-content\/uploads\/sites\/10\/2024\/06\/3-1-1024x768.jpg)\"                     >\n                        <p class=\"about-cards__item-text\">\n                            NAPRAWA I SERWIS\n                        <\/p>\n                    <\/a>\n                                                                <a href=\"https:\/\/wanicki.pl\/piaggio\/czesci-i-akcesoria\/\" class=\"about-cards__item about-cards__item--link\"\n                        style=\"background-image: url(https:\/\/wanicki.pl\/piaggio\/wp-content\/uploads\/sites\/10\/2024\/06\/Z623571-1-1024x681.jpg)\"                     >\n                        <p class=\"about-cards__item-text\">\n                            CZ\u0118\u015aCI I AKCESORIA\n                        <\/p>\n                    <\/a>\n                                                                <a href=\"https:\/\/wanicki.pl\/piaggio\/uslugi-finansowe\/\" class=\"about-cards__item about-cards__item--link\"\n                        style=\"background-image: url(https:\/\/wanicki.pl\/piaggio\/wp-content\/uploads\/sites\/10\/2024\/06\/Z624101-1-1024x681.jpg)\"                     >\n                        <p class=\"about-cards__item-text\">\n                            US\u0141UGI FINANSOWE\n                        <\/p>\n                    <\/a>\n                                    <\/div>\n\n        <div class=\"about-cards__mobile swiper\">\n            <div class=\"swiper-wrapper\">\n                                                            <div class=\"about-cards__grid swiper-slide\">\n                                                                                                <a href=\"https:\/\/wanicki.pl\/piaggio\/serwis\/\" class=\"about-cards__item\"\n                                        style=\"background-image: url(https:\/\/wanicki.pl\/piaggio\/wp-content\/uploads\/sites\/10\/2024\/06\/3-1-1024x768.jpg)\"                                     >\n                                        <div class=\"about-cards__item-text\">\n                                            NAPRAWA I SERWIS\n                                        <\/div>\n                                    <\/a>\n                                                                                                                                <a href=\"https:\/\/wanicki.pl\/piaggio\/czesci-i-akcesoria\/\" class=\"about-cards__item\"\n                                        style=\"background-image: url(https:\/\/wanicki.pl\/piaggio\/wp-content\/uploads\/sites\/10\/2024\/06\/Z623571-1-1024x681.jpg)\"                                     >\n                                        <div class=\"about-cards__item-text\">\n                                            CZ\u0118\u015aCI I AKCESORIA\n                                        <\/div>\n                                    <\/a>\n                                                                                                                                <a href=\"https:\/\/wanicki.pl\/piaggio\/uslugi-finansowe\/\" class=\"about-cards__item\"\n                                        style=\"background-image: url(https:\/\/wanicki.pl\/piaggio\/wp-content\/uploads\/sites\/10\/2024\/06\/Z624101-1-1024x681.jpg)\"                                     >\n                                        <div class=\"about-cards__item-text\">\n                                            US\u0141UGI FINANSOWE\n                                        <\/div>\n                                    <\/a>\n                                                                                    <\/div>\n                                                                                                                        <\/div>\n            <div class=\"about-cards__arrows\">\n                <div class=\"about-cards__arrows-button about-cards__arrows-left\">\n                    <svg width=\"12px\" height=\"12px\" class=\"about-cards__arrows-icon\" transform=\"rotate(90)\" fill=\"currentColor\" viewBox=\"0 0 96 96\" xmlns=\"http:\/\/www.w3.org\/2000\/svg\">\n  <path d=\"M81.846 25.388a6.024 6.024 0 0 0-8.45.767L48 56.625l-25.396-30.47a5.999 5.999 0 1 0-9.211 7.689l30.001 36.001a5.997 5.997 0 0 0 9.212 0l30.001-36.002a6.008 6.008 0 0 0-.761-8.455Z\"\/>\n<\/svg>                <\/div>\n                <div class=\"about-cards__arrows-button about-cards__arrows-right\">\n                    <svg width=\"12px\" height=\"12px\" class=\"about-cards__arrows-icon\" transform=\"rotate(-90)\" fill=\"currentColor\" viewBox=\"0 0 96 96\" xmlns=\"http:\/\/www.w3.org\/2000\/svg\">\n  <path d=\"M81.846 25.388a6.024 6.024 0 0 0-8.45.767L48 56.625l-25.396-30.47a5.999 5.999 0 1 0-9.211 7.689l30.001 36.001a5.997 5.997 0 0 0 9.212 0l30.001-36.002a6.008 6.008 0 0 0-.761-8.455Z\"\/>\n<\/svg>                <\/div>\n            <\/div>\n        <\/div>\n    <\/div>\n<\/div>\n\n\n<div class=\"wp-block-wanicki-image-with-text image-with-text  image-with-text--reversed \">\n\n    <div class=\"image-with-text__image\">\n                    <div class=\"image-with-text__image-photo\"\n                 style=\"background-image: url(https:\/\/wanicki.pl\/piaggio\/wp-content\/uploads\/sites\/10\/2024\/06\/DJI_0197-2-1.jpg)\"><\/div>\n            <\/div>\n\n    <div class=\"image-with-text__info  image-with-text__info--reversed  \">\n                    <div class=\"image-with-text__info-title-wrapper\">\n                <h2 class=\"image-with-text__info-title image-with-text__info-title--big\">O NAS<\/h2>\n                                    <\/div>\n                            <div class=\"image-with-text__info-text\">\n                <p><strong>Od 2016 roku pe\u0142nimy rol\u0119 wy\u0142\u0105cznego autoryzowanego importera i dealera pojazd\u00f3w u\u017cytkowych PIAGGIO w Polsce.<\/strong><\/p>\n<p>Je\u015bli poszukujesz pojazd\u00f3w, kt\u00f3re cechuj\u0105 si\u0119 niezawodno\u015bci\u0105 i wszechstronno\u015bci\u0105 w ka\u017cdej sytuacji, jeste\u015b we w\u0142a\u015bciwym miejscu.<\/p>\n<p>Oferujemy r\u00f3wnie\u017c sprzeda\u017c i serwis marek takich jak <strong>DAF, Irizar, Tatra, John Deere, Kramer, SIP, Monosem, Yanmar, Isuzu<\/strong> i wielu innych.<\/p>\n<p>Odwied\u017a jeden z naszych oddzia\u0142\u00f3w i przekonaj si\u0119 co mo\u017cemy Ci zaoferowa\u0107!<\/p>\n\n            <\/div>\n                        \n    <\/div>\n\n<\/div>\n\n\n<div class=\"wp-block-wanicki-image-with-text image-with-text \">\n\n    <div class=\"image-with-text__image\">\n                    <div class=\"image-with-text__image-photo\"\n                 style=\"background-image: url(https:\/\/wanicki.pl\/piaggio\/wp-content\/uploads\/sites\/10\/2024\/06\/Z624240-1-e1719229409378.jpg)\"><\/div>\n            <\/div>\n\n    <div class=\"image-with-text__info  \">\n                    <div class=\"image-with-text__info-title-wrapper\">\n                <h2 class=\"image-with-text__info-title image-with-text__info-title--big\">ZOSTA\u0143 CZ\u0118\u015aCI\u0104 NASZEGO ZESPO\u0141U!<\/h2>\n                                    <\/div>\n                            <div class=\"image-with-text__info-text\">\n                <p style=\"text-align: left\"><span style=\"font-weight: 400\">Do\u0142\u0105czaj\u0105c do naszego zespo\u0142u, zyskujesz nie tylko prac\u0119, ale i mo\u017cliwo\u015b\u0107 rozwoju osobistego i zawodowego w inspiruj\u0105cym \u015brodowisku. Wierzymy, \u017ce praca powinna by\u0107 pasjonuj\u0105ca, dlatego staramy si\u0119, aby ka\u017cdy dzie\u0144 w naszej firmie by\u0142 dla Ciebie ciekawym wyzwaniem.<\/span><\/p>\n<p style=\"text-align: left\"><strong>Je\u015bli jeste\u015b osob\u0105 pe\u0142n\u0105 energii, chcesz si\u0119 rozwija\u0107 i szukasz miejsca, gdzie Twoja praca b\u0119dzie doceniana, nie zwlekaj \u2013 aplikuj ju\u017c dzi\u015b!<\/strong><\/p>\n\n            <\/div>\n                            <a href=\"https:\/\/wanicki.pl\/oferty-pracy\/\" class=\"btn btn--primary image-with-text__button  btn--custom \"\n                style=\"--custom-color: #007ab8\" >Sprawd\u017a aktualne oferty pracy<\/a>\n                \n    <\/div>\n\n<\/div>\n\n\n<div class=\"wp-block-wanicki-promotion-heading promotion-heading\">\n    <div class=\"promotion-heading__image\"\n          style=\"background-image: url(https:\/\/wanicki.pl\/piaggio\/wp-content\/uploads\/sites\/10\/2024\/06\/MG_7635-1-1.jpg)\" ><\/div>\n    <div class=\"container promotion-heading__container\">\n                    <div class=\"promotion-heading__title\"><h3><strong>BEZ PRAWA JAZDY!<\/strong><\/h3>\n<\/div>\n                            <div class=\"promotion-heading__subtitle\"><p>Ape 50 nale\u017cy do kategorii motorower\u00f3w i mo\u017ce by\u0107 prowadzony bez prawa jazdy.<\/p>\n<\/div>\n                    <\/div>\n<\/div>\n","protected":false},"excerpt":{"rendered":"","protected":false},"author":1,"featured_media":1839,"parent":0,"menu_order":0,"comment_status":"closed","ping_status":"closed","template":"","meta":{"_acf_changed":false,"_seopress_robots_primary_cat":"","_seopress_titles_title":"Piaggio - Wanicki","_seopress_titles_desc":"Wanicki - dealer Piaggio \u2705 Sprzeda\u017c pojazd\u00f3w Piaggio \u2705 Serwis \u2705 Cz\u0119\u015bci \u2705 Finansowanie \u2705 Zobacz wi\u0119cej!","_seopress_robots_index":"","inline_featured_image":false,"footnotes":""},"class_list":["post-1802","page","type-page","status-publish","has-post-thumbnail","hentry"],"acf":[],"_links":{"self":[{"href":"https:\/\/wanicki.pl\/piaggio\/wp-json\/wp\/v2\/pages\/1802","targetHints":{"allow":["GET"]}}],"collection":[{"href":"https:\/\/wanicki.pl\/piaggio\/wp-json\/wp\/v2\/pages"}],"about":[{"href":"https:\/\/wanicki.pl\/piaggio\/wp-json\/wp\/v2\/types\/page"}],"author":[{"embeddable":true,"href":"https:\/\/wanicki.pl\/piaggio\/wp-json\/wp\/v2\/users\/1"}],"replies":[{"embeddable":true,"href":"https:\/\/wanicki.pl\/piaggio\/wp-json\/wp\/v2\/comments?post=1802"}],"version-history":[{"count":54,"href":"https:\/\/wanicki.pl\/piaggio\/wp-json\/wp\/v2\/pages\/1802\/revisions"}],"predecessor-version":[{"id":2056,"href":"https:\/\/wanicki.pl\/piaggio\/wp-json\/wp\/v2\/pages\/1802\/revisions\/2056"}],"wp:featuredmedia":[{"embeddable":true,"href":"https:\/\/wanicki.pl\/piaggio\/wp-json\/wp\/v2\/media\/1839"}],"wp:attachment":[{"href":"https:\/\/wanicki.pl\/piaggio\/wp-json\/wp\/v2\/media?parent=1802"}],"curies":[{"name":"wp","href":"https:\/\/api.w.org\/{rel}","templated":true}]}}