{"id":1875,"date":"2024-06-24T13:44:09","date_gmt":"2024-06-24T11:44:09","guid":{"rendered":"https:\/\/wanicki.pl\/piaggio\/?page_id=1875"},"modified":"2024-09-13T11:02:07","modified_gmt":"2024-09-13T09:02:07","slug":"serwis","status":"publish","type":"page","link":"https:\/\/wanicki.pl\/piaggio\/serwis\/","title":{"rendered":"Serwis"},"content":{"rendered":"<div class=\"wp-block-wanicki-page-hero-header page-hero-header\">\n    <div class=\"page-hero-header__image page-hero-header__image--desktop\"\n          style=\"background-image: url(https:\/\/wanicki.pl\/piaggio\/wp-content\/uploads\/sites\/10\/2024\/06\/3-1.jpg)\" ><\/div>\n    <div class=\"page-hero-header__image page-hero-header__image--mobile\"\n          style=\"background-image: url(https:\/\/wanicki.pl\/piaggio\/wp-content\/uploads\/sites\/10\/2024\/06\/3-1.jpg)\"\n            >\n    <\/div>\n    <div class=\"page-hero-header__container container\">\n        <h1 class=\"page-hero-header__title\"><strong>SERWIS<\/strong><\/h1>\n                    <div class=\"page-hero-header__subtitle\"><p>Precyzja. Niezawodno\u015b\u0107. Doskona\u0142o\u015b\u0107.<\/p>\n<\/div>\n                    <\/div>\n<\/div>\n\n\n<div class=\"wp-block-wanicki-image-with-text image-with-text  image-with-text--reversed \">\n\n    <div class=\"image-with-text__image\">\n                    <div class=\"image-with-text__image-photo\"\n                 style=\"background-image: url(https:\/\/wanicki.pl\/piaggio\/wp-content\/uploads\/sites\/10\/2024\/06\/nowoczesny-sklad-mechanik-samochodowy-1-1-1.jpg)\"><\/div>\n            <\/div>\n\n    <div class=\"image-with-text__info  image-with-text__info--reversed   image-with-text__info--white \">\n                    <div class=\"image-with-text__info-title-wrapper\">\n                <h2 class=\"image-with-text__info-title image-with-text__info-title--big\">Niezawodno\u015b\u0107 gwarantowana<\/h2>\n                                    <\/div>\n                            <div class=\"image-with-text__info-text\">\n                <p><strong>Serwisujemy pojazdy tr\u00f3jko\u0142owe Piaggio (APE 50, APE TM, APE Classic, APE Calesino).<\/strong><\/p>\n<p>W naszym serwisie pracuj\u0105 specjali\u015bci, kt\u00f3rzy zapewni\u0105 profesjonaln\u0105 i kompleksow\u0105 obs\u0142ug\u0119 pojazd\u00f3w tr\u00f3jko\u0142owych Piaggio.<\/p>\n<p>Posiadamy doskonale przygotowane stanowiska obs\u0142ugi pojazd\u00f3w w zakresie napraw gwarancyjnych, pogwarancyjnych oraz blacharsko-lakierniczych. Do napraw u\u017cywamy wy\u0142\u0105cznie oryginalnych cz\u0119\u015bci producenta, kt\u00f3re gwarantuj\u0105 d\u0142ugotrwa\u0142\u0105 i bezawaryjn\u0105 eksploatacj\u0119.<\/p>\n\n            <\/div>\n                        \n    <\/div>\n\n<\/div>\n\n\n<div class=\"wp-block-wanicki-image-with-text image-with-text \">\n\n    <div class=\"image-with-text__image\">\n                    <div class=\"image-with-text__image-photo\"\n                 style=\"background-image: url(https:\/\/wanicki.pl\/piaggio\/wp-content\/uploads\/sites\/10\/2024\/06\/ape50styczen2183-2-1-1.jpg)\"><\/div>\n            <\/div>\n\n    <div class=\"image-with-text__info   image-with-text__info--white \">\n                    <div class=\"image-with-text__info-title-wrapper\">\n                <h2 class=\"image-with-text__info-title image-with-text__info-title--big\">kompleksowe us\u0142ugi<\/h2>\n                                    <\/div>\n                            <div class=\"image-with-text__info-text\">\n                <p><strong>Nowoczesne wyposa\u017cenie warsztatu pozwala nam \u015bwiadczy\u0107 us\u0142ugi na najwy\u017cszym poziomie.<\/strong><\/p>\n<p><span style=\"font-size: 12pt\">Zakres naszych us\u0142ug:<\/span><\/p>\n<ul>\n<li>przegl\u0105dy gwarancyjne i pogwarancyjne,<\/li>\n<li>naprawy blacharskie i lakiernicze,<\/li>\n<li>naprawy bie\u017c\u0105ce silnik\u00f3w i uk\u0142ad\u00f3w przeniesienia nap\u0119du,<\/li>\n<li>pe\u0142n\u0105 diagnostyk\u0119 silnik\u00f3w benzynowych<\/li>\n<li>naprawy zawiesze\u0144, diagnostyka,<br \/>\nnaprawy i diagnostyk\u0119 uk\u0142ad\u00f3w elektronicznych,<\/li>\n<li>stacja diagnostyczna z przegl\u0105dami rejestracyjnymi pojazd\u00f3w do 3,5t.<\/li>\n<\/ul>\n<p>Informujemy, \u017ce nasz serwis spe\u0142niaj\u0105c wymogi Centrum Samochod\u00f3w Dostawczych specjalizuje si\u0119 w naprawach samochod\u00f3w dostawczych.<\/p>\n<p>Posiadamy do tego rodzaju dzia\u0142alno\u015bci specjalistyczne narz\u0119dzia i podno\u015bniki umo\u017cliwiaj\u0105ce napraw\u0119 pojazd\u00f3w o DMC powy\u017cej 3,5 tony.<\/p>\n\n            <\/div>\n                        \n    <\/div>\n\n<\/div>\n\n\n<div class=\"wp-block-wanicki-cta-contact cta-contact\">\n    <div class=\"cta-contact__container\">\n        <div class=\"cta-contact__image\"\n              style=\"background-image: url(https:\/\/wanicki.pl\/piaggio\/wp-content\/uploads\/sites\/10\/2024\/06\/MG_7896-1-1-1.jpg)\"         ><\/div>\n        <div class=\"container cta-contact__content\">\n                            <h2 class=\"cta-contact__title\">SKONTAKTUJ SI\u0118 Z NAMI!<\/h2>\n                                                <div class=\"cta-contact__departments\">\n                                            <div class=\"cta-contact__department\">\n                                                                                        <h4 class=\"cta-contact__department-title\">\n                                    Rafa\u0142 Mliczek\n                                <\/h4>\n                                                                                        <div class=\"cta-contact__department-el\">\n                                    <svg class=\"cta-contact__department-phone\" class=\"feather feather-phone-call\" fill=\"none\" height=\"24\" stroke=\"currentColor\" stroke-linecap=\"round\" stroke-linejoin=\"round\" stroke-width=\"2\" viewBox=\"0 0 24 24\" width=\"24\" xmlns=\"http:\/\/www.w3.org\/2000\/svg\">\n  <path d=\"M15.05 5A5 5 0 0 1 19 8.95M15.05 1A9 9 0 0 1 23 8.94m-1 7.98v3a2 2 0 0 1-2.18 2 19.79 19.79 0 0 1-8.63-3.07 19.5 19.5 0 0 1-6-6 19.79 19.79 0 0 1-3.07-8.67A2 2 0 0 1 4.11 2h3a2 2 0 0 1 2 1.72 12.84 12.84 0 0 0 .7 2.81 2 2 0 0 1-.45 2.11L8.09 9.91a16 16 0 0 0 6 6l1.27-1.27a2 2 0 0 1 2.11-.45 12.84 12.84 0 0 0 2.81.7A2 2 0 0 1 22 16.92z\"\/>\n<\/svg>                                    <a href=\"tel:663 635 555\" class=\"cta-contact__department-link\">\n                                        663 635 555\n                                    <\/a>\n                                <\/div>\n                                                                                        <div class=\"cta-contact__department-el\">\n                                    <svg class=\"cta-contact__department-email\" fill=\"currentColor\" height=\"512\" viewBox=\"0 0 512 512\" width=\"512\" xmlns=\"http:\/\/www.w3.org\/2000\/svg\">\n  <path d=\"M256 64C150 64 64 150 64 256s86 192 192 192 192-86 192-192S362 64 256 64Z\" style=\"fill:none;stroke:#000;stroke-miterlimit:10;stroke-width:32px\"\/>\n  <path style=\"fill:none;stroke:#000;stroke-linecap:round;stroke-linejoin:round;stroke-width:32px\" d=\"M256 128v144h96\"\/>\n<\/svg>                                    <a href=\"mailto::rafal.mliczek@wanicki.pl\" class=\"cta-contact__department-link\">\n                                        rafal.mliczek@wanicki.pl\n                                    <\/a>\n                                <\/div>\n                                                    <\/div>\n                                    <\/div>\n                                <\/div>\n    <\/div>\n<\/div>\n\n\n<div class=\"wp-block-wanicki-job-form job-form__container\" id=\"\">\n    <div class=\"container job-form\">\n        <div class=\"job-form__info\">\n            <h2 class=\"job-form__info-title\">KONTAKT<\/h2>\n                    <p class=\"job-form__info-text\">\n                Masz pytania lub potrzebujesz pomocy? Wype\u0142nij formularz kontaktowy, a my odpowiemy na Twoje zapytanie najszybciej jak to mo\u017cliwe!\n            <\/p>\n        <\/div>\n        <div class=\"job-form__form\">\n            \n<div class=\"wpcf7 no-js\" id=\"wpcf7-f2005-o1\" lang=\"pl-PL\" dir=\"ltr\" data-wpcf7-id=\"2005\">\n<div class=\"screen-reader-response\"><p role=\"status\" aria-live=\"polite\" aria-atomic=\"true\"><\/p> <ul><\/ul><\/div>\n<form action=\"\/piaggio\/wp-json\/wp\/v2\/pages\/1875#wpcf7-f2005-o1\" method=\"post\" class=\"wpcf7-form init\" aria-label=\"Formularz kontaktowy\" novalidate=\"novalidate\" data-status=\"init\">\n<fieldset class=\"hidden-fields-container\"><input type=\"hidden\" name=\"_wpcf7\" value=\"2005\" \/><input type=\"hidden\" name=\"_wpcf7_version\" value=\"6.1.5\" \/><input type=\"hidden\" name=\"_wpcf7_locale\" value=\"pl_PL\" \/><input type=\"hidden\" name=\"_wpcf7_unit_tag\" value=\"wpcf7-f2005-o1\" \/><input type=\"hidden\" name=\"_wpcf7_container_post\" value=\"0\" \/><input type=\"hidden\" name=\"_wpcf7_posted_data_hash\" value=\"\" \/><input type=\"hidden\" name=\"_wpcf7_recaptcha_response\" value=\"\" \/>\n<\/fieldset>\n<div class=\"form-columns\">\n\t<p><label><span class=\"form-label\">Imi\u0119*<\/span><span class=\"wpcf7-form-control-wrap\" data-name=\"your-name\"><input size=\"40\" maxlength=\"400\" class=\"wpcf7-form-control wpcf7-text wpcf7-validates-as-required\" aria-required=\"true\" aria-invalid=\"false\" value=\"\" type=\"text\" name=\"your-name\" \/><\/span><\/label><br \/>\n<label><span class=\"form-label\">Nazwisko*<\/span><span class=\"wpcf7-form-control-wrap\" data-name=\"your-surname\"><input size=\"40\" maxlength=\"400\" class=\"wpcf7-form-control wpcf7-text wpcf7-validates-as-required\" aria-required=\"true\" aria-invalid=\"false\" value=\"\" type=\"text\" name=\"your-surname\" \/><\/span><\/label>\n\t<\/p>\n<\/div>\n<div class=\"form-columns\">\n\t<p><label><span class=\"form-label\">Email*<\/span><span class=\"wpcf7-form-control-wrap\" data-name=\"your-email\"><input size=\"40\" maxlength=\"400\" class=\"wpcf7-form-control wpcf7-email wpcf7-validates-as-required wpcf7-text wpcf7-validates-as-email\" aria-required=\"true\" aria-invalid=\"false\" value=\"\" type=\"email\" name=\"your-email\" \/><\/span><\/label><br \/>\n<label><span class=\"form-label\">Numer telefonu*<\/span><span class=\"wpcf7-form-control-wrap\" data-name=\"your-phone\"><input size=\"40\" maxlength=\"400\" class=\"wpcf7-form-control wpcf7-tel wpcf7-validates-as-required wpcf7-text wpcf7-validates-as-tel\" aria-required=\"true\" aria-invalid=\"false\" value=\"\" type=\"tel\" name=\"your-phone\" \/><\/span><\/label>\n\t<\/p>\n<\/div>\n<p><label><span class=\"form-label\">Kod pocztowy*<\/span><span class=\"wpcf7-form-control-wrap\" data-name=\"your-postcode\"><input size=\"40\" maxlength=\"400\" class=\"wpcf7-form-control wpcf7-text wpcf7-validates-as-required\" aria-required=\"true\" aria-invalid=\"false\" value=\"\" type=\"text\" name=\"your-postcode\" \/><\/span><\/label>\n<\/p>\n<div class=\"checkbox-input\" style=\"font-size: 0.75em\">\n\t<p><span class=\"wpcf7-form-control-wrap\" data-name=\"your-acceptance\"><span class=\"wpcf7-form-control wpcf7-acceptance\"><span class=\"wpcf7-list-item\"><input type=\"checkbox\" name=\"your-acceptance\" value=\"1\" aria-invalid=\"false\" \/><\/span><\/span><\/span>\n\t<\/p>\n\t<div>\n\t\t<p>*O\u015bwiadczam, \u017ce zapozna\u0142em si\u0119 z <a href='\/polityka-prywatnosci\/' target=\"_blank\">Polityk\u0105 prywatno\u015bci oraz Regulaminem \u015bwiadczenia us\u0142ug drog\u0105 elektroniczn\u0105<\/a> i akceptuj\u0119 ich tre\u015b\u0107.\n\t\t<\/p>\n\t<\/div>\n<\/div>\n<div class=\"checkbox-input\" style=\"font-size: 0.75em\">\n\t<p><span class=\"wpcf7-form-control-wrap\" data-name=\"your-acceptance-info\"><span class=\"wpcf7-form-control wpcf7-acceptance optional\"><span class=\"wpcf7-list-item\"><input type=\"checkbox\" name=\"your-acceptance-info\" value=\"1\" aria-invalid=\"false\" \/><\/span><\/span><\/span>\n\t<\/p>\n\t<div>\n\t\t<p>Wyra\u017cam zgod\u0119 na przesy\u0142anie informacji handlowej skierowanej za pomoc\u0105 \u015brodk\u00f3w komunikacji elektronicznej oraz na u\u017cywanie telekomunikacyjnych urz\u0105dze\u0144 ko\u0144cowych i automatycznych system\u00f3w wywo\u0142uj\u0105cych dla cel\u00f3w marketingu bezpo\u015bredniego przez Grup\u0119 Wanicki*\n\t\t<\/p>\n\t<\/div>\n<\/div>\n<div style=\"font-size: 0.75em\">\n\t<p>Zgoda obejmuje kontakt za po\u015brednictwem:\n\t<\/p>\n<\/div>\n<div class=\"checkbox-input\" style=\"font-size: 0.75em\">\n\t<p><span class=\"wpcf7-form-control-wrap\" data-name=\"your-acceptance-email\"><span class=\"wpcf7-form-control wpcf7-acceptance optional\"><span class=\"wpcf7-list-item\"><input type=\"checkbox\" name=\"your-acceptance-email\" value=\"1\" aria-invalid=\"false\" \/><\/span><\/span><\/span>\n\t<\/p>\n\t<div>\n\t\t<p>E-mail\n\t\t<\/p>\n\t<\/div>\n<\/div>\n<div class=\"checkbox-input\" style=\"font-size: 0.75em\">\n\t<p><span class=\"wpcf7-form-control-wrap\" data-name=\"your-acceptance-sms\"><span class=\"wpcf7-form-control wpcf7-acceptance optional\"><span class=\"wpcf7-list-item\"><input type=\"checkbox\" name=\"your-acceptance-sms\" value=\"1\" aria-invalid=\"false\" \/><\/span><\/span><\/span>\n\t<\/p>\n\t<div>\n\t\t<p>SMS\n\t\t<\/p>\n\t<\/div>\n<\/div>\n<div class=\"checkbox-input\" style=\"font-size: 0.75em\">\n\t<p><span class=\"wpcf7-form-control-wrap\" data-name=\"your-acceptance-tel\"><span class=\"wpcf7-form-control wpcf7-acceptance optional\"><span class=\"wpcf7-list-item\"><input type=\"checkbox\" name=\"your-acceptance-tel\" value=\"1\" aria-invalid=\"false\" \/><\/span><\/span><\/span>\n\t<\/p>\n\t<div>\n\t\t<p>Kontakt telefoniczny\n\t\t<\/p>\n\t<\/div>\n<\/div>\n<div style=\"font-size: 0.75em\">\n\t<p>*przez Grup\u0119 Wanicki rozumie si\u0119 nast\u0119puj\u0105ce sp\u00f3\u0142ki: Firma Wanicki sp. z o.o. z siedzib\u0105 w Mogilanach, ul. My\u015blenicka 19, 32-031 Mogilany, KRS: 0000214618; Wanicki Serwis sp. z o.o. z siedzib\u0105 w Mogilanach, ul. My\u015blenicka 19, 32.-031 Mogilany, KRS: 0000225703, MW Wanicki sp. z o.o. z siedzib\u0105 w Mogilanach, ul. My\u015blenicka 19, 32.-031 Mogilany, KRS: 0000290954; BW Wanicki sp. z o.o. z siedzib\u0105 w Mogilanach, ul. My\u015blenicka 19, 32.-031 Mogilany, KRS: 0000277732; SW Wanicki sp. z o.o. z siedzib\u0105 w Mogilanach, ul. My\u015blenicka 19, 32.-031 Mogilany, KRS: 0000318232; Nedpol Truck Service sp. z o.o. z siedzib\u0105 w Romanowie, Roman\u00f3w 10b, 42-260 Roman\u00f3w, KRS: 0000062292; WW Wanicki sp. z o.o. z siedzib\u0105 w Trzcianie, Trzciana 162, 36-071 Trzciana, KRS: 0000214811; PT Wanicki sp. z o.o. z siedzib\u0105 w Mogilanach, ul. My\u015blenicka 19, 32.-031 Mogilany, KRS: 0001069064; Wanicki Rental sp. z o.o. z siedzib\u0105 w Mogilanach, ul. My\u015blenicka 19, 32.-031 Mogilany, KRS: 0000997992.\n\t<\/p>\n<\/div>\n<p><input class=\"wpcf7-form-control wpcf7-submit has-spinner\" type=\"submit\" value=\"Prosz\u0119 o kontakt\" \/>\n<\/p><div class=\"wpcf7-response-output\" aria-hidden=\"true\"><\/div>\n<\/form>\n<\/div>\n        <\/div>\n    <\/div>\n<\/div>\n","protected":false},"excerpt":{"rendered":"","protected":false},"author":1,"featured_media":0,"parent":0,"menu_order":0,"comment_status":"closed","ping_status":"closed","template":"","meta":{"_acf_changed":false,"_seopress_robots_primary_cat":"","_seopress_titles_title":"Serwis - Piaggio - Wanicki","_seopress_titles_desc":"Wanicki - dealer Piaggio \u2705 Serwis Piaggio \u2705 Naprawy gwarancyjne i pogwarancyjne \u2705 Stacja diagnostyczna \u2705 Dowiedz si\u0119 wi\u0119cej","_seopress_robots_index":"","inline_featured_image":false,"footnotes":""},"class_list":["post-1875","page","type-page","status-publish","hentry"],"acf":[],"_links":{"self":[{"href":"https:\/\/wanicki.pl\/piaggio\/wp-json\/wp\/v2\/pages\/1875","targetHints":{"allow":["GET"]}}],"collection":[{"href":"https:\/\/wanicki.pl\/piaggio\/wp-json\/wp\/v2\/pages"}],"about":[{"href":"https:\/\/wanicki.pl\/piaggio\/wp-json\/wp\/v2\/types\/page"}],"author":[{"embeddable":true,"href":"https:\/\/wanicki.pl\/piaggio\/wp-json\/wp\/v2\/users\/1"}],"replies":[{"embeddable":true,"href":"https:\/\/wanicki.pl\/piaggio\/wp-json\/wp\/v2\/comments?post=1875"}],"version-history":[{"count":21,"href":"https:\/\/wanicki.pl\/piaggio\/wp-json\/wp\/v2\/pages\/1875\/revisions"}],"predecessor-version":[{"id":2054,"href":"https:\/\/wanicki.pl\/piaggio\/wp-json\/wp\/v2\/pages\/1875\/revisions\/2054"}],"wp:attachment":[{"href":"https:\/\/wanicki.pl\/piaggio\/wp-json\/wp\/v2\/media?parent=1875"}],"curies":[{"name":"wp","href":"https:\/\/api.w.org\/{rel}","templated":true}]}}