{"id":1904,"date":"2024-06-24T13:57:50","date_gmt":"2024-06-24T11:57:50","guid":{"rendered":"https:\/\/wanicki.pl\/piaggio\/?page_id=1904"},"modified":"2024-09-13T10:56:44","modified_gmt":"2024-09-13T08:56:44","slug":"czesci-i-akcesoria","status":"publish","type":"page","link":"https:\/\/wanicki.pl\/piaggio\/czesci-i-akcesoria\/","title":{"rendered":"Cz\u0119\u015bci i akcesoria"},"content":{"rendered":"<div class=\"wp-block-wanicki-page-hero-header page-hero-header\">\n    <div class=\"page-hero-header__image page-hero-header__image--desktop\"\n          style=\"background-image: url(https:\/\/wanicki.pl\/piaggio\/wp-content\/uploads\/sites\/10\/2024\/06\/6-1-1.jpg)\" ><\/div>\n    <div class=\"page-hero-header__image page-hero-header__image--mobile\"\n          style=\"background-image: url(https:\/\/wanicki.pl\/piaggio\/wp-content\/uploads\/sites\/10\/2024\/06\/6-1-1.jpg)\"\n            >\n    <\/div>\n    <div class=\"page-hero-header__container container\">\n        <h1 class=\"page-hero-header__title\">CZE\u015aCI I AKCESORIA <br><strong>DO POJAZD\u00d3W PIAGGIO<\/strong><\/h1>\n                    <div class=\"page-hero-header__subtitle\"><p>Zapraszamy do naszego sklepu z oryginalnymi cz\u0119\u015bciami zamiennymi, znajduj\u0105cego si\u0119 w siedzibie naszej firmy w Mogilanach. Oferujemy szeroki asortyment cz\u0119\u015bci zamiennych oraz akcesori\u00f3w do pojazd\u00f3w marki Piaggio. Nasz sklep gwarantuje szybk\u0105 i profesjonaln\u0105 obs\u0142ug\u0119 oraz dogodne godziny otwarcia.<\/p>\n<\/div>\n                    <\/div>\n<\/div>\n\n\n<div class=\"wp-block-wanicki-image-with-text image-with-text  image-with-text--reversed \">\n\n    <div class=\"image-with-text__image\">\n                    <div class=\"image-with-text__image-photo\"\n                 style=\"background-image: url(https:\/\/wanicki.pl\/piaggio\/wp-content\/uploads\/sites\/10\/2024\/06\/Z623864-1-1.jpg)\"><\/div>\n            <\/div>\n\n    <div class=\"image-with-text__info  image-with-text__info--reversed   image-with-text__info--white \">\n                    <div class=\"image-with-text__info-title-wrapper\">\n                <h2 class=\"image-with-text__info-title image-with-text__info-title--big\">SZEREG KORZY\u015aCI <\/h2>\n                                    <\/div>\n                            <div class=\"image-with-text__info-text\">\n                <ul>\n<li><strong>Dobrze Zaopatrzony Magazyn:<\/strong> Nasz magazyn jest dobrze zaopatrzony. Dzi\u0119ki sta\u0142emu po\u0142\u0105czeniu z centralnym magazynem Piaggio, mo\u017cemy szybko realizowa\u0107 zam\u00f3wienia, zapewniaj\u0105c dost\u0119pno\u015b\u0107 potrzebnych cz\u0119\u015bci.<\/li>\n<li><strong>Atrakcyjne Rabaty:<\/strong> Dla klient\u00f3w z bran\u017cy motoryzacyjnej, takich jak sklepy, warsztaty mechaniczne oraz warsztaty naprawcze blacharsko-lakiernicze, oferujemy atrakcyjne rabaty oraz dogodne warunki p\u0142atno\u015bci.<\/li>\n<li><strong>Sprzeda\u017c Wysy\u0142kowa:<\/strong> Oferujemy r\u00f3wnie\u017c sprzeda\u017c wysy\u0142kow\u0105, co umo\u017cliwia wygodne zakupy bez konieczno\u015bci odwiedzania naszego sklepu osobi\u015bcie.<\/li>\n<\/ul>\n\n            <\/div>\n                        \n    <\/div>\n\n<\/div>\n\n\n<div class=\"wp-block-wanicki-cta-banner cta-banner\">\n    <div class=\"container\">\n        <div class=\"cta-banner__container\">\n            <div class=\"cta-banner__image\"\n                  style=\"background-image: url(https:\/\/wanicki.pl\/piaggio\/wp-content\/uploads\/sites\/10\/2024\/06\/Z623868-1-1.jpg)\"             ><\/div>\n            <h2 class=\"cta-banner__title\">Zapewniamy, \u017ce zakupy u nas to gwarancja satysfakcji. Odwied\u017a nas i przekonaj si\u0119 sam!<\/h2>\n                            <\/div>\n    <\/div>\n<\/div>\n\n\n<div class=\"wp-block-wanicki-job-form job-form__container\" id=\"\">\n    <div class=\"container job-form\">\n        <div class=\"job-form__info\">\n            <h2 class=\"job-form__info-title\">KONTAKT<\/h2>\n                    <p class=\"job-form__info-text\">\n                Masz pytania lub potrzebujesz pomocy? Wype\u0142nij formularz kontaktowy, a my odpowiemy na Twoje zapytanie najszybciej jak to mo\u017cliwe!\n            <\/p>\n        <\/div>\n        <div class=\"job-form__form\">\n            \n<div class=\"wpcf7 no-js\" id=\"wpcf7-f1913-o1\" lang=\"pl-PL\" dir=\"ltr\" data-wpcf7-id=\"1913\">\n<div class=\"screen-reader-response\"><p role=\"status\" aria-live=\"polite\" aria-atomic=\"true\"><\/p> <ul><\/ul><\/div>\n<form action=\"\/piaggio\/wp-json\/wp\/v2\/pages\/1904#wpcf7-f1913-o1\" method=\"post\" class=\"wpcf7-form init\" aria-label=\"Formularz kontaktowy\" novalidate=\"novalidate\" data-status=\"init\">\n<fieldset class=\"hidden-fields-container\"><input type=\"hidden\" name=\"_wpcf7\" value=\"1913\" \/><input type=\"hidden\" name=\"_wpcf7_version\" value=\"6.1.5\" \/><input type=\"hidden\" name=\"_wpcf7_locale\" value=\"pl_PL\" \/><input type=\"hidden\" name=\"_wpcf7_unit_tag\" value=\"wpcf7-f1913-o1\" \/><input type=\"hidden\" name=\"_wpcf7_container_post\" value=\"0\" \/><input type=\"hidden\" name=\"_wpcf7_posted_data_hash\" value=\"\" \/><input type=\"hidden\" name=\"_wpcf7_recaptcha_response\" value=\"\" \/>\n<\/fieldset>\n<div class=\"form-columns\">\n\t<p><label><span class=\"form-label\">Imi\u0119*<\/span><span class=\"wpcf7-form-control-wrap\" data-name=\"your-name\"><input size=\"40\" maxlength=\"400\" class=\"wpcf7-form-control wpcf7-text wpcf7-validates-as-required\" aria-required=\"true\" aria-invalid=\"false\" value=\"\" type=\"text\" name=\"your-name\" \/><\/span><\/label><br \/>\n<label><span class=\"form-label\">Nazwisko*<\/span><span class=\"wpcf7-form-control-wrap\" data-name=\"your-surname\"><input size=\"40\" maxlength=\"400\" class=\"wpcf7-form-control wpcf7-text wpcf7-validates-as-required\" aria-required=\"true\" aria-invalid=\"false\" value=\"\" type=\"text\" name=\"your-surname\" \/><\/span><\/label>\n\t<\/p>\n<\/div>\n<div class=\"form-columns\">\n\t<p><label><span class=\"form-label\">Email*<\/span><span class=\"wpcf7-form-control-wrap\" data-name=\"your-email\"><input size=\"40\" maxlength=\"400\" class=\"wpcf7-form-control wpcf7-email wpcf7-validates-as-required wpcf7-text wpcf7-validates-as-email\" aria-required=\"true\" aria-invalid=\"false\" value=\"\" type=\"email\" name=\"your-email\" \/><\/span><\/label><br \/>\n<label><span class=\"form-label\">Numer telefonu*<\/span><span class=\"wpcf7-form-control-wrap\" data-name=\"your-phone\"><input size=\"40\" maxlength=\"400\" class=\"wpcf7-form-control wpcf7-tel wpcf7-validates-as-required wpcf7-text wpcf7-validates-as-tel\" aria-required=\"true\" aria-invalid=\"false\" value=\"\" type=\"tel\" name=\"your-phone\" \/><\/span><\/label>\n\t<\/p>\n<\/div>\n<p><label><span class=\"form-label\">Kod pocztowy*<\/span><span class=\"wpcf7-form-control-wrap\" data-name=\"your-postcode\"><input size=\"40\" maxlength=\"400\" class=\"wpcf7-form-control wpcf7-text wpcf7-validates-as-required\" aria-required=\"true\" aria-invalid=\"false\" value=\"\" type=\"text\" name=\"your-postcode\" \/><\/span><\/label>\n<\/p>\n<div class=\"checkbox-input\" style=\"font-size: 0.75em\">\n\t<p><span class=\"wpcf7-form-control-wrap\" data-name=\"your-acceptance\"><span class=\"wpcf7-form-control wpcf7-acceptance\"><span class=\"wpcf7-list-item\"><input type=\"checkbox\" name=\"your-acceptance\" value=\"1\" aria-invalid=\"false\" \/><\/span><\/span><\/span>\n\t<\/p>\n\t<div>\n\t\t<p>*O\u015bwiadczam, \u017ce zapozna\u0142em si\u0119 z <a href='\/polityka-prywatnosci\/' target=\"_blank\">Polityk\u0105 prywatno\u015bci oraz Regulaminem \u015bwiadczenia us\u0142ug drog\u0105 elektroniczn\u0105<\/a> i akceptuj\u0119 ich tre\u015b\u0107.\n\t\t<\/p>\n\t<\/div>\n<\/div>\n<div class=\"checkbox-input\" style=\"font-size: 0.75em\">\n\t<p><span class=\"wpcf7-form-control-wrap\" data-name=\"your-acceptance-info\"><span class=\"wpcf7-form-control wpcf7-acceptance optional\"><span class=\"wpcf7-list-item\"><input type=\"checkbox\" name=\"your-acceptance-info\" value=\"1\" aria-invalid=\"false\" \/><\/span><\/span><\/span>\n\t<\/p>\n\t<div>\n\t\t<p>Wyra\u017cam zgod\u0119 na przesy\u0142anie informacji handlowej skierowanej za pomoc\u0105 \u015brodk\u00f3w komunikacji elektronicznej oraz na u\u017cywanie telekomunikacyjnych urz\u0105dze\u0144 ko\u0144cowych i automatycznych system\u00f3w wywo\u0142uj\u0105cych dla cel\u00f3w marketingu bezpo\u015bredniego przez Grup\u0119 Wanicki*\n\t\t<\/p>\n\t<\/div>\n<\/div>\n<div style=\"font-size: 0.75em\">\n\t<p>Zgoda obejmuje kontakt za po\u015brednictwem:\n\t<\/p>\n<\/div>\n<div class=\"checkbox-input\" style=\"font-size: 0.75em\">\n\t<p><span class=\"wpcf7-form-control-wrap\" data-name=\"your-acceptance-email\"><span class=\"wpcf7-form-control wpcf7-acceptance optional\"><span class=\"wpcf7-list-item\"><input type=\"checkbox\" name=\"your-acceptance-email\" value=\"1\" aria-invalid=\"false\" \/><\/span><\/span><\/span>\n\t<\/p>\n\t<div>\n\t\t<p>E-mail\n\t\t<\/p>\n\t<\/div>\n<\/div>\n<div class=\"checkbox-input\" style=\"font-size: 0.75em\">\n\t<p><span class=\"wpcf7-form-control-wrap\" data-name=\"your-acceptance-sms\"><span class=\"wpcf7-form-control wpcf7-acceptance optional\"><span class=\"wpcf7-list-item\"><input type=\"checkbox\" name=\"your-acceptance-sms\" value=\"1\" aria-invalid=\"false\" \/><\/span><\/span><\/span>\n\t<\/p>\n\t<div>\n\t\t<p>SMS\n\t\t<\/p>\n\t<\/div>\n<\/div>\n<div class=\"checkbox-input\" style=\"font-size: 0.75em\">\n\t<p><span class=\"wpcf7-form-control-wrap\" data-name=\"your-acceptance-tel\"><span class=\"wpcf7-form-control wpcf7-acceptance optional\"><span class=\"wpcf7-list-item\"><input type=\"checkbox\" name=\"your-acceptance-tel\" value=\"1\" aria-invalid=\"false\" \/><\/span><\/span><\/span>\n\t<\/p>\n\t<div>\n\t\t<p>Kontakt telefoniczny\n\t\t<\/p>\n\t<\/div>\n<\/div>\n<div style=\"font-size: 0.75em\">\n\t<p>*przez Grup\u0119 Wanicki rozumie si\u0119 nast\u0119puj\u0105ce sp\u00f3\u0142ki: Firma Wanicki sp. z o.o. z siedzib\u0105 w Mogilanach, ul. My\u015blenicka 19, 32-031 Mogilany, KRS: 0000214618; Wanicki Serwis sp. z o.o. z siedzib\u0105 w Mogilanach, ul. My\u015blenicka 19, 32.-031 Mogilany, KRS: 0000225703, MW Wanicki sp. z o.o. z siedzib\u0105 w Mogilanach, ul. My\u015blenicka 19, 32.-031 Mogilany, KRS: 0000290954; BW Wanicki sp. z o.o. z siedzib\u0105 w Mogilanach, ul. My\u015blenicka 19, 32.-031 Mogilany, KRS: 0000277732; SW Wanicki sp. z o.o. z siedzib\u0105 w Mogilanach, ul. My\u015blenicka 19, 32.-031 Mogilany, KRS: 0000318232; Nedpol Truck Service sp. z o.o. z siedzib\u0105 w Romanowie, Roman\u00f3w 10b, 42-260 Roman\u00f3w, KRS: 0000062292; WW Wanicki sp. z o.o. z siedzib\u0105 w Trzcianie, Trzciana 162, 36-071 Trzciana, KRS: 0000214811; PT Wanicki sp. z o.o. z siedzib\u0105 w Mogilanach, ul. My\u015blenicka 19, 32.-031 Mogilany, KRS: 0001069064; Wanicki Rental sp. z o.o. z siedzib\u0105 w Mogilanach, ul. My\u015blenicka 19, 32.-031 Mogilany, KRS: 0000997992.\n\t<\/p>\n<\/div>\n<p><input class=\"wpcf7-form-control wpcf7-submit has-spinner\" type=\"submit\" value=\"Prosz\u0119 o kontakt\" \/>\n<\/p><div class=\"wpcf7-response-output\" aria-hidden=\"true\"><\/div>\n<\/form>\n<\/div>\n        <\/div>\n    <\/div>\n<\/div>\n","protected":false},"excerpt":{"rendered":"","protected":false},"author":1,"featured_media":0,"parent":0,"menu_order":0,"comment_status":"closed","ping_status":"closed","template":"","meta":{"_acf_changed":false,"_seopress_robots_primary_cat":"","_seopress_titles_title":"Cz\u0119\u015bci i akcesoria- Piaggio - Wanicki","_seopress_titles_desc":"Wanicki - dealer Piaggio \u2705 Cz\u0119\u015bci do Piaggio \u2705 Sklepy stacjonarne \u2705Sprzeda\u017c wysy\u0142kowa \u2705 Sprawd\u017a ofert\u0119","_seopress_robots_index":"","inline_featured_image":false,"footnotes":""},"class_list":["post-1904","page","type-page","status-publish","hentry"],"acf":[],"_links":{"self":[{"href":"https:\/\/wanicki.pl\/piaggio\/wp-json\/wp\/v2\/pages\/1904","targetHints":{"allow":["GET"]}}],"collection":[{"href":"https:\/\/wanicki.pl\/piaggio\/wp-json\/wp\/v2\/pages"}],"about":[{"href":"https:\/\/wanicki.pl\/piaggio\/wp-json\/wp\/v2\/types\/page"}],"author":[{"embeddable":true,"href":"https:\/\/wanicki.pl\/piaggio\/wp-json\/wp\/v2\/users\/1"}],"replies":[{"embeddable":true,"href":"https:\/\/wanicki.pl\/piaggio\/wp-json\/wp\/v2\/comments?post=1904"}],"version-history":[{"count":9,"href":"https:\/\/wanicki.pl\/piaggio\/wp-json\/wp\/v2\/pages\/1904\/revisions"}],"predecessor-version":[{"id":2050,"href":"https:\/\/wanicki.pl\/piaggio\/wp-json\/wp\/v2\/pages\/1904\/revisions\/2050"}],"wp:attachment":[{"href":"https:\/\/wanicki.pl\/piaggio\/wp-json\/wp\/v2\/media?parent=1904"}],"curies":[{"name":"wp","href":"https:\/\/api.w.org\/{rel}","templated":true}]}}