{"id":1991,"date":"2024-06-26T08:25:21","date_gmt":"2024-06-26T06:25:21","guid":{"rendered":"https:\/\/wanicki.pl\/piaggio\/?page_id=1991"},"modified":"2025-01-15T12:24:15","modified_gmt":"2025-01-15T11:24:15","slug":"o-nas","status":"publish","type":"page","link":"https:\/\/wanicki.pl\/piaggio\/o-nas\/","title":{"rendered":"O nas"},"content":{"rendered":"<div class=\"wp-block-wanicki-page-hero-header page-hero-header\">\n    <div class=\"page-hero-header__image page-hero-header__image--desktop\"\n          style=\"background-image: url(https:\/\/wanicki.pl\/piaggio\/wp-content\/uploads\/sites\/10\/2024\/06\/400996233_720497746770388_6640171844120586567_n.jpg)\" ><\/div>\n    <div class=\"page-hero-header__image page-hero-header__image--mobile\"\n          style=\"background-image: url(https:\/\/wanicki.pl\/piaggio\/wp-content\/uploads\/sites\/10\/2024\/06\/400996233_720497746770388_6640171844120586567_n.jpg)\"\n            >\n    <\/div>\n    <div class=\"page-hero-header__container container\">\n        <h1 class=\"page-hero-header__title\"><strong>Styl i funkcjonalno\u015b\u0107 w jednym<\/strong> <\/h1>\n                    <\/div>\n<\/div>\n\n\n<div class=\"wp-block-wanicki-image-with-text image-with-text  image-with-text--reversed \">\n\n    <div class=\"image-with-text__image\">\n                    <div class=\"image-with-text__image-photo\"\n                 style=\"background-image: url(https:\/\/wanicki.pl\/piaggio\/wp-content\/uploads\/sites\/10\/2024\/06\/Z620600-scaled.jpg)\"><\/div>\n            <\/div>\n\n    <div class=\"image-with-text__info  image-with-text__info--reversed   image-with-text__info--white \">\n                    <div class=\"image-with-text__info-title-wrapper\">\n                <h2 class=\"image-with-text__info-title image-with-text__info-title--big\">Niezawodno\u015b\u0107 i do\u015bwiadczenie<\/h2>\n                                    <\/div>\n                            <div class=\"image-with-text__info-text\">\n                <p data-sourcepos=\"5:1-5:75\">Jeste\u015bmy firm\u0105 z wieloletni\u0105 tradycj\u0105 i bogatym do\u015bwiadczeniem. Od 1991 roku dostarczamy kompleksowe rozwi\u0105zania dla bran\u017cy transportowej oraz rolnictwa.<\/p>\n<p data-sourcepos=\"5:1-5:75\">\n<p data-sourcepos=\"5:1-5:75\">Posiadamy autoryzacj\u0119 renomowanych marek pojazd\u00f3w ci\u0119\u017carowych, przyczep, zabud\u00f3w i maszyn rolnicznych, m.in. DAF, Irizar, Tatra, Lamberet, Gessinknorba, ISUZU, Piaggio, Yanmar, John Deere, Kramer, Monosem, SIP i Samasz.<\/p>\n<p data-sourcepos=\"5:1-5:75\">\n<p data-sourcepos=\"5:1-5:75\"><strong>Co nas wyr\u00f3\u017cnia?<\/strong><\/p>\n<ul>\n<li data-sourcepos=\"5:1-5:75\"><strong>Do\u015bwiadczenie:<\/strong> Ponad 30 lat na rynku transportu i rolnictwa<\/li>\n<li data-sourcepos=\"5:1-5:75\"><strong>Szeroka oferta:\u00a0<\/strong>Pojazdy, maszyny, technologie i us\u0142ugi dla ka\u017cdego biznesu.<\/li>\n<li data-sourcepos=\"5:1-5:75\"><strong>Dost\u0119pno\u015b\u0107:\u00a0<\/strong>20 nowoczesnych obiekt\u00f3w w centralnej i po\u0142udniowej Polsce<\/li>\n<li data-sourcepos=\"5:1-5:75\"><strong>Nowoczesne technologie:<\/strong> Wyposa\u017cenie serwis\u00f3w na najwy\u017cszym poziomie.<\/li>\n<li data-sourcepos=\"5:1-5:75\"><strong>Kompleksowa obs\u0142uga:<\/strong> Sprzeda\u017c, serwis, finansowanie, ubezpieczenia, dotacje i doradztwo w jednym miejscu.<\/li>\n<li data-sourcepos=\"5:1-5:75\"><strong>Indywidualne podej\u015bcie:<\/strong> Dostosowujemy ofert\u0119 do Twoich specyficznych potrzeb.<\/li>\n<\/ul>\n\n            <\/div>\n                        \n    <\/div>\n\n<\/div>\n\n\n\n<div style=\"height:80px\" aria-hidden=\"true\" class=\"wp-block-spacer\"><\/div>\n\n\n\n<h2 class=\"wp-block-heading has-text-align-center\">Nasze oddzia\u0142y<\/h2>\n\n\n\n<figure class=\"wp-block-image aligncenter size-large\"><img loading=\"lazy\" decoding=\"async\" width=\"1024\" height=\"661\" src=\"https:\/\/wanicki.pl\/piaggio\/wp-content\/uploads\/sites\/10\/2025\/01\/mapa-gora-e1736940204412-1024x661.png\" alt=\"\" class=\"wp-image-2080\" srcset=\"https:\/\/wanicki.pl\/piaggio\/wp-content\/uploads\/sites\/10\/2025\/01\/mapa-gora-e1736940204412-1024x661.png 1024w, https:\/\/wanicki.pl\/piaggio\/wp-content\/uploads\/sites\/10\/2025\/01\/mapa-gora-e1736940204412-300x194.png 300w, https:\/\/wanicki.pl\/piaggio\/wp-content\/uploads\/sites\/10\/2025\/01\/mapa-gora-e1736940204412-768x496.png 768w, https:\/\/wanicki.pl\/piaggio\/wp-content\/uploads\/sites\/10\/2025\/01\/mapa-gora-e1736940204412.png 1080w\" sizes=\"auto, (max-width: 1024px) 100vw, 1024px\" \/><\/figure>\n\n\n\n<div style=\"height:100px\" aria-hidden=\"true\" class=\"wp-block-spacer\"><\/div>\n\n\n<div class=\"wp-block-wanicki-image-with-text image-with-text \">\n\n    <div class=\"image-with-text__image\">\n                    <div class=\"image-with-text__image-photo\"\n                 style=\"background-image: url(https:\/\/wanicki.pl\/piaggio\/wp-content\/uploads\/sites\/10\/2024\/06\/6-1-1.jpg)\"><\/div>\n            <\/div>\n\n    <div class=\"image-with-text__info   image-with-text__info--white \">\n                    <div class=\"image-with-text__info-title-wrapper\">\n                <h2 class=\"image-with-text__info-title image-with-text__info-title--big\">Gwarancja jako\u015bci, komfortu i bezpiecze\u0144stwa<\/h2>\n                                    <\/div>\n                            <div class=\"image-with-text__info-text\">\n                <p><strong>Jeste\u015bmy jedynym importerem i dealerem pojazd\u00f3w u\u017cytkowych Piaggio w Polsce<\/strong>.<\/p>\n<p>Zapewniamy:<\/p>\n<ul>\n<li data-sourcepos=\"15:1-15:62\"><strong>Oryginalne cz\u0119\u015bci zamienne<\/strong> do pojazd\u00f3w Piaggio.<\/li>\n<li data-sourcepos=\"16:1-16:82\"><strong>Profesjonalny serwis<\/strong>, w kt\u00f3rym do\u015bwiadczeni mechanicy zadbaj\u0105 o Tw\u00f3j pojazd.<\/li>\n<li data-sourcepos=\"17:1-17:66\"><strong>Mo\u017cliwo\u015b\u0107 finansowania<\/strong> zakupu pojazdu w atrakcyjnych ratach.<\/li>\n<li data-sourcepos=\"18:1-19:0\"><strong>Doradztwo<\/strong> w zakresie wyboru odpowiedniego modelu Piaggio do Twoich potrzeb.<\/li>\n<\/ul>\n\n            <\/div>\n                        \n    <\/div>\n\n<\/div>\n\n\n<div class=\"wp-block-wanicki-image-with-text image-with-text  image-with-text--reversed \">\n\n    <div class=\"image-with-text__image\">\n                    <div class=\"image-with-text__image-photo\"\n                 style=\"background-image: url(https:\/\/wanicki.pl\/piaggio\/wp-content\/uploads\/sites\/10\/2024\/06\/MG_7585-scaled-e1719314354405.jpg)\"><\/div>\n            <\/div>\n\n    <div class=\"image-with-text__info  image-with-text__info--reversed   image-with-text__info--white \">\n                    <div class=\"image-with-text__info-title-wrapper\">\n                <h2 class=\"image-with-text__info-title image-with-text__info-title--big\">Piaggio &#8211; Synonim w\u0142oskiej jako\u015bci i innowacji<\/h2>\n                                    <\/div>\n                            <div class=\"image-with-text__info-text\">\n                <p data-sourcepos=\"15:1-15:19\"><strong>Piaggio<\/strong> to ikona w\u0142oskiego designu i innowacji. Od ponad 75 lat firma tworzy niezawodne i funkcjonalne pojazdy, kt\u00f3re ciesz\u0105 si\u0119 uznaniem na ca\u0142ym \u015bwiecie. Skutery i samochody dostawcze Piaggio s\u0105 idealne do poruszania si\u0119 po mie\u015bcie, zapewniaj\u0105c komfort, zwrotno\u015b\u0107 i niskie koszty eksploatacji.<\/p>\n<p data-sourcepos=\"15:1-15:19\">\u00a0Piaggio jest synonimem:<\/p>\n<ul data-sourcepos=\"17:1-21:0\">\n<li data-sourcepos=\"17:1-17:118\"><strong>Innowacji:<\/strong> Piaggio stale wprowadza na rynek nowe technologie i rozwi\u0105zania, kt\u00f3re u\u0142atwiaj\u0105 i usprawniaj\u0105 prac\u0119.<\/li>\n<li data-sourcepos=\"18:1-18:91\"><strong>Niezawodno\u015bci:<\/strong> Pojazdy Piaggio s\u0105 znane ze swojej niezawodno\u015bci i d\u0142ugiej \u017cywotno\u015bci.<\/li>\n<li data-sourcepos=\"19:1-19:118\"><strong>Funkcjonalno\u015bci:<\/strong> Pojazdy s\u0105 dostosowane do r\u00f3\u017cnych potrzeb biznesowych i oferuj\u0105 szeroki zakres funkcji.<\/li>\n<li data-sourcepos=\"20:1-21:0\"><strong>Stylu:<\/strong>\u00a0wyr\u00f3\u017cniaj\u0105 si\u0119 eleganckim i nowoczesnym designem.<\/li>\n<\/ul>\n\n            <\/div>\n                        \n    <\/div>\n\n<\/div>\n","protected":false},"excerpt":{"rendered":"<p>Nasze oddzia\u0142y<\/p>\n","protected":false},"author":2,"featured_media":0,"parent":0,"menu_order":0,"comment_status":"closed","ping_status":"closed","template":"","meta":{"_acf_changed":false,"_seopress_robots_primary_cat":"","_seopress_titles_title":"O nas - Piaggio - Wanicki","_seopress_titles_desc":"Wanicki - dealer Piaggio \u2705 30 lat do\u015bwiadczenia w bran\u017cy \u2705 Kompleksowa obs\u0142uga i sprawdzone rozwi\u0105zania \u2705 Dowiedz si\u0119 wi\u0119cej","_seopress_robots_index":"","inline_featured_image":false,"footnotes":""},"class_list":["post-1991","page","type-page","status-publish","hentry"],"acf":[],"_links":{"self":[{"href":"https:\/\/wanicki.pl\/piaggio\/wp-json\/wp\/v2\/pages\/1991","targetHints":{"allow":["GET"]}}],"collection":[{"href":"https:\/\/wanicki.pl\/piaggio\/wp-json\/wp\/v2\/pages"}],"about":[{"href":"https:\/\/wanicki.pl\/piaggio\/wp-json\/wp\/v2\/types\/page"}],"author":[{"embeddable":true,"href":"https:\/\/wanicki.pl\/piaggio\/wp-json\/wp\/v2\/users\/2"}],"replies":[{"embeddable":true,"href":"https:\/\/wanicki.pl\/piaggio\/wp-json\/wp\/v2\/comments?post=1991"}],"version-history":[{"count":19,"href":"https:\/\/wanicki.pl\/piaggio\/wp-json\/wp\/v2\/pages\/1991\/revisions"}],"predecessor-version":[{"id":2088,"href":"https:\/\/wanicki.pl\/piaggio\/wp-json\/wp\/v2\/pages\/1991\/revisions\/2088"}],"wp:attachment":[{"href":"https:\/\/wanicki.pl\/piaggio\/wp-json\/wp\/v2\/media?parent=1991"}],"curies":[{"name":"wp","href":"https:\/\/api.w.org\/{rel}","templated":true}]}}