{"id":16,"date":"2024-04-26T06:59:14","date_gmt":"2024-04-26T04:59:14","guid":{"rendered":"https:\/\/wanicki.pl\/sip\/o-nas\/"},"modified":"2026-04-24T13:23:43","modified_gmt":"2026-04-24T11:23:43","slug":"o-nas","status":"publish","type":"page","link":"https:\/\/wanicki.pl\/sip\/o-nas\/","title":{"rendered":"O nas"},"content":{"rendered":"<div class=\"wp-block-wanicki-page-hero-header page-hero-header\">\n    <div class=\"page-hero-header__image page-hero-header__image--desktop\"\n          style=\"background-image: url(https:\/\/wanicki.pl\/sip\/wp-content\/uploads\/sites\/9\/2024\/05\/P1059936-1-1.jpg)\" ><\/div>\n    <div class=\"page-hero-header__image page-hero-header__image--mobile\"\n          style=\"background-image: url(https:\/\/wanicki.pl\/sip\/wp-content\/uploads\/sites\/9\/2024\/05\/P1059936-1-1.jpg)\"\n            >\n    <\/div>\n    <div class=\"page-hero-header__container container\">\n        <h1 class=\"page-hero-header__title\"><strong>O NAS<\/strong><\/h1>\n                    <div class=\"page-hero-header__subtitle\"><p>Jeste\u015bmy autoryzowanym partnerem marki SIP.<span data-olk-copy-source=\"MessageBody\">\u00a0<\/span>Dzia\u0142amy na terytorium wojew\u00f3dztwa lubelskiego, podkarpackiego, ma\u0142opolskiego i \u015bl\u0105skiego, a tak\u017ce cz\u0119\u015bci wojew\u00f3dztw opolskiego, mazowieckiego, \u015bwi\u0119tokrzyskiego oraz \u0142\u00f3dzkiego.<\/p>\n<\/div>\n                    <\/div>\n<\/div>\n\n\n\n<h2 class=\"wp-block-heading has-text-align-center\">NASZE ODDZIA\u0141Y<\/h2>\n\n\n\n<figure class=\"wp-block-image aligncenter size-large\"><img decoding=\"async\" src=\"https:\/\/wanicki.pl\/kramer\/wp-content\/uploads\/sites\/8\/2026\/03\/mapa_wanicki_agro_30.03-1024x708.png\" alt=\"\" class=\"wp-image-2382\"\/><\/figure>\n\n\n<div class=\"wp-block-wanicki-image-with-text image-with-text \">\n\n    <div class=\"image-with-text__image\">\n                    <div class=\"image-with-text__image-photo\"\n                 style=\"background-image: url(https:\/\/wanicki.pl\/sip\/wp-content\/uploads\/sites\/9\/2026\/04\/DSCF8705.jpg)\"><\/div>\n            <\/div>\n\n    <div class=\"image-with-text__info  \">\n                    <div class=\"image-with-text__info-title-wrapper\">\n                <h2 class=\"image-with-text__info-title image-with-text__info-title--big\">WI\u0118CEJ O MARCE SIP<\/h2>\n                                    <\/div>\n                            <div class=\"image-with-text__info-text\">\n                <p><strong>SIP<\/strong> <strong>to specjalista w zakresie koszenia i zbioru zielonki, z ponad 70-letnim do\u015bwiadczeniem<\/strong>. Firma koncentruje si\u0119 na rozwoju technologii kosiarek, przetrz\u0105saczy, zgrabiarek oraz zgrabiarek karuzelowych, d\u0105\u017c\u0105c do pozycji lidera w systemach zbioru u\u017cytk\u00f3w zielonych.<\/p>\n<p>Maszyny SIP wyr\u00f3\u017cniaj\u0105 si\u0119 \u0142atwo\u015bci\u0105 obs\u0142ugi, wyj\u0105tkowo solidn\u0105 konstrukcj\u0105 oraz innowacyjnymi rozwi\u0105zaniami.<\/p>\n<p>Nowoczesna oferta do zbioru zielonki obejmuje technologie dopasowane do trzech g\u0142\u00f3wnych segment\u00f3w rolnictwa: od gospodarstw g\u00f3rskich i mniejszych area\u0142\u00f3w, przez \u015brednie gospodarstwa i firmy us\u0142ugowe, a\u017c po du\u017ce przedsi\u0119biorstwa rolne, gdzie kluczowe s\u0105 wydajno\u015b\u0107, niezawodno\u015b\u0107 i maksymalna produktywno\u015b\u0107.<\/p>\n<p>Dzi\u0119ki rozwini\u0119tej sieci sprzeda\u017cy marka SIP jest obecna w ponad 35 krajach na ca\u0142ym \u015bwiecie.<\/p>\n\n            <\/div>\n                            <a href=\"https:\/\/www.sip.si\/pl\/\" class=\"btn btn--primary image-with-text__button  btn--custom \"\n                style=\"--custom-color: #ff3a3a\" >Zobacz stron\u0119 internetow\u0105 SIP<\/a>\n                \n    <\/div>\n\n<\/div>\n\n\n<div class=\"wp-block-wanicki-image-with-text image-with-text  image-with-text--reversed \">\n\n    <div class=\"image-with-text__image\">\n                    <div class=\"image-with-text__image-photo\"\n                 style=\"background-image: url(https:\/\/wanicki.pl\/sip\/wp-content\/uploads\/sites\/9\/2026\/04\/IMG_8904_PS-SIP-center-scaled.jpg)\"><\/div>\n            <\/div>\n\n    <div class=\"image-with-text__info  image-with-text__info--reversed  \">\n                    <div class=\"image-with-text__info-title-wrapper\">\n                <h2 class=\"image-with-text__info-title image-with-text__info-title--big\">3 letnia gwarancja<\/h2>\n                                    <\/div>\n                            <div class=\"image-with-text__info-text\">\n                <p data-start=\"0\" data-end=\"231\"><span class=\"hover:entity-accent entity-underline inline cursor-pointer align-baseline\"><span class=\"whitespace-normal\">SIP<\/span><\/span> oferuje <strong>3-letni\u0105 gwarancj\u0119, kt\u00f3ra potwierdza wysok\u0105 jako\u015b\u0107 i niezawodno\u015b\u0107 produkowanych maszyn<\/strong>. To efekt wieloletnich test\u00f3w, pe\u0142nej kontroli jako\u015bci oraz wsp\u00f3\u0142pracy ze sprawdzonymi dostawcami.<\/p>\n<p data-start=\"233\" data-end=\"519\">Program gwarancyjny obejmuje maszyny z linii <strong>ALP, ROBUST i HEAVY-DUTY,<\/strong> zapewniaj\u0105c u\u017cytkownikom pe\u0142ne wsparcie oraz bezpiecze\u0144stwo pracy przez d\u0142ugi czas. Co wa\u017cne, gwarancja nie ma limitu hektar\u00f3w ani godzin pracy, co daje pe\u0142n\u0105 swobod\u0119 u\u017cytkowania nawet przy intensywnej eksploatacji.<\/p>\n<p data-start=\"521\" data-end=\"846\" data-is-last-node=\"\" data-is-only-node=\"\">Warunkiem utrzymania gwarancji jest w<strong>ykonanie przegl\u0105du serwisowego po 24 miesi\u0105cach przez autoryzowany serwis.<\/strong> Dzi\u0119ki temu maszyny zachowuj\u0105 najwy\u017csz\u0105 sprawno\u015b\u0107, a ich \u017cywotno\u015b\u0107 i warto\u015b\u0107 u\u017cytkowa znacz\u0105co rosn\u0105. Dodatkowy rok ochrony po wykonaniu przegl\u0105du to tak\u017ce realne oszcz\u0119dno\u015bci na ewentualnych naprawach i serwisie.<\/p>\n<p>&nbsp;<\/p>\n\n            <\/div>\n                        \n    <\/div>\n\n<\/div>\n\n\n<div class=\"wp-block-wanicki-image-with-text image-with-text \">\n\n    <div class=\"image-with-text__image\">\n                    <div class=\"image-with-text__image-photo\"\n                 style=\"background-image: url(https:\/\/wanicki.pl\/sip\/wp-content\/uploads\/sites\/9\/2024\/08\/MARZEC-2-scaled-e1724158880971.jpg)\"><\/div>\n            <\/div>\n\n    <div class=\"image-with-text__info  \">\n                    <div class=\"image-with-text__info-title-wrapper\">\n                <h2 class=\"image-with-text__info-title image-with-text__info-title--big\">Nasza misja<\/h2>\n                                    <\/div>\n                            <div class=\"image-with-text__info-text\">\n                <p><strong>Misja:<\/strong> \u201eWspieramy sukces polskich rolnik\u00f3w, dostarczaj\u0105c innowacyjne rozwi\u0105zania technologiczne, profesjonalne doradztwo oraz niezawodny serwis 24\/7, buduj\u0105c trwa\u0142e partnerstwa i przyczyniaj\u0105c si\u0119 do rozwoju nowoczesnego rolnictwa w Polsce.\u201d<\/p>\n<p><strong>Wizja:<\/strong> \u201eLider w dostarczaniu kompleksowych rozwi\u0105za\u0144 dla nowoczesnego rolnictwa\u201d.<\/p>\n\n            <\/div>\n                        \n    <\/div>\n\n<\/div>\n\n\n<div class=\"wp-block-wanicki-image-with-text image-with-text  image-with-text--reversed \">\n\n    <div class=\"image-with-text__image\">\n                    <div class=\"image-with-text__image-photo\"\n                 style=\"background-image: url(https:\/\/wanicki.pl\/sip\/wp-content\/uploads\/sites\/9\/2024\/05\/Z620489-1-1.jpg)\"><\/div>\n            <\/div>\n\n    <div class=\"image-with-text__info  image-with-text__info--reversed  \">\n                    <div class=\"image-with-text__info-title-wrapper\">\n                <h2 class=\"image-with-text__info-title image-with-text__info-title--big\">OBS\u0141UGA OD A DO Z<\/h2>\n                                    <\/div>\n                            <div class=\"image-with-text__info-text\">\n                <p><strong>Aktywnie anga\u017cujemy si\u0119 w rozw\u00f3j polskiego sektora agro i oferujemy obs\u0142ug\u0119 full-service.<\/strong><\/p>\n<p>Naszym Klientom staramy si\u0119 zapewni\u0107 profesjonaln\u0105 obs\u0142ug\u0119 sprzeda\u017cow\u0105 oraz posprzeda\u017cow\u0105 dzi\u0119ki ofercie zaufanych marek wraz z mo\u017cliwo\u015bciami finansowania oraz ubezpiecze\u0144. Oferujemy Pa\u0144stwu kompleksow\u0105 obs\u0142ug\u0119 w zakresie zakupu nowych oraz u\u017cywanych maszyn rolniczych, sklep cz\u0119\u015bci i akcesori\u00f3w oraz autoryzowany serwis wyposa\u017cony w najnowocze\u015bniejsze narz\u0119dzia diagnostyczne dzia\u0142aj\u0105cy stacjonarnie oraz w terenie \u2013 na posiad\u0142o\u015bciach klient\u00f3w.<\/p>\n<p>Nasze us\u0142ugi \u015bwiadczymy przez sze\u015b\u0107 dni w tygodniu, oferujemy kr\u00f3tkie terminy napraw oraz atrakcyjne rabaty dla sta\u0142ych klient\u00f3w.<\/p>\n\n            <\/div>\n                        \n    <\/div>\n\n<\/div>\n\n\n<div class=\"wp-block-wanicki-image-with-text image-with-text \">\n\n    <div class=\"image-with-text__image\">\n                    <div class=\"image-with-text__image-photo\"\n                 style=\"background-image: url(https:\/\/wanicki.pl\/sip\/wp-content\/uploads\/sites\/9\/2024\/05\/P1076459-1-1-1.jpg)\"><\/div>\n            <\/div>\n\n    <div class=\"image-with-text__info  \">\n                    <div class=\"image-with-text__info-title-wrapper\">\n                <h2 class=\"image-with-text__info-title image-with-text__info-title--big\">ROZUMIEMY TWOJE POTRZEBY<\/h2>\n                                    <\/div>\n                            <div class=\"image-with-text__info-text\">\n                <p><strong>Nasz zesp\u00f3\u0142 tworz\u0105 ludzie doskonale znaj\u0105cy oczekiwania klient\u00f3w z bran\u017cy rolniczej oraz komunalnej.<\/strong><\/p>\n<p>Ich wiedza jest nieustannie aktualizowana i rozszerzana poprzez system szkole\u0144 produktowych oferowanych przez Wanicki w porozumieniu z naszymi wiod\u0105cymi markami: John Deere, Kramer, Monosem, SIP, czy Samasz.<\/p>\n\n            <\/div>\n                        \n    <\/div>\n\n<\/div>\n\n\n<div class=\"wp-block-wanicki-spacer spacer \" style=\"--height: 50px;  --xl-height: 50px; --lg-height: 50px; --md-height: 50px; --sm-height: 20px; --xs-height: 20px;\">\n<\/div>\n\n\n\n<figure class=\"wp-block-embed is-type-video is-provider-youtube wp-block-embed-youtube wp-embed-aspect-16-9 wp-has-aspect-ratio\"><div class=\"wp-block-embed__wrapper\">\n<iframe loading=\"lazy\" title=\"Przysz\u0142o\u015b\u0107 zaczyna si\u0119 teraz! | Wanicki - Nasza w Tym Rola\" width=\"500\" height=\"281\" src=\"https:\/\/www.youtube.com\/embed\/X8qOjqXMLA8?feature=oembed\" frameborder=\"0\" allow=\"accelerometer; autoplay; clipboard-write; encrypted-media; gyroscope; picture-in-picture; web-share\" referrerpolicy=\"strict-origin-when-cross-origin\" allowfullscreen><\/iframe>\n<\/div><\/figure>\n","protected":false},"excerpt":{"rendered":"<p>NASZE ODDZIA\u0141Y<\/p>\n","protected":false},"author":1,"featured_media":0,"parent":0,"menu_order":0,"comment_status":"closed","ping_status":"closed","template":"","meta":{"_acf_changed":false,"_seopress_robots_primary_cat":"","_seopress_titles_title":"O nas - SIP - Wanicki","_seopress_titles_desc":"Wanicki - dealer maszyn SIP \u2705 Zobacz jak pracuje Dealer Jutra \u2705 Wspieramy polskich rolnik\u00f3w dostarczaj\u0105c innowacyjne rozwi\u0105zania","_seopress_robots_index":"","inline_featured_image":false,"footnotes":""},"class_list":["post-16","page","type-page","status-publish","hentry"],"acf":[],"_links":{"self":[{"href":"https:\/\/wanicki.pl\/sip\/wp-json\/wp\/v2\/pages\/16","targetHints":{"allow":["GET"]}}],"collection":[{"href":"https:\/\/wanicki.pl\/sip\/wp-json\/wp\/v2\/pages"}],"about":[{"href":"https:\/\/wanicki.pl\/sip\/wp-json\/wp\/v2\/types\/page"}],"author":[{"embeddable":true,"href":"https:\/\/wanicki.pl\/sip\/wp-json\/wp\/v2\/users\/1"}],"replies":[{"embeddable":true,"href":"https:\/\/wanicki.pl\/sip\/wp-json\/wp\/v2\/comments?post=16"}],"version-history":[{"count":28,"href":"https:\/\/wanicki.pl\/sip\/wp-json\/wp\/v2\/pages\/16\/revisions"}],"predecessor-version":[{"id":2360,"href":"https:\/\/wanicki.pl\/sip\/wp-json\/wp\/v2\/pages\/16\/revisions\/2360"}],"wp:attachment":[{"href":"https:\/\/wanicki.pl\/sip\/wp-json\/wp\/v2\/media?parent=16"}],"curies":[{"name":"wp","href":"https:\/\/api.w.org\/{rel}","templated":true}]}}