{"id":2099,"date":"2024-07-08T13:28:47","date_gmt":"2024-07-08T11:28:47","guid":{"rendered":"https:\/\/wanicki.pl\/tatra\/?page_id=2099"},"modified":"2026-03-31T10:02:35","modified_gmt":"2026-03-31T08:02:35","slug":"o-nas","status":"publish","type":"page","link":"https:\/\/wanicki.pl\/tatra\/o-nas\/","title":{"rendered":"O NAS"},"content":{"rendered":"<div class=\"wp-block-wanicki-page-hero-header page-hero-header\">\n    <div class=\"page-hero-header__image page-hero-header__image--desktop\"\n          style=\"background-image: url(https:\/\/wanicki.pl\/tatra\/wp-content\/uploads\/sites\/4\/2024\/06\/JV0_4539-1-1.jpg)\" ><\/div>\n    <div class=\"page-hero-header__image page-hero-header__image--mobile\"\n          style=\"background-image: url(https:\/\/wanicki.pl\/tatra\/wp-content\/uploads\/sites\/4\/2024\/06\/JV0_4539-1-1.jpg)\"\n            >\n    <\/div>\n    <div class=\"page-hero-header__container container\">\n        <h1 class=\"page-hero-header__title\"><strong>O NAS<\/strong><\/h1>\n                    <div class=\"page-hero-header__subtitle\"><p>Wanicki \u2013 TW\u00d3J OFICJALNY PARTNER TATRY<\/p>\n<\/div>\n                    <\/div>\n<\/div>\n\n\n<div class=\"wp-block-wanicki-image-with-text image-with-text  image-with-text--reversed \">\n\n    <div class=\"image-with-text__image\">\n                    <div class=\"image-with-text__image-photo\"\n                 style=\"background-image: url(https:\/\/wanicki.pl\/tatra\/wp-content\/uploads\/sites\/4\/2024\/07\/JVB_1465_Easy-Resize.com_.jpg)\"><\/div>\n            <\/div>\n\n    <div class=\"image-with-text__info  image-with-text__info--reversed  \">\n                    <div class=\"image-with-text__info-title-wrapper\">\n                <h2 class=\"image-with-text__info-title\">KIM JESTE\u015aMY?<\/h2>\n                                    <\/div>\n                            <div class=\"image-with-text__info-text\">\n                <p>Grupa Wanicki od lat cieszy si\u0119 zaufaniem klient\u00f3w jako autoryzowany dealer marki TATRA. Nasza firma, za\u0142o\u017cona w 1991 roku, sukcesywnie rozwija\u0142a swoje kompetencje i ofert\u0119, aby dostarcza\u0107 najwy\u017cszej jako\u015bci pojazdy i us\u0142ugi serwisowe. Wsp\u00f3\u0142pracuj\u0105c z renomowan\u0105 mark\u0105 TATRA, zdobyli\u015bmy do\u015bwiadczenie i wiedz\u0119, kt\u00f3re pozwalaj\u0105 nam oferowa\u0107 kompleksowe rozwi\u0105zania dostosowane do potrzeb naszych klient\u00f3w.<\/p>\n<p>&nbsp;<\/p>\n<p><strong>Nasza Misja<\/strong><\/p>\n<p>Nasz\u0105 misj\u0105 jest zapewnienie klientom najwy\u017cszego standardu obs\u0142ugi oraz dostarczanie niezawodnych i innowacyjnych pojazd\u00f3w marki TATRA. Stawiamy na d\u0142ugoterminowe relacje z klientami, oparte na zaufaniu i wzajemnym szacunku. Dbamy o ka\u017cdy detal, aby ka\u017cdy zakupiony u nas pojazd spe\u0142nia\u0142 oczekiwania pod wzgl\u0119dem jako\u015bci, bezpiecze\u0144stwa i wydajno\u015bci.<\/p>\n\n            <\/div>\n                        \n    <\/div>\n\n<\/div>\n\n\n\n<h2 class=\"wp-block-heading has-text-align-center\">NASZE ODDZIA\u0141Y<\/h2>\n\n\n\n<figure class=\"wp-block-image size-large\"><img loading=\"lazy\" decoding=\"async\" width=\"1024\" height=\"708\" src=\"https:\/\/wanicki.pl\/tatra\/wp-content\/uploads\/sites\/4\/2026\/03\/mapa_wanicki_agro_30.03-1024x708.png\" alt=\"\" class=\"wp-image-2351\" srcset=\"https:\/\/wanicki.pl\/tatra\/wp-content\/uploads\/sites\/4\/2026\/03\/mapa_wanicki_agro_30.03-1024x708.png 1024w, https:\/\/wanicki.pl\/tatra\/wp-content\/uploads\/sites\/4\/2026\/03\/mapa_wanicki_agro_30.03-300x207.png 300w, https:\/\/wanicki.pl\/tatra\/wp-content\/uploads\/sites\/4\/2026\/03\/mapa_wanicki_agro_30.03-768x531.png 768w, https:\/\/wanicki.pl\/tatra\/wp-content\/uploads\/sites\/4\/2026\/03\/mapa_wanicki_agro_30.03-1536x1062.png 1536w, https:\/\/wanicki.pl\/tatra\/wp-content\/uploads\/sites\/4\/2026\/03\/mapa_wanicki_agro_30.03-2048x1415.png 2048w\" sizes=\"auto, (max-width: 1024px) 100vw, 1024px\" \/><\/figure>\n\n\n<div class=\"wp-block-wanicki-image-with-text image-with-text \">\n\n    <div class=\"image-with-text__image\">\n                    <div class=\"image-with-text__image-photo\"\n                 style=\"background-image: url(https:\/\/wanicki.pl\/tatra\/wp-content\/uploads\/sites\/4\/2024\/07\/TATRA-PHOENIX-Euro6-on-off-road_Easy-Resize.com_-e1720439199964.jpg)\"><\/div>\n            <\/div>\n\n    <div class=\"image-with-text__info  \">\n                    <div class=\"image-with-text__info-title-wrapper\">\n                <h2 class=\"image-with-text__info-title\">CO OFERUJEMY?<\/h2>\n                                    <\/div>\n                            <div class=\"image-with-text__info-text\">\n                <p><strong>Szeroki Wyb\u00f3r Pojazd\u00f3w TATRA<\/strong><\/p>\n<p>Oferujemy pe\u0142n\u0105 gam\u0119 pojazd\u00f3w marki TATRA, znanych z wyj\u0105tkowej wytrzyma\u0142o\u015bci i doskona\u0142ych osi\u0105g\u00f3w w najtrudniejszych warunkach. Niezale\u017cnie od tego, czy potrzebujesz pojazdu do zastosowa\u0144 komercyjnych, wojskowych czy specjalistycznych, w naszej ofercie znajdziesz odpowiednie rozwi\u0105zanie.<\/p>\n<p><strong>Profesjonalny Serwis<\/strong><\/p>\n<p>Nasze punkty serwisowe s\u0105 wyposa\u017cone w nowoczesne technologie i zarz\u0105dzane przez wykwalifikowanych specjalist\u00f3w, kt\u00f3rzy dbaj\u0105 o sprawno\u015b\u0107 i niezawodno\u015b\u0107 Twoich pojazd\u00f3w. Oferujemy kompleksow\u0105 obs\u0142ug\u0119 serwisow\u0105, w tym przegl\u0105dy, naprawy gwarancyjne i pogwarancyjne, a tak\u017ce us\u0142ugi mobilne.<\/p>\n<p><strong>Oryginalne Cz\u0119\u015bci Zamienne<\/strong><\/p>\n<p>Stosujemy wy\u0142\u0105cznie oryginalne cz\u0119\u015bci zamienne TATRA, co gwarantuje najwy\u017csz\u0105 jako\u015b\u0107 i d\u0142ug\u0105 \u017cywotno\u015b\u0107 Twojego pojazdu. Zapewniamy szybki dost\u0119p do cz\u0119\u015bci oraz konkurencyjne ceny, aby Twoje pojazdy by\u0142y zawsze w pe\u0142nej gotowo\u015bci do pracy.<\/p>\n<p><strong>Indywidualne Doradztwo<\/strong><\/p>\n<p>Nasi do\u015bwiadczeni doradcy pomagaj\u0105 w doborze odpowiednich pojazd\u00f3w i us\u0142ug, dostosowanych do specyficznych potrzeb Twojej firmy. S\u0142u\u017cymy wsparciem na ka\u017cdym etapie zakupu i eksploatacji pojazdu, oferuj\u0105c tak\u017ce atrakcyjne opcje finansowania i ubezpieczenia.<\/p>\n<p><strong>Nasza Lokalizacja<\/strong><\/p>\n<p>Grupa Wanicki posiada punkty handlowo-serwisowe zlokalizowane strategicznie, aby zapewni\u0107 \u0142atwy dost\u0119p do naszych us\u0142ug dla klient\u00f3w w ca\u0142ej Polsce. Dzi\u0119ki temu mo\u017cesz liczy\u0107 na nasz\u0105 pomoc, niezale\u017cnie od miejsca, w kt\u00f3rym si\u0119 znajdujesz.<\/p>\n\n            <\/div>\n                        \n    <\/div>\n\n<\/div>\n\n\n\n<div style=\"height:56px\" aria-hidden=\"true\" class=\"wp-block-spacer\"><\/div>\n\n\n\n<h2 class=\"wp-block-heading has-text-align-center\">NASZE CERTYFIKATY<\/h2>\n\n\n\n<div style=\"height:56px\" aria-hidden=\"true\" class=\"wp-block-spacer\"><\/div>\n\n\n\n<div class=\"wp-block-columns is-layout-flex wp-container-core-columns-is-layout-9d6595d7 wp-block-columns-is-layout-flex\">\n<div class=\"wp-block-column is-layout-flow wp-block-column-is-layout-flow\">\n<figure class=\"wp-block-image size-large\"><img loading=\"lazy\" decoding=\"async\" width=\"724\" height=\"1024\" src=\"https:\/\/wanicki.pl\/tatra\/wp-content\/uploads\/sites\/4\/2025\/01\/Tatra-Nedpol-certyfikat-724x1024.png\" alt=\"\" class=\"wp-image-2192\" srcset=\"https:\/\/wanicki.pl\/tatra\/wp-content\/uploads\/sites\/4\/2025\/01\/Tatra-Nedpol-certyfikat-724x1024.png 724w, https:\/\/wanicki.pl\/tatra\/wp-content\/uploads\/sites\/4\/2025\/01\/Tatra-Nedpol-certyfikat-212x300.png 212w, https:\/\/wanicki.pl\/tatra\/wp-content\/uploads\/sites\/4\/2025\/01\/Tatra-Nedpol-certyfikat-768x1086.png 768w, https:\/\/wanicki.pl\/tatra\/wp-content\/uploads\/sites\/4\/2025\/01\/Tatra-Nedpol-certyfikat-1086x1536.png 1086w, https:\/\/wanicki.pl\/tatra\/wp-content\/uploads\/sites\/4\/2025\/01\/Tatra-Nedpol-certyfikat-1448x2048.png 1448w\" sizes=\"auto, (max-width: 724px) 100vw, 724px\" \/><\/figure>\n<\/div>\n\n\n\n<div class=\"wp-block-column is-layout-flow wp-block-column-is-layout-flow\">\n<figure class=\"wp-block-image size-large\"><img loading=\"lazy\" decoding=\"async\" width=\"724\" height=\"1024\" src=\"https:\/\/wanicki.pl\/tatra\/wp-content\/uploads\/sites\/4\/2025\/01\/Tatra-Firma-Wanicki-certyfikat-724x1024.png\" alt=\"\" class=\"wp-image-2193\" srcset=\"https:\/\/wanicki.pl\/tatra\/wp-content\/uploads\/sites\/4\/2025\/01\/Tatra-Firma-Wanicki-certyfikat-724x1024.png 724w, https:\/\/wanicki.pl\/tatra\/wp-content\/uploads\/sites\/4\/2025\/01\/Tatra-Firma-Wanicki-certyfikat-212x300.png 212w, https:\/\/wanicki.pl\/tatra\/wp-content\/uploads\/sites\/4\/2025\/01\/Tatra-Firma-Wanicki-certyfikat-768x1086.png 768w, https:\/\/wanicki.pl\/tatra\/wp-content\/uploads\/sites\/4\/2025\/01\/Tatra-Firma-Wanicki-certyfikat-1086x1536.png 1086w, https:\/\/wanicki.pl\/tatra\/wp-content\/uploads\/sites\/4\/2025\/01\/Tatra-Firma-Wanicki-certyfikat-1448x2048.png 1448w\" sizes=\"auto, (max-width: 724px) 100vw, 724px\" \/><\/figure>\n<\/div>\n\n\n\n<div class=\"wp-block-column is-layout-flow wp-block-column-is-layout-flow\"><\/div>\n<\/div>\n\n\n\n<div style=\"height:100px\" aria-hidden=\"true\" class=\"wp-block-spacer\"><\/div>\n\n\n<div class=\"wp-block-wanicki-video video\">\n\n    <div class=\"container video__container\">\n                    <div class=\"video__info\">\n                <h2 class=\"video__info-title\">TATRA<\/h2>\n                <div class=\"video__info-text\"><p>w akcji na OFFROAD DAY Wanicki<\/p>\n<\/div>\n            <\/div>\n                <div class=\"video__oembed\">\n            <iframe loading=\"lazy\" title=\"OFFROAD Wanicki w \u017cwirowni TURACZY! | Wanicki\" width=\"640\" height=\"360\" src=\"https:\/\/www.youtube.com\/embed\/t00s2MazlhY?feature=oembed\" frameborder=\"0\" allow=\"accelerometer; autoplay; clipboard-write; encrypted-media; gyroscope; picture-in-picture; web-share\" referrerpolicy=\"strict-origin-when-cross-origin\" allowfullscreen><\/iframe>\n        <\/div>\n    <\/div>\n\n    <div class=\"video__background\"><\/div>\n\n<\/div>\n\n\n<div class=\"wp-block-wanicki-job-form job-form__container\" id=\"\">\n    <div class=\"container job-form\">\n        <div class=\"job-form__info\">\n            <h2 class=\"job-form__info-title\">MASZ PYTANIE?<\/h2>\n                    <p class=\"job-form__info-text\">\n                Skontaktuj si\u0119 z nami!\n            <\/p>\n        <\/div>\n        <div class=\"job-form__form\">\n            \n<div class=\"wpcf7 no-js\" id=\"wpcf7-f1939-o1\" lang=\"pl-PL\" dir=\"ltr\" data-wpcf7-id=\"1939\">\n<div class=\"screen-reader-response\"><p role=\"status\" aria-live=\"polite\" aria-atomic=\"true\"><\/p> <ul><\/ul><\/div>\n<form action=\"\/tatra\/wp-json\/wp\/v2\/pages\/2099#wpcf7-f1939-o1\" method=\"post\" class=\"wpcf7-form init\" aria-label=\"Formularz kontaktowy\" novalidate=\"novalidate\" data-status=\"init\">\n<fieldset class=\"hidden-fields-container\"><input type=\"hidden\" name=\"_wpcf7\" value=\"1939\" \/><input type=\"hidden\" name=\"_wpcf7_version\" value=\"6.1.5\" \/><input type=\"hidden\" name=\"_wpcf7_locale\" value=\"pl_PL\" \/><input type=\"hidden\" name=\"_wpcf7_unit_tag\" value=\"wpcf7-f1939-o1\" \/><input type=\"hidden\" name=\"_wpcf7_container_post\" value=\"0\" \/><input type=\"hidden\" name=\"_wpcf7_posted_data_hash\" value=\"\" \/><input type=\"hidden\" name=\"_wpcf7_recaptcha_response\" value=\"\" \/>\n<\/fieldset>\n<div class=\"form-columns\">\n\t<p><label><span class=\"form-label\">Imi\u0119*<\/span><span class=\"wpcf7-form-control-wrap\" data-name=\"your-name\"><input size=\"40\" maxlength=\"400\" class=\"wpcf7-form-control wpcf7-text wpcf7-validates-as-required\" aria-required=\"true\" aria-invalid=\"false\" value=\"\" type=\"text\" name=\"your-name\" \/><\/span><\/label><br \/>\n<label><span class=\"form-label\">Nazwisko*<\/span><span class=\"wpcf7-form-control-wrap\" data-name=\"your-surname\"><input size=\"40\" maxlength=\"400\" class=\"wpcf7-form-control wpcf7-text\" aria-invalid=\"false\" value=\"\" type=\"text\" name=\"your-surname\" \/><\/span><\/label>\n\t<\/p>\n<\/div>\n<div class=\"form-columns\">\n\t<p><label><span class=\"form-label\">Email*<\/span><span class=\"wpcf7-form-control-wrap\" data-name=\"your-email\"><input size=\"40\" maxlength=\"400\" class=\"wpcf7-form-control wpcf7-email wpcf7-validates-as-required wpcf7-text wpcf7-validates-as-email\" aria-required=\"true\" aria-invalid=\"false\" value=\"\" type=\"email\" name=\"your-email\" \/><\/span><\/label><br \/>\n<label><span class=\"form-label\">Numer telefonu*<\/span><span class=\"wpcf7-form-control-wrap\" data-name=\"your-phone\"><input size=\"40\" maxlength=\"400\" class=\"wpcf7-form-control wpcf7-tel wpcf7-validates-as-required wpcf7-text wpcf7-validates-as-tel\" aria-required=\"true\" aria-invalid=\"false\" value=\"\" type=\"tel\" name=\"your-phone\" \/><\/span><\/label>\n\t<\/p>\n<\/div>\n<p><label><span class=\"form-label\">Kod pocztowy*<\/span><span class=\"wpcf7-form-control-wrap\" data-name=\"your-postcode\"><input size=\"40\" maxlength=\"400\" class=\"wpcf7-form-control wpcf7-text wpcf7-validates-as-required\" aria-required=\"true\" aria-invalid=\"false\" value=\"\" type=\"text\" name=\"your-postcode\" \/><\/span><\/label>\n<\/p>\n<div class=\"checkbox-input\" style=\"font-size: 0.75em\">\n\t<p><span class=\"wpcf7-form-control-wrap\" data-name=\"your-acceptance\"><span class=\"wpcf7-form-control wpcf7-acceptance\"><span class=\"wpcf7-list-item\"><input type=\"checkbox\" name=\"your-acceptance\" value=\"1\" aria-invalid=\"false\" \/><\/span><\/span><\/span>\n\t<\/p>\n\t<div>\n\t\t<p>*O\u015bwiadczam, \u017ce zapozna\u0142em si\u0119 z <a href='\/polityka-prywatnosci\/' target=\"_blank\">Polityk\u0105 prywatno\u015bci oraz Regulaminem \u015bwiadczenia us\u0142ug drog\u0105 elektroniczn\u0105<\/a> i akceptuj\u0119 ich tre\u015b\u0107.\n\t\t<\/p>\n\t<\/div>\n<\/div>\n<div class=\"checkbox-input\" style=\"font-size: 0.75em\">\n\t<p><span class=\"wpcf7-form-control-wrap\" data-name=\"your-acceptance-info\"><span class=\"wpcf7-form-control wpcf7-acceptance optional\"><span class=\"wpcf7-list-item\"><input type=\"checkbox\" name=\"your-acceptance-info\" value=\"1\" aria-invalid=\"false\" \/><\/span><\/span><\/span>\n\t<\/p>\n\t<div>\n\t\t<p>Wyra\u017cam zgod\u0119 na przesy\u0142anie informacji handlowej skierowanej za pomoc\u0105 \u015brodk\u00f3w komunikacji elektronicznej oraz na u\u017cywanie telekomunikacyjnych urz\u0105dze\u0144 ko\u0144cowych i automatycznych system\u00f3w wywo\u0142uj\u0105cych dla cel\u00f3w marketingu bezpo\u015bredniego przez Grup\u0119 Wanicki*\n\t\t<\/p>\n\t<\/div>\n<\/div>\n<div style=\"font-size: 0.75em\">\n\t<p>Zgoda obejmuje kontakt za po\u015brednictwem:\n\t<\/p>\n<\/div>\n<div class=\"checkbox-input\" style=\"font-size: 0.75em\">\n\t<p>        <span class=\"wpcf7-form-control-wrap\" data-name=\"checkall-6a01ec3aa3812\">\r\n            <span class=\"wpcf7-form-control wpcf7-acceptance optional\">\r\n                <span class=\"wpcf7-list-item\">\r\n                    <input type=\"checkbox\" name=\"checkall-6a01ec3aa3812\" aria-invalid=\"false\" id=\"checkall-6a01ec3aa3812\" \/>\r\n                <\/span>\r\n            <\/span>\r\n        <\/span>\r\n        <div>\r\n            <p>\r\n                <br \/>\nZaznacz wszystkie pola            <\/p>\r\n        <\/div>\r\n    \n\t<\/p>\n<\/div>\n<div class=\"checkbox-input\" style=\"font-size: 0.75em\">\n\t<p><span class=\"wpcf7-form-control-wrap\" data-name=\"your-acceptance-email\"><span class=\"wpcf7-form-control wpcf7-acceptance optional\"><span class=\"wpcf7-list-item\"><input type=\"checkbox\" name=\"your-acceptance-email\" value=\"1\" aria-invalid=\"false\" \/><\/span><\/span><\/span>\n\t<\/p>\n\t<div>\n\t\t<p>E-mail\n\t\t<\/p>\n\t<\/div>\n<\/div>\n<div class=\"checkbox-input\" style=\"font-size: 0.75em\">\n\t<p><span class=\"wpcf7-form-control-wrap\" data-name=\"your-acceptance-sms\"><span class=\"wpcf7-form-control wpcf7-acceptance optional\"><span class=\"wpcf7-list-item\"><input type=\"checkbox\" name=\"your-acceptance-sms\" value=\"1\" aria-invalid=\"false\" \/><\/span><\/span><\/span>\n\t<\/p>\n\t<div>\n\t\t<p>SMS\n\t\t<\/p>\n\t<\/div>\n<\/div>\n<div class=\"checkbox-input\" style=\"font-size: 0.75em\">\n\t<p><span class=\"wpcf7-form-control-wrap\" data-name=\"your-acceptance-tel\"><span class=\"wpcf7-form-control wpcf7-acceptance optional\"><span class=\"wpcf7-list-item\"><input type=\"checkbox\" name=\"your-acceptance-tel\" value=\"1\" aria-invalid=\"false\" \/><\/span><\/span><\/span>\n\t<\/p>\n\t<div>\n\t\t<p>Kontakt telefoniczny\n\t\t<\/p>\n\t<\/div>\n<\/div>\n<div style=\"font-size: 0.75em\">\n\t<p>*przez Grup\u0119 Wanicki rozumie si\u0119 nast\u0119puj\u0105ce sp\u00f3\u0142ki: Firma Wanicki sp. z o.o. z siedzib\u0105 w Mogilanach, ul. My\u015blenicka 19, 32-031 Mogilany, KRS: 0000214618; Wanicki Serwis sp. z o.o. z siedzib\u0105 w Mogilanach, ul. My\u015blenicka 19, 32.-031 Mogilany, KRS: 0000225703, MW Wanicki sp. z o.o. z siedzib\u0105 w Mogilanach, ul. My\u015blenicka 19, 32.-031 Mogilany, KRS: 0000290954; BW Wanicki sp. z o.o. z siedzib\u0105 w Mogilanach, ul. My\u015blenicka 19, 32.-031 Mogilany, KRS: 0000277732; SW Wanicki sp. z o.o. z siedzib\u0105 w Mogilanach, ul. My\u015blenicka 19, 32.-031 Mogilany, KRS: 0000318232; Nedpol Truck Service sp. z o.o. z siedzib\u0105 w Romanowie, Roman\u00f3w 10b, 42-260 Roman\u00f3w, KRS: 0000062292; WW Wanicki sp. z o.o. z siedzib\u0105 w Trzcianie, Trzciana 162, 36-071 Trzciana, KRS: 0000214811; PT Wanicki sp. z o.o. z siedzib\u0105 w Mogilanach, ul. My\u015blenicka 19, 32.-031 Mogilany, KRS: 0001069064; Wanicki Rental sp. z o.o. z siedzib\u0105 w Mogilanach, ul. My\u015blenicka 19, 32.-031 Mogilany, KRS: 0000997992.\n\t<\/p>\n<\/div>\n<p><input class=\"wpcf7-form-control wpcf7-submit has-spinner\" type=\"submit\" value=\"Prosz\u0119 o kontakt\" \/>\n<\/p><div class=\"wpcf7-response-output\" aria-hidden=\"true\"><\/div>\n<\/form>\n<\/div>\n        <\/div>\n    <\/div>\n<\/div>\n","protected":false},"excerpt":{"rendered":"<p>NASZE ODDZIA\u0141Y NASZE CERTYFIKATY<\/p>\n","protected":false},"author":4,"featured_media":0,"parent":0,"menu_order":0,"comment_status":"closed","ping_status":"closed","template":"","meta":{"_acf_changed":false,"_seopress_robots_primary_cat":"","_seopress_titles_title":"O nas - Tatra - Wanicki.pl","_seopress_titles_desc":"Wanicki - dealer Tatry \u2705 Sprzeda\u017c pojazd\u00f3w Tatra \u2705 Serwis Tatra \u2705 Cz\u0119\u015bci zamienne Tatra \u2705 9 oddzia\u0142\u00f3w \u2705 Odwied\u017a nas!","_seopress_robots_index":"","_seopress_analysis_target_kw":"Wanicki,dealer Tatry,Sprzeda\u017c pojazd\u00f3w Tatra,Serwis Tatra,Cz\u0119\u015bci zamienne Tatra,TATRA","inline_featured_image":false,"footnotes":""},"class_list":["post-2099","page","type-page","status-publish","hentry"],"acf":[],"_links":{"self":[{"href":"https:\/\/wanicki.pl\/tatra\/wp-json\/wp\/v2\/pages\/2099","targetHints":{"allow":["GET"]}}],"collection":[{"href":"https:\/\/wanicki.pl\/tatra\/wp-json\/wp\/v2\/pages"}],"about":[{"href":"https:\/\/wanicki.pl\/tatra\/wp-json\/wp\/v2\/types\/page"}],"author":[{"embeddable":true,"href":"https:\/\/wanicki.pl\/tatra\/wp-json\/wp\/v2\/users\/4"}],"replies":[{"embeddable":true,"href":"https:\/\/wanicki.pl\/tatra\/wp-json\/wp\/v2\/comments?post=2099"}],"version-history":[{"count":41,"href":"https:\/\/wanicki.pl\/tatra\/wp-json\/wp\/v2\/pages\/2099\/revisions"}],"predecessor-version":[{"id":2353,"href":"https:\/\/wanicki.pl\/tatra\/wp-json\/wp\/v2\/pages\/2099\/revisions\/2353"}],"wp:attachment":[{"href":"https:\/\/wanicki.pl\/tatra\/wp-json\/wp\/v2\/media?parent=2099"}],"curies":[{"name":"wp","href":"https:\/\/api.w.org\/{rel}","templated":true}]}}