{"id":1805,"date":"2024-07-10T12:05:44","date_gmt":"2024-07-10T10:05:44","guid":{"rendered":"https:\/\/wanicki.pl\/yanmar\/?page_id=1805"},"modified":"2025-08-22T11:45:57","modified_gmt":"2025-08-22T09:45:57","slug":"strona-glowna","status":"publish","type":"page","link":"https:\/\/wanicki.pl\/yanmar\/","title":{"rendered":"Strona g\u0142\u00f3wna"},"content":{"rendered":"<div class=\"wp-block-wanicki-hero-header hero-header\">\n    <div class=\"hero-header__image hero-header__image--desktop\"\n          style=\"background-image: url(https:\/\/wanicki.pl\/yanmar\/wp-content\/uploads\/sites\/6\/2025\/08\/yan1-jasny.jpg)\" ><\/div>\n    <div class=\"hero-header__image hero-header__image--mobile\"\n          style=\"background-image: url(https:\/\/wanicki.pl\/yanmar\/wp-content\/uploads\/sites\/6\/2025\/08\/yan1-jasny.jpg)\"\n            >\n    <\/div>\n    <div class=\"hero-header__container container\">\n        <h1 class=\"hero-header__title\"><strong>SOLIDNE I BEZPIECZNE MASZYNY<\/strong><\/h1>\n                    <\/div>\n<\/div>\n\n\n<div class=\"wp-block-wanicki-icon-link icon-link\">\n\n    \n    \n<\/div>\n\n\n<div class=\"wp-block-wanicki-about-cards about-cards \">\n    <div class=\"container about-cards__container\">\n        <div class=\"about-cards__info\">\n                            <h3 class=\"about-cards__info-title\">AUTORYZOWANY DEALER<\/h3>\n                                                <div class=\"about-cards__info-text\"><p>Grupa Wanicki od roku 2010 jest autoryzowanym dealerem firmy YANMAR CONSTRUCTION EQUIPMENT EUROPE SAS w wojew\u00f3dztwach podkarpackim, ma\u0142opolskim, lubelskim i \u015bl\u0105skim.<\/p>\n<p>&nbsp;<\/p>\n<p><strong>Grupa Wanicki<\/strong> zapewnia kompleksow\u0105 obs\u0142ug\u0119, kt\u00f3ra gwarantuje d\u0142ug\u0105 \u017cywotno\u015b\u0107 i niezawodno\u015b\u0107 Twoich maszyn. Nasza oferta serwisowa to gwarancja najwy\u017cszej jako\u015bci us\u0142ug oraz pe\u0142ne wsparcie techniczne na ka\u017cdym etapie u\u017cytkowania Twojego sprz\u0119tu.<\/p>\n<p>&nbsp;<\/p>\n<p><strong>Szukasz odpowiedniej maszyny? To bardzo proste, wybierz kategori\u0119 i znajd\u017a sw\u00f3j model.<\/strong><\/p>\n<\/div>\n                        \n        <\/div>\n\n        <div class=\"about-cards__grid about-cards__desktop\">\n                                                <a href=\"https:\/\/wanicki.pl\/yanmar\/oferta\/maszyny\/koparki\/\" class=\"about-cards__item about-cards__item--link\"\n                        style=\"background-image: url(https:\/\/wanicki.pl\/yanmar\/wp-content\/uploads\/sites\/6\/2024\/07\/sv17e_rs_013_hd-1024x703.jpg)\"                     >\n                        <p class=\"about-cards__item-text\">\n                            KOPARKI\n                        <\/p>\n                    <\/a>\n                                                                <a href=\"https:\/\/wanicki.pl\/yanmar\/oferta\/maszyny\/ladowarki-kolowe\/\" class=\"about-cards__item about-cards__item--link\"\n                        style=\"background-image: url(https:\/\/wanicki.pl\/yanmar\/wp-content\/uploads\/sites\/6\/2024\/07\/v80_rs_02_web_det_Easy-Resize.com_-1024x683.jpg)\"                     >\n                        <p class=\"about-cards__item-text\">\n                            \u0141ADOWARKI\n                        <\/p>\n                    <\/a>\n                                                                <a href=\"https:\/\/wanicki.pl\/yanmar\/oferta\/maszyny\/maszyny-uzywane\/\" class=\"about-cards__item about-cards__item--link\"\n                        style=\"background-image: url(https:\/\/wanicki.pl\/yanmar\/wp-content\/uploads\/sites\/6\/2024\/07\/vio38_rs_03-min-1024x683-1.jpg)\"                     >\n                        <p class=\"about-cards__item-text\">\n                            MASZYNY U\u017bYWANE\n                        <\/p>\n                    <\/a>\n                                                                <a href=\"https:\/\/wanicki.pl\/yanmar\/serwis\/\" class=\"about-cards__item about-cards__item--link\"\n                        style=\"background-image: url(https:\/\/wanicki.pl\/yanmar\/wp-content\/uploads\/sites\/6\/2024\/07\/maintenance_graissage-1024x576.jpg)\"                     >\n                        <p class=\"about-cards__item-text\">\n                            SERWIS\n                        <\/p>\n                    <\/a>\n                                                                <a href=\"https:\/\/wanicki.pl\/yanmar\/czesci\/\" class=\"about-cards__item about-cards__item--link\"\n                        style=\"background-image: url(https:\/\/wanicki.pl\/yanmar\/wp-content\/uploads\/sites\/6\/2024\/07\/dsvsvdgbfbf-1024x822.png)\"                     >\n                        <p class=\"about-cards__item-text\">\n                            CZ\u0118\u015aCI I AKCESORIA\n                        <\/p>\n                    <\/a>\n                                                                <a href=\"https:\/\/wanicki.pl\/yanmar\/gwarancja\/\" class=\"about-cards__item about-cards__item--link\"\n                        style=\"background-image: url(https:\/\/wanicki.pl\/yanmar\/wp-content\/uploads\/sites\/6\/2024\/07\/sv17e_rd_040_hd_Easy-Resize.com_-1024x682.jpg)\"                     >\n                        <p class=\"about-cards__item-text\">\n                            GWARANCJA\n                        <\/p>\n                    <\/a>\n                                    <\/div>\n\n        <div class=\"about-cards__mobile swiper\">\n            <div class=\"swiper-wrapper\">\n                                                            <div class=\"about-cards__grid swiper-slide\">\n                                                                                                <a href=\"https:\/\/wanicki.pl\/yanmar\/oferta\/maszyny\/koparki\/\" class=\"about-cards__item\"\n                                        style=\"background-image: url(https:\/\/wanicki.pl\/yanmar\/wp-content\/uploads\/sites\/6\/2024\/07\/sv17e_rs_013_hd-1024x703.jpg)\"                                     >\n                                        <div class=\"about-cards__item-text\">\n                                            KOPARKI\n                                        <\/div>\n                                    <\/a>\n                                                                                                                                <a href=\"https:\/\/wanicki.pl\/yanmar\/oferta\/maszyny\/ladowarki-kolowe\/\" class=\"about-cards__item\"\n                                        style=\"background-image: url(https:\/\/wanicki.pl\/yanmar\/wp-content\/uploads\/sites\/6\/2024\/07\/v80_rs_02_web_det_Easy-Resize.com_-1024x683.jpg)\"                                     >\n                                        <div class=\"about-cards__item-text\">\n                                            \u0141ADOWARKI\n                                        <\/div>\n                                    <\/a>\n                                                                                                                                <a href=\"https:\/\/wanicki.pl\/yanmar\/oferta\/maszyny\/maszyny-uzywane\/\" class=\"about-cards__item\"\n                                        style=\"background-image: url(https:\/\/wanicki.pl\/yanmar\/wp-content\/uploads\/sites\/6\/2024\/07\/vio38_rs_03-min-1024x683-1.jpg)\"                                     >\n                                        <div class=\"about-cards__item-text\">\n                                            MASZYNY U\u017bYWANE\n                                        <\/div>\n                                    <\/a>\n                                                                                                                                <a href=\"https:\/\/wanicki.pl\/yanmar\/serwis\/\" class=\"about-cards__item\"\n                                        style=\"background-image: url(https:\/\/wanicki.pl\/yanmar\/wp-content\/uploads\/sites\/6\/2024\/07\/maintenance_graissage-1024x576.jpg)\"                                     >\n                                        <div class=\"about-cards__item-text\">\n                                            SERWIS\n                                        <\/div>\n                                    <\/a>\n                                                                                    <\/div>\n                                                                                                                                                                                            <div class=\"about-cards__grid swiper-slide\">\n                                                                                                <a href=\"https:\/\/wanicki.pl\/yanmar\/czesci\/\" class=\"about-cards__item\"\n                                        style=\"background-image: url(https:\/\/wanicki.pl\/yanmar\/wp-content\/uploads\/sites\/6\/2024\/07\/dsvsvdgbfbf-1024x822.png)\"                                     >\n                                        <div class=\"about-cards__item-text\">\n                                            CZ\u0118\u015aCI I AKCESORIA\n                                        <\/div>\n                                    <\/a>\n                                                                                                                                <a href=\"https:\/\/wanicki.pl\/yanmar\/gwarancja\/\" class=\"about-cards__item\"\n                                        style=\"background-image: url(https:\/\/wanicki.pl\/yanmar\/wp-content\/uploads\/sites\/6\/2024\/07\/sv17e_rd_040_hd_Easy-Resize.com_-1024x682.jpg)\"                                     >\n                                        <div class=\"about-cards__item-text\">\n                                            GWARANCJA\n                                        <\/div>\n                                    <\/a>\n                                                                                    <\/div>\n                                                                                    <\/div>\n            <div class=\"about-cards__arrows\">\n                <div class=\"about-cards__arrows-button about-cards__arrows-left\">\n                    <svg width=\"12px\" height=\"12px\" class=\"about-cards__arrows-icon\" transform=\"rotate(90)\" fill=\"currentColor\" viewBox=\"0 0 96 96\" xmlns=\"http:\/\/www.w3.org\/2000\/svg\">\n  <path d=\"M81.846 25.388a6.024 6.024 0 0 0-8.45.767L48 56.625l-25.396-30.47a5.999 5.999 0 1 0-9.211 7.689l30.001 36.001a5.997 5.997 0 0 0 9.212 0l30.001-36.002a6.008 6.008 0 0 0-.761-8.455Z\"\/>\n<\/svg>                <\/div>\n                <div class=\"about-cards__arrows-button about-cards__arrows-right\">\n                    <svg width=\"12px\" height=\"12px\" class=\"about-cards__arrows-icon\" transform=\"rotate(-90)\" fill=\"currentColor\" viewBox=\"0 0 96 96\" xmlns=\"http:\/\/www.w3.org\/2000\/svg\">\n  <path d=\"M81.846 25.388a6.024 6.024 0 0 0-8.45.767L48 56.625l-25.396-30.47a5.999 5.999 0 1 0-9.211 7.689l30.001 36.001a5.997 5.997 0 0 0 9.212 0l30.001-36.002a6.008 6.008 0 0 0-.761-8.455Z\"\/>\n<\/svg>                <\/div>\n            <\/div>\n        <\/div>\n    <\/div>\n<\/div>\n\n\n<div class=\"wp-block-wanicki-image-with-text image-with-text  image-with-text--reversed \">\n\n    <div class=\"image-with-text__image\">\n                    <div class=\"image-with-text__image-photo\"\n                 style=\"background-image: url(https:\/\/wanicki.pl\/yanmar\/wp-content\/uploads\/sites\/6\/2024\/07\/sv19-vt_rc_04-min-scaled-1.jpg)\"><\/div>\n            <\/div>\n\n    <div class=\"image-with-text__info  image-with-text__info--reversed  \">\n                    <div class=\"image-with-text__info-title-wrapper\">\n                <h2 class=\"image-with-text__info-title image-with-text__info-title--big\">Yanmar- maszyny budowlane<\/h2>\n                                    <\/div>\n                            <div class=\"image-with-text__info-text\">\n                <p><strong>Rozpocznij swoj\u0105 budowlan\u0105 podr\u00f3\u017c z Grup\u0105 Wanicki, wiod\u0105cym dostawc\u0105 maszyn budowlanych japo\u0144skiego producenta Yanmar! Nasza oferta obejmuje szeroki wyb\u00f3r koparek g\u0105sienicowych, ko\u0142owych, \u0142adowarek, kt\u00f3re s\u0105 niezb\u0119dne w wielu bran\u017cach.<\/strong><\/p>\n<p>Dzi\u0119ki r\u00f3\u017cnorodno\u015bci modeli oraz bogatemu wyposa\u017ceniu, takiemu jak \u0142y\u017cki o r\u00f3\u017cnych kszta\u0142tach i wymiarach, szybkoz\u0142\u0105cza, powertilty, rototilty, m\u0142oty, wiertnice i wiele innych, Wanicki spe\u0142nia najwy\u017csze wymagania rynkowe oraz indywidualne potrzeby klient\u00f3w.<\/p>\n<p>Maszyny Yanmar wyr\u00f3\u017cniaj\u0105 si\u0119 kompaktowo\u015bci\u0105 i solidnym wykonaniem, co gwarantuje nie tylko bezpiecze\u0144stwo, ale tak\u017ce wygod\u0119 operatora podczas pracy, przyczyniaj\u0105c si\u0119 do zwi\u0119kszenia wydajno\u015bci rob\u00f3t budowlanych.<\/p>\n<p>Nasze maszyny to doskona\u0142e rozwi\u0105zanie dla klient\u00f3w z bran\u017c budowlanej, instalacyjnej, logistyki materia\u0142owej, komunalnej oraz rolniczej, kt\u00f3rzy zajmuj\u0105 si\u0119 us\u0142ugami odwodnienia i kszta\u0142towania teren\u00f3w.<\/p>\n<p><strong>Do\u0142\u0105cz do grona zadowolonych klient\u00f3w i zaufaj Wanicki &#8211; Twojemu partnerowi w biznesie budowlanym!<\/strong><\/p>\n\n            <\/div>\n                        \n    <\/div>\n\n<\/div>\n\n\n<div class=\"wp-block-wanicki-image-with-text image-with-text \">\n\n    <div class=\"image-with-text__image\">\n                    <div class=\"image-with-text__image-photo\"\n                 style=\"background-image: url(https:\/\/wanicki.pl\/yanmar\/wp-content\/uploads\/sites\/6\/2024\/07\/P6210057ENHM-6_Easy-Resize.com_.jpg)\"><\/div>\n            <\/div>\n\n    <div class=\"image-with-text__info  \">\n                    <div class=\"image-with-text__info-title-wrapper\">\n                <h2 class=\"image-with-text__info-title image-with-text__info-title--big\">DO\u015aWIADCZENIE<\/h2>\n                                    <\/div>\n                            <div class=\"image-with-text__info-text\">\n                <p><strong>Jeste\u015bmy autoryzowanym dealerem marki Yanmar.. <\/strong><\/p>\n<p>Dzia\u0142amy na terytorium wojew\u00f3dztwa podkarpackiego, ma\u0142opolskiego, lubelskiego i \u015bl\u0105skiego. Oferujemy obs\u0142ug\u0119 full-service.<\/p>\n<p>Naszym Klientom staramy si\u0119 zapewni\u0107 profesjonaln\u0105 obs\u0142ug\u0119 sprzeda\u017cow\u0105 oraz posprzeda\u017cow\u0105 dzi\u0119ki ofercie zaufanych marek wraz z mo\u017cliwo\u015bciami finansowania oraz ubezpiecze\u0144. Je\u015bli szukasz solidnej koparki, kt\u00f3ra b\u0119dzie Twoim wieloletnim partnerem w pracy &#8211; wybierz koparki Yanmar.<\/p>\n\n            <\/div>\n                        \n    <\/div>\n\n<\/div>\n\n\n<div class=\"wp-block-wanicki-video video\">\n\n    <div class=\"container video__container\">\n                <div class=\"video__oembed\">\n            <iframe loading=\"lazy\" title=\"Poznaj YANMAR SV17VT: Moc, Precyzja i Komfort\u00a0w\u00a0Jednym\" width=\"640\" height=\"360\" src=\"https:\/\/www.youtube.com\/embed\/twvwUXqj9dQ?feature=oembed\" frameborder=\"0\" allow=\"accelerometer; autoplay; clipboard-write; encrypted-media; gyroscope; picture-in-picture; web-share\" referrerpolicy=\"strict-origin-when-cross-origin\" allowfullscreen><\/iframe>\n        <\/div>\n    <\/div>\n\n    <div class=\"video__background\"><\/div>\n\n<\/div>\n","protected":false},"excerpt":{"rendered":"","protected":false},"author":1,"featured_media":0,"parent":0,"menu_order":0,"comment_status":"closed","ping_status":"closed","template":"","meta":{"_acf_changed":false,"_seopress_robots_primary_cat":"","_seopress_titles_title":"Yanmar - Wanicki.pl","_seopress_titles_desc":"Wanicki - dealer Yanmar \u2705 Koparki \u2705\u0141adowarki\u2705 Maszyny u\u017cywane \u2705 Serwis \u2705 Cz\u0119\u015bci i akcesoria \u2705 Gwarancja \u2705 Dowiedz si\u0119 wi\u0119cej!","_seopress_robots_index":"","inline_featured_image":false,"footnotes":""},"class_list":["post-1805","page","type-page","status-publish","hentry"],"acf":[],"_links":{"self":[{"href":"https:\/\/wanicki.pl\/yanmar\/wp-json\/wp\/v2\/pages\/1805","targetHints":{"allow":["GET"]}}],"collection":[{"href":"https:\/\/wanicki.pl\/yanmar\/wp-json\/wp\/v2\/pages"}],"about":[{"href":"https:\/\/wanicki.pl\/yanmar\/wp-json\/wp\/v2\/types\/page"}],"author":[{"embeddable":true,"href":"https:\/\/wanicki.pl\/yanmar\/wp-json\/wp\/v2\/users\/1"}],"replies":[{"embeddable":true,"href":"https:\/\/wanicki.pl\/yanmar\/wp-json\/wp\/v2\/comments?post=1805"}],"version-history":[{"count":15,"href":"https:\/\/wanicki.pl\/yanmar\/wp-json\/wp\/v2\/pages\/1805\/revisions"}],"predecessor-version":[{"id":2363,"href":"https:\/\/wanicki.pl\/yanmar\/wp-json\/wp\/v2\/pages\/1805\/revisions\/2363"}],"wp:attachment":[{"href":"https:\/\/wanicki.pl\/yanmar\/wp-json\/wp\/v2\/media?parent=1805"}],"curies":[{"name":"wp","href":"https:\/\/api.w.org\/{rel}","templated":true}]}}