{"id":1827,"date":"2024-07-10T12:36:06","date_gmt":"2024-07-10T10:36:06","guid":{"rendered":"https:\/\/wanicki.pl\/yanmar\/?page_id=1827"},"modified":"2024-09-11T09:18:00","modified_gmt":"2024-09-11T07:18:00","slug":"finansowanie-i-ubezpieczenia","status":"publish","type":"page","link":"https:\/\/wanicki.pl\/yanmar\/finansowanie-i-ubezpieczenia\/","title":{"rendered":"Finansowanie i ubezpieczenia"},"content":{"rendered":"<div class=\"wp-block-wanicki-page-hero-header page-hero-header\">\n    <div class=\"page-hero-header__image page-hero-header__image--desktop\"\n          style=\"background-image: url(https:\/\/wanicki.pl\/yanmar\/wp-content\/uploads\/sites\/6\/2024\/07\/cacaswcsa.png)\" ><\/div>\n    <div class=\"page-hero-header__image page-hero-header__image--mobile\"\n          style=\"background-image: url(https:\/\/wanicki.pl\/yanmar\/wp-content\/uploads\/sites\/6\/2024\/07\/cacaswcsa.png)\"\n            >\n    <\/div>\n    <div class=\"page-hero-header__container container\">\n        <h1 class=\"page-hero-header__title\"><strong>FINANSOWANIE I UBEZPIECZENIE<\/strong><\/h1>\n                    <div class=\"page-hero-header__subtitle\"><p>Jako autoryzowany dealer marki Yanmar, Grupa Wanicki oferuje nie tylko szeroki wyb\u00f3r nowoczesnych maszyn budowlanych, ale r\u00f3wnie\u017c kompleksowe wsparcie finansowe i ubezpieczeniowe.<\/p>\n<\/div>\n                    <\/div>\n<\/div>\n\n\n<div class=\"wp-block-wanicki-image-with-text image-with-text  image-with-text--reversed \">\n\n    <div class=\"image-with-text__image\">\n                    <div class=\"image-with-text__image-photo\"\n                 style=\"background-image: url(https:\/\/wanicki.pl\/yanmar\/wp-content\/uploads\/sites\/6\/2024\/07\/sv19-vt_rc_04-min-scaled-1.jpg)\"><\/div>\n            <\/div>\n\n    <div class=\"image-with-text__info  image-with-text__info--reversed   image-with-text__info--white \">\n                    <div class=\"image-with-text__info-title-wrapper\">\n                <h2 class=\"image-with-text__info-title image-with-text__info-title--big\">kompleksowe wsparcie<\/h2>\n                                    <\/div>\n                            <div class=\"image-with-text__info-text\">\n                <p>Zaawansowane maszyny budowlane to kluczowy element w bran\u017cy budowlanej, i nie musisz by\u0107 in\u017cynierem, aby to zrozumie\u0107.<\/p>\n<p>Dzi\u0119ki leasingowi maszyn mo\u017cesz wyposa\u017cy\u0107 swoj\u0105 firm\u0119 w niezb\u0119dny sprz\u0119t bez zb\u0119dnego obci\u0105\u017cania bud\u017cetu.<\/p>\n<p>Nie wa\u017cne, czy potrzebujesz koparki, koparko-\u0142adowarki czy wywrotki &#8211; leasing zapewni Ci dost\u0119p do szerokiego asortymentu maszyn budowlanych, kt\u00f3re spe\u0142ni\u0105 Twoje wymagania.<\/p>\n<p>&nbsp;<\/p>\n<h2>Kompleksowa Ochrona<\/h2>\n<p>Zapewniamy pe\u0142ne ubezpieczenie koparek Yanmar, kt\u00f3re obejmuje r\u00f3\u017cnorodne ryzyka, takie jak uszkodzenia mechaniczne, kradzie\u017ce, wypadki oraz naturalne katastrofy. Dzi\u0119ki temu Twoje maszyny s\u0105 chronione w ka\u017cdej sytuacji.<\/p>\n\n            <\/div>\n                        \n    <\/div>\n\n<\/div>\n\n\n<div class=\"wp-block-wanicki-image-with-text image-with-text \">\n\n    <div class=\"image-with-text__image\">\n                    <div class=\"image-with-text__image-photo\"\n                 style=\"background-image: url(https:\/\/wanicki.pl\/yanmar\/wp-content\/uploads\/sites\/6\/2024\/07\/1-1.png)\"><\/div>\n            <\/div>\n\n    <div class=\"image-with-text__info  \">\n                    <div class=\"image-with-text__info-title-wrapper\">\n                <h2 class=\"image-with-text__info-title image-with-text__info-title--big\">Atrakcyjne Opcje Finansowania<\/h2>\n                                    <\/div>\n                            <div class=\"image-with-text__info-text\">\n                <p>Wybieraj\u0105c leasing maszyn budowlanych, zyskujesz mo\u017cliwo\u015b\u0107 zakupu zar\u00f3wno nowego, jak i u\u017cywanego sprz\u0119tu.<\/p>\n<p>Proste procedury, szybka decyzja oraz elastyczne warunki umowy &#8211; to wszystko oferuje finansowanie fabryczne Yanmar. Ka\u017cd\u0105 ofert\u0119 dopasowujemy do Twoich indywidualnych potrzeb, zapewniaj\u0105c Ci kompleksow\u0105 obs\u0142ug\u0119 na ka\u017cdym etapie.<\/p>\n<p>Zainwestuj w przysz\u0142o\u015b\u0107 swojej firmy ju\u017c dzi\u015b dzi\u0119ki leasingowi maszyn budowlanych Yanmar!<\/p>\n<p>&nbsp;<\/p>\n<p><strong>Leasing Operacyjny i Finansowy<\/strong><\/p>\n<p>Oferujemy elastyczne opcje leasingu operacyjnego i finansowego, kt\u00f3re pozwalaj\u0105 na \u0142atwe zarz\u0105dzanie bud\u017cetem i optymalizacj\u0119 koszt\u00f3w. Dzi\u0119ki wsp\u00f3\u0142pracy z renomowanymi instytucjami finansowymi, zapewniamy atrakcyjne warunki leasingowe, dostosowane do specyfiki Twojej dzia\u0142alno\u015bci.<\/p>\n<p><strong>Kredyty i Po\u017cyczki<\/strong><\/p>\n<p>Dla klient\u00f3w preferuj\u0105cych inne formy finansowania, mamy w ofercie korzystne kredyty i po\u017cyczki. Nasi doradcy pomog\u0105 Ci wybra\u0107 najlepsz\u0105 opcj\u0119, zapewniaj\u0105c szybki proces aplikacyjny i transparentne warunki umowy.<\/p>\n<p><strong>Dopasowane Plany Sp\u0142aty<\/strong><\/p>\n<p>Rozumiemy, \u017ce ka\u017cda firma ma inne potrzeby i mo\u017cliwo\u015bci finansowe, dlatego oferujemy dopasowane plany sp\u0142aty, kt\u00f3re zapewniaj\u0105 elastyczno\u015b\u0107 i komfort w zarz\u0105dzaniu zobowi\u0105zaniami.<\/p>\n\n            <\/div>\n                        \n    <\/div>\n\n<\/div>\n\n\n<div class=\"wp-block-wanicki-text-with-points text-with-points__wrapper \">\n\n    <div class=\"container text-with-points\">\n\n        <div class=\"text-with-points__title\">\n            Leasing 36 m-cy 0%\n        <\/div>\n\n        <div class=\"text-with-points__content\">\n                            <div class=\"text-with-points__content-text\">\n                    <ul>\n<li>oprocentowanie 0%<\/li>\n<li>okres trwania umowy 36 miesi\u0119cy<\/li>\n<li>wp\u0142ata w\u0142asna klienta 20% lub wi\u0119cej, wykup 1%, raty miesi\u0119czne<\/li>\n<\/ul>\n\n                <\/div>\n                        <div class=\"text-with-points__points\">\n                                            <\/div>\n        <\/div>\n    <\/div>\n\n<\/div>\n\n\n<div class=\"wp-block-wanicki-image-with-text image-with-text  image-with-text--reversed \">\n\n    <div class=\"image-with-text__image\">\n                    <div class=\"image-with-text__image-photo\"\n                 style=\"background-image: url(https:\/\/wanicki.pl\/yanmar\/wp-content\/uploads\/sites\/6\/2024\/07\/vio38-6_rc_076-min-scaled-1.jpg)\"><\/div>\n            <\/div>\n\n    <div class=\"image-with-text__info  image-with-text__info--reversed  \">\n                    <div class=\"image-with-text__info-title-wrapper\">\n                <h2 class=\"image-with-text__info-title image-with-text__info-title--big\">Ubezpieczenia Maszyn Budowlanych<\/h2>\n                                    <\/div>\n                            <div class=\"image-with-text__info-text\">\n                <p><strong>Dostosowane Polisy Ubezpieczeniowe<\/strong><\/p>\n<p>Oferujemy ubezpieczenia dopasowane do specyfiki Twojej dzia\u0142alno\u015bci. Nasi specjali\u015bci pomog\u0105 Ci wybra\u0107 odpowiedni\u0105 polis\u0119, kt\u00f3ra zapewni maksymaln\u0105 ochron\u0119 przy minimalnych kosztach.<\/p>\n<p><strong>Wsparcie w Procesie Ubezpieczeniowym<\/strong><\/p>\n<p>Od momentu wyboru polisy po zg\u0142oszenie szkody, nasi doradcy s\u0105 do Twojej dyspozycji. Zapewniamy pe\u0142ne wsparcie w procesie ubezpieczeniowym, aby\u015b m\u00f3g\u0142 skupi\u0107 si\u0119 na prowadzeniu biznesu, a nie na formalno\u015bciach.<\/p>\n<p><strong>Szybko\u015b\u0107 i Efektywno\u015b\u0107<\/strong><\/p>\n<p>Stawiamy na szybkie i efektywne dzia\u0142anie. Dzi\u0119ki naszym uproszczonym procedurom, proces uzyskania\u00a0 ubezpieczenia jest maksymalnie skr\u00f3cony i bezproblemowy.<\/p>\n\n            <\/div>\n                        \n    <\/div>\n\n<\/div>\n\n\n<div class=\"wp-block-wanicki-job-form job-form__container\" id=\"\">\n    <div class=\"container job-form\">\n        <div class=\"job-form__info\">\n            <h2 class=\"job-form__info-title\">JESTE\u015a ZAINTERESOWANY OFERT\u0104 FINANSOWANIA?<\/h2>\n                    <p class=\"job-form__info-text\">\n                Skontaktuj si\u0119 z nami!\n            <\/p>\n        <\/div>\n        <div class=\"job-form__form\">\n            \n<div class=\"wpcf7 no-js\" id=\"wpcf7-f2179-o1\" lang=\"pl-PL\" dir=\"ltr\" data-wpcf7-id=\"2179\">\n<div class=\"screen-reader-response\"><p role=\"status\" aria-live=\"polite\" aria-atomic=\"true\"><\/p> <ul><\/ul><\/div>\n<form action=\"\/yanmar\/wp-json\/wp\/v2\/pages\/1827#wpcf7-f2179-o1\" method=\"post\" class=\"wpcf7-form init\" aria-label=\"Formularz kontaktowy\" novalidate=\"novalidate\" data-status=\"init\">\n<fieldset class=\"hidden-fields-container\"><input type=\"hidden\" name=\"_wpcf7\" value=\"2179\" \/><input type=\"hidden\" name=\"_wpcf7_version\" value=\"6.1.5\" \/><input type=\"hidden\" name=\"_wpcf7_locale\" value=\"pl_PL\" \/><input type=\"hidden\" name=\"_wpcf7_unit_tag\" value=\"wpcf7-f2179-o1\" \/><input type=\"hidden\" name=\"_wpcf7_container_post\" value=\"0\" \/><input type=\"hidden\" name=\"_wpcf7_posted_data_hash\" value=\"\" \/><input type=\"hidden\" name=\"_wpcf7_recaptcha_response\" value=\"\" \/>\n<\/fieldset>\n<div class=\"form-columns\">\n\t<p><label><span class=\"form-label\">Imi\u0119*<\/span><span class=\"wpcf7-form-control-wrap\" data-name=\"your-name\"><input size=\"40\" maxlength=\"400\" class=\"wpcf7-form-control wpcf7-text wpcf7-validates-as-required\" aria-required=\"true\" aria-invalid=\"false\" value=\"\" type=\"text\" name=\"your-name\" \/><\/span><\/label><br \/>\n<label><span class=\"form-label\">Nazwisko*<\/span><span class=\"wpcf7-form-control-wrap\" data-name=\"your-surname\"><input size=\"40\" maxlength=\"400\" class=\"wpcf7-form-control wpcf7-text\" aria-invalid=\"false\" value=\"\" type=\"text\" name=\"your-surname\" \/><\/span><\/label>\n\t<\/p>\n<\/div>\n<div class=\"form-columns\">\n\t<p><label><span class=\"form-label\">Email*<\/span><span class=\"wpcf7-form-control-wrap\" data-name=\"your-email\"><input size=\"40\" maxlength=\"400\" class=\"wpcf7-form-control wpcf7-email wpcf7-validates-as-required wpcf7-text wpcf7-validates-as-email\" aria-required=\"true\" aria-invalid=\"false\" value=\"\" type=\"email\" name=\"your-email\" \/><\/span><\/label><br \/>\n<label><span class=\"form-label\">Numer telefonu*<\/span><span class=\"wpcf7-form-control-wrap\" data-name=\"your-phone\"><input size=\"40\" maxlength=\"400\" class=\"wpcf7-form-control wpcf7-tel wpcf7-validates-as-required wpcf7-text wpcf7-validates-as-tel\" aria-required=\"true\" aria-invalid=\"false\" value=\"\" type=\"tel\" name=\"your-phone\" \/><\/span><\/label>\n\t<\/p>\n<\/div>\n<p><label><span class=\"form-label\">Kod pocztowy*<\/span><span class=\"wpcf7-form-control-wrap\" data-name=\"your-postcode\"><input size=\"40\" maxlength=\"400\" class=\"wpcf7-form-control wpcf7-text wpcf7-validates-as-required\" aria-required=\"true\" aria-invalid=\"false\" value=\"\" type=\"text\" name=\"your-postcode\" \/><\/span><\/label>\n<\/p>\n<div class=\"checkbox-input\" style=\"font-size: 0.75em\">\n\t<p><span class=\"wpcf7-form-control-wrap\" data-name=\"your-acceptance\"><span class=\"wpcf7-form-control wpcf7-acceptance\"><span class=\"wpcf7-list-item\"><input type=\"checkbox\" name=\"your-acceptance\" value=\"1\" aria-invalid=\"false\" \/><\/span><\/span><\/span>\n\t<\/p>\n\t<div>\n\t\t<p>*O\u015bwiadczam, \u017ce zapozna\u0142em si\u0119 z <a href='\/polityka-prywatnosci\/' target=\"_blank\">Polityk\u0105 prywatno\u015bci oraz Regulaminem \u015bwiadczenia us\u0142ug drog\u0105 elektroniczn\u0105<\/a> i akceptuj\u0119 ich tre\u015b\u0107.\n\t\t<\/p>\n\t<\/div>\n<\/div>\n<div class=\"checkbox-input\" style=\"font-size: 0.75em\">\n\t<p><span class=\"wpcf7-form-control-wrap\" data-name=\"your-acceptance-info\"><span class=\"wpcf7-form-control wpcf7-acceptance optional\"><span class=\"wpcf7-list-item\"><input type=\"checkbox\" name=\"your-acceptance-info\" value=\"1\" aria-invalid=\"false\" \/><\/span><\/span><\/span>\n\t<\/p>\n\t<div>\n\t\t<p>Wyra\u017cam zgod\u0119 na przesy\u0142anie informacji handlowej skierowanej za pomoc\u0105 \u015brodk\u00f3w komunikacji elektronicznej oraz na u\u017cywanie telekomunikacyjnych urz\u0105dze\u0144 ko\u0144cowych i automatycznych system\u00f3w wywo\u0142uj\u0105cych dla cel\u00f3w marketingu bezpo\u015bredniego przez Grup\u0119 Wanicki*\n\t\t<\/p>\n\t<\/div>\n<\/div>\n<div style=\"font-size: 0.75em\">\n\t<p>Zgoda obejmuje kontakt za po\u015brednictwem:\n\t<\/p>\n<\/div>\n<div class=\"checkbox-input\" style=\"font-size: 0.75em\">\n\t<p><span class=\"wpcf7-form-control-wrap\" data-name=\"your-acceptance-email\"><span class=\"wpcf7-form-control wpcf7-acceptance optional\"><span class=\"wpcf7-list-item\"><input type=\"checkbox\" name=\"your-acceptance-email\" value=\"1\" aria-invalid=\"false\" \/><\/span><\/span><\/span>\n\t<\/p>\n\t<div>\n\t\t<p>E-mail\n\t\t<\/p>\n\t<\/div>\n<\/div>\n<div class=\"checkbox-input\" style=\"font-size: 0.75em\">\n\t<p><span class=\"wpcf7-form-control-wrap\" data-name=\"your-acceptance-sms\"><span class=\"wpcf7-form-control wpcf7-acceptance optional\"><span class=\"wpcf7-list-item\"><input type=\"checkbox\" name=\"your-acceptance-sms\" value=\"1\" aria-invalid=\"false\" \/><\/span><\/span><\/span>\n\t<\/p>\n\t<div>\n\t\t<p>SMS\n\t\t<\/p>\n\t<\/div>\n<\/div>\n<div class=\"checkbox-input\" style=\"font-size: 0.75em\">\n\t<p><span class=\"wpcf7-form-control-wrap\" data-name=\"your-acceptance-tel\"><span class=\"wpcf7-form-control wpcf7-acceptance optional\"><span class=\"wpcf7-list-item\"><input type=\"checkbox\" name=\"your-acceptance-tel\" value=\"1\" aria-invalid=\"false\" \/><\/span><\/span><\/span>\n\t<\/p>\n\t<div>\n\t\t<p>Kontakt telefoniczny\n\t\t<\/p>\n\t<\/div>\n<\/div>\n<div style=\"font-size: 0.75em\">\n\t<p>*przez Grup\u0119 Wanicki rozumie si\u0119 nast\u0119puj\u0105ce sp\u00f3\u0142ki: Firma Wanicki sp. z o.o. z siedzib\u0105 w Mogilanach, ul. My\u015blenicka 19, 32-031 Mogilany, KRS: 0000214618; Wanicki Serwis sp. z o.o. z siedzib\u0105 w Mogilanach, ul. My\u015blenicka 19, 32.-031 Mogilany, KRS: 0000225703, MW Wanicki sp. z o.o. z siedzib\u0105 w Mogilanach, ul. My\u015blenicka 19, 32.-031 Mogilany, KRS: 0000290954; BW Wanicki sp. z o.o. z siedzib\u0105 w Mogilanach, ul. My\u015blenicka 19, 32.-031 Mogilany, KRS: 0000277732; SW Wanicki sp. z o.o. z siedzib\u0105 w Mogilanach, ul. My\u015blenicka 19, 32.-031 Mogilany, KRS: 0000318232; Nedpol Truck Service sp. z o.o. z siedzib\u0105 w Romanowie, Roman\u00f3w 10b, 42-260 Roman\u00f3w, KRS: 0000062292; WW Wanicki sp. z o.o. z siedzib\u0105 w Trzcianie, Trzciana 162, 36-071 Trzciana, KRS: 0000214811; PT Wanicki sp. z o.o. z siedzib\u0105 w Mogilanach, ul. My\u015blenicka 19, 32.-031 Mogilany, KRS: 0001069064; Wanicki Rental sp. z o.o. z siedzib\u0105 w Mogilanach, ul. My\u015blenicka 19, 32.-031 Mogilany, KRS: 0000997992.\n\t<\/p>\n<\/div>\n<p><input class=\"wpcf7-form-control wpcf7-submit has-spinner\" type=\"submit\" value=\"Prosz\u0119 o kontakt\" \/>\n<\/p><div class=\"wpcf7-response-output\" aria-hidden=\"true\"><\/div>\n<\/form>\n<\/div>\n        <\/div>\n    <\/div>\n<\/div>\n","protected":false},"excerpt":{"rendered":"","protected":false},"author":1,"featured_media":0,"parent":0,"menu_order":0,"comment_status":"closed","ping_status":"closed","template":"","meta":{"_acf_changed":false,"_seopress_robots_primary_cat":"","_seopress_titles_title":"Finansowanie i ubezpieczenia - Yanmar - Wanicki.pl","_seopress_titles_desc":"Wanicki - dealer Yanmar \u2705 Oferta finansowania zakupu koparki Yanmar\u2705 Leasing 36 m-cy 0% - kredyty \u2705Ubezpieczenie maszyny Yanmar","_seopress_robots_index":"","inline_featured_image":false,"footnotes":""},"class_list":["post-1827","page","type-page","status-publish","hentry"],"acf":[],"_links":{"self":[{"href":"https:\/\/wanicki.pl\/yanmar\/wp-json\/wp\/v2\/pages\/1827","targetHints":{"allow":["GET"]}}],"collection":[{"href":"https:\/\/wanicki.pl\/yanmar\/wp-json\/wp\/v2\/pages"}],"about":[{"href":"https:\/\/wanicki.pl\/yanmar\/wp-json\/wp\/v2\/types\/page"}],"author":[{"embeddable":true,"href":"https:\/\/wanicki.pl\/yanmar\/wp-json\/wp\/v2\/users\/1"}],"replies":[{"embeddable":true,"href":"https:\/\/wanicki.pl\/yanmar\/wp-json\/wp\/v2\/comments?post=1827"}],"version-history":[{"count":20,"href":"https:\/\/wanicki.pl\/yanmar\/wp-json\/wp\/v2\/pages\/1827\/revisions"}],"predecessor-version":[{"id":2278,"href":"https:\/\/wanicki.pl\/yanmar\/wp-json\/wp\/v2\/pages\/1827\/revisions\/2278"}],"wp:attachment":[{"href":"https:\/\/wanicki.pl\/yanmar\/wp-json\/wp\/v2\/media?parent=1827"}],"curies":[{"name":"wp","href":"https:\/\/api.w.org\/{rel}","templated":true}]}}