{"id":2196,"date":"2024-07-16T12:13:46","date_gmt":"2024-07-16T10:13:46","guid":{"rendered":"https:\/\/wanicki.pl\/yanmar\/?page_id=2196"},"modified":"2025-01-10T13:49:45","modified_gmt":"2025-01-10T12:49:45","slug":"o-nas","status":"publish","type":"page","link":"https:\/\/wanicki.pl\/yanmar\/o-nas\/","title":{"rendered":"O nas"},"content":{"rendered":"<div class=\"wp-block-wanicki-page-hero-header page-hero-header\">\n    <div class=\"page-hero-header__image page-hero-header__image--desktop\"\n          style=\"background-image: url(https:\/\/wanicki.pl\/yanmar\/wp-content\/uploads\/sites\/6\/2024\/07\/header-1024x330-1.jpg)\" ><\/div>\n    <div class=\"page-hero-header__image page-hero-header__image--mobile\"\n          style=\"background-image: url(https:\/\/wanicki.pl\/yanmar\/wp-content\/uploads\/sites\/6\/2024\/07\/header-1024x330-1.jpg)\"\n            >\n    <\/div>\n    <div class=\"page-hero-header__container container\">\n        <h1 class=\"page-hero-header__title\"><strong>O NAS<\/strong><\/h1>\n                    <div class=\"page-hero-header__subtitle\"><p>Wanicki &#8211; TW\u00d3J OFICJALNY DEALER YANMAR<\/p>\n<\/div>\n                    <\/div>\n<\/div>\n\n\n<div class=\"wp-block-wanicki-image-with-text image-with-text \">\n\n    <div class=\"image-with-text__image\">\n                    <div class=\"image-with-text__image-photo\"\n                 style=\"background-image: url(https:\/\/wanicki.pl\/yanmar\/wp-content\/uploads\/sites\/6\/2024\/07\/v100_rc_01-min-scaled-1.jpg)\"><\/div>\n            <\/div>\n\n    <div class=\"image-with-text__info   image-with-text__info--white \">\n                    <div class=\"image-with-text__info-title-wrapper\">\n                <h2 class=\"image-with-text__info-title image-with-text__info-title--big\">KIM JESTE\u015aMY?<\/h2>\n                                    <\/div>\n                            <div class=\"image-with-text__info-text\">\n                <p>Jeste\u015bmy autoryzowanym dealerem firmy YANMAR CONSTRUCTION EQUIPMENT EUROPE SAS w regionach podkarpackim, ma\u0142opolskim.<\/p>\n<p>Koncentrujemy si\u0119 na sprzeda\u017cy sprz\u0119tu budowlanego w segmencie minikoparek, midikoparek, mikrokoparek oraz specjalistycznych maszyn budowlanych.<\/p>\n<p><strong>Nasz\u0105 misj\u0105 jest dostarczanie niezawodnego sprz\u0119tu, a tak\u017ce zapewnienie pe\u0142nego wsparcia technicznego i serwisowego, kt\u00f3re pozwoli naszym klientom na efektywne i bezproblemowe<\/strong><br \/>\n<strong>korzystanie z maszyn marki YANMAR.<\/strong><\/p>\n\n            <\/div>\n                        \n    <\/div>\n\n<\/div>\n\n\n<div class=\"wp-block-wanicki-cta-banner cta-banner\">\n    <div class=\"container\">\n        <div class=\"cta-banner__container\">\n            <div class=\"cta-banner__image\"\n                             ><\/div>\n            <h2 class=\"cta-banner__title\">Co Nas wyr\u00f3\u017cnia?<\/h2>\n                            <\/div>\n    <\/div>\n<\/div>\n\n\n<div class=\"wp-block-wanicki-image-with-text image-with-text  image-with-text--reversed \">\n\n    <div class=\"image-with-text__image\">\n                    <div class=\"image-with-text__image-photo\"\n                 style=\"background-image: url(https:\/\/wanicki.pl\/yanmar\/wp-content\/uploads\/sites\/6\/2024\/07\/v120_rc_01-min.jpg)\"><\/div>\n            <\/div>\n\n    <div class=\"image-with-text__info  image-with-text__info--reversed   image-with-text__info--white \">\n                    <div class=\"image-with-text__info-title-wrapper\">\n                <h2 class=\"image-with-text__info-title image-with-text__info-title--big\">Profesjonalny serwis<\/h2>\n                                    <\/div>\n                            <div class=\"image-with-text__info-text\">\n                <p><strong>Nasze centrum serwisowe wyposa\u017cone jest w nowoczesny sprz\u0119t, a tak\u017ce samochody <\/strong><strong>pogotowia technicznego, kt\u00f3re umo\u017cliwiaj\u0105 naprawy mobilne. <\/strong><\/p>\n<p>Wybieraj\u0105c maszyny marki Yanmar, zyskujesz kompleksowe wsparcie naszych specjalist\u00f3w na ka\u017cdym etapie ich<br \/>\nu\u017cytkowania.<\/p>\n\n            <\/div>\n                            <a href=\"https:\/\/wanicki.pl\/yanmar\/serwis\/\" class=\"btn btn--primary image-with-text__button \"\n               >Zobacz wi\u0119cej<\/a>\n                \n    <\/div>\n\n<\/div>\n\n\n<div class=\"wp-block-wanicki-image-with-text image-with-text \">\n\n    <div class=\"image-with-text__image\">\n                    <div class=\"image-with-text__image-photo\"\n                 style=\"background-image: url(https:\/\/wanicki.pl\/yanmar\/wp-content\/uploads\/sites\/6\/2024\/07\/b7-6_c_063_0-min-scaled-1.jpg)\"><\/div>\n            <\/div>\n\n    <div class=\"image-with-text__info  \">\n                    <div class=\"image-with-text__info-title-wrapper\">\n                <h2 class=\"image-with-text__info-title image-with-text__info-title--big\">Dost\u0119pno\u015b\u0107 oryginalnych cz\u0119\u015bci zamiennych<\/h2>\n                                    <\/div>\n                            <div class=\"image-with-text__info-text\">\n                <p><strong>U nas znajdziesz oryginalne cz\u0119\u015bci zamienne YANMAR, co gwarantuje wydajno\u015b\u0107 i niezawodno\u015b\u0107 Twoich maszyn.<\/strong><\/p>\n<p>Nasza sie\u0107 dystrybucyjna umo\u017cliwia b\u0142yskawiczn\u0105 dostaw\u0119 cz\u0119\u015bci zamiennych do ka\u017cdego zak\u0105tka Polski, co minimalizuje czas przestoju maszyn i zapewnia ich ci\u0105g\u0142\u0105 gotowo\u015b\u0107 do pracy.<\/p>\n\n            <\/div>\n                            <a href=\"https:\/\/wanicki.pl\/yanmar\/czesci\/\" class=\"btn btn--primary image-with-text__button \"\n               >Zobacz wi\u0119cej<\/a>\n                \n    <\/div>\n\n<\/div>\n\n\n<div class=\"wp-block-wanicki-image-with-text image-with-text  image-with-text--reversed \">\n\n    <div class=\"image-with-text__image\">\n                    <div class=\"image-with-text__image-photo\"\n                 style=\"background-image: url(https:\/\/wanicki.pl\/yanmar\/wp-content\/uploads\/sites\/6\/2024\/07\/v100_rc_04-min-scaled-1.jpg)\"><\/div>\n            <\/div>\n\n    <div class=\"image-with-text__info  image-with-text__info--reversed   image-with-text__info--white \">\n                    <div class=\"image-with-text__info-title-wrapper\">\n                <h2 class=\"image-with-text__info-title image-with-text__info-title--big\">Gwarancja od producenta<\/h2>\n                                    <\/div>\n                            <div class=\"image-with-text__info-text\">\n                <p>Dodatkowo oferujemy mo\u017cliwo\u015b\u0107 wykupienia pe\u0142nej, sze\u015bcioletniej gwarancji od producenta, co daje Ci pewno\u015b\u0107, \u017ce <strong>Twoje inwestycje w maszyny Yanmar s\u0105 odpowiednio<\/strong><br \/>\n<strong>zabezpieczone.<\/strong><\/p>\n\n            <\/div>\n                            <a href=\"https:\/\/wanicki.pl\/yanmar\/gwarancja\/\" class=\"btn btn--primary image-with-text__button \"\n               >Zobacz wi\u0119cej<\/a>\n                \n    <\/div>\n\n<\/div>\n\n\n<div class=\"wp-block-wanicki-job-form job-form__container\" id=\"\">\n    <div class=\"container job-form\">\n        <div class=\"job-form__info\">\n            <h2 class=\"job-form__info-title\">SKONTAKTUJ SI\u0118 Z NAMI<\/h2>\n                    <p class=\"job-form__info-text\">\n                Skorzystaj z naszej profesjonalnej obs\u0142ugi i przekonaj si\u0119, jak mo\u017cemy pom\u00f3c rozwin\u0105\u0107 Tw\u00f3j biznes!\n            <\/p>\n        <\/div>\n        <div class=\"job-form__form\">\n            \n<div class=\"wpcf7 no-js\" id=\"wpcf7-f2199-o1\" lang=\"pl-PL\" dir=\"ltr\" data-wpcf7-id=\"2199\">\n<div class=\"screen-reader-response\"><p role=\"status\" aria-live=\"polite\" aria-atomic=\"true\"><\/p> <ul><\/ul><\/div>\n<form action=\"\/yanmar\/wp-json\/wp\/v2\/pages\/2196#wpcf7-f2199-o1\" method=\"post\" class=\"wpcf7-form init\" aria-label=\"Formularz kontaktowy\" novalidate=\"novalidate\" data-status=\"init\">\n<fieldset class=\"hidden-fields-container\"><input type=\"hidden\" name=\"_wpcf7\" value=\"2199\" \/><input type=\"hidden\" name=\"_wpcf7_version\" value=\"6.1.5\" \/><input type=\"hidden\" name=\"_wpcf7_locale\" value=\"pl_PL\" \/><input type=\"hidden\" name=\"_wpcf7_unit_tag\" value=\"wpcf7-f2199-o1\" \/><input type=\"hidden\" name=\"_wpcf7_container_post\" value=\"0\" \/><input type=\"hidden\" name=\"_wpcf7_posted_data_hash\" value=\"\" \/><input type=\"hidden\" name=\"_wpcf7_recaptcha_response\" value=\"\" \/>\n<\/fieldset>\n<div class=\"form-columns\">\n\t<p><label><span class=\"form-label\">Imi\u0119*<\/span><span class=\"wpcf7-form-control-wrap\" data-name=\"your-name\"><input size=\"40\" maxlength=\"400\" class=\"wpcf7-form-control wpcf7-text wpcf7-validates-as-required\" aria-required=\"true\" aria-invalid=\"false\" value=\"\" type=\"text\" name=\"your-name\" \/><\/span><\/label><br \/>\n<label><span class=\"form-label\">Nazwisko*<\/span><span class=\"wpcf7-form-control-wrap\" data-name=\"your-surname\"><input size=\"40\" maxlength=\"400\" class=\"wpcf7-form-control wpcf7-text\" aria-invalid=\"false\" value=\"\" type=\"text\" name=\"your-surname\" \/><\/span><\/label>\n\t<\/p>\n<\/div>\n<div class=\"form-columns\">\n\t<p><label><span class=\"form-label\">Email*<\/span><span class=\"wpcf7-form-control-wrap\" data-name=\"your-email\"><input size=\"40\" maxlength=\"400\" class=\"wpcf7-form-control wpcf7-email wpcf7-validates-as-required wpcf7-text wpcf7-validates-as-email\" aria-required=\"true\" aria-invalid=\"false\" value=\"\" type=\"email\" name=\"your-email\" \/><\/span><\/label><br \/>\n<label><span class=\"form-label\">Numer telefonu*<\/span><span class=\"wpcf7-form-control-wrap\" data-name=\"your-phone\"><input size=\"40\" maxlength=\"400\" class=\"wpcf7-form-control wpcf7-tel wpcf7-validates-as-required wpcf7-text wpcf7-validates-as-tel\" aria-required=\"true\" aria-invalid=\"false\" value=\"\" type=\"tel\" name=\"your-phone\" \/><\/span><\/label>\n\t<\/p>\n<\/div>\n<p><label><span class=\"form-label\">Kod pocztowy*<\/span><span class=\"wpcf7-form-control-wrap\" data-name=\"your-postcode\"><input size=\"40\" maxlength=\"400\" class=\"wpcf7-form-control wpcf7-text wpcf7-validates-as-required\" aria-required=\"true\" aria-invalid=\"false\" value=\"\" type=\"text\" name=\"your-postcode\" \/><\/span><\/label>\n<\/p>\n<div class=\"checkbox-input\" style=\"font-size: 0.75em\">\n\t<p><span class=\"wpcf7-form-control-wrap\" data-name=\"your-acceptance\"><span class=\"wpcf7-form-control wpcf7-acceptance\"><span class=\"wpcf7-list-item\"><input type=\"checkbox\" name=\"your-acceptance\" value=\"1\" aria-invalid=\"false\" \/><\/span><\/span><\/span>\n\t<\/p>\n\t<div>\n\t\t<p>*O\u015bwiadczam, \u017ce zapozna\u0142em si\u0119 z <a href='\/polityka-prywatnosci\/' target=\"_blank\">Polityk\u0105 prywatno\u015bci oraz Regulaminem \u015bwiadczenia us\u0142ug drog\u0105 elektroniczn\u0105<\/a> i akceptuj\u0119 ich tre\u015b\u0107.\n\t\t<\/p>\n\t<\/div>\n<\/div>\n<div class=\"checkbox-input\" style=\"font-size: 0.75em\">\n\t<p><span class=\"wpcf7-form-control-wrap\" data-name=\"your-acceptance-info\"><span class=\"wpcf7-form-control wpcf7-acceptance optional\"><span class=\"wpcf7-list-item\"><input type=\"checkbox\" name=\"your-acceptance-info\" value=\"1\" aria-invalid=\"false\" \/><\/span><\/span><\/span>\n\t<\/p>\n\t<div>\n\t\t<p>Wyra\u017cam zgod\u0119 na przesy\u0142anie informacji handlowej skierowanej za pomoc\u0105 \u015brodk\u00f3w komunikacji elektronicznej oraz na u\u017cywanie telekomunikacyjnych urz\u0105dze\u0144 ko\u0144cowych i automatycznych system\u00f3w wywo\u0142uj\u0105cych dla cel\u00f3w marketingu bezpo\u015bredniego przez Grup\u0119 Wanicki*\n\t\t<\/p>\n\t<\/div>\n<\/div>\n<div style=\"font-size: 0.75em\">\n\t<p>Zgoda obejmuje kontakt za po\u015brednictwem:\n\t<\/p>\n<\/div>\n<div class=\"checkbox-input\" style=\"font-size: 0.75em\">\n\t<p><span class=\"wpcf7-form-control-wrap\" data-name=\"your-acceptance-email\"><span class=\"wpcf7-form-control wpcf7-acceptance optional\"><span class=\"wpcf7-list-item\"><input type=\"checkbox\" name=\"your-acceptance-email\" value=\"1\" aria-invalid=\"false\" \/><\/span><\/span><\/span>\n\t<\/p>\n\t<div>\n\t\t<p>E-mail\n\t\t<\/p>\n\t<\/div>\n<\/div>\n<div class=\"checkbox-input\" style=\"font-size: 0.75em\">\n\t<p><span class=\"wpcf7-form-control-wrap\" data-name=\"your-acceptance-sms\"><span class=\"wpcf7-form-control wpcf7-acceptance optional\"><span class=\"wpcf7-list-item\"><input type=\"checkbox\" name=\"your-acceptance-sms\" value=\"1\" aria-invalid=\"false\" \/><\/span><\/span><\/span>\n\t<\/p>\n\t<div>\n\t\t<p>SMS\n\t\t<\/p>\n\t<\/div>\n<\/div>\n<div class=\"checkbox-input\" style=\"font-size: 0.75em\">\n\t<p><span class=\"wpcf7-form-control-wrap\" data-name=\"your-acceptance-tel\"><span class=\"wpcf7-form-control wpcf7-acceptance optional\"><span class=\"wpcf7-list-item\"><input type=\"checkbox\" name=\"your-acceptance-tel\" value=\"1\" aria-invalid=\"false\" \/><\/span><\/span><\/span>\n\t<\/p>\n\t<div>\n\t\t<p>Kontakt telefoniczny\n\t\t<\/p>\n\t<\/div>\n<\/div>\n<div style=\"font-size: 0.75em\">\n\t<p>*przez Grup\u0119 Wanicki rozumie si\u0119 nast\u0119puj\u0105ce sp\u00f3\u0142ki: Firma Wanicki sp. z o.o. z siedzib\u0105 w Mogilanach, ul. My\u015blenicka 19, 32-031 Mogilany, KRS: 0000214618; Wanicki Serwis sp. z o.o. z siedzib\u0105 w Mogilanach, ul. My\u015blenicka 19, 32.-031 Mogilany, KRS: 0000225703, MW Wanicki sp. z o.o. z siedzib\u0105 w Mogilanach, ul. My\u015blenicka 19, 32.-031 Mogilany, KRS: 0000290954; BW Wanicki sp. z o.o. z siedzib\u0105 w Mogilanach, ul. My\u015blenicka 19, 32.-031 Mogilany, KRS: 0000277732; SW Wanicki sp. z o.o. z siedzib\u0105 w Mogilanach, ul. My\u015blenicka 19, 32.-031 Mogilany, KRS: 0000318232; Nedpol Truck Service sp. z o.o. z siedzib\u0105 w Romanowie, Roman\u00f3w 10b, 42-260 Roman\u00f3w, KRS: 0000062292; WW Wanicki sp. z o.o. z siedzib\u0105 w Trzcianie, Trzciana 162, 36-071 Trzciana, KRS: 0000214811; PT Wanicki sp. z o.o. z siedzib\u0105 w Mogilanach, ul. My\u015blenicka 19, 32.-031 Mogilany, KRS: 0001069064; Wanicki Rental sp. z o.o. z siedzib\u0105 w Mogilanach, ul. My\u015blenicka 19, 32.-031 Mogilany, KRS: 0000997992.\n\t<\/p>\n<\/div>\n<p><input class=\"wpcf7-form-control wpcf7-submit has-spinner\" type=\"submit\" value=\"Prosz\u0119 o kontakt\" \/>\n<\/p><div class=\"wpcf7-response-output\" aria-hidden=\"true\"><\/div>\n<\/form>\n<\/div>\n        <\/div>\n    <\/div>\n<\/div>\n","protected":false},"excerpt":{"rendered":"","protected":false},"author":1,"featured_media":0,"parent":0,"menu_order":0,"comment_status":"closed","ping_status":"closed","template":"","meta":{"_acf_changed":false,"_seopress_robots_primary_cat":"","_seopress_titles_title":"O nas - Yanmar - Wanicki.pl","_seopress_titles_desc":"Wanicki - dealer Yanmar \u2705 Co nas wyr\u00f3\u017cnia? \u2705 Najlepszy sprz\u0119t \u2705 Profesjonalny serwis \u2705 Dost\u0119pno\u015b\u0107 oryginalnych cz\u0119\u015bci i zamiennik\u00f3w \u2705 Gwarancja od producenta","_seopress_robots_index":"","inline_featured_image":false,"footnotes":""},"class_list":["post-2196","page","type-page","status-publish","hentry"],"acf":[],"_links":{"self":[{"href":"https:\/\/wanicki.pl\/yanmar\/wp-json\/wp\/v2\/pages\/2196","targetHints":{"allow":["GET"]}}],"collection":[{"href":"https:\/\/wanicki.pl\/yanmar\/wp-json\/wp\/v2\/pages"}],"about":[{"href":"https:\/\/wanicki.pl\/yanmar\/wp-json\/wp\/v2\/types\/page"}],"author":[{"embeddable":true,"href":"https:\/\/wanicki.pl\/yanmar\/wp-json\/wp\/v2\/users\/1"}],"replies":[{"embeddable":true,"href":"https:\/\/wanicki.pl\/yanmar\/wp-json\/wp\/v2\/comments?post=2196"}],"version-history":[{"count":43,"href":"https:\/\/wanicki.pl\/yanmar\/wp-json\/wp\/v2\/pages\/2196\/revisions"}],"predecessor-version":[{"id":2316,"href":"https:\/\/wanicki.pl\/yanmar\/wp-json\/wp\/v2\/pages\/2196\/revisions\/2316"}],"wp:attachment":[{"href":"https:\/\/wanicki.pl\/yanmar\/wp-json\/wp\/v2\/media?parent=2196"}],"curies":[{"name":"wp","href":"https:\/\/api.w.org\/{rel}","templated":true}]}}