{"id":2343,"date":"2025-07-23T12:08:21","date_gmt":"2025-07-23T10:08:21","guid":{"rendered":"https:\/\/wanicki.pl\/yanmar\/?page_id=2343"},"modified":"2025-07-23T12:12:21","modified_gmt":"2025-07-23T10:12:21","slug":"klub-y-o-u","status":"publish","type":"page","link":"https:\/\/wanicki.pl\/yanmar\/klub-y-o-u\/","title":{"rendered":"Klub Y.O.U"},"content":{"rendered":"<div class=\"wp-block-wanicki-page-hero-header page-hero-header\">\n    <div class=\"page-hero-header__image page-hero-header__image--desktop\"\n          style=\"background-image: url(https:\/\/wanicki.pl\/yanmar\/wp-content\/uploads\/sites\/6\/2025\/07\/PL_Y.O.U._640x340px.jpg)\" ><\/div>\n    <div class=\"page-hero-header__image page-hero-header__image--mobile\"\n          style=\"background-image: url(https:\/\/wanicki.pl\/yanmar\/wp-content\/uploads\/sites\/6\/2025\/07\/PL_Y.O.U._640x340px.jpg)\"\n            >\n    <\/div>\n    <div class=\"page-hero-header__container container\">\n        <h1 class=\"page-hero-header__title\">STA\u0143 SI\u0118 CZ\u0118\u015aCI\u0104 SPO\u0141ECZNO\u015aCI <br><strong>YANMAR<\/strong><\/h1>\n                    <div class=\"page-hero-header__subtitle\"><p>Klub Y.O.U &#8211; wszystko co potrzebujesz w jednym miejscu<\/p>\n<\/div>\n                    <\/div>\n<\/div>\n\n\n<div class=\"wp-block-wanicki-image-with-text image-with-text  image-with-text--reversed \">\n\n    <div class=\"image-with-text__image\">\n                    <div class=\"image-with-text__image-photo\"\n                 style=\"background-image: url(https:\/\/wanicki.pl\/yanmar\/wp-content\/uploads\/sites\/6\/2025\/07\/you-club-story_1080x1920px_pl-e1753265529326.jpg)\"><\/div>\n            <\/div>\n\n    <div class=\"image-with-text__info  image-with-text__info--reversed   image-with-text__info--white \">\n                    <div class=\"image-with-text__info-title-wrapper\">\n                <h2 class=\"image-with-text__info-title image-with-text__info-title--big\">Yanmar Operators United<\/h2>\n                                    <\/div>\n                            <div class=\"image-with-text__info-text\">\n                <p>Poznaj now\u0105 platform\u0119 internetow\u0105 stworzon\u0105 z my\u015bl\u0105 o operatorach maszyn z ca\u0142ej Europy \u2013 <strong data-start=\"90\" data-end=\"131\">Yanmar Operators United (Y.O.U. Club)<\/strong>.<\/p>\n<p>To wyj\u0105tkowe miejsce, gdzie u\u017cytkownicy zyskuj\u0105 dost\u0119p do specjalnych materia\u0142\u00f3w, mog\u0105 zdobywa\u0107 punkty za udzia\u0142 w quizach, dodawa\u0107 zdj\u0119\u0107 oraz przegl\u0105da\u0107 najnowsze artyku\u0142y.<\/p>\n<p><strong>Na najbardziej aktywnych cz\u0142onk\u00f3w czekaj\u0105 atrakcyjne nagrody!<\/strong><\/p>\n\n            <\/div>\n                        \n    <\/div>\n\n<\/div>\n\n\n<div class=\"wp-block-wanicki-image-with-text image-with-text \">\n\n    <div class=\"image-with-text__image\">\n                    <div class=\"image-with-text__image-photo\"\n                 style=\"background-image: url(https:\/\/wanicki.pl\/yanmar\/wp-content\/uploads\/sites\/6\/2025\/07\/YOU-club.png)\"><\/div>\n            <\/div>\n\n    <div class=\"image-with-text__info   image-with-text__info--white \">\n                    <div class=\"image-with-text__info-title-wrapper\">\n                <h2 class=\"image-with-text__info-title image-with-text__info-title--big\">ZGARNIJ PAKIET POWITALNY<\/h2>\n                                    <\/div>\n                            <div class=\"image-with-text__info-text\">\n                <p data-start=\"0\" data-end=\"154\">Po do\u0142\u0105czeniu do klubu Y.O.U. otrzymujesz pakiet powitalny oraz dost\u0119p do ekskluzywnej kolekcji produkt\u00f3w Y.O.U. dost\u0119pnych tylko w naszym sklepie online.<\/p>\n<p data-start=\"156\" data-end=\"335\" data-is-last-node=\"\" data-is-only-node=\"\">Niezale\u017cnie od tego, czy pracujesz z maszynami Yanmar od lat, czy dopiero zaczynasz swoj\u0105 przygod\u0119, do\u0142\u0105cz do naszej spo\u0142eczno\u015bci i pobierz aplikacj\u0119 internetow\u0105 Y.O.U. ju\u017c teraz!<\/p>\n\n            <\/div>\n                        \n    <\/div>\n\n<\/div>\n\n\n<div class=\"wp-block-wanicki-cta-banner cta-banner\">\n    <div class=\"container\">\n        <div class=\"cta-banner__container\">\n            <div class=\"cta-banner__image\"\n                  style=\"background-image: url(https:\/\/wanicki.pl\/yanmar\/wp-content\/uploads\/sites\/6\/2025\/07\/PL_Y.O.U._640x340px.jpg)\"             ><\/div>\n            <h2 class=\"cta-banner__title\">Masz sprz\u0119t Yanmar? Do\u0142\u0105cz do Y.O.U club!\u200b<\/h2>\n                                    <div class=\"cta-banner__buttons\">\n                                                                <a\n                            href=\"https:\/\/www.yanmar-operators-united.com\/en\/login?display_message=true\"\n                            class=\"btn cta-banner__button \"\n                                                        target=\"_blank\"\n                        >\n                            ZAREJESTRUJ SI\u0118\n                        <\/a>\n                                    <\/div>\n                    <\/div>\n    <\/div>\n<\/div>\n","protected":false},"excerpt":{"rendered":"","protected":false},"author":4,"featured_media":0,"parent":0,"menu_order":0,"comment_status":"closed","ping_status":"closed","template":"","meta":{"_acf_changed":false,"_seopress_robots_primary_cat":"","_seopress_titles_title":"KLUB Y.O.U- Yanmar - Wanicki.pl","_seopress_titles_desc":"Wanicki - dealer Yanmar \u2705 Oryginalne cz\u0119\u015bci i akcesoria do koparek Yanmar \u2705 Klub dla operator\u00f3w koparek \u2705 Oryginalne akcesoria \u2705Sprawd\u017a ofert\u0119","_seopress_robots_index":"","inline_featured_image":false,"footnotes":""},"class_list":["post-2343","page","type-page","status-publish","hentry"],"acf":[],"_links":{"self":[{"href":"https:\/\/wanicki.pl\/yanmar\/wp-json\/wp\/v2\/pages\/2343","targetHints":{"allow":["GET"]}}],"collection":[{"href":"https:\/\/wanicki.pl\/yanmar\/wp-json\/wp\/v2\/pages"}],"about":[{"href":"https:\/\/wanicki.pl\/yanmar\/wp-json\/wp\/v2\/types\/page"}],"author":[{"embeddable":true,"href":"https:\/\/wanicki.pl\/yanmar\/wp-json\/wp\/v2\/users\/4"}],"replies":[{"embeddable":true,"href":"https:\/\/wanicki.pl\/yanmar\/wp-json\/wp\/v2\/comments?post=2343"}],"version-history":[{"count":2,"href":"https:\/\/wanicki.pl\/yanmar\/wp-json\/wp\/v2\/pages\/2343\/revisions"}],"predecessor-version":[{"id":2354,"href":"https:\/\/wanicki.pl\/yanmar\/wp-json\/wp\/v2\/pages\/2343\/revisions\/2354"}],"wp:attachment":[{"href":"https:\/\/wanicki.pl\/yanmar\/wp-json\/wp\/v2\/media?parent=2343"}],"curies":[{"name":"wp","href":"https:\/\/api.w.org\/{rel}","templated":true}]}}